{"id":1250,"date":"2025-02-26T16:53:46","date_gmt":"2025-02-26T14:53:46","guid":{"rendered":"https:\/\/www.salvador-dali.org\/?page_id=1250"},"modified":"2025-06-26T16:39:01","modified_gmt":"2025-06-26T14:39:01","slug":"escriptura","status":"publish","type":"page","link":"https:\/\/www.salvador-dali.org\/ca\/dali-i-gala\/dali-artista-total\/escriptura\/","title":{"rendered":"Obra escrita"},"content":{"rendered":"\n<div class=\"wp-block-columns global-column is-layout-flex wp-container-core-columns-is-layout-9d6595d7 wp-block-columns-is-layout-flex\">\n<div class=\"wp-block-column is-layout-flow wp-block-column-is-layout-flow\">\n<p class=\"entradeta\">Aquesta \u00e9s potser una de les facetes de Salvador Dal\u00ed que \u00e9s encara menys coneguda. Destaquen els textos autobiogr\u00e0fics, des dels seus primers diaris, datats vers el 1919, passant per la seva \u00abautobiografia\u00bb <em>La vida secreta de Salvador Dal\u00ed<\/em>, publicada l\u2019any 1942, i <em>Diari d\u2019un geni<\/em>, del 1964, fins a les <em>Confessions inconfessables<\/em> del 1973. Els seus assaigs, especialment prol\u00edfics des de finals dels anys vint i durant la d\u00e8cada dels trenta, representen un corpus te\u00f2ric de primer nivell per entendre la seva obra i pensament, aix\u00ed com la comprensi\u00f3 que tenia de la creaci\u00f3 art\u00edstica i la hist\u00f2ria de l\u2019art. Les seves col\u00b7laboracions amb la premsa escrita tamb\u00e9 s\u00f3n molt notables i experimenten un auge significatiu a partir de la seva etapa americana. El 1945 funda el <em>Dal\u00ed News<\/em>, un diari per promocionar la seva obra i tamb\u00e9 el seu personatge.<\/p>\n\n\n\n\n<script>var is_masonry=false;<\/script>\t\t\t\t\t<div class=\"swiper coeli-swiper-heritageobject coeli-swiper-agrupacions coeli-swiper-7537\" \t\t\t\tid=\"coeli-swiper-7537\">\n\t\t\t\t<!-- Additional required wrapper -->\n\t\t\t\t<ul class=\"swiper-wrapper coeli-result-list\" id=\"coeli-ul-agrupacio-7537\">\n\t\t\t\t\t<!-- Slides -->\n\t\t\t\t\t\t\t\t\t\t\t<li id=\"15478\"\n\t\t\t\t\t\t\tclass=\"swiper-slide s-3 t-1 m-3\"><a href=\"https:\/\/www.salvador-dali.org\/heritageobject\/15478\/\"><figure class=\"image portraitmedia-medium\"><img decoding=\"async\" alt=\"\" src=\"https:\/\/d1i5r06pd82mff.cloudfront.net\/public\/DigitalAsset\/201705ff-509d-8341-99d5-3418b4056897\/6ab502f69c4cbcdda290db49842c6dba\/full\/medium\/0\/default.jpg\"><\/figure><p class=\"coeli-title\">The Secret Life of Salvador Dal\u00ed<\/p><p class=\"coeli-production-actorsinrole-actors\">Dal\u00ed, Salvador<\/p><p class=\"coeli-production-date\">1942<\/p><\/a><\/li>\n\t\t\t\t\t\t\t\t\t\t\t<li id=\"3619\"\n\t\t\t\t\t\t\tclass=\"swiper-slide s-3 t-1 m-3\"><a href=\"https:\/\/www.salvador-dali.org\/heritageobject\/3619\/\"><figure class=\"image portraitmedia-medium\"><img decoding=\"async\" alt=\"\" src=\"https:\/\/d1i5r06pd82mff.cloudfront.net\/public\/DigitalAsset\/c8559782-10c1-7778-d16d-1055511864b6\/5d382cf7cca4e0911bffa47b923d2dd0\/full\/medium\/0\/default.jpg\"><\/figure><p class=\"coeli-title\">Il\u00b7lustraci\u00f3 per a la sobrecoberta del llibre &#8220;Hidden Faces&#8221;<\/p><p class=\"coeli-production-actorsinrole-actors\">Dal\u00ed i Dom\u00e8nech, Salvador<\/p><p class=\"coeli-production-date\">1944<\/p><\/a><\/li>\n\t\t\t\t\t\t\t\t\t<\/ul>\n\t\t\t\t\t\t\t\t\t\t\t\t\t<!-- If we need navigation buttons -->\n\t\t\t\t\t<div class=\"swiper-button-prev coeli-swiper-prev-7537\"><\/div>\n\t\t\t\t\t<div class=\"swiper-button-next coeli-swiper-next-7537\"><\/div>\n\t\t\t\t\t\t\t<\/div>\n\t\t\t<script>\n\t\t\t\tvar slider_args_7537= {\n\t\t\t\t\t\/\/ Optional parameters\n\t\t\t\t\tdirection: 'horizontal',\n\t\t\t\t\tbreakpoints: {\n\t\t\t\t\t\t640: {\n\t\t\t\t\t\t\tslidesPerView: 1,\n\t\t\t\t\t\t\tspaceBetween: 0,\n\t\t\t\t\t\t},\n\t\t\t\t\t\t768: {\n\t\t\t\t\t\t\tslidesPerView: 1,\n\t\t\t\t\t\t\tspaceBetween: 0,\n\t\t\t\t\t\t},\n\t\t\t\t\t\t1024: {\n\t\t\t\t\t\t\tslidesPerView: 3,\n\t\t\t\t\t\t\tspaceBetween: 0,\n\t\t\t\t\t\t},\n\t\t\t\t\t},\n\t\t\t\t\t\t\t\t\t\tautoplay: {\n\t\t\t\t\t\tdelay: 300000000,\n\t\t\t\t\t\tdisableOnInteraction: false,\n\t\t\t\t\t},\n\t\t\t\t\t\t\t\t\t\t\t\t\t\t\t\t\t\t\t\tspeed: 300,\n\t\t\t\t\t\t\t\t\t\tloop: false,\n\t\t\t\t\t\/\/ If we need pagination\n\t\t\t\t\tpagination: {\n\t\t\t\t\t\tel: '.swiper-pagination-7537',\n\t\t\t\t\t},\n\t\t\t\t\t\/\/ Navigation arrows\n\t\t\t\t\tnavigation: {\n\t\t\t\t\t\tnextEl: '.coeli-swiper-next-7537',\n\t\t\t\t\t\tprevEl: '.coeli-swiper-prev-7537',\n\t\t\t\t\t}\n\t\t\t\t}\n\t\t\t<\/script>\n\t\t<\/div>\n<\/div>\n\n\n    <div  class=\"wp-block-columns swiper-column   destacat bloc-destacats \" style=\"background-image: linear-gradient(to right, white, white)\">\n        <div class=\"wp-block-column\">\n            <div id=\"swiper-69dc5b0b93f10\" class=\"swiper destacats dues\" >\n                <div class=\"swiper-wrapper\">\n\n                                            <div class=\"swiper-slide intro\">\n                            <h2>M\u00e9s sobre l&#8217;artista total<\/h2>\n                            <div class=\"descripcio\"><p>Segueix descobrint totes les facetes del geni. Pintura, obra gr\u00e0fica, escultura i obra tridimensional, dibuix, escriptura, cinema i moda: Salvador Dal\u00ed va fer de cada disciplina una via d\u2019expressi\u00f3 singular. Amb una creativitat desbordant, va expandir els l\u00edmits de l\u2019art i del pensament. Explora com es manifesta el seu univers \u00fanic en cada llenguatge que va fer seu.<\/p>\n<\/div>\n                        <\/div>\n                    \n\n                    \n                        \n                        <div class=\"swiper-slide\">\n                                                            <div class=\"banner\" style=\"background-image: url(https:\/\/www.salvador-dali.org\/wp-content\/uploads\/2025\/02\/2642-1024x785.jpg)\">\n                                                                            <ul class=\"context\">\n                                            <li class=\"context__item\" aria-label=\"hidden\">                                            <\/li>\n                                        <\/ul>\n                                    \n                                    <h3 class=\"titol\">Pintura<\/h3>\n                                        \n                                    <div class=\"button fletxa\"><a href=\"https:\/\/www.salvador-dali.org\/ca\/dali-i-gala\/dali-artista-total\/pintura\/\">M\u00e9s informaci\u00f3<\/a><\/div>\n\n                                    \n                                <\/div>\n                                                    <\/div>\n\n                    \n                        \n                        <div class=\"swiper-slide\">\n                                                            <div class=\"banner\" style=\"background-image: url(https:\/\/www.salvador-dali.org\/wp-content\/uploads\/2025\/07\/10981-large-1-997x1024.jpg)\">\n                                                                            <ul class=\"context\">\n                                            <li class=\"context__item\" aria-label=\"hidden\">                                            <\/li>\n                                        <\/ul>\n                                    \n                                    <h3 class=\"titol\">Obra gr\u00e0fica<\/h3>\n                                        \n                                    <div class=\"button fletxa\"><a href=\"https:\/\/www.salvador-dali.org\/ca\/dali-i-gala\/dali-artista-total\/obra-grafica\/\">M\u00e9s informaci\u00f3<\/a><\/div>\n\n                                    \n                                <\/div>\n                                                    <\/div>\n\n                    \n                        \n                        <div class=\"swiper-slide\">\n                                                            <div class=\"banner\" style=\"background-image: url(https:\/\/www.salvador-dali.org\/wp-content\/uploads\/2025\/03\/A-DEMANAR-A-GETTY-e1743148537959-1024x675.jpg)\">\n                                                                            <ul class=\"context\">\n                                            <li class=\"context__item\" aria-label=\"hidden\">                                            <\/li>\n                                        <\/ul>\n                                    \n                                    <h3 class=\"titol\">Escultura i obra tridimensional<\/h3>\n                                        \n                                    <div class=\"button fletxa\"><a href=\"https:\/\/www.salvador-dali.org\/ca\/dali-i-gala\/dali-artista-total\/escultura\/\">M\u00e9s informaci\u00f3<\/a><\/div>\n\n                                    \n                                <\/div>\n                                                    <\/div>\n\n                    \n                        \n                        <div class=\"swiper-slide\">\n                                                            <div class=\"banner\" style=\"background-image: url(https:\/\/www.salvador-dali.org\/wp-content\/uploads\/2025\/02\/65089-scaled-e1741099232501-1024x661.jpg)\">\n                                                                            <ul class=\"context\">\n                                            <li class=\"context__item\" aria-label=\"hidden\">                                            <\/li>\n                                        <\/ul>\n                                    \n                                    <h3 class=\"titol\">Dibuix<\/h3>\n                                        \n                                    <div class=\"button fletxa\"><a href=\"https:\/\/www.salvador-dali.org\/ca\/dali-i-gala\/dali-artista-total\/dibuix\/\">M\u00e9s informaci\u00f3<\/a><\/div>\n\n                                    \n                                <\/div>\n                                                    <\/div>\n\n                    \n                        \n                        <div class=\"swiper-slide\">\n                                                            <div class=\"banner\" style=\"background-image: url(https:\/\/www.salvador-dali.org\/wp-content\/uploads\/2025\/05\/3-1-1024x819.jpg)\">\n                                                                            <ul class=\"context\">\n                                            <li class=\"context__item\" aria-label=\"hidden\">                                            <\/li>\n                                        <\/ul>\n                                    \n                                    <h3 class=\"titol\">Cinema<\/h3>\n                                        \n                                    <div class=\"button fletxa\"><a href=\"https:\/\/www.salvador-dali.org\/ca\/dali-i-gala\/dali-artista-total\/cinema\/\">M\u00e9s informaci\u00f3<\/a><\/div>\n\n                                    \n                                <\/div>\n                                                    <\/div>\n\n                    \n                        \n                        <div class=\"swiper-slide\">\n                                                            <div class=\"banner\" style=\"background-image: url(https:\/\/www.salvador-dali.org\/wp-content\/uploads\/2025\/05\/47835-1024x931.jpg)\">\n                                                                            <ul class=\"context\">\n                                            <li class=\"context__item\" aria-label=\"hidden\">                                            <\/li>\n                                        <\/ul>\n                                    \n                                    <h3 class=\"titol\">Moda<\/h3>\n                                        \n                                    <div class=\"button fletxa\"><a href=\"https:\/\/www.salvador-dali.org\/ca\/dali-i-gala\/dali-artista-total\/moda\/\">M\u00e9s informaci\u00f3<\/a><\/div>\n\n                                    \n                                <\/div>\n                                                    <\/div>\n\n                                    <\/div>\n                <!-- Swiper navigation buttons -->\n                <div class=\"swiper-button-prev\">\n                    <span class=\"screen-reader-text\">Diapositiva anterior<\/span>\n                <\/div>\n                <div class=\"swiper-button-next\">\n                    <span class=\"screen-reader-text\">Diapositiva seg\u00fcent<\/span>\n                <\/div>\n            <\/div>\n        <\/div>\n    <\/div>\n\n\n\n<!-- Swiper JS -->\n<script src=\"https:\/\/cdn.jsdelivr.net\/npm\/swiper@11\/swiper-bundle.min.js\"><\/script>\n\n<!-- Initialize Swiper -->\n<script>\n\njQuery( document ).ready(function() {      \n\n    Tipus = 'destacat';\n\n    updateSpaceBetween();\n    spaceBetweenInicial = 60;\n    \n    if (Tipus=='intro-images' ) {\n    \/\/    spaceBetweenValueModul = 0;\n    }\n\n\n\n    console.log(\"spaceBetweenValueModul\",spaceBetweenValueModul);\n\n    var swiper = new Swiper(\"#swiper-69dc5b0b93f10\", {\n      slidesPerView: \"auto\",\n      spaceBetween: spaceBetweenInicial,\n      \tfreeMode: true,\n\t  \tbreakpoints: {\n\t        \/\/ Quan l'amplada de la pantalla sigui major a 1024px\n\t        1024: {\n\t            spaceBetween: spaceBetweenValue,\n\t        },\n\t    },\n        \/\/ Navigation arrows\n        navigation: {\n            nextEl: '.swiper-button-next',\n            prevEl: '.swiper-button-prev',\n        },\n        mousewheel: {\n            releaseOnEdges: true,\n            forceToAxis: true,\n            sensitivity:    1,\n        },\n        a11y: {\n            prevSlideMessage: 'Diapositiva anterior',\n            nextSlideMessage: 'Diapositiva seg\u00fcent',\n        },\n    });\n\n\n \n\n\n    \/*\n    jQuery('.bloc-destacats').each(function() {\n        const nextDiv = jQuery(this).next('div');\n        if (nextDiv.hasClass('contingut-ampliat')) {\n            console.log('T\u00e9 .contingut-ampliat despr\u00e9s');\n            \/\/ Aqu\u00ed pots fer accions, per exemple:\n            \/\/ $nextDiv.addClass('marcat'); o $(this).append($nextDiv);\n        }\n    });\n    *\/\n})\n<\/script>\n\n","protected":false},"excerpt":{"rendered":"<p>Aquesta \u00e9s potser una de les facetes de Salvador Dal\u00ed que \u00e9s encara menys coneguda. Destaquen els textos autobiogr\u00e0fics, des dels seus primers diaris, datats vers el 1919, passant per la seva \u00abautobiografia\u00bb La vida secreta de Salvador Dal\u00ed, publicada l\u2019any 1942, i Diari d\u2019un geni, del 1964, fins a les Confessions inconfessables del 1973. [&hellip;]<\/p>\n","protected":false},"author":3,"featured_media":1383,"parent":67,"menu_order":4,"comment_status":"closed","ping_status":"closed","template":"","meta":{"_acf_changed":false,"_coblocks_attr":"","_coblocks_dimensions":"","_coblocks_responsive_height":"","_coblocks_accordion_ie_support":"","footnotes":""},"categories":[],"tags":[],"class_list":["post-1250","page","type-page","status-publish","has-post-thumbnail","hentry"],"acf":[],"yoast_head":"<!-- This site is optimized with the Yoast SEO plugin v27.3 - https:\/\/yoast.com\/product\/yoast-seo-wordpress\/ -->\n<title>Obra escrita - Fundaci\u00f3 Gala - Salvador Dal\u00ed<\/title>\n<meta name=\"robots\" content=\"index, follow, max-snippet:-1, max-image-preview:large, max-video-preview:-1\" \/>\n<link rel=\"canonical\" href=\"https:\/\/www.salvador-dali.org\/ca\/dali-i-gala\/dali-artista-total\/escriptura\/\" \/>\n<meta property=\"og:locale\" content=\"ca_ES\" \/>\n<meta property=\"og:type\" content=\"article\" \/>\n<meta property=\"og:title\" content=\"Obra escrita - Fundaci\u00f3 Gala - Salvador Dal\u00ed\" \/>\n<meta property=\"og:description\" content=\"Aquesta \u00e9s potser una de les facetes de Salvador Dal\u00ed que \u00e9s encara menys coneguda. Destaquen els textos autobiogr\u00e0fics, des dels seus primers diaris, datats vers el 1919, passant per la seva \u00abautobiografia\u00bb La vida secreta de Salvador Dal\u00ed, publicada l\u2019any 1942, i Diari d\u2019un geni, del 1964, fins a les Confessions inconfessables del 1973. [&hellip;]\" \/>\n<meta property=\"og:url\" content=\"https:\/\/www.salvador-dali.org\/ca\/dali-i-gala\/dali-artista-total\/escriptura\/\" \/>\n<meta property=\"og:site_name\" content=\"Fundaci\u00f3 Gala - Salvador Dal\u00ed\" \/>\n<meta property=\"article:publisher\" content=\"https:\/\/www.facebook.com\/MuseusDali\" \/>\n<meta property=\"article:modified_time\" content=\"2025-06-26T14:39:01+00:00\" \/>\n<meta property=\"og:image\" content=\"https:\/\/www.salvador-dali.org\/wp-content\/uploads\/2025\/02\/5068-e1747042033255.jpg\" \/>\n\t<meta property=\"og:image:width\" content=\"736\" \/>\n\t<meta property=\"og:image:height\" content=\"616\" \/>\n\t<meta property=\"og:image:type\" content=\"image\/jpeg\" \/>\n<meta name=\"twitter:card\" content=\"summary_large_image\" \/>\n<meta name=\"twitter:site\" content=\"@MuseuDali\" \/>\n<meta name=\"twitter:label1\" content=\"Temps estimat de lectura\" \/>\n\t<meta name=\"twitter:data1\" content=\"1 minut\" \/>\n<script type=\"application\/ld+json\" class=\"yoast-schema-graph\">{\"@context\":\"https:\\\/\\\/schema.org\",\"@graph\":[{\"@type\":\"WebPage\",\"@id\":\"https:\\\/\\\/www.salvador-dali.org\\\/ca\\\/dali-i-gala\\\/dali-artista-total\\\/escriptura\\\/\",\"url\":\"https:\\\/\\\/www.salvador-dali.org\\\/ca\\\/dali-i-gala\\\/dali-artista-total\\\/escriptura\\\/\",\"name\":\"Obra escrita - Fundaci\u00f3 Gala - Salvador Dal\u00ed\",\"isPartOf\":{\"@id\":\"https:\\\/\\\/www.salvador-dali.org\\\/ca\\\/#website\"},\"primaryImageOfPage\":{\"@id\":\"https:\\\/\\\/www.salvador-dali.org\\\/ca\\\/dali-i-gala\\\/dali-artista-total\\\/escriptura\\\/#primaryimage\"},\"image\":{\"@id\":\"https:\\\/\\\/www.salvador-dali.org\\\/ca\\\/dali-i-gala\\\/dali-artista-total\\\/escriptura\\\/#primaryimage\"},\"thumbnailUrl\":\"https:\\\/\\\/www.salvador-dali.org\\\/wp-content\\\/uploads\\\/2025\\\/02\\\/5068-e1747042033255.jpg\",\"datePublished\":\"2025-02-26T14:53:46+00:00\",\"dateModified\":\"2025-06-26T14:39:01+00:00\",\"breadcrumb\":{\"@id\":\"https:\\\/\\\/www.salvador-dali.org\\\/ca\\\/dali-i-gala\\\/dali-artista-total\\\/escriptura\\\/#breadcrumb\"},\"inLanguage\":\"ca\",\"potentialAction\":[{\"@type\":\"ReadAction\",\"target\":[\"https:\\\/\\\/www.salvador-dali.org\\\/ca\\\/dali-i-gala\\\/dali-artista-total\\\/escriptura\\\/\"]}]},{\"@type\":\"ImageObject\",\"inLanguage\":\"ca\",\"@id\":\"https:\\\/\\\/www.salvador-dali.org\\\/ca\\\/dali-i-gala\\\/dali-artista-total\\\/escriptura\\\/#primaryimage\",\"url\":\"https:\\\/\\\/www.salvador-dali.org\\\/wp-content\\\/uploads\\\/2025\\\/02\\\/5068-e1747042033255.jpg\",\"contentUrl\":\"https:\\\/\\\/www.salvador-dali.org\\\/wp-content\\\/uploads\\\/2025\\\/02\\\/5068-e1747042033255.jpg\",\"width\":736,\"height\":616,\"caption\":\"Salvador Dal\u00ed escrivint La vida secreta de Salvador Dal\u00ed a Hampton Manor, Virginia, 1941. Eric Schaal \u00a9 Drets d\u2019imatge de Salvador Dal\u00ed reservats. Fundaci\u00f3 Gala-Salvador Dal\u00ed, Figueres, 2025\"},{\"@type\":\"BreadcrumbList\",\"@id\":\"https:\\\/\\\/www.salvador-dali.org\\\/ca\\\/dali-i-gala\\\/dali-artista-total\\\/escriptura\\\/#breadcrumb\",\"itemListElement\":[{\"@type\":\"ListItem\",\"position\":1,\"name\":\"Inici\",\"item\":\"https:\\\/\\\/www.salvador-dali.org\\\/ca\\\/\"},{\"@type\":\"ListItem\",\"position\":2,\"name\":\"Obra escrita\"}]},{\"@type\":\"WebSite\",\"@id\":\"https:\\\/\\\/www.salvador-dali.org\\\/ca\\\/#website\",\"url\":\"https:\\\/\\\/www.salvador-dali.org\\\/ca\\\/\",\"name\":\"Fundaci\u00f3 Gala - Salvador Dal\u00ed\",\"description\":\"\",\"publisher\":{\"@id\":\"https:\\\/\\\/www.salvador-dali.org\\\/ca\\\/#organization\"},\"potentialAction\":[{\"@type\":\"SearchAction\",\"target\":{\"@type\":\"EntryPoint\",\"urlTemplate\":\"https:\\\/\\\/www.salvador-dali.org\\\/ca\\\/?s={search_term_string}\"},\"query-input\":{\"@type\":\"PropertyValueSpecification\",\"valueRequired\":true,\"valueName\":\"search_term_string\"}}],\"inLanguage\":\"ca\"},{\"@type\":\"Organization\",\"@id\":\"https:\\\/\\\/www.salvador-dali.org\\\/ca\\\/#organization\",\"name\":\"Fundaci\u00f3 Gala - Salvador Dal\u00ed\",\"url\":\"https:\\\/\\\/www.salvador-dali.org\\\/ca\\\/\",\"logo\":{\"@type\":\"ImageObject\",\"inLanguage\":\"ca\",\"@id\":\"https:\\\/\\\/www.salvador-dali.org\\\/ca\\\/#\\\/schema\\\/logo\\\/image\\\/\",\"url\":\"https:\\\/\\\/www.salvador-dali.org\\\/wp-content\\\/uploads\\\/2025\\\/04\\\/fundacio-gala-salvador-dali.png\",\"contentUrl\":\"https:\\\/\\\/www.salvador-dali.org\\\/wp-content\\\/uploads\\\/2025\\\/04\\\/fundacio-gala-salvador-dali.png\",\"width\":240,\"height\":240,\"caption\":\"Fundaci\u00f3 Gala - Salvador Dal\u00ed\"},\"image\":{\"@id\":\"https:\\\/\\\/www.salvador-dali.org\\\/ca\\\/#\\\/schema\\\/logo\\\/image\\\/\"},\"sameAs\":[\"https:\\\/\\\/www.facebook.com\\\/MuseusDali\",\"https:\\\/\\\/x.com\\\/MuseuDali\",\"https:\\\/\\\/www.youtube.com\\\/user\\\/FundacioDali\",\"https:\\\/\\\/www.flickr.com\\\/fundacio_dali\\\/\",\"https:\\\/\\\/instagram.com\\\/museudali\"]}]}<\/script>\n<!-- \/ Yoast SEO plugin. -->","yoast_head_json":{"title":"Obra escrita - Fundaci\u00f3 Gala - Salvador Dal\u00ed","robots":{"index":"index","follow":"follow","max-snippet":"max-snippet:-1","max-image-preview":"max-image-preview:large","max-video-preview":"max-video-preview:-1"},"canonical":"https:\/\/www.salvador-dali.org\/ca\/dali-i-gala\/dali-artista-total\/escriptura\/","og_locale":"ca_ES","og_type":"article","og_title":"Obra escrita - Fundaci\u00f3 Gala - Salvador Dal\u00ed","og_description":"Aquesta \u00e9s potser una de les facetes de Salvador Dal\u00ed que \u00e9s encara menys coneguda. Destaquen els textos autobiogr\u00e0fics, des dels seus primers diaris, datats vers el 1919, passant per la seva \u00abautobiografia\u00bb La vida secreta de Salvador Dal\u00ed, publicada l\u2019any 1942, i Diari d\u2019un geni, del 1964, fins a les Confessions inconfessables del 1973. [&hellip;]","og_url":"https:\/\/www.salvador-dali.org\/ca\/dali-i-gala\/dali-artista-total\/escriptura\/","og_site_name":"Fundaci\u00f3 Gala - Salvador Dal\u00ed","article_publisher":"https:\/\/www.facebook.com\/MuseusDali","article_modified_time":"2025-06-26T14:39:01+00:00","og_image":[{"width":736,"height":616,"url":"https:\/\/www.salvador-dali.org\/wp-content\/uploads\/2025\/02\/5068-e1747042033255.jpg","type":"image\/jpeg"}],"twitter_card":"summary_large_image","twitter_site":"@MuseuDali","twitter_misc":{"Temps estimat de lectura":"1 minut"},"schema":{"@context":"https:\/\/schema.org","@graph":[{"@type":"WebPage","@id":"https:\/\/www.salvador-dali.org\/ca\/dali-i-gala\/dali-artista-total\/escriptura\/","url":"https:\/\/www.salvador-dali.org\/ca\/dali-i-gala\/dali-artista-total\/escriptura\/","name":"Obra escrita - Fundaci\u00f3 Gala - Salvador Dal\u00ed","isPartOf":{"@id":"https:\/\/www.salvador-dali.org\/ca\/#website"},"primaryImageOfPage":{"@id":"https:\/\/www.salvador-dali.org\/ca\/dali-i-gala\/dali-artista-total\/escriptura\/#primaryimage"},"image":{"@id":"https:\/\/www.salvador-dali.org\/ca\/dali-i-gala\/dali-artista-total\/escriptura\/#primaryimage"},"thumbnailUrl":"https:\/\/www.salvador-dali.org\/wp-content\/uploads\/2025\/02\/5068-e1747042033255.jpg","datePublished":"2025-02-26T14:53:46+00:00","dateModified":"2025-06-26T14:39:01+00:00","breadcrumb":{"@id":"https:\/\/www.salvador-dali.org\/ca\/dali-i-gala\/dali-artista-total\/escriptura\/#breadcrumb"},"inLanguage":"ca","potentialAction":[{"@type":"ReadAction","target":["https:\/\/www.salvador-dali.org\/ca\/dali-i-gala\/dali-artista-total\/escriptura\/"]}]},{"@type":"ImageObject","inLanguage":"ca","@id":"https:\/\/www.salvador-dali.org\/ca\/dali-i-gala\/dali-artista-total\/escriptura\/#primaryimage","url":"https:\/\/www.salvador-dali.org\/wp-content\/uploads\/2025\/02\/5068-e1747042033255.jpg","contentUrl":"https:\/\/www.salvador-dali.org\/wp-content\/uploads\/2025\/02\/5068-e1747042033255.jpg","width":736,"height":616,"caption":"Salvador Dal\u00ed escrivint La vida secreta de Salvador Dal\u00ed a Hampton Manor, Virginia, 1941. Eric Schaal \u00a9 Drets d\u2019imatge de Salvador Dal\u00ed reservats. Fundaci\u00f3 Gala-Salvador Dal\u00ed, Figueres, 2025"},{"@type":"BreadcrumbList","@id":"https:\/\/www.salvador-dali.org\/ca\/dali-i-gala\/dali-artista-total\/escriptura\/#breadcrumb","itemListElement":[{"@type":"ListItem","position":1,"name":"Inici","item":"https:\/\/www.salvador-dali.org\/ca\/"},{"@type":"ListItem","position":2,"name":"Obra escrita"}]},{"@type":"WebSite","@id":"https:\/\/www.salvador-dali.org\/ca\/#website","url":"https:\/\/www.salvador-dali.org\/ca\/","name":"Fundaci\u00f3 Gala - Salvador Dal\u00ed","description":"","publisher":{"@id":"https:\/\/www.salvador-dali.org\/ca\/#organization"},"potentialAction":[{"@type":"SearchAction","target":{"@type":"EntryPoint","urlTemplate":"https:\/\/www.salvador-dali.org\/ca\/?s={search_term_string}"},"query-input":{"@type":"PropertyValueSpecification","valueRequired":true,"valueName":"search_term_string"}}],"inLanguage":"ca"},{"@type":"Organization","@id":"https:\/\/www.salvador-dali.org\/ca\/#organization","name":"Fundaci\u00f3 Gala - Salvador Dal\u00ed","url":"https:\/\/www.salvador-dali.org\/ca\/","logo":{"@type":"ImageObject","inLanguage":"ca","@id":"https:\/\/www.salvador-dali.org\/ca\/#\/schema\/logo\/image\/","url":"https:\/\/www.salvador-dali.org\/wp-content\/uploads\/2025\/04\/fundacio-gala-salvador-dali.png","contentUrl":"https:\/\/www.salvador-dali.org\/wp-content\/uploads\/2025\/04\/fundacio-gala-salvador-dali.png","width":240,"height":240,"caption":"Fundaci\u00f3 Gala - Salvador Dal\u00ed"},"image":{"@id":"https:\/\/www.salvador-dali.org\/ca\/#\/schema\/logo\/image\/"},"sameAs":["https:\/\/www.facebook.com\/MuseusDali","https:\/\/x.com\/MuseuDali","https:\/\/www.youtube.com\/user\/FundacioDali","https:\/\/www.flickr.com\/fundacio_dali\/","https:\/\/instagram.com\/museudali"]}]}},"_links":{"self":[{"href":"https:\/\/www.salvador-dali.org\/ca\/wp-json\/wp\/v2\/pages\/1250","targetHints":{"allow":["GET"]}}],"collection":[{"href":"https:\/\/www.salvador-dali.org\/ca\/wp-json\/wp\/v2\/pages"}],"about":[{"href":"https:\/\/www.salvador-dali.org\/ca\/wp-json\/wp\/v2\/types\/page"}],"author":[{"embeddable":true,"href":"https:\/\/www.salvador-dali.org\/ca\/wp-json\/wp\/v2\/users\/3"}],"replies":[{"embeddable":true,"href":"https:\/\/www.salvador-dali.org\/ca\/wp-json\/wp\/v2\/comments?post=1250"}],"version-history":[{"count":0,"href":"https:\/\/www.salvador-dali.org\/ca\/wp-json\/wp\/v2\/pages\/1250\/revisions"}],"up":[{"embeddable":true,"href":"https:\/\/www.salvador-dali.org\/ca\/wp-json\/wp\/v2\/pages\/67"}],"wp:featuredmedia":[{"embeddable":true,"href":"https:\/\/www.salvador-dali.org\/ca\/wp-json\/wp\/v2\/media\/1383"}],"wp:attachment":[{"href":"https:\/\/www.salvador-dali.org\/ca\/wp-json\/wp\/v2\/media?parent=1250"}],"wp:term":[{"taxonomy":"category","embeddable":true,"href":"https:\/\/www.salvador-dali.org\/ca\/wp-json\/wp\/v2\/categories?post=1250"},{"taxonomy":"post_tag","embeddable":true,"href":"https:\/\/www.salvador-dali.org\/ca\/wp-json\/wp\/v2\/tags?post=1250"}],"curies":[{"name":"wp","href":"https:\/\/api.w.org\/{rel}","templated":true}]}}