{"id":14270,"date":"2025-12-10T08:55:00","date_gmt":"2025-12-10T07:55:00","guid":{"rendered":"https:\/\/www.salvador-dali.org\/fundacio-dali\/dali-fellowship-programme\/"},"modified":"2026-03-26T10:12:01","modified_gmt":"2026-03-26T09:12:01","slug":"dali-fellowship-programme","status":"publish","type":"page","link":"https:\/\/www.salvador-dali.org\/ca\/fundacio-dali\/beques\/dali-fellowship-programme\/","title":{"rendered":"Dal\u00ed Fellowship Programme"},"content":{"rendered":"\n<div class=\"wp-block-columns col-text col-2 is-layout-flex wp-container-core-columns-is-layout-9d6595d7 wp-block-columns-is-layout-flex\">\n<div class=\"wp-block-column is-layout-flow wp-block-column-is-layout-flow\">\n<h2 class=\"wp-block-heading\">El programa<\/h2>\n<\/div>\n\n\n\n<div class=\"wp-block-column is-layout-flow wp-block-column-is-layout-flow\">\n<p>La Fundaci\u00f3 Gala-Salvador Dal\u00ed (FGSD) ha creat el programa de beques i recerca <em>Dal\u00ed Fellowship Programme<\/em>, que t\u00e9 com a objectius, entre d\u2019altres, promoure la recerca de l\u2019obra i el pensament de Salvador Dal\u00ed, generar aliances amb universitats i institucions reconegudes i contribuir a l\u2019intercanvi de coneixements a trav\u00e9s d\u2019investigadors i estudiosos de l\u2019artista.<\/p>\n\n\n\n<p>Aquest 2026 s&#8217;ha obert la primera convocat\u00f2ria del <em>Dal\u00ed Fellowship Programme<\/em> per mitj\u00e0 de la concessi\u00f3 de dues beques individuals a investigadors i estudiosos destinades a l\u2019elaboraci\u00f3 de projectes de recerca, preferentment en els \u00e0mbits tem\u00e0tics seg\u00fcents:<\/p>\n\n\n\n<ul class=\"wp-block-list\">\n<li>Dal\u00ed, l\u2019arquitectura i l\u2019escenografia<\/li>\n\n\n\n<li>Dal\u00ed performatiu<\/li>\n\n\n\n<li>Dal\u00ed i la ci\u00e8ncia<\/li>\n\n\n\n<li>Dal\u00ed i la cultura material<\/li>\n\n\n\n<li>Dal\u00ed i la moda<\/li>\n\n\n\n<li>Ressons de Dal\u00ed en l\u2019art contemporani<\/li>\n<\/ul>\n\n\n\n<p>El programa de beques ofereix a les persones seleccionades l\u2019oportunitat de fer la seva recerca a la seu de la FGSD a Figueres, just al costat del Teatre-Museu Dal\u00ed. Les persones benefici\u00e0ries tindran, entre altres avantatges, facilitats especials en l\u2019\u00fas dels recursos i bases de dades documentals, bibliogr\u00e0fics i digitals de la FGSD, un seguiment tutoritzat per part d\u2019una persona especialitzada de la FGSD propera a l\u2019\u00e0mbit del projecte i un espai de treball a la seu de la FGSD, com tamb\u00e9 facilitats d\u2019allotjament.<\/p>\n\n\n\n<p><strong><a href=\"https:\/\/www.salvador-dali.org\/wp-content\/uploads\/2025\/12\/CA_Convocatoria_2026.pdf\">Descarrega les bases de la convocat\u00f2ria 2026 (PDF)<\/a><\/strong><\/p>\n<\/div>\n<\/div>\n\n\n\n<div class=\"wp-block-columns col-text col-2 is-layout-flex wp-container-core-columns-is-layout-9d6595d7 wp-block-columns-is-layout-flex\">\n<div class=\"wp-block-column is-layout-flow wp-block-column-is-layout-flow\">\n<h2 class=\"wp-block-heading\">Resoluci\u00f3 de la convocat\u00f2ria 2026<\/h2>\n<\/div>\n\n\n\n<div class=\"wp-block-column is-layout-flow wp-block-column-is-layout-flow\">\n<p>La Fundaci\u00f3 Gala-Salvador Dal\u00ed resol la convocat\u00f2ria 2026 del Dal\u00ed Fellowship Programme.<\/p>\n\n\n\n<p><strong><a href=\"https:\/\/www.salvador-dali.org\/wp-content\/uploads\/2026\/03\/Resolucio_Convocatoria_2026_DFP_CAT-1.pdf\">Descarrega la resoluci\u00f3 de la convocat\u00f2ria 2026 (PDF)<\/a><\/strong><\/p>\n<\/div>\n<\/div>\n","protected":false},"excerpt":{"rendered":"<p>El programa La Fundaci\u00f3 Gala-Salvador Dal\u00ed (FGSD) ha creat el programa de beques i recerca Dal\u00ed Fellowship Programme, que t\u00e9 com a objectius, entre d\u2019altres, promoure la recerca de l\u2019obra i el pensament de Salvador Dal\u00ed, generar aliances amb universitats i institucions reconegudes i contribuir a l\u2019intercanvi de coneixements a trav\u00e9s d\u2019investigadors i estudiosos de [&hellip;]<\/p>\n","protected":false},"author":3,"featured_media":1383,"parent":14274,"menu_order":0,"comment_status":"closed","ping_status":"closed","template":"","meta":{"_acf_changed":false,"_coblocks_attr":"","_coblocks_dimensions":"","_coblocks_responsive_height":"","_coblocks_accordion_ie_support":"","footnotes":""},"categories":[],"tags":[],"class_list":["post-14270","page","type-page","status-publish","has-post-thumbnail","hentry"],"acf":[],"yoast_head":"<!-- This site is optimized with the Yoast SEO plugin v27.3 - https:\/\/yoast.com\/product\/yoast-seo-wordpress\/ -->\n<title>Dal\u00ed Fellowship Programme - Fundaci\u00f3 Gala - Salvador Dal\u00ed<\/title>\n<meta name=\"robots\" content=\"index, follow, max-snippet:-1, max-image-preview:large, max-video-preview:-1\" \/>\n<link rel=\"canonical\" href=\"https:\/\/www.salvador-dali.org\/ca\/fundacio-dali\/beques\/dali-fellowship-programme\/\" \/>\n<meta property=\"og:locale\" content=\"ca_ES\" \/>\n<meta property=\"og:type\" content=\"article\" \/>\n<meta property=\"og:title\" content=\"Dal\u00ed Fellowship Programme - Fundaci\u00f3 Gala - Salvador Dal\u00ed\" \/>\n<meta property=\"og:description\" content=\"El programa La Fundaci\u00f3 Gala-Salvador Dal\u00ed (FGSD) ha creat el programa de beques i recerca Dal\u00ed Fellowship Programme, que t\u00e9 com a objectius, entre d\u2019altres, promoure la recerca de l\u2019obra i el pensament de Salvador Dal\u00ed, generar aliances amb universitats i institucions reconegudes i contribuir a l\u2019intercanvi de coneixements a trav\u00e9s d\u2019investigadors i estudiosos de [&hellip;]\" \/>\n<meta property=\"og:url\" content=\"https:\/\/www.salvador-dali.org\/ca\/fundacio-dali\/beques\/dali-fellowship-programme\/\" \/>\n<meta property=\"og:site_name\" content=\"Fundaci\u00f3 Gala - Salvador Dal\u00ed\" \/>\n<meta property=\"article:publisher\" content=\"https:\/\/www.facebook.com\/MuseusDali\" \/>\n<meta property=\"article:modified_time\" content=\"2026-03-26T09:12:01+00:00\" \/>\n<meta property=\"og:image\" content=\"https:\/\/www.salvador-dali.org\/wp-content\/uploads\/2025\/02\/5068-e1747042033255.jpg\" \/>\n\t<meta property=\"og:image:width\" content=\"736\" \/>\n\t<meta property=\"og:image:height\" content=\"616\" \/>\n\t<meta property=\"og:image:type\" content=\"image\/jpeg\" \/>\n<meta name=\"twitter:card\" content=\"summary_large_image\" \/>\n<meta name=\"twitter:site\" content=\"@MuseuDali\" \/>\n<meta name=\"twitter:label1\" content=\"Temps estimat de lectura\" \/>\n\t<meta name=\"twitter:data1\" content=\"2 minuts\" \/>\n<script type=\"application\/ld+json\" class=\"yoast-schema-graph\">{\"@context\":\"https:\\\/\\\/schema.org\",\"@graph\":[{\"@type\":\"WebPage\",\"@id\":\"https:\\\/\\\/www.salvador-dali.org\\\/ca\\\/fundacio-dali\\\/beques\\\/dali-fellowship-programme\\\/\",\"url\":\"https:\\\/\\\/www.salvador-dali.org\\\/ca\\\/fundacio-dali\\\/beques\\\/dali-fellowship-programme\\\/\",\"name\":\"Dal\u00ed Fellowship Programme - Fundaci\u00f3 Gala - Salvador Dal\u00ed\",\"isPartOf\":{\"@id\":\"https:\\\/\\\/www.salvador-dali.org\\\/ca\\\/#website\"},\"primaryImageOfPage\":{\"@id\":\"https:\\\/\\\/www.salvador-dali.org\\\/ca\\\/fundacio-dali\\\/beques\\\/dali-fellowship-programme\\\/#primaryimage\"},\"image\":{\"@id\":\"https:\\\/\\\/www.salvador-dali.org\\\/ca\\\/fundacio-dali\\\/beques\\\/dali-fellowship-programme\\\/#primaryimage\"},\"thumbnailUrl\":\"https:\\\/\\\/www.salvador-dali.org\\\/wp-content\\\/uploads\\\/2025\\\/02\\\/5068-e1747042033255.jpg\",\"datePublished\":\"2025-12-10T07:55:00+00:00\",\"dateModified\":\"2026-03-26T09:12:01+00:00\",\"breadcrumb\":{\"@id\":\"https:\\\/\\\/www.salvador-dali.org\\\/ca\\\/fundacio-dali\\\/beques\\\/dali-fellowship-programme\\\/#breadcrumb\"},\"inLanguage\":\"ca\",\"potentialAction\":[{\"@type\":\"ReadAction\",\"target\":[\"https:\\\/\\\/www.salvador-dali.org\\\/ca\\\/fundacio-dali\\\/beques\\\/dali-fellowship-programme\\\/\"]}]},{\"@type\":\"ImageObject\",\"inLanguage\":\"ca\",\"@id\":\"https:\\\/\\\/www.salvador-dali.org\\\/ca\\\/fundacio-dali\\\/beques\\\/dali-fellowship-programme\\\/#primaryimage\",\"url\":\"https:\\\/\\\/www.salvador-dali.org\\\/wp-content\\\/uploads\\\/2025\\\/02\\\/5068-e1747042033255.jpg\",\"contentUrl\":\"https:\\\/\\\/www.salvador-dali.org\\\/wp-content\\\/uploads\\\/2025\\\/02\\\/5068-e1747042033255.jpg\",\"width\":736,\"height\":616,\"caption\":\"Salvador Dal\u00ed escrivint La vida secreta de Salvador Dal\u00ed a Hampton Manor, Virginia, 1941. Eric Schaal \u00a9 Drets d\u2019imatge de Salvador Dal\u00ed reservats. Fundaci\u00f3 Gala-Salvador Dal\u00ed, Figueres, 2025\"},{\"@type\":\"BreadcrumbList\",\"@id\":\"https:\\\/\\\/www.salvador-dali.org\\\/ca\\\/fundacio-dali\\\/beques\\\/dali-fellowship-programme\\\/#breadcrumb\",\"itemListElement\":[{\"@type\":\"ListItem\",\"position\":1,\"name\":\"Inici\",\"item\":\"https:\\\/\\\/www.salvador-dali.org\\\/ca\\\/\"},{\"@type\":\"ListItem\",\"position\":2,\"name\":\"Dal\u00ed Fellowship Programme\"}]},{\"@type\":\"WebSite\",\"@id\":\"https:\\\/\\\/www.salvador-dali.org\\\/ca\\\/#website\",\"url\":\"https:\\\/\\\/www.salvador-dali.org\\\/ca\\\/\",\"name\":\"Fundaci\u00f3 Gala - Salvador Dal\u00ed\",\"description\":\"\",\"publisher\":{\"@id\":\"https:\\\/\\\/www.salvador-dali.org\\\/ca\\\/#organization\"},\"potentialAction\":[{\"@type\":\"SearchAction\",\"target\":{\"@type\":\"EntryPoint\",\"urlTemplate\":\"https:\\\/\\\/www.salvador-dali.org\\\/ca\\\/?s={search_term_string}\"},\"query-input\":{\"@type\":\"PropertyValueSpecification\",\"valueRequired\":true,\"valueName\":\"search_term_string\"}}],\"inLanguage\":\"ca\"},{\"@type\":\"Organization\",\"@id\":\"https:\\\/\\\/www.salvador-dali.org\\\/ca\\\/#organization\",\"name\":\"Fundaci\u00f3 Gala - Salvador Dal\u00ed\",\"url\":\"https:\\\/\\\/www.salvador-dali.org\\\/ca\\\/\",\"logo\":{\"@type\":\"ImageObject\",\"inLanguage\":\"ca\",\"@id\":\"https:\\\/\\\/www.salvador-dali.org\\\/ca\\\/#\\\/schema\\\/logo\\\/image\\\/\",\"url\":\"https:\\\/\\\/www.salvador-dali.org\\\/wp-content\\\/uploads\\\/2025\\\/04\\\/fundacio-gala-salvador-dali.png\",\"contentUrl\":\"https:\\\/\\\/www.salvador-dali.org\\\/wp-content\\\/uploads\\\/2025\\\/04\\\/fundacio-gala-salvador-dali.png\",\"width\":240,\"height\":240,\"caption\":\"Fundaci\u00f3 Gala - Salvador Dal\u00ed\"},\"image\":{\"@id\":\"https:\\\/\\\/www.salvador-dali.org\\\/ca\\\/#\\\/schema\\\/logo\\\/image\\\/\"},\"sameAs\":[\"https:\\\/\\\/www.facebook.com\\\/MuseusDali\",\"https:\\\/\\\/x.com\\\/MuseuDali\",\"https:\\\/\\\/www.youtube.com\\\/user\\\/FundacioDali\",\"https:\\\/\\\/www.flickr.com\\\/fundacio_dali\\\/\",\"https:\\\/\\\/instagram.com\\\/museudali\"]}]}<\/script>\n<!-- \/ Yoast SEO plugin. -->","yoast_head_json":{"title":"Dal\u00ed Fellowship Programme - Fundaci\u00f3 Gala - Salvador Dal\u00ed","robots":{"index":"index","follow":"follow","max-snippet":"max-snippet:-1","max-image-preview":"max-image-preview:large","max-video-preview":"max-video-preview:-1"},"canonical":"https:\/\/www.salvador-dali.org\/ca\/fundacio-dali\/beques\/dali-fellowship-programme\/","og_locale":"ca_ES","og_type":"article","og_title":"Dal\u00ed Fellowship Programme - Fundaci\u00f3 Gala - Salvador Dal\u00ed","og_description":"El programa La Fundaci\u00f3 Gala-Salvador Dal\u00ed (FGSD) ha creat el programa de beques i recerca Dal\u00ed Fellowship Programme, que t\u00e9 com a objectius, entre d\u2019altres, promoure la recerca de l\u2019obra i el pensament de Salvador Dal\u00ed, generar aliances amb universitats i institucions reconegudes i contribuir a l\u2019intercanvi de coneixements a trav\u00e9s d\u2019investigadors i estudiosos de [&hellip;]","og_url":"https:\/\/www.salvador-dali.org\/ca\/fundacio-dali\/beques\/dali-fellowship-programme\/","og_site_name":"Fundaci\u00f3 Gala - Salvador Dal\u00ed","article_publisher":"https:\/\/www.facebook.com\/MuseusDali","article_modified_time":"2026-03-26T09:12:01+00:00","og_image":[{"width":736,"height":616,"url":"https:\/\/www.salvador-dali.org\/wp-content\/uploads\/2025\/02\/5068-e1747042033255.jpg","type":"image\/jpeg"}],"twitter_card":"summary_large_image","twitter_site":"@MuseuDali","twitter_misc":{"Temps estimat de lectura":"2 minuts"},"schema":{"@context":"https:\/\/schema.org","@graph":[{"@type":"WebPage","@id":"https:\/\/www.salvador-dali.org\/ca\/fundacio-dali\/beques\/dali-fellowship-programme\/","url":"https:\/\/www.salvador-dali.org\/ca\/fundacio-dali\/beques\/dali-fellowship-programme\/","name":"Dal\u00ed Fellowship Programme - Fundaci\u00f3 Gala - Salvador Dal\u00ed","isPartOf":{"@id":"https:\/\/www.salvador-dali.org\/ca\/#website"},"primaryImageOfPage":{"@id":"https:\/\/www.salvador-dali.org\/ca\/fundacio-dali\/beques\/dali-fellowship-programme\/#primaryimage"},"image":{"@id":"https:\/\/www.salvador-dali.org\/ca\/fundacio-dali\/beques\/dali-fellowship-programme\/#primaryimage"},"thumbnailUrl":"https:\/\/www.salvador-dali.org\/wp-content\/uploads\/2025\/02\/5068-e1747042033255.jpg","datePublished":"2025-12-10T07:55:00+00:00","dateModified":"2026-03-26T09:12:01+00:00","breadcrumb":{"@id":"https:\/\/www.salvador-dali.org\/ca\/fundacio-dali\/beques\/dali-fellowship-programme\/#breadcrumb"},"inLanguage":"ca","potentialAction":[{"@type":"ReadAction","target":["https:\/\/www.salvador-dali.org\/ca\/fundacio-dali\/beques\/dali-fellowship-programme\/"]}]},{"@type":"ImageObject","inLanguage":"ca","@id":"https:\/\/www.salvador-dali.org\/ca\/fundacio-dali\/beques\/dali-fellowship-programme\/#primaryimage","url":"https:\/\/www.salvador-dali.org\/wp-content\/uploads\/2025\/02\/5068-e1747042033255.jpg","contentUrl":"https:\/\/www.salvador-dali.org\/wp-content\/uploads\/2025\/02\/5068-e1747042033255.jpg","width":736,"height":616,"caption":"Salvador Dal\u00ed escrivint La vida secreta de Salvador Dal\u00ed a Hampton Manor, Virginia, 1941. Eric Schaal \u00a9 Drets d\u2019imatge de Salvador Dal\u00ed reservats. Fundaci\u00f3 Gala-Salvador Dal\u00ed, Figueres, 2025"},{"@type":"BreadcrumbList","@id":"https:\/\/www.salvador-dali.org\/ca\/fundacio-dali\/beques\/dali-fellowship-programme\/#breadcrumb","itemListElement":[{"@type":"ListItem","position":1,"name":"Inici","item":"https:\/\/www.salvador-dali.org\/ca\/"},{"@type":"ListItem","position":2,"name":"Dal\u00ed Fellowship Programme"}]},{"@type":"WebSite","@id":"https:\/\/www.salvador-dali.org\/ca\/#website","url":"https:\/\/www.salvador-dali.org\/ca\/","name":"Fundaci\u00f3 Gala - Salvador Dal\u00ed","description":"","publisher":{"@id":"https:\/\/www.salvador-dali.org\/ca\/#organization"},"potentialAction":[{"@type":"SearchAction","target":{"@type":"EntryPoint","urlTemplate":"https:\/\/www.salvador-dali.org\/ca\/?s={search_term_string}"},"query-input":{"@type":"PropertyValueSpecification","valueRequired":true,"valueName":"search_term_string"}}],"inLanguage":"ca"},{"@type":"Organization","@id":"https:\/\/www.salvador-dali.org\/ca\/#organization","name":"Fundaci\u00f3 Gala - Salvador Dal\u00ed","url":"https:\/\/www.salvador-dali.org\/ca\/","logo":{"@type":"ImageObject","inLanguage":"ca","@id":"https:\/\/www.salvador-dali.org\/ca\/#\/schema\/logo\/image\/","url":"https:\/\/www.salvador-dali.org\/wp-content\/uploads\/2025\/04\/fundacio-gala-salvador-dali.png","contentUrl":"https:\/\/www.salvador-dali.org\/wp-content\/uploads\/2025\/04\/fundacio-gala-salvador-dali.png","width":240,"height":240,"caption":"Fundaci\u00f3 Gala - Salvador Dal\u00ed"},"image":{"@id":"https:\/\/www.salvador-dali.org\/ca\/#\/schema\/logo\/image\/"},"sameAs":["https:\/\/www.facebook.com\/MuseusDali","https:\/\/x.com\/MuseuDali","https:\/\/www.youtube.com\/user\/FundacioDali","https:\/\/www.flickr.com\/fundacio_dali\/","https:\/\/instagram.com\/museudali"]}]}},"_links":{"self":[{"href":"https:\/\/www.salvador-dali.org\/ca\/wp-json\/wp\/v2\/pages\/14270","targetHints":{"allow":["GET"]}}],"collection":[{"href":"https:\/\/www.salvador-dali.org\/ca\/wp-json\/wp\/v2\/pages"}],"about":[{"href":"https:\/\/www.salvador-dali.org\/ca\/wp-json\/wp\/v2\/types\/page"}],"author":[{"embeddable":true,"href":"https:\/\/www.salvador-dali.org\/ca\/wp-json\/wp\/v2\/users\/3"}],"replies":[{"embeddable":true,"href":"https:\/\/www.salvador-dali.org\/ca\/wp-json\/wp\/v2\/comments?post=14270"}],"version-history":[{"count":13,"href":"https:\/\/www.salvador-dali.org\/ca\/wp-json\/wp\/v2\/pages\/14270\/revisions"}],"predecessor-version":[{"id":15558,"href":"https:\/\/www.salvador-dali.org\/ca\/wp-json\/wp\/v2\/pages\/14270\/revisions\/15558"}],"up":[{"embeddable":true,"href":"https:\/\/www.salvador-dali.org\/ca\/wp-json\/wp\/v2\/pages\/14274"}],"wp:featuredmedia":[{"embeddable":true,"href":"https:\/\/www.salvador-dali.org\/ca\/wp-json\/wp\/v2\/media\/1383"}],"wp:attachment":[{"href":"https:\/\/www.salvador-dali.org\/ca\/wp-json\/wp\/v2\/media?parent=14270"}],"wp:term":[{"taxonomy":"category","embeddable":true,"href":"https:\/\/www.salvador-dali.org\/ca\/wp-json\/wp\/v2\/categories?post=14270"},{"taxonomy":"post_tag","embeddable":true,"href":"https:\/\/www.salvador-dali.org\/ca\/wp-json\/wp\/v2\/tags?post=14270"}],"curies":[{"name":"wp","href":"https:\/\/api.w.org\/{rel}","templated":true}]}}