{"id":2017,"date":"2025-03-12T14:51:31","date_gmt":"2025-03-12T12:51:31","guid":{"rendered":"https:\/\/www.salvador-dali.org\/obra\/conservacio-i-restauracio\/pla-de-conservacio-de-dibuixos-i-gravats\/"},"modified":"2025-07-03T14:59:40","modified_gmt":"2025-07-03T12:59:40","slug":"pla-de-conservacio-de-dibuixos-i-gravats","status":"publish","type":"page","link":"https:\/\/www.salvador-dali.org\/ca\/obra\/conservacio-i-restauracio\/pla-de-conservacio-de-dibuixos-i-gravats\/","title":{"rendered":"Pla de conservaci\u00f3 de dibuixos i gravats"},"content":{"rendered":"\n<div class=\"wp-block-columns global-column is-layout-flex wp-container-core-columns-is-layout-9d6595d7 wp-block-columns-is-layout-flex\">\n<div class=\"wp-block-column is-layout-flow wp-block-column-is-layout-flow\">\n<p class=\"wp-block-custom-entradeta entradeta\">El pla de conservaci\u00f3 preventiva de dibuixos i obra gr\u00e0fica del fons de la Fundaci\u00f3 Gala-Salvador Dal\u00ed es porta a terme amb la finalitat de millorar la conservaci\u00f3 de les obres per mitj\u00e0 del sistema d&#8217;emmagatzematge, dels materials de conservaci\u00f3 i de la seva ubicaci\u00f3 en el magatzem.<\/p>\n<\/div>\n<\/div>\n\n\n    <div  class=\"wp-block-columns swiper-column  intro intro-images bloc-destacats imatges\" style=\"background-image: linear-gradient(to right, white, white)\">\n        <div class=\"wp-block-column\">\n            <div id=\"swiper-69da1f96a337a\" class=\"swiper destacats dues\" >\n                <div class=\"swiper-wrapper\">\n\n                                            <div class=\"swiper-slide intro\">\n                            <span class=\"image-background\" style=\"background-image:url(https:\/\/www.salvador-dali.org\/wp-content\/uploads\/2025\/06\/004_MagatzemGF-767x1024.jpg)\"><\/span>\n                            \n                        <\/div>\n                        <div class=\"swiper-slide\">\n                           <div class=\"descripcio\">\n                            <h2>La remodelaci\u00f3 i millora dels espais<\/h2>\n                            <p>Amb la remodelaci\u00f3 i millora dels espais de reserves de l\u2019any 2014, es va redistribuir la col\u00b7lecci\u00f3 de dibuixos i gravats en caixes de conservaci\u00f3 en noves ubicacions, la qual cosa no sols es van millorar les condicions del fons, sin\u00f3 que tamb\u00e9 facilita l\u2019accessibilitat per a la consulta i la manipulaci\u00f3 de les peces. Actualment, es fa seguiment dels espais de reserves per a la revisi\u00f3 i actualitzaci\u00f3 dels sistemes d\u2019emmagatzematge, a m\u00e9s del seguiment habitual d\u2019aquests espais pel que fa al control ambiental i el seu manteniment.<\/p>\n                            <\/div>\n\n                                                    <\/div>\n                    \n\n                    \n                        \n                        <div class=\"swiper-slide\">\n                                                            <figure>\n                                    <a data-fancybox=\"gallery-69da1f96a337a\" data-src=\"https:\/\/www.salvador-dali.org\/wp-content\/uploads\/2025\/06\/001_MagatzemGF-scaled.jpg\" data-caption=\"Emmagatzematge d\u2019un dibuix de gran format en una camisa de paper barrera\">\n                                        <img decoding=\"async\" src=\"https:\/\/www.salvador-dali.org\/wp-content\/uploads\/2025\/06\/001_MagatzemGF-1024x768.jpg\" alt=\"Emmagatzematge d\u2019un dibuix de gran format en una camisa de paper barrera\"> \n\t\t\t\t          \t\t\t<\/a>\n                                                                        <figcaption class=\"custom-caption\">Emmagatzematge d\u2019un dibuix de gran format en una camisa de paper barrera<\/figcaption>\n                                <\/figure>\n                                                    <\/div>\n\n                    \n                        \n                        <div class=\"swiper-slide\">\n                                                            <figure>\n                                    <a data-fancybox=\"gallery-69da1f96a337a\" data-src=\"https:\/\/www.salvador-dali.org\/wp-content\/uploads\/2025\/06\/003_MagatzemGF-scaled.jpg\" data-caption=\"Ubicaci\u00f3 de dibuixos de gran format en caixes de conservaci\u00f3 individuals.\">\n                                        <img decoding=\"async\" src=\"https:\/\/www.salvador-dali.org\/wp-content\/uploads\/2025\/06\/003_MagatzemGF-1024x768.jpg\" alt=\"Ubicaci\u00f3 de dibuixos de gran format en caixes de conservaci\u00f3 individuals.\"> \n\t\t\t\t          \t\t\t<\/a>\n                                                                        <figcaption class=\"custom-caption\">Ubicaci\u00f3 de dibuixos de gran format en caixes de conservaci\u00f3 individuals.<\/figcaption>\n                                <\/figure>\n                                                    <\/div>\n\n                    \n                        \n                        <div class=\"swiper-slide\">\n                                                            <figure>\n                                    <a data-fancybox=\"gallery-69da1f96a337a\" data-src=\"https:\/\/www.salvador-dali.org\/wp-content\/uploads\/2025\/06\/004_MagatzemGF-scaled.jpg\" data-caption=\"Planeres i lleixes d\u2019obres de mitj\u00e0 i gran format dels nostres magatzems.\">\n                                        <img decoding=\"async\" src=\"https:\/\/www.salvador-dali.org\/wp-content\/uploads\/2025\/06\/004_MagatzemGF-767x1024.jpg\" alt=\"Planeres i lleixes d\u2019obres de mitj\u00e0 i gran format dels nostres magatzems.\"> \n\t\t\t\t          \t\t\t<\/a>\n                                                                        <figcaption class=\"custom-caption\">Planeres i lleixes d\u2019obres de mitj\u00e0 i gran format dels nostres magatzems.<\/figcaption>\n                                <\/figure>\n                                                    <\/div>\n\n                    \n                        \n                        <div class=\"swiper-slide\">\n                                                            <figure>\n                                    <a data-fancybox=\"gallery-69da1f96a337a\" data-src=\"https:\/\/www.salvador-dali.org\/wp-content\/uploads\/2025\/06\/01_MagatzemOG-scaled.jpg\" data-caption=\"Planera amb obra de gran format abans de la millora del sistema d\u2019emmagatzematge.\">\n                                        <img decoding=\"async\" src=\"https:\/\/www.salvador-dali.org\/wp-content\/uploads\/2025\/06\/01_MagatzemOG-1024x768.jpg\" alt=\"Planera amb obra de gran format abans de la millora del sistema d\u2019emmagatzematge.\"> \n\t\t\t\t          \t\t\t<\/a>\n                                                                        <figcaption class=\"custom-caption\">Planera amb obra de gran format abans de la millora del sistema d\u2019emmagatzematge.<\/figcaption>\n                                <\/figure>\n                                                    <\/div>\n\n                    \n                        \n                        <div class=\"swiper-slide\">\n                                                            <figure>\n                                    <a data-fancybox=\"gallery-69da1f96a337a\" data-src=\"https:\/\/www.salvador-dali.org\/wp-content\/uploads\/2025\/06\/02_MagatzemOG-scaled.jpg\" data-caption=\"Ubicaci\u00f3 d\u2019obra de mitj\u00e0 format en camises de paper barrera\">\n                                        <img decoding=\"async\" src=\"https:\/\/www.salvador-dali.org\/wp-content\/uploads\/2025\/06\/02_MagatzemOG-1024x768.jpg\" alt=\"Ubicaci\u00f3 d\u2019obra de mitj\u00e0 format en camises de paper barrera\"> \n\t\t\t\t          \t\t\t<\/a>\n                                                                        <figcaption class=\"custom-caption\">Ubicaci\u00f3 d\u2019obra de mitj\u00e0 format en camises de paper barrera<\/figcaption>\n                                <\/figure>\n                                                    <\/div>\n\n                    \n                        \n                        <div class=\"swiper-slide\">\n                                                            <figure>\n                                    <a data-fancybox=\"gallery-69da1f96a337a\" data-src=\"https:\/\/www.salvador-dali.org\/wp-content\/uploads\/2025\/06\/03_MagatzemOG-scaled.jpg\" data-caption=\"Planera amb obra de gran format despr\u00e9s de millorar el sistema d\u2019emmagatzematge.\">\n                                        <img decoding=\"async\" src=\"https:\/\/www.salvador-dali.org\/wp-content\/uploads\/2025\/06\/03_MagatzemOG-1024x768.jpg\" alt=\"Planera amb obra de gran format despr\u00e9s de millorar el sistema d\u2019emmagatzematge.\"> \n\t\t\t\t          \t\t\t<\/a>\n                                                                        <figcaption class=\"custom-caption\">Planera amb obra de gran format despr\u00e9s de millorar el sistema d\u2019emmagatzematge.<\/figcaption>\n                                <\/figure>\n                                                    <\/div>\n\n                                    <\/div>\n                <!-- Swiper navigation buttons -->\n                <div class=\"swiper-button-prev\">\n                    <span class=\"screen-reader-text\">Diapositiva anterior<\/span>\n                <\/div>\n                <div class=\"swiper-button-next\">\n                    <span class=\"screen-reader-text\">Diapositiva seg\u00fcent<\/span>\n                <\/div>\n            <\/div>\n        <\/div>\n    <\/div>\n\n\n\n<!-- Swiper JS -->\n<script src=\"https:\/\/cdn.jsdelivr.net\/npm\/swiper@11\/swiper-bundle.min.js\"><\/script>\n\n<!-- Initialize Swiper -->\n<script>\n\njQuery( document ).ready(function() {      \n\n    Tipus = 'intro-images';\n\n    updateSpaceBetween();\n    spaceBetweenInicial = 60;\n    \n    if (Tipus=='intro-images' ) {\n    \/\/    spaceBetweenValueModul = 0;\n    }\n\n\n\n    console.log(\"spaceBetweenValueModul\",spaceBetweenValueModul);\n\n    var swiper = new Swiper(\"#swiper-69da1f96a337a\", {\n      slidesPerView: \"auto\",\n      spaceBetween: spaceBetweenInicial,\n      \tfreeMode: true,\n\t  \tbreakpoints: {\n\t        \/\/ Quan l'amplada de la pantalla sigui major a 1024px\n\t        1024: {\n\t            spaceBetween: spaceBetweenValue,\n\t        },\n\t    },\n        \/\/ Navigation arrows\n        navigation: {\n            nextEl: '.swiper-button-next',\n            prevEl: '.swiper-button-prev',\n        },\n        mousewheel: {\n            releaseOnEdges: true,\n            forceToAxis: true,\n            sensitivity:    1,\n        },\n        a11y: {\n            prevSlideMessage: 'Diapositiva anterior',\n            nextSlideMessage: 'Diapositiva seg\u00fcent',\n        },\n    });\n\n\n \n\n\n    \/*\n    jQuery('.bloc-destacats').each(function() {\n        const nextDiv = jQuery(this).next('div');\n        if (nextDiv.hasClass('contingut-ampliat')) {\n            console.log('T\u00e9 .contingut-ampliat despr\u00e9s');\n            \/\/ Aqu\u00ed pots fer accions, per exemple:\n            \/\/ $nextDiv.addClass('marcat'); o $(this).append($nextDiv);\n        }\n    });\n    *\/\n})\n<\/script>\n\n","protected":false},"excerpt":{"rendered":"","protected":false},"author":3,"featured_media":2029,"parent":1996,"menu_order":9,"comment_status":"closed","ping_status":"closed","template":"","meta":{"_acf_changed":false,"_coblocks_attr":"","_coblocks_dimensions":"","_coblocks_responsive_height":"","_coblocks_accordion_ie_support":"","footnotes":""},"categories":[],"tags":[],"class_list":["post-2017","page","type-page","status-publish","has-post-thumbnail","hentry"],"acf":[],"yoast_head":"<!-- This site is optimized with the Yoast SEO plugin v27.3 - https:\/\/yoast.com\/product\/yoast-seo-wordpress\/ -->\n<title>Pla de conservaci\u00f3 de dibuixos i gravats - Fundaci\u00f3 Gala - Salvador Dal\u00ed<\/title>\n<meta name=\"robots\" content=\"index, follow, max-snippet:-1, max-image-preview:large, max-video-preview:-1\" \/>\n<link rel=\"canonical\" href=\"https:\/\/www.salvador-dali.org\/ca\/obra\/conservacio-i-restauracio\/pla-de-conservacio-de-dibuixos-i-gravats\/\" \/>\n<meta property=\"og:locale\" content=\"ca_ES\" \/>\n<meta property=\"og:type\" content=\"article\" \/>\n<meta property=\"og:title\" content=\"Pla de conservaci\u00f3 de dibuixos i gravats - Fundaci\u00f3 Gala - Salvador Dal\u00ed\" \/>\n<meta property=\"og:url\" content=\"https:\/\/www.salvador-dali.org\/ca\/obra\/conservacio-i-restauracio\/pla-de-conservacio-de-dibuixos-i-gravats\/\" \/>\n<meta property=\"og:site_name\" content=\"Fundaci\u00f3 Gala - Salvador Dal\u00ed\" \/>\n<meta property=\"article:publisher\" content=\"https:\/\/www.facebook.com\/MuseusDali\" \/>\n<meta property=\"article:modified_time\" content=\"2025-07-03T12:59:40+00:00\" \/>\n<meta property=\"og:image\" content=\"https:\/\/www.salvador-dali.org\/wp-content\/uploads\/2025\/03\/001_MagatzemGF-scaled.jpg\" \/>\n\t<meta property=\"og:image:width\" content=\"2560\" \/>\n\t<meta property=\"og:image:height\" content=\"1920\" \/>\n\t<meta property=\"og:image:type\" content=\"image\/jpeg\" \/>\n<meta name=\"twitter:card\" content=\"summary_large_image\" \/>\n<meta name=\"twitter:site\" content=\"@MuseuDali\" \/>\n<meta name=\"twitter:label1\" content=\"Temps estimat de lectura\" \/>\n\t<meta name=\"twitter:data1\" content=\"1 minut\" \/>\n<script type=\"application\/ld+json\" class=\"yoast-schema-graph\">{\"@context\":\"https:\\\/\\\/schema.org\",\"@graph\":[{\"@type\":\"WebPage\",\"@id\":\"https:\\\/\\\/www.salvador-dali.org\\\/ca\\\/obra\\\/conservacio-i-restauracio\\\/pla-de-conservacio-de-dibuixos-i-gravats\\\/\",\"url\":\"https:\\\/\\\/www.salvador-dali.org\\\/ca\\\/obra\\\/conservacio-i-restauracio\\\/pla-de-conservacio-de-dibuixos-i-gravats\\\/\",\"name\":\"Pla de conservaci\u00f3 de dibuixos i gravats - Fundaci\u00f3 Gala - Salvador Dal\u00ed\",\"isPartOf\":{\"@id\":\"https:\\\/\\\/www.salvador-dali.org\\\/ca\\\/#website\"},\"primaryImageOfPage\":{\"@id\":\"https:\\\/\\\/www.salvador-dali.org\\\/ca\\\/obra\\\/conservacio-i-restauracio\\\/pla-de-conservacio-de-dibuixos-i-gravats\\\/#primaryimage\"},\"image\":{\"@id\":\"https:\\\/\\\/www.salvador-dali.org\\\/ca\\\/obra\\\/conservacio-i-restauracio\\\/pla-de-conservacio-de-dibuixos-i-gravats\\\/#primaryimage\"},\"thumbnailUrl\":\"https:\\\/\\\/www.salvador-dali.org\\\/wp-content\\\/uploads\\\/2025\\\/03\\\/001_MagatzemGF-scaled.jpg\",\"datePublished\":\"2025-03-12T12:51:31+00:00\",\"dateModified\":\"2025-07-03T12:59:40+00:00\",\"breadcrumb\":{\"@id\":\"https:\\\/\\\/www.salvador-dali.org\\\/ca\\\/obra\\\/conservacio-i-restauracio\\\/pla-de-conservacio-de-dibuixos-i-gravats\\\/#breadcrumb\"},\"inLanguage\":\"ca\",\"potentialAction\":[{\"@type\":\"ReadAction\",\"target\":[\"https:\\\/\\\/www.salvador-dali.org\\\/ca\\\/obra\\\/conservacio-i-restauracio\\\/pla-de-conservacio-de-dibuixos-i-gravats\\\/\"]}]},{\"@type\":\"ImageObject\",\"inLanguage\":\"ca\",\"@id\":\"https:\\\/\\\/www.salvador-dali.org\\\/ca\\\/obra\\\/conservacio-i-restauracio\\\/pla-de-conservacio-de-dibuixos-i-gravats\\\/#primaryimage\",\"url\":\"https:\\\/\\\/www.salvador-dali.org\\\/wp-content\\\/uploads\\\/2025\\\/03\\\/001_MagatzemGF-scaled.jpg\",\"contentUrl\":\"https:\\\/\\\/www.salvador-dali.org\\\/wp-content\\\/uploads\\\/2025\\\/03\\\/001_MagatzemGF-scaled.jpg\",\"width\":2560,\"height\":1920},{\"@type\":\"BreadcrumbList\",\"@id\":\"https:\\\/\\\/www.salvador-dali.org\\\/ca\\\/obra\\\/conservacio-i-restauracio\\\/pla-de-conservacio-de-dibuixos-i-gravats\\\/#breadcrumb\",\"itemListElement\":[{\"@type\":\"ListItem\",\"position\":1,\"name\":\"Inici\",\"item\":\"https:\\\/\\\/www.salvador-dali.org\\\/ca\\\/\"},{\"@type\":\"ListItem\",\"position\":2,\"name\":\"Pla de conservaci\u00f3 de dibuixos i gravats\"}]},{\"@type\":\"WebSite\",\"@id\":\"https:\\\/\\\/www.salvador-dali.org\\\/ca\\\/#website\",\"url\":\"https:\\\/\\\/www.salvador-dali.org\\\/ca\\\/\",\"name\":\"Fundaci\u00f3 Gala - Salvador Dal\u00ed\",\"description\":\"\",\"publisher\":{\"@id\":\"https:\\\/\\\/www.salvador-dali.org\\\/ca\\\/#organization\"},\"potentialAction\":[{\"@type\":\"SearchAction\",\"target\":{\"@type\":\"EntryPoint\",\"urlTemplate\":\"https:\\\/\\\/www.salvador-dali.org\\\/ca\\\/?s={search_term_string}\"},\"query-input\":{\"@type\":\"PropertyValueSpecification\",\"valueRequired\":true,\"valueName\":\"search_term_string\"}}],\"inLanguage\":\"ca\"},{\"@type\":\"Organization\",\"@id\":\"https:\\\/\\\/www.salvador-dali.org\\\/ca\\\/#organization\",\"name\":\"Fundaci\u00f3 Gala - Salvador Dal\u00ed\",\"url\":\"https:\\\/\\\/www.salvador-dali.org\\\/ca\\\/\",\"logo\":{\"@type\":\"ImageObject\",\"inLanguage\":\"ca\",\"@id\":\"https:\\\/\\\/www.salvador-dali.org\\\/ca\\\/#\\\/schema\\\/logo\\\/image\\\/\",\"url\":\"https:\\\/\\\/www.salvador-dali.org\\\/wp-content\\\/uploads\\\/2025\\\/04\\\/fundacio-gala-salvador-dali.png\",\"contentUrl\":\"https:\\\/\\\/www.salvador-dali.org\\\/wp-content\\\/uploads\\\/2025\\\/04\\\/fundacio-gala-salvador-dali.png\",\"width\":240,\"height\":240,\"caption\":\"Fundaci\u00f3 Gala - Salvador Dal\u00ed\"},\"image\":{\"@id\":\"https:\\\/\\\/www.salvador-dali.org\\\/ca\\\/#\\\/schema\\\/logo\\\/image\\\/\"},\"sameAs\":[\"https:\\\/\\\/www.facebook.com\\\/MuseusDali\",\"https:\\\/\\\/x.com\\\/MuseuDali\",\"https:\\\/\\\/www.youtube.com\\\/user\\\/FundacioDali\",\"https:\\\/\\\/www.flickr.com\\\/fundacio_dali\\\/\",\"https:\\\/\\\/instagram.com\\\/museudali\"]}]}<\/script>\n<!-- \/ Yoast SEO plugin. -->","yoast_head_json":{"title":"Pla de conservaci\u00f3 de dibuixos i gravats - Fundaci\u00f3 Gala - Salvador Dal\u00ed","robots":{"index":"index","follow":"follow","max-snippet":"max-snippet:-1","max-image-preview":"max-image-preview:large","max-video-preview":"max-video-preview:-1"},"canonical":"https:\/\/www.salvador-dali.org\/ca\/obra\/conservacio-i-restauracio\/pla-de-conservacio-de-dibuixos-i-gravats\/","og_locale":"ca_ES","og_type":"article","og_title":"Pla de conservaci\u00f3 de dibuixos i gravats - Fundaci\u00f3 Gala - Salvador Dal\u00ed","og_url":"https:\/\/www.salvador-dali.org\/ca\/obra\/conservacio-i-restauracio\/pla-de-conservacio-de-dibuixos-i-gravats\/","og_site_name":"Fundaci\u00f3 Gala - Salvador Dal\u00ed","article_publisher":"https:\/\/www.facebook.com\/MuseusDali","article_modified_time":"2025-07-03T12:59:40+00:00","og_image":[{"width":2560,"height":1920,"url":"https:\/\/www.salvador-dali.org\/wp-content\/uploads\/2025\/03\/001_MagatzemGF-scaled.jpg","type":"image\/jpeg"}],"twitter_card":"summary_large_image","twitter_site":"@MuseuDali","twitter_misc":{"Temps estimat de lectura":"1 minut"},"schema":{"@context":"https:\/\/schema.org","@graph":[{"@type":"WebPage","@id":"https:\/\/www.salvador-dali.org\/ca\/obra\/conservacio-i-restauracio\/pla-de-conservacio-de-dibuixos-i-gravats\/","url":"https:\/\/www.salvador-dali.org\/ca\/obra\/conservacio-i-restauracio\/pla-de-conservacio-de-dibuixos-i-gravats\/","name":"Pla de conservaci\u00f3 de dibuixos i gravats - Fundaci\u00f3 Gala - Salvador Dal\u00ed","isPartOf":{"@id":"https:\/\/www.salvador-dali.org\/ca\/#website"},"primaryImageOfPage":{"@id":"https:\/\/www.salvador-dali.org\/ca\/obra\/conservacio-i-restauracio\/pla-de-conservacio-de-dibuixos-i-gravats\/#primaryimage"},"image":{"@id":"https:\/\/www.salvador-dali.org\/ca\/obra\/conservacio-i-restauracio\/pla-de-conservacio-de-dibuixos-i-gravats\/#primaryimage"},"thumbnailUrl":"https:\/\/www.salvador-dali.org\/wp-content\/uploads\/2025\/03\/001_MagatzemGF-scaled.jpg","datePublished":"2025-03-12T12:51:31+00:00","dateModified":"2025-07-03T12:59:40+00:00","breadcrumb":{"@id":"https:\/\/www.salvador-dali.org\/ca\/obra\/conservacio-i-restauracio\/pla-de-conservacio-de-dibuixos-i-gravats\/#breadcrumb"},"inLanguage":"ca","potentialAction":[{"@type":"ReadAction","target":["https:\/\/www.salvador-dali.org\/ca\/obra\/conservacio-i-restauracio\/pla-de-conservacio-de-dibuixos-i-gravats\/"]}]},{"@type":"ImageObject","inLanguage":"ca","@id":"https:\/\/www.salvador-dali.org\/ca\/obra\/conservacio-i-restauracio\/pla-de-conservacio-de-dibuixos-i-gravats\/#primaryimage","url":"https:\/\/www.salvador-dali.org\/wp-content\/uploads\/2025\/03\/001_MagatzemGF-scaled.jpg","contentUrl":"https:\/\/www.salvador-dali.org\/wp-content\/uploads\/2025\/03\/001_MagatzemGF-scaled.jpg","width":2560,"height":1920},{"@type":"BreadcrumbList","@id":"https:\/\/www.salvador-dali.org\/ca\/obra\/conservacio-i-restauracio\/pla-de-conservacio-de-dibuixos-i-gravats\/#breadcrumb","itemListElement":[{"@type":"ListItem","position":1,"name":"Inici","item":"https:\/\/www.salvador-dali.org\/ca\/"},{"@type":"ListItem","position":2,"name":"Pla de conservaci\u00f3 de dibuixos i gravats"}]},{"@type":"WebSite","@id":"https:\/\/www.salvador-dali.org\/ca\/#website","url":"https:\/\/www.salvador-dali.org\/ca\/","name":"Fundaci\u00f3 Gala - Salvador Dal\u00ed","description":"","publisher":{"@id":"https:\/\/www.salvador-dali.org\/ca\/#organization"},"potentialAction":[{"@type":"SearchAction","target":{"@type":"EntryPoint","urlTemplate":"https:\/\/www.salvador-dali.org\/ca\/?s={search_term_string}"},"query-input":{"@type":"PropertyValueSpecification","valueRequired":true,"valueName":"search_term_string"}}],"inLanguage":"ca"},{"@type":"Organization","@id":"https:\/\/www.salvador-dali.org\/ca\/#organization","name":"Fundaci\u00f3 Gala - Salvador Dal\u00ed","url":"https:\/\/www.salvador-dali.org\/ca\/","logo":{"@type":"ImageObject","inLanguage":"ca","@id":"https:\/\/www.salvador-dali.org\/ca\/#\/schema\/logo\/image\/","url":"https:\/\/www.salvador-dali.org\/wp-content\/uploads\/2025\/04\/fundacio-gala-salvador-dali.png","contentUrl":"https:\/\/www.salvador-dali.org\/wp-content\/uploads\/2025\/04\/fundacio-gala-salvador-dali.png","width":240,"height":240,"caption":"Fundaci\u00f3 Gala - Salvador Dal\u00ed"},"image":{"@id":"https:\/\/www.salvador-dali.org\/ca\/#\/schema\/logo\/image\/"},"sameAs":["https:\/\/www.facebook.com\/MuseusDali","https:\/\/x.com\/MuseuDali","https:\/\/www.youtube.com\/user\/FundacioDali","https:\/\/www.flickr.com\/fundacio_dali\/","https:\/\/instagram.com\/museudali"]}]}},"_links":{"self":[{"href":"https:\/\/www.salvador-dali.org\/ca\/wp-json\/wp\/v2\/pages\/2017","targetHints":{"allow":["GET"]}}],"collection":[{"href":"https:\/\/www.salvador-dali.org\/ca\/wp-json\/wp\/v2\/pages"}],"about":[{"href":"https:\/\/www.salvador-dali.org\/ca\/wp-json\/wp\/v2\/types\/page"}],"author":[{"embeddable":true,"href":"https:\/\/www.salvador-dali.org\/ca\/wp-json\/wp\/v2\/users\/3"}],"replies":[{"embeddable":true,"href":"https:\/\/www.salvador-dali.org\/ca\/wp-json\/wp\/v2\/comments?post=2017"}],"version-history":[{"count":0,"href":"https:\/\/www.salvador-dali.org\/ca\/wp-json\/wp\/v2\/pages\/2017\/revisions"}],"up":[{"embeddable":true,"href":"https:\/\/www.salvador-dali.org\/ca\/wp-json\/wp\/v2\/pages\/1996"}],"wp:featuredmedia":[{"embeddable":true,"href":"https:\/\/www.salvador-dali.org\/ca\/wp-json\/wp\/v2\/media\/2029"}],"wp:attachment":[{"href":"https:\/\/www.salvador-dali.org\/ca\/wp-json\/wp\/v2\/media?parent=2017"}],"wp:term":[{"taxonomy":"category","embeddable":true,"href":"https:\/\/www.salvador-dali.org\/ca\/wp-json\/wp\/v2\/categories?post=2017"},{"taxonomy":"post_tag","embeddable":true,"href":"https:\/\/www.salvador-dali.org\/ca\/wp-json\/wp\/v2\/tags?post=2017"}],"curies":[{"name":"wp","href":"https:\/\/api.w.org\/{rel}","templated":true}]}}