{"id":2101,"date":"2025-03-14T14:58:51","date_gmt":"2025-03-14T12:58:51","guid":{"rendered":"https:\/\/www.salvador-dali.org\/?page_id=2101"},"modified":"2025-07-01T16:49:44","modified_gmt":"2025-07-01T14:49:44","slug":"conservacio-i-restauracio-de-les-escultures-dels-elefants","status":"publish","type":"page","link":"https:\/\/www.salvador-dali.org\/ca\/obra\/conservacio-i-restauracio\/conservacio-i-restauracio-de-les-escultures-dels-elefants\/","title":{"rendered":"Conservaci\u00f3 i restauraci\u00f3 de les escultures dels Elefants"},"content":{"rendered":"\n<div class=\"wp-block-columns global-column is-layout-flex wp-container-core-columns-is-layout-9d6595d7 wp-block-columns-is-layout-flex\">\n<div class=\"wp-block-column is-layout-flow wp-block-column-is-layout-flow\">\n<p class=\"entradeta\">Dins del programa de conservaci\u00f3 preventiva anual del Departament de Conservaci\u00f3 i Restauraci\u00f3 s\u2019inclou la revisi\u00f3 d\u2019elements i obres exteriors, com \u00e9s el cas de les escultures dels elefants ubicades al jard\u00ed del Castell de P\u00fabol.<\/p>\n<\/div>\n<\/div>\n\n\n    <div  class=\"wp-block-columns swiper-column  intro intro-images bloc-destacats imatges\" style=\"background-image: linear-gradient(to right, white, white)\">\n        <div class=\"wp-block-column\">\n            <div id=\"swiper-69da03943adbc\" class=\"swiper destacats dues\" >\n                <div class=\"swiper-wrapper\">\n\n                                            <div class=\"swiper-slide intro\">\n                            <span class=\"image-background\" style=\"background-image:url(https:\/\/www.salvador-dali.org\/wp-content\/uploads\/2025\/02\/DSC_1508-1024x680.jpg)\"><\/span>\n                            \n                        <\/div>\n                        <div class=\"swiper-slide\">\n                           <div class=\"descripcio\">\n                            <h2>Ferro i ciment<\/h2>\n                            <p>Les conservadores-restauradores externes d\u2019ECRA, SL \u2014especialistes en la conservaci\u00f3 i restauraci\u00f3 del patrimoni arqueol\u00f2gic, arquitect\u00f2nic i monumental\u2014, han revisat i netejat aquestes escultures de ciment. Durant la revisi\u00f3 van observar una esquerda en una de les cames d\u2019un dels quatre elefants del jard\u00ed, causada per la dilataci\u00f3 de l\u2019armadura interna de ferro de l\u2019escultura. La intervenci\u00f3 va consistir a fer una neteja qu\u00edmica i mec\u00e0nica de l\u2019elefant, aix\u00ed com netejar i sanejar l\u2019esquerda i tancar-la amb un morter de reintegraci\u00f3.<\/p>\n                            <\/div>\n\n                                                    <\/div>\n                    \n\n                    \n                        \n                        <div class=\"swiper-slide\">\n                                                            <figure>\n                                    <a data-fancybox=\"gallery-69da03943adbc\" data-src=\"https:\/\/www.salvador-dali.org\/wp-content\/uploads\/2025\/06\/DINTRE3.jpg\" data-caption=\"Durant una revisi\u00f3 s\u2019observa l\u2019esquerda en una de les cames d&#039;un elefant.\">\n                                        <img decoding=\"async\" src=\"https:\/\/www.salvador-dali.org\/wp-content\/uploads\/2025\/06\/DINTRE3.jpg\" alt=\"Durant una revisi\u00f3 s\u2019observa l\u2019esquerda en una de les cames d'un elefant.\"> \n\t\t\t\t          \t\t\t<\/a>\n                                                                        <figcaption class=\"custom-caption\">Durant una revisi\u00f3 s\u2019observa l\u2019esquerda en una de les cames d&#8217;un elefant.<\/figcaption>\n                                <\/figure>\n                                                    <\/div>\n\n                    \n                        \n                        <div class=\"swiper-slide\">\n                                                            <figure>\n                                    <a data-fancybox=\"gallery-69da03943adbc\" data-src=\"https:\/\/www.salvador-dali.org\/wp-content\/uploads\/2025\/06\/DINTRE4.jpg\" data-caption=\"Despr\u00e9s de restaurar l\u2019esquerda i consolidar amb morter de reintegraci\u00f3.\">\n                                        <img decoding=\"async\" src=\"https:\/\/www.salvador-dali.org\/wp-content\/uploads\/2025\/06\/DINTRE4.jpg\" alt=\"Despr\u00e9s de restaurar l\u2019esquerda i consolidar amb morter de reintegraci\u00f3.\"> \n\t\t\t\t          \t\t\t<\/a>\n                                                                        <figcaption class=\"custom-caption\">Despr\u00e9s de restaurar l\u2019esquerda i consolidar amb morter de reintegraci\u00f3.<\/figcaption>\n                                <\/figure>\n                                                    <\/div>\n\n                    \n                        \n                        <div class=\"swiper-slide\">\n                                                            <figure>\n                                    <a data-fancybox=\"gallery-69da03943adbc\" data-src=\"https:\/\/www.salvador-dali.org\/wp-content\/uploads\/2025\/06\/DINTRE1.jpg\" data-caption=\"Durant el proc\u00e9s de neteja i restauraci\u00f3 dels elefants.\">\n                                        <img decoding=\"async\" src=\"https:\/\/www.salvador-dali.org\/wp-content\/uploads\/2025\/06\/DINTRE1-819x1024.jpg\" alt=\"Durant el proc\u00e9s de neteja i restauraci\u00f3 dels elefants.\"> \n\t\t\t\t          \t\t\t<\/a>\n                                                                        <figcaption class=\"custom-caption\">Durant el proc\u00e9s de neteja i restauraci\u00f3 dels elefants.<\/figcaption>\n                                <\/figure>\n                                                    <\/div>\n\n                    \n                        \n                        <div class=\"swiper-slide\">\n                                                            <figure>\n                                    <a data-fancybox=\"gallery-69da03943adbc\" data-src=\"https:\/\/www.salvador-dali.org\/wp-content\/uploads\/2025\/06\/DINTRE2.jpg\" data-caption=\"La restauradora aplica els morters de reintegraci\u00f3.\">\n                                        <img decoding=\"async\" src=\"https:\/\/www.salvador-dali.org\/wp-content\/uploads\/2025\/06\/DINTRE2-819x1024.jpg\" alt=\"La restauradora aplica els morters de reintegraci\u00f3.\"> \n\t\t\t\t          \t\t\t<\/a>\n                                                                        <figcaption class=\"custom-caption\">La restauradora aplica els morters de reintegraci\u00f3.<\/figcaption>\n                                <\/figure>\n                                                    <\/div>\n\n                                    <\/div>\n                <!-- Swiper navigation buttons -->\n                <div class=\"swiper-button-prev\">\n                    <span class=\"screen-reader-text\">Diapositiva anterior<\/span>\n                <\/div>\n                <div class=\"swiper-button-next\">\n                    <span class=\"screen-reader-text\">Diapositiva seg\u00fcent<\/span>\n                <\/div>\n            <\/div>\n        <\/div>\n    <\/div>\n\n\n\n<!-- Swiper JS -->\n<script src=\"https:\/\/cdn.jsdelivr.net\/npm\/swiper@11\/swiper-bundle.min.js\"><\/script>\n\n<!-- Initialize Swiper -->\n<script>\n\njQuery( document ).ready(function() {      \n\n    Tipus = 'intro-images';\n\n    updateSpaceBetween();\n    spaceBetweenInicial = 60;\n    \n    if (Tipus=='intro-images' ) {\n    \/\/    spaceBetweenValueModul = 0;\n    }\n\n\n\n    console.log(\"spaceBetweenValueModul\",spaceBetweenValueModul);\n\n    var swiper = new Swiper(\"#swiper-69da03943adbc\", {\n      slidesPerView: \"auto\",\n      spaceBetween: spaceBetweenInicial,\n      \tfreeMode: true,\n\t  \tbreakpoints: {\n\t        \/\/ Quan l'amplada de la pantalla sigui major a 1024px\n\t        1024: {\n\t            spaceBetween: spaceBetweenValue,\n\t        },\n\t    },\n        \/\/ Navigation arrows\n        navigation: {\n            nextEl: '.swiper-button-next',\n            prevEl: '.swiper-button-prev',\n        },\n        mousewheel: {\n            releaseOnEdges: true,\n            forceToAxis: true,\n            sensitivity:    1,\n        },\n        a11y: {\n            prevSlideMessage: 'Diapositiva anterior',\n            nextSlideMessage: 'Diapositiva seg\u00fcent',\n        },\n    });\n\n\n \n\n\n    \/*\n    jQuery('.bloc-destacats').each(function() {\n        const nextDiv = jQuery(this).next('div');\n        if (nextDiv.hasClass('contingut-ampliat')) {\n            console.log('T\u00e9 .contingut-ampliat despr\u00e9s');\n            \/\/ Aqu\u00ed pots fer accions, per exemple:\n            \/\/ $nextDiv.addClass('marcat'); o $(this).append($nextDiv);\n        }\n    });\n    *\/\n})\n<\/script>\n\n","protected":false},"excerpt":{"rendered":"<p>Dins del programa de conservaci\u00f3 preventiva anual del Departament de Conservaci\u00f3 i Restauraci\u00f3 s\u2019inclou la revisi\u00f3 d\u2019elements i obres exteriors, com \u00e9s el cas de les escultures dels elefants ubicades al jard\u00ed del Castell de P\u00fabol.<\/p>\n","protected":false},"author":3,"featured_media":2102,"parent":1996,"menu_order":3,"comment_status":"closed","ping_status":"closed","template":"","meta":{"_acf_changed":false,"_coblocks_attr":"","_coblocks_dimensions":"","_coblocks_responsive_height":"","_coblocks_accordion_ie_support":"","footnotes":""},"categories":[],"tags":[],"class_list":["post-2101","page","type-page","status-publish","has-post-thumbnail","hentry"],"acf":[],"yoast_head":"<!-- This site is optimized with the Yoast SEO plugin v27.3 - https:\/\/yoast.com\/product\/yoast-seo-wordpress\/ -->\n<title>Conservaci\u00f3 i restauraci\u00f3 de les escultures dels Elefants - Fundaci\u00f3 Gala - Salvador Dal\u00ed<\/title>\n<meta name=\"robots\" content=\"index, follow, max-snippet:-1, max-image-preview:large, max-video-preview:-1\" \/>\n<link rel=\"canonical\" href=\"https:\/\/www.salvador-dali.org\/ca\/obra\/conservacio-i-restauracio\/conservacio-i-restauracio-de-les-escultures-dels-elefants\/\" \/>\n<meta property=\"og:locale\" content=\"ca_ES\" \/>\n<meta property=\"og:type\" content=\"article\" \/>\n<meta property=\"og:title\" content=\"Conservaci\u00f3 i restauraci\u00f3 de les escultures dels Elefants - Fundaci\u00f3 Gala - Salvador Dal\u00ed\" \/>\n<meta property=\"og:description\" content=\"Dins del programa de conservaci\u00f3 preventiva anual del Departament de Conservaci\u00f3 i Restauraci\u00f3 s\u2019inclou la revisi\u00f3 d\u2019elements i obres exteriors, com \u00e9s el cas de les escultures dels elefants ubicades al jard\u00ed del Castell de P\u00fabol.\" \/>\n<meta property=\"og:url\" content=\"https:\/\/www.salvador-dali.org\/ca\/obra\/conservacio-i-restauracio\/conservacio-i-restauracio-de-les-escultures-dels-elefants\/\" \/>\n<meta property=\"og:site_name\" content=\"Fundaci\u00f3 Gala - Salvador Dal\u00ed\" \/>\n<meta property=\"article:publisher\" content=\"https:\/\/www.facebook.com\/MuseusDali\" \/>\n<meta property=\"article:modified_time\" content=\"2025-07-01T14:49:44+00:00\" \/>\n<meta property=\"og:image\" content=\"https:\/\/www.salvador-dali.org\/wp-content\/uploads\/2025\/03\/DINTRE2.jpg\" \/>\n\t<meta property=\"og:image:width\" content=\"1080\" \/>\n\t<meta property=\"og:image:height\" content=\"1350\" \/>\n\t<meta property=\"og:image:type\" content=\"image\/jpeg\" \/>\n<meta name=\"twitter:card\" content=\"summary_large_image\" \/>\n<meta name=\"twitter:site\" content=\"@MuseuDali\" \/>\n<meta name=\"twitter:label1\" content=\"Temps estimat de lectura\" \/>\n\t<meta name=\"twitter:data1\" content=\"1 minut\" \/>\n<script type=\"application\/ld+json\" class=\"yoast-schema-graph\">{\"@context\":\"https:\\\/\\\/schema.org\",\"@graph\":[{\"@type\":\"WebPage\",\"@id\":\"https:\\\/\\\/www.salvador-dali.org\\\/ca\\\/obra\\\/conservacio-i-restauracio\\\/conservacio-i-restauracio-de-les-escultures-dels-elefants\\\/\",\"url\":\"https:\\\/\\\/www.salvador-dali.org\\\/ca\\\/obra\\\/conservacio-i-restauracio\\\/conservacio-i-restauracio-de-les-escultures-dels-elefants\\\/\",\"name\":\"Conservaci\u00f3 i restauraci\u00f3 de les escultures dels Elefants - Fundaci\u00f3 Gala - Salvador Dal\u00ed\",\"isPartOf\":{\"@id\":\"https:\\\/\\\/www.salvador-dali.org\\\/ca\\\/#website\"},\"primaryImageOfPage\":{\"@id\":\"https:\\\/\\\/www.salvador-dali.org\\\/ca\\\/obra\\\/conservacio-i-restauracio\\\/conservacio-i-restauracio-de-les-escultures-dels-elefants\\\/#primaryimage\"},\"image\":{\"@id\":\"https:\\\/\\\/www.salvador-dali.org\\\/ca\\\/obra\\\/conservacio-i-restauracio\\\/conservacio-i-restauracio-de-les-escultures-dels-elefants\\\/#primaryimage\"},\"thumbnailUrl\":\"https:\\\/\\\/www.salvador-dali.org\\\/wp-content\\\/uploads\\\/2025\\\/03\\\/DINTRE2.jpg\",\"datePublished\":\"2025-03-14T12:58:51+00:00\",\"dateModified\":\"2025-07-01T14:49:44+00:00\",\"breadcrumb\":{\"@id\":\"https:\\\/\\\/www.salvador-dali.org\\\/ca\\\/obra\\\/conservacio-i-restauracio\\\/conservacio-i-restauracio-de-les-escultures-dels-elefants\\\/#breadcrumb\"},\"inLanguage\":\"ca\",\"potentialAction\":[{\"@type\":\"ReadAction\",\"target\":[\"https:\\\/\\\/www.salvador-dali.org\\\/ca\\\/obra\\\/conservacio-i-restauracio\\\/conservacio-i-restauracio-de-les-escultures-dels-elefants\\\/\"]}]},{\"@type\":\"ImageObject\",\"inLanguage\":\"ca\",\"@id\":\"https:\\\/\\\/www.salvador-dali.org\\\/ca\\\/obra\\\/conservacio-i-restauracio\\\/conservacio-i-restauracio-de-les-escultures-dels-elefants\\\/#primaryimage\",\"url\":\"https:\\\/\\\/www.salvador-dali.org\\\/wp-content\\\/uploads\\\/2025\\\/03\\\/DINTRE2.jpg\",\"contentUrl\":\"https:\\\/\\\/www.salvador-dali.org\\\/wp-content\\\/uploads\\\/2025\\\/03\\\/DINTRE2.jpg\",\"width\":1080,\"height\":1350},{\"@type\":\"BreadcrumbList\",\"@id\":\"https:\\\/\\\/www.salvador-dali.org\\\/ca\\\/obra\\\/conservacio-i-restauracio\\\/conservacio-i-restauracio-de-les-escultures-dels-elefants\\\/#breadcrumb\",\"itemListElement\":[{\"@type\":\"ListItem\",\"position\":1,\"name\":\"Inici\",\"item\":\"https:\\\/\\\/www.salvador-dali.org\\\/ca\\\/\"},{\"@type\":\"ListItem\",\"position\":2,\"name\":\"Conservaci\u00f3 i restauraci\u00f3 de les escultures dels Elefants\"}]},{\"@type\":\"WebSite\",\"@id\":\"https:\\\/\\\/www.salvador-dali.org\\\/ca\\\/#website\",\"url\":\"https:\\\/\\\/www.salvador-dali.org\\\/ca\\\/\",\"name\":\"Fundaci\u00f3 Gala - Salvador Dal\u00ed\",\"description\":\"\",\"publisher\":{\"@id\":\"https:\\\/\\\/www.salvador-dali.org\\\/ca\\\/#organization\"},\"potentialAction\":[{\"@type\":\"SearchAction\",\"target\":{\"@type\":\"EntryPoint\",\"urlTemplate\":\"https:\\\/\\\/www.salvador-dali.org\\\/ca\\\/?s={search_term_string}\"},\"query-input\":{\"@type\":\"PropertyValueSpecification\",\"valueRequired\":true,\"valueName\":\"search_term_string\"}}],\"inLanguage\":\"ca\"},{\"@type\":\"Organization\",\"@id\":\"https:\\\/\\\/www.salvador-dali.org\\\/ca\\\/#organization\",\"name\":\"Fundaci\u00f3 Gala - Salvador Dal\u00ed\",\"url\":\"https:\\\/\\\/www.salvador-dali.org\\\/ca\\\/\",\"logo\":{\"@type\":\"ImageObject\",\"inLanguage\":\"ca\",\"@id\":\"https:\\\/\\\/www.salvador-dali.org\\\/ca\\\/#\\\/schema\\\/logo\\\/image\\\/\",\"url\":\"https:\\\/\\\/www.salvador-dali.org\\\/wp-content\\\/uploads\\\/2025\\\/04\\\/fundacio-gala-salvador-dali.png\",\"contentUrl\":\"https:\\\/\\\/www.salvador-dali.org\\\/wp-content\\\/uploads\\\/2025\\\/04\\\/fundacio-gala-salvador-dali.png\",\"width\":240,\"height\":240,\"caption\":\"Fundaci\u00f3 Gala - Salvador Dal\u00ed\"},\"image\":{\"@id\":\"https:\\\/\\\/www.salvador-dali.org\\\/ca\\\/#\\\/schema\\\/logo\\\/image\\\/\"},\"sameAs\":[\"https:\\\/\\\/www.facebook.com\\\/MuseusDali\",\"https:\\\/\\\/x.com\\\/MuseuDali\",\"https:\\\/\\\/www.youtube.com\\\/user\\\/FundacioDali\",\"https:\\\/\\\/www.flickr.com\\\/fundacio_dali\\\/\",\"https:\\\/\\\/instagram.com\\\/museudali\"]}]}<\/script>\n<!-- \/ Yoast SEO plugin. -->","yoast_head_json":{"title":"Conservaci\u00f3 i restauraci\u00f3 de les escultures dels Elefants - Fundaci\u00f3 Gala - Salvador Dal\u00ed","robots":{"index":"index","follow":"follow","max-snippet":"max-snippet:-1","max-image-preview":"max-image-preview:large","max-video-preview":"max-video-preview:-1"},"canonical":"https:\/\/www.salvador-dali.org\/ca\/obra\/conservacio-i-restauracio\/conservacio-i-restauracio-de-les-escultures-dels-elefants\/","og_locale":"ca_ES","og_type":"article","og_title":"Conservaci\u00f3 i restauraci\u00f3 de les escultures dels Elefants - Fundaci\u00f3 Gala - Salvador Dal\u00ed","og_description":"Dins del programa de conservaci\u00f3 preventiva anual del Departament de Conservaci\u00f3 i Restauraci\u00f3 s\u2019inclou la revisi\u00f3 d\u2019elements i obres exteriors, com \u00e9s el cas de les escultures dels elefants ubicades al jard\u00ed del Castell de P\u00fabol.","og_url":"https:\/\/www.salvador-dali.org\/ca\/obra\/conservacio-i-restauracio\/conservacio-i-restauracio-de-les-escultures-dels-elefants\/","og_site_name":"Fundaci\u00f3 Gala - Salvador Dal\u00ed","article_publisher":"https:\/\/www.facebook.com\/MuseusDali","article_modified_time":"2025-07-01T14:49:44+00:00","og_image":[{"width":1080,"height":1350,"url":"https:\/\/www.salvador-dali.org\/wp-content\/uploads\/2025\/03\/DINTRE2.jpg","type":"image\/jpeg"}],"twitter_card":"summary_large_image","twitter_site":"@MuseuDali","twitter_misc":{"Temps estimat de lectura":"1 minut"},"schema":{"@context":"https:\/\/schema.org","@graph":[{"@type":"WebPage","@id":"https:\/\/www.salvador-dali.org\/ca\/obra\/conservacio-i-restauracio\/conservacio-i-restauracio-de-les-escultures-dels-elefants\/","url":"https:\/\/www.salvador-dali.org\/ca\/obra\/conservacio-i-restauracio\/conservacio-i-restauracio-de-les-escultures-dels-elefants\/","name":"Conservaci\u00f3 i restauraci\u00f3 de les escultures dels Elefants - Fundaci\u00f3 Gala - Salvador Dal\u00ed","isPartOf":{"@id":"https:\/\/www.salvador-dali.org\/ca\/#website"},"primaryImageOfPage":{"@id":"https:\/\/www.salvador-dali.org\/ca\/obra\/conservacio-i-restauracio\/conservacio-i-restauracio-de-les-escultures-dels-elefants\/#primaryimage"},"image":{"@id":"https:\/\/www.salvador-dali.org\/ca\/obra\/conservacio-i-restauracio\/conservacio-i-restauracio-de-les-escultures-dels-elefants\/#primaryimage"},"thumbnailUrl":"https:\/\/www.salvador-dali.org\/wp-content\/uploads\/2025\/03\/DINTRE2.jpg","datePublished":"2025-03-14T12:58:51+00:00","dateModified":"2025-07-01T14:49:44+00:00","breadcrumb":{"@id":"https:\/\/www.salvador-dali.org\/ca\/obra\/conservacio-i-restauracio\/conservacio-i-restauracio-de-les-escultures-dels-elefants\/#breadcrumb"},"inLanguage":"ca","potentialAction":[{"@type":"ReadAction","target":["https:\/\/www.salvador-dali.org\/ca\/obra\/conservacio-i-restauracio\/conservacio-i-restauracio-de-les-escultures-dels-elefants\/"]}]},{"@type":"ImageObject","inLanguage":"ca","@id":"https:\/\/www.salvador-dali.org\/ca\/obra\/conservacio-i-restauracio\/conservacio-i-restauracio-de-les-escultures-dels-elefants\/#primaryimage","url":"https:\/\/www.salvador-dali.org\/wp-content\/uploads\/2025\/03\/DINTRE2.jpg","contentUrl":"https:\/\/www.salvador-dali.org\/wp-content\/uploads\/2025\/03\/DINTRE2.jpg","width":1080,"height":1350},{"@type":"BreadcrumbList","@id":"https:\/\/www.salvador-dali.org\/ca\/obra\/conservacio-i-restauracio\/conservacio-i-restauracio-de-les-escultures-dels-elefants\/#breadcrumb","itemListElement":[{"@type":"ListItem","position":1,"name":"Inici","item":"https:\/\/www.salvador-dali.org\/ca\/"},{"@type":"ListItem","position":2,"name":"Conservaci\u00f3 i restauraci\u00f3 de les escultures dels Elefants"}]},{"@type":"WebSite","@id":"https:\/\/www.salvador-dali.org\/ca\/#website","url":"https:\/\/www.salvador-dali.org\/ca\/","name":"Fundaci\u00f3 Gala - Salvador Dal\u00ed","description":"","publisher":{"@id":"https:\/\/www.salvador-dali.org\/ca\/#organization"},"potentialAction":[{"@type":"SearchAction","target":{"@type":"EntryPoint","urlTemplate":"https:\/\/www.salvador-dali.org\/ca\/?s={search_term_string}"},"query-input":{"@type":"PropertyValueSpecification","valueRequired":true,"valueName":"search_term_string"}}],"inLanguage":"ca"},{"@type":"Organization","@id":"https:\/\/www.salvador-dali.org\/ca\/#organization","name":"Fundaci\u00f3 Gala - Salvador Dal\u00ed","url":"https:\/\/www.salvador-dali.org\/ca\/","logo":{"@type":"ImageObject","inLanguage":"ca","@id":"https:\/\/www.salvador-dali.org\/ca\/#\/schema\/logo\/image\/","url":"https:\/\/www.salvador-dali.org\/wp-content\/uploads\/2025\/04\/fundacio-gala-salvador-dali.png","contentUrl":"https:\/\/www.salvador-dali.org\/wp-content\/uploads\/2025\/04\/fundacio-gala-salvador-dali.png","width":240,"height":240,"caption":"Fundaci\u00f3 Gala - Salvador Dal\u00ed"},"image":{"@id":"https:\/\/www.salvador-dali.org\/ca\/#\/schema\/logo\/image\/"},"sameAs":["https:\/\/www.facebook.com\/MuseusDali","https:\/\/x.com\/MuseuDali","https:\/\/www.youtube.com\/user\/FundacioDali","https:\/\/www.flickr.com\/fundacio_dali\/","https:\/\/instagram.com\/museudali"]}]}},"_links":{"self":[{"href":"https:\/\/www.salvador-dali.org\/ca\/wp-json\/wp\/v2\/pages\/2101","targetHints":{"allow":["GET"]}}],"collection":[{"href":"https:\/\/www.salvador-dali.org\/ca\/wp-json\/wp\/v2\/pages"}],"about":[{"href":"https:\/\/www.salvador-dali.org\/ca\/wp-json\/wp\/v2\/types\/page"}],"author":[{"embeddable":true,"href":"https:\/\/www.salvador-dali.org\/ca\/wp-json\/wp\/v2\/users\/3"}],"replies":[{"embeddable":true,"href":"https:\/\/www.salvador-dali.org\/ca\/wp-json\/wp\/v2\/comments?post=2101"}],"version-history":[{"count":0,"href":"https:\/\/www.salvador-dali.org\/ca\/wp-json\/wp\/v2\/pages\/2101\/revisions"}],"up":[{"embeddable":true,"href":"https:\/\/www.salvador-dali.org\/ca\/wp-json\/wp\/v2\/pages\/1996"}],"wp:featuredmedia":[{"embeddable":true,"href":"https:\/\/www.salvador-dali.org\/ca\/wp-json\/wp\/v2\/media\/2102"}],"wp:attachment":[{"href":"https:\/\/www.salvador-dali.org\/ca\/wp-json\/wp\/v2\/media?parent=2101"}],"wp:term":[{"taxonomy":"category","embeddable":true,"href":"https:\/\/www.salvador-dali.org\/ca\/wp-json\/wp\/v2\/categories?post=2101"},{"taxonomy":"post_tag","embeddable":true,"href":"https:\/\/www.salvador-dali.org\/ca\/wp-json\/wp\/v2\/tags?post=2101"}],"curies":[{"name":"wp","href":"https:\/\/api.w.org\/{rel}","templated":true}]}}