{"id":2113,"date":"2025-03-14T15:01:27","date_gmt":"2025-03-14T13:01:27","guid":{"rendered":"https:\/\/www.salvador-dali.org\/?page_id=2113"},"modified":"2025-07-03T13:00:50","modified_gmt":"2025-07-03T11:00:50","slug":"projecte-de-recerca-de-lobra-grafica","status":"publish","type":"page","link":"https:\/\/www.salvador-dali.org\/ca\/obra\/conservacio-i-restauracio\/projecte-de-recerca-de-lobra-grafica\/","title":{"rendered":"Projecte de recerca de l&#8217;obra gr\u00e0fica"},"content":{"rendered":"\n<div class=\"wp-block-columns global-column is-layout-flex wp-container-core-columns-is-layout-9d6595d7 wp-block-columns-is-layout-flex\">\n<div class=\"wp-block-column is-layout-flow wp-block-column-is-layout-flow\">\n<p class=\"entradeta\">L\u2019obra gr\u00e0fica de Salvador Dal\u00ed reflecteix la seva llarga traject\u00f2ria, que consta d\u2019una producci\u00f3 extensa i molt variada amb diferents processos i t\u00e8cniques que mostren l\u2019amplitud de la visi\u00f3 de l\u2019artista, la seva creativitat i, tamb\u00e9, la seva col\u00b7laboraci\u00f3 amb editors i impressors del m\u00f3n de la impremta.<\/p>\n<\/div>\n<\/div>\n\n\n    <div  class=\"wp-block-columns swiper-column  intro intro-images bloc-destacats imatges\" style=\"background-image: linear-gradient(to right, white, white)\">\n        <div class=\"wp-block-column\">\n            <div id=\"swiper-69da1f957a532\" class=\"swiper destacats dues\" >\n                <div class=\"swiper-wrapper\">\n\n                                            <div class=\"swiper-slide intro\">\n                            <span class=\"image-background\" style=\"background-image:url(https:\/\/www.salvador-dali.org\/wp-content\/uploads\/2025\/03\/dsc_8178_editora_77_10_7_800.jpg)\"><\/span>\n                            \n                        <\/div>\n                        <div class=\"swiper-slide\">\n                           <div class=\"descripcio\">\n                            <h2>Recerca per a un nou cat\u00e0leg raonat<\/h2>\n                            <p>Fa m\u00e9s de vint anys que s\u2019estudia i investiga la seva obra gr\u00e0fica. Entre el 2002 i el 2016, les estampes del Teatre-Museu Dal\u00ed, conjuntament amb la col\u00b7lecci\u00f3 de Dal\u00ed procedent del seu llegat i dipositada a la Fundaci\u00f3 Gala-Salvador Dal\u00ed, es van estudiar de manera exhaustiva, en col\u00b7laboraci\u00f3 amb el Departament d\u2019Arts i Conservaci\u00f3-Restauraci\u00f3 i el Departament d\u2019Arts Visuals i Disseny de la Universitat de Barcelona, dins el projecte Estudi, documentaci\u00f3 i caracteritzaci\u00f3 dels materials i t\u00e8cniques de l\u2019obra gr\u00e0fica de Salvador Dal\u00ed, tal com consta a les mem\u00f2ries de la Fundaci\u00f3.<br \/>\nEl projecte d\u2019investigaci\u00f3 ha anat continuant en els darrers anys i fins a l\u2019actualitat, amb el prop\u00f2sit d\u2019elaborar el <em>Cat\u00e0leg raonat d\u2019obra gr\u00e0fica de Salvador Dal\u00ed<\/em>. El cat\u00e0leg reflectir\u00e0 el treball de llargs anys d\u2019investigaci\u00f3 i permetr\u00e0 establir les directrius fonamentals per identificar les caracter\u00edstiques materials i t\u00e8cniques de l\u2019obra gr\u00e0fica. Un dels objectius de la difusi\u00f3 dels resultats ser\u00e0 clarificar i divulgar el treball de Dal\u00ed en aquesta disciplina. La publicaci\u00f3 en l\u00ednia del cat\u00e0leg, que es far\u00e0 per trams cronol\u00f2gics, est\u00e0 prevista a finals del 2025.<\/p>\n                            <\/div>\n\n                                                    <\/div>\n                    \n\n                    \n                        \n                        <div class=\"swiper-slide\">\n                                                            <figure>\n                                    <a data-fancybox=\"gallery-69da1f957a532\" data-src=\"https:\/\/www.salvador-dali.org\/wp-content\/uploads\/2025\/03\/dsc_8178_editora_77_10_7_800.jpg\" data-caption=\"Observaci\u00f3 amb lupa binocular per a la identificaci\u00f3 t\u00e8cnica de l\u2019obra &lt;em&gt;Rhinoc\u00e9ros&lt;\/em&gt; (1968) \u00a9 Salvador Dal\u00ed, Fundaci\u00f3 Gala-Salvador Dal\u00ed, Figueres, 2025\">\n                                        <img decoding=\"async\" src=\"https:\/\/www.salvador-dali.org\/wp-content\/uploads\/2025\/03\/dsc_8178_editora_77_10_7_800.jpg\" alt=\"Observaci\u00f3 amb lupa binocular per a la identificaci\u00f3 t\u00e8cnica de l\u2019obra Rhinoc\u00e9ros (1968) \u00a9 Salvador Dal\u00ed, Fundaci\u00f3 Gala-Salvador Dal\u00ed, Figueres, 2025\"> \n\t\t\t\t          \t\t\t<\/a>\n                                                                        <figcaption class=\"custom-caption\">Observaci\u00f3 amb lupa binocular per a la identificaci\u00f3 t\u00e8cnica de l\u2019obra &lt;em&gt;Rhinoc\u00e9ros&lt;\/em&gt; (1968) \u00a9 Salvador Dal\u00ed, Fundaci\u00f3 Gala-Salvador Dal\u00ed, Figueres, 2025<\/figcaption>\n                                <\/figure>\n                                                    <\/div>\n\n                    \n                        \n                        <div class=\"swiper-slide\">\n                                                            <figure>\n                                    <a data-fancybox=\"gallery-69da1f957a532\" data-src=\"https:\/\/www.salvador-dali.org\/wp-content\/uploads\/2025\/06\/recerca-obra-grafica-1.jpg\" data-caption=\"D\u00e9tail de \u2018Le Labyrinthe\u2019 de l\u2019ensemble &lt;em&gt;Alchimie des Philosophes&lt;\/em&gt; publi\u00e9 en 1976 \u00a9 Salvador Dal\u00ed, Fondation Gala-Salvador Dal\u00ed, Figueres, 2025\">\n                                        <img decoding=\"async\" src=\"https:\/\/www.salvador-dali.org\/wp-content\/uploads\/2025\/06\/recerca-obra-grafica-1.jpg\" alt=\"D\u00e9tail de \u2018Le Labyrinthe\u2019 de l\u2019ensemble Alchimie des Philosophes publi\u00e9 en 1976 \u00a9 Salvador Dal\u00ed, Fondation Gala-Salvador Dal\u00ed, Figueres, 2025\"> \n\t\t\t\t          \t\t\t<\/a>\n                                                                        <figcaption class=\"custom-caption\">D\u00e9tail de \u2018Le Labyrinthe\u2019 de l\u2019ensemble &lt;em&gt;Alchimie des Philosophes&lt;\/em&gt; publi\u00e9 en 1976 \u00a9 Salvador Dal\u00ed, Fondation Gala-Salvador Dal\u00ed, Figueres, 2025<\/figcaption>\n                                <\/figure>\n                                                    <\/div>\n\n                    \n                        \n                        <div class=\"swiper-slide\">\n                                                            <figure>\n                                    <a data-fancybox=\"gallery-69da1f957a532\" data-src=\"https:\/\/www.salvador-dali.org\/wp-content\/uploads\/2025\/06\/recerca-obra-grafica-2.jpg\" data-caption=\"Gravure \u2018sans titre\u2019 de l\u2019ensemble &lt;em&gt;Le Tricorne&lt;\/em&gt; publi\u00e9 en 1959 \u00a9 Salvador Dal\u00ed, Fondation Gala-Salvador Dal\u00ed, Figueres, 2025\">\n                                        <img decoding=\"async\" src=\"https:\/\/www.salvador-dali.org\/wp-content\/uploads\/2025\/06\/recerca-obra-grafica-2.jpg\" alt=\"Gravure \u2018sans titre\u2019 de l\u2019ensemble Le Tricorne publi\u00e9 en 1959 \u00a9 Salvador Dal\u00ed, Fondation Gala-Salvador Dal\u00ed, Figueres, 2025\"> \n\t\t\t\t          \t\t\t<\/a>\n                                                                        <figcaption class=\"custom-caption\">Gravure \u2018sans titre\u2019 de l\u2019ensemble &lt;em&gt;Le Tricorne&lt;\/em&gt; publi\u00e9 en 1959 \u00a9 Salvador Dal\u00ed, Fondation Gala-Salvador Dal\u00ed, Figueres, 2025<\/figcaption>\n                                <\/figure>\n                                                    <\/div>\n\n                    \n                        \n                        <div class=\"swiper-slide\">\n                                                            <figure>\n                                    <a data-fancybox=\"gallery-69da1f957a532\" data-src=\"https:\/\/www.salvador-dali.org\/wp-content\/uploads\/2025\/06\/recerca-obra-grafica-3.jpg\" data-caption=\"Observation en lumi\u00e8re rasante de l\u2019ex-libris d\u2019Andr\u00e9 Breton &lt;em&gt;Le Tamanoir&lt;\/em&gt; (1931) de S. Dal\u00ed \u00a9 Salvador Dal\u00ed, Fondation Gala-Salvador Dal\u00ed, Figueres, 2025\">\n                                        <img decoding=\"async\" src=\"https:\/\/www.salvador-dali.org\/wp-content\/uploads\/2025\/06\/recerca-obra-grafica-3.jpg\" alt=\"Observation en lumi\u00e8re rasante de l\u2019ex-libris d\u2019Andr\u00e9 Breton Le Tamanoir (1931) de S. Dal\u00ed \u00a9 Salvador Dal\u00ed, Fondation Gala-Salvador Dal\u00ed, Figueres, 2025\"> \n\t\t\t\t          \t\t\t<\/a>\n                                                                        <figcaption class=\"custom-caption\">Observation en lumi\u00e8re rasante de l\u2019ex-libris d\u2019Andr\u00e9 Breton &lt;em&gt;Le Tamanoir&lt;\/em&gt; (1931) de S. Dal\u00ed \u00a9 Salvador Dal\u00ed, Fondation Gala-Salvador Dal\u00ed, Figueres, 2025<\/figcaption>\n                                <\/figure>\n                                                    <\/div>\n\n                    \n                        \n                        <div class=\"swiper-slide\">\n                                                            <figure>\n                                    <a data-fancybox=\"gallery-69da1f957a532\" data-src=\"https:\/\/www.salvador-dali.org\/wp-content\/uploads\/2025\/07\/05_SurrealisticFlowergirl_ZICRosa10x_FotolitoOffset_Lito_Gravat.jpg\" data-caption=\"Detall amb lupa binocular de \u2018Surrealistic flower girl\u2019 del conjunt &lt;em&gt;Memories of Surrealism&lt;\/em&gt; del 1971 \u00a9 Salvador Dal\u00ed, Fundaci\u00f3 Gala-Salvador Dal\u00ed, Figueres, 2025\">\n                                        <img decoding=\"async\" src=\"https:\/\/www.salvador-dali.org\/wp-content\/uploads\/2025\/07\/05_SurrealisticFlowergirl_ZICRosa10x_FotolitoOffset_Lito_Gravat-1024x760.jpg\" alt=\"Detall amb lupa binocular de \u2018Surrealistic flower girl\u2019 del conjunt Memories of Surrealism del 1971 \u00a9 Salvador Dal\u00ed, Fundaci\u00f3 Gala-Salvador Dal\u00ed, Figueres, 2025\"> \n\t\t\t\t          \t\t\t<\/a>\n                                                                        <figcaption class=\"custom-caption\">Detall amb lupa binocular de \u2018Surrealistic flower girl\u2019 del conjunt &lt;em&gt;Memories of Surrealism&lt;\/em&gt; del 1971 \u00a9 Salvador Dal\u00ed, Fundaci\u00f3 Gala-Salvador Dal\u00ed, Figueres, 2025<\/figcaption>\n                                <\/figure>\n                                                    <\/div>\n\n                                    <\/div>\n                <!-- Swiper navigation buttons -->\n                <div class=\"swiper-button-prev\">\n                    <span class=\"screen-reader-text\">Diapositiva anterior<\/span>\n                <\/div>\n                <div class=\"swiper-button-next\">\n                    <span class=\"screen-reader-text\">Diapositiva seg\u00fcent<\/span>\n                <\/div>\n            <\/div>\n        <\/div>\n    <\/div>\n\n\n\n<!-- Swiper JS -->\n<script src=\"https:\/\/cdn.jsdelivr.net\/npm\/swiper@11\/swiper-bundle.min.js\"><\/script>\n\n<!-- Initialize Swiper -->\n<script>\n\njQuery( document ).ready(function() {      \n\n    Tipus = 'intro-images';\n\n    updateSpaceBetween();\n    spaceBetweenInicial = 60;\n    \n    if (Tipus=='intro-images' ) {\n    \/\/    spaceBetweenValueModul = 0;\n    }\n\n\n\n    console.log(\"spaceBetweenValueModul\",spaceBetweenValueModul);\n\n    var swiper = new Swiper(\"#swiper-69da1f957a532\", {\n      slidesPerView: \"auto\",\n      spaceBetween: spaceBetweenInicial,\n      \tfreeMode: true,\n\t  \tbreakpoints: {\n\t        \/\/ Quan l'amplada de la pantalla sigui major a 1024px\n\t        1024: {\n\t            spaceBetween: spaceBetweenValue,\n\t        },\n\t    },\n        \/\/ Navigation arrows\n        navigation: {\n            nextEl: '.swiper-button-next',\n            prevEl: '.swiper-button-prev',\n        },\n        mousewheel: {\n            releaseOnEdges: true,\n            forceToAxis: true,\n            sensitivity:    1,\n        },\n        a11y: {\n            prevSlideMessage: 'Diapositiva anterior',\n            nextSlideMessage: 'Diapositiva seg\u00fcent',\n        },\n    });\n\n\n \n\n\n    \/*\n    jQuery('.bloc-destacats').each(function() {\n        const nextDiv = jQuery(this).next('div');\n        if (nextDiv.hasClass('contingut-ampliat')) {\n            console.log('T\u00e9 .contingut-ampliat despr\u00e9s');\n            \/\/ Aqu\u00ed pots fer accions, per exemple:\n            \/\/ $nextDiv.addClass('marcat'); o $(this).append($nextDiv);\n        }\n    });\n    *\/\n})\n<\/script>\n\n","protected":false},"excerpt":{"rendered":"<p>L\u2019obra gr\u00e0fica de Salvador Dal\u00ed reflecteix la seva llarga traject\u00f2ria, que consta d\u2019una producci\u00f3 extensa i molt variada amb diferents processos i t\u00e8cniques que mostren l\u2019amplitud de la visi\u00f3 de l\u2019artista, la seva creativitat i, tamb\u00e9, la seva col\u00b7laboraci\u00f3 amb editors i impressors del m\u00f3n de la impremta.<\/p>\n","protected":false},"author":3,"featured_media":2114,"parent":1996,"menu_order":1,"comment_status":"closed","ping_status":"closed","template":"","meta":{"_acf_changed":false,"_coblocks_attr":"","_coblocks_dimensions":"","_coblocks_responsive_height":"","_coblocks_accordion_ie_support":"","footnotes":""},"categories":[],"tags":[],"class_list":["post-2113","page","type-page","status-publish","has-post-thumbnail","hentry"],"acf":[],"yoast_head":"<!-- This site is optimized with the Yoast SEO plugin v27.3 - https:\/\/yoast.com\/product\/yoast-seo-wordpress\/ -->\n<title>Projecte de recerca de l&#039;obra gr\u00e0fica - Fundaci\u00f3 Gala - Salvador Dal\u00ed<\/title>\n<meta name=\"robots\" content=\"index, follow, max-snippet:-1, max-image-preview:large, max-video-preview:-1\" \/>\n<link rel=\"canonical\" href=\"https:\/\/www.salvador-dali.org\/ca\/obra\/conservacio-i-restauracio\/projecte-de-recerca-de-lobra-grafica\/\" \/>\n<meta property=\"og:locale\" content=\"ca_ES\" \/>\n<meta property=\"og:type\" content=\"article\" \/>\n<meta property=\"og:title\" content=\"Projecte de recerca de l&#039;obra gr\u00e0fica - Fundaci\u00f3 Gala - Salvador Dal\u00ed\" \/>\n<meta property=\"og:description\" content=\"L\u2019obra gr\u00e0fica de Salvador Dal\u00ed reflecteix la seva llarga traject\u00f2ria, que consta d\u2019una producci\u00f3 extensa i molt variada amb diferents processos i t\u00e8cniques que mostren l\u2019amplitud de la visi\u00f3 de l\u2019artista, la seva creativitat i, tamb\u00e9, la seva col\u00b7laboraci\u00f3 amb editors i impressors del m\u00f3n de la impremta.\" \/>\n<meta property=\"og:url\" content=\"https:\/\/www.salvador-dali.org\/ca\/obra\/conservacio-i-restauracio\/projecte-de-recerca-de-lobra-grafica\/\" \/>\n<meta property=\"og:site_name\" content=\"Fundaci\u00f3 Gala - Salvador Dal\u00ed\" \/>\n<meta property=\"article:publisher\" content=\"https:\/\/www.facebook.com\/MuseusDali\" \/>\n<meta property=\"article:modified_time\" content=\"2025-07-03T11:00:50+00:00\" \/>\n<meta property=\"og:image\" content=\"https:\/\/www.salvador-dali.org\/wp-content\/uploads\/2025\/03\/dsc_8178_editora_77_10_7_800.jpg\" \/>\n\t<meta property=\"og:image:width\" content=\"800\" \/>\n\t<meta property=\"og:image:height\" content=\"675\" \/>\n\t<meta property=\"og:image:type\" content=\"image\/jpeg\" \/>\n<meta name=\"twitter:card\" content=\"summary_large_image\" \/>\n<meta name=\"twitter:site\" content=\"@MuseuDali\" \/>\n<meta name=\"twitter:label1\" content=\"Temps estimat de lectura\" \/>\n\t<meta name=\"twitter:data1\" content=\"1 minut\" \/>\n<script type=\"application\/ld+json\" class=\"yoast-schema-graph\">{\"@context\":\"https:\\\/\\\/schema.org\",\"@graph\":[{\"@type\":\"WebPage\",\"@id\":\"https:\\\/\\\/www.salvador-dali.org\\\/ca\\\/obra\\\/conservacio-i-restauracio\\\/projecte-de-recerca-de-lobra-grafica\\\/\",\"url\":\"https:\\\/\\\/www.salvador-dali.org\\\/ca\\\/obra\\\/conservacio-i-restauracio\\\/projecte-de-recerca-de-lobra-grafica\\\/\",\"name\":\"Projecte de recerca de l'obra gr\u00e0fica - Fundaci\u00f3 Gala - Salvador Dal\u00ed\",\"isPartOf\":{\"@id\":\"https:\\\/\\\/www.salvador-dali.org\\\/ca\\\/#website\"},\"primaryImageOfPage\":{\"@id\":\"https:\\\/\\\/www.salvador-dali.org\\\/ca\\\/obra\\\/conservacio-i-restauracio\\\/projecte-de-recerca-de-lobra-grafica\\\/#primaryimage\"},\"image\":{\"@id\":\"https:\\\/\\\/www.salvador-dali.org\\\/ca\\\/obra\\\/conservacio-i-restauracio\\\/projecte-de-recerca-de-lobra-grafica\\\/#primaryimage\"},\"thumbnailUrl\":\"https:\\\/\\\/www.salvador-dali.org\\\/wp-content\\\/uploads\\\/2025\\\/03\\\/dsc_8178_editora_77_10_7_800.jpg\",\"datePublished\":\"2025-03-14T13:01:27+00:00\",\"dateModified\":\"2025-07-03T11:00:50+00:00\",\"breadcrumb\":{\"@id\":\"https:\\\/\\\/www.salvador-dali.org\\\/ca\\\/obra\\\/conservacio-i-restauracio\\\/projecte-de-recerca-de-lobra-grafica\\\/#breadcrumb\"},\"inLanguage\":\"ca\",\"potentialAction\":[{\"@type\":\"ReadAction\",\"target\":[\"https:\\\/\\\/www.salvador-dali.org\\\/ca\\\/obra\\\/conservacio-i-restauracio\\\/projecte-de-recerca-de-lobra-grafica\\\/\"]}]},{\"@type\":\"ImageObject\",\"inLanguage\":\"ca\",\"@id\":\"https:\\\/\\\/www.salvador-dali.org\\\/ca\\\/obra\\\/conservacio-i-restauracio\\\/projecte-de-recerca-de-lobra-grafica\\\/#primaryimage\",\"url\":\"https:\\\/\\\/www.salvador-dali.org\\\/wp-content\\\/uploads\\\/2025\\\/03\\\/dsc_8178_editora_77_10_7_800.jpg\",\"contentUrl\":\"https:\\\/\\\/www.salvador-dali.org\\\/wp-content\\\/uploads\\\/2025\\\/03\\\/dsc_8178_editora_77_10_7_800.jpg\",\"width\":800,\"height\":675,\"caption\":\"Observaci\u00f3 amb lupa binocular per a la identificaci\u00f3 t\u00e8cnica de l\u2019obra Rhinoc\u00e9ros (1968) \u00a9 Salvador Dal\u00ed, Fundaci\u00f3 Gala-Salvador Dal\u00ed, Figueres, 2025\"},{\"@type\":\"BreadcrumbList\",\"@id\":\"https:\\\/\\\/www.salvador-dali.org\\\/ca\\\/obra\\\/conservacio-i-restauracio\\\/projecte-de-recerca-de-lobra-grafica\\\/#breadcrumb\",\"itemListElement\":[{\"@type\":\"ListItem\",\"position\":1,\"name\":\"Inici\",\"item\":\"https:\\\/\\\/www.salvador-dali.org\\\/ca\\\/\"},{\"@type\":\"ListItem\",\"position\":2,\"name\":\"Projecte de recerca de l&#8217;obra gr\u00e0fica\"}]},{\"@type\":\"WebSite\",\"@id\":\"https:\\\/\\\/www.salvador-dali.org\\\/ca\\\/#website\",\"url\":\"https:\\\/\\\/www.salvador-dali.org\\\/ca\\\/\",\"name\":\"Fundaci\u00f3 Gala - Salvador Dal\u00ed\",\"description\":\"\",\"publisher\":{\"@id\":\"https:\\\/\\\/www.salvador-dali.org\\\/ca\\\/#organization\"},\"potentialAction\":[{\"@type\":\"SearchAction\",\"target\":{\"@type\":\"EntryPoint\",\"urlTemplate\":\"https:\\\/\\\/www.salvador-dali.org\\\/ca\\\/?s={search_term_string}\"},\"query-input\":{\"@type\":\"PropertyValueSpecification\",\"valueRequired\":true,\"valueName\":\"search_term_string\"}}],\"inLanguage\":\"ca\"},{\"@type\":\"Organization\",\"@id\":\"https:\\\/\\\/www.salvador-dali.org\\\/ca\\\/#organization\",\"name\":\"Fundaci\u00f3 Gala - Salvador Dal\u00ed\",\"url\":\"https:\\\/\\\/www.salvador-dali.org\\\/ca\\\/\",\"logo\":{\"@type\":\"ImageObject\",\"inLanguage\":\"ca\",\"@id\":\"https:\\\/\\\/www.salvador-dali.org\\\/ca\\\/#\\\/schema\\\/logo\\\/image\\\/\",\"url\":\"https:\\\/\\\/www.salvador-dali.org\\\/wp-content\\\/uploads\\\/2025\\\/04\\\/fundacio-gala-salvador-dali.png\",\"contentUrl\":\"https:\\\/\\\/www.salvador-dali.org\\\/wp-content\\\/uploads\\\/2025\\\/04\\\/fundacio-gala-salvador-dali.png\",\"width\":240,\"height\":240,\"caption\":\"Fundaci\u00f3 Gala - Salvador Dal\u00ed\"},\"image\":{\"@id\":\"https:\\\/\\\/www.salvador-dali.org\\\/ca\\\/#\\\/schema\\\/logo\\\/image\\\/\"},\"sameAs\":[\"https:\\\/\\\/www.facebook.com\\\/MuseusDali\",\"https:\\\/\\\/x.com\\\/MuseuDali\",\"https:\\\/\\\/www.youtube.com\\\/user\\\/FundacioDali\",\"https:\\\/\\\/www.flickr.com\\\/fundacio_dali\\\/\",\"https:\\\/\\\/instagram.com\\\/museudali\"]}]}<\/script>\n<!-- \/ Yoast SEO plugin. -->","yoast_head_json":{"title":"Projecte de recerca de l'obra gr\u00e0fica - Fundaci\u00f3 Gala - Salvador Dal\u00ed","robots":{"index":"index","follow":"follow","max-snippet":"max-snippet:-1","max-image-preview":"max-image-preview:large","max-video-preview":"max-video-preview:-1"},"canonical":"https:\/\/www.salvador-dali.org\/ca\/obra\/conservacio-i-restauracio\/projecte-de-recerca-de-lobra-grafica\/","og_locale":"ca_ES","og_type":"article","og_title":"Projecte de recerca de l'obra gr\u00e0fica - Fundaci\u00f3 Gala - Salvador Dal\u00ed","og_description":"L\u2019obra gr\u00e0fica de Salvador Dal\u00ed reflecteix la seva llarga traject\u00f2ria, que consta d\u2019una producci\u00f3 extensa i molt variada amb diferents processos i t\u00e8cniques que mostren l\u2019amplitud de la visi\u00f3 de l\u2019artista, la seva creativitat i, tamb\u00e9, la seva col\u00b7laboraci\u00f3 amb editors i impressors del m\u00f3n de la impremta.","og_url":"https:\/\/www.salvador-dali.org\/ca\/obra\/conservacio-i-restauracio\/projecte-de-recerca-de-lobra-grafica\/","og_site_name":"Fundaci\u00f3 Gala - Salvador Dal\u00ed","article_publisher":"https:\/\/www.facebook.com\/MuseusDali","article_modified_time":"2025-07-03T11:00:50+00:00","og_image":[{"width":800,"height":675,"url":"https:\/\/www.salvador-dali.org\/wp-content\/uploads\/2025\/03\/dsc_8178_editora_77_10_7_800.jpg","type":"image\/jpeg"}],"twitter_card":"summary_large_image","twitter_site":"@MuseuDali","twitter_misc":{"Temps estimat de lectura":"1 minut"},"schema":{"@context":"https:\/\/schema.org","@graph":[{"@type":"WebPage","@id":"https:\/\/www.salvador-dali.org\/ca\/obra\/conservacio-i-restauracio\/projecte-de-recerca-de-lobra-grafica\/","url":"https:\/\/www.salvador-dali.org\/ca\/obra\/conservacio-i-restauracio\/projecte-de-recerca-de-lobra-grafica\/","name":"Projecte de recerca de l'obra gr\u00e0fica - Fundaci\u00f3 Gala - Salvador Dal\u00ed","isPartOf":{"@id":"https:\/\/www.salvador-dali.org\/ca\/#website"},"primaryImageOfPage":{"@id":"https:\/\/www.salvador-dali.org\/ca\/obra\/conservacio-i-restauracio\/projecte-de-recerca-de-lobra-grafica\/#primaryimage"},"image":{"@id":"https:\/\/www.salvador-dali.org\/ca\/obra\/conservacio-i-restauracio\/projecte-de-recerca-de-lobra-grafica\/#primaryimage"},"thumbnailUrl":"https:\/\/www.salvador-dali.org\/wp-content\/uploads\/2025\/03\/dsc_8178_editora_77_10_7_800.jpg","datePublished":"2025-03-14T13:01:27+00:00","dateModified":"2025-07-03T11:00:50+00:00","breadcrumb":{"@id":"https:\/\/www.salvador-dali.org\/ca\/obra\/conservacio-i-restauracio\/projecte-de-recerca-de-lobra-grafica\/#breadcrumb"},"inLanguage":"ca","potentialAction":[{"@type":"ReadAction","target":["https:\/\/www.salvador-dali.org\/ca\/obra\/conservacio-i-restauracio\/projecte-de-recerca-de-lobra-grafica\/"]}]},{"@type":"ImageObject","inLanguage":"ca","@id":"https:\/\/www.salvador-dali.org\/ca\/obra\/conservacio-i-restauracio\/projecte-de-recerca-de-lobra-grafica\/#primaryimage","url":"https:\/\/www.salvador-dali.org\/wp-content\/uploads\/2025\/03\/dsc_8178_editora_77_10_7_800.jpg","contentUrl":"https:\/\/www.salvador-dali.org\/wp-content\/uploads\/2025\/03\/dsc_8178_editora_77_10_7_800.jpg","width":800,"height":675,"caption":"Observaci\u00f3 amb lupa binocular per a la identificaci\u00f3 t\u00e8cnica de l\u2019obra Rhinoc\u00e9ros (1968) \u00a9 Salvador Dal\u00ed, Fundaci\u00f3 Gala-Salvador Dal\u00ed, Figueres, 2025"},{"@type":"BreadcrumbList","@id":"https:\/\/www.salvador-dali.org\/ca\/obra\/conservacio-i-restauracio\/projecte-de-recerca-de-lobra-grafica\/#breadcrumb","itemListElement":[{"@type":"ListItem","position":1,"name":"Inici","item":"https:\/\/www.salvador-dali.org\/ca\/"},{"@type":"ListItem","position":2,"name":"Projecte de recerca de l&#8217;obra gr\u00e0fica"}]},{"@type":"WebSite","@id":"https:\/\/www.salvador-dali.org\/ca\/#website","url":"https:\/\/www.salvador-dali.org\/ca\/","name":"Fundaci\u00f3 Gala - Salvador Dal\u00ed","description":"","publisher":{"@id":"https:\/\/www.salvador-dali.org\/ca\/#organization"},"potentialAction":[{"@type":"SearchAction","target":{"@type":"EntryPoint","urlTemplate":"https:\/\/www.salvador-dali.org\/ca\/?s={search_term_string}"},"query-input":{"@type":"PropertyValueSpecification","valueRequired":true,"valueName":"search_term_string"}}],"inLanguage":"ca"},{"@type":"Organization","@id":"https:\/\/www.salvador-dali.org\/ca\/#organization","name":"Fundaci\u00f3 Gala - Salvador Dal\u00ed","url":"https:\/\/www.salvador-dali.org\/ca\/","logo":{"@type":"ImageObject","inLanguage":"ca","@id":"https:\/\/www.salvador-dali.org\/ca\/#\/schema\/logo\/image\/","url":"https:\/\/www.salvador-dali.org\/wp-content\/uploads\/2025\/04\/fundacio-gala-salvador-dali.png","contentUrl":"https:\/\/www.salvador-dali.org\/wp-content\/uploads\/2025\/04\/fundacio-gala-salvador-dali.png","width":240,"height":240,"caption":"Fundaci\u00f3 Gala - Salvador Dal\u00ed"},"image":{"@id":"https:\/\/www.salvador-dali.org\/ca\/#\/schema\/logo\/image\/"},"sameAs":["https:\/\/www.facebook.com\/MuseusDali","https:\/\/x.com\/MuseuDali","https:\/\/www.youtube.com\/user\/FundacioDali","https:\/\/www.flickr.com\/fundacio_dali\/","https:\/\/instagram.com\/museudali"]}]}},"_links":{"self":[{"href":"https:\/\/www.salvador-dali.org\/ca\/wp-json\/wp\/v2\/pages\/2113","targetHints":{"allow":["GET"]}}],"collection":[{"href":"https:\/\/www.salvador-dali.org\/ca\/wp-json\/wp\/v2\/pages"}],"about":[{"href":"https:\/\/www.salvador-dali.org\/ca\/wp-json\/wp\/v2\/types\/page"}],"author":[{"embeddable":true,"href":"https:\/\/www.salvador-dali.org\/ca\/wp-json\/wp\/v2\/users\/3"}],"replies":[{"embeddable":true,"href":"https:\/\/www.salvador-dali.org\/ca\/wp-json\/wp\/v2\/comments?post=2113"}],"version-history":[{"count":0,"href":"https:\/\/www.salvador-dali.org\/ca\/wp-json\/wp\/v2\/pages\/2113\/revisions"}],"up":[{"embeddable":true,"href":"https:\/\/www.salvador-dali.org\/ca\/wp-json\/wp\/v2\/pages\/1996"}],"wp:featuredmedia":[{"embeddable":true,"href":"https:\/\/www.salvador-dali.org\/ca\/wp-json\/wp\/v2\/media\/2114"}],"wp:attachment":[{"href":"https:\/\/www.salvador-dali.org\/ca\/wp-json\/wp\/v2\/media?parent=2113"}],"wp:term":[{"taxonomy":"category","embeddable":true,"href":"https:\/\/www.salvador-dali.org\/ca\/wp-json\/wp\/v2\/categories?post=2113"},{"taxonomy":"post_tag","embeddable":true,"href":"https:\/\/www.salvador-dali.org\/ca\/wp-json\/wp\/v2\/tags?post=2113"}],"curies":[{"name":"wp","href":"https:\/\/api.w.org\/{rel}","templated":true}]}}