{"id":2260,"date":"2025-03-17T14:06:31","date_gmt":"2025-03-17T12:06:31","guid":{"rendered":"https:\/\/www.salvador-dali.org\/?page_id=2260"},"modified":"2025-06-26T17:03:35","modified_gmt":"2025-06-26T15:03:35","slug":"colleccio","status":"publish","type":"page","link":"https:\/\/www.salvador-dali.org\/ca\/obra\/colleccio\/","title":{"rendered":"Col\u00b7lecci\u00f3"},"content":{"rendered":"\n<div class=\"wp-block-columns global-column is-layout-flex wp-container-core-columns-is-layout-9d6595d7 wp-block-columns-is-layout-flex\">\n<div class=\"wp-block-column is-layout-flow wp-block-column-is-layout-flow\">\n<p class=\"entradeta\">Les obres de la Col\u00b7lecci\u00f3 s\u00f3n de Salvador Dal\u00ed tot i que tamb\u00e9 hi ha obres d\u2019altres artistes que ell va col\u00b7leccionar o escollir per formar part dels seus museus. Aquestes obres es&nbsp;poden veure preferentment&nbsp;al Teatre-Museu Dal\u00ed de Figueres, si b\u00e9 algunes es conserven o formen part intr\u00ednseca de les cases-museu de Portlligat i P\u00fabol.<\/p>\n\n\n\n<p>Les obres provenen de la col\u00b7lecci\u00f3 personal que l\u2019artista va donar per a la creaci\u00f3 del Teatre-Museu Dal\u00ed inaugurat el 28 de setembre del 1974. Entre aquestes, destaquen pintures tan ic\u00f2niques com&nbsp;<em>Autoretrat amb coll rafaelesc<\/em>&nbsp;(c.1921),&nbsp;<em>L\u2019espectre del sex-appeal&nbsp;<\/em>(1934),&nbsp;<em>Galarina<\/em>&nbsp;i&nbsp;<em>La cistella de pa<\/em>&nbsp;(1945) o&nbsp;<em>Gala Plac\u00eddia&nbsp;<\/em>(1952). Algunes instal\u00b7lacions com el&nbsp;<em>Taxi pluj\u00f3s<\/em>&nbsp;varen ser creades&nbsp;expressament per Salvador Dal\u00ed i formen&nbsp;part inherent del seu projecte museogr\u00e0fic. Tamb\u00e9 es poden veure obres d\u2019artistes pr\u00f2xims com Antoni Pitxot i Evarist Vall\u00e8s, mentre que a la Sala d\u2019obres mestres hi ha obres d\u2019El Greco, Marcel Duchamp, Ernest Meissonier, William Adolf Bouguereau, Mari\u00e0 Fortuny, Modest Urgell, Gerard Dou, tots ells referents importants de l\u2019artista. Addicionalment, i des de l&#8217;any 1991, la Fundaci\u00f3 Gala-Salvador Dal\u00ed porta a terme una intensa pol\u00edtica d&#8217;adquisicions d\u2019obra de Dal\u00ed destinada a enriquir la Col\u00b7lecci\u00f3, amb l\u2019objectiu d\u2019afavorir la comprensi\u00f3 de la traject\u00f2ria art\u00edstica, el pensament i la vida de l\u2019artista. Una de les m\u00e9s destacades \u00e9s l\u2019adquisici\u00f3 de la col\u00b7lecci\u00f3 de joies l\u2019any 2000, resultat de la col\u00b7laboraci\u00f3 amb els joiers americans Alemany &amp; Ertman. Mentre que entre les adquisicions m\u00e9s recents, destaquen&nbsp;algunes obres del per\u00edode&nbsp;surrealista que permeten explorar la veritable&nbsp;aportaci\u00f3 de Dal\u00ed al&nbsp;moviment que el va projectar a nivell internacional.<\/p>\n\n\n\n    <div class=\"button fletxa\"><a  href=\"https:\/\/www.salvador-dali.org\/ca\/obra\/colleccio\/colleccio-en-linia\/\">Consulta<\/a><\/div>\n\n\n\n    \n\n\n\n\n\n<\/div>\n<\/div>\n\n\n    <div  class=\"wp-block-columns swiper-column   destacat bloc-destacats \" style=\"background-image: linear-gradient(to right, white, white)\">\n        <div class=\"wp-block-column\">\n            <div id=\"swiper-69e7889a49fa1\" class=\"swiper destacats dues\" >\n                <div class=\"swiper-wrapper\">\n\n                                            <div class=\"swiper-slide intro\">\n                            <h2>Descobreix la diversitat de mitjans d&#8217;expressi\u00f3 de la col\u00b7lecci\u00f3<\/h2>\n                            <div class=\"descripcio\"><p>Pintures ic\u00f2niques, escultures, dibuixos, obra gr\u00e0fica, joies \u00faniques, mobiliari, fotografies i molt m\u00e9s formen part d\u2019una col\u00b7lecci\u00f3 excepcional i diversa on conviuen creacions de Dal\u00ed amb obres que va seleccionar personalment per als seus museus.<\/p>\n<\/div>\n                                                    <\/div>\n                    \n\n                    \n                        \n                        <div class=\"swiper-slide\">\n                                                            <div class=\"banner\" style=\"background-image: url(https:\/\/www.salvador-dali.org\/wp-content\/uploads\/2025\/06\/default-1-614x1024.jpg)\">\n                                                                            <ul class=\"context\">\n                                            <li class=\"context__item\" aria-label=\"hidden\">                                            <\/li>\n                                        <\/ul>\n                                    \n                                    <h3 class=\"titol\">Pintura<\/h3>\n                                        \n                                    <div class=\"button consulta\"><a href=\"https:\/\/www.salvador-dali.org\/ca\/obra\/colleccio\/colleccio-en-linia\/?properties=objectNames&#038;values=\/coeli\/FGSD\/SKOSConcept\/e3d45eae-0ae3-5583-83bb-410974234506&#038;labels=Pintura\">Consulta<\/a><\/div>\n\n                                    \n                                <\/div>\n                                                    <\/div>\n\n                    \n                        \n                        <div class=\"swiper-slide\">\n                                                            <div class=\"banner\" style=\"background-image: url(https:\/\/www.salvador-dali.org\/wp-content\/uploads\/2025\/06\/default-2-700x1024.jpg)\">\n                                                                            <ul class=\"context\">\n                                            <li class=\"context__item\" aria-label=\"hidden\">                                            <\/li>\n                                        <\/ul>\n                                    \n                                    <h3 class=\"titol\">Dibuix<\/h3>\n                                        \n                                    <div class=\"button consulta\"><a href=\"https:\/\/www.salvador-dali.org\/ca\/obra\/colleccio\/colleccio-en-linia\/?properties=objectNames&#038;values=\/coeli\/FGSD\/SKOSConcept\/901ca039-9293-4b37-ab7a-7fbc8085aa7e&#038;labels=Dibuix\">Consulta<\/a><\/div>\n\n                                    \n                                <\/div>\n                                                    <\/div>\n\n                    \n                        \n                        <div class=\"swiper-slide\">\n                                                            <div class=\"banner\" style=\"background-image: url(https:\/\/www.salvador-dali.org\/wp-content\/uploads\/2025\/06\/default-4-815x1024.jpg)\">\n                                                                            <ul class=\"context\">\n                                            <li class=\"context__item\" aria-label=\"hidden\">                                            <\/li>\n                                        <\/ul>\n                                    \n                                    <h3 class=\"titol\">Escultura<\/h3>\n                                        \n                                    <div class=\"button consulta\"><a href=\"https:\/\/www.salvador-dali.org\/ca\/obra\/colleccio\/colleccio-en-linia\/?properties=objectNames&#038;values=\/coeli\/FGSD\/SKOSConcept\/ee6a120f-9cf1-8573-8e61-2085f72a3dbf&#038;labels=Escultura\">Consulta<\/a><\/div>\n\n                                    \n                                <\/div>\n                                                    <\/div>\n\n                    \n                        \n                        <div class=\"swiper-slide\">\n                                                            <div class=\"banner\" style=\"background-image: url(https:\/\/www.salvador-dali.org\/wp-content\/uploads\/2025\/06\/default-759x1024.jpg)\">\n                                                                            <ul class=\"context\">\n                                            <li class=\"context__item\" aria-label=\"hidden\">                                            <\/li>\n                                        <\/ul>\n                                    \n                                    <h3 class=\"titol\">Joies<\/h3>\n                                        \n                                    <div class=\"button consulta\"><a href=\"https:\/\/www.salvador-dali.org\/ca\/obra\/colleccio\/colleccio-en-linia\/?properties=objectNames&#038;values=\/coeli\/FGSD\/SKOSConcept\/0a187ff3-7dca-4dd4-8a39-31fedba95e76&#038;labels=Joies\">Consulta<\/a><\/div>\n\n                                    \n                                <\/div>\n                                                    <\/div>\n\n                    \n                        \n                        <div class=\"swiper-slide\">\n                                                            <div class=\"banner\" style=\"background-image: url(https:\/\/www.salvador-dali.org\/wp-content\/uploads\/2025\/06\/default-5-806x1024.jpg)\">\n                                                                            <ul class=\"context\">\n                                            <li class=\"context__item\" aria-label=\"hidden\">                                            <\/li>\n                                        <\/ul>\n                                    \n                                    <h3 class=\"titol\">Obra gr\u00e0fica<\/h3>\n                                        \n                                    <div class=\"button consulta\"><a href=\"https:\/\/www.salvador-dali.org\/ca\/obra\/colleccio\/colleccio-en-linia\/?properties=objectNames&#038;values=\/coeli\/FGSD\/SKOSConcept\/aat_300041273&#038;labels=estampa%20(obra%20visual)\">Consulta<\/a><\/div>\n\n                                    \n                                <\/div>\n                                                    <\/div>\n\n                    \n                        \n                        <div class=\"swiper-slide\">\n                                                            <div class=\"banner\" style=\"background-image: url(https:\/\/www.salvador-dali.org\/wp-content\/uploads\/2025\/06\/default-6-634x1024.jpg)\">\n                                                                            <ul class=\"context\">\n                                            <li class=\"context__item\" aria-label=\"hidden\">                                            <\/li>\n                                        <\/ul>\n                                    \n                                    <h3 class=\"titol\">Indument\u00e0ria<\/h3>\n                                        \n                                    <div class=\"button consulta\"><a href=\"https:\/\/www.salvador-dali.org\/ca\/obra\/colleccio\/colleccio-en-linia\/?properties=objectNames&#038;values=\/coeli\/FGSD\/SKOSConcept\/5423999e-c179-092e-96fb-e74783b127b0&#038;labels=Indument%C3%A0ria\">Consulta<\/a><\/div>\n\n                                    \n                                <\/div>\n                                                    <\/div>\n\n                                    <\/div>\n                <!-- Swiper navigation buttons -->\n                <div class=\"swiper-button-prev\">\n                    <span class=\"screen-reader-text\">Diapositiva anterior<\/span>\n                <\/div>\n                <div class=\"swiper-button-next\">\n                    <span class=\"screen-reader-text\">Diapositiva seg\u00fcent<\/span>\n                <\/div>\n            <\/div>\n        <\/div>\n    <\/div>\n\n\n\n<!-- Swiper JS -->\n<script src=\"https:\/\/cdn.jsdelivr.net\/npm\/swiper@11\/swiper-bundle.min.js\"><\/script>\n\n<!-- Initialize Swiper -->\n<script>\n\njQuery( document ).ready(function() {      \n\n    Tipus = 'destacat';\n\n    updateSpaceBetween();\n    spaceBetweenInicial = 60;\n    \n    if (Tipus=='intro-images' ) {\n    \/\/    spaceBetweenValueModul = 0;\n    }\n\n\n\n    console.log(\"spaceBetweenValueModul\",spaceBetweenValueModul);\n\n    var swiper = new Swiper(\"#swiper-69e7889a49fa1\", {\n      slidesPerView: \"auto\",\n      spaceBetween: spaceBetweenInicial,\n      \tfreeMode: true,\n\t  \tbreakpoints: {\n\t        \/\/ Quan l'amplada de la pantalla sigui major a 1024px\n\t        1024: {\n\t            spaceBetween: spaceBetweenValue,\n\t        },\n\t    },\n        \/\/ Navigation arrows\n        navigation: {\n            nextEl: '.swiper-button-next',\n            prevEl: '.swiper-button-prev',\n        },\n        mousewheel: {\n            releaseOnEdges: true,\n            forceToAxis: true,\n            sensitivity:    1,\n        },\n        a11y: {\n            prevSlideMessage: 'Diapositiva anterior',\n            nextSlideMessage: 'Diapositiva seg\u00fcent',\n        },\n    });\n\n\n \n\n\n    \/*\n    jQuery('.bloc-destacats').each(function() {\n        const nextDiv = jQuery(this).next('div');\n        if (nextDiv.hasClass('contingut-ampliat')) {\n            console.log('T\u00e9 .contingut-ampliat despr\u00e9s');\n            \/\/ Aqu\u00ed pots fer accions, per exemple:\n            \/\/ $nextDiv.addClass('marcat'); o $(this).append($nextDiv);\n        }\n    });\n    *\/\n})\n<\/script>\n\n","protected":false},"excerpt":{"rendered":"<p>Les obres de la Col\u00b7lecci\u00f3 s\u00f3n de Salvador Dal\u00ed tot i que tamb\u00e9 hi ha obres d\u2019altres artistes que ell va col\u00b7leccionar o escollir per formar part dels seus museus. Aquestes obres es&nbsp;poden veure preferentment&nbsp;al Teatre-Museu Dal\u00ed de Figueres, si b\u00e9 algunes es conserven o formen part intr\u00ednseca de les cases-museu de Portlligat i P\u00fabol. [&hellip;]<\/p>\n","protected":false},"author":3,"featured_media":2542,"parent":77,"menu_order":1,"comment_status":"closed","ping_status":"closed","template":"","meta":{"_acf_changed":false,"_coblocks_attr":"","_coblocks_dimensions":"","_coblocks_responsive_height":"","_coblocks_accordion_ie_support":"","footnotes":""},"categories":[],"tags":[],"class_list":["post-2260","page","type-page","status-publish","has-post-thumbnail","hentry"],"acf":[],"yoast_head":"<!-- This site is optimized with the Yoast SEO plugin v27.4 - https:\/\/yoast.com\/product\/yoast-seo-wordpress\/ -->\n<title>Col\u00b7lecci\u00f3 - Fundaci\u00f3 Gala - Salvador Dal\u00ed<\/title>\n<meta name=\"robots\" content=\"index, follow, max-snippet:-1, max-image-preview:large, max-video-preview:-1\" \/>\n<link rel=\"canonical\" href=\"https:\/\/www.salvador-dali.org\/ca\/obra\/colleccio\/\" \/>\n<meta property=\"og:locale\" content=\"ca_ES\" \/>\n<meta property=\"og:type\" content=\"article\" \/>\n<meta property=\"og:title\" content=\"Col\u00b7lecci\u00f3 - Fundaci\u00f3 Gala - Salvador Dal\u00ed\" \/>\n<meta property=\"og:description\" content=\"Les obres de la Col\u00b7lecci\u00f3 s\u00f3n de Salvador Dal\u00ed tot i que tamb\u00e9 hi ha obres d\u2019altres artistes que ell va col\u00b7leccionar o escollir per formar part dels seus museus. Aquestes obres es&nbsp;poden veure preferentment&nbsp;al Teatre-Museu Dal\u00ed de Figueres, si b\u00e9 algunes es conserven o formen part intr\u00ednseca de les cases-museu de Portlligat i P\u00fabol. [&hellip;]\" \/>\n<meta property=\"og:url\" content=\"https:\/\/www.salvador-dali.org\/ca\/obra\/colleccio\/\" \/>\n<meta property=\"og:site_name\" content=\"Fundaci\u00f3 Gala - Salvador Dal\u00ed\" \/>\n<meta property=\"article:publisher\" content=\"https:\/\/www.facebook.com\/MuseusDali\" \/>\n<meta property=\"article:modified_time\" content=\"2025-06-26T15:03:35+00:00\" \/>\n<meta property=\"og:image\" content=\"https:\/\/www.salvador-dali.org\/wp-content\/uploads\/2025\/04\/coleccio.jpg\" \/>\n\t<meta property=\"og:image:width\" content=\"800\" \/>\n\t<meta property=\"og:image:height\" content=\"1023\" \/>\n\t<meta property=\"og:image:type\" content=\"image\/jpeg\" \/>\n<meta name=\"twitter:card\" content=\"summary_large_image\" \/>\n<meta name=\"twitter:site\" content=\"@MuseuDali\" \/>\n<meta name=\"twitter:label1\" content=\"Temps estimat de lectura\" \/>\n\t<meta name=\"twitter:data1\" content=\"2 minuts\" \/>\n<script type=\"application\/ld+json\" class=\"yoast-schema-graph\">{\"@context\":\"https:\\\/\\\/schema.org\",\"@graph\":[{\"@type\":\"WebPage\",\"@id\":\"https:\\\/\\\/www.salvador-dali.org\\\/ca\\\/obra\\\/colleccio\\\/\",\"url\":\"https:\\\/\\\/www.salvador-dali.org\\\/ca\\\/obra\\\/colleccio\\\/\",\"name\":\"Col\u00b7lecci\u00f3 - Fundaci\u00f3 Gala - Salvador Dal\u00ed\",\"isPartOf\":{\"@id\":\"https:\\\/\\\/www.salvador-dali.org\\\/ca\\\/#website\"},\"primaryImageOfPage\":{\"@id\":\"https:\\\/\\\/www.salvador-dali.org\\\/ca\\\/obra\\\/colleccio\\\/#primaryimage\"},\"image\":{\"@id\":\"https:\\\/\\\/www.salvador-dali.org\\\/ca\\\/obra\\\/colleccio\\\/#primaryimage\"},\"thumbnailUrl\":\"https:\\\/\\\/www.salvador-dali.org\\\/wp-content\\\/uploads\\\/2025\\\/04\\\/coleccio.jpg\",\"datePublished\":\"2025-03-17T12:06:31+00:00\",\"dateModified\":\"2025-06-26T15:03:35+00:00\",\"breadcrumb\":{\"@id\":\"https:\\\/\\\/www.salvador-dali.org\\\/ca\\\/obra\\\/colleccio\\\/#breadcrumb\"},\"inLanguage\":\"ca\",\"potentialAction\":[{\"@type\":\"ReadAction\",\"target\":[\"https:\\\/\\\/www.salvador-dali.org\\\/ca\\\/obra\\\/colleccio\\\/\"]}]},{\"@type\":\"ImageObject\",\"inLanguage\":\"ca\",\"@id\":\"https:\\\/\\\/www.salvador-dali.org\\\/ca\\\/obra\\\/colleccio\\\/#primaryimage\",\"url\":\"https:\\\/\\\/www.salvador-dali.org\\\/wp-content\\\/uploads\\\/2025\\\/04\\\/coleccio.jpg\",\"contentUrl\":\"https:\\\/\\\/www.salvador-dali.org\\\/wp-content\\\/uploads\\\/2025\\\/04\\\/coleccio.jpg\",\"width\":800,\"height\":1023},{\"@type\":\"BreadcrumbList\",\"@id\":\"https:\\\/\\\/www.salvador-dali.org\\\/ca\\\/obra\\\/colleccio\\\/#breadcrumb\",\"itemListElement\":[{\"@type\":\"ListItem\",\"position\":1,\"name\":\"Inici\",\"item\":\"https:\\\/\\\/www.salvador-dali.org\\\/ca\\\/\"},{\"@type\":\"ListItem\",\"position\":2,\"name\":\"Col\u00b7lecci\u00f3\"}]},{\"@type\":\"WebSite\",\"@id\":\"https:\\\/\\\/www.salvador-dali.org\\\/ca\\\/#website\",\"url\":\"https:\\\/\\\/www.salvador-dali.org\\\/ca\\\/\",\"name\":\"Fundaci\u00f3 Gala - Salvador Dal\u00ed\",\"description\":\"\",\"publisher\":{\"@id\":\"https:\\\/\\\/www.salvador-dali.org\\\/ca\\\/#organization\"},\"potentialAction\":[{\"@type\":\"SearchAction\",\"target\":{\"@type\":\"EntryPoint\",\"urlTemplate\":\"https:\\\/\\\/www.salvador-dali.org\\\/ca\\\/?s={search_term_string}\"},\"query-input\":{\"@type\":\"PropertyValueSpecification\",\"valueRequired\":true,\"valueName\":\"search_term_string\"}}],\"inLanguage\":\"ca\"},{\"@type\":\"Organization\",\"@id\":\"https:\\\/\\\/www.salvador-dali.org\\\/ca\\\/#organization\",\"name\":\"Fundaci\u00f3 Gala - Salvador Dal\u00ed\",\"url\":\"https:\\\/\\\/www.salvador-dali.org\\\/ca\\\/\",\"logo\":{\"@type\":\"ImageObject\",\"inLanguage\":\"ca\",\"@id\":\"https:\\\/\\\/www.salvador-dali.org\\\/ca\\\/#\\\/schema\\\/logo\\\/image\\\/\",\"url\":\"https:\\\/\\\/www.salvador-dali.org\\\/wp-content\\\/uploads\\\/2025\\\/04\\\/fundacio-gala-salvador-dali.png\",\"contentUrl\":\"https:\\\/\\\/www.salvador-dali.org\\\/wp-content\\\/uploads\\\/2025\\\/04\\\/fundacio-gala-salvador-dali.png\",\"width\":240,\"height\":240,\"caption\":\"Fundaci\u00f3 Gala - Salvador Dal\u00ed\"},\"image\":{\"@id\":\"https:\\\/\\\/www.salvador-dali.org\\\/ca\\\/#\\\/schema\\\/logo\\\/image\\\/\"},\"sameAs\":[\"https:\\\/\\\/www.facebook.com\\\/MuseusDali\",\"https:\\\/\\\/x.com\\\/MuseuDali\",\"https:\\\/\\\/www.youtube.com\\\/user\\\/FundacioDali\",\"https:\\\/\\\/www.flickr.com\\\/fundacio_dali\\\/\",\"https:\\\/\\\/instagram.com\\\/museudali\"]}]}<\/script>\n<!-- \/ Yoast SEO plugin. -->","yoast_head_json":{"title":"Col\u00b7lecci\u00f3 - Fundaci\u00f3 Gala - Salvador Dal\u00ed","robots":{"index":"index","follow":"follow","max-snippet":"max-snippet:-1","max-image-preview":"max-image-preview:large","max-video-preview":"max-video-preview:-1"},"canonical":"https:\/\/www.salvador-dali.org\/ca\/obra\/colleccio\/","og_locale":"ca_ES","og_type":"article","og_title":"Col\u00b7lecci\u00f3 - Fundaci\u00f3 Gala - Salvador Dal\u00ed","og_description":"Les obres de la Col\u00b7lecci\u00f3 s\u00f3n de Salvador Dal\u00ed tot i que tamb\u00e9 hi ha obres d\u2019altres artistes que ell va col\u00b7leccionar o escollir per formar part dels seus museus. Aquestes obres es&nbsp;poden veure preferentment&nbsp;al Teatre-Museu Dal\u00ed de Figueres, si b\u00e9 algunes es conserven o formen part intr\u00ednseca de les cases-museu de Portlligat i P\u00fabol. [&hellip;]","og_url":"https:\/\/www.salvador-dali.org\/ca\/obra\/colleccio\/","og_site_name":"Fundaci\u00f3 Gala - Salvador Dal\u00ed","article_publisher":"https:\/\/www.facebook.com\/MuseusDali","article_modified_time":"2025-06-26T15:03:35+00:00","og_image":[{"width":800,"height":1023,"url":"https:\/\/www.salvador-dali.org\/wp-content\/uploads\/2025\/04\/coleccio.jpg","type":"image\/jpeg"}],"twitter_card":"summary_large_image","twitter_site":"@MuseuDali","twitter_misc":{"Temps estimat de lectura":"2 minuts"},"schema":{"@context":"https:\/\/schema.org","@graph":[{"@type":"WebPage","@id":"https:\/\/www.salvador-dali.org\/ca\/obra\/colleccio\/","url":"https:\/\/www.salvador-dali.org\/ca\/obra\/colleccio\/","name":"Col\u00b7lecci\u00f3 - Fundaci\u00f3 Gala - Salvador Dal\u00ed","isPartOf":{"@id":"https:\/\/www.salvador-dali.org\/ca\/#website"},"primaryImageOfPage":{"@id":"https:\/\/www.salvador-dali.org\/ca\/obra\/colleccio\/#primaryimage"},"image":{"@id":"https:\/\/www.salvador-dali.org\/ca\/obra\/colleccio\/#primaryimage"},"thumbnailUrl":"https:\/\/www.salvador-dali.org\/wp-content\/uploads\/2025\/04\/coleccio.jpg","datePublished":"2025-03-17T12:06:31+00:00","dateModified":"2025-06-26T15:03:35+00:00","breadcrumb":{"@id":"https:\/\/www.salvador-dali.org\/ca\/obra\/colleccio\/#breadcrumb"},"inLanguage":"ca","potentialAction":[{"@type":"ReadAction","target":["https:\/\/www.salvador-dali.org\/ca\/obra\/colleccio\/"]}]},{"@type":"ImageObject","inLanguage":"ca","@id":"https:\/\/www.salvador-dali.org\/ca\/obra\/colleccio\/#primaryimage","url":"https:\/\/www.salvador-dali.org\/wp-content\/uploads\/2025\/04\/coleccio.jpg","contentUrl":"https:\/\/www.salvador-dali.org\/wp-content\/uploads\/2025\/04\/coleccio.jpg","width":800,"height":1023},{"@type":"BreadcrumbList","@id":"https:\/\/www.salvador-dali.org\/ca\/obra\/colleccio\/#breadcrumb","itemListElement":[{"@type":"ListItem","position":1,"name":"Inici","item":"https:\/\/www.salvador-dali.org\/ca\/"},{"@type":"ListItem","position":2,"name":"Col\u00b7lecci\u00f3"}]},{"@type":"WebSite","@id":"https:\/\/www.salvador-dali.org\/ca\/#website","url":"https:\/\/www.salvador-dali.org\/ca\/","name":"Fundaci\u00f3 Gala - Salvador Dal\u00ed","description":"","publisher":{"@id":"https:\/\/www.salvador-dali.org\/ca\/#organization"},"potentialAction":[{"@type":"SearchAction","target":{"@type":"EntryPoint","urlTemplate":"https:\/\/www.salvador-dali.org\/ca\/?s={search_term_string}"},"query-input":{"@type":"PropertyValueSpecification","valueRequired":true,"valueName":"search_term_string"}}],"inLanguage":"ca"},{"@type":"Organization","@id":"https:\/\/www.salvador-dali.org\/ca\/#organization","name":"Fundaci\u00f3 Gala - Salvador Dal\u00ed","url":"https:\/\/www.salvador-dali.org\/ca\/","logo":{"@type":"ImageObject","inLanguage":"ca","@id":"https:\/\/www.salvador-dali.org\/ca\/#\/schema\/logo\/image\/","url":"https:\/\/www.salvador-dali.org\/wp-content\/uploads\/2025\/04\/fundacio-gala-salvador-dali.png","contentUrl":"https:\/\/www.salvador-dali.org\/wp-content\/uploads\/2025\/04\/fundacio-gala-salvador-dali.png","width":240,"height":240,"caption":"Fundaci\u00f3 Gala - Salvador Dal\u00ed"},"image":{"@id":"https:\/\/www.salvador-dali.org\/ca\/#\/schema\/logo\/image\/"},"sameAs":["https:\/\/www.facebook.com\/MuseusDali","https:\/\/x.com\/MuseuDali","https:\/\/www.youtube.com\/user\/FundacioDali","https:\/\/www.flickr.com\/fundacio_dali\/","https:\/\/instagram.com\/museudali"]}]}},"_links":{"self":[{"href":"https:\/\/www.salvador-dali.org\/ca\/wp-json\/wp\/v2\/pages\/2260","targetHints":{"allow":["GET"]}}],"collection":[{"href":"https:\/\/www.salvador-dali.org\/ca\/wp-json\/wp\/v2\/pages"}],"about":[{"href":"https:\/\/www.salvador-dali.org\/ca\/wp-json\/wp\/v2\/types\/page"}],"author":[{"embeddable":true,"href":"https:\/\/www.salvador-dali.org\/ca\/wp-json\/wp\/v2\/users\/3"}],"replies":[{"embeddable":true,"href":"https:\/\/www.salvador-dali.org\/ca\/wp-json\/wp\/v2\/comments?post=2260"}],"version-history":[{"count":0,"href":"https:\/\/www.salvador-dali.org\/ca\/wp-json\/wp\/v2\/pages\/2260\/revisions"}],"up":[{"embeddable":true,"href":"https:\/\/www.salvador-dali.org\/ca\/wp-json\/wp\/v2\/pages\/77"}],"wp:featuredmedia":[{"embeddable":true,"href":"https:\/\/www.salvador-dali.org\/ca\/wp-json\/wp\/v2\/media\/2542"}],"wp:attachment":[{"href":"https:\/\/www.salvador-dali.org\/ca\/wp-json\/wp\/v2\/media?parent=2260"}],"wp:term":[{"taxonomy":"category","embeddable":true,"href":"https:\/\/www.salvador-dali.org\/ca\/wp-json\/wp\/v2\/categories?post=2260"},{"taxonomy":"post_tag","embeddable":true,"href":"https:\/\/www.salvador-dali.org\/ca\/wp-json\/wp\/v2\/tags?post=2260"}],"curies":[{"name":"wp","href":"https:\/\/api.w.org\/{rel}","templated":true}]}}