{"id":3,"date":"2024-12-18T16:43:06","date_gmt":"2024-12-18T14:43:06","guid":{"rendered":"https:\/\/www.salvador-dali.org\/?page_id=3"},"modified":"2025-05-12T08:29:32","modified_gmt":"2025-05-12T06:29:32","slug":"privacitat","status":"publish","type":"page","link":"https:\/\/www.salvador-dali.org\/ca\/privacitat\/","title":{"rendered":"Pol\u00edtica de privacitat i protecci\u00f3 de dades"},"content":{"rendered":"\n<div class=\"wp-block-columns global-column is-layout-flex wp-container-core-columns-is-layout-9d6595d7 wp-block-columns-is-layout-flex\">\n<div class=\"wp-block-column is-layout-flow wp-block-column-is-layout-flow\">\n<p><strong>Introducci\u00f3<\/strong>: Amb la informaci\u00f3 que li proporcionarem a continuaci\u00f3 la FUNDACI\u00d3 GALA-SALVADOR DAL\u00cd (La Fundaci\u00f3), vol que vost\u00e8 conegui quina \u00e9s la pol\u00edtica de privacitat aplicada pel que fa a les seves dades personals.<\/p>\n\n\n\n<p><strong>Compliment de la normativa de protecci\u00f3 de dades<\/strong>: la FUNDACI\u00d3 GALA-SALVADOR DAL\u00cd, compleix tots els requisits establerts per la normativa vigent en mat\u00e8ria de protecci\u00f3 de dades personals, i totes les dades sota la nostra responsabilitat, s\u00f3n tractades d&#8217;acord amb les exig\u00e8ncies legals.<\/p>\n\n\n\n<p><strong>Mesures de Seguretat<\/strong>: respecte a les dades que ens faciliti es guardaran les degudes mesures de seguretat tant t\u00e8cniques com organitzatives, que garanteixen la seva confidencialitat.<\/p>\n\n\n\n<p><strong>Finalitats<\/strong>: li informem que les dades personals que ens faciliti i aquelles que siguin obtingudes de la seva relaci\u00f3 amb nosaltres, seran incorporades a un fitxer o fitxers, responsabilitat de la FUNDACI\u00d3 GALA-SALVADOR DAL\u00cd, i seran dedicades principalment a les seg\u00fcents finalitats:<\/p>\n\n\n\n<p>Si vost\u00e8 ens ha facilitat dades personals d&#8217;un tercer haur\u00e0, amb car\u00e0cter previ haver-lo informat i demanat el seu consentiment dels extrems aqu\u00ed exposats.<\/p>\n\n\n\n<p><strong>Cookies<\/strong>: a la nostra p\u00e0gina web no hi ha Hipervincles que permetin la comunicaci\u00f3 de les seves dades a d\u00b4altres p\u00e0gines web. En relaci\u00f3 a les cookies ens remetem al contingut a l\u00b4apartat: <a href=\"https:\/\/www.salvador-dali.org\/politica-de-cookies\/\">Pol\u00edtica de cookies<\/a>.<\/p>\n\n\n\n<p><strong>Drets dels afectats<\/strong>: en cas necessari, pot exercir els seus drets d&#8217;acc\u00e9s, rectificaci\u00f3, cancel.laci\u00f3 i oposici\u00f3, dirigint un escrit acompanyant c\u00f2pia de document oficial que l&#8217;identifiqui a la FUNDACI\u00d3 GALA-SALVADOR DAL\u00cd, amb domicili a la Torre Galatea, Pujada del Castell, n\u00ba 28, Cp 17600, Figueres o enviant un email a <a href=\"mailto:comunicacio@fundaciodali.org\">comunicacio@fundaciodali.org<\/a> indicant en el sobre o en l\u00b4assumpte del missatge: FUNDACI\u00d3 GALA-SALVADOR DAL\u00cd Pol\u00edtica de Privacitat.<\/p>\n\n\n\n<p>Entendrem que en el sup\u00f2sit de facilitar-nos les seves dades ens autoritza expressament per a realitzar el tractament de les seves dades conforme al descrit anteriorment.<\/p>\n\n\n\n<ol class=\"wp-block-list\">\n<li>Gesti\u00f3 d&#8217;administraci\u00f3 general, manteniment, compliment, desenvolupament, control i gesti\u00f3 de la seva relaci\u00f3 amb nosaltres aix\u00ed com de qualsevol servei que puguem oferir.<\/li>\n\n\n\n<li>Contacte: per a poder gestionar el seu contacte amb nosaltres, les peticions o consultes que ens formuli, per exemple, sense car\u00e0cter exhaustiu, la petici\u00f3 d\u00b4imatges d\u00b4obra i fotos de Dal\u00ed, petici\u00f3 de visites guiades did\u00e0ctiques, etc.<\/li>\n\n\n\n<li>Comercialitzar i informar de les activitats, productes i\/o serveis art\u00edstics i\/o culturals propis o de tercers com per exemple de Distribucions d\u00b4Art Surrealista per qualsevol mitj\u00e0 fins i tot per correu electr\u00f2nic o similar. En el cas que no vulgui rebre informacions publicit\u00e0ries assenyali la casella d\u00b4oposici\u00f3 a la remissi\u00f3 d&#8217;enviaments informatius.<\/li>\n\n\n\n<li>Fer-se soci dels &#8220;Amics dels Museus Dal\u00ed&#8221;.<\/li>\n\n\n\n<li>Demanar peritatges d&#8217;obra, de manera que la Comissi\u00f3 d&#8217;Acreditaci\u00f3 i Catalogaci\u00f3 pugui analitzar pintures i dibuixos per tal de determinar la seva autenticitat (\u00e9s a dir, garantir que es tracta d&#8217;una obra de Salvador Dal\u00ed) i valor de mercat.<\/li>\n\n\n\n<li>Cat\u00e0leg raonat. A trav\u00e9s del formulari de contacte habilitat en aquest apartat del lloc web, l&#8217;usuari podr\u00e0 facilitar informaci\u00f3 de la propietat de l&#8217;obra de Salvador Dal\u00ed per que aparegui publicada en aquest Lloc Web. El propietari podr\u00e0 identificar-se o rec\u00f3rrer a l&#8217;anonimat.<\/li>\n\n\n\n<li>Enviar el seu curr\u00edculum per poder ser incl\u00f2s en els processos de selecci\u00f3 de treball o pr\u00e0ctiques a la Fundaci\u00f3 per la qual cosa \u00fanicament es mantindran durant un termini m\u00e0xim de dos anys, amb la finalitat de ser tinguts en compte en els diferents processos de selecci\u00f3.<\/li>\n\n\n\n<li>Accedir i, si escau, contractar, els diversos productes o serveis que, en cada moment siguin oferts o prestats per la Fundaci\u00f3 a trav\u00e9s d&#8217;aquest lloc web, com ara la reserva i\/o venda d&#8217;entrades de Museus, la sol.licitud de filmaci\u00f3 i reportatges fotogr\u00e0fics, o la compra de material fotogr\u00e0fic i cessi\u00f3 de drets de reproducci\u00f3.<\/li>\n\n\n\n<li>Xarxes socials: posem en el seu coneixement que estem presents en Xarxes Socials. El tractament de les dades que es realitzi de les persones que es facin seguidores (i\/o realitzin qualsevol vincle o acci\u00f3 de connexi\u00f3 a trav\u00e9s de les Xarxes Socials) de les p\u00e0gines oficials de la Fundaci\u00f3, a les xarxes socials, es regir\u00e0 per aquest apartat, l&#8217;Av\u00eds Legal del web de la Fundaci\u00f3, aix\u00ed com per aquelles Condicions d&#8217;\u00fas, pol\u00edtiques de privacitat i altres normatives d&#8217;acc\u00e9s, \u00fas i similars que pertanyin a la xarxa social que correspongui. La Fundaci\u00f3, tractar\u00e0 les seves dades amb les finalitats d&#8217;administrar correctament la seva pres\u00e8ncia a la xarxa social que correspongui, informar d&#8217;activitats productes o serveis de la Fundaci\u00f3, o de tercers que puguin estar relacionats amb la nostra activitat i per a qualsevol altra finalitat que les normatives de les Xarxes Socials puguin permetre.<\/li>\n\n\n\n<li>Registre: gestionar el seu registre, acc\u00e9s i \u00fas de la part privada de la Web.<\/li>\n\n\n\n<li>Posem en el seu coneixement que les seves dades personals no seran segmentades.<\/li>\n\n\n\n<li>Tanmateix, les seves dades podran ser comunicades pel compliment de les obligacions legals i\/o contractuals que pugui existir.<\/li>\n<\/ol>\n<\/div>\n<\/div>\n","protected":false},"excerpt":{"rendered":"<p>Introducci\u00f3: Amb la informaci\u00f3 que li proporcionarem a continuaci\u00f3 la FUNDACI\u00d3 GALA-SALVADOR DAL\u00cd (La Fundaci\u00f3), vol que vost\u00e8 conegui quina \u00e9s la pol\u00edtica de privacitat aplicada pel que fa a les seves dades personals. Compliment de la normativa de protecci\u00f3 de dades: la FUNDACI\u00d3 GALA-SALVADOR DAL\u00cd, compleix tots els requisits establerts per la normativa vigent [&hellip;]<\/p>\n","protected":false},"author":1,"featured_media":0,"parent":0,"menu_order":12,"comment_status":"closed","ping_status":"open","template":"","meta":{"_acf_changed":false,"_coblocks_attr":"","_coblocks_dimensions":"","_coblocks_responsive_height":"","_coblocks_accordion_ie_support":"","footnotes":""},"categories":[],"tags":[],"class_list":["post-3","page","type-page","status-publish","hentry"],"acf":[],"yoast_head":"<!-- This site is optimized with the Yoast SEO plugin v27.4 - https:\/\/yoast.com\/product\/yoast-seo-wordpress\/ -->\n<title>Pol\u00edtica de privacitat i protecci\u00f3 de dades - Fundaci\u00f3 Gala - Salvador Dal\u00ed<\/title>\n<meta name=\"robots\" content=\"index, follow, max-snippet:-1, max-image-preview:large, max-video-preview:-1\" \/>\n<link rel=\"canonical\" href=\"https:\/\/www.salvador-dali.org\/ca\/privacitat\/\" \/>\n<meta property=\"og:locale\" content=\"ca_ES\" \/>\n<meta property=\"og:type\" content=\"article\" \/>\n<meta property=\"og:title\" content=\"Pol\u00edtica de privacitat i protecci\u00f3 de dades - Fundaci\u00f3 Gala - Salvador Dal\u00ed\" \/>\n<meta property=\"og:description\" content=\"Introducci\u00f3: Amb la informaci\u00f3 que li proporcionarem a continuaci\u00f3 la FUNDACI\u00d3 GALA-SALVADOR DAL\u00cd (La Fundaci\u00f3), vol que vost\u00e8 conegui quina \u00e9s la pol\u00edtica de privacitat aplicada pel que fa a les seves dades personals. Compliment de la normativa de protecci\u00f3 de dades: la FUNDACI\u00d3 GALA-SALVADOR DAL\u00cd, compleix tots els requisits establerts per la normativa vigent [&hellip;]\" \/>\n<meta property=\"og:url\" content=\"https:\/\/www.salvador-dali.org\/ca\/privacitat\/\" \/>\n<meta property=\"og:site_name\" content=\"Fundaci\u00f3 Gala - Salvador Dal\u00ed\" \/>\n<meta property=\"article:publisher\" content=\"https:\/\/www.facebook.com\/MuseusDali\" \/>\n<meta property=\"article:modified_time\" content=\"2025-05-12T06:29:32+00:00\" \/>\n<meta name=\"twitter:card\" content=\"summary_large_image\" \/>\n<meta name=\"twitter:site\" content=\"@MuseuDali\" \/>\n<meta name=\"twitter:label1\" content=\"Temps estimat de lectura\" \/>\n\t<meta name=\"twitter:data1\" content=\"4 minuts\" \/>\n<script type=\"application\/ld+json\" class=\"yoast-schema-graph\">{\"@context\":\"https:\\\/\\\/schema.org\",\"@graph\":[{\"@type\":\"WebPage\",\"@id\":\"https:\\\/\\\/www.salvador-dali.org\\\/ca\\\/privacitat\\\/\",\"url\":\"https:\\\/\\\/www.salvador-dali.org\\\/ca\\\/privacitat\\\/\",\"name\":\"Pol\u00edtica de privacitat i protecci\u00f3 de dades - Fundaci\u00f3 Gala - Salvador Dal\u00ed\",\"isPartOf\":{\"@id\":\"https:\\\/\\\/www.salvador-dali.org\\\/ca\\\/#website\"},\"datePublished\":\"2024-12-18T14:43:06+00:00\",\"dateModified\":\"2025-05-12T06:29:32+00:00\",\"breadcrumb\":{\"@id\":\"https:\\\/\\\/www.salvador-dali.org\\\/ca\\\/privacitat\\\/#breadcrumb\"},\"inLanguage\":\"ca\",\"potentialAction\":[{\"@type\":\"ReadAction\",\"target\":[\"https:\\\/\\\/www.salvador-dali.org\\\/ca\\\/privacitat\\\/\"]}]},{\"@type\":\"BreadcrumbList\",\"@id\":\"https:\\\/\\\/www.salvador-dali.org\\\/ca\\\/privacitat\\\/#breadcrumb\",\"itemListElement\":[{\"@type\":\"ListItem\",\"position\":1,\"name\":\"Inici\",\"item\":\"https:\\\/\\\/www.salvador-dali.org\\\/ca\\\/\"},{\"@type\":\"ListItem\",\"position\":2,\"name\":\"Pol\u00edtica de privacitat i protecci\u00f3 de dades\"}]},{\"@type\":\"WebSite\",\"@id\":\"https:\\\/\\\/www.salvador-dali.org\\\/ca\\\/#website\",\"url\":\"https:\\\/\\\/www.salvador-dali.org\\\/ca\\\/\",\"name\":\"Fundaci\u00f3 Gala - Salvador Dal\u00ed\",\"description\":\"\",\"publisher\":{\"@id\":\"https:\\\/\\\/www.salvador-dali.org\\\/ca\\\/#organization\"},\"potentialAction\":[{\"@type\":\"SearchAction\",\"target\":{\"@type\":\"EntryPoint\",\"urlTemplate\":\"https:\\\/\\\/www.salvador-dali.org\\\/ca\\\/?s={search_term_string}\"},\"query-input\":{\"@type\":\"PropertyValueSpecification\",\"valueRequired\":true,\"valueName\":\"search_term_string\"}}],\"inLanguage\":\"ca\"},{\"@type\":\"Organization\",\"@id\":\"https:\\\/\\\/www.salvador-dali.org\\\/ca\\\/#organization\",\"name\":\"Fundaci\u00f3 Gala - Salvador Dal\u00ed\",\"url\":\"https:\\\/\\\/www.salvador-dali.org\\\/ca\\\/\",\"logo\":{\"@type\":\"ImageObject\",\"inLanguage\":\"ca\",\"@id\":\"https:\\\/\\\/www.salvador-dali.org\\\/ca\\\/#\\\/schema\\\/logo\\\/image\\\/\",\"url\":\"https:\\\/\\\/www.salvador-dali.org\\\/wp-content\\\/uploads\\\/2025\\\/04\\\/fundacio-gala-salvador-dali.png\",\"contentUrl\":\"https:\\\/\\\/www.salvador-dali.org\\\/wp-content\\\/uploads\\\/2025\\\/04\\\/fundacio-gala-salvador-dali.png\",\"width\":240,\"height\":240,\"caption\":\"Fundaci\u00f3 Gala - Salvador Dal\u00ed\"},\"image\":{\"@id\":\"https:\\\/\\\/www.salvador-dali.org\\\/ca\\\/#\\\/schema\\\/logo\\\/image\\\/\"},\"sameAs\":[\"https:\\\/\\\/www.facebook.com\\\/MuseusDali\",\"https:\\\/\\\/x.com\\\/MuseuDali\",\"https:\\\/\\\/www.youtube.com\\\/user\\\/FundacioDali\",\"https:\\\/\\\/www.flickr.com\\\/fundacio_dali\\\/\",\"https:\\\/\\\/instagram.com\\\/museudali\"]}]}<\/script>\n<!-- \/ Yoast SEO plugin. -->","yoast_head_json":{"title":"Pol\u00edtica de privacitat i protecci\u00f3 de dades - Fundaci\u00f3 Gala - Salvador Dal\u00ed","robots":{"index":"index","follow":"follow","max-snippet":"max-snippet:-1","max-image-preview":"max-image-preview:large","max-video-preview":"max-video-preview:-1"},"canonical":"https:\/\/www.salvador-dali.org\/ca\/privacitat\/","og_locale":"ca_ES","og_type":"article","og_title":"Pol\u00edtica de privacitat i protecci\u00f3 de dades - Fundaci\u00f3 Gala - Salvador Dal\u00ed","og_description":"Introducci\u00f3: Amb la informaci\u00f3 que li proporcionarem a continuaci\u00f3 la FUNDACI\u00d3 GALA-SALVADOR DAL\u00cd (La Fundaci\u00f3), vol que vost\u00e8 conegui quina \u00e9s la pol\u00edtica de privacitat aplicada pel que fa a les seves dades personals. Compliment de la normativa de protecci\u00f3 de dades: la FUNDACI\u00d3 GALA-SALVADOR DAL\u00cd, compleix tots els requisits establerts per la normativa vigent [&hellip;]","og_url":"https:\/\/www.salvador-dali.org\/ca\/privacitat\/","og_site_name":"Fundaci\u00f3 Gala - Salvador Dal\u00ed","article_publisher":"https:\/\/www.facebook.com\/MuseusDali","article_modified_time":"2025-05-12T06:29:32+00:00","twitter_card":"summary_large_image","twitter_site":"@MuseuDali","twitter_misc":{"Temps estimat de lectura":"4 minuts"},"schema":{"@context":"https:\/\/schema.org","@graph":[{"@type":"WebPage","@id":"https:\/\/www.salvador-dali.org\/ca\/privacitat\/","url":"https:\/\/www.salvador-dali.org\/ca\/privacitat\/","name":"Pol\u00edtica de privacitat i protecci\u00f3 de dades - Fundaci\u00f3 Gala - Salvador Dal\u00ed","isPartOf":{"@id":"https:\/\/www.salvador-dali.org\/ca\/#website"},"datePublished":"2024-12-18T14:43:06+00:00","dateModified":"2025-05-12T06:29:32+00:00","breadcrumb":{"@id":"https:\/\/www.salvador-dali.org\/ca\/privacitat\/#breadcrumb"},"inLanguage":"ca","potentialAction":[{"@type":"ReadAction","target":["https:\/\/www.salvador-dali.org\/ca\/privacitat\/"]}]},{"@type":"BreadcrumbList","@id":"https:\/\/www.salvador-dali.org\/ca\/privacitat\/#breadcrumb","itemListElement":[{"@type":"ListItem","position":1,"name":"Inici","item":"https:\/\/www.salvador-dali.org\/ca\/"},{"@type":"ListItem","position":2,"name":"Pol\u00edtica de privacitat i protecci\u00f3 de dades"}]},{"@type":"WebSite","@id":"https:\/\/www.salvador-dali.org\/ca\/#website","url":"https:\/\/www.salvador-dali.org\/ca\/","name":"Fundaci\u00f3 Gala - Salvador Dal\u00ed","description":"","publisher":{"@id":"https:\/\/www.salvador-dali.org\/ca\/#organization"},"potentialAction":[{"@type":"SearchAction","target":{"@type":"EntryPoint","urlTemplate":"https:\/\/www.salvador-dali.org\/ca\/?s={search_term_string}"},"query-input":{"@type":"PropertyValueSpecification","valueRequired":true,"valueName":"search_term_string"}}],"inLanguage":"ca"},{"@type":"Organization","@id":"https:\/\/www.salvador-dali.org\/ca\/#organization","name":"Fundaci\u00f3 Gala - Salvador Dal\u00ed","url":"https:\/\/www.salvador-dali.org\/ca\/","logo":{"@type":"ImageObject","inLanguage":"ca","@id":"https:\/\/www.salvador-dali.org\/ca\/#\/schema\/logo\/image\/","url":"https:\/\/www.salvador-dali.org\/wp-content\/uploads\/2025\/04\/fundacio-gala-salvador-dali.png","contentUrl":"https:\/\/www.salvador-dali.org\/wp-content\/uploads\/2025\/04\/fundacio-gala-salvador-dali.png","width":240,"height":240,"caption":"Fundaci\u00f3 Gala - Salvador Dal\u00ed"},"image":{"@id":"https:\/\/www.salvador-dali.org\/ca\/#\/schema\/logo\/image\/"},"sameAs":["https:\/\/www.facebook.com\/MuseusDali","https:\/\/x.com\/MuseuDali","https:\/\/www.youtube.com\/user\/FundacioDali","https:\/\/www.flickr.com\/fundacio_dali\/","https:\/\/instagram.com\/museudali"]}]}},"_links":{"self":[{"href":"https:\/\/www.salvador-dali.org\/ca\/wp-json\/wp\/v2\/pages\/3","targetHints":{"allow":["GET"]}}],"collection":[{"href":"https:\/\/www.salvador-dali.org\/ca\/wp-json\/wp\/v2\/pages"}],"about":[{"href":"https:\/\/www.salvador-dali.org\/ca\/wp-json\/wp\/v2\/types\/page"}],"author":[{"embeddable":true,"href":"https:\/\/www.salvador-dali.org\/ca\/wp-json\/wp\/v2\/users\/1"}],"replies":[{"embeddable":true,"href":"https:\/\/www.salvador-dali.org\/ca\/wp-json\/wp\/v2\/comments?post=3"}],"version-history":[{"count":0,"href":"https:\/\/www.salvador-dali.org\/ca\/wp-json\/wp\/v2\/pages\/3\/revisions"}],"wp:attachment":[{"href":"https:\/\/www.salvador-dali.org\/ca\/wp-json\/wp\/v2\/media?parent=3"}],"wp:term":[{"taxonomy":"category","embeddable":true,"href":"https:\/\/www.salvador-dali.org\/ca\/wp-json\/wp\/v2\/categories?post=3"},{"taxonomy":"post_tag","embeddable":true,"href":"https:\/\/www.salvador-dali.org\/ca\/wp-json\/wp\/v2\/tags?post=3"}],"curies":[{"name":"wp","href":"https:\/\/api.w.org\/{rel}","templated":true}]}}