{"id":3464,"date":"2025-05-12T08:27:07","date_gmt":"2025-05-12T06:27:07","guid":{"rendered":"https:\/\/www.salvador-dali.org\/?page_id=3464"},"modified":"2025-05-12T08:27:10","modified_gmt":"2025-05-12T06:27:10","slug":"politica-de-cookies","status":"publish","type":"page","link":"https:\/\/www.salvador-dali.org\/ca\/politica-de-cookies\/","title":{"rendered":"Pol\u00edtica de cookies"},"content":{"rendered":"\n<div class=\"wp-block-columns global-column is-layout-flex wp-container-core-columns-is-layout-9d6595d7 wp-block-columns-is-layout-flex\">\n<div class=\"wp-block-column is-layout-flow wp-block-column-is-layout-flow\">\n<h3 class=\"wp-block-heading\">1. Definici\u00f3 i funci\u00f3 de les cookies.<\/h3>\n\n\n\n<p>Qu\u00e8 s\u00f3n les cookies? Una cookie \u00e9s un arxiu que es descarrega al seu ordinador a l&#8217;accedir a determinats llocs web. Les cookies permeten a un web, entre d&#8217;altres coses, emmagatzemar i recuperar informaci\u00f3 sobre els h\u00e0bits de navegaci\u00f3 d&#8217;un usuari o del seu equip i, depenent de la informaci\u00f3 que continguin i de la forma en qu\u00e8 un usuari faci servir el seu equip, es poden emprar per recon\u00e8ixer a aquest usuari.<\/p>\n\n\n\n<h3 class=\"wp-block-heading\">2. Quins tipus de cookies utilitza aquesta p\u00e0gina web?<\/h3>\n\n\n\n<p>A continuaci\u00f3, s&#8217;inclou una descripci\u00f3 de cada categoria de cookies que fem servir:<\/p>\n\n\n\n<p><strong>Cookies pr\u00f2pies<\/strong><\/p>\n\n\n\n<figure class=\"wp-block-table\"><table class=\"has-fixed-layout\"><tbody><tr><td><strong>Nom<\/strong><\/td><td><strong>Prop\u00f2sit<\/strong><\/td><td><strong>Expiraci\u00f3<\/strong><\/td><\/tr><tr><td>PHPSESSID<\/td><td>Guarda dades de sessi\u00f3 de l&#8217;usuari. Essencial pel funcionament del web<\/td><td>Sessi\u00f3<\/td><\/tr><tr><td>lang<\/td><td>Mantenir i recordar l&#8217;idioma en qu\u00e8 navega l&#8217;usuari<\/td><td>1 any<\/td><\/tr><tr><td>Cookies, cookiesNav<\/td><td>Identifica si l&#8217;usuari ha acceptat l&#8217;\u00fas de cookies.<\/td><td>100 anys<\/td><\/tr><tr><td>Css-loaded<\/td><td>Indica si s&#8217;han carregat els CSS complets o nom\u00e9s els cr\u00edtics<\/td><td>3 mesos<\/td><\/tr><\/tbody><\/table><\/figure>\n\n\n\n<p><strong>Estrictament necess\u00e0ries<\/strong><\/p>\n\n\n\n<p>Aquestes s\u00f3n les cookies essencials per a que les p\u00e0gines del web realitzin correctament les seves funcions b\u00e0siques. Inclouen, per exemple, les cookies que serveixen per assegurar una correcta navegaci\u00f3, o aquelles que asseguren que el contingut de la p\u00e0gina es carrega de forma efica\u00e7 pel manteniment peri\u00f2dic, o per garantir a l&#8217;usuari el millor servei possible.<\/p>\n\n\n\n<p><strong>Funcionalitat<\/strong><\/p>\n\n\n\n<p>Aquestes cookies es fan servir per emmagatzemar les prefer\u00e8ncies establertes pels usuaris, com nom de compte, llengua i ubicaci\u00f3. No es fan servir per rastrejar visites en webs que no estan allotjats als servidors de la Fundaci\u00f3 Gala-Salvador Dali.<\/p>\n\n\n\n<p>En qualsevol moment podeu canviar el vostre consentiment des de la Configuraci\u00f3 de cookies en el nostre lloc web. <a href=\"https:\/\/www.salvador-dali.org\/ca\/politica-de-cookies\/#\">Canviar configuraci\u00f3 cookies<\/a><\/p>\n\n\n\n<p><strong>Actuaci\u00f3<\/strong><\/p>\n\n\n\n<p>Les cookies de rendiment recopilen informaci\u00f3 sobre com els usuaris interactuen amb els webs de la Fundaci\u00f3 Gala-Salvador Dal\u00ed, incloent quines p\u00e0gines son m\u00e9s visitades, aix\u00ed com altres dades anal\u00edtiques.&nbsp;Aquests detalls nom\u00e9s es fan servir per millorar el funcionament dels llocs web.<\/p>\n\n\n\n<p><strong>Cookies de Tercers<\/strong><\/p>\n\n\n\n<figure class=\"wp-block-table\"><table class=\"has-fixed-layout\"><tbody><tr><td><strong>Cookie<\/strong><\/td><td><strong>Nom<\/strong><\/td><td><strong>Prop\u00f2sit<\/strong><\/td><td><strong>Expiraci\u00f3<\/strong><\/td><\/tr><tr><td>Google Analytics<\/td><td>_gid<\/td><td rowspan=\"3\">Aquestes cookies ens ajuden a entendre i millorar l&#8217;experi\u00e8ncia dels nostres usuaris.<\/td><td>24 hores<\/td><\/tr><tr><td>Google Analytics<\/td><td>_ga<\/td><td>2 anys<\/td><\/tr><tr><td>Google Analytics<\/td><td>_gat<\/td><td>1 minut<\/td><\/tr><tr><td>Google Tag Manager<\/td><td>\u200bgtm_auth<br>gtm_debug gtm_preview<\/td><td>Soluci\u00f3 t\u00e8cnica per gestionar els scripts de seguiment d eles p\u00e0gines.<\/td><td>En el moment de tancar navegador<\/td><\/tr><tr><td>Facebook Pixel<\/td><td>&nbsp;<\/td><td>Seguiment de conversions i remarketing.<\/td><td>&nbsp;<\/td><\/tr><\/tbody><\/table><\/figure>\n\n\n\n<p><strong>Publicitat \/ Seguiment<\/strong><\/p>\n\n\n\n<p>Aquestes cookies es fan servir per rastrejar el volum de visitants, realitzar un seguiment dels detalls de les visites web. Com ara el nombre de visitants \u00fanics, el nombre de vegades que s&#8217;ha mostrat un determinat anunci o s&#8217;ha vist un determinat contingut, i tamb\u00e9 s&#8217;empren per mesurar l&#8217;efectivitat de les campanyes publicit\u00e0ries creant perfils dels usuaris. Aquests s\u00f3n establerts per xarxes autom\u00e0tiques de tercers de confian\u00e7a i, en general, s\u00f3n de naturalesa persistent.<\/p>\n\n\n\n<p><strong>Contingut de tercers \/ incrustat<\/strong><\/p>\n\n\n\n<p>Les p\u00e0gines del nostre lloc web fan servir diferents aplicacions i serveis de tercers per millorar l&#8217;experi\u00e8ncia dels visitants del lloc web.&nbsp;Entre ells, plataformes de xarxes socials com ara Facebook, Twitter i Instagram (a trav\u00e9s de l&#8217;\u00fas de botons per compartir), o contingut integrat de Youtube.&nbsp;Com a resultat, les cookies poden ser establertes per aquests tercers i emprades per ells per rastrejar l&#8217;activitat en l\u00ednia dels visitants del nostre web.&nbsp;No tenim control directe sobre la informaci\u00f3 recopilada per aquestes cookies.<\/p>\n\n\n\n<p>Fem servir Google Analytics per analitzar l&#8217;\u00fas del nostre lloc web. Google Analytics recopila informaci\u00f3 d&#8217;\u00fas a trav\u00e9s de cookies. La informaci\u00f3 recopilada es fa servir per elaborar informes sobre l&#8217;\u00fas del web.<\/p>\n\n\n\n<p>Pol\u00edtica de Privacitat de Google: <a href=\"https:\/\/www.google.com\/policies\/privacy\/\" target=\"_blank\" rel=\"noreferrer noopener\">https:\/\/www.google.com\/policies\/privacy\/<\/a>.<\/p>\n\n\n\n<p>Pots veure, eliminar o afegir categories d&#8217;inter\u00e8s associades amb el teu navegador a: <a href=\"https:\/\/adssettings.google.com\/\" target=\"_blank\" rel=\"noreferrer noopener\">https:\/\/adssettings.google.com<\/a>. Tamb\u00e9 pots rebutjar l&#8217;\u00fas (exclusi\u00f3 volunt\u00e0ria) de cookies dels partners de Google Adsense aplicant aquesta configuraci\u00f3, o fent servir el mecanisme d&#8217;exclusi\u00f3 del NAI (Network Advertising Initiative):&nbsp;<a href=\"http:\/\/optout.networkadvertising.org\/\" target=\"_blank\" rel=\"noreferrer noopener\">http:\/\/optout.networkadvertising.org<\/a>.<\/p>\n\n\n\n<h3 class=\"wp-block-heading\">3. <strong>Informaci\u00f3 sobre la identificaci\u00f3 de l&#8217;usuari de las cookies.<\/strong><\/h3>\n\n\n\n<p>La informaci\u00f3 obtinguda per les cookies es tractada per la FUNDACI\u00d3 GALA-SALVADOR DAL\u00cd i, en la part que correspon al web, per Distribucions d&#8217;Art Surrealista, S.A. S&#8217;ha contractat la prestaci\u00f3 del servei d&#8217;anal\u00edtica amb Google Analytics. Es pot accedir a les condicions legals del servei a trav\u00e9s d&#8217;aquest enlla\u00e7: <a href=\"https:\/\/www.google.com\/policies\/privacy\/\" target=\"_blank\" rel=\"noreferrer noopener\">https:\/\/www.google.com\/policies\/privacy\/<\/a>.<\/p>\n\n\n\n<p>Tamb\u00e9 pot donar-se el cas que existeixin complements d&#8217;altres prove\u00efdors, les condicions legals dels quals es poden llegir als seg\u00fcents links:<\/p>\n\n\n\n<p>Google: <a href=\"https:\/\/policies.google.com\/technologies\/cookies\" target=\"_blank\" rel=\"noreferrer noopener\">https:\/\/policies.google.com\/technologies\/cookies<\/a><\/p>\n\n\n\n<p>LinkedIn: <a href=\"https:\/\/www.linkedin.com\/legal\/cookie-policy\" target=\"_blank\" rel=\"noreferrer noopener\">https:\/\/www.linkedin.com\/legal\/cookie-policy<\/a><\/p>\n\n\n\n<p>Facebook: <a href=\"https:\/\/www.facebook.com\/policies\/cookies\/\" target=\"_blank\" rel=\"noreferrer noopener\">https:\/\/www.facebook.com\/policies\/cookies\/<\/a><\/p>\n\n\n\n<p>Youtube: <a href=\"https:\/\/www.youtube.com\/intl\/es\/yt\/about\/policies\" target=\"_blank\" rel=\"noreferrer noopener\">https:\/\/www.youtube.com\/intl\/es\/yt\/about\/policies<\/a><\/p>\n\n\n\n<h3 class=\"wp-block-heading\">4. <strong>Control de les cookies<\/strong><\/h3>\n\n\n\n<p>Els visitants poden voler restringir l&#8217;\u00fas de cookies o evitar per complet el seu establiment.&nbsp;La majoria dels navegadors ofereixen formes de controlar el comportament de les cookies, com el temps durant el qual estan emmagatzemades, ja sigui a trav\u00e9s de la funcionalitat integrada o mitjan\u00e7ant l&#8217;\u00fas de complements de tercers.<\/p>\n\n\n\n<p>Vost\u00e8 por permetre, bloquejar o eliminar les cookies instal\u00b7lades al seu equip mitjan\u00e7ant la configuraci\u00f3 de les opcions del navegador al seu ordenador.<\/p>\n\n\n\n<p>Per a m\u00e9s informaci\u00f3 sobre&nbsp;<strong>Internet Explorer<\/strong>,&nbsp;<a href=\"https:\/\/support.microsoft.com\/es-es\/help\/17442\/windows-internet-explorer-delete-manage-cookies\" target=\"_blank\" rel=\"noreferrer noopener\">cliqui aqu\u00ed<\/a>.<\/p>\n\n\n\n<p>Per a m\u00e9s informaci\u00f3 sobre&nbsp;<strong>Chrome<\/strong>,&nbsp;<a href=\"https:\/\/support.google.com\/chrome\/answer\/95647?hl=es\" target=\"_blank\" rel=\"noreferrer noopener\">cliqui aqu\u00ed.<\/a><\/p>\n\n\n\n<p>Per a m\u00e9s informaci\u00f3 sobre&nbsp;<strong>Safari<\/strong>,&nbsp;<a href=\"http:\/\/support.apple.com\/kb\/HT1677?viewlocale=es_ES&amp;locale=es_ES\" target=\"_blank\" rel=\"noreferrer noopener\">cliqui aqu\u00ed.<\/a><\/p>\n\n\n\n<p>Per a m\u00e9s informaci\u00f3 sobre&nbsp;<strong>Firefox<\/strong>,&nbsp;<a href=\"https:\/\/support.mozilla.org\/es\/kb\/habilitar-y-deshabilitar-cookies-que-los-sitios-we\" target=\"_blank\" rel=\"noreferrer noopener\">cliqui aqu\u00ed.<\/a><\/p>\n\n\n\n<p>Per obtenir m\u00e9s informaci\u00f3 sobre com administrar i eliminar cookies, visiti&nbsp;<a href=\"http:\/\/aboutcookies.org\/\" target=\"_blank\" rel=\"noreferrer noopener\">aboutcookies.org<\/a>&nbsp;.&nbsp;Per obtenir m\u00e9s detalls sobre les cookies publicit\u00e0ries i sobre com administrar-les, visiti&nbsp;<a href=\"http:\/\/www.youronlinechoices.eu\/\" target=\"_blank\" rel=\"noreferrer noopener\">youronlinechoices.eu<\/a>&nbsp;&nbsp;(UE) o&nbsp;<a href=\"http:\/\/www.aboutads.info\/choices\/\" target=\"_blank\" rel=\"noreferrer noopener\">aboutads.info<\/a>&nbsp;&nbsp;(EE. UU.).<\/p>\n<\/div>\n<\/div>\n","protected":false},"excerpt":{"rendered":"<p>1. Definici\u00f3 i funci\u00f3 de les cookies. Qu\u00e8 s\u00f3n les cookies? Una cookie \u00e9s un arxiu que es descarrega al seu ordinador a l&#8217;accedir a determinats llocs web. Les cookies permeten a un web, entre d&#8217;altres coses, emmagatzemar i recuperar informaci\u00f3 sobre els h\u00e0bits de navegaci\u00f3 d&#8217;un usuari o del seu equip i, depenent de [&hellip;]<\/p>\n","protected":false},"author":1,"featured_media":0,"parent":0,"menu_order":11,"comment_status":"closed","ping_status":"closed","template":"","meta":{"_acf_changed":false,"_coblocks_attr":"","_coblocks_dimensions":"","_coblocks_responsive_height":"","_coblocks_accordion_ie_support":"","footnotes":""},"categories":[],"tags":[],"class_list":["post-3464","page","type-page","status-publish","hentry"],"acf":[],"yoast_head":"<!-- This site is optimized with the Yoast SEO plugin v27.3 - https:\/\/yoast.com\/product\/yoast-seo-wordpress\/ -->\n<title>Pol\u00edtica de cookies - Fundaci\u00f3 Gala - Salvador Dal\u00ed<\/title>\n<meta name=\"robots\" content=\"index, follow, max-snippet:-1, max-image-preview:large, max-video-preview:-1\" \/>\n<link rel=\"canonical\" href=\"https:\/\/www.salvador-dali.org\/ca\/politica-de-cookies\/\" \/>\n<meta property=\"og:locale\" content=\"ca_ES\" \/>\n<meta property=\"og:type\" content=\"article\" \/>\n<meta property=\"og:title\" content=\"Pol\u00edtica de cookies - Fundaci\u00f3 Gala - Salvador Dal\u00ed\" \/>\n<meta property=\"og:description\" content=\"1. Definici\u00f3 i funci\u00f3 de les cookies. Qu\u00e8 s\u00f3n les cookies? Una cookie \u00e9s un arxiu que es descarrega al seu ordinador a l&#8217;accedir a determinats llocs web. Les cookies permeten a un web, entre d&#8217;altres coses, emmagatzemar i recuperar informaci\u00f3 sobre els h\u00e0bits de navegaci\u00f3 d&#8217;un usuari o del seu equip i, depenent de [&hellip;]\" \/>\n<meta property=\"og:url\" content=\"https:\/\/www.salvador-dali.org\/ca\/politica-de-cookies\/\" \/>\n<meta property=\"og:site_name\" content=\"Fundaci\u00f3 Gala - Salvador Dal\u00ed\" \/>\n<meta property=\"article:publisher\" content=\"https:\/\/www.facebook.com\/MuseusDali\" \/>\n<meta property=\"article:modified_time\" content=\"2025-05-12T06:27:10+00:00\" \/>\n<meta name=\"twitter:card\" content=\"summary_large_image\" \/>\n<meta name=\"twitter:site\" content=\"@MuseuDali\" \/>\n<meta name=\"twitter:label1\" content=\"Temps estimat de lectura\" \/>\n\t<meta name=\"twitter:data1\" content=\"5 minuts\" \/>\n<script type=\"application\/ld+json\" class=\"yoast-schema-graph\">{\"@context\":\"https:\\\/\\\/schema.org\",\"@graph\":[{\"@type\":\"WebPage\",\"@id\":\"https:\\\/\\\/www.salvador-dali.org\\\/ca\\\/politica-de-cookies\\\/\",\"url\":\"https:\\\/\\\/www.salvador-dali.org\\\/ca\\\/politica-de-cookies\\\/\",\"name\":\"Pol\u00edtica de cookies - Fundaci\u00f3 Gala - Salvador Dal\u00ed\",\"isPartOf\":{\"@id\":\"https:\\\/\\\/www.salvador-dali.org\\\/ca\\\/#website\"},\"datePublished\":\"2025-05-12T06:27:07+00:00\",\"dateModified\":\"2025-05-12T06:27:10+00:00\",\"breadcrumb\":{\"@id\":\"https:\\\/\\\/www.salvador-dali.org\\\/ca\\\/politica-de-cookies\\\/#breadcrumb\"},\"inLanguage\":\"ca\",\"potentialAction\":[{\"@type\":\"ReadAction\",\"target\":[\"https:\\\/\\\/www.salvador-dali.org\\\/ca\\\/politica-de-cookies\\\/\"]}]},{\"@type\":\"BreadcrumbList\",\"@id\":\"https:\\\/\\\/www.salvador-dali.org\\\/ca\\\/politica-de-cookies\\\/#breadcrumb\",\"itemListElement\":[{\"@type\":\"ListItem\",\"position\":1,\"name\":\"Inici\",\"item\":\"https:\\\/\\\/www.salvador-dali.org\\\/ca\\\/\"},{\"@type\":\"ListItem\",\"position\":2,\"name\":\"Pol\u00edtica de cookies\"}]},{\"@type\":\"WebSite\",\"@id\":\"https:\\\/\\\/www.salvador-dali.org\\\/ca\\\/#website\",\"url\":\"https:\\\/\\\/www.salvador-dali.org\\\/ca\\\/\",\"name\":\"Fundaci\u00f3 Gala - Salvador Dal\u00ed\",\"description\":\"\",\"publisher\":{\"@id\":\"https:\\\/\\\/www.salvador-dali.org\\\/ca\\\/#organization\"},\"potentialAction\":[{\"@type\":\"SearchAction\",\"target\":{\"@type\":\"EntryPoint\",\"urlTemplate\":\"https:\\\/\\\/www.salvador-dali.org\\\/ca\\\/?s={search_term_string}\"},\"query-input\":{\"@type\":\"PropertyValueSpecification\",\"valueRequired\":true,\"valueName\":\"search_term_string\"}}],\"inLanguage\":\"ca\"},{\"@type\":\"Organization\",\"@id\":\"https:\\\/\\\/www.salvador-dali.org\\\/ca\\\/#organization\",\"name\":\"Fundaci\u00f3 Gala - Salvador Dal\u00ed\",\"url\":\"https:\\\/\\\/www.salvador-dali.org\\\/ca\\\/\",\"logo\":{\"@type\":\"ImageObject\",\"inLanguage\":\"ca\",\"@id\":\"https:\\\/\\\/www.salvador-dali.org\\\/ca\\\/#\\\/schema\\\/logo\\\/image\\\/\",\"url\":\"https:\\\/\\\/www.salvador-dali.org\\\/wp-content\\\/uploads\\\/2025\\\/04\\\/fundacio-gala-salvador-dali.png\",\"contentUrl\":\"https:\\\/\\\/www.salvador-dali.org\\\/wp-content\\\/uploads\\\/2025\\\/04\\\/fundacio-gala-salvador-dali.png\",\"width\":240,\"height\":240,\"caption\":\"Fundaci\u00f3 Gala - Salvador Dal\u00ed\"},\"image\":{\"@id\":\"https:\\\/\\\/www.salvador-dali.org\\\/ca\\\/#\\\/schema\\\/logo\\\/image\\\/\"},\"sameAs\":[\"https:\\\/\\\/www.facebook.com\\\/MuseusDali\",\"https:\\\/\\\/x.com\\\/MuseuDali\",\"https:\\\/\\\/www.youtube.com\\\/user\\\/FundacioDali\",\"https:\\\/\\\/www.flickr.com\\\/fundacio_dali\\\/\",\"https:\\\/\\\/instagram.com\\\/museudali\"]}]}<\/script>\n<!-- \/ Yoast SEO plugin. -->","yoast_head_json":{"title":"Pol\u00edtica de cookies - Fundaci\u00f3 Gala - Salvador Dal\u00ed","robots":{"index":"index","follow":"follow","max-snippet":"max-snippet:-1","max-image-preview":"max-image-preview:large","max-video-preview":"max-video-preview:-1"},"canonical":"https:\/\/www.salvador-dali.org\/ca\/politica-de-cookies\/","og_locale":"ca_ES","og_type":"article","og_title":"Pol\u00edtica de cookies - Fundaci\u00f3 Gala - Salvador Dal\u00ed","og_description":"1. Definici\u00f3 i funci\u00f3 de les cookies. Qu\u00e8 s\u00f3n les cookies? Una cookie \u00e9s un arxiu que es descarrega al seu ordinador a l&#8217;accedir a determinats llocs web. Les cookies permeten a un web, entre d&#8217;altres coses, emmagatzemar i recuperar informaci\u00f3 sobre els h\u00e0bits de navegaci\u00f3 d&#8217;un usuari o del seu equip i, depenent de [&hellip;]","og_url":"https:\/\/www.salvador-dali.org\/ca\/politica-de-cookies\/","og_site_name":"Fundaci\u00f3 Gala - Salvador Dal\u00ed","article_publisher":"https:\/\/www.facebook.com\/MuseusDali","article_modified_time":"2025-05-12T06:27:10+00:00","twitter_card":"summary_large_image","twitter_site":"@MuseuDali","twitter_misc":{"Temps estimat de lectura":"5 minuts"},"schema":{"@context":"https:\/\/schema.org","@graph":[{"@type":"WebPage","@id":"https:\/\/www.salvador-dali.org\/ca\/politica-de-cookies\/","url":"https:\/\/www.salvador-dali.org\/ca\/politica-de-cookies\/","name":"Pol\u00edtica de cookies - Fundaci\u00f3 Gala - Salvador Dal\u00ed","isPartOf":{"@id":"https:\/\/www.salvador-dali.org\/ca\/#website"},"datePublished":"2025-05-12T06:27:07+00:00","dateModified":"2025-05-12T06:27:10+00:00","breadcrumb":{"@id":"https:\/\/www.salvador-dali.org\/ca\/politica-de-cookies\/#breadcrumb"},"inLanguage":"ca","potentialAction":[{"@type":"ReadAction","target":["https:\/\/www.salvador-dali.org\/ca\/politica-de-cookies\/"]}]},{"@type":"BreadcrumbList","@id":"https:\/\/www.salvador-dali.org\/ca\/politica-de-cookies\/#breadcrumb","itemListElement":[{"@type":"ListItem","position":1,"name":"Inici","item":"https:\/\/www.salvador-dali.org\/ca\/"},{"@type":"ListItem","position":2,"name":"Pol\u00edtica de cookies"}]},{"@type":"WebSite","@id":"https:\/\/www.salvador-dali.org\/ca\/#website","url":"https:\/\/www.salvador-dali.org\/ca\/","name":"Fundaci\u00f3 Gala - Salvador Dal\u00ed","description":"","publisher":{"@id":"https:\/\/www.salvador-dali.org\/ca\/#organization"},"potentialAction":[{"@type":"SearchAction","target":{"@type":"EntryPoint","urlTemplate":"https:\/\/www.salvador-dali.org\/ca\/?s={search_term_string}"},"query-input":{"@type":"PropertyValueSpecification","valueRequired":true,"valueName":"search_term_string"}}],"inLanguage":"ca"},{"@type":"Organization","@id":"https:\/\/www.salvador-dali.org\/ca\/#organization","name":"Fundaci\u00f3 Gala - Salvador Dal\u00ed","url":"https:\/\/www.salvador-dali.org\/ca\/","logo":{"@type":"ImageObject","inLanguage":"ca","@id":"https:\/\/www.salvador-dali.org\/ca\/#\/schema\/logo\/image\/","url":"https:\/\/www.salvador-dali.org\/wp-content\/uploads\/2025\/04\/fundacio-gala-salvador-dali.png","contentUrl":"https:\/\/www.salvador-dali.org\/wp-content\/uploads\/2025\/04\/fundacio-gala-salvador-dali.png","width":240,"height":240,"caption":"Fundaci\u00f3 Gala - Salvador Dal\u00ed"},"image":{"@id":"https:\/\/www.salvador-dali.org\/ca\/#\/schema\/logo\/image\/"},"sameAs":["https:\/\/www.facebook.com\/MuseusDali","https:\/\/x.com\/MuseuDali","https:\/\/www.youtube.com\/user\/FundacioDali","https:\/\/www.flickr.com\/fundacio_dali\/","https:\/\/instagram.com\/museudali"]}]}},"_links":{"self":[{"href":"https:\/\/www.salvador-dali.org\/ca\/wp-json\/wp\/v2\/pages\/3464","targetHints":{"allow":["GET"]}}],"collection":[{"href":"https:\/\/www.salvador-dali.org\/ca\/wp-json\/wp\/v2\/pages"}],"about":[{"href":"https:\/\/www.salvador-dali.org\/ca\/wp-json\/wp\/v2\/types\/page"}],"author":[{"embeddable":true,"href":"https:\/\/www.salvador-dali.org\/ca\/wp-json\/wp\/v2\/users\/1"}],"replies":[{"embeddable":true,"href":"https:\/\/www.salvador-dali.org\/ca\/wp-json\/wp\/v2\/comments?post=3464"}],"version-history":[{"count":0,"href":"https:\/\/www.salvador-dali.org\/ca\/wp-json\/wp\/v2\/pages\/3464\/revisions"}],"wp:attachment":[{"href":"https:\/\/www.salvador-dali.org\/ca\/wp-json\/wp\/v2\/media?parent=3464"}],"wp:term":[{"taxonomy":"category","embeddable":true,"href":"https:\/\/www.salvador-dali.org\/ca\/wp-json\/wp\/v2\/categories?post=3464"},{"taxonomy":"post_tag","embeddable":true,"href":"https:\/\/www.salvador-dali.org\/ca\/wp-json\/wp\/v2\/tags?post=3464"}],"curies":[{"name":"wp","href":"https:\/\/api.w.org\/{rel}","templated":true}]}}