{"id":3702,"date":"2025-05-15T17:25:59","date_gmt":"2025-05-15T15:25:59","guid":{"rendered":"https:\/\/www.salvador-dali.org\/obra\/ced\/avisos-dinteres-i-protocols-2\/"},"modified":"2026-04-01T11:17:19","modified_gmt":"2026-04-01T09:17:19","slug":"protocols-i-avisos-dinteres","status":"publish","type":"page","link":"https:\/\/www.salvador-dali.org\/ca\/obra\/ced\/protocols-i-avisos-dinteres\/","title":{"rendered":"Protocols i avisos d&#8217;inter\u00e8s"},"content":{"rendered":"\n<div class=\"wp-block-columns col-text col-2 is-layout-flex wp-container-core-columns-is-layout-9d6595d7 wp-block-columns-is-layout-flex\">\n<div class=\"wp-block-column is-layout-flow wp-block-column-is-layout-flow\">\n<h4 class=\"wp-block-heading\" style=\"font-size:19px\"><strong>Criteris art\u00edstics de la Fundaci\u00f3 Gala-Salvador Dal\u00ed en mat\u00e8ria d\u2019escultura i obra tridimensional<\/strong><\/h4>\n<\/div>\n\n\n\n<div class=\"wp-block-column is-layout-flow wp-block-column-is-layout-flow\">\n<p>L\u2019estudi de l\u2019obra escult\u00f2rica de Salvador Dal\u00ed va permetre la publicaci\u00f3, l\u2019any 2014, d\u2019un primer document titulat \u201cCriteris art\u00edstics de la Fundaci\u00f3 Gala-Salvador Dal\u00ed en mat\u00e8ria d\u2019escultura i obra tridimensional\u201d. Des de llavors, l\u2019estudi continuat de les obres per part del Centre d\u2019Estudis Dalinians i la recerca de certes col\u00b7leccions espec\u00edfiques han perm\u00e8s ampliar \u2014i en certa manera completar\u2014 les particularitats que defineixen i distingeixen la producci\u00f3 escult\u00f2rica de l\u2019artista.<br><a href=\"https:\/\/www.salvador-dali.org\/wp-content\/uploads\/2026\/03\/CAT_CRITERIS-ARTISTICS-DE-LA-FUNDACIO-GALA-SALVADOR-DALI_MAQ_VDEF.pdf\" target=\"_blank\" rel=\"noreferrer noopener\">Descarrega el document<\/a>.<\/p>\n<\/div>\n<\/div>\n\n\n\n<div class=\"wp-block-columns col-text col-2 is-layout-flex wp-container-core-columns-is-layout-9d6595d7 wp-block-columns-is-layout-flex\">\n<div class=\"wp-block-column is-layout-flow wp-block-column-is-layout-flow\">\n<h4 class=\"wp-block-heading\" style=\"font-size:20px\"><strong>Protocol de Defensa de l\u2019Escultura i Obra Tridimensional de Salvador Dal\u00ed<\/strong><\/h4>\n<\/div>\n\n\n\n<div class=\"wp-block-column is-layout-flow wp-block-column-is-layout-flow\">\n<p>La finalitat d\u2019aquest protocol \u00e9s dotar la FGSD d\u2019un marc espec\u00edfic per a la defensa de l\u2019obra escult\u00f2rica de Salvador Dal\u00ed. Un dels objectius principals \u00e9s disposar d\u2019unes normes d\u2019actuaci\u00f3 per determinar, quan calgui, la identificaci\u00f3 o l\u2019atribuci\u00f3 de l\u2019autoria de Dal\u00ed d\u2019obra escult\u00f2rica externa a la col\u00b7lecci\u00f3 de la FGSD. Tamb\u00e9 es vol dotar l\u2019usuari amb unes normes d\u2019actuaci\u00f3 clares, que proporcionin l\u2019absoluta transpar\u00e8ncia del proc\u00e9s.<br><a href=\"https:\/\/www.salvador-dali.org\/wp-content\/uploads\/2025\/06\/Protocolo-de-Defensa-de-la-Escultura-y-Obra-Tridimensional-de-Salvador-Dali.pdf\" target=\"_blank\" rel=\"noreferrer noopener\">Descarregar el document<\/a>&nbsp;(versi\u00f3 en castell\u00e0)<\/p>\n<\/div>\n<\/div>\n\n\n\n<div class=\"wp-block-columns col-text col-2 is-layout-flex wp-container-core-columns-is-layout-9d6595d7 wp-block-columns-is-layout-flex\">\n<div class=\"wp-block-column is-layout-flow wp-block-column-is-layout-flow\">\n<h4 class=\"wp-block-heading\" style=\"font-size:20px\"><strong>Protocol d\u2019Homologaci\u00f3 de Coleccions d\u2019Obra Gr\u00e0fica de Salvador Dal\u00ed<\/strong><\/h4>\n<\/div>\n\n\n\n<div class=\"wp-block-column is-layout-flow wp-block-column-is-layout-flow\">\n<p>En l\u00ednia amb el&nbsp;<em>Protocol per a la defensa de l\u2019obra, la imatge i l\u2019her\u00e8ncia de Salvador Dal\u00ed<\/em>&nbsp;(projecte en curs), en qu\u00e8 s\u2019explica de manera exhaustiva el funcionament te\u00f2ric de l\u2019organitzaci\u00f3 interna de la Fundaci\u00f3, aquest protocol d\u2019homologaci\u00f3 de col\u00b7leccions d\u2019obra gr\u00e0fica aspira a servir de model quant a la seva aplicaci\u00f3 pr\u00e0ctica a les col\u00b7leccions privades de tercers.<br>El protocol d\u2019actuaci\u00f3 est\u00e0 pensat per a una exposici\u00f3 d\u2019unes 100 obres, procedents d\u2019un m\u00e0xim de 20 s\u00e8ries, i en base als recursos personals disponibles en l\u2019actualitat, que permeten una revisi\u00f3 anual d\u2019aquestes caracter\u00edstiques.<br><a href=\"https:\/\/www.salvador-dali.org\/wp-content\/uploads\/2025\/06\/Protocolo-de-Homologacion-de-Colecciones-de-Obra-Grafica-de-Salvador-Dali.pdf\" target=\"_blank\" rel=\"noreferrer noopener\">Descarregar el document<\/a>&nbsp;(versi\u00f3 en castell\u00e0)<\/p>\n<\/div>\n<\/div>\n\n\n\n<div class=\"wp-block-columns col-text col-2 is-layout-flex wp-container-core-columns-is-layout-9d6595d7 wp-block-columns-is-layout-flex\">\n<div class=\"wp-block-column is-layout-flow wp-block-column-is-layout-flow\">\n<h4 class=\"wp-block-heading\" style=\"font-size:20px\"><strong>Av\u00eds sobre obres relacionades amb les il\u00b7lustracions de l\u2019Autobiografia de Benvenuto Cellini, els Assajos de Michel de Montaigne i l\u2019edici\u00f3 anglesa de Quixot<\/strong><\/h4>\n<\/div>\n\n\n\n<div class=\"wp-block-column is-layout-flow wp-block-column-is-layout-flow\">\n<p>Els estudis portats a terme per la Comissi\u00f3 d\u2019Autenticaci\u00f3 i Catalogaci\u00f3 han perm\u00e8s constatar que circulen en el mercat obres pretesament realitzades per Salvador Dal\u00ed, totes relacionades amb les il\u00b7lustracions de l\u2019<em>Autobiografia<\/em>&nbsp;de Benvenuto Cellini, els&nbsp;<em>Assajos<\/em>&nbsp;de Michel de Montaigne i l\u2019edici\u00f3 anglesa del&nbsp;<em>Quixot<\/em>, els originals de les quals pertanyen al fons de la Fundaci\u00f3 Gala-Salvador Dal\u00ed.<br>En aquest article es mostren alguns exemples:&nbsp;&nbsp;<a href=\"https:\/\/www.salvador-dali.org\/wp-content\/uploads\/2025\/06\/Articles-i-avis-legals-cat.pdf\" target=\"_blank\" rel=\"noreferrer noopener\">The Autobiography of Benvenuto Cellini, Essays of Michael de Montaigne, i The First part of The Life and Achievements of the Renowned Don Quixote de la Mancha.<\/a><\/p>\n<\/div>\n<\/div>\n\n\n\n<div style=\"height:100px\" aria-hidden=\"true\" class=\"wp-block-spacer separador25 mb-0 mt-0\"><\/div>\n","protected":false},"excerpt":{"rendered":"<p>Criteris art\u00edstics de la Fundaci\u00f3 Gala-Salvador Dal\u00ed en mat\u00e8ria d\u2019escultura i obra tridimensional L\u2019estudi de l\u2019obra escult\u00f2rica de Salvador Dal\u00ed va permetre la publicaci\u00f3, l\u2019any 2014, d\u2019un primer document titulat \u201cCriteris art\u00edstics de la Fundaci\u00f3 Gala-Salvador Dal\u00ed en mat\u00e8ria d\u2019escultura i obra tridimensional\u201d. Des de llavors, l\u2019estudi continuat de les obres per part del Centre [&hellip;]<\/p>\n","protected":false},"author":3,"featured_media":10062,"parent":1998,"menu_order":3,"comment_status":"closed","ping_status":"closed","template":"","meta":{"_acf_changed":false,"_coblocks_attr":"","_coblocks_dimensions":"","_coblocks_responsive_height":"","_coblocks_accordion_ie_support":"","footnotes":""},"categories":[],"tags":[],"class_list":["post-3702","page","type-page","status-publish","has-post-thumbnail","hentry"],"acf":[],"yoast_head":"<!-- This site is optimized with the Yoast SEO plugin v27.3 - https:\/\/yoast.com\/product\/yoast-seo-wordpress\/ -->\n<title>Protocols i avisos d&#039;inter\u00e8s - Fundaci\u00f3 Gala - Salvador Dal\u00ed<\/title>\n<meta name=\"robots\" content=\"index, follow, max-snippet:-1, max-image-preview:large, max-video-preview:-1\" \/>\n<link rel=\"canonical\" href=\"https:\/\/www.salvador-dali.org\/ca\/obra\/ced\/protocols-i-avisos-dinteres\/\" \/>\n<meta property=\"og:locale\" content=\"ca_ES\" \/>\n<meta property=\"og:type\" content=\"article\" \/>\n<meta property=\"og:title\" content=\"Protocols i avisos d&#039;inter\u00e8s - Fundaci\u00f3 Gala - Salvador Dal\u00ed\" \/>\n<meta property=\"og:description\" content=\"Criteris art\u00edstics de la Fundaci\u00f3 Gala-Salvador Dal\u00ed en mat\u00e8ria d\u2019escultura i obra tridimensional L\u2019estudi de l\u2019obra escult\u00f2rica de Salvador Dal\u00ed va permetre la publicaci\u00f3, l\u2019any 2014, d\u2019un primer document titulat \u201cCriteris art\u00edstics de la Fundaci\u00f3 Gala-Salvador Dal\u00ed en mat\u00e8ria d\u2019escultura i obra tridimensional\u201d. Des de llavors, l\u2019estudi continuat de les obres per part del Centre [&hellip;]\" \/>\n<meta property=\"og:url\" content=\"https:\/\/www.salvador-dali.org\/ca\/obra\/ced\/protocols-i-avisos-dinteres\/\" \/>\n<meta property=\"og:site_name\" content=\"Fundaci\u00f3 Gala - Salvador Dal\u00ed\" \/>\n<meta property=\"article:publisher\" content=\"https:\/\/www.facebook.com\/MuseusDali\" \/>\n<meta property=\"article:modified_time\" content=\"2026-04-01T09:17:19+00:00\" \/>\n<meta property=\"og:image\" content=\"https:\/\/www.salvador-dali.org\/wp-content\/uploads\/2025\/06\/9249_01.jpeg\" \/>\n\t<meta property=\"og:image:width\" content=\"747\" \/>\n\t<meta property=\"og:image:height\" content=\"1079\" \/>\n\t<meta property=\"og:image:type\" content=\"image\/jpeg\" \/>\n<meta name=\"twitter:card\" content=\"summary_large_image\" \/>\n<meta name=\"twitter:site\" content=\"@MuseuDali\" \/>\n<meta name=\"twitter:label1\" content=\"Temps estimat de lectura\" \/>\n\t<meta name=\"twitter:data1\" content=\"5 minuts\" \/>\n<script type=\"application\/ld+json\" class=\"yoast-schema-graph\">{\"@context\":\"https:\\\/\\\/schema.org\",\"@graph\":[{\"@type\":\"WebPage\",\"@id\":\"https:\\\/\\\/www.salvador-dali.org\\\/ca\\\/obra\\\/ced\\\/protocols-i-avisos-dinteres\\\/\",\"url\":\"https:\\\/\\\/www.salvador-dali.org\\\/ca\\\/obra\\\/ced\\\/protocols-i-avisos-dinteres\\\/\",\"name\":\"Protocols i avisos d'inter\u00e8s - Fundaci\u00f3 Gala - Salvador Dal\u00ed\",\"isPartOf\":{\"@id\":\"https:\\\/\\\/www.salvador-dali.org\\\/ca\\\/#website\"},\"primaryImageOfPage\":{\"@id\":\"https:\\\/\\\/www.salvador-dali.org\\\/ca\\\/obra\\\/ced\\\/protocols-i-avisos-dinteres\\\/#primaryimage\"},\"image\":{\"@id\":\"https:\\\/\\\/www.salvador-dali.org\\\/ca\\\/obra\\\/ced\\\/protocols-i-avisos-dinteres\\\/#primaryimage\"},\"thumbnailUrl\":\"https:\\\/\\\/www.salvador-dali.org\\\/wp-content\\\/uploads\\\/2025\\\/06\\\/9249_01.jpeg\",\"datePublished\":\"2025-05-15T15:25:59+00:00\",\"dateModified\":\"2026-04-01T09:17:19+00:00\",\"breadcrumb\":{\"@id\":\"https:\\\/\\\/www.salvador-dali.org\\\/ca\\\/obra\\\/ced\\\/protocols-i-avisos-dinteres\\\/#breadcrumb\"},\"inLanguage\":\"ca\",\"potentialAction\":[{\"@type\":\"ReadAction\",\"target\":[\"https:\\\/\\\/www.salvador-dali.org\\\/ca\\\/obra\\\/ced\\\/protocols-i-avisos-dinteres\\\/\"]}]},{\"@type\":\"ImageObject\",\"inLanguage\":\"ca\",\"@id\":\"https:\\\/\\\/www.salvador-dali.org\\\/ca\\\/obra\\\/ced\\\/protocols-i-avisos-dinteres\\\/#primaryimage\",\"url\":\"https:\\\/\\\/www.salvador-dali.org\\\/wp-content\\\/uploads\\\/2025\\\/06\\\/9249_01.jpeg\",\"contentUrl\":\"https:\\\/\\\/www.salvador-dali.org\\\/wp-content\\\/uploads\\\/2025\\\/06\\\/9249_01.jpeg\",\"width\":747,\"height\":1079},{\"@type\":\"BreadcrumbList\",\"@id\":\"https:\\\/\\\/www.salvador-dali.org\\\/ca\\\/obra\\\/ced\\\/protocols-i-avisos-dinteres\\\/#breadcrumb\",\"itemListElement\":[{\"@type\":\"ListItem\",\"position\":1,\"name\":\"Inici\",\"item\":\"https:\\\/\\\/www.salvador-dali.org\\\/ca\\\/\"},{\"@type\":\"ListItem\",\"position\":2,\"name\":\"Protocols i avisos d&#8217;inter\u00e8s\"}]},{\"@type\":\"WebSite\",\"@id\":\"https:\\\/\\\/www.salvador-dali.org\\\/ca\\\/#website\",\"url\":\"https:\\\/\\\/www.salvador-dali.org\\\/ca\\\/\",\"name\":\"Fundaci\u00f3 Gala - Salvador Dal\u00ed\",\"description\":\"\",\"publisher\":{\"@id\":\"https:\\\/\\\/www.salvador-dali.org\\\/ca\\\/#organization\"},\"potentialAction\":[{\"@type\":\"SearchAction\",\"target\":{\"@type\":\"EntryPoint\",\"urlTemplate\":\"https:\\\/\\\/www.salvador-dali.org\\\/ca\\\/?s={search_term_string}\"},\"query-input\":{\"@type\":\"PropertyValueSpecification\",\"valueRequired\":true,\"valueName\":\"search_term_string\"}}],\"inLanguage\":\"ca\"},{\"@type\":\"Organization\",\"@id\":\"https:\\\/\\\/www.salvador-dali.org\\\/ca\\\/#organization\",\"name\":\"Fundaci\u00f3 Gala - Salvador Dal\u00ed\",\"url\":\"https:\\\/\\\/www.salvador-dali.org\\\/ca\\\/\",\"logo\":{\"@type\":\"ImageObject\",\"inLanguage\":\"ca\",\"@id\":\"https:\\\/\\\/www.salvador-dali.org\\\/ca\\\/#\\\/schema\\\/logo\\\/image\\\/\",\"url\":\"https:\\\/\\\/www.salvador-dali.org\\\/wp-content\\\/uploads\\\/2025\\\/04\\\/fundacio-gala-salvador-dali.png\",\"contentUrl\":\"https:\\\/\\\/www.salvador-dali.org\\\/wp-content\\\/uploads\\\/2025\\\/04\\\/fundacio-gala-salvador-dali.png\",\"width\":240,\"height\":240,\"caption\":\"Fundaci\u00f3 Gala - Salvador Dal\u00ed\"},\"image\":{\"@id\":\"https:\\\/\\\/www.salvador-dali.org\\\/ca\\\/#\\\/schema\\\/logo\\\/image\\\/\"},\"sameAs\":[\"https:\\\/\\\/www.facebook.com\\\/MuseusDali\",\"https:\\\/\\\/x.com\\\/MuseuDali\",\"https:\\\/\\\/www.youtube.com\\\/user\\\/FundacioDali\",\"https:\\\/\\\/www.flickr.com\\\/fundacio_dali\\\/\",\"https:\\\/\\\/instagram.com\\\/museudali\"]}]}<\/script>\n<!-- \/ Yoast SEO plugin. -->","yoast_head_json":{"title":"Protocols i avisos d'inter\u00e8s - Fundaci\u00f3 Gala - Salvador Dal\u00ed","robots":{"index":"index","follow":"follow","max-snippet":"max-snippet:-1","max-image-preview":"max-image-preview:large","max-video-preview":"max-video-preview:-1"},"canonical":"https:\/\/www.salvador-dali.org\/ca\/obra\/ced\/protocols-i-avisos-dinteres\/","og_locale":"ca_ES","og_type":"article","og_title":"Protocols i avisos d'inter\u00e8s - Fundaci\u00f3 Gala - Salvador Dal\u00ed","og_description":"Criteris art\u00edstics de la Fundaci\u00f3 Gala-Salvador Dal\u00ed en mat\u00e8ria d\u2019escultura i obra tridimensional L\u2019estudi de l\u2019obra escult\u00f2rica de Salvador Dal\u00ed va permetre la publicaci\u00f3, l\u2019any 2014, d\u2019un primer document titulat \u201cCriteris art\u00edstics de la Fundaci\u00f3 Gala-Salvador Dal\u00ed en mat\u00e8ria d\u2019escultura i obra tridimensional\u201d. Des de llavors, l\u2019estudi continuat de les obres per part del Centre [&hellip;]","og_url":"https:\/\/www.salvador-dali.org\/ca\/obra\/ced\/protocols-i-avisos-dinteres\/","og_site_name":"Fundaci\u00f3 Gala - Salvador Dal\u00ed","article_publisher":"https:\/\/www.facebook.com\/MuseusDali","article_modified_time":"2026-04-01T09:17:19+00:00","og_image":[{"width":747,"height":1079,"url":"https:\/\/www.salvador-dali.org\/wp-content\/uploads\/2025\/06\/9249_01.jpeg","type":"image\/jpeg"}],"twitter_card":"summary_large_image","twitter_site":"@MuseuDali","twitter_misc":{"Temps estimat de lectura":"5 minuts"},"schema":{"@context":"https:\/\/schema.org","@graph":[{"@type":"WebPage","@id":"https:\/\/www.salvador-dali.org\/ca\/obra\/ced\/protocols-i-avisos-dinteres\/","url":"https:\/\/www.salvador-dali.org\/ca\/obra\/ced\/protocols-i-avisos-dinteres\/","name":"Protocols i avisos d'inter\u00e8s - Fundaci\u00f3 Gala - Salvador Dal\u00ed","isPartOf":{"@id":"https:\/\/www.salvador-dali.org\/ca\/#website"},"primaryImageOfPage":{"@id":"https:\/\/www.salvador-dali.org\/ca\/obra\/ced\/protocols-i-avisos-dinteres\/#primaryimage"},"image":{"@id":"https:\/\/www.salvador-dali.org\/ca\/obra\/ced\/protocols-i-avisos-dinteres\/#primaryimage"},"thumbnailUrl":"https:\/\/www.salvador-dali.org\/wp-content\/uploads\/2025\/06\/9249_01.jpeg","datePublished":"2025-05-15T15:25:59+00:00","dateModified":"2026-04-01T09:17:19+00:00","breadcrumb":{"@id":"https:\/\/www.salvador-dali.org\/ca\/obra\/ced\/protocols-i-avisos-dinteres\/#breadcrumb"},"inLanguage":"ca","potentialAction":[{"@type":"ReadAction","target":["https:\/\/www.salvador-dali.org\/ca\/obra\/ced\/protocols-i-avisos-dinteres\/"]}]},{"@type":"ImageObject","inLanguage":"ca","@id":"https:\/\/www.salvador-dali.org\/ca\/obra\/ced\/protocols-i-avisos-dinteres\/#primaryimage","url":"https:\/\/www.salvador-dali.org\/wp-content\/uploads\/2025\/06\/9249_01.jpeg","contentUrl":"https:\/\/www.salvador-dali.org\/wp-content\/uploads\/2025\/06\/9249_01.jpeg","width":747,"height":1079},{"@type":"BreadcrumbList","@id":"https:\/\/www.salvador-dali.org\/ca\/obra\/ced\/protocols-i-avisos-dinteres\/#breadcrumb","itemListElement":[{"@type":"ListItem","position":1,"name":"Inici","item":"https:\/\/www.salvador-dali.org\/ca\/"},{"@type":"ListItem","position":2,"name":"Protocols i avisos d&#8217;inter\u00e8s"}]},{"@type":"WebSite","@id":"https:\/\/www.salvador-dali.org\/ca\/#website","url":"https:\/\/www.salvador-dali.org\/ca\/","name":"Fundaci\u00f3 Gala - Salvador Dal\u00ed","description":"","publisher":{"@id":"https:\/\/www.salvador-dali.org\/ca\/#organization"},"potentialAction":[{"@type":"SearchAction","target":{"@type":"EntryPoint","urlTemplate":"https:\/\/www.salvador-dali.org\/ca\/?s={search_term_string}"},"query-input":{"@type":"PropertyValueSpecification","valueRequired":true,"valueName":"search_term_string"}}],"inLanguage":"ca"},{"@type":"Organization","@id":"https:\/\/www.salvador-dali.org\/ca\/#organization","name":"Fundaci\u00f3 Gala - Salvador Dal\u00ed","url":"https:\/\/www.salvador-dali.org\/ca\/","logo":{"@type":"ImageObject","inLanguage":"ca","@id":"https:\/\/www.salvador-dali.org\/ca\/#\/schema\/logo\/image\/","url":"https:\/\/www.salvador-dali.org\/wp-content\/uploads\/2025\/04\/fundacio-gala-salvador-dali.png","contentUrl":"https:\/\/www.salvador-dali.org\/wp-content\/uploads\/2025\/04\/fundacio-gala-salvador-dali.png","width":240,"height":240,"caption":"Fundaci\u00f3 Gala - Salvador Dal\u00ed"},"image":{"@id":"https:\/\/www.salvador-dali.org\/ca\/#\/schema\/logo\/image\/"},"sameAs":["https:\/\/www.facebook.com\/MuseusDali","https:\/\/x.com\/MuseuDali","https:\/\/www.youtube.com\/user\/FundacioDali","https:\/\/www.flickr.com\/fundacio_dali\/","https:\/\/instagram.com\/museudali"]}]}},"_links":{"self":[{"href":"https:\/\/www.salvador-dali.org\/ca\/wp-json\/wp\/v2\/pages\/3702","targetHints":{"allow":["GET"]}}],"collection":[{"href":"https:\/\/www.salvador-dali.org\/ca\/wp-json\/wp\/v2\/pages"}],"about":[{"href":"https:\/\/www.salvador-dali.org\/ca\/wp-json\/wp\/v2\/types\/page"}],"author":[{"embeddable":true,"href":"https:\/\/www.salvador-dali.org\/ca\/wp-json\/wp\/v2\/users\/3"}],"replies":[{"embeddable":true,"href":"https:\/\/www.salvador-dali.org\/ca\/wp-json\/wp\/v2\/comments?post=3702"}],"version-history":[{"count":4,"href":"https:\/\/www.salvador-dali.org\/ca\/wp-json\/wp\/v2\/pages\/3702\/revisions"}],"predecessor-version":[{"id":15628,"href":"https:\/\/www.salvador-dali.org\/ca\/wp-json\/wp\/v2\/pages\/3702\/revisions\/15628"}],"up":[{"embeddable":true,"href":"https:\/\/www.salvador-dali.org\/ca\/wp-json\/wp\/v2\/pages\/1998"}],"wp:featuredmedia":[{"embeddable":true,"href":"https:\/\/www.salvador-dali.org\/ca\/wp-json\/wp\/v2\/media\/10062"}],"wp:attachment":[{"href":"https:\/\/www.salvador-dali.org\/ca\/wp-json\/wp\/v2\/media?parent=3702"}],"wp:term":[{"taxonomy":"category","embeddable":true,"href":"https:\/\/www.salvador-dali.org\/ca\/wp-json\/wp\/v2\/categories?post=3702"},{"taxonomy":"post_tag","embeddable":true,"href":"https:\/\/www.salvador-dali.org\/ca\/wp-json\/wp\/v2\/tags?post=3702"}],"curies":[{"name":"wp","href":"https:\/\/api.w.org\/{rel}","templated":true}]}}