{"id":10783,"date":"2025-05-15T17:25:59","date_gmt":"2025-05-15T15:25:59","guid":{"rendered":"https:\/\/www.salvador-dali.org\/obra\/ced\/criteris-artistics-protocols-i-avisos-dinteres\/"},"modified":"2026-04-01T11:18:18","modified_gmt":"2026-04-01T09:18:18","slug":"disclaimers-and-protocols","status":"publish","type":"page","link":"https:\/\/www.salvador-dali.org\/en\/artwork\/ced\/disclaimers-and-protocols\/","title":{"rendered":"Disclaimers and protocols"},"content":{"rendered":"\n<div class=\"wp-block-columns col-text col-2 is-layout-flex wp-container-core-columns-is-layout-9d6595d7 wp-block-columns-is-layout-flex\">\n<div class=\"wp-block-column is-layout-flow wp-block-column-is-layout-flow\">\n<h4 class=\"wp-block-heading\" style=\"font-size:19px\"><strong>Artistic Criteria of the Gala-Salvador Dal\u00ed Foundation Regarding Sculpture and Three-Dimensional Works<\/strong><\/h4>\n<\/div>\n\n\n\n<div class=\"wp-block-column is-layout-flow wp-block-column-is-layout-flow\">\n<p id=\"https:\/\/www.salvador-dali.org\/wp-content\/uploads\/2025\/07\/CRITERIA-ENG-1.pdf\">The study of Salvador Dal\u00ed\u2019s sculptural work led to the publication, in 2014, of a first document entitled \u201cArtistic Criteria of the Gala-Salvador Dal\u00ed Foundation Regarding Sculpture and Three-Dimensional Works.\u201d Since then, the continued study of these works by the Dalinian Studies Centre and the research into specific collections have made it possible to expand\u2014and to some extent complete\u2014the particular features that define and distinguish the artist\u2019s sculptural production.<br><a href=\"https:\/\/www.salvador-dali.org\/wp-content\/uploads\/2026\/03\/ENG_ARTISTIC-CRITERIA-OF-THE-FUNDACIO-GALA-SALVADOR-DALI_MAQ_VDEF.pdf\">Download the document.<\/a><\/p>\n<\/div>\n<\/div>\n\n\n\n<div class=\"wp-block-columns col-text col-2 is-layout-flex wp-container-core-columns-is-layout-9d6595d7 wp-block-columns-is-layout-flex\">\n<div class=\"wp-block-column is-layout-flow wp-block-column-is-layout-flow\">\n<h4 class=\"wp-block-heading\" style=\"font-size:20px\"><strong><strong>Defense Protocol for the Sculpture and Three-Dimensional Works of Salvador Dal\u00ed.<\/strong><br><\/strong><\/h4>\n<\/div>\n\n\n\n<div class=\"wp-block-column is-layout-flow wp-block-column-is-layout-flow\">\n<p>The purpose of this protocol is to provide the Gala-Salvador Dal\u00ed Foundation (FGSD) with a specific framework for the protection of Salvador Dal\u00ed\u2019s sculptural works. One of the main objectives is to establish guidelines to determine, when necessary, the identification or attribution of Dal\u00ed\u2019s authorship of sculptural works outside the FGSD collection. It also aims to equip users with clear procedures that ensure complete transparency throughout the process.<br><a href=\"https:\/\/www.salvador-dali.org\/wp-content\/uploads\/2025\/06\/Protocolo-de-Defensa-de-la-Escultura-y-Obra-Tridimensional-de-Salvador-Dali.pdf\" target=\"_blank\" rel=\"noreferrer noopener\">Download<\/a>&nbsp;(available in spanish)<\/p>\n<\/div>\n<\/div>\n\n\n\n<div class=\"wp-block-columns col-text col-2 is-layout-flex wp-container-core-columns-is-layout-9d6595d7 wp-block-columns-is-layout-flex\">\n<div class=\"wp-block-column is-layout-flow wp-block-column-is-layout-flow\">\n<h4 class=\"wp-block-heading\" style=\"font-size:20px\"><strong>Graphic Works Collection Authentication Protocol for Salvador Dal\u00ed.<br><\/strong><\/h4>\n<\/div>\n\n\n\n<div class=\"wp-block-column is-layout-flow wp-block-column-is-layout-flow\">\n<p>Along the same lines as the Protocol for the Defense of the Work, Image, and Heritage of Salvador Dal\u00ed (an ongoing project), which thoroughly explains the theoretical functioning of the internal organization of the Foundation, this protocol for the authentication of graphic works collections aims to serve as a model for its practical application to third-party private collections.<br>The action protocol is designed for an exhibition of around 100 works, coming from a maximum of 20 series, based on the currently available personnel resources, which allow for an annual review of collections with these characteristics.<br><a href=\"https:\/\/www.salvador-dali.org\/wp-content\/uploads\/2025\/06\/Protocolo-de-Homologacion-de-Colecciones-de-Obra-Grafica-de-Salvador-Dali.pdf\" target=\"_blank\" rel=\"noreferrer noopener\">Downlad <\/a>&nbsp;(avaliable in spanish)<\/p>\n<\/div>\n<\/div>\n\n\n\n<div class=\"wp-block-columns col-text col-2 is-layout-flex wp-container-core-columns-is-layout-9d6595d7 wp-block-columns-is-layout-flex\">\n<div class=\"wp-block-column is-layout-flow wp-block-column-is-layout-flow\">\n<h4 class=\"wp-block-heading\" style=\"font-size:20px\"><strong><strong>Notice Regarding Works Related to the Illustrations of Benvenuto Cellini\u2019s Autobiography, Michel de Montaigne\u2019s Essays, and the English Edition of Don Quixote.<\/strong><br><\/strong><\/h4>\n<\/div>\n\n\n\n<div class=\"wp-block-column is-layout-flow wp-block-column-is-layout-flow\">\n<p>Studies carried out by the Accreditation and Cataloguing Commission have confirmed that works allegedly created by Salvador Dal\u00ed are circulating on the market, all related to the illustrations of Benvenuto Cellini\u2019s Autobiography, Michel de Montaigne\u2019s Essays, and the English edition of Don Quixote, the originals of which belong to the collections of the Gala-Salvador Dal\u00ed Foundation.<br>In this article you may read some examples:&nbsp;&nbsp;<a href=\"https:\/\/www.salvador-dali.org\/wp-content\/uploads\/2025\/06\/Articles-i-avis-legals-cat.pdf\" target=\"_blank\" rel=\"noreferrer noopener\">The Autobiography of Benvenuto Cellini, Essays of Michael de Montaigne, i The First part of The Life and Achievements of the Renowned Don Quixote de la Mancha.<\/a><\/p>\n<\/div>\n<\/div>\n\n\n\n<div style=\"height:100px\" aria-hidden=\"true\" class=\"wp-block-spacer separador25 mb-0 mt-0\"><\/div>\n","protected":false},"excerpt":{"rendered":"<p>Artistic Criteria of the Gala-Salvador Dal\u00ed Foundation Regarding Sculpture and Three-Dimensional Works The study of Salvador Dal\u00ed\u2019s sculptural work led to the publication, in 2014, of a first document entitled \u201cArtistic Criteria of the Gala-Salvador Dal\u00ed Foundation Regarding Sculpture and Three-Dimensional Works.\u201d Since then, the continued study of these works by the Dalinian Studies Centre [&hellip;]<\/p>\n","protected":false},"author":3,"featured_media":10063,"parent":7658,"menu_order":3,"comment_status":"closed","ping_status":"closed","template":"","meta":{"_acf_changed":false,"_coblocks_attr":"","_coblocks_dimensions":"","_coblocks_responsive_height":"","_coblocks_accordion_ie_support":"","footnotes":""},"categories":[],"tags":[],"class_list":["post-10783","page","type-page","status-publish","has-post-thumbnail","hentry"],"acf":[],"yoast_head":"<!-- This site is optimized with the Yoast SEO plugin v27.3 - https:\/\/yoast.com\/product\/yoast-seo-wordpress\/ -->\n<title>Disclaimers and protocols - Fundaci\u00f3 Gala - Salvador Dal\u00ed<\/title>\n<meta name=\"robots\" content=\"index, follow, max-snippet:-1, max-image-preview:large, max-video-preview:-1\" \/>\n<link rel=\"canonical\" href=\"https:\/\/www.salvador-dali.org\/en\/artwork\/ced\/disclaimers-and-protocols\/\" \/>\n<meta property=\"og:locale\" content=\"en_US\" \/>\n<meta property=\"og:type\" content=\"article\" \/>\n<meta property=\"og:title\" content=\"Disclaimers and protocols - Fundaci\u00f3 Gala - Salvador Dal\u00ed\" \/>\n<meta property=\"og:description\" content=\"Artistic Criteria of the Gala-Salvador Dal\u00ed Foundation Regarding Sculpture and Three-Dimensional Works The study of Salvador Dal\u00ed\u2019s sculptural work led to the publication, in 2014, of a first document entitled \u201cArtistic Criteria of the Gala-Salvador Dal\u00ed Foundation Regarding Sculpture and Three-Dimensional Works.\u201d Since then, the continued study of these works by the Dalinian Studies Centre [&hellip;]\" \/>\n<meta property=\"og:url\" content=\"https:\/\/www.salvador-dali.org\/en\/artwork\/ced\/disclaimers-and-protocols\/\" \/>\n<meta property=\"og:site_name\" content=\"Fundaci\u00f3 Gala - Salvador Dal\u00ed\" \/>\n<meta property=\"article:publisher\" content=\"https:\/\/www.facebook.com\/MuseusDali\" \/>\n<meta property=\"article:modified_time\" content=\"2026-04-01T09:18:18+00:00\" \/>\n<meta property=\"og:image\" content=\"https:\/\/www.salvador-dali.org\/wp-content\/uploads\/2025\/06\/9249_01.jpeg\" \/>\n\t<meta property=\"og:image:width\" content=\"747\" \/>\n\t<meta property=\"og:image:height\" content=\"1079\" \/>\n\t<meta property=\"og:image:type\" content=\"image\/jpeg\" \/>\n<meta name=\"twitter:card\" content=\"summary_large_image\" \/>\n<meta name=\"twitter:site\" content=\"@MuseuDali\" \/>\n<meta name=\"twitter:label1\" content=\"Est. reading time\" \/>\n\t<meta name=\"twitter:data1\" content=\"4 minutes\" \/>\n<script type=\"application\/ld+json\" class=\"yoast-schema-graph\">{\"@context\":\"https:\\\/\\\/schema.org\",\"@graph\":[{\"@type\":\"WebPage\",\"@id\":\"https:\\\/\\\/www.salvador-dali.org\\\/en\\\/artwork\\\/ced\\\/disclaimers-and-protocols\\\/\",\"url\":\"https:\\\/\\\/www.salvador-dali.org\\\/en\\\/artwork\\\/ced\\\/disclaimers-and-protocols\\\/\",\"name\":\"Disclaimers and protocols - Fundaci\u00f3 Gala - Salvador Dal\u00ed\",\"isPartOf\":{\"@id\":\"https:\\\/\\\/www.salvador-dali.org\\\/en\\\/#website\"},\"primaryImageOfPage\":{\"@id\":\"https:\\\/\\\/www.salvador-dali.org\\\/en\\\/artwork\\\/ced\\\/disclaimers-and-protocols\\\/#primaryimage\"},\"image\":{\"@id\":\"https:\\\/\\\/www.salvador-dali.org\\\/en\\\/artwork\\\/ced\\\/disclaimers-and-protocols\\\/#primaryimage\"},\"thumbnailUrl\":\"https:\\\/\\\/www.salvador-dali.org\\\/wp-content\\\/uploads\\\/2025\\\/06\\\/9249_01.jpeg\",\"datePublished\":\"2025-05-15T15:25:59+00:00\",\"dateModified\":\"2026-04-01T09:18:18+00:00\",\"breadcrumb\":{\"@id\":\"https:\\\/\\\/www.salvador-dali.org\\\/en\\\/artwork\\\/ced\\\/disclaimers-and-protocols\\\/#breadcrumb\"},\"inLanguage\":\"en-US\",\"potentialAction\":[{\"@type\":\"ReadAction\",\"target\":[\"https:\\\/\\\/www.salvador-dali.org\\\/en\\\/artwork\\\/ced\\\/disclaimers-and-protocols\\\/\"]}]},{\"@type\":\"ImageObject\",\"inLanguage\":\"en-US\",\"@id\":\"https:\\\/\\\/www.salvador-dali.org\\\/en\\\/artwork\\\/ced\\\/disclaimers-and-protocols\\\/#primaryimage\",\"url\":\"https:\\\/\\\/www.salvador-dali.org\\\/wp-content\\\/uploads\\\/2025\\\/06\\\/9249_01.jpeg\",\"contentUrl\":\"https:\\\/\\\/www.salvador-dali.org\\\/wp-content\\\/uploads\\\/2025\\\/06\\\/9249_01.jpeg\",\"width\":747,\"height\":1079},{\"@type\":\"BreadcrumbList\",\"@id\":\"https:\\\/\\\/www.salvador-dali.org\\\/en\\\/artwork\\\/ced\\\/disclaimers-and-protocols\\\/#breadcrumb\",\"itemListElement\":[{\"@type\":\"ListItem\",\"position\":1,\"name\":\"Inici\",\"item\":\"https:\\\/\\\/www.salvador-dali.org\\\/en\\\/\"},{\"@type\":\"ListItem\",\"position\":2,\"name\":\"Disclaimers and protocols\"}]},{\"@type\":\"WebSite\",\"@id\":\"https:\\\/\\\/www.salvador-dali.org\\\/en\\\/#website\",\"url\":\"https:\\\/\\\/www.salvador-dali.org\\\/en\\\/\",\"name\":\"Fundaci\u00f3 Gala - Salvador Dal\u00ed\",\"description\":\"\",\"publisher\":{\"@id\":\"https:\\\/\\\/www.salvador-dali.org\\\/en\\\/#organization\"},\"potentialAction\":[{\"@type\":\"SearchAction\",\"target\":{\"@type\":\"EntryPoint\",\"urlTemplate\":\"https:\\\/\\\/www.salvador-dali.org\\\/en\\\/?s={search_term_string}\"},\"query-input\":{\"@type\":\"PropertyValueSpecification\",\"valueRequired\":true,\"valueName\":\"search_term_string\"}}],\"inLanguage\":\"en-US\"},{\"@type\":\"Organization\",\"@id\":\"https:\\\/\\\/www.salvador-dali.org\\\/en\\\/#organization\",\"name\":\"Fundaci\u00f3 Gala - Salvador Dal\u00ed\",\"url\":\"https:\\\/\\\/www.salvador-dali.org\\\/en\\\/\",\"logo\":{\"@type\":\"ImageObject\",\"inLanguage\":\"en-US\",\"@id\":\"https:\\\/\\\/www.salvador-dali.org\\\/en\\\/#\\\/schema\\\/logo\\\/image\\\/\",\"url\":\"https:\\\/\\\/www.salvador-dali.org\\\/wp-content\\\/uploads\\\/2025\\\/04\\\/fundacio-gala-salvador-dali.png\",\"contentUrl\":\"https:\\\/\\\/www.salvador-dali.org\\\/wp-content\\\/uploads\\\/2025\\\/04\\\/fundacio-gala-salvador-dali.png\",\"width\":240,\"height\":240,\"caption\":\"Fundaci\u00f3 Gala - Salvador Dal\u00ed\"},\"image\":{\"@id\":\"https:\\\/\\\/www.salvador-dali.org\\\/en\\\/#\\\/schema\\\/logo\\\/image\\\/\"},\"sameAs\":[\"https:\\\/\\\/www.facebook.com\\\/MuseusDali\",\"https:\\\/\\\/x.com\\\/MuseuDali\",\"https:\\\/\\\/www.youtube.com\\\/user\\\/FundacioDali\",\"https:\\\/\\\/www.flickr.com\\\/fundacio_dali\\\/\",\"https:\\\/\\\/instagram.com\\\/museudali\"]}]}<\/script>\n<!-- \/ Yoast SEO plugin. -->","yoast_head_json":{"title":"Disclaimers and protocols - Fundaci\u00f3 Gala - Salvador Dal\u00ed","robots":{"index":"index","follow":"follow","max-snippet":"max-snippet:-1","max-image-preview":"max-image-preview:large","max-video-preview":"max-video-preview:-1"},"canonical":"https:\/\/www.salvador-dali.org\/en\/artwork\/ced\/disclaimers-and-protocols\/","og_locale":"en_US","og_type":"article","og_title":"Disclaimers and protocols - Fundaci\u00f3 Gala - Salvador Dal\u00ed","og_description":"Artistic Criteria of the Gala-Salvador Dal\u00ed Foundation Regarding Sculpture and Three-Dimensional Works The study of Salvador Dal\u00ed\u2019s sculptural work led to the publication, in 2014, of a first document entitled \u201cArtistic Criteria of the Gala-Salvador Dal\u00ed Foundation Regarding Sculpture and Three-Dimensional Works.\u201d Since then, the continued study of these works by the Dalinian Studies Centre [&hellip;]","og_url":"https:\/\/www.salvador-dali.org\/en\/artwork\/ced\/disclaimers-and-protocols\/","og_site_name":"Fundaci\u00f3 Gala - Salvador Dal\u00ed","article_publisher":"https:\/\/www.facebook.com\/MuseusDali","article_modified_time":"2026-04-01T09:18:18+00:00","og_image":[{"width":747,"height":1079,"url":"https:\/\/www.salvador-dali.org\/wp-content\/uploads\/2025\/06\/9249_01.jpeg","type":"image\/jpeg"}],"twitter_card":"summary_large_image","twitter_site":"@MuseuDali","twitter_misc":{"Est. reading time":"4 minutes"},"schema":{"@context":"https:\/\/schema.org","@graph":[{"@type":"WebPage","@id":"https:\/\/www.salvador-dali.org\/en\/artwork\/ced\/disclaimers-and-protocols\/","url":"https:\/\/www.salvador-dali.org\/en\/artwork\/ced\/disclaimers-and-protocols\/","name":"Disclaimers and protocols - Fundaci\u00f3 Gala - Salvador Dal\u00ed","isPartOf":{"@id":"https:\/\/www.salvador-dali.org\/en\/#website"},"primaryImageOfPage":{"@id":"https:\/\/www.salvador-dali.org\/en\/artwork\/ced\/disclaimers-and-protocols\/#primaryimage"},"image":{"@id":"https:\/\/www.salvador-dali.org\/en\/artwork\/ced\/disclaimers-and-protocols\/#primaryimage"},"thumbnailUrl":"https:\/\/www.salvador-dali.org\/wp-content\/uploads\/2025\/06\/9249_01.jpeg","datePublished":"2025-05-15T15:25:59+00:00","dateModified":"2026-04-01T09:18:18+00:00","breadcrumb":{"@id":"https:\/\/www.salvador-dali.org\/en\/artwork\/ced\/disclaimers-and-protocols\/#breadcrumb"},"inLanguage":"en-US","potentialAction":[{"@type":"ReadAction","target":["https:\/\/www.salvador-dali.org\/en\/artwork\/ced\/disclaimers-and-protocols\/"]}]},{"@type":"ImageObject","inLanguage":"en-US","@id":"https:\/\/www.salvador-dali.org\/en\/artwork\/ced\/disclaimers-and-protocols\/#primaryimage","url":"https:\/\/www.salvador-dali.org\/wp-content\/uploads\/2025\/06\/9249_01.jpeg","contentUrl":"https:\/\/www.salvador-dali.org\/wp-content\/uploads\/2025\/06\/9249_01.jpeg","width":747,"height":1079},{"@type":"BreadcrumbList","@id":"https:\/\/www.salvador-dali.org\/en\/artwork\/ced\/disclaimers-and-protocols\/#breadcrumb","itemListElement":[{"@type":"ListItem","position":1,"name":"Inici","item":"https:\/\/www.salvador-dali.org\/en\/"},{"@type":"ListItem","position":2,"name":"Disclaimers and protocols"}]},{"@type":"WebSite","@id":"https:\/\/www.salvador-dali.org\/en\/#website","url":"https:\/\/www.salvador-dali.org\/en\/","name":"Fundaci\u00f3 Gala - Salvador Dal\u00ed","description":"","publisher":{"@id":"https:\/\/www.salvador-dali.org\/en\/#organization"},"potentialAction":[{"@type":"SearchAction","target":{"@type":"EntryPoint","urlTemplate":"https:\/\/www.salvador-dali.org\/en\/?s={search_term_string}"},"query-input":{"@type":"PropertyValueSpecification","valueRequired":true,"valueName":"search_term_string"}}],"inLanguage":"en-US"},{"@type":"Organization","@id":"https:\/\/www.salvador-dali.org\/en\/#organization","name":"Fundaci\u00f3 Gala - Salvador Dal\u00ed","url":"https:\/\/www.salvador-dali.org\/en\/","logo":{"@type":"ImageObject","inLanguage":"en-US","@id":"https:\/\/www.salvador-dali.org\/en\/#\/schema\/logo\/image\/","url":"https:\/\/www.salvador-dali.org\/wp-content\/uploads\/2025\/04\/fundacio-gala-salvador-dali.png","contentUrl":"https:\/\/www.salvador-dali.org\/wp-content\/uploads\/2025\/04\/fundacio-gala-salvador-dali.png","width":240,"height":240,"caption":"Fundaci\u00f3 Gala - Salvador Dal\u00ed"},"image":{"@id":"https:\/\/www.salvador-dali.org\/en\/#\/schema\/logo\/image\/"},"sameAs":["https:\/\/www.facebook.com\/MuseusDali","https:\/\/x.com\/MuseuDali","https:\/\/www.youtube.com\/user\/FundacioDali","https:\/\/www.flickr.com\/fundacio_dali\/","https:\/\/instagram.com\/museudali"]}]}},"_links":{"self":[{"href":"https:\/\/www.salvador-dali.org\/en\/wp-json\/wp\/v2\/pages\/10783","targetHints":{"allow":["GET"]}}],"collection":[{"href":"https:\/\/www.salvador-dali.org\/en\/wp-json\/wp\/v2\/pages"}],"about":[{"href":"https:\/\/www.salvador-dali.org\/en\/wp-json\/wp\/v2\/types\/page"}],"author":[{"embeddable":true,"href":"https:\/\/www.salvador-dali.org\/en\/wp-json\/wp\/v2\/users\/3"}],"replies":[{"embeddable":true,"href":"https:\/\/www.salvador-dali.org\/en\/wp-json\/wp\/v2\/comments?post=10783"}],"version-history":[{"count":6,"href":"https:\/\/www.salvador-dali.org\/en\/wp-json\/wp\/v2\/pages\/10783\/revisions"}],"predecessor-version":[{"id":15630,"href":"https:\/\/www.salvador-dali.org\/en\/wp-json\/wp\/v2\/pages\/10783\/revisions\/15630"}],"up":[{"embeddable":true,"href":"https:\/\/www.salvador-dali.org\/en\/wp-json\/wp\/v2\/pages\/7658"}],"wp:featuredmedia":[{"embeddable":true,"href":"https:\/\/www.salvador-dali.org\/en\/wp-json\/wp\/v2\/media\/10063"}],"wp:attachment":[{"href":"https:\/\/www.salvador-dali.org\/en\/wp-json\/wp\/v2\/media?parent=10783"}],"wp:term":[{"taxonomy":"category","embeddable":true,"href":"https:\/\/www.salvador-dali.org\/en\/wp-json\/wp\/v2\/categories?post=10783"},{"taxonomy":"post_tag","embeddable":true,"href":"https:\/\/www.salvador-dali.org\/en\/wp-json\/wp\/v2\/tags?post=10783"}],"curies":[{"name":"wp","href":"https:\/\/api.w.org\/{rel}","templated":true}]}}