{"id":14289,"date":"2025-12-10T08:55:00","date_gmt":"2025-12-10T07:55:00","guid":{"rendered":"https:\/\/www.salvador-dali.org\/?page_id=14289"},"modified":"2026-03-26T10:12:40","modified_gmt":"2026-03-26T09:12:40","slug":"dali-fellowship-programme","status":"publish","type":"page","link":"https:\/\/www.salvador-dali.org\/en\/dali-foundation\/scholarship-program\/dali-fellowship-programme\/","title":{"rendered":"Dal\u00ed Fellowship Programme"},"content":{"rendered":"\n<div class=\"wp-block-columns col-text col-2 is-layout-flex wp-container-core-columns-is-layout-9d6595d7 wp-block-columns-is-layout-flex\">\n<div class=\"wp-block-column is-layout-flow wp-block-column-is-layout-flow\">\n<h2 class=\"wp-block-heading\">The programme<\/h2>\n<\/div>\n\n\n\n<div class=\"wp-block-column is-layout-flow wp-block-column-is-layout-flow\">\n<p>The Fundaci\u00f3 Gala-Salvador Dal\u00ed (FGSD) has created the Dali Fellowship Programme to, among other things, promote research on the work and thought of Salvador Dal\u00ed, forge partnerships with renowned universities and institutions, and foster the exchange of knowledge through researchers and scholars of the artist.<\/p>\n\n\n\n<p>This year, 2026, marks the first Dal\u00ed Fellowship Programme call for applications. Under the programme, two individual fellowships will be awarded to researchers and scholars to conduct research projects, preferably in the following thematic areas:<\/p>\n\n\n\n<ul class=\"wp-block-list\">\n<li>Dal\u00ed, architecture and set design.<\/li>\n\n\n\n<li>Performative Dal\u00ed.<\/li>\n\n\n\n<li>Dal\u00ed and science.<\/li>\n\n\n\n<li>Dal\u00ed and material culture.<\/li>\n\n\n\n<li>Dal\u00ed and fashion.<\/li>\n\n\n\n<li>Echoes of Dal\u00ed in contemporary art.<\/li>\n<\/ul>\n\n\n\n<p>The Fellowship Programme offers the selected recipients the opportunity to conduct their research at the FGSD headquarters in Figueres, right next to the Dal\u00ed Theatre-Museum. Among other benefits, fellows will have special access to the FGSD\u2019s documentary, bibliographic, and digital resources and databases, supervised guidance from an FGSD specialist in the project\u2019s field, a workspace at the FGSD headquarters, and accommodation facilities.<\/p>\n\n\n\n<p><strong><a href=\"https:\/\/www.salvador-dali.org\/wp-content\/uploads\/2025\/12\/EN_Call_2026.pdf\">Download the rules of the 2026 call for applications (PDF)<\/a><\/strong><\/p>\n<\/div>\n<\/div>\n\n\n\n<div class=\"wp-block-columns col-text col-2 is-layout-flex wp-container-core-columns-is-layout-9d6595d7 wp-block-columns-is-layout-flex\">\n<div class=\"wp-block-column is-layout-flow wp-block-column-is-layout-flow\">\n<h2 class=\"wp-block-heading\">2026 Call Resolution<\/h2>\n<\/div>\n\n\n\n<div class=\"wp-block-column is-layout-flow wp-block-column-is-layout-flow\">\n<p>The Fundaci\u00f3 Gala-Salvador Dal\u00ed has reached a verdict on the 2026 call for applications for the Dal\u00ed Fellowship Programme.<\/p>\n\n\n\n<p><strong><a href=\"https:\/\/www.salvador-dali.org\/wp-content\/uploads\/2026\/03\/2026_Call_Resolution_DFP_EN-1.pdf\" type=\"link\" id=\"https:\/\/www.salvador-dali.org\/wp-content\/uploads\/2026\/03\/2026_Call_Resolution_DFP_EN-1.pdf\"><strong>Download the 2026 call resolution<\/strong> (PDF)<\/a><\/strong><\/p>\n<\/div>\n<\/div>\n","protected":false},"excerpt":{"rendered":"<p>The programme The Fundaci\u00f3 Gala-Salvador Dal\u00ed (FGSD) has created the Dali Fellowship Programme to, among other things, promote research on the work and thought of Salvador Dal\u00ed, forge partnerships with renowned universities and institutions, and foster the exchange of knowledge through researchers and scholars of the artist. This year, 2026, marks the first Dal\u00ed Fellowship [&hellip;]<\/p>\n","protected":false},"author":3,"featured_media":1384,"parent":14283,"menu_order":0,"comment_status":"closed","ping_status":"closed","template":"","meta":{"_acf_changed":false,"_coblocks_attr":"","_coblocks_dimensions":"","_coblocks_responsive_height":"","_coblocks_accordion_ie_support":"","footnotes":""},"categories":[],"tags":[],"class_list":["post-14289","page","type-page","status-publish","has-post-thumbnail","hentry"],"acf":[],"yoast_head":"<!-- This site is optimized with the Yoast SEO plugin v27.3 - https:\/\/yoast.com\/product\/yoast-seo-wordpress\/ -->\n<title>Dal\u00ed Fellowship Programme - Fundaci\u00f3 Gala - Salvador Dal\u00ed<\/title>\n<meta name=\"robots\" content=\"index, follow, max-snippet:-1, max-image-preview:large, max-video-preview:-1\" \/>\n<link rel=\"canonical\" href=\"https:\/\/www.salvador-dali.org\/en\/dali-foundation\/scholarship-program\/dali-fellowship-programme\/\" \/>\n<meta property=\"og:locale\" content=\"en_US\" \/>\n<meta property=\"og:type\" content=\"article\" \/>\n<meta property=\"og:title\" content=\"Dal\u00ed Fellowship Programme - Fundaci\u00f3 Gala - Salvador Dal\u00ed\" \/>\n<meta property=\"og:description\" content=\"The programme The Fundaci\u00f3 Gala-Salvador Dal\u00ed (FGSD) has created the Dali Fellowship Programme to, among other things, promote research on the work and thought of Salvador Dal\u00ed, forge partnerships with renowned universities and institutions, and foster the exchange of knowledge through researchers and scholars of the artist. This year, 2026, marks the first Dal\u00ed Fellowship [&hellip;]\" \/>\n<meta property=\"og:url\" content=\"https:\/\/www.salvador-dali.org\/en\/dali-foundation\/scholarship-program\/dali-fellowship-programme\/\" \/>\n<meta property=\"og:site_name\" content=\"Fundaci\u00f3 Gala - Salvador Dal\u00ed\" \/>\n<meta property=\"article:publisher\" content=\"https:\/\/www.facebook.com\/MuseusDali\" \/>\n<meta property=\"article:modified_time\" content=\"2026-03-26T09:12:40+00:00\" \/>\n<meta property=\"og:image\" content=\"https:\/\/www.salvador-dali.org\/wp-content\/uploads\/2025\/02\/5068-e1747042033255.jpg\" \/>\n\t<meta property=\"og:image:width\" content=\"768\" \/>\n\t<meta property=\"og:image:height\" content=\"977\" \/>\n\t<meta property=\"og:image:type\" content=\"image\/jpeg\" \/>\n<meta name=\"twitter:card\" content=\"summary_large_image\" \/>\n<meta name=\"twitter:site\" content=\"@MuseuDali\" \/>\n<meta name=\"twitter:label1\" content=\"Est. reading time\" \/>\n\t<meta name=\"twitter:data1\" content=\"2 minutes\" \/>\n<script type=\"application\/ld+json\" class=\"yoast-schema-graph\">{\"@context\":\"https:\\\/\\\/schema.org\",\"@graph\":[{\"@type\":\"WebPage\",\"@id\":\"https:\\\/\\\/www.salvador-dali.org\\\/en\\\/dali-foundation\\\/scholarship-program\\\/dali-fellowship-programme\\\/\",\"url\":\"https:\\\/\\\/www.salvador-dali.org\\\/en\\\/dali-foundation\\\/scholarship-program\\\/dali-fellowship-programme\\\/\",\"name\":\"Dal\u00ed Fellowship Programme - Fundaci\u00f3 Gala - Salvador Dal\u00ed\",\"isPartOf\":{\"@id\":\"https:\\\/\\\/www.salvador-dali.org\\\/en\\\/#website\"},\"primaryImageOfPage\":{\"@id\":\"https:\\\/\\\/www.salvador-dali.org\\\/en\\\/dali-foundation\\\/scholarship-program\\\/dali-fellowship-programme\\\/#primaryimage\"},\"image\":{\"@id\":\"https:\\\/\\\/www.salvador-dali.org\\\/en\\\/dali-foundation\\\/scholarship-program\\\/dali-fellowship-programme\\\/#primaryimage\"},\"thumbnailUrl\":\"https:\\\/\\\/www.salvador-dali.org\\\/wp-content\\\/uploads\\\/2025\\\/02\\\/5068-e1747042033255.jpg\",\"datePublished\":\"2025-12-10T07:55:00+00:00\",\"dateModified\":\"2026-03-26T09:12:40+00:00\",\"breadcrumb\":{\"@id\":\"https:\\\/\\\/www.salvador-dali.org\\\/en\\\/dali-foundation\\\/scholarship-program\\\/dali-fellowship-programme\\\/#breadcrumb\"},\"inLanguage\":\"en-US\",\"potentialAction\":[{\"@type\":\"ReadAction\",\"target\":[\"https:\\\/\\\/www.salvador-dali.org\\\/en\\\/dali-foundation\\\/scholarship-program\\\/dali-fellowship-programme\\\/\"]}]},{\"@type\":\"ImageObject\",\"inLanguage\":\"en-US\",\"@id\":\"https:\\\/\\\/www.salvador-dali.org\\\/en\\\/dali-foundation\\\/scholarship-program\\\/dali-fellowship-programme\\\/#primaryimage\",\"url\":\"https:\\\/\\\/www.salvador-dali.org\\\/wp-content\\\/uploads\\\/2025\\\/02\\\/5068-e1747042033255.jpg\",\"contentUrl\":\"https:\\\/\\\/www.salvador-dali.org\\\/wp-content\\\/uploads\\\/2025\\\/02\\\/5068-e1747042033255.jpg\",\"width\":768,\"height\":977,\"caption\":\"Salvador Dal\u00ed writing The Secret Life of Salvador Dal\u00ed at Hampton Manor, Virginia, 1941. Eric Schaal \u00a9 Image rights of Salvador Dal\u00ed reserved. Gala-Salvador Dal\u00ed Foundation, Figueres, 2025\"},{\"@type\":\"BreadcrumbList\",\"@id\":\"https:\\\/\\\/www.salvador-dali.org\\\/en\\\/dali-foundation\\\/scholarship-program\\\/dali-fellowship-programme\\\/#breadcrumb\",\"itemListElement\":[{\"@type\":\"ListItem\",\"position\":1,\"name\":\"Inici\",\"item\":\"https:\\\/\\\/www.salvador-dali.org\\\/en\\\/\"},{\"@type\":\"ListItem\",\"position\":2,\"name\":\"Dal\u00ed Fellowship Programme\"}]},{\"@type\":\"WebSite\",\"@id\":\"https:\\\/\\\/www.salvador-dali.org\\\/en\\\/#website\",\"url\":\"https:\\\/\\\/www.salvador-dali.org\\\/en\\\/\",\"name\":\"Fundaci\u00f3 Gala - Salvador Dal\u00ed\",\"description\":\"\",\"publisher\":{\"@id\":\"https:\\\/\\\/www.salvador-dali.org\\\/en\\\/#organization\"},\"potentialAction\":[{\"@type\":\"SearchAction\",\"target\":{\"@type\":\"EntryPoint\",\"urlTemplate\":\"https:\\\/\\\/www.salvador-dali.org\\\/en\\\/?s={search_term_string}\"},\"query-input\":{\"@type\":\"PropertyValueSpecification\",\"valueRequired\":true,\"valueName\":\"search_term_string\"}}],\"inLanguage\":\"en-US\"},{\"@type\":\"Organization\",\"@id\":\"https:\\\/\\\/www.salvador-dali.org\\\/en\\\/#organization\",\"name\":\"Fundaci\u00f3 Gala - Salvador Dal\u00ed\",\"url\":\"https:\\\/\\\/www.salvador-dali.org\\\/en\\\/\",\"logo\":{\"@type\":\"ImageObject\",\"inLanguage\":\"en-US\",\"@id\":\"https:\\\/\\\/www.salvador-dali.org\\\/en\\\/#\\\/schema\\\/logo\\\/image\\\/\",\"url\":\"https:\\\/\\\/www.salvador-dali.org\\\/wp-content\\\/uploads\\\/2025\\\/04\\\/fundacio-gala-salvador-dali.png\",\"contentUrl\":\"https:\\\/\\\/www.salvador-dali.org\\\/wp-content\\\/uploads\\\/2025\\\/04\\\/fundacio-gala-salvador-dali.png\",\"width\":240,\"height\":240,\"caption\":\"Fundaci\u00f3 Gala - Salvador Dal\u00ed\"},\"image\":{\"@id\":\"https:\\\/\\\/www.salvador-dali.org\\\/en\\\/#\\\/schema\\\/logo\\\/image\\\/\"},\"sameAs\":[\"https:\\\/\\\/www.facebook.com\\\/MuseusDali\",\"https:\\\/\\\/x.com\\\/MuseuDali\",\"https:\\\/\\\/www.youtube.com\\\/user\\\/FundacioDali\",\"https:\\\/\\\/www.flickr.com\\\/fundacio_dali\\\/\",\"https:\\\/\\\/instagram.com\\\/museudali\"]}]}<\/script>\n<!-- \/ Yoast SEO plugin. -->","yoast_head_json":{"title":"Dal\u00ed Fellowship Programme - Fundaci\u00f3 Gala - Salvador Dal\u00ed","robots":{"index":"index","follow":"follow","max-snippet":"max-snippet:-1","max-image-preview":"max-image-preview:large","max-video-preview":"max-video-preview:-1"},"canonical":"https:\/\/www.salvador-dali.org\/en\/dali-foundation\/scholarship-program\/dali-fellowship-programme\/","og_locale":"en_US","og_type":"article","og_title":"Dal\u00ed Fellowship Programme - Fundaci\u00f3 Gala - Salvador Dal\u00ed","og_description":"The programme The Fundaci\u00f3 Gala-Salvador Dal\u00ed (FGSD) has created the Dali Fellowship Programme to, among other things, promote research on the work and thought of Salvador Dal\u00ed, forge partnerships with renowned universities and institutions, and foster the exchange of knowledge through researchers and scholars of the artist. This year, 2026, marks the first Dal\u00ed Fellowship [&hellip;]","og_url":"https:\/\/www.salvador-dali.org\/en\/dali-foundation\/scholarship-program\/dali-fellowship-programme\/","og_site_name":"Fundaci\u00f3 Gala - Salvador Dal\u00ed","article_publisher":"https:\/\/www.facebook.com\/MuseusDali","article_modified_time":"2026-03-26T09:12:40+00:00","og_image":[{"width":768,"height":977,"url":"https:\/\/www.salvador-dali.org\/wp-content\/uploads\/2025\/02\/5068-e1747042033255.jpg","type":"image\/jpeg"}],"twitter_card":"summary_large_image","twitter_site":"@MuseuDali","twitter_misc":{"Est. reading time":"2 minutes"},"schema":{"@context":"https:\/\/schema.org","@graph":[{"@type":"WebPage","@id":"https:\/\/www.salvador-dali.org\/en\/dali-foundation\/scholarship-program\/dali-fellowship-programme\/","url":"https:\/\/www.salvador-dali.org\/en\/dali-foundation\/scholarship-program\/dali-fellowship-programme\/","name":"Dal\u00ed Fellowship Programme - Fundaci\u00f3 Gala - Salvador Dal\u00ed","isPartOf":{"@id":"https:\/\/www.salvador-dali.org\/en\/#website"},"primaryImageOfPage":{"@id":"https:\/\/www.salvador-dali.org\/en\/dali-foundation\/scholarship-program\/dali-fellowship-programme\/#primaryimage"},"image":{"@id":"https:\/\/www.salvador-dali.org\/en\/dali-foundation\/scholarship-program\/dali-fellowship-programme\/#primaryimage"},"thumbnailUrl":"https:\/\/www.salvador-dali.org\/wp-content\/uploads\/2025\/02\/5068-e1747042033255.jpg","datePublished":"2025-12-10T07:55:00+00:00","dateModified":"2026-03-26T09:12:40+00:00","breadcrumb":{"@id":"https:\/\/www.salvador-dali.org\/en\/dali-foundation\/scholarship-program\/dali-fellowship-programme\/#breadcrumb"},"inLanguage":"en-US","potentialAction":[{"@type":"ReadAction","target":["https:\/\/www.salvador-dali.org\/en\/dali-foundation\/scholarship-program\/dali-fellowship-programme\/"]}]},{"@type":"ImageObject","inLanguage":"en-US","@id":"https:\/\/www.salvador-dali.org\/en\/dali-foundation\/scholarship-program\/dali-fellowship-programme\/#primaryimage","url":"https:\/\/www.salvador-dali.org\/wp-content\/uploads\/2025\/02\/5068-e1747042033255.jpg","contentUrl":"https:\/\/www.salvador-dali.org\/wp-content\/uploads\/2025\/02\/5068-e1747042033255.jpg","width":768,"height":977,"caption":"Salvador Dal\u00ed writing The Secret Life of Salvador Dal\u00ed at Hampton Manor, Virginia, 1941. Eric Schaal \u00a9 Image rights of Salvador Dal\u00ed reserved. Gala-Salvador Dal\u00ed Foundation, Figueres, 2025"},{"@type":"BreadcrumbList","@id":"https:\/\/www.salvador-dali.org\/en\/dali-foundation\/scholarship-program\/dali-fellowship-programme\/#breadcrumb","itemListElement":[{"@type":"ListItem","position":1,"name":"Inici","item":"https:\/\/www.salvador-dali.org\/en\/"},{"@type":"ListItem","position":2,"name":"Dal\u00ed Fellowship Programme"}]},{"@type":"WebSite","@id":"https:\/\/www.salvador-dali.org\/en\/#website","url":"https:\/\/www.salvador-dali.org\/en\/","name":"Fundaci\u00f3 Gala - Salvador Dal\u00ed","description":"","publisher":{"@id":"https:\/\/www.salvador-dali.org\/en\/#organization"},"potentialAction":[{"@type":"SearchAction","target":{"@type":"EntryPoint","urlTemplate":"https:\/\/www.salvador-dali.org\/en\/?s={search_term_string}"},"query-input":{"@type":"PropertyValueSpecification","valueRequired":true,"valueName":"search_term_string"}}],"inLanguage":"en-US"},{"@type":"Organization","@id":"https:\/\/www.salvador-dali.org\/en\/#organization","name":"Fundaci\u00f3 Gala - Salvador Dal\u00ed","url":"https:\/\/www.salvador-dali.org\/en\/","logo":{"@type":"ImageObject","inLanguage":"en-US","@id":"https:\/\/www.salvador-dali.org\/en\/#\/schema\/logo\/image\/","url":"https:\/\/www.salvador-dali.org\/wp-content\/uploads\/2025\/04\/fundacio-gala-salvador-dali.png","contentUrl":"https:\/\/www.salvador-dali.org\/wp-content\/uploads\/2025\/04\/fundacio-gala-salvador-dali.png","width":240,"height":240,"caption":"Fundaci\u00f3 Gala - Salvador Dal\u00ed"},"image":{"@id":"https:\/\/www.salvador-dali.org\/en\/#\/schema\/logo\/image\/"},"sameAs":["https:\/\/www.facebook.com\/MuseusDali","https:\/\/x.com\/MuseuDali","https:\/\/www.youtube.com\/user\/FundacioDali","https:\/\/www.flickr.com\/fundacio_dali\/","https:\/\/instagram.com\/museudali"]}]}},"_links":{"self":[{"href":"https:\/\/www.salvador-dali.org\/en\/wp-json\/wp\/v2\/pages\/14289","targetHints":{"allow":["GET"]}}],"collection":[{"href":"https:\/\/www.salvador-dali.org\/en\/wp-json\/wp\/v2\/pages"}],"about":[{"href":"https:\/\/www.salvador-dali.org\/en\/wp-json\/wp\/v2\/types\/page"}],"author":[{"embeddable":true,"href":"https:\/\/www.salvador-dali.org\/en\/wp-json\/wp\/v2\/users\/3"}],"replies":[{"embeddable":true,"href":"https:\/\/www.salvador-dali.org\/en\/wp-json\/wp\/v2\/comments?post=14289"}],"version-history":[{"count":14,"href":"https:\/\/www.salvador-dali.org\/en\/wp-json\/wp\/v2\/pages\/14289\/revisions"}],"predecessor-version":[{"id":15559,"href":"https:\/\/www.salvador-dali.org\/en\/wp-json\/wp\/v2\/pages\/14289\/revisions\/15559"}],"up":[{"embeddable":true,"href":"https:\/\/www.salvador-dali.org\/en\/wp-json\/wp\/v2\/pages\/14283"}],"wp:featuredmedia":[{"embeddable":true,"href":"https:\/\/www.salvador-dali.org\/en\/wp-json\/wp\/v2\/media\/1384"}],"wp:attachment":[{"href":"https:\/\/www.salvador-dali.org\/en\/wp-json\/wp\/v2\/media?parent=14289"}],"wp:term":[{"taxonomy":"category","embeddable":true,"href":"https:\/\/www.salvador-dali.org\/en\/wp-json\/wp\/v2\/categories?post=14289"},{"taxonomy":"post_tag","embeddable":true,"href":"https:\/\/www.salvador-dali.org\/en\/wp-json\/wp\/v2\/tags?post=14289"}],"curies":[{"name":"wp","href":"https:\/\/api.w.org\/{rel}","templated":true}]}}