{"id":224,"date":"2024-12-18T18:25:29","date_gmt":"2024-12-18T17:25:29","guid":{"rendered":"https:\/\/www.salvador-dali.org\/inici\/"},"modified":"2026-03-15T11:33:14","modified_gmt":"2026-03-15T10:33:14","slug":"inici","status":"publish","type":"page","link":"https:\/\/www.salvador-dali.org\/en\/","title":{"rendered":"Home"},"content":{"rendered":"\n\n<div  class=\"wp-block-columns swiper-column   bloc-home-seus \" style=\"background-image: linear-gradient(to right, white, white)\">\n    <div class=\"wp-block-column\">\n        <h2 class=\"visually-hidden\">Museums<\/h2>\n        \n        <div id=\"swiper-69e0cfc04751e\" class=\"swiper home-seus dues\" >\n            <div class=\"swiper-wrapper\">\n\n                \n\n                        <div class=\"swiper-slide\">\n                                                        <div class=\"banner\" style=\"background-image: url(https:\/\/www.salvador-dali.org\/wp-content\/uploads\/2024\/12\/FotoxPag20_21-1024x626.webp)\">\n\n                                <h3 class=\"titol\">Dal\u00ed Theatre-Museum<span class=\"geo\">Figueres<\/span><\/h3>\n\n                                <div class=\"context\">\n                                    <div class=\"context__item\">The world\u2019s largest surrealist object<\/div>\n                                <\/div>\n                                <div class=\"button visita\"><a href=\"https:\/\/www.salvador-dali.org\/en\/visit\/dali-theatre-museum\/\">Visit<\/a><\/div>\n\n                                <div class=\"button segonboto entrades\"><a href=\"https:\/\/tickets.salvador-dali.org\/en\/\">tickets<\/a><\/div>\n                        \n                            <\/div>\n                        <\/div>\n\n                        \n\n                        <div class=\"swiper-slide\">\n                                                        <div class=\"banner\" style=\"background-image: url(https:\/\/www.salvador-dali.org\/wp-content\/uploads\/2025\/05\/Port_Lligat-117-1024x683.jpg)\">\n\n                                <h3 class=\"titol\">Salvador Dal\u00ed House-Museum<span class=\"geo\">Portlligat<\/span><\/h3>\n\n                                <div class=\"context\">\n                                    <div class=\"context__item\">The most immortal studio<\/div>\n                                <\/div>\n                                <div class=\"button visita\"><a href=\"https:\/\/www.salvador-dali.org\/en\/visit\/salvador-dali-house-museum\/\">Visit<\/a><\/div>\n\n                                <div class=\"button segonboto entrades\"><a href=\"https:\/\/tickets.salvador-dali.org\/en\/990-casa-salvador-dali\">tickets<\/a><\/div>\n                        \n                            <\/div>\n                        <\/div>\n\n                        \n\n                        <div class=\"swiper-slide\">\n                                                        <div class=\"banner\" style=\"background-image: url(https:\/\/www.salvador-dali.org\/wp-content\/uploads\/2025\/05\/Pubol-30-1024x683.jpg)\">\n\n                                <h3 class=\"titol\">Gala Dal\u00ed Castle<span class=\"geo\">P\u00fabol<\/span><\/h3>\n\n                                <div class=\"context\">\n                                    <div class=\"context__item\">The refuge of the visible woman<\/div>\n                                <\/div>\n                                <div class=\"button visita\"><a href=\"https:\/\/www.salvador-dali.org\/en\/visit\/gala-dali-castle\/\">Visit<\/a><\/div>\n\n                                <div class=\"button segonboto entrades\"><a href=\"https:\/\/tickets.salvador-dali.org\/ca\/989-castell-gala-dali\">tickets<\/a><\/div>\n                        \n                            <\/div>\n                        <\/div>\n\n                        \n            <\/div>\n\n        <\/div>\n    <\/div>\n<\/div>\n\n\n\n<!-- Swiper JS -->\n<script src=\"https:\/\/cdn.jsdelivr.net\/npm\/swiper@11\/swiper-bundle.min.js\"><\/script>\n\n<!-- Initialize Swiper -->\n<script>\n\njQuery( document ).ready(function() {      \n\n    updateSpaceBetween();\n    spaceBetweenInicial = 60;\n    \n\n    var swiper = new Swiper(\"#swiper-69e0cfc04751e\", {\n        slidesPerView: \"3\",\n        spaceBetween: spaceBetweenInicial,\n      \tfreeMode: true,\n\t  \tbreakpoints: {\n\t        \/\/ Quan l'amplada de la pantalla sigui major a 1024px\n\t        1024: {\n\t            spaceBetween: spaceBetweenValue,\n\t        },\n\t    },\n\n        mousewheel: {\n            releaseOnEdges: true,\n            forceToAxis: true,\n            sensitivity:    1,\n        },\n    });\n\n})\n<\/script>\n\n\n\n\n<div class=\"wp-block-columns  desdtacats-home is-layout-flex wp-container-core-columns-is-layout-9d6595d7 wp-block-columns-is-layout-flex\">\n<div class=\"wp-block-column is-layout-flow wp-block-column-is-layout-flow\">\n<h2 class=\"wp-block-heading\">Start here<\/h2>\n\n\n\n<p>Begin your journey into the Dalinian universe, where reality blends with dream and every detail holds a surprise.<\/p>\n<\/div>\n\n\n\n<div class=\"wp-block-column is-layout-flow wp-block-column-is-layout-flow\">    <ul class=\"opcions-destacades\">\n                    <li><a href=\"https:\/\/tickets.salvador-dali.org\">Book now<strong> your tickets<\/strong> <br\/>to the Dal\u00ed Theatre-Museum<\/a><\/li>             \n                    <li><a href=\"\/en\/visita\/teatre-museu-dali\/#horaris\"><strong>Visiting hours<\/strong> <br\/>of the Dal\u00ed Theatre-Museum<\/a><\/li>             \n                    <li><a href=\"\/en\/visita\/preguntes-frequents\/#com-arribar\"><strong>How to get <\/strong> to the museums?<\/a><\/li>             \n                    <li><a href=\"https:\/\/www.salvador-dali.org\/en\/visit\/faqs\/\"><strong>FAQ<\/strong> <br\/>about the Dal\u00ed Museums<\/a><\/li>             \n                    <li><a href=\"https:\/\/www.salvador-dali.org\/en\/education-and-activities\/\">Explore the <strong>Activities<br\/> and Educational Service<\/strong><\/a><\/li>             \n                    <li><a href=\"https:\/\/www.salvador-dali.org\/en\/artwork\/\">Discover everything that  <br\/> surrounds<strong> Dal\u00ed\u2019s work<\/strong><\/a><\/li>             \n            <\/ul>\n\n\n\n\n<\/div>\n<\/div>\n\n\n    <div  class=\"wp-block-columns swiper-column   destacat bloc-destacats \" style=\"background-image: linear-gradient(to right, white, white)\">\n        <div class=\"wp-block-column\">\n            <div id=\"swiper-69e0cfc04bed1\" class=\"swiper destacats dues\" >\n                <div class=\"swiper-wrapper\">\n\n                                            <div class=\"swiper-slide intro\">\n                            <h2>A museum open to everyone<\/h2>\n                            <div class=\"descripcio\"><p>A living space where art spills beyond the walls and invites everyone to see the world with fresh eyes and boundless curiosity.<\/p>\n<\/div>\n                                                    <\/div>\n                    \n\n                    \n                        \n                        <div class=\"swiper-slide\">\n                                                            <div class=\"banner\" style=\"background-image: url(https:\/\/www.salvador-dali.org\/wp-content\/uploads\/2026\/03\/2603_resized-Personalizado-e1772784358770-674x1024.jpg)\">\n                                                                            <ul class=\"context\">\n                                            <li class=\"context__item\" aria-label=\"hidden\">Gala Dal\u00ed Castle of P\u00fabol                                            <\/li>\n                                        <\/ul>\n                                    \n                                    <h3 class=\"titol\">Temporary Exhibition: Dal\u00ed\/Horst. Crossed gazes<\/h3>\n                                        \n                                    <div class=\"button fletxa\"><a href=\"https:\/\/horst.salvador-dali.org\/en\">More information<\/a><\/div>\n\n                                    \n                                <\/div>\n                                                    <\/div>\n\n                    \n                        \n                        <div class=\"swiper-slide\">\n                                                            <div class=\"banner\" style=\"background-image: url(https:\/\/www.salvador-dali.org\/wp-content\/uploads\/2025\/02\/Triangle-Dalinia_exemple.jpg)\">\n                                                                            <ul class=\"context\">\n                                            <li class=\"context__item\" aria-label=\"hidden\">                                            <\/li>\n                                        <\/ul>\n                                    \n                                    <h3 class=\"titol\">The Dalinian Triangle<\/h3>\n                                        \n                                    <div class=\"button fletxa\"><a href=\"https:\/\/www.salvador-dali.org\/en\/visit\/the-dalinian-triangle\/\">More information<\/a><\/div>\n\n                                    \n                                <\/div>\n                                                    <\/div>\n\n                    \n                        \n                        <div class=\"swiper-slide\">\n                                                            <div class=\"banner\" style=\"background-image: url(https:\/\/www.salvador-dali.org\/wp-content\/uploads\/2025\/04\/Activitats-2-683x1024.jpg)\">\n                                                                            <ul class=\"context\">\n                                            <li class=\"context__item\" aria-label=\"hidden\">                                            <\/li>\n                                        <\/ul>\n                                    \n                                    <h3 class=\"titol\">Activities<\/h3>\n                                        \n                                    <div class=\"button fletxa\"><a href=\"https:\/\/www.salvador-dali.org\/en\/education-and-activities\/activitats\/\">More information<\/a><\/div>\n\n                                    \n                                <\/div>\n                                                    <\/div>\n\n                    \n                        \n                        <div class=\"swiper-slide\">\n                                                            <div class=\"banner\" style=\"background-image: url(https:\/\/www.salvador-dali.org\/wp-content\/uploads\/2025\/05\/Sense-titol-588x1024.jpg)\">\n                                                                            <ul class=\"context\">\n                                            <li class=\"context__item\" aria-label=\"hidden\">                                            <\/li>\n                                        <\/ul>\n                                    \n                                    <h3 class=\"titol\">News<\/h3>\n                                        \n                                    <div class=\"button fletxa\"><a href=\"https:\/\/www.salvador-dali.org\/en\/dali-foundation\/news\/\">More information<\/a><\/div>\n\n                                    \n                                <\/div>\n                                                    <\/div>\n\n                    \n                        \n                        <div class=\"swiper-slide\">\n                                                            <div class=\"banner\" style=\"background-image: url(https:\/\/www.salvador-dali.org\/wp-content\/uploads\/2025\/04\/default-3-619x1024.jpg)\">\n                                                                            <ul class=\"context\">\n                                            <li class=\"context__item\" aria-label=\"hidden\">                                            <\/li>\n                                        <\/ul>\n                                    \n                                    <h3 class=\"titol\">Accessibility<\/h3>\n                                        \n                                    <div class=\"button fletxa\"><a href=\"https:\/\/www.salvador-dali.org\/en\/visit\/accessibility\/\">More information<\/a><\/div>\n\n                                    \n                                <\/div>\n                                                    <\/div>\n\n                    \n                        \n                        <div class=\"swiper-slide\">\n                                                            <div class=\"banner\" style=\"background-image: url(https:\/\/www.salvador-dali.org\/wp-content\/uploads\/2025\/05\/venuscalaixosfigueres_retallada_166680149677_1024-723x1024.jpg)\">\n                                                                            <ul class=\"context\">\n                                            <li class=\"context__item\" aria-label=\"hidden\">                                            <\/li>\n                                        <\/ul>\n                                    \n                                    <h3 class=\"titol\">Sculptural Work<\/h3>\n                                        \n                                    <div class=\"button fletxa\"><a href=\"https:\/\/www.salvador-dali.org\/en\/artwork\/ced\/sculptural-work\/\">More information<\/a><\/div>\n\n                                    \n                                <\/div>\n                                                    <\/div>\n\n                                    <\/div>\n                <!-- Swiper navigation buttons -->\n                <div class=\"swiper-button-prev\">\n                    <span class=\"screen-reader-text\">Previous slide<\/span>\n                <\/div>\n                <div class=\"swiper-button-next\">\n                    <span class=\"screen-reader-text\">Nest slide<\/span>\n                <\/div>\n            <\/div>\n        <\/div>\n    <\/div>\n\n\n\n<!-- Swiper JS -->\n<script src=\"https:\/\/cdn.jsdelivr.net\/npm\/swiper@11\/swiper-bundle.min.js\"><\/script>\n\n<!-- Initialize Swiper -->\n<script>\n\njQuery( document ).ready(function() {      \n\n    Tipus = 'destacat';\n\n    updateSpaceBetween();\n    spaceBetweenInicial = 60;\n    \n    if (Tipus=='intro-images' ) {\n    \/\/    spaceBetweenValueModul = 0;\n    }\n\n\n\n    console.log(\"spaceBetweenValueModul\",spaceBetweenValueModul);\n\n    var swiper = new Swiper(\"#swiper-69e0cfc04bed1\", {\n      slidesPerView: \"auto\",\n      spaceBetween: spaceBetweenInicial,\n      \tfreeMode: true,\n\t  \tbreakpoints: {\n\t        \/\/ Quan l'amplada de la pantalla sigui major a 1024px\n\t        1024: {\n\t            spaceBetween: spaceBetweenValue,\n\t        },\n\t    },\n        \/\/ Navigation arrows\n        navigation: {\n            nextEl: '.swiper-button-next',\n            prevEl: '.swiper-button-prev',\n        },\n        mousewheel: {\n            releaseOnEdges: true,\n            forceToAxis: true,\n            sensitivity:    1,\n        },\n        a11y: {\n            prevSlideMessage: 'Previous slide',\n            nextSlideMessage: 'Nest slide',\n        },\n    });\n\n\n \n\n\n    \/*\n    jQuery('.bloc-destacats').each(function() {\n        const nextDiv = jQuery(this).next('div');\n        if (nextDiv.hasClass('contingut-ampliat')) {\n            console.log('T\u00e9 .contingut-ampliat despr\u00e9s');\n            \/\/ Aqu\u00ed pots fer accions, per exemple:\n            \/\/ $nextDiv.addClass('marcat'); o $(this).append($nextDiv);\n        }\n    });\n    *\/\n})\n<\/script>\n\n","protected":false},"excerpt":{"rendered":"<p>Start here Begin your journey into the Dalinian universe, where reality blends with dream and every detail holds a surprise.<\/p>\n","protected":false},"author":1,"featured_media":156,"parent":0,"menu_order":9,"comment_status":"closed","ping_status":"closed","template":"","meta":{"_acf_changed":false,"_coblocks_attr":"","_coblocks_dimensions":"","_coblocks_responsive_height":"","_coblocks_accordion_ie_support":"","footnotes":""},"categories":[],"tags":[],"class_list":["post-224","page","type-page","status-publish","has-post-thumbnail","hentry"],"acf":[],"yoast_head":"<!-- This site is optimized with the Yoast SEO plugin v27.4 - https:\/\/yoast.com\/product\/yoast-seo-wordpress\/ -->\n<title>Gala - Salvador Dal\u00ed Foundation | Dal\u00ed Museums and Tickets<\/title>\n<meta name=\"description\" content=\"Visit the Dal\u00ed Museums, buy tickets, and explore the life, work, and artistic legacy of the surrealist genius.\" \/>\n<meta name=\"robots\" content=\"index, follow, max-snippet:-1, max-image-preview:large, max-video-preview:-1\" \/>\n<link rel=\"canonical\" href=\"https:\/\/www.salvador-dali.org\/en\/\" \/>\n<meta property=\"og:locale\" content=\"en_US\" \/>\n<meta property=\"og:type\" content=\"article\" \/>\n<meta property=\"og:title\" content=\"Gala - Salvador Dal\u00ed Foundation | Dal\u00ed Museums and Tickets\" \/>\n<meta property=\"og:description\" content=\"Visit the Dal\u00ed Museums, buy tickets, and explore the life, work, and artistic legacy of the surrealist genius.\" \/>\n<meta property=\"og:url\" content=\"https:\/\/www.salvador-dali.org\/en\/\" \/>\n<meta property=\"og:site_name\" content=\"Fundaci\u00f3 Gala - Salvador Dal\u00ed\" \/>\n<meta property=\"article:publisher\" content=\"https:\/\/www.facebook.com\/MuseusDali\" \/>\n<meta property=\"article:modified_time\" content=\"2026-03-15T10:33:14+00:00\" \/>\n<meta property=\"og:image\" content=\"https:\/\/www.salvador-dali.org\/wp-content\/uploads\/2024\/12\/FotoxPag20_21.webp\" \/>\n\t<meta property=\"og:image:width\" content=\"2000\" \/>\n\t<meta property=\"og:image:height\" content=\"1222\" \/>\n\t<meta property=\"og:image:type\" content=\"image\/webp\" \/>\n<meta name=\"twitter:card\" content=\"summary_large_image\" \/>\n<meta name=\"twitter:site\" content=\"@MuseuDali\" \/>\n<meta name=\"twitter:label1\" content=\"Est. reading time\" \/>\n\t<meta name=\"twitter:data1\" content=\"1 minute\" \/>\n<script type=\"application\/ld+json\" class=\"yoast-schema-graph\">{\"@context\":\"https:\\\/\\\/schema.org\",\"@graph\":[{\"@type\":\"WebPage\",\"@id\":\"https:\\\/\\\/www.salvador-dali.org\\\/en\\\/\",\"url\":\"https:\\\/\\\/www.salvador-dali.org\\\/en\\\/\",\"name\":\"Gala - Salvador Dal\u00ed Foundation | Dal\u00ed Museums and Tickets\",\"isPartOf\":{\"@id\":\"https:\\\/\\\/www.salvador-dali.org\\\/en\\\/#website\"},\"primaryImageOfPage\":{\"@id\":\"https:\\\/\\\/www.salvador-dali.org\\\/en\\\/#primaryimage\"},\"image\":{\"@id\":\"https:\\\/\\\/www.salvador-dali.org\\\/en\\\/#primaryimage\"},\"thumbnailUrl\":\"https:\\\/\\\/www.salvador-dali.org\\\/wp-content\\\/uploads\\\/2024\\\/12\\\/FotoxPag20_21.webp\",\"datePublished\":\"2024-12-18T17:25:29+00:00\",\"dateModified\":\"2026-03-15T10:33:14+00:00\",\"description\":\"Visit the Dal\u00ed Museums, buy tickets, and explore the life, work, and artistic legacy of the surrealist genius.\",\"breadcrumb\":{\"@id\":\"https:\\\/\\\/www.salvador-dali.org\\\/en\\\/#breadcrumb\"},\"inLanguage\":\"en-US\",\"potentialAction\":[{\"@type\":\"ReadAction\",\"target\":[\"https:\\\/\\\/www.salvador-dali.org\\\/en\\\/\"]}]},{\"@type\":\"ImageObject\",\"inLanguage\":\"en-US\",\"@id\":\"https:\\\/\\\/www.salvador-dali.org\\\/en\\\/#primaryimage\",\"url\":\"https:\\\/\\\/www.salvador-dali.org\\\/wp-content\\\/uploads\\\/2024\\\/12\\\/FotoxPag20_21.webp\",\"contentUrl\":\"https:\\\/\\\/www.salvador-dali.org\\\/wp-content\\\/uploads\\\/2024\\\/12\\\/FotoxPag20_21.webp\",\"width\":2000,\"height\":1222},{\"@type\":\"BreadcrumbList\",\"@id\":\"https:\\\/\\\/www.salvador-dali.org\\\/en\\\/#breadcrumb\",\"itemListElement\":[{\"@type\":\"ListItem\",\"position\":1,\"name\":\"Inici\",\"item\":\"https:\\\/\\\/www.salvador-dali.org\\\/en\\\/\"},{\"@type\":\"ListItem\",\"position\":2,\"name\":\"Home\"}]},{\"@type\":\"WebSite\",\"@id\":\"https:\\\/\\\/www.salvador-dali.org\\\/en\\\/#website\",\"url\":\"https:\\\/\\\/www.salvador-dali.org\\\/en\\\/\",\"name\":\"Fundaci\u00f3 Gala - Salvador Dal\u00ed\",\"description\":\"\",\"publisher\":{\"@id\":\"https:\\\/\\\/www.salvador-dali.org\\\/en\\\/#organization\"},\"potentialAction\":[{\"@type\":\"SearchAction\",\"target\":{\"@type\":\"EntryPoint\",\"urlTemplate\":\"https:\\\/\\\/www.salvador-dali.org\\\/en\\\/?s={search_term_string}\"},\"query-input\":{\"@type\":\"PropertyValueSpecification\",\"valueRequired\":true,\"valueName\":\"search_term_string\"}}],\"inLanguage\":\"en-US\"},{\"@type\":\"Organization\",\"@id\":\"https:\\\/\\\/www.salvador-dali.org\\\/en\\\/#organization\",\"name\":\"Fundaci\u00f3 Gala - Salvador Dal\u00ed\",\"url\":\"https:\\\/\\\/www.salvador-dali.org\\\/en\\\/\",\"logo\":{\"@type\":\"ImageObject\",\"inLanguage\":\"en-US\",\"@id\":\"https:\\\/\\\/www.salvador-dali.org\\\/en\\\/#\\\/schema\\\/logo\\\/image\\\/\",\"url\":\"https:\\\/\\\/www.salvador-dali.org\\\/wp-content\\\/uploads\\\/2025\\\/04\\\/fundacio-gala-salvador-dali.png\",\"contentUrl\":\"https:\\\/\\\/www.salvador-dali.org\\\/wp-content\\\/uploads\\\/2025\\\/04\\\/fundacio-gala-salvador-dali.png\",\"width\":240,\"height\":240,\"caption\":\"Fundaci\u00f3 Gala - Salvador Dal\u00ed\"},\"image\":{\"@id\":\"https:\\\/\\\/www.salvador-dali.org\\\/en\\\/#\\\/schema\\\/logo\\\/image\\\/\"},\"sameAs\":[\"https:\\\/\\\/www.facebook.com\\\/MuseusDali\",\"https:\\\/\\\/x.com\\\/MuseuDali\",\"https:\\\/\\\/www.youtube.com\\\/user\\\/FundacioDali\",\"https:\\\/\\\/www.flickr.com\\\/fundacio_dali\\\/\",\"https:\\\/\\\/instagram.com\\\/museudali\"]}]}<\/script>\n<!-- \/ Yoast SEO plugin. -->","yoast_head_json":{"title":"Gala - Salvador Dal\u00ed Foundation | Dal\u00ed Museums and Tickets","description":"Visit the Dal\u00ed Museums, buy tickets, and explore the life, work, and artistic legacy of the surrealist genius.","robots":{"index":"index","follow":"follow","max-snippet":"max-snippet:-1","max-image-preview":"max-image-preview:large","max-video-preview":"max-video-preview:-1"},"canonical":"https:\/\/www.salvador-dali.org\/en\/","og_locale":"en_US","og_type":"article","og_title":"Gala - Salvador Dal\u00ed Foundation | Dal\u00ed Museums and Tickets","og_description":"Visit the Dal\u00ed Museums, buy tickets, and explore the life, work, and artistic legacy of the surrealist genius.","og_url":"https:\/\/www.salvador-dali.org\/en\/","og_site_name":"Fundaci\u00f3 Gala - Salvador Dal\u00ed","article_publisher":"https:\/\/www.facebook.com\/MuseusDali","article_modified_time":"2026-03-15T10:33:14+00:00","og_image":[{"width":2000,"height":1222,"url":"https:\/\/www.salvador-dali.org\/wp-content\/uploads\/2024\/12\/FotoxPag20_21.webp","type":"image\/webp"}],"twitter_card":"summary_large_image","twitter_site":"@MuseuDali","twitter_misc":{"Est. reading time":"1 minute"},"schema":{"@context":"https:\/\/schema.org","@graph":[{"@type":"WebPage","@id":"https:\/\/www.salvador-dali.org\/en\/","url":"https:\/\/www.salvador-dali.org\/en\/","name":"Gala - Salvador Dal\u00ed Foundation | Dal\u00ed Museums and Tickets","isPartOf":{"@id":"https:\/\/www.salvador-dali.org\/en\/#website"},"primaryImageOfPage":{"@id":"https:\/\/www.salvador-dali.org\/en\/#primaryimage"},"image":{"@id":"https:\/\/www.salvador-dali.org\/en\/#primaryimage"},"thumbnailUrl":"https:\/\/www.salvador-dali.org\/wp-content\/uploads\/2024\/12\/FotoxPag20_21.webp","datePublished":"2024-12-18T17:25:29+00:00","dateModified":"2026-03-15T10:33:14+00:00","description":"Visit the Dal\u00ed Museums, buy tickets, and explore the life, work, and artistic legacy of the surrealist genius.","breadcrumb":{"@id":"https:\/\/www.salvador-dali.org\/en\/#breadcrumb"},"inLanguage":"en-US","potentialAction":[{"@type":"ReadAction","target":["https:\/\/www.salvador-dali.org\/en\/"]}]},{"@type":"ImageObject","inLanguage":"en-US","@id":"https:\/\/www.salvador-dali.org\/en\/#primaryimage","url":"https:\/\/www.salvador-dali.org\/wp-content\/uploads\/2024\/12\/FotoxPag20_21.webp","contentUrl":"https:\/\/www.salvador-dali.org\/wp-content\/uploads\/2024\/12\/FotoxPag20_21.webp","width":2000,"height":1222},{"@type":"BreadcrumbList","@id":"https:\/\/www.salvador-dali.org\/en\/#breadcrumb","itemListElement":[{"@type":"ListItem","position":1,"name":"Inici","item":"https:\/\/www.salvador-dali.org\/en\/"},{"@type":"ListItem","position":2,"name":"Home"}]},{"@type":"WebSite","@id":"https:\/\/www.salvador-dali.org\/en\/#website","url":"https:\/\/www.salvador-dali.org\/en\/","name":"Fundaci\u00f3 Gala - Salvador Dal\u00ed","description":"","publisher":{"@id":"https:\/\/www.salvador-dali.org\/en\/#organization"},"potentialAction":[{"@type":"SearchAction","target":{"@type":"EntryPoint","urlTemplate":"https:\/\/www.salvador-dali.org\/en\/?s={search_term_string}"},"query-input":{"@type":"PropertyValueSpecification","valueRequired":true,"valueName":"search_term_string"}}],"inLanguage":"en-US"},{"@type":"Organization","@id":"https:\/\/www.salvador-dali.org\/en\/#organization","name":"Fundaci\u00f3 Gala - Salvador Dal\u00ed","url":"https:\/\/www.salvador-dali.org\/en\/","logo":{"@type":"ImageObject","inLanguage":"en-US","@id":"https:\/\/www.salvador-dali.org\/en\/#\/schema\/logo\/image\/","url":"https:\/\/www.salvador-dali.org\/wp-content\/uploads\/2025\/04\/fundacio-gala-salvador-dali.png","contentUrl":"https:\/\/www.salvador-dali.org\/wp-content\/uploads\/2025\/04\/fundacio-gala-salvador-dali.png","width":240,"height":240,"caption":"Fundaci\u00f3 Gala - Salvador Dal\u00ed"},"image":{"@id":"https:\/\/www.salvador-dali.org\/en\/#\/schema\/logo\/image\/"},"sameAs":["https:\/\/www.facebook.com\/MuseusDali","https:\/\/x.com\/MuseuDali","https:\/\/www.youtube.com\/user\/FundacioDali","https:\/\/www.flickr.com\/fundacio_dali\/","https:\/\/instagram.com\/museudali"]}]}},"_links":{"self":[{"href":"https:\/\/www.salvador-dali.org\/en\/wp-json\/wp\/v2\/pages\/224","targetHints":{"allow":["GET"]}}],"collection":[{"href":"https:\/\/www.salvador-dali.org\/en\/wp-json\/wp\/v2\/pages"}],"about":[{"href":"https:\/\/www.salvador-dali.org\/en\/wp-json\/wp\/v2\/types\/page"}],"author":[{"embeddable":true,"href":"https:\/\/www.salvador-dali.org\/en\/wp-json\/wp\/v2\/users\/1"}],"replies":[{"embeddable":true,"href":"https:\/\/www.salvador-dali.org\/en\/wp-json\/wp\/v2\/comments?post=224"}],"version-history":[{"count":9,"href":"https:\/\/www.salvador-dali.org\/en\/wp-json\/wp\/v2\/pages\/224\/revisions"}],"predecessor-version":[{"id":15422,"href":"https:\/\/www.salvador-dali.org\/en\/wp-json\/wp\/v2\/pages\/224\/revisions\/15422"}],"wp:featuredmedia":[{"embeddable":true,"href":"https:\/\/www.salvador-dali.org\/en\/wp-json\/wp\/v2\/media\/156"}],"wp:attachment":[{"href":"https:\/\/www.salvador-dali.org\/en\/wp-json\/wp\/v2\/media?parent=224"}],"wp:term":[{"taxonomy":"category","embeddable":true,"href":"https:\/\/www.salvador-dali.org\/en\/wp-json\/wp\/v2\/categories?post=224"},{"taxonomy":"post_tag","embeddable":true,"href":"https:\/\/www.salvador-dali.org\/en\/wp-json\/wp\/v2\/tags?post=224"}],"curies":[{"name":"wp","href":"https:\/\/api.w.org\/{rel}","templated":true}]}}