{"id":6520,"date":"2025-02-18T10:17:35","date_gmt":"2025-02-18T08:17:35","guid":{"rendered":"https:\/\/www.salvador-dali.org\/visita\/accessibilitat\/"},"modified":"2025-06-26T19:18:51","modified_gmt":"2025-06-26T17:18:51","slug":"accessibility","status":"publish","type":"page","link":"https:\/\/www.salvador-dali.org\/en\/visit\/accessibility\/","title":{"rendered":"Accessibility"},"content":{"rendered":"\n<div class=\"wp-block-columns col-2 is-layout-flex wp-container-core-columns-is-layout-9d6595d7 wp-block-columns-is-layout-flex\">\n<div class=\"wp-block-column is-layout-flow wp-block-column-is-layout-flow\">\n<h2 class=\"wp-block-heading\">Dal\u00ed Theatre-Museum \u2013 Figueres<\/h2>\n\n\n\n<p>The entrance for visitors with reduced mobility is located in Pla\u00e7a Gala-Dal\u00ed, next to Wolf Vostell\u2019s sculpture \u2018Obelisk Television\u2019. Please notify the museum\u2019s admission staff in advance.<\/p>\n\n\n\n<div class=\"wp-block-group is-vertical is-layout-flex wp-container-core-group-is-layout-8cf370e7 wp-block-group-is-layout-flex\">\n<p>Would you like to contact us?<\/p>\n\n\n\n<p>reserves@fundaciodali.org<\/p>\n\n\n\n<p>Plan your visit to the Dal\u00ed Theatre-Museum, All the information on visiting the <a href=\"https:\/\/www.salvador-dali.org\/en\/visita\/dali-theatre-museum\/\" data-type=\"link\" data-id=\"https:\/\/www.salvador-dali.org\/en\/visita\/teatre-museu-dali\/\">Dal\u00ed-Theatre Museum <\/a><\/p>\n<\/div>\n<\/div>\n\n\n\n<div class=\"wp-block-column is-layout-flow wp-block-column-is-layout-flow\">\n<div class=\"wp-block-coblocks-accordion acordio\">\n<div class=\"wp-block-coblocks-accordion-item\"><details><summary class=\"wp-block-coblocks-accordion-item__title\">Nearby parking facilities for visitors with reduced mobility or disabilities:<\/summary><div class=\"wp-block-coblocks-accordion-item__content\">\n<p>Most private car parks in the Figueres city centre have designated parking spaces for people with mobility impairments or disabilities. View them on the <a href=\"https:\/\/www.google.com\/maps\/search\/aparcament+figueres\/@42.2669765,2.9675582,3284m\/data=!3m2!1e3!4b1?authuser=0&amp;entry=ttu&amp;g_ep=EgoyMDI1MDEwOC4wIKXMDSoJLDEwMjExMjM0SAFQAw%3D%3D\" data-type=\"link\" data-id=\"https:\/\/www.google.com\/maps\/search\/aparcament+figueres\/@42.2669765,2.9675582,3284m\/data=!3m2!1e3!4b1?authuser=0&amp;entry=ttu&amp;g_ep=EgoyMDI1MDEwOC4wIKXMDSoJLDEwMjExMjM0SAFQAw%3D%3D\">map<\/a>.<\/p>\n<\/div><\/details><\/div>\n\n\n\n<div class=\"wp-block-coblocks-accordion-item\"><details><summary class=\"wp-block-coblocks-accordion-item__title\">Areas accessible to visitors with reduced mobility<\/summary><div class=\"wp-block-coblocks-accordion-item__content\">\n<p>The Dal\u00ed Theatre-Museum is located on the ruins of a former theatre. This makes accessing some parts of the museum difficult for visitors with reduced mobility. The following areas are wheelchair-accessible:<\/p>\n\n\n\n<p>The Dal\u00ed-Jewels section, which is equipped with a lift.<\/p>\n\n\n\n<p>The central courtyard with the \u2018Rainy Cadillac\u2019 installation (Room 2).<\/p>\n\n\n\n<p>The stage, where visitors can explore the area under the dome (Room 3).<\/p>\n\n\n\n<p>The ground floor and below-stage area, which are home to the painter\u2019s crypt, drawings, prints, etc., as well as the Fishmonger\u2019s Hall, featuring representative paintings from different periods in Salvador Dali\u2019s career (Rooms 5, 6, 7, 8 and 9).<\/p>\n<\/div><\/details><\/div>\n\n\n\n<div class=\"wp-block-coblocks-accordion-item\"><details><summary class=\"wp-block-coblocks-accordion-item__title\">Special rates<\/summary><div class=\"wp-block-coblocks-accordion-item__content\">\n<p><strong>1. <strong>Free admission (degree of disability of 50% or more):<\/strong><\/strong><\/p>\n\n\n\n<p>Admission to the Dal\u00ed Theatre-Museum is free for visitors with a recognized degree of disability equal to or greater than 50% (proof required).<br>Free admission is also provided for one companion.<\/p>\n\n\n\n<p><strong>2. <strong>Free admission (reduced mobility or wheelchair use):<\/strong><\/strong><\/p>\n\n\n\n<p>Admission is free for visitors with reduced mobility or requiring a wheelchair.<\/p>\n\n\n\n<p>In this case, the percentage of disability does not matter.<\/p>\n\n\n\n<p>Free admission is also provided for one companion.<\/p>\n\n\n\n<p><strong>3. <strong>Reduced admission (degree of disability of less than 50%):<\/strong><\/strong><\/p>\n\n\n\n<p>Visitors with a recognized degree of disability of less than 50% (proof required) are eligible for reduced admission.<\/p>\n\n\n\n<p>Discounted admission is also provided for one companion.<\/p>\n<\/div><\/details><\/div>\n\n\n\n<div class=\"wp-block-coblocks-accordion-item\"><details><summary class=\"wp-block-coblocks-accordion-item__title\">Group visits for people with special needs<\/summary><div class=\"wp-block-coblocks-accordion-item__content\">\n<p><strong>Would you like to visit the Dal\u00ed Theatre-Museum with a group with special needs?<\/strong><br>The Dal\u00ed Museums are part of the Apropa Cultura network.<br>If your organisation is not yet a member, <a href=\"https:\/\/www.apropacultura.org\/ca\/registro-entidad-social\" data-type=\"link\" data-id=\"https:\/\/www.apropacultura.org\/ca\/registro-entidad-social\">register now<\/a> and enjoy a wide range of benefits.\u00a0\u00a0<\/p>\n<\/div><\/details><\/div>\n\n\n\n<div class=\"wp-block-coblocks-accordion-item\"><details><summary class=\"wp-block-coblocks-accordion-item__title\">Wheelchair loans<\/summary><div class=\"wp-block-coblocks-accordion-item__content\">\n<p>The Dal\u00ed Theatre-Museum left-luggage office has a wheelchair for visitors. Check with the museum staff about availability.<\/p>\n<\/div><\/details><\/div>\n\n\n\n<div class=\"wp-block-coblocks-accordion-item\"><details><summary class=\"wp-block-coblocks-accordion-item__title\">Cloakroom and left-luggage office<\/summary><div class=\"wp-block-coblocks-accordion-item__content\">\n<p>The left-luggage office is located in the Dal\u00ed Theatre-Museum lobby. Please remember to retrieve any checked items in the shop area when you leave. The museum cannot under any circumstances be responsible for checked items.<\/p>\n<\/div><\/details><\/div>\n\n\n\n<div class=\"wp-block-coblocks-accordion-item\"><details><summary class=\"wp-block-coblocks-accordion-item__title\">Toilets<\/summary><div class=\"wp-block-coblocks-accordion-item__content\">\n<p>The museum has accessible toilets for visitors with reduced mobility. It also has baby changing facilities.<\/p>\n<\/div><\/details><\/div>\n\n\n\n<div class=\"wp-block-coblocks-accordion-item\"><details><summary class=\"wp-block-coblocks-accordion-item__title\">Guide dogs<\/summary><div class=\"wp-block-coblocks-accordion-item__content\">\n<p>Duly accredited guide dogs are allowed inside the Dal\u00ed Museums.<\/p>\n<\/div><\/details><\/div>\n<\/div>\n<\/div>\n<\/div>\n\n\n\n<div class=\"wp-block-columns col-2 is-layout-flex wp-container-core-columns-is-layout-9d6595d7 wp-block-columns-is-layout-flex\">\n<div class=\"wp-block-column is-layout-flow wp-block-column-is-layout-flow\">\n<h2 class=\"wp-block-heading\">Salvador Dal\u00ed House \u2013 Portlligat<\/h2>\n\n\n\n<p>The Salvador Dal\u00ed House in Portlligat was created from several former fisherman\u2019s huts and relies on narrow and irregular staircases to provide access to all the rooms. This, coupled with the natural surroundings of Cap de Creus, where the house is located, makes accessing the building difficult for visitors with reduced mobility. <\/p>\n\n\n\n<p>Unfortunately, for these same reasons, the Salvador Dal\u00ed House is not wheelchair-accessible.<\/p>\n<\/div>\n\n\n\n<div class=\"wp-block-column is-layout-flow wp-block-column-is-layout-flow\">\n<div class=\"wp-block-coblocks-accordion acordio\">\n<div class=\"wp-block-coblocks-accordion-item\"><details><summary class=\"wp-block-coblocks-accordion-item__title\">Left-luggage office<\/summary><div class=\"wp-block-coblocks-accordion-item__content\">\n<p>The left-luggage office is located in the building across the street from the Salvador Dal\u00ed House. The museum cannot under any circumstances be responsible for checked items.<\/p>\n<\/div><\/details><\/div>\n\n\n\n<div class=\"wp-block-coblocks-accordion-item\"><details><summary class=\"wp-block-coblocks-accordion-item__title\">Special rates<\/summary><div class=\"wp-block-coblocks-accordion-item__content\">\n<p><strong>1. <strong>Free admission (degree of disability of 50% or more)<\/strong>:<\/strong><\/p>\n\n\n\n<p>Admission to the Salvador Dal\u00ed House is free for visitors with a recognized degree of disability equal to or greater than 50% (proof required).<\/p>\n\n\n\n<p>Free admission is also provided for one companion.<\/p>\n\n\n\n<p><strong>2. <strong>Free admission (reduced mobility):<\/strong><\/strong><\/p>\n\n\n\n<p>Admission is free for visitors with reduced mobility.<\/p>\n\n\n\n<p>In this case, the percentage of disability does not matter.<\/p>\n\n\n\n<p>Free admission is also provided for one companion.<\/p>\n\n\n\n<p><strong>3. <strong>Reduced admission (degree of disability of less than 50%):<\/strong>redu\u00efda (discapacitat inferior al 50%):<\/strong><\/p>\n\n\n\n<p>Visitors with a recognized degree of disability of less than 50% (proof required) are eligible for reduced admission.<\/p>\n\n\n\n<p>Discounted admission is also provided for one companion.<\/p>\n<\/div><\/details><\/div>\n\n\n\n<div class=\"wp-block-coblocks-accordion-item\"><details><summary class=\"wp-block-coblocks-accordion-item__title\">Toilets<\/summary><div class=\"wp-block-coblocks-accordion-item__content\">\n<p>The Salvador Dal\u00ed House has baby changing facilities.<\/p>\n<\/div><\/details><\/div>\n\n\n\n<div class=\"wp-block-coblocks-accordion-item\"><details><summary class=\"wp-block-coblocks-accordion-item__title\">Guide dogs<\/summary><div class=\"wp-block-coblocks-accordion-item__content\">\n<p>Duly accredited guide dogs are allowed inside the Dal\u00ed Museums.<\/p>\n<\/div><\/details><\/div>\n<\/div>\n<\/div>\n<\/div>\n\n\n\n<div class=\"wp-block-columns col-2 is-layout-flex wp-container-core-columns-is-layout-9d6595d7 wp-block-columns-is-layout-flex\">\n<div class=\"wp-block-column is-layout-flow wp-block-column-is-layout-flow\">\n<h2 class=\"wp-block-heading\">Gala Salvador Dal\u00ed Castle &#8211; P\u00fabol<\/h2>\n\n\n\n<p>The entrance for visitors in wheelchairs is through the door on the street behind the church (Carrer Fora Muralla, unnumbered). The entrance is equipped with an entry phone to notify the museum staff.<\/p>\n<\/div>\n\n\n\n<div class=\"wp-block-column is-layout-flow wp-block-column-is-layout-flow\">\n<div class=\"wp-block-coblocks-accordion acordio\">\n<div class=\"wp-block-coblocks-accordion-item\"><details><summary class=\"wp-block-coblocks-accordion-item__title\">Areas accessible to visitors with reduced mobility<\/summary><div class=\"wp-block-coblocks-accordion-item__content\">\n<p>The architectural characteristics of the Gala Dal\u00ed Castle in P\u00fabol, a mediaeval castle dating from the 14th\u201315th century, make accessing the building difficult for visitors with reduced mobility.<\/p>\n\n\n\n<p>All areas and rooms of the Gala Dal\u00ed Castle are accessible to visitors with reduced mobility except for Gala\u2019s bathroom (Room 4), the temporary exhibition room (Room 7) and the crypt (Room 12).<\/p>\n<\/div><\/details><\/div>\n\n\n\n<div class=\"wp-block-coblocks-accordion-item\"><details><summary class=\"wp-block-coblocks-accordion-item__title\">Special rates<\/summary><div class=\"wp-block-coblocks-accordion-item__content\">\n<p><strong>1. <strong>Free admission (degree of disability of 50% or more):<\/strong><\/strong><\/p>\n\n\n\n<p>Admission to the Gala Dal\u00ed Castle is free for visitors with a recognized degree of disability equal to or greater than 50% (proof required).<\/p>\n\n\n\n<p>Free admission is also provided for one companion.<\/p>\n\n\n\n<p><strong>2. <strong>Free admission (reduced mobility or wheelchair use):<\/strong><\/strong><\/p>\n\n\n\n<p>Admission is free for visitors with reduced mobility or requiring a wheelchair.<\/p>\n\n\n\n<p>In this case, the percentage of disability does not matter.<\/p>\n\n\n\n<p>Free admission is also provided for one companion.<\/p>\n\n\n\n<p><strong>3. <strong>Reduced admission (degree of disability of less than 50%):<\/strong><\/strong><\/p>\n\n\n\n<p>Visitors with a recognized degree of disability of less than 50% (proof required) are eligible for reduced admission.<\/p>\n\n\n\n<p>Discounted admission is also provided for one companion.<\/p>\n<\/div><\/details><\/div>\n\n\n\n<div class=\"wp-block-coblocks-accordion-item\"><details><summary class=\"wp-block-coblocks-accordion-item__title\">Group visits for people with special needs<\/summary><div class=\"wp-block-coblocks-accordion-item__content\">\n<p><strong>Would you like to visit the Dal\u00ed Theatre-Museum with a group with special needs?<\/strong><br>The Dal\u00ed Museums are part of the Apropa Cultura network.<br>If your organisation is not yet a member, <a href=\"https:\/\/www.apropacultura.org\/ca\/registro-entidad-social\" data-type=\"link\" data-id=\"https:\/\/www.apropacultura.org\/ca\/registro-entidad-social\">register now<\/a> and enjoy a wide range of benefits.\u00a0\u00a0\u00a0<\/p>\n<\/div><\/details><\/div>\n\n\n\n<div class=\"wp-block-coblocks-accordion-item\"><details><summary class=\"wp-block-coblocks-accordion-item__title\">Wheelchair loans<\/summary><div class=\"wp-block-coblocks-accordion-item__content\">\n<p>The Gala Dal\u00ed Castle left-luggage office has a wheelchair for visitors. Check with the museum staff about availability.<\/p>\n<\/div><\/details><\/div>\n\n\n\n<div class=\"wp-block-coblocks-accordion-item\"><details><summary class=\"wp-block-coblocks-accordion-item__title\">Cloakroom and left-luggage office<\/summary><div class=\"wp-block-coblocks-accordion-item__content\">\n<p>The left-luggage office is located at the entrance next to the information desk. Authorized Gala Dal\u00ed Castle staff may require visitors to check any item they consider a security risk for the museum. The centre cannot under any circumstances be responsible for checked items.<\/p>\n<\/div><\/details><\/div>\n\n\n\n<div class=\"wp-block-coblocks-accordion-item\"><details><summary class=\"wp-block-coblocks-accordion-item__title\">Toilets<\/summary><div class=\"wp-block-coblocks-accordion-item__content\">\n<p>The museum has accessible toilets for visitors with reduced mobility. It also has baby changing facilities.<\/p>\n<\/div><\/details><\/div>\n\n\n\n<div class=\"wp-block-coblocks-accordion-item\"><details><summary class=\"wp-block-coblocks-accordion-item__title\">Guide dogs<\/summary><div class=\"wp-block-coblocks-accordion-item__content\">\n<p>Duly accredited guide dogs are allowed inside the Dal\u00ed Museums.<\/p>\n<\/div><\/details><\/div>\n<\/div>\n<\/div>\n<\/div>\n\n\n\n<p><\/p>\n","protected":false},"excerpt":{"rendered":"<p>Dal\u00ed Theatre-Museum \u2013 Figueres The entrance for visitors with reduced mobility is located in Pla\u00e7a Gala-Dal\u00ed, next to Wolf Vostell\u2019s sculpture \u2018Obelisk Television\u2019. Please notify the museum\u2019s admission staff in advance. Would you like to contact us? reserves@fundaciodali.org Plan your visit to the Dal\u00ed Theatre-Museum, All the information on visiting the Dal\u00ed-Theatre Museum Salvador Dal\u00ed [&hellip;]<\/p>\n","protected":false},"author":3,"featured_media":3062,"parent":6505,"menu_order":4,"comment_status":"closed","ping_status":"closed","template":"","meta":{"_acf_changed":false,"_coblocks_attr":"","_coblocks_dimensions":"","_coblocks_responsive_height":"","_coblocks_accordion_ie_support":"","footnotes":""},"categories":[],"tags":[],"class_list":["post-6520","page","type-page","status-publish","has-post-thumbnail","hentry"],"acf":[],"yoast_head":"<!-- This site is optimized with the Yoast SEO plugin v27.4 - https:\/\/yoast.com\/product\/yoast-seo-wordpress\/ -->\n<title>Accessibility - Fundaci\u00f3 Gala - Salvador Dal\u00ed<\/title>\n<meta name=\"robots\" content=\"index, follow, max-snippet:-1, max-image-preview:large, max-video-preview:-1\" \/>\n<link rel=\"canonical\" href=\"https:\/\/www.salvador-dali.org\/en\/visit\/accessibility\/\" \/>\n<meta property=\"og:locale\" content=\"en_US\" \/>\n<meta property=\"og:type\" content=\"article\" \/>\n<meta property=\"og:title\" content=\"Accessibility - Fundaci\u00f3 Gala - Salvador Dal\u00ed\" \/>\n<meta property=\"og:description\" content=\"Dal\u00ed Theatre-Museum \u2013 Figueres The entrance for visitors with reduced mobility is located in Pla\u00e7a Gala-Dal\u00ed, next to Wolf Vostell\u2019s sculpture \u2018Obelisk Television\u2019. Please notify the museum\u2019s admission staff in advance. Would you like to contact us? reserves@fundaciodali.org Plan your visit to the Dal\u00ed Theatre-Museum, All the information on visiting the Dal\u00ed-Theatre Museum Salvador Dal\u00ed [&hellip;]\" \/>\n<meta property=\"og:url\" content=\"https:\/\/www.salvador-dali.org\/en\/visit\/accessibility\/\" \/>\n<meta property=\"og:site_name\" content=\"Fundaci\u00f3 Gala - Salvador Dal\u00ed\" \/>\n<meta property=\"article:publisher\" content=\"https:\/\/www.facebook.com\/MuseusDali\" \/>\n<meta property=\"article:modified_time\" content=\"2025-06-26T17:18:51+00:00\" \/>\n<meta property=\"og:image\" content=\"https:\/\/www.salvador-dali.org\/wp-content\/uploads\/2025\/04\/default-3.jpg\" \/>\n\t<meta property=\"og:image:width\" content=\"864\" \/>\n\t<meta property=\"og:image:height\" content=\"1430\" \/>\n\t<meta property=\"og:image:type\" content=\"image\/jpeg\" \/>\n<meta name=\"twitter:card\" content=\"summary_large_image\" \/>\n<meta name=\"twitter:site\" content=\"@MuseuDali\" \/>\n<meta name=\"twitter:label1\" content=\"Est. reading time\" \/>\n\t<meta name=\"twitter:data1\" content=\"5 minutes\" \/>\n<script type=\"application\/ld+json\" class=\"yoast-schema-graph\">{\"@context\":\"https:\\\/\\\/schema.org\",\"@graph\":[{\"@type\":\"WebPage\",\"@id\":\"https:\\\/\\\/www.salvador-dali.org\\\/en\\\/visit\\\/accessibility\\\/\",\"url\":\"https:\\\/\\\/www.salvador-dali.org\\\/en\\\/visit\\\/accessibility\\\/\",\"name\":\"Accessibility - Fundaci\u00f3 Gala - Salvador Dal\u00ed\",\"isPartOf\":{\"@id\":\"https:\\\/\\\/www.salvador-dali.org\\\/en\\\/#website\"},\"primaryImageOfPage\":{\"@id\":\"https:\\\/\\\/www.salvador-dali.org\\\/en\\\/visit\\\/accessibility\\\/#primaryimage\"},\"image\":{\"@id\":\"https:\\\/\\\/www.salvador-dali.org\\\/en\\\/visit\\\/accessibility\\\/#primaryimage\"},\"thumbnailUrl\":\"https:\\\/\\\/www.salvador-dali.org\\\/wp-content\\\/uploads\\\/2025\\\/04\\\/default-3.jpg\",\"datePublished\":\"2025-02-18T08:17:35+00:00\",\"dateModified\":\"2025-06-26T17:18:51+00:00\",\"breadcrumb\":{\"@id\":\"https:\\\/\\\/www.salvador-dali.org\\\/en\\\/visit\\\/accessibility\\\/#breadcrumb\"},\"inLanguage\":\"en-US\",\"potentialAction\":[{\"@type\":\"ReadAction\",\"target\":[\"https:\\\/\\\/www.salvador-dali.org\\\/en\\\/visit\\\/accessibility\\\/\"]}]},{\"@type\":\"ImageObject\",\"inLanguage\":\"en-US\",\"@id\":\"https:\\\/\\\/www.salvador-dali.org\\\/en\\\/visit\\\/accessibility\\\/#primaryimage\",\"url\":\"https:\\\/\\\/www.salvador-dali.org\\\/wp-content\\\/uploads\\\/2025\\\/04\\\/default-3.jpg\",\"contentUrl\":\"https:\\\/\\\/www.salvador-dali.org\\\/wp-content\\\/uploads\\\/2025\\\/04\\\/default-3.jpg\",\"width\":864,\"height\":1430},{\"@type\":\"BreadcrumbList\",\"@id\":\"https:\\\/\\\/www.salvador-dali.org\\\/en\\\/visit\\\/accessibility\\\/#breadcrumb\",\"itemListElement\":[{\"@type\":\"ListItem\",\"position\":1,\"name\":\"Inici\",\"item\":\"https:\\\/\\\/www.salvador-dali.org\\\/en\\\/\"},{\"@type\":\"ListItem\",\"position\":2,\"name\":\"Accessibility\"}]},{\"@type\":\"WebSite\",\"@id\":\"https:\\\/\\\/www.salvador-dali.org\\\/en\\\/#website\",\"url\":\"https:\\\/\\\/www.salvador-dali.org\\\/en\\\/\",\"name\":\"Fundaci\u00f3 Gala - Salvador Dal\u00ed\",\"description\":\"\",\"publisher\":{\"@id\":\"https:\\\/\\\/www.salvador-dali.org\\\/en\\\/#organization\"},\"potentialAction\":[{\"@type\":\"SearchAction\",\"target\":{\"@type\":\"EntryPoint\",\"urlTemplate\":\"https:\\\/\\\/www.salvador-dali.org\\\/en\\\/?s={search_term_string}\"},\"query-input\":{\"@type\":\"PropertyValueSpecification\",\"valueRequired\":true,\"valueName\":\"search_term_string\"}}],\"inLanguage\":\"en-US\"},{\"@type\":\"Organization\",\"@id\":\"https:\\\/\\\/www.salvador-dali.org\\\/en\\\/#organization\",\"name\":\"Fundaci\u00f3 Gala - Salvador Dal\u00ed\",\"url\":\"https:\\\/\\\/www.salvador-dali.org\\\/en\\\/\",\"logo\":{\"@type\":\"ImageObject\",\"inLanguage\":\"en-US\",\"@id\":\"https:\\\/\\\/www.salvador-dali.org\\\/en\\\/#\\\/schema\\\/logo\\\/image\\\/\",\"url\":\"https:\\\/\\\/www.salvador-dali.org\\\/wp-content\\\/uploads\\\/2025\\\/04\\\/fundacio-gala-salvador-dali.png\",\"contentUrl\":\"https:\\\/\\\/www.salvador-dali.org\\\/wp-content\\\/uploads\\\/2025\\\/04\\\/fundacio-gala-salvador-dali.png\",\"width\":240,\"height\":240,\"caption\":\"Fundaci\u00f3 Gala - Salvador Dal\u00ed\"},\"image\":{\"@id\":\"https:\\\/\\\/www.salvador-dali.org\\\/en\\\/#\\\/schema\\\/logo\\\/image\\\/\"},\"sameAs\":[\"https:\\\/\\\/www.facebook.com\\\/MuseusDali\",\"https:\\\/\\\/x.com\\\/MuseuDali\",\"https:\\\/\\\/www.youtube.com\\\/user\\\/FundacioDali\",\"https:\\\/\\\/www.flickr.com\\\/fundacio_dali\\\/\",\"https:\\\/\\\/instagram.com\\\/museudali\"]}]}<\/script>\n<!-- \/ Yoast SEO plugin. -->","yoast_head_json":{"title":"Accessibility - Fundaci\u00f3 Gala - Salvador Dal\u00ed","robots":{"index":"index","follow":"follow","max-snippet":"max-snippet:-1","max-image-preview":"max-image-preview:large","max-video-preview":"max-video-preview:-1"},"canonical":"https:\/\/www.salvador-dali.org\/en\/visit\/accessibility\/","og_locale":"en_US","og_type":"article","og_title":"Accessibility - Fundaci\u00f3 Gala - Salvador Dal\u00ed","og_description":"Dal\u00ed Theatre-Museum \u2013 Figueres The entrance for visitors with reduced mobility is located in Pla\u00e7a Gala-Dal\u00ed, next to Wolf Vostell\u2019s sculpture \u2018Obelisk Television\u2019. Please notify the museum\u2019s admission staff in advance. Would you like to contact us? reserves@fundaciodali.org Plan your visit to the Dal\u00ed Theatre-Museum, All the information on visiting the Dal\u00ed-Theatre Museum Salvador Dal\u00ed [&hellip;]","og_url":"https:\/\/www.salvador-dali.org\/en\/visit\/accessibility\/","og_site_name":"Fundaci\u00f3 Gala - Salvador Dal\u00ed","article_publisher":"https:\/\/www.facebook.com\/MuseusDali","article_modified_time":"2025-06-26T17:18:51+00:00","og_image":[{"width":864,"height":1430,"url":"https:\/\/www.salvador-dali.org\/wp-content\/uploads\/2025\/04\/default-3.jpg","type":"image\/jpeg"}],"twitter_card":"summary_large_image","twitter_site":"@MuseuDali","twitter_misc":{"Est. reading time":"5 minutes"},"schema":{"@context":"https:\/\/schema.org","@graph":[{"@type":"WebPage","@id":"https:\/\/www.salvador-dali.org\/en\/visit\/accessibility\/","url":"https:\/\/www.salvador-dali.org\/en\/visit\/accessibility\/","name":"Accessibility - Fundaci\u00f3 Gala - Salvador Dal\u00ed","isPartOf":{"@id":"https:\/\/www.salvador-dali.org\/en\/#website"},"primaryImageOfPage":{"@id":"https:\/\/www.salvador-dali.org\/en\/visit\/accessibility\/#primaryimage"},"image":{"@id":"https:\/\/www.salvador-dali.org\/en\/visit\/accessibility\/#primaryimage"},"thumbnailUrl":"https:\/\/www.salvador-dali.org\/wp-content\/uploads\/2025\/04\/default-3.jpg","datePublished":"2025-02-18T08:17:35+00:00","dateModified":"2025-06-26T17:18:51+00:00","breadcrumb":{"@id":"https:\/\/www.salvador-dali.org\/en\/visit\/accessibility\/#breadcrumb"},"inLanguage":"en-US","potentialAction":[{"@type":"ReadAction","target":["https:\/\/www.salvador-dali.org\/en\/visit\/accessibility\/"]}]},{"@type":"ImageObject","inLanguage":"en-US","@id":"https:\/\/www.salvador-dali.org\/en\/visit\/accessibility\/#primaryimage","url":"https:\/\/www.salvador-dali.org\/wp-content\/uploads\/2025\/04\/default-3.jpg","contentUrl":"https:\/\/www.salvador-dali.org\/wp-content\/uploads\/2025\/04\/default-3.jpg","width":864,"height":1430},{"@type":"BreadcrumbList","@id":"https:\/\/www.salvador-dali.org\/en\/visit\/accessibility\/#breadcrumb","itemListElement":[{"@type":"ListItem","position":1,"name":"Inici","item":"https:\/\/www.salvador-dali.org\/en\/"},{"@type":"ListItem","position":2,"name":"Accessibility"}]},{"@type":"WebSite","@id":"https:\/\/www.salvador-dali.org\/en\/#website","url":"https:\/\/www.salvador-dali.org\/en\/","name":"Fundaci\u00f3 Gala - Salvador Dal\u00ed","description":"","publisher":{"@id":"https:\/\/www.salvador-dali.org\/en\/#organization"},"potentialAction":[{"@type":"SearchAction","target":{"@type":"EntryPoint","urlTemplate":"https:\/\/www.salvador-dali.org\/en\/?s={search_term_string}"},"query-input":{"@type":"PropertyValueSpecification","valueRequired":true,"valueName":"search_term_string"}}],"inLanguage":"en-US"},{"@type":"Organization","@id":"https:\/\/www.salvador-dali.org\/en\/#organization","name":"Fundaci\u00f3 Gala - Salvador Dal\u00ed","url":"https:\/\/www.salvador-dali.org\/en\/","logo":{"@type":"ImageObject","inLanguage":"en-US","@id":"https:\/\/www.salvador-dali.org\/en\/#\/schema\/logo\/image\/","url":"https:\/\/www.salvador-dali.org\/wp-content\/uploads\/2025\/04\/fundacio-gala-salvador-dali.png","contentUrl":"https:\/\/www.salvador-dali.org\/wp-content\/uploads\/2025\/04\/fundacio-gala-salvador-dali.png","width":240,"height":240,"caption":"Fundaci\u00f3 Gala - Salvador Dal\u00ed"},"image":{"@id":"https:\/\/www.salvador-dali.org\/en\/#\/schema\/logo\/image\/"},"sameAs":["https:\/\/www.facebook.com\/MuseusDali","https:\/\/x.com\/MuseuDali","https:\/\/www.youtube.com\/user\/FundacioDali","https:\/\/www.flickr.com\/fundacio_dali\/","https:\/\/instagram.com\/museudali"]}]}},"_links":{"self":[{"href":"https:\/\/www.salvador-dali.org\/en\/wp-json\/wp\/v2\/pages\/6520","targetHints":{"allow":["GET"]}}],"collection":[{"href":"https:\/\/www.salvador-dali.org\/en\/wp-json\/wp\/v2\/pages"}],"about":[{"href":"https:\/\/www.salvador-dali.org\/en\/wp-json\/wp\/v2\/types\/page"}],"author":[{"embeddable":true,"href":"https:\/\/www.salvador-dali.org\/en\/wp-json\/wp\/v2\/users\/3"}],"replies":[{"embeddable":true,"href":"https:\/\/www.salvador-dali.org\/en\/wp-json\/wp\/v2\/comments?post=6520"}],"version-history":[{"count":0,"href":"https:\/\/www.salvador-dali.org\/en\/wp-json\/wp\/v2\/pages\/6520\/revisions"}],"up":[{"embeddable":true,"href":"https:\/\/www.salvador-dali.org\/en\/wp-json\/wp\/v2\/pages\/6505"}],"wp:featuredmedia":[{"embeddable":true,"href":"https:\/\/www.salvador-dali.org\/en\/wp-json\/wp\/v2\/media\/3062"}],"wp:attachment":[{"href":"https:\/\/www.salvador-dali.org\/en\/wp-json\/wp\/v2\/media?parent=6520"}],"wp:term":[{"taxonomy":"category","embeddable":true,"href":"https:\/\/www.salvador-dali.org\/en\/wp-json\/wp\/v2\/categories?post=6520"},{"taxonomy":"post_tag","embeddable":true,"href":"https:\/\/www.salvador-dali.org\/en\/wp-json\/wp\/v2\/tags?post=6520"}],"curies":[{"name":"wp","href":"https:\/\/api.w.org\/{rel}","templated":true}]}}