{"id":7320,"date":"2025-05-27T09:16:02","date_gmt":"2025-05-27T07:16:02","guid":{"rendered":"https:\/\/www.salvador-dali.org\/accessibilitat-web\/"},"modified":"2025-07-01T21:53:34","modified_gmt":"2025-07-01T19:53:34","slug":"web-accessibility","status":"publish","type":"page","link":"https:\/\/www.salvador-dali.org\/en\/web-accessibility\/","title":{"rendered":"Web Accessibility"},"content":{"rendered":"\n<div class=\"wp-block-columns global-column is-layout-flex wp-container-core-columns-is-layout-9d6595d7 wp-block-columns-is-layout-flex\">\n<div class=\"wp-block-column is-layout-flow wp-block-column-is-layout-flow\">\n<p><strong>At the Gala-Salvador Dal\u00ed Foundation, we are committed to ensuring that our website is accessible to everyone.<\/strong><\/p>\n\n\n\n<p><strong>Accessibility Commitment<\/strong><\/p>\n\n\n\n<p>Our goal is for all users to be able to perceive, operate, understand, and navigate our website independently and on equal terms.<\/p>\n\n\n\n<p>To achieve this, we are working to meet the Level AA accessibility criteria of the UNE-EN 301 549 standard (equivalent to WCAG 2.1, Level AA) in accordance with:<\/p>\n\n\n\n<ul class=\"wp-block-list\">\n<li>[DIRECTIVE (EU) 2016\/2102] of the European Parliament and of the Council, of October 2016.<\/li>\n\n\n\n<li>[Royal Decree 1112\/2018] on the accessibility of websites and mobile applications in the public sector (Spain).<\/li>\n<\/ul>\n\n\n\n<p><strong>Accessibility Status<\/strong><\/p>\n\n\n\n<p>This page is partially compliant with accessibility standards for the following reasons:<\/p>\n\n\n\n<p>We are still working to resolve certain elements that may hinder access for some individuals.<\/p>\n\n\n\n<p><strong>Non-accessible content (or currently being adapted)<\/strong><\/p>\n\n\n\n<p>Some images do not have alternative text.<\/p>\n\n\n\n<p><strong>Feedback and complaints mechanism<\/strong><\/p>\n\n\n\n<p>If you encounter any difficulty accessing the information or wish to report an accessibility issue, please contact us:<\/p>\n\n\n\n<ul class=\"wp-block-list\">\n<li>Email: <strong><a>comunicacio@fundaciodali.org<\/a><\/strong><\/li>\n\n\n\n<li>Phone: <strong>+34 972 677 505<\/strong><\/li>\n\n\n\n<li>Postal address: <strong>Torre Galatea \u2013 Pujada del Castell, 28 \u2013 17600 Figueres, Spain<\/strong><\/li>\n<\/ul>\n\n\n\n<p>Your feedback will be reviewed by the accessibility team to find a solution as soon as possible.<\/p>\n\n\n\n<p><strong>Appeal procedure<\/strong><\/p>\n\n\n\n<p>If you are not satisfied with the response received, you may file a formal complaint in accordance with Royal Decree 1112\/2018, through the mechanism provided by the supervisory authority.<\/p>\n\n\n\n<p><strong>Last update of this accessibility statement: 13 June 2025<\/strong><\/p>\n<\/div>\n<\/div>\n\n<div style=\"height:200px\" aria-hidden=\"true\" class=\"wp-block-spacer\"><\/div>\n","protected":false},"excerpt":{"rendered":"<p>At the Gala-Salvador Dal\u00ed Foundation, we are committed to ensuring that our website is accessible to everyone. Accessibility Commitment Our goal is for all users to be able to perceive, operate, understand, and navigate our website independently and on equal terms. To achieve this, we are working to meet the Level AA accessibility criteria of [&hellip;]<\/p>\n","protected":false},"author":1,"featured_media":0,"parent":0,"menu_order":1,"comment_status":"closed","ping_status":"closed","template":"","meta":{"_acf_changed":false,"_coblocks_attr":"","_coblocks_dimensions":"","_coblocks_responsive_height":"","_coblocks_accordion_ie_support":"","footnotes":""},"categories":[],"tags":[],"class_list":["post-7320","page","type-page","status-publish","hentry"],"acf":[],"yoast_head":"<!-- This site is optimized with the Yoast SEO plugin v27.4 - https:\/\/yoast.com\/product\/yoast-seo-wordpress\/ -->\n<title>Web Accessibility - Fundaci\u00f3 Gala - Salvador Dal\u00ed<\/title>\n<meta name=\"robots\" content=\"index, follow, max-snippet:-1, max-image-preview:large, max-video-preview:-1\" \/>\n<link rel=\"canonical\" href=\"https:\/\/www.salvador-dali.org\/en\/web-accessibility\/\" \/>\n<meta property=\"og:locale\" content=\"en_US\" \/>\n<meta property=\"og:type\" content=\"article\" \/>\n<meta property=\"og:title\" content=\"Web Accessibility - Fundaci\u00f3 Gala - Salvador Dal\u00ed\" \/>\n<meta property=\"og:description\" content=\"At the Gala-Salvador Dal\u00ed Foundation, we are committed to ensuring that our website is accessible to everyone. Accessibility Commitment Our goal is for all users to be able to perceive, operate, understand, and navigate our website independently and on equal terms. To achieve this, we are working to meet the Level AA accessibility criteria of [&hellip;]\" \/>\n<meta property=\"og:url\" content=\"https:\/\/www.salvador-dali.org\/en\/web-accessibility\/\" \/>\n<meta property=\"og:site_name\" content=\"Fundaci\u00f3 Gala - Salvador Dal\u00ed\" \/>\n<meta property=\"article:publisher\" content=\"https:\/\/www.facebook.com\/MuseusDali\" \/>\n<meta property=\"article:modified_time\" content=\"2025-07-01T19:53:34+00:00\" \/>\n<meta name=\"twitter:card\" content=\"summary_large_image\" \/>\n<meta name=\"twitter:site\" content=\"@MuseuDali\" \/>\n<meta name=\"twitter:label1\" content=\"Est. reading time\" \/>\n\t<meta name=\"twitter:data1\" content=\"2 minutes\" \/>\n<script type=\"application\/ld+json\" class=\"yoast-schema-graph\">{\"@context\":\"https:\\\/\\\/schema.org\",\"@graph\":[{\"@type\":\"WebPage\",\"@id\":\"https:\\\/\\\/www.salvador-dali.org\\\/en\\\/web-accessibility\\\/\",\"url\":\"https:\\\/\\\/www.salvador-dali.org\\\/en\\\/web-accessibility\\\/\",\"name\":\"Web Accessibility - Fundaci\u00f3 Gala - Salvador Dal\u00ed\",\"isPartOf\":{\"@id\":\"https:\\\/\\\/www.salvador-dali.org\\\/en\\\/#website\"},\"datePublished\":\"2025-05-27T07:16:02+00:00\",\"dateModified\":\"2025-07-01T19:53:34+00:00\",\"breadcrumb\":{\"@id\":\"https:\\\/\\\/www.salvador-dali.org\\\/en\\\/web-accessibility\\\/#breadcrumb\"},\"inLanguage\":\"en-US\",\"potentialAction\":[{\"@type\":\"ReadAction\",\"target\":[\"https:\\\/\\\/www.salvador-dali.org\\\/en\\\/web-accessibility\\\/\"]}]},{\"@type\":\"BreadcrumbList\",\"@id\":\"https:\\\/\\\/www.salvador-dali.org\\\/en\\\/web-accessibility\\\/#breadcrumb\",\"itemListElement\":[{\"@type\":\"ListItem\",\"position\":1,\"name\":\"Inici\",\"item\":\"https:\\\/\\\/www.salvador-dali.org\\\/en\\\/\"},{\"@type\":\"ListItem\",\"position\":2,\"name\":\"Web Accessibility\"}]},{\"@type\":\"WebSite\",\"@id\":\"https:\\\/\\\/www.salvador-dali.org\\\/en\\\/#website\",\"url\":\"https:\\\/\\\/www.salvador-dali.org\\\/en\\\/\",\"name\":\"Fundaci\u00f3 Gala - Salvador Dal\u00ed\",\"description\":\"\",\"publisher\":{\"@id\":\"https:\\\/\\\/www.salvador-dali.org\\\/en\\\/#organization\"},\"potentialAction\":[{\"@type\":\"SearchAction\",\"target\":{\"@type\":\"EntryPoint\",\"urlTemplate\":\"https:\\\/\\\/www.salvador-dali.org\\\/en\\\/?s={search_term_string}\"},\"query-input\":{\"@type\":\"PropertyValueSpecification\",\"valueRequired\":true,\"valueName\":\"search_term_string\"}}],\"inLanguage\":\"en-US\"},{\"@type\":\"Organization\",\"@id\":\"https:\\\/\\\/www.salvador-dali.org\\\/en\\\/#organization\",\"name\":\"Fundaci\u00f3 Gala - Salvador Dal\u00ed\",\"url\":\"https:\\\/\\\/www.salvador-dali.org\\\/en\\\/\",\"logo\":{\"@type\":\"ImageObject\",\"inLanguage\":\"en-US\",\"@id\":\"https:\\\/\\\/www.salvador-dali.org\\\/en\\\/#\\\/schema\\\/logo\\\/image\\\/\",\"url\":\"https:\\\/\\\/www.salvador-dali.org\\\/wp-content\\\/uploads\\\/2025\\\/04\\\/fundacio-gala-salvador-dali.png\",\"contentUrl\":\"https:\\\/\\\/www.salvador-dali.org\\\/wp-content\\\/uploads\\\/2025\\\/04\\\/fundacio-gala-salvador-dali.png\",\"width\":240,\"height\":240,\"caption\":\"Fundaci\u00f3 Gala - Salvador Dal\u00ed\"},\"image\":{\"@id\":\"https:\\\/\\\/www.salvador-dali.org\\\/en\\\/#\\\/schema\\\/logo\\\/image\\\/\"},\"sameAs\":[\"https:\\\/\\\/www.facebook.com\\\/MuseusDali\",\"https:\\\/\\\/x.com\\\/MuseuDali\",\"https:\\\/\\\/www.youtube.com\\\/user\\\/FundacioDali\",\"https:\\\/\\\/www.flickr.com\\\/fundacio_dali\\\/\",\"https:\\\/\\\/instagram.com\\\/museudali\"]}]}<\/script>\n<!-- \/ Yoast SEO plugin. -->","yoast_head_json":{"title":"Web Accessibility - Fundaci\u00f3 Gala - Salvador Dal\u00ed","robots":{"index":"index","follow":"follow","max-snippet":"max-snippet:-1","max-image-preview":"max-image-preview:large","max-video-preview":"max-video-preview:-1"},"canonical":"https:\/\/www.salvador-dali.org\/en\/web-accessibility\/","og_locale":"en_US","og_type":"article","og_title":"Web Accessibility - Fundaci\u00f3 Gala - Salvador Dal\u00ed","og_description":"At the Gala-Salvador Dal\u00ed Foundation, we are committed to ensuring that our website is accessible to everyone. Accessibility Commitment Our goal is for all users to be able to perceive, operate, understand, and navigate our website independently and on equal terms. To achieve this, we are working to meet the Level AA accessibility criteria of [&hellip;]","og_url":"https:\/\/www.salvador-dali.org\/en\/web-accessibility\/","og_site_name":"Fundaci\u00f3 Gala - Salvador Dal\u00ed","article_publisher":"https:\/\/www.facebook.com\/MuseusDali","article_modified_time":"2025-07-01T19:53:34+00:00","twitter_card":"summary_large_image","twitter_site":"@MuseuDali","twitter_misc":{"Est. reading time":"2 minutes"},"schema":{"@context":"https:\/\/schema.org","@graph":[{"@type":"WebPage","@id":"https:\/\/www.salvador-dali.org\/en\/web-accessibility\/","url":"https:\/\/www.salvador-dali.org\/en\/web-accessibility\/","name":"Web Accessibility - Fundaci\u00f3 Gala - Salvador Dal\u00ed","isPartOf":{"@id":"https:\/\/www.salvador-dali.org\/en\/#website"},"datePublished":"2025-05-27T07:16:02+00:00","dateModified":"2025-07-01T19:53:34+00:00","breadcrumb":{"@id":"https:\/\/www.salvador-dali.org\/en\/web-accessibility\/#breadcrumb"},"inLanguage":"en-US","potentialAction":[{"@type":"ReadAction","target":["https:\/\/www.salvador-dali.org\/en\/web-accessibility\/"]}]},{"@type":"BreadcrumbList","@id":"https:\/\/www.salvador-dali.org\/en\/web-accessibility\/#breadcrumb","itemListElement":[{"@type":"ListItem","position":1,"name":"Inici","item":"https:\/\/www.salvador-dali.org\/en\/"},{"@type":"ListItem","position":2,"name":"Web Accessibility"}]},{"@type":"WebSite","@id":"https:\/\/www.salvador-dali.org\/en\/#website","url":"https:\/\/www.salvador-dali.org\/en\/","name":"Fundaci\u00f3 Gala - Salvador Dal\u00ed","description":"","publisher":{"@id":"https:\/\/www.salvador-dali.org\/en\/#organization"},"potentialAction":[{"@type":"SearchAction","target":{"@type":"EntryPoint","urlTemplate":"https:\/\/www.salvador-dali.org\/en\/?s={search_term_string}"},"query-input":{"@type":"PropertyValueSpecification","valueRequired":true,"valueName":"search_term_string"}}],"inLanguage":"en-US"},{"@type":"Organization","@id":"https:\/\/www.salvador-dali.org\/en\/#organization","name":"Fundaci\u00f3 Gala - Salvador Dal\u00ed","url":"https:\/\/www.salvador-dali.org\/en\/","logo":{"@type":"ImageObject","inLanguage":"en-US","@id":"https:\/\/www.salvador-dali.org\/en\/#\/schema\/logo\/image\/","url":"https:\/\/www.salvador-dali.org\/wp-content\/uploads\/2025\/04\/fundacio-gala-salvador-dali.png","contentUrl":"https:\/\/www.salvador-dali.org\/wp-content\/uploads\/2025\/04\/fundacio-gala-salvador-dali.png","width":240,"height":240,"caption":"Fundaci\u00f3 Gala - Salvador Dal\u00ed"},"image":{"@id":"https:\/\/www.salvador-dali.org\/en\/#\/schema\/logo\/image\/"},"sameAs":["https:\/\/www.facebook.com\/MuseusDali","https:\/\/x.com\/MuseuDali","https:\/\/www.youtube.com\/user\/FundacioDali","https:\/\/www.flickr.com\/fundacio_dali\/","https:\/\/instagram.com\/museudali"]}]}},"_links":{"self":[{"href":"https:\/\/www.salvador-dali.org\/en\/wp-json\/wp\/v2\/pages\/7320","targetHints":{"allow":["GET"]}}],"collection":[{"href":"https:\/\/www.salvador-dali.org\/en\/wp-json\/wp\/v2\/pages"}],"about":[{"href":"https:\/\/www.salvador-dali.org\/en\/wp-json\/wp\/v2\/types\/page"}],"author":[{"embeddable":true,"href":"https:\/\/www.salvador-dali.org\/en\/wp-json\/wp\/v2\/users\/1"}],"replies":[{"embeddable":true,"href":"https:\/\/www.salvador-dali.org\/en\/wp-json\/wp\/v2\/comments?post=7320"}],"version-history":[{"count":0,"href":"https:\/\/www.salvador-dali.org\/en\/wp-json\/wp\/v2\/pages\/7320\/revisions"}],"wp:attachment":[{"href":"https:\/\/www.salvador-dali.org\/en\/wp-json\/wp\/v2\/media?parent=7320"}],"wp:term":[{"taxonomy":"category","embeddable":true,"href":"https:\/\/www.salvador-dali.org\/en\/wp-json\/wp\/v2\/categories?post=7320"},{"taxonomy":"post_tag","embeddable":true,"href":"https:\/\/www.salvador-dali.org\/en\/wp-json\/wp\/v2\/tags?post=7320"}],"curies":[{"name":"wp","href":"https:\/\/api.w.org\/{rel}","templated":true}]}}