{"id":7595,"date":"2025-03-17T14:06:31","date_gmt":"2025-03-17T12:06:31","guid":{"rendered":"https:\/\/www.salvador-dali.org\/obra\/colleccio\/"},"modified":"2025-07-10T13:32:45","modified_gmt":"2025-07-10T11:32:45","slug":"collection","status":"publish","type":"page","link":"https:\/\/www.salvador-dali.org\/en\/artwork\/collection\/","title":{"rendered":"Collection"},"content":{"rendered":"\n<div class=\"wp-block-columns global-column is-layout-flex wp-container-core-columns-is-layout-9d6595d7 wp-block-columns-is-layout-flex\">\n<div class=\"wp-block-column is-layout-flow wp-block-column-is-layout-flow\">\n<p class=\"entradeta\">The works in the Collection are by Salvador Dal\u00ed, although there are also works by other artists that he collected or selected to be part of his museums. These works can primarily be seen at the Dal\u00ed Theatre-Museum in Figueres, although some are preserved or form an intrinsic part of the house-museums in Portlligat and P\u00fabol.<\/p>\n\n\n\n<p>The works come from the personal collection that the artist donated for the creation of the Dal\u00ed Theatre-Museum, inaugurated on September 28, 1974. Among these are iconic paintings such as <em>Self-Portrait with Raphael Collar<\/em> (c.1921), <em>The Specter of Sex Appeal<\/em> (1934), <em>Galarina<\/em> and <em>The Basket of Bread<\/em> (1945), and <em>Gala Placidia<\/em> (1952). Salvador Dal\u00ed\u2019s museographic project included installations like The Rainy Taxi that were created specifically for it. Works by artists close to him, such as Antoni Pitxot and Evarist Vall\u00e8s, can also be seen, while the Masterpieces Room houses works by El Greco, Marcel Duchamp, Ernest Meissonier, William-Adolphe Bouguereau, Mari\u00e0 Fortuny, Modest Urgell, and Gerard Dou, all important references for the artist. Additionally, since 1991, the Gala-Salvador Dal\u00ed Foundation has carried out an intensive acquisition policy of Dal\u00ed\u2019s works aimed at enriching the Collection, with the goal of fostering a better understanding of the artist\u2019s career, thought, and life. One of the most notable acquisitions was the jewelry collection purchased in 2000, the result of collaboration with the American jewelers Alemany &amp; Ertman. Among the most recent acquisitions are some works from the Surrealist period that allow exploration of Dal\u00ed\u2019s true contribution to the movement that launched him onto the international stage.<\/p>\n\n\n\n    <div class=\"button fletxa\"><a  href=\"https:\/\/www.salvador-dali.org\/en\/artwork\/collection\/online-collection\/\">Explore<\/a><\/div>\n\n\n\n    \n\n\n\n\n\n<\/div>\n<\/div>\n\n\n    <div  class=\"wp-block-columns swiper-column   destacat bloc-destacats \" style=\"background-image: linear-gradient(to right, white, white)\">\n        <div class=\"wp-block-column\">\n            <div id=\"swiper-69e23aa05c11b\" class=\"swiper destacats dues\" >\n                <div class=\"swiper-wrapper\">\n\n                                            <div class=\"swiper-slide intro\">\n                            <h2>Discover the variety of artistic media represented in the collection<\/h2>\n                            <div class=\"descripcio\"><p data-start=\"34\" data-end=\"280\">Iconic paintings, sculptures, drawings, graphic works, unique jewelry, furniture, photographs, and much more are part of an exceptional and diverse collection where Dal\u00ed\u2019s creations coexist with works he personally selected for his museums.<\/p>\n<p data-start=\"282\" data-end=\"320\" data-is-last-node=\"\" data-is-only-node=\"\">\n<\/div>\n                                                    <\/div>\n                    \n\n                    \n                        \n                        <div class=\"swiper-slide\">\n                                                            <div class=\"banner\" style=\"background-image: url(https:\/\/www.salvador-dali.org\/wp-content\/uploads\/2025\/06\/default-6-634x1024.jpg)\">\n                                                                            <ul class=\"context\">\n                                            <li class=\"context__item\" aria-label=\"hidden\">                                            <\/li>\n                                        <\/ul>\n                                    \n                                    <h3 class=\"titol\">Attire<\/h3>\n                                        \n                                    <div class=\"button fletxa\"><a href=\"https:\/\/www.salvador-dali.org\/en\/artwork\/collection\/online-collection\/?properties=objectNames&#038;values=%2Fcoeli%2FFGSD%2FSKOSConcept%2F5423999e-c179-092e-96fb-e74783b127b0&#038;labels=Indument%C3%A0ria\">More information<\/a><\/div>\n\n                                    \n                                <\/div>\n                                                    <\/div>\n\n                    \n                        \n                        <div class=\"swiper-slide\">\n                                                            <div class=\"banner\" style=\"background-image: url(https:\/\/www.salvador-dali.org\/wp-content\/uploads\/2025\/06\/default-5-806x1024.jpg)\">\n                                                                            <ul class=\"context\">\n                                            <li class=\"context__item\" aria-label=\"hidden\">                                            <\/li>\n                                        <\/ul>\n                                    \n                                    <h3 class=\"titol\">Graphic work<\/h3>\n                                        \n                                    <div class=\"button fletxa\"><a href=\"https:\/\/www.salvador-dali.org\/en\/artwork\/collection\/online-collection\/?properties=objectNames&#038;values=%2Fcoeli%2FFGSD%2FSKOSConcept%2F0c242af0-d536-7f01-e9d1-b68456b7fe7a&#038;labels=Obra%20gr%C3%A0fica&#038;offset=15&#038;limit=15\">More information<\/a><\/div>\n\n                                    \n                                <\/div>\n                                                    <\/div>\n\n                    \n                        \n                        <div class=\"swiper-slide\">\n                                                            <div class=\"banner\" style=\"background-image: url(https:\/\/www.salvador-dali.org\/wp-content\/uploads\/2025\/06\/default-4-815x1024.jpg)\">\n                                                                            <ul class=\"context\">\n                                            <li class=\"context__item\" aria-label=\"hidden\">                                            <\/li>\n                                        <\/ul>\n                                    \n                                    <h3 class=\"titol\">Sculpture<\/h3>\n                                        \n                                    <div class=\"button fletxa\"><a href=\"https:\/\/www.salvador-dali.org\/en\/artwork\/collection\/online-collection\/?properties=objectNames&#038;values=%2Fcoeli%2FFGSD%2FSKOSConcept%2Fee6a120f-9cf1-8573-8e61-2085f72a3dbf&#038;labels=Escultura\">More information<\/a><\/div>\n\n                                    \n                                <\/div>\n                                                    <\/div>\n\n                    \n                        \n                        <div class=\"swiper-slide\">\n                                                            <div class=\"banner\" style=\"background-image: url(https:\/\/www.salvador-dali.org\/wp-content\/uploads\/2025\/06\/default-2-700x1024.jpg)\">\n                                                                            <ul class=\"context\">\n                                            <li class=\"context__item\" aria-label=\"hidden\">                                            <\/li>\n                                        <\/ul>\n                                    \n                                    <h3 class=\"titol\">Drawing<\/h3>\n                                        \n                                    <div class=\"button fletxa\"><a href=\"https:\/\/www.salvador-dali.org\/en\/artwork\/collection\/online-collection\/?properties=objectNames&#038;values=%2Fcoeli%2FFGSD%2FSKOSConcept%2F901ca039-9293-4b37-ab7a-7fbc8085aa7e&#038;labels=Dibuix\">More information<\/a><\/div>\n\n                                    \n                                <\/div>\n                                                    <\/div>\n\n                    \n                        \n                        <div class=\"swiper-slide\">\n                                                            <div class=\"banner\" style=\"background-image: url(https:\/\/www.salvador-dali.org\/wp-content\/uploads\/2025\/06\/default-1-614x1024.jpg)\">\n                                                                            <ul class=\"context\">\n                                            <li class=\"context__item\" aria-label=\"hidden\">                                            <\/li>\n                                        <\/ul>\n                                    \n                                    <h3 class=\"titol\">Painting<\/h3>\n                                        \n                                    <div class=\"button fletxa\"><a href=\"https:\/\/www.salvador-dali.org\/en\/artwork\/collection\/online-collection\/?properties=objectNames&#038;values=%2Fcoeli%2FFGSD%2FSKOSConcept%2Fe3d45eae-0ae3-5583-83bb-410974234506&#038;labels=Pintura\">More information<\/a><\/div>\n\n                                    \n                                <\/div>\n                                                    <\/div>\n\n                    \n                        \n                        <div class=\"swiper-slide\">\n                                                            <div class=\"banner\" style=\"background-image: url(https:\/\/www.salvador-dali.org\/wp-content\/uploads\/2025\/06\/default-759x1024.jpg)\">\n                                                                            <ul class=\"context\">\n                                            <li class=\"context__item\" aria-label=\"hidden\">                                            <\/li>\n                                        <\/ul>\n                                    \n                                    <h3 class=\"titol\">Jewellery<\/h3>\n                                        \n                                    <div class=\"button fletxa\"><a href=\"https:\/\/www.salvador-dali.org\/en\/artwork\/collection\/online-collection\/?properties=objectNames&#038;values=%2Fcoeli%2FFGSD%2FSKOSConcept%2F0a187ff3-7dca-4dd4-8a39-31fedba95e76&#038;labels=Joies\">More information<\/a><\/div>\n\n                                    \n                                <\/div>\n                                                    <\/div>\n\n                                    <\/div>\n                <!-- Swiper navigation buttons -->\n                <div class=\"swiper-button-prev\">\n                    <span class=\"screen-reader-text\">Previous slide<\/span>\n                <\/div>\n                <div class=\"swiper-button-next\">\n                    <span class=\"screen-reader-text\">Nest slide<\/span>\n                <\/div>\n            <\/div>\n        <\/div>\n    <\/div>\n\n\n\n<!-- Swiper JS -->\n<script src=\"https:\/\/cdn.jsdelivr.net\/npm\/swiper@11\/swiper-bundle.min.js\"><\/script>\n\n<!-- Initialize Swiper -->\n<script>\n\njQuery( document ).ready(function() {      \n\n    Tipus = 'destacat';\n\n    updateSpaceBetween();\n    spaceBetweenInicial = 60;\n    \n    if (Tipus=='intro-images' ) {\n    \/\/    spaceBetweenValueModul = 0;\n    }\n\n\n\n    console.log(\"spaceBetweenValueModul\",spaceBetweenValueModul);\n\n    var swiper = new Swiper(\"#swiper-69e23aa05c11b\", {\n      slidesPerView: \"auto\",\n      spaceBetween: spaceBetweenInicial,\n      \tfreeMode: true,\n\t  \tbreakpoints: {\n\t        \/\/ Quan l'amplada de la pantalla sigui major a 1024px\n\t        1024: {\n\t            spaceBetween: spaceBetweenValue,\n\t        },\n\t    },\n        \/\/ Navigation arrows\n        navigation: {\n            nextEl: '.swiper-button-next',\n            prevEl: '.swiper-button-prev',\n        },\n        mousewheel: {\n            releaseOnEdges: true,\n            forceToAxis: true,\n            sensitivity:    1,\n        },\n        a11y: {\n            prevSlideMessage: 'Previous slide',\n            nextSlideMessage: 'Nest slide',\n        },\n    });\n\n\n \n\n\n    \/*\n    jQuery('.bloc-destacats').each(function() {\n        const nextDiv = jQuery(this).next('div');\n        if (nextDiv.hasClass('contingut-ampliat')) {\n            console.log('T\u00e9 .contingut-ampliat despr\u00e9s');\n            \/\/ Aqu\u00ed pots fer accions, per exemple:\n            \/\/ $nextDiv.addClass('marcat'); o $(this).append($nextDiv);\n        }\n    });\n    *\/\n})\n<\/script>\n\n","protected":false},"excerpt":{"rendered":"<p>The works in the Collection are by Salvador Dal\u00ed, although there are also works by other artists that he collected or selected to be part of his museums. These works can primarily be seen at the Dal\u00ed Theatre-Museum in Figueres, although some are preserved or form an intrinsic part of the house-museums in Portlligat and [&hellip;]<\/p>\n","protected":false},"author":3,"featured_media":2543,"parent":7583,"menu_order":1,"comment_status":"closed","ping_status":"closed","template":"","meta":{"_acf_changed":false,"_coblocks_attr":"","_coblocks_dimensions":"","_coblocks_responsive_height":"","_coblocks_accordion_ie_support":"","footnotes":""},"categories":[],"tags":[],"class_list":["post-7595","page","type-page","status-publish","has-post-thumbnail","hentry"],"acf":[],"yoast_head":"<!-- This site is optimized with the Yoast SEO plugin v27.4 - https:\/\/yoast.com\/product\/yoast-seo-wordpress\/ -->\n<title>Collection - Fundaci\u00f3 Gala - Salvador Dal\u00ed<\/title>\n<meta name=\"robots\" content=\"index, follow, max-snippet:-1, max-image-preview:large, max-video-preview:-1\" \/>\n<link rel=\"canonical\" href=\"https:\/\/www.salvador-dali.org\/en\/artwork\/collection\/\" \/>\n<meta property=\"og:locale\" content=\"en_US\" \/>\n<meta property=\"og:type\" content=\"article\" \/>\n<meta property=\"og:title\" content=\"Collection - Fundaci\u00f3 Gala - Salvador Dal\u00ed\" \/>\n<meta property=\"og:description\" content=\"The works in the Collection are by Salvador Dal\u00ed, although there are also works by other artists that he collected or selected to be part of his museums. These works can primarily be seen at the Dal\u00ed Theatre-Museum in Figueres, although some are preserved or form an intrinsic part of the house-museums in Portlligat and [&hellip;]\" \/>\n<meta property=\"og:url\" content=\"https:\/\/www.salvador-dali.org\/en\/artwork\/collection\/\" \/>\n<meta property=\"og:site_name\" content=\"Fundaci\u00f3 Gala - Salvador Dal\u00ed\" \/>\n<meta property=\"article:publisher\" content=\"https:\/\/www.facebook.com\/MuseusDali\" \/>\n<meta property=\"article:modified_time\" content=\"2025-07-10T11:32:45+00:00\" \/>\n<meta property=\"og:image\" content=\"https:\/\/www.salvador-dali.org\/wp-content\/uploads\/2025\/04\/coleccio.jpg\" \/>\n\t<meta property=\"og:image:width\" content=\"800\" \/>\n\t<meta property=\"og:image:height\" content=\"1023\" \/>\n\t<meta property=\"og:image:type\" content=\"image\/jpeg\" \/>\n<meta name=\"twitter:card\" content=\"summary_large_image\" \/>\n<meta name=\"twitter:site\" content=\"@MuseuDali\" \/>\n<meta name=\"twitter:label1\" content=\"Est. reading time\" \/>\n\t<meta name=\"twitter:data1\" content=\"2 minutes\" \/>\n<script type=\"application\/ld+json\" class=\"yoast-schema-graph\">{\"@context\":\"https:\\\/\\\/schema.org\",\"@graph\":[{\"@type\":\"WebPage\",\"@id\":\"https:\\\/\\\/www.salvador-dali.org\\\/en\\\/artwork\\\/collection\\\/\",\"url\":\"https:\\\/\\\/www.salvador-dali.org\\\/en\\\/artwork\\\/collection\\\/\",\"name\":\"Collection - Fundaci\u00f3 Gala - Salvador Dal\u00ed\",\"isPartOf\":{\"@id\":\"https:\\\/\\\/www.salvador-dali.org\\\/en\\\/#website\"},\"primaryImageOfPage\":{\"@id\":\"https:\\\/\\\/www.salvador-dali.org\\\/en\\\/artwork\\\/collection\\\/#primaryimage\"},\"image\":{\"@id\":\"https:\\\/\\\/www.salvador-dali.org\\\/en\\\/artwork\\\/collection\\\/#primaryimage\"},\"thumbnailUrl\":\"https:\\\/\\\/www.salvador-dali.org\\\/wp-content\\\/uploads\\\/2025\\\/04\\\/coleccio.jpg\",\"datePublished\":\"2025-03-17T12:06:31+00:00\",\"dateModified\":\"2025-07-10T11:32:45+00:00\",\"breadcrumb\":{\"@id\":\"https:\\\/\\\/www.salvador-dali.org\\\/en\\\/artwork\\\/collection\\\/#breadcrumb\"},\"inLanguage\":\"en-US\",\"potentialAction\":[{\"@type\":\"ReadAction\",\"target\":[\"https:\\\/\\\/www.salvador-dali.org\\\/en\\\/artwork\\\/collection\\\/\"]}]},{\"@type\":\"ImageObject\",\"inLanguage\":\"en-US\",\"@id\":\"https:\\\/\\\/www.salvador-dali.org\\\/en\\\/artwork\\\/collection\\\/#primaryimage\",\"url\":\"https:\\\/\\\/www.salvador-dali.org\\\/wp-content\\\/uploads\\\/2025\\\/04\\\/coleccio.jpg\",\"contentUrl\":\"https:\\\/\\\/www.salvador-dali.org\\\/wp-content\\\/uploads\\\/2025\\\/04\\\/coleccio.jpg\",\"width\":800,\"height\":1023},{\"@type\":\"BreadcrumbList\",\"@id\":\"https:\\\/\\\/www.salvador-dali.org\\\/en\\\/artwork\\\/collection\\\/#breadcrumb\",\"itemListElement\":[{\"@type\":\"ListItem\",\"position\":1,\"name\":\"Inici\",\"item\":\"https:\\\/\\\/www.salvador-dali.org\\\/en\\\/\"},{\"@type\":\"ListItem\",\"position\":2,\"name\":\"Collection\"}]},{\"@type\":\"WebSite\",\"@id\":\"https:\\\/\\\/www.salvador-dali.org\\\/en\\\/#website\",\"url\":\"https:\\\/\\\/www.salvador-dali.org\\\/en\\\/\",\"name\":\"Fundaci\u00f3 Gala - Salvador Dal\u00ed\",\"description\":\"\",\"publisher\":{\"@id\":\"https:\\\/\\\/www.salvador-dali.org\\\/en\\\/#organization\"},\"potentialAction\":[{\"@type\":\"SearchAction\",\"target\":{\"@type\":\"EntryPoint\",\"urlTemplate\":\"https:\\\/\\\/www.salvador-dali.org\\\/en\\\/?s={search_term_string}\"},\"query-input\":{\"@type\":\"PropertyValueSpecification\",\"valueRequired\":true,\"valueName\":\"search_term_string\"}}],\"inLanguage\":\"en-US\"},{\"@type\":\"Organization\",\"@id\":\"https:\\\/\\\/www.salvador-dali.org\\\/en\\\/#organization\",\"name\":\"Fundaci\u00f3 Gala - Salvador Dal\u00ed\",\"url\":\"https:\\\/\\\/www.salvador-dali.org\\\/en\\\/\",\"logo\":{\"@type\":\"ImageObject\",\"inLanguage\":\"en-US\",\"@id\":\"https:\\\/\\\/www.salvador-dali.org\\\/en\\\/#\\\/schema\\\/logo\\\/image\\\/\",\"url\":\"https:\\\/\\\/www.salvador-dali.org\\\/wp-content\\\/uploads\\\/2025\\\/04\\\/fundacio-gala-salvador-dali.png\",\"contentUrl\":\"https:\\\/\\\/www.salvador-dali.org\\\/wp-content\\\/uploads\\\/2025\\\/04\\\/fundacio-gala-salvador-dali.png\",\"width\":240,\"height\":240,\"caption\":\"Fundaci\u00f3 Gala - Salvador Dal\u00ed\"},\"image\":{\"@id\":\"https:\\\/\\\/www.salvador-dali.org\\\/en\\\/#\\\/schema\\\/logo\\\/image\\\/\"},\"sameAs\":[\"https:\\\/\\\/www.facebook.com\\\/MuseusDali\",\"https:\\\/\\\/x.com\\\/MuseuDali\",\"https:\\\/\\\/www.youtube.com\\\/user\\\/FundacioDali\",\"https:\\\/\\\/www.flickr.com\\\/fundacio_dali\\\/\",\"https:\\\/\\\/instagram.com\\\/museudali\"]}]}<\/script>\n<!-- \/ Yoast SEO plugin. -->","yoast_head_json":{"title":"Collection - Fundaci\u00f3 Gala - Salvador Dal\u00ed","robots":{"index":"index","follow":"follow","max-snippet":"max-snippet:-1","max-image-preview":"max-image-preview:large","max-video-preview":"max-video-preview:-1"},"canonical":"https:\/\/www.salvador-dali.org\/en\/artwork\/collection\/","og_locale":"en_US","og_type":"article","og_title":"Collection - Fundaci\u00f3 Gala - Salvador Dal\u00ed","og_description":"The works in the Collection are by Salvador Dal\u00ed, although there are also works by other artists that he collected or selected to be part of his museums. These works can primarily be seen at the Dal\u00ed Theatre-Museum in Figueres, although some are preserved or form an intrinsic part of the house-museums in Portlligat and [&hellip;]","og_url":"https:\/\/www.salvador-dali.org\/en\/artwork\/collection\/","og_site_name":"Fundaci\u00f3 Gala - Salvador Dal\u00ed","article_publisher":"https:\/\/www.facebook.com\/MuseusDali","article_modified_time":"2025-07-10T11:32:45+00:00","og_image":[{"width":800,"height":1023,"url":"https:\/\/www.salvador-dali.org\/wp-content\/uploads\/2025\/04\/coleccio.jpg","type":"image\/jpeg"}],"twitter_card":"summary_large_image","twitter_site":"@MuseuDali","twitter_misc":{"Est. reading time":"2 minutes"},"schema":{"@context":"https:\/\/schema.org","@graph":[{"@type":"WebPage","@id":"https:\/\/www.salvador-dali.org\/en\/artwork\/collection\/","url":"https:\/\/www.salvador-dali.org\/en\/artwork\/collection\/","name":"Collection - Fundaci\u00f3 Gala - Salvador Dal\u00ed","isPartOf":{"@id":"https:\/\/www.salvador-dali.org\/en\/#website"},"primaryImageOfPage":{"@id":"https:\/\/www.salvador-dali.org\/en\/artwork\/collection\/#primaryimage"},"image":{"@id":"https:\/\/www.salvador-dali.org\/en\/artwork\/collection\/#primaryimage"},"thumbnailUrl":"https:\/\/www.salvador-dali.org\/wp-content\/uploads\/2025\/04\/coleccio.jpg","datePublished":"2025-03-17T12:06:31+00:00","dateModified":"2025-07-10T11:32:45+00:00","breadcrumb":{"@id":"https:\/\/www.salvador-dali.org\/en\/artwork\/collection\/#breadcrumb"},"inLanguage":"en-US","potentialAction":[{"@type":"ReadAction","target":["https:\/\/www.salvador-dali.org\/en\/artwork\/collection\/"]}]},{"@type":"ImageObject","inLanguage":"en-US","@id":"https:\/\/www.salvador-dali.org\/en\/artwork\/collection\/#primaryimage","url":"https:\/\/www.salvador-dali.org\/wp-content\/uploads\/2025\/04\/coleccio.jpg","contentUrl":"https:\/\/www.salvador-dali.org\/wp-content\/uploads\/2025\/04\/coleccio.jpg","width":800,"height":1023},{"@type":"BreadcrumbList","@id":"https:\/\/www.salvador-dali.org\/en\/artwork\/collection\/#breadcrumb","itemListElement":[{"@type":"ListItem","position":1,"name":"Inici","item":"https:\/\/www.salvador-dali.org\/en\/"},{"@type":"ListItem","position":2,"name":"Collection"}]},{"@type":"WebSite","@id":"https:\/\/www.salvador-dali.org\/en\/#website","url":"https:\/\/www.salvador-dali.org\/en\/","name":"Fundaci\u00f3 Gala - Salvador Dal\u00ed","description":"","publisher":{"@id":"https:\/\/www.salvador-dali.org\/en\/#organization"},"potentialAction":[{"@type":"SearchAction","target":{"@type":"EntryPoint","urlTemplate":"https:\/\/www.salvador-dali.org\/en\/?s={search_term_string}"},"query-input":{"@type":"PropertyValueSpecification","valueRequired":true,"valueName":"search_term_string"}}],"inLanguage":"en-US"},{"@type":"Organization","@id":"https:\/\/www.salvador-dali.org\/en\/#organization","name":"Fundaci\u00f3 Gala - Salvador Dal\u00ed","url":"https:\/\/www.salvador-dali.org\/en\/","logo":{"@type":"ImageObject","inLanguage":"en-US","@id":"https:\/\/www.salvador-dali.org\/en\/#\/schema\/logo\/image\/","url":"https:\/\/www.salvador-dali.org\/wp-content\/uploads\/2025\/04\/fundacio-gala-salvador-dali.png","contentUrl":"https:\/\/www.salvador-dali.org\/wp-content\/uploads\/2025\/04\/fundacio-gala-salvador-dali.png","width":240,"height":240,"caption":"Fundaci\u00f3 Gala - Salvador Dal\u00ed"},"image":{"@id":"https:\/\/www.salvador-dali.org\/en\/#\/schema\/logo\/image\/"},"sameAs":["https:\/\/www.facebook.com\/MuseusDali","https:\/\/x.com\/MuseuDali","https:\/\/www.youtube.com\/user\/FundacioDali","https:\/\/www.flickr.com\/fundacio_dali\/","https:\/\/instagram.com\/museudali"]}]}},"_links":{"self":[{"href":"https:\/\/www.salvador-dali.org\/en\/wp-json\/wp\/v2\/pages\/7595","targetHints":{"allow":["GET"]}}],"collection":[{"href":"https:\/\/www.salvador-dali.org\/en\/wp-json\/wp\/v2\/pages"}],"about":[{"href":"https:\/\/www.salvador-dali.org\/en\/wp-json\/wp\/v2\/types\/page"}],"author":[{"embeddable":true,"href":"https:\/\/www.salvador-dali.org\/en\/wp-json\/wp\/v2\/users\/3"}],"replies":[{"embeddable":true,"href":"https:\/\/www.salvador-dali.org\/en\/wp-json\/wp\/v2\/comments?post=7595"}],"version-history":[{"count":1,"href":"https:\/\/www.salvador-dali.org\/en\/wp-json\/wp\/v2\/pages\/7595\/revisions"}],"predecessor-version":[{"id":12800,"href":"https:\/\/www.salvador-dali.org\/en\/wp-json\/wp\/v2\/pages\/7595\/revisions\/12800"}],"up":[{"embeddable":true,"href":"https:\/\/www.salvador-dali.org\/en\/wp-json\/wp\/v2\/pages\/7583"}],"wp:featuredmedia":[{"embeddable":true,"href":"https:\/\/www.salvador-dali.org\/en\/wp-json\/wp\/v2\/media\/2543"}],"wp:attachment":[{"href":"https:\/\/www.salvador-dali.org\/en\/wp-json\/wp\/v2\/media?parent=7595"}],"wp:term":[{"taxonomy":"category","embeddable":true,"href":"https:\/\/www.salvador-dali.org\/en\/wp-json\/wp\/v2\/categories?post=7595"},{"taxonomy":"post_tag","embeddable":true,"href":"https:\/\/www.salvador-dali.org\/en\/wp-json\/wp\/v2\/tags?post=7595"}],"curies":[{"name":"wp","href":"https:\/\/api.w.org\/{rel}","templated":true}]}}