{"id":7628,"date":"2025-03-14T15:01:27","date_gmt":"2025-03-14T13:01:27","guid":{"rendered":"https:\/\/www.salvador-dali.org\/obra\/conservacio-i-restauracio\/projecte-de-recerca-de-lobra-grafica\/"},"modified":"2025-07-03T14:45:08","modified_gmt":"2025-07-03T12:45:08","slug":"research-project-on-the-graphic-work","status":"publish","type":"page","link":"https:\/\/www.salvador-dali.org\/en\/artwork\/conservation-and-restoration\/research-project-on-the-graphic-work\/","title":{"rendered":"Research project on the graphic work"},"content":{"rendered":"\n<div class=\"wp-block-columns global-column is-layout-flex wp-container-core-columns-is-layout-9d6595d7 wp-block-columns-is-layout-flex\">\n<div class=\"wp-block-column is-layout-flow wp-block-column-is-layout-flow\">\n<p class=\"entradeta\">Salvador Dal\u00ed\u2019s graphic work spanned his entire career. It consists of an extensive and highly varied oeuvre created using a variety of processes and techniques that bear witness to the breadth of the artist\u2019s vision, his creativity and, also, his collaboration with master publishers and printers.<\/p>\n<\/div>\n<\/div>\n\n\n    <div  class=\"wp-block-columns swiper-column  intro intro-images bloc-destacats imatges\" style=\"background-image: linear-gradient(to right, white, white)\">\n        <div class=\"wp-block-column\">\n            <div id=\"swiper-69da1fb1d8075\" class=\"swiper destacats dues\" >\n                <div class=\"swiper-wrapper\">\n\n                                            <div class=\"swiper-slide intro\">\n                            <span class=\"image-background\" style=\"background-image:url(https:\/\/www.salvador-dali.org\/wp-content\/uploads\/2025\/03\/dsc_8178_editora_77_10_7_800.jpg)\"><\/span>\n                            \n                        <\/div>\n                        <div class=\"swiper-slide\">\n                           <div class=\"descripcio\">\n                            <h2>Recerca per a un nou cat\u00e0leg raonat<\/h2>\n                            <p>Researchers have been studying the artist\u2019s graphic work for more than 20 years. From 2002 to 2016, the prints at the Dal\u00ed Theatre-Museum and from the Dal\u00ed collection included in the legacy the artist deposited with the Gala-Salvador Dal\u00ed Foundation, have been studied exhaustively, in collaboration with the Department of Arts, Conservation and Restoration and the Department of Visual Arts and Design at the University of Barcelona, as part of the project \u2018Study, documentation and characterization of the materials and techniques used in the graphic work of Salvador Dal\u00ed\u2019, as recorded in the Foundation\u2019s annual reports.<\/p>\n<p>The research project has continued in recent years up to the present day, with the aim of creating the <em>Catalogue Raisonn\u00e9 of Salvador Dal\u00ed\u2019s Graphic Work<\/em>. This catalogue will reflect the work of long years of research and enable the establishment of the key guidelines for identifying the material and technical characteristics of the artist\u2019s graphic work. One of the goals of publishing the results will be to clarify and disseminate Dal\u00ed\u2019s work in this discipline. The publication of the online catalogue, which will be done in chronological sections, is planned for late 2025<\/p>\n                            <\/div>\n\n                                                    <\/div>\n                    \n\n                    \n                        \n                        <div class=\"swiper-slide\">\n                                                            <figure>\n                                    <a data-fancybox=\"gallery-69da1fb1d8075\" data-src=\"https:\/\/www.salvador-dali.org\/wp-content\/uploads\/2025\/03\/dsc_8178_editora_77_10_7_800.jpg\" data-caption=\"Observation with binocular magnifier for the technical identification of the work &lt;em&gt;Rhinoc\u00e9ros&lt;\/em&gt; (1968) \u00a9 Salvador Dal\u00ed, Gala-Salvador Dal\u00ed Foundation, Figueres, 2025\">\n                                        <img decoding=\"async\" src=\"https:\/\/www.salvador-dali.org\/wp-content\/uploads\/2025\/03\/dsc_8178_editora_77_10_7_800.jpg\" alt=\"Observation with binocular magnifier for the technical identification of the work Rhinoc\u00e9ros (1968) \u00a9 Salvador Dal\u00ed, Gala-Salvador Dal\u00ed Foundation, Figueres, 2025\"> \n\t\t\t\t          \t\t\t<\/a>\n                                                                        <figcaption class=\"custom-caption\">Observation with binocular magnifier for the technical identification of the work &lt;em&gt;Rhinoc\u00e9ros&lt;\/em&gt; (1968) \u00a9 Salvador Dal\u00ed, Gala-Salvador Dal\u00ed Foundation, Figueres, 2025<\/figcaption>\n                                <\/figure>\n                                                    <\/div>\n\n                    \n                        \n                        <div class=\"swiper-slide\">\n                                                            <figure>\n                                    <a data-fancybox=\"gallery-69da1fb1d8075\" data-src=\"https:\/\/www.salvador-dali.org\/wp-content\/uploads\/2025\/06\/recerca-obra-grafica-1.jpg\" data-caption=\"\">\n                                        <img decoding=\"async\" src=\"https:\/\/www.salvador-dali.org\/wp-content\/uploads\/2025\/06\/recerca-obra-grafica-1.jpg\" alt=\"\"> \n\t\t\t\t          \t\t\t<\/a>\n                                                                        <figcaption class=\"custom-caption\"><\/figcaption>\n                                <\/figure>\n                                                    <\/div>\n\n                    \n                        \n                        <div class=\"swiper-slide\">\n                                                            <figure>\n                                    <a data-fancybox=\"gallery-69da1fb1d8075\" data-src=\"https:\/\/www.salvador-dali.org\/wp-content\/uploads\/2025\/06\/recerca-obra-grafica-2.jpg\" data-caption=\"\">\n                                        <img decoding=\"async\" src=\"https:\/\/www.salvador-dali.org\/wp-content\/uploads\/2025\/06\/recerca-obra-grafica-2.jpg\" alt=\"\"> \n\t\t\t\t          \t\t\t<\/a>\n                                                                        <figcaption class=\"custom-caption\"><\/figcaption>\n                                <\/figure>\n                                                    <\/div>\n\n                    \n                        \n                        <div class=\"swiper-slide\">\n                                                            <figure>\n                                    <a data-fancybox=\"gallery-69da1fb1d8075\" data-src=\"https:\/\/www.salvador-dali.org\/wp-content\/uploads\/2025\/06\/recerca-obra-grafica-3.jpg\" data-caption=\"\">\n                                        <img decoding=\"async\" src=\"https:\/\/www.salvador-dali.org\/wp-content\/uploads\/2025\/06\/recerca-obra-grafica-3.jpg\" alt=\"\"> \n\t\t\t\t          \t\t\t<\/a>\n                                                                        <figcaption class=\"custom-caption\"><\/figcaption>\n                                <\/figure>\n                                                    <\/div>\n\n                    \n                        \n                        <div class=\"swiper-slide\">\n                                                            <figure>\n                                    <a data-fancybox=\"gallery-69da1fb1d8075\" data-src=\"https:\/\/www.salvador-dali.org\/wp-content\/uploads\/2025\/07\/05_SurrealisticFlowergirl_ZICRosa10x_FotolitoOffset_Lito_Gravat.jpg\" data-caption=\"Binocular magnifier detail of \u2018Surrealistic flower girl\u2019 from the series &lt;em&gt;Memories of Surrealism&lt;\/em&gt;, 1971 \u00a9 Salvador Dal\u00ed, Gala-Salvador Dal\u00ed Foundation, Figueres, 2025\">\n                                        <img decoding=\"async\" src=\"https:\/\/www.salvador-dali.org\/wp-content\/uploads\/2025\/07\/05_SurrealisticFlowergirl_ZICRosa10x_FotolitoOffset_Lito_Gravat-1024x760.jpg\" alt=\"Binocular magnifier detail of \u2018Surrealistic flower girl\u2019 from the series Memories of Surrealism, 1971 \u00a9 Salvador Dal\u00ed, Gala-Salvador Dal\u00ed Foundation, Figueres, 2025\"> \n\t\t\t\t          \t\t\t<\/a>\n                                                                        <figcaption class=\"custom-caption\">Binocular magnifier detail of \u2018Surrealistic flower girl\u2019 from the series &lt;em&gt;Memories of Surrealism&lt;\/em&gt;, 1971 \u00a9 Salvador Dal\u00ed, Gala-Salvador Dal\u00ed Foundation, Figueres, 2025<\/figcaption>\n                                <\/figure>\n                                                    <\/div>\n\n                                    <\/div>\n                <!-- Swiper navigation buttons -->\n                <div class=\"swiper-button-prev\">\n                    <span class=\"screen-reader-text\">Previous slide<\/span>\n                <\/div>\n                <div class=\"swiper-button-next\">\n                    <span class=\"screen-reader-text\">Nest slide<\/span>\n                <\/div>\n            <\/div>\n        <\/div>\n    <\/div>\n\n\n\n<!-- Swiper JS -->\n<script src=\"https:\/\/cdn.jsdelivr.net\/npm\/swiper@11\/swiper-bundle.min.js\"><\/script>\n\n<!-- Initialize Swiper -->\n<script>\n\njQuery( document ).ready(function() {      \n\n    Tipus = 'intro-images';\n\n    updateSpaceBetween();\n    spaceBetweenInicial = 60;\n    \n    if (Tipus=='intro-images' ) {\n    \/\/    spaceBetweenValueModul = 0;\n    }\n\n\n\n    console.log(\"spaceBetweenValueModul\",spaceBetweenValueModul);\n\n    var swiper = new Swiper(\"#swiper-69da1fb1d8075\", {\n      slidesPerView: \"auto\",\n      spaceBetween: spaceBetweenInicial,\n      \tfreeMode: true,\n\t  \tbreakpoints: {\n\t        \/\/ Quan l'amplada de la pantalla sigui major a 1024px\n\t        1024: {\n\t            spaceBetween: spaceBetweenValue,\n\t        },\n\t    },\n        \/\/ Navigation arrows\n        navigation: {\n            nextEl: '.swiper-button-next',\n            prevEl: '.swiper-button-prev',\n        },\n        mousewheel: {\n            releaseOnEdges: true,\n            forceToAxis: true,\n            sensitivity:    1,\n        },\n        a11y: {\n            prevSlideMessage: 'Previous slide',\n            nextSlideMessage: 'Nest slide',\n        },\n    });\n\n\n \n\n\n    \/*\n    jQuery('.bloc-destacats').each(function() {\n        const nextDiv = jQuery(this).next('div');\n        if (nextDiv.hasClass('contingut-ampliat')) {\n            console.log('T\u00e9 .contingut-ampliat despr\u00e9s');\n            \/\/ Aqu\u00ed pots fer accions, per exemple:\n            \/\/ $nextDiv.addClass('marcat'); o $(this).append($nextDiv);\n        }\n    });\n    *\/\n})\n<\/script>\n\n","protected":false},"excerpt":{"rendered":"<p>Salvador Dal\u00ed\u2019s graphic work spanned his entire career. It consists of an extensive and highly varied oeuvre created using a variety of processes and techniques that bear witness to the breadth of the artist\u2019s vision, his creativity and, also, his collaboration with master publishers and printers.<\/p>\n","protected":false},"author":3,"featured_media":2115,"parent":7622,"menu_order":1,"comment_status":"closed","ping_status":"closed","template":"","meta":{"_acf_changed":false,"_coblocks_attr":"","_coblocks_dimensions":"","_coblocks_responsive_height":"","_coblocks_accordion_ie_support":"","footnotes":""},"categories":[],"tags":[],"class_list":["post-7628","page","type-page","status-publish","has-post-thumbnail","hentry"],"acf":[],"yoast_head":"<!-- This site is optimized with the Yoast SEO plugin v27.3 - https:\/\/yoast.com\/product\/yoast-seo-wordpress\/ -->\n<title>Research project on the graphic work - Fundaci\u00f3 Gala - Salvador Dal\u00ed<\/title>\n<meta name=\"robots\" content=\"index, follow, max-snippet:-1, max-image-preview:large, max-video-preview:-1\" \/>\n<link rel=\"canonical\" href=\"https:\/\/www.salvador-dali.org\/en\/artwork\/conservation-and-restoration\/research-project-on-the-graphic-work\/\" \/>\n<meta property=\"og:locale\" content=\"en_US\" \/>\n<meta property=\"og:type\" content=\"article\" \/>\n<meta property=\"og:title\" content=\"Research project on the graphic work - Fundaci\u00f3 Gala - Salvador Dal\u00ed\" \/>\n<meta property=\"og:description\" content=\"Salvador Dal\u00ed\u2019s graphic work spanned his entire career. It consists of an extensive and highly varied oeuvre created using a variety of processes and techniques that bear witness to the breadth of the artist\u2019s vision, his creativity and, also, his collaboration with master publishers and printers.\" \/>\n<meta property=\"og:url\" content=\"https:\/\/www.salvador-dali.org\/en\/artwork\/conservation-and-restoration\/research-project-on-the-graphic-work\/\" \/>\n<meta property=\"og:site_name\" content=\"Fundaci\u00f3 Gala - Salvador Dal\u00ed\" \/>\n<meta property=\"article:publisher\" content=\"https:\/\/www.facebook.com\/MuseusDali\" \/>\n<meta property=\"article:modified_time\" content=\"2025-07-03T12:45:08+00:00\" \/>\n<meta property=\"og:image\" content=\"https:\/\/www.salvador-dali.org\/wp-content\/uploads\/2025\/03\/dsc_8178_editora_77_10_7_800.jpg\" \/>\n\t<meta property=\"og:image:width\" content=\"800\" \/>\n\t<meta property=\"og:image:height\" content=\"675\" \/>\n\t<meta property=\"og:image:type\" content=\"image\/jpeg\" \/>\n<meta name=\"twitter:card\" content=\"summary_large_image\" \/>\n<meta name=\"twitter:site\" content=\"@MuseuDali\" \/>\n<meta name=\"twitter:label1\" content=\"Est. reading time\" \/>\n\t<meta name=\"twitter:data1\" content=\"1 minute\" \/>\n<script type=\"application\/ld+json\" class=\"yoast-schema-graph\">{\"@context\":\"https:\\\/\\\/schema.org\",\"@graph\":[{\"@type\":\"WebPage\",\"@id\":\"https:\\\/\\\/www.salvador-dali.org\\\/en\\\/artwork\\\/conservation-and-restoration\\\/research-project-on-the-graphic-work\\\/\",\"url\":\"https:\\\/\\\/www.salvador-dali.org\\\/en\\\/artwork\\\/conservation-and-restoration\\\/research-project-on-the-graphic-work\\\/\",\"name\":\"Research project on the graphic work - Fundaci\u00f3 Gala - Salvador Dal\u00ed\",\"isPartOf\":{\"@id\":\"https:\\\/\\\/www.salvador-dali.org\\\/en\\\/#website\"},\"primaryImageOfPage\":{\"@id\":\"https:\\\/\\\/www.salvador-dali.org\\\/en\\\/artwork\\\/conservation-and-restoration\\\/research-project-on-the-graphic-work\\\/#primaryimage\"},\"image\":{\"@id\":\"https:\\\/\\\/www.salvador-dali.org\\\/en\\\/artwork\\\/conservation-and-restoration\\\/research-project-on-the-graphic-work\\\/#primaryimage\"},\"thumbnailUrl\":\"https:\\\/\\\/www.salvador-dali.org\\\/wp-content\\\/uploads\\\/2025\\\/03\\\/dsc_8178_editora_77_10_7_800.jpg\",\"datePublished\":\"2025-03-14T13:01:27+00:00\",\"dateModified\":\"2025-07-03T12:45:08+00:00\",\"breadcrumb\":{\"@id\":\"https:\\\/\\\/www.salvador-dali.org\\\/en\\\/artwork\\\/conservation-and-restoration\\\/research-project-on-the-graphic-work\\\/#breadcrumb\"},\"inLanguage\":\"en-US\",\"potentialAction\":[{\"@type\":\"ReadAction\",\"target\":[\"https:\\\/\\\/www.salvador-dali.org\\\/en\\\/artwork\\\/conservation-and-restoration\\\/research-project-on-the-graphic-work\\\/\"]}]},{\"@type\":\"ImageObject\",\"inLanguage\":\"en-US\",\"@id\":\"https:\\\/\\\/www.salvador-dali.org\\\/en\\\/artwork\\\/conservation-and-restoration\\\/research-project-on-the-graphic-work\\\/#primaryimage\",\"url\":\"https:\\\/\\\/www.salvador-dali.org\\\/wp-content\\\/uploads\\\/2025\\\/03\\\/dsc_8178_editora_77_10_7_800.jpg\",\"contentUrl\":\"https:\\\/\\\/www.salvador-dali.org\\\/wp-content\\\/uploads\\\/2025\\\/03\\\/dsc_8178_editora_77_10_7_800.jpg\",\"width\":800,\"height\":675,\"caption\":\"Observation with binocular magnifier for the technical identification of the work Rhinoc\u00e9ros (1968) \u00a9 Salvador Dal\u00ed, Gala-Salvador Dal\u00ed Foundation, Figueres, 2025\"},{\"@type\":\"BreadcrumbList\",\"@id\":\"https:\\\/\\\/www.salvador-dali.org\\\/en\\\/artwork\\\/conservation-and-restoration\\\/research-project-on-the-graphic-work\\\/#breadcrumb\",\"itemListElement\":[{\"@type\":\"ListItem\",\"position\":1,\"name\":\"Inici\",\"item\":\"https:\\\/\\\/www.salvador-dali.org\\\/en\\\/\"},{\"@type\":\"ListItem\",\"position\":2,\"name\":\"Research project on the graphic work\"}]},{\"@type\":\"WebSite\",\"@id\":\"https:\\\/\\\/www.salvador-dali.org\\\/en\\\/#website\",\"url\":\"https:\\\/\\\/www.salvador-dali.org\\\/en\\\/\",\"name\":\"Fundaci\u00f3 Gala - Salvador Dal\u00ed\",\"description\":\"\",\"publisher\":{\"@id\":\"https:\\\/\\\/www.salvador-dali.org\\\/en\\\/#organization\"},\"potentialAction\":[{\"@type\":\"SearchAction\",\"target\":{\"@type\":\"EntryPoint\",\"urlTemplate\":\"https:\\\/\\\/www.salvador-dali.org\\\/en\\\/?s={search_term_string}\"},\"query-input\":{\"@type\":\"PropertyValueSpecification\",\"valueRequired\":true,\"valueName\":\"search_term_string\"}}],\"inLanguage\":\"en-US\"},{\"@type\":\"Organization\",\"@id\":\"https:\\\/\\\/www.salvador-dali.org\\\/en\\\/#organization\",\"name\":\"Fundaci\u00f3 Gala - Salvador Dal\u00ed\",\"url\":\"https:\\\/\\\/www.salvador-dali.org\\\/en\\\/\",\"logo\":{\"@type\":\"ImageObject\",\"inLanguage\":\"en-US\",\"@id\":\"https:\\\/\\\/www.salvador-dali.org\\\/en\\\/#\\\/schema\\\/logo\\\/image\\\/\",\"url\":\"https:\\\/\\\/www.salvador-dali.org\\\/wp-content\\\/uploads\\\/2025\\\/04\\\/fundacio-gala-salvador-dali.png\",\"contentUrl\":\"https:\\\/\\\/www.salvador-dali.org\\\/wp-content\\\/uploads\\\/2025\\\/04\\\/fundacio-gala-salvador-dali.png\",\"width\":240,\"height\":240,\"caption\":\"Fundaci\u00f3 Gala - Salvador Dal\u00ed\"},\"image\":{\"@id\":\"https:\\\/\\\/www.salvador-dali.org\\\/en\\\/#\\\/schema\\\/logo\\\/image\\\/\"},\"sameAs\":[\"https:\\\/\\\/www.facebook.com\\\/MuseusDali\",\"https:\\\/\\\/x.com\\\/MuseuDali\",\"https:\\\/\\\/www.youtube.com\\\/user\\\/FundacioDali\",\"https:\\\/\\\/www.flickr.com\\\/fundacio_dali\\\/\",\"https:\\\/\\\/instagram.com\\\/museudali\"]}]}<\/script>\n<!-- \/ Yoast SEO plugin. -->","yoast_head_json":{"title":"Research project on the graphic work - Fundaci\u00f3 Gala - Salvador Dal\u00ed","robots":{"index":"index","follow":"follow","max-snippet":"max-snippet:-1","max-image-preview":"max-image-preview:large","max-video-preview":"max-video-preview:-1"},"canonical":"https:\/\/www.salvador-dali.org\/en\/artwork\/conservation-and-restoration\/research-project-on-the-graphic-work\/","og_locale":"en_US","og_type":"article","og_title":"Research project on the graphic work - Fundaci\u00f3 Gala - Salvador Dal\u00ed","og_description":"Salvador Dal\u00ed\u2019s graphic work spanned his entire career. It consists of an extensive and highly varied oeuvre created using a variety of processes and techniques that bear witness to the breadth of the artist\u2019s vision, his creativity and, also, his collaboration with master publishers and printers.","og_url":"https:\/\/www.salvador-dali.org\/en\/artwork\/conservation-and-restoration\/research-project-on-the-graphic-work\/","og_site_name":"Fundaci\u00f3 Gala - Salvador Dal\u00ed","article_publisher":"https:\/\/www.facebook.com\/MuseusDali","article_modified_time":"2025-07-03T12:45:08+00:00","og_image":[{"width":800,"height":675,"url":"https:\/\/www.salvador-dali.org\/wp-content\/uploads\/2025\/03\/dsc_8178_editora_77_10_7_800.jpg","type":"image\/jpeg"}],"twitter_card":"summary_large_image","twitter_site":"@MuseuDali","twitter_misc":{"Est. reading time":"1 minute"},"schema":{"@context":"https:\/\/schema.org","@graph":[{"@type":"WebPage","@id":"https:\/\/www.salvador-dali.org\/en\/artwork\/conservation-and-restoration\/research-project-on-the-graphic-work\/","url":"https:\/\/www.salvador-dali.org\/en\/artwork\/conservation-and-restoration\/research-project-on-the-graphic-work\/","name":"Research project on the graphic work - Fundaci\u00f3 Gala - Salvador Dal\u00ed","isPartOf":{"@id":"https:\/\/www.salvador-dali.org\/en\/#website"},"primaryImageOfPage":{"@id":"https:\/\/www.salvador-dali.org\/en\/artwork\/conservation-and-restoration\/research-project-on-the-graphic-work\/#primaryimage"},"image":{"@id":"https:\/\/www.salvador-dali.org\/en\/artwork\/conservation-and-restoration\/research-project-on-the-graphic-work\/#primaryimage"},"thumbnailUrl":"https:\/\/www.salvador-dali.org\/wp-content\/uploads\/2025\/03\/dsc_8178_editora_77_10_7_800.jpg","datePublished":"2025-03-14T13:01:27+00:00","dateModified":"2025-07-03T12:45:08+00:00","breadcrumb":{"@id":"https:\/\/www.salvador-dali.org\/en\/artwork\/conservation-and-restoration\/research-project-on-the-graphic-work\/#breadcrumb"},"inLanguage":"en-US","potentialAction":[{"@type":"ReadAction","target":["https:\/\/www.salvador-dali.org\/en\/artwork\/conservation-and-restoration\/research-project-on-the-graphic-work\/"]}]},{"@type":"ImageObject","inLanguage":"en-US","@id":"https:\/\/www.salvador-dali.org\/en\/artwork\/conservation-and-restoration\/research-project-on-the-graphic-work\/#primaryimage","url":"https:\/\/www.salvador-dali.org\/wp-content\/uploads\/2025\/03\/dsc_8178_editora_77_10_7_800.jpg","contentUrl":"https:\/\/www.salvador-dali.org\/wp-content\/uploads\/2025\/03\/dsc_8178_editora_77_10_7_800.jpg","width":800,"height":675,"caption":"Observation with binocular magnifier for the technical identification of the work Rhinoc\u00e9ros (1968) \u00a9 Salvador Dal\u00ed, Gala-Salvador Dal\u00ed Foundation, Figueres, 2025"},{"@type":"BreadcrumbList","@id":"https:\/\/www.salvador-dali.org\/en\/artwork\/conservation-and-restoration\/research-project-on-the-graphic-work\/#breadcrumb","itemListElement":[{"@type":"ListItem","position":1,"name":"Inici","item":"https:\/\/www.salvador-dali.org\/en\/"},{"@type":"ListItem","position":2,"name":"Research project on the graphic work"}]},{"@type":"WebSite","@id":"https:\/\/www.salvador-dali.org\/en\/#website","url":"https:\/\/www.salvador-dali.org\/en\/","name":"Fundaci\u00f3 Gala - Salvador Dal\u00ed","description":"","publisher":{"@id":"https:\/\/www.salvador-dali.org\/en\/#organization"},"potentialAction":[{"@type":"SearchAction","target":{"@type":"EntryPoint","urlTemplate":"https:\/\/www.salvador-dali.org\/en\/?s={search_term_string}"},"query-input":{"@type":"PropertyValueSpecification","valueRequired":true,"valueName":"search_term_string"}}],"inLanguage":"en-US"},{"@type":"Organization","@id":"https:\/\/www.salvador-dali.org\/en\/#organization","name":"Fundaci\u00f3 Gala - Salvador Dal\u00ed","url":"https:\/\/www.salvador-dali.org\/en\/","logo":{"@type":"ImageObject","inLanguage":"en-US","@id":"https:\/\/www.salvador-dali.org\/en\/#\/schema\/logo\/image\/","url":"https:\/\/www.salvador-dali.org\/wp-content\/uploads\/2025\/04\/fundacio-gala-salvador-dali.png","contentUrl":"https:\/\/www.salvador-dali.org\/wp-content\/uploads\/2025\/04\/fundacio-gala-salvador-dali.png","width":240,"height":240,"caption":"Fundaci\u00f3 Gala - Salvador Dal\u00ed"},"image":{"@id":"https:\/\/www.salvador-dali.org\/en\/#\/schema\/logo\/image\/"},"sameAs":["https:\/\/www.facebook.com\/MuseusDali","https:\/\/x.com\/MuseuDali","https:\/\/www.youtube.com\/user\/FundacioDali","https:\/\/www.flickr.com\/fundacio_dali\/","https:\/\/instagram.com\/museudali"]}]}},"_links":{"self":[{"href":"https:\/\/www.salvador-dali.org\/en\/wp-json\/wp\/v2\/pages\/7628","targetHints":{"allow":["GET"]}}],"collection":[{"href":"https:\/\/www.salvador-dali.org\/en\/wp-json\/wp\/v2\/pages"}],"about":[{"href":"https:\/\/www.salvador-dali.org\/en\/wp-json\/wp\/v2\/types\/page"}],"author":[{"embeddable":true,"href":"https:\/\/www.salvador-dali.org\/en\/wp-json\/wp\/v2\/users\/3"}],"replies":[{"embeddable":true,"href":"https:\/\/www.salvador-dali.org\/en\/wp-json\/wp\/v2\/comments?post=7628"}],"version-history":[{"count":0,"href":"https:\/\/www.salvador-dali.org\/en\/wp-json\/wp\/v2\/pages\/7628\/revisions"}],"up":[{"embeddable":true,"href":"https:\/\/www.salvador-dali.org\/en\/wp-json\/wp\/v2\/pages\/7622"}],"wp:featuredmedia":[{"embeddable":true,"href":"https:\/\/www.salvador-dali.org\/en\/wp-json\/wp\/v2\/media\/2115"}],"wp:attachment":[{"href":"https:\/\/www.salvador-dali.org\/en\/wp-json\/wp\/v2\/media?parent=7628"}],"wp:term":[{"taxonomy":"category","embeddable":true,"href":"https:\/\/www.salvador-dali.org\/en\/wp-json\/wp\/v2\/categories?post=7628"},{"taxonomy":"post_tag","embeddable":true,"href":"https:\/\/www.salvador-dali.org\/en\/wp-json\/wp\/v2\/tags?post=7628"}],"curies":[{"name":"wp","href":"https:\/\/api.w.org\/{rel}","templated":true}]}}