{"id":7708,"date":"2025-02-26T16:54:22","date_gmt":"2025-02-26T14:54:22","guid":{"rendered":"https:\/\/www.salvador-dali.org\/dali-i-gala\/dali-artista-total\/moda\/"},"modified":"2025-07-01T16:07:21","modified_gmt":"2025-07-01T14:07:21","slug":"fashion","status":"publish","type":"page","link":"https:\/\/www.salvador-dali.org\/en\/dali-and-gala\/dali-the-total-artist\/fashion\/","title":{"rendered":"Fashion"},"content":{"rendered":"\n<div class=\"wp-block-columns global-column is-layout-flex wp-container-core-columns-is-layout-9d6595d7 wp-block-columns-is-layout-flex\">\n<div class=\"wp-block-column is-layout-flow wp-block-column-is-layout-flow\">\n<p class=\"wp-block-custom-entradeta entradeta\">His collaborations with leading figures such as Elsa Schiaparelli, with whom he co-created pieces that went on to become landmarks in the history of 20th-century fashion, are famous. He also worked closely with such major names as Coco Chanel, Christian Dior and Jean Dess\u00e8s, amongst many others. But Dal\u00ed did not limit himself to designing dresses or haute couture. He also helped design and create fabrics, accessories and packaging for consumer goods. In the field of the specialized press, he collaborated on editorials for some of the most prestigious publications in the industry, such as <em>Vogue<\/em> and <em>Harper\u2019s Bazaar<\/em>. Even after his death, in 1989, his influence remains quite notable. Maison Schiaparelli, Dior and Paco Rabanne are some of the houses that continue to find inspiration in Dal\u00ed and, in so doing, help to ensure that his legacy in the fashion world lives on.<\/p>\n\n\n\n\n<script>var is_masonry=false;<\/script>\t\t\t\t\t<div class=\"swiper coeli-swiper-heritageobject coeli-swiper-agrupacions coeli-swiper-7485\" \t\t\t\tid=\"coeli-swiper-7485\">\n\t\t\t\t<!-- Additional required wrapper -->\n\t\t\t\t<ul class=\"swiper-wrapper coeli-result-list\" id=\"coeli-ul-agrupacio-7485\">\n\t\t\t\t\t<!-- Slides -->\n\t\t\t\t\t\t\t\t\t\t\t<li id=\"5230-29df\"\n\t\t\t\t\t\t\tclass=\"swiper-slide s-3 t-1 m-3\"><a href=\"https:\/\/www.salvador-dali.org\/heritageobject\/5230-29df\/\"><figure class=\"image portraitmedia-medium\"><img decoding=\"async\" alt=\"\" src=\"https:\/\/d1i5r06pd82mff.cloudfront.net\/public\/DigitalAsset\/a3238c3d-ba90-cd83-2bce-4c3cb9fdd91e\/6b594f9f9bcea28720480ab859f293a1\/full\/medium\/0\/default.jpg\"><\/figure><p class=\"coeli-title\">Gala with Elsa Schiaparelli\u2019s Shoe-hat inspired by a Salvador Dal\u00ed design<\/p><p class=\"coeli-production-actorsinrole-actors\">Caillet, Andr\u00e9, Par\u00eds<\/p><p class=\"coeli-production-date\">1938<\/p><\/a><\/li>\n\t\t\t\t\t\t\t\t\t\t\t<li id=\"54456\"\n\t\t\t\t\t\t\tclass=\"swiper-slide s-3 t-1 m-3\"><a href=\"https:\/\/www.salvador-dali.org\/heritageobject\/54456\/\"><figure class=\"image portraitmedia-medium\"><img decoding=\"async\" alt=\"\" src=\"https:\/\/d1i5r06pd82mff.cloudfront.net\/public\/DigitalAsset\/35e9d811-9741-b04e-aecf-f12a835d4dc2\/b80d60c0a091b9db848653feb09a237e\/full\/medium\/0\/default.jpg\"><\/figure><p class=\"coeli-title\">Vogue<\/p><p class=\"coeli-production-actorsinrole-actors\">Dal\u00ed, Salvador<\/p><p class=\"coeli-production-date\">1939<\/p><\/a><\/li>\n\t\t\t\t\t\t\t\t\t\t\t<li id=\"3996\"\n\t\t\t\t\t\t\tclass=\"swiper-slide s-3 t-1 m-3\"><a href=\"https:\/\/www.salvador-dali.org\/heritageobject\/3996\/\"><figure class=\"image portraitmedia-medium\"><img decoding=\"async\" alt=\"\" src=\"https:\/\/d1i5r06pd82mff.cloudfront.net\/public\/DigitalAsset\/GASULL_PUBOL_DIG_2026_3539\/c0b7a603a2e5f15210b16343e30d1c9c\/full\/medium\/0\/default.jpg\"><\/figure><p class=\"coeli-title\">Matching dress and jacket with trompe-l\u2019\u0153il print by Salvador Dal\u00ed<\/p><p class=\"coeli-production-date\">c. 1948<\/p><\/a><\/li>\n\t\t\t\t\t\t\t\t\t\t\t<li id=\"3995\"\n\t\t\t\t\t\t\tclass=\"swiper-slide s-3 t-1 m-3\"><a href=\"https:\/\/www.salvador-dali.org\/heritageobject\/3995\/\"><figure class=\"image portraitmedia-medium\"><img decoding=\"async\" alt=\"\" src=\"https:\/\/d1i5r06pd82mff.cloudfront.net\/public\/DigitalAsset\/GASULL_PUBOL_DIG_2026_3508\/1b724c881c1819d8980c471177ba5961\/full\/medium\/0\/default.jpg\"><\/figure><p class=\"coeli-title\">Cocktail outfit with print of a Salvador Dal\u00ed lithograph from the series &#8220;Pages choisies de Don Quichotte de la Manche&#8221; of 1957<\/p><p class=\"coeli-production-actorsinrole-actors\">Jean Dess\u00e8s, Dal\u00ed i Dom\u00e8nech, Salvador<\/p><p class=\"coeli-production-date\">c. 1960<\/p><\/a><\/li>\n\t\t\t\t\t\t\t\t\t<\/ul>\n\t\t\t\t\t\t\t\t\t\t\t\t\t<!-- If we need navigation buttons -->\n\t\t\t\t\t<div class=\"swiper-button-prev coeli-swiper-prev-7485\"><\/div>\n\t\t\t\t\t<div class=\"swiper-button-next coeli-swiper-next-7485\"><\/div>\n\t\t\t\t\t\t\t<\/div>\n\t\t\t<script>\n\t\t\t\tvar slider_args_7485= {\n\t\t\t\t\t\/\/ Optional parameters\n\t\t\t\t\tdirection: 'horizontal',\n\t\t\t\t\tbreakpoints: {\n\t\t\t\t\t\t640: {\n\t\t\t\t\t\t\tslidesPerView: 1,\n\t\t\t\t\t\t\tspaceBetween: 0,\n\t\t\t\t\t\t},\n\t\t\t\t\t\t768: {\n\t\t\t\t\t\t\tslidesPerView: 1,\n\t\t\t\t\t\t\tspaceBetween: 0,\n\t\t\t\t\t\t},\n\t\t\t\t\t\t1024: {\n\t\t\t\t\t\t\tslidesPerView: 3,\n\t\t\t\t\t\t\tspaceBetween: 0,\n\t\t\t\t\t\t},\n\t\t\t\t\t},\n\t\t\t\t\t\t\t\t\t\tautoplay: {\n\t\t\t\t\t\tdelay: 3000000,\n\t\t\t\t\t\tdisableOnInteraction: false,\n\t\t\t\t\t},\n\t\t\t\t\t\t\t\t\t\t\t\t\t\t\t\t\t\t\t\tspeed: 3000000,\n\t\t\t\t\t\t\t\t\t\tloop: false,\n\t\t\t\t\t\/\/ If we need pagination\n\t\t\t\t\tpagination: {\n\t\t\t\t\t\tel: '.swiper-pagination-7485',\n\t\t\t\t\t},\n\t\t\t\t\t\/\/ Navigation arrows\n\t\t\t\t\tnavigation: {\n\t\t\t\t\t\tnextEl: '.coeli-swiper-next-7485',\n\t\t\t\t\t\tprevEl: '.coeli-swiper-prev-7485',\n\t\t\t\t\t}\n\t\t\t\t}\n\t\t\t<\/script>\n\t\t<\/div>\n<\/div>\n\n\n    <div  class=\"wp-block-columns swiper-column   destacat bloc-destacats \" style=\"background-image: linear-gradient(to right, white, white)\">\n        <div class=\"wp-block-column\">\n            <div id=\"swiper-69dc410f6f0a1\" class=\"swiper destacats dues\" >\n                <div class=\"swiper-wrapper\">\n\n                                            <div class=\"swiper-slide intro\">\n                            <h2>More about the total artist<\/h2>\n                            <div class=\"descripcio\"><p>Continue to discover the genius\u2019s many facets. Painting, graphic work, sculpture and three-dimensional work, drawing, writing, film and fashion: Salvador Dal\u00ed turned each discipline into a singular means of expression. With overflowing creativity, he pushed the boundaries of art and thought. Explore how this manifested in his unique universe in each language he made his own.<\/p>\n<\/div>\n                        <\/div>\n                    \n\n                    \n                        \n                        <div class=\"swiper-slide\">\n                                                            <div class=\"banner\" style=\"background-image: url(https:\/\/www.salvador-dali.org\/wp-content\/uploads\/2025\/02\/2642-1024x785.jpg)\">\n                                                                            <ul class=\"context\">\n                                            <li class=\"context__item\" aria-label=\"hidden\">                                            <\/li>\n                                        <\/ul>\n                                    \n                                    <h3 class=\"titol\">Painting<\/h3>\n                                        \n                                    <div class=\"button fletxa\"><a href=\"https:\/\/www.salvador-dali.org\/en\/dali-and-gala\/dali-the-total-artist\/painting\/\">More information<\/a><\/div>\n\n                                    \n                                <\/div>\n                                                    <\/div>\n\n                    \n                        \n                        <div class=\"swiper-slide\">\n                                                            <div class=\"banner\" style=\"background-image: url(https:\/\/www.salvador-dali.org\/wp-content\/uploads\/2025\/07\/10981-large-1-997x1024.jpg)\">\n                                                                            <ul class=\"context\">\n                                            <li class=\"context__item\" aria-label=\"hidden\">                                            <\/li>\n                                        <\/ul>\n                                    \n                                    <h3 class=\"titol\">Graphic work<\/h3>\n                                        \n                                    <div class=\"button fletxa\"><a href=\"https:\/\/www.salvador-dali.org\/en\/dali-and-gala\/dali-the-total-artist\/graphic-work\/\">More information<\/a><\/div>\n\n                                    \n                                <\/div>\n                                                    <\/div>\n\n                    \n                        \n                        <div class=\"swiper-slide\">\n                                                            <div class=\"banner\" style=\"background-image: url(https:\/\/www.salvador-dali.org\/wp-content\/uploads\/2025\/03\/A-DEMANAR-A-GETTY-1024x675.jpg)\">\n                                                                            <ul class=\"context\">\n                                            <li class=\"context__item\" aria-label=\"hidden\">                                            <\/li>\n                                        <\/ul>\n                                    \n                                    <h3 class=\"titol\">Sculpture and three-dimensional work<\/h3>\n                                        \n                                    <div class=\"button fletxa\"><a href=\"https:\/\/www.salvador-dali.org\/en\/dali-and-gala\/dali-the-total-artist\/sculpture\/\">More information<\/a><\/div>\n\n                                    \n                                <\/div>\n                                                    <\/div>\n\n                    \n                        \n                        <div class=\"swiper-slide\">\n                                                            <div class=\"banner\" style=\"background-image: url(https:\/\/www.salvador-dali.org\/wp-content\/uploads\/2025\/05\/47835-1024x931.jpg)\">\n                                                                            <ul class=\"context\">\n                                            <li class=\"context__item\" aria-label=\"hidden\">                                            <\/li>\n                                        <\/ul>\n                                    \n                                    <h3 class=\"titol\">Fashion<\/h3>\n                                        \n                                    <div class=\"button fletxa\"><a href=\"https:\/\/www.salvador-dali.org\/en\/dali-and-gala\/dali-the-total-artist\/fashion\/\">More information<\/a><\/div>\n\n                                    \n                                <\/div>\n                                                    <\/div>\n\n                    \n                        \n                        <div class=\"swiper-slide\">\n                                                            <div class=\"banner\" style=\"background-image: url(https:\/\/www.salvador-dali.org\/wp-content\/uploads\/2025\/02\/5068-e1747042033255.jpg)\">\n                                                                            <ul class=\"context\">\n                                            <li class=\"context__item\" aria-label=\"hidden\">                                            <\/li>\n                                        <\/ul>\n                                    \n                                    <h3 class=\"titol\">Written work<\/h3>\n                                        \n                                    <div class=\"button fletxa\"><a href=\"https:\/\/www.salvador-dali.org\/en\/dali-and-gala\/dali-the-total-artist\/written-work\/\">More information<\/a><\/div>\n\n                                    \n                                <\/div>\n                                                    <\/div>\n\n                    \n                        \n                        <div class=\"swiper-slide\">\n                                                            <div class=\"banner\" style=\"background-image: url(https:\/\/www.salvador-dali.org\/wp-content\/uploads\/2025\/02\/65089-779x1024.jpg)\">\n                                                                            <ul class=\"context\">\n                                            <li class=\"context__item\" aria-label=\"hidden\">                                            <\/li>\n                                        <\/ul>\n                                    \n                                    <h3 class=\"titol\">Drawing<\/h3>\n                                        \n                                    <div class=\"button fletxa\"><a href=\"https:\/\/www.salvador-dali.org\/en\/dali-and-gala\/dali-the-total-artist\/drawing\/\">More information<\/a><\/div>\n\n                                    \n                                <\/div>\n                                                    <\/div>\n\n                    \n                        \n                        <div class=\"swiper-slide\">\n                                                            <div class=\"banner\" style=\"background-image: url(https:\/\/www.salvador-dali.org\/wp-content\/uploads\/2025\/05\/3-1-1024x819.jpg)\">\n                                                                            <ul class=\"context\">\n                                            <li class=\"context__item\" aria-label=\"hidden\">                                            <\/li>\n                                        <\/ul>\n                                    \n                                    <h3 class=\"titol\">Film<\/h3>\n                                        \n                                    <div class=\"button fletxa\"><a href=\"https:\/\/www.salvador-dali.org\/en\/dali-and-gala\/dali-the-total-artist\/film\/\">More information<\/a><\/div>\n\n                                    \n                                <\/div>\n                                                    <\/div>\n\n                                    <\/div>\n                <!-- Swiper navigation buttons -->\n                <div class=\"swiper-button-prev\">\n                    <span class=\"screen-reader-text\">Previous slide<\/span>\n                <\/div>\n                <div class=\"swiper-button-next\">\n                    <span class=\"screen-reader-text\">Nest slide<\/span>\n                <\/div>\n            <\/div>\n        <\/div>\n    <\/div>\n\n\n\n<!-- Swiper JS -->\n<script src=\"https:\/\/cdn.jsdelivr.net\/npm\/swiper@11\/swiper-bundle.min.js\"><\/script>\n\n<!-- Initialize Swiper -->\n<script>\n\njQuery( document ).ready(function() {      \n\n    Tipus = 'destacat';\n\n    updateSpaceBetween();\n    spaceBetweenInicial = 60;\n    \n    if (Tipus=='intro-images' ) {\n    \/\/    spaceBetweenValueModul = 0;\n    }\n\n\n\n    console.log(\"spaceBetweenValueModul\",spaceBetweenValueModul);\n\n    var swiper = new Swiper(\"#swiper-69dc410f6f0a1\", {\n      slidesPerView: \"auto\",\n      spaceBetween: spaceBetweenInicial,\n      \tfreeMode: true,\n\t  \tbreakpoints: {\n\t        \/\/ Quan l'amplada de la pantalla sigui major a 1024px\n\t        1024: {\n\t            spaceBetween: spaceBetweenValue,\n\t        },\n\t    },\n        \/\/ Navigation arrows\n        navigation: {\n            nextEl: '.swiper-button-next',\n            prevEl: '.swiper-button-prev',\n        },\n        mousewheel: {\n            releaseOnEdges: true,\n            forceToAxis: true,\n            sensitivity:    1,\n        },\n        a11y: {\n            prevSlideMessage: 'Previous slide',\n            nextSlideMessage: 'Nest slide',\n        },\n    });\n\n\n \n\n\n    \/*\n    jQuery('.bloc-destacats').each(function() {\n        const nextDiv = jQuery(this).next('div');\n        if (nextDiv.hasClass('contingut-ampliat')) {\n            console.log('T\u00e9 .contingut-ampliat despr\u00e9s');\n            \/\/ Aqu\u00ed pots fer accions, per exemple:\n            \/\/ $nextDiv.addClass('marcat'); o $(this).append($nextDiv);\n        }\n    });\n    *\/\n})\n<\/script>\n\n","protected":false},"excerpt":{"rendered":"","protected":false},"author":3,"featured_media":3745,"parent":7696,"menu_order":3,"comment_status":"closed","ping_status":"closed","template":"","meta":{"_acf_changed":false,"_coblocks_attr":"","_coblocks_dimensions":"","_coblocks_responsive_height":"","_coblocks_accordion_ie_support":"","footnotes":""},"categories":[],"tags":[],"class_list":["post-7708","page","type-page","status-publish","has-post-thumbnail","hentry"],"acf":[],"yoast_head":"<!-- This site is optimized with the Yoast SEO plugin v27.3 - https:\/\/yoast.com\/product\/yoast-seo-wordpress\/ -->\n<title>Fashion - Fundaci\u00f3 Gala - Salvador Dal\u00ed<\/title>\n<meta name=\"robots\" content=\"index, follow, max-snippet:-1, max-image-preview:large, max-video-preview:-1\" \/>\n<link rel=\"canonical\" href=\"https:\/\/www.salvador-dali.org\/en\/dali-and-gala\/dali-the-total-artist\/fashion\/\" \/>\n<meta property=\"og:locale\" content=\"en_US\" \/>\n<meta property=\"og:type\" content=\"article\" \/>\n<meta property=\"og:title\" content=\"Fashion - Fundaci\u00f3 Gala - Salvador Dal\u00ed\" \/>\n<meta property=\"og:url\" content=\"https:\/\/www.salvador-dali.org\/en\/dali-and-gala\/dali-the-total-artist\/fashion\/\" \/>\n<meta property=\"og:site_name\" content=\"Fundaci\u00f3 Gala - Salvador Dal\u00ed\" \/>\n<meta property=\"article:publisher\" content=\"https:\/\/www.facebook.com\/MuseusDali\" \/>\n<meta property=\"article:modified_time\" content=\"2025-07-01T14:07:21+00:00\" \/>\n<meta property=\"og:image\" content=\"https:\/\/www.salvador-dali.org\/wp-content\/uploads\/2025\/05\/47835-scaled.jpg\" \/>\n\t<meta property=\"og:image:width\" content=\"2560\" \/>\n\t<meta property=\"og:image:height\" content=\"2328\" \/>\n\t<meta property=\"og:image:type\" content=\"image\/jpeg\" \/>\n<meta name=\"twitter:card\" content=\"summary_large_image\" \/>\n<meta name=\"twitter:site\" content=\"@MuseuDali\" \/>\n<meta name=\"twitter:label1\" content=\"Est. reading time\" \/>\n\t<meta name=\"twitter:data1\" content=\"1 minute\" \/>\n<script type=\"application\/ld+json\" class=\"yoast-schema-graph\">{\"@context\":\"https:\\\/\\\/schema.org\",\"@graph\":[{\"@type\":\"WebPage\",\"@id\":\"https:\\\/\\\/www.salvador-dali.org\\\/en\\\/dali-and-gala\\\/dali-the-total-artist\\\/fashion\\\/\",\"url\":\"https:\\\/\\\/www.salvador-dali.org\\\/en\\\/dali-and-gala\\\/dali-the-total-artist\\\/fashion\\\/\",\"name\":\"Fashion - Fundaci\u00f3 Gala - Salvador Dal\u00ed\",\"isPartOf\":{\"@id\":\"https:\\\/\\\/www.salvador-dali.org\\\/en\\\/#website\"},\"primaryImageOfPage\":{\"@id\":\"https:\\\/\\\/www.salvador-dali.org\\\/en\\\/dali-and-gala\\\/dali-the-total-artist\\\/fashion\\\/#primaryimage\"},\"image\":{\"@id\":\"https:\\\/\\\/www.salvador-dali.org\\\/en\\\/dali-and-gala\\\/dali-the-total-artist\\\/fashion\\\/#primaryimage\"},\"thumbnailUrl\":\"https:\\\/\\\/www.salvador-dali.org\\\/wp-content\\\/uploads\\\/2025\\\/05\\\/47835-scaled.jpg\",\"datePublished\":\"2025-02-26T14:54:22+00:00\",\"dateModified\":\"2025-07-01T14:07:21+00:00\",\"breadcrumb\":{\"@id\":\"https:\\\/\\\/www.salvador-dali.org\\\/en\\\/dali-and-gala\\\/dali-the-total-artist\\\/fashion\\\/#breadcrumb\"},\"inLanguage\":\"en-US\",\"potentialAction\":[{\"@type\":\"ReadAction\",\"target\":[\"https:\\\/\\\/www.salvador-dali.org\\\/en\\\/dali-and-gala\\\/dali-the-total-artist\\\/fashion\\\/\"]}]},{\"@type\":\"ImageObject\",\"inLanguage\":\"en-US\",\"@id\":\"https:\\\/\\\/www.salvador-dali.org\\\/en\\\/dali-and-gala\\\/dali-the-total-artist\\\/fashion\\\/#primaryimage\",\"url\":\"https:\\\/\\\/www.salvador-dali.org\\\/wp-content\\\/uploads\\\/2025\\\/05\\\/47835-scaled.jpg\",\"contentUrl\":\"https:\\\/\\\/www.salvador-dali.org\\\/wp-content\\\/uploads\\\/2025\\\/05\\\/47835-scaled.jpg\",\"width\":2560,\"height\":2328},{\"@type\":\"BreadcrumbList\",\"@id\":\"https:\\\/\\\/www.salvador-dali.org\\\/en\\\/dali-and-gala\\\/dali-the-total-artist\\\/fashion\\\/#breadcrumb\",\"itemListElement\":[{\"@type\":\"ListItem\",\"position\":1,\"name\":\"Inici\",\"item\":\"https:\\\/\\\/www.salvador-dali.org\\\/en\\\/\"},{\"@type\":\"ListItem\",\"position\":2,\"name\":\"Fashion\"}]},{\"@type\":\"WebSite\",\"@id\":\"https:\\\/\\\/www.salvador-dali.org\\\/en\\\/#website\",\"url\":\"https:\\\/\\\/www.salvador-dali.org\\\/en\\\/\",\"name\":\"Fundaci\u00f3 Gala - Salvador Dal\u00ed\",\"description\":\"\",\"publisher\":{\"@id\":\"https:\\\/\\\/www.salvador-dali.org\\\/en\\\/#organization\"},\"potentialAction\":[{\"@type\":\"SearchAction\",\"target\":{\"@type\":\"EntryPoint\",\"urlTemplate\":\"https:\\\/\\\/www.salvador-dali.org\\\/en\\\/?s={search_term_string}\"},\"query-input\":{\"@type\":\"PropertyValueSpecification\",\"valueRequired\":true,\"valueName\":\"search_term_string\"}}],\"inLanguage\":\"en-US\"},{\"@type\":\"Organization\",\"@id\":\"https:\\\/\\\/www.salvador-dali.org\\\/en\\\/#organization\",\"name\":\"Fundaci\u00f3 Gala - Salvador Dal\u00ed\",\"url\":\"https:\\\/\\\/www.salvador-dali.org\\\/en\\\/\",\"logo\":{\"@type\":\"ImageObject\",\"inLanguage\":\"en-US\",\"@id\":\"https:\\\/\\\/www.salvador-dali.org\\\/en\\\/#\\\/schema\\\/logo\\\/image\\\/\",\"url\":\"https:\\\/\\\/www.salvador-dali.org\\\/wp-content\\\/uploads\\\/2025\\\/04\\\/fundacio-gala-salvador-dali.png\",\"contentUrl\":\"https:\\\/\\\/www.salvador-dali.org\\\/wp-content\\\/uploads\\\/2025\\\/04\\\/fundacio-gala-salvador-dali.png\",\"width\":240,\"height\":240,\"caption\":\"Fundaci\u00f3 Gala - Salvador Dal\u00ed\"},\"image\":{\"@id\":\"https:\\\/\\\/www.salvador-dali.org\\\/en\\\/#\\\/schema\\\/logo\\\/image\\\/\"},\"sameAs\":[\"https:\\\/\\\/www.facebook.com\\\/MuseusDali\",\"https:\\\/\\\/x.com\\\/MuseuDali\",\"https:\\\/\\\/www.youtube.com\\\/user\\\/FundacioDali\",\"https:\\\/\\\/www.flickr.com\\\/fundacio_dali\\\/\",\"https:\\\/\\\/instagram.com\\\/museudali\"]}]}<\/script>\n<!-- \/ Yoast SEO plugin. -->","yoast_head_json":{"title":"Fashion - Fundaci\u00f3 Gala - Salvador Dal\u00ed","robots":{"index":"index","follow":"follow","max-snippet":"max-snippet:-1","max-image-preview":"max-image-preview:large","max-video-preview":"max-video-preview:-1"},"canonical":"https:\/\/www.salvador-dali.org\/en\/dali-and-gala\/dali-the-total-artist\/fashion\/","og_locale":"en_US","og_type":"article","og_title":"Fashion - Fundaci\u00f3 Gala - Salvador Dal\u00ed","og_url":"https:\/\/www.salvador-dali.org\/en\/dali-and-gala\/dali-the-total-artist\/fashion\/","og_site_name":"Fundaci\u00f3 Gala - Salvador Dal\u00ed","article_publisher":"https:\/\/www.facebook.com\/MuseusDali","article_modified_time":"2025-07-01T14:07:21+00:00","og_image":[{"width":2560,"height":2328,"url":"https:\/\/www.salvador-dali.org\/wp-content\/uploads\/2025\/05\/47835-scaled.jpg","type":"image\/jpeg"}],"twitter_card":"summary_large_image","twitter_site":"@MuseuDali","twitter_misc":{"Est. reading time":"1 minute"},"schema":{"@context":"https:\/\/schema.org","@graph":[{"@type":"WebPage","@id":"https:\/\/www.salvador-dali.org\/en\/dali-and-gala\/dali-the-total-artist\/fashion\/","url":"https:\/\/www.salvador-dali.org\/en\/dali-and-gala\/dali-the-total-artist\/fashion\/","name":"Fashion - Fundaci\u00f3 Gala - Salvador Dal\u00ed","isPartOf":{"@id":"https:\/\/www.salvador-dali.org\/en\/#website"},"primaryImageOfPage":{"@id":"https:\/\/www.salvador-dali.org\/en\/dali-and-gala\/dali-the-total-artist\/fashion\/#primaryimage"},"image":{"@id":"https:\/\/www.salvador-dali.org\/en\/dali-and-gala\/dali-the-total-artist\/fashion\/#primaryimage"},"thumbnailUrl":"https:\/\/www.salvador-dali.org\/wp-content\/uploads\/2025\/05\/47835-scaled.jpg","datePublished":"2025-02-26T14:54:22+00:00","dateModified":"2025-07-01T14:07:21+00:00","breadcrumb":{"@id":"https:\/\/www.salvador-dali.org\/en\/dali-and-gala\/dali-the-total-artist\/fashion\/#breadcrumb"},"inLanguage":"en-US","potentialAction":[{"@type":"ReadAction","target":["https:\/\/www.salvador-dali.org\/en\/dali-and-gala\/dali-the-total-artist\/fashion\/"]}]},{"@type":"ImageObject","inLanguage":"en-US","@id":"https:\/\/www.salvador-dali.org\/en\/dali-and-gala\/dali-the-total-artist\/fashion\/#primaryimage","url":"https:\/\/www.salvador-dali.org\/wp-content\/uploads\/2025\/05\/47835-scaled.jpg","contentUrl":"https:\/\/www.salvador-dali.org\/wp-content\/uploads\/2025\/05\/47835-scaled.jpg","width":2560,"height":2328},{"@type":"BreadcrumbList","@id":"https:\/\/www.salvador-dali.org\/en\/dali-and-gala\/dali-the-total-artist\/fashion\/#breadcrumb","itemListElement":[{"@type":"ListItem","position":1,"name":"Inici","item":"https:\/\/www.salvador-dali.org\/en\/"},{"@type":"ListItem","position":2,"name":"Fashion"}]},{"@type":"WebSite","@id":"https:\/\/www.salvador-dali.org\/en\/#website","url":"https:\/\/www.salvador-dali.org\/en\/","name":"Fundaci\u00f3 Gala - Salvador Dal\u00ed","description":"","publisher":{"@id":"https:\/\/www.salvador-dali.org\/en\/#organization"},"potentialAction":[{"@type":"SearchAction","target":{"@type":"EntryPoint","urlTemplate":"https:\/\/www.salvador-dali.org\/en\/?s={search_term_string}"},"query-input":{"@type":"PropertyValueSpecification","valueRequired":true,"valueName":"search_term_string"}}],"inLanguage":"en-US"},{"@type":"Organization","@id":"https:\/\/www.salvador-dali.org\/en\/#organization","name":"Fundaci\u00f3 Gala - Salvador Dal\u00ed","url":"https:\/\/www.salvador-dali.org\/en\/","logo":{"@type":"ImageObject","inLanguage":"en-US","@id":"https:\/\/www.salvador-dali.org\/en\/#\/schema\/logo\/image\/","url":"https:\/\/www.salvador-dali.org\/wp-content\/uploads\/2025\/04\/fundacio-gala-salvador-dali.png","contentUrl":"https:\/\/www.salvador-dali.org\/wp-content\/uploads\/2025\/04\/fundacio-gala-salvador-dali.png","width":240,"height":240,"caption":"Fundaci\u00f3 Gala - Salvador Dal\u00ed"},"image":{"@id":"https:\/\/www.salvador-dali.org\/en\/#\/schema\/logo\/image\/"},"sameAs":["https:\/\/www.facebook.com\/MuseusDali","https:\/\/x.com\/MuseuDali","https:\/\/www.youtube.com\/user\/FundacioDali","https:\/\/www.flickr.com\/fundacio_dali\/","https:\/\/instagram.com\/museudali"]}]}},"_links":{"self":[{"href":"https:\/\/www.salvador-dali.org\/en\/wp-json\/wp\/v2\/pages\/7708","targetHints":{"allow":["GET"]}}],"collection":[{"href":"https:\/\/www.salvador-dali.org\/en\/wp-json\/wp\/v2\/pages"}],"about":[{"href":"https:\/\/www.salvador-dali.org\/en\/wp-json\/wp\/v2\/types\/page"}],"author":[{"embeddable":true,"href":"https:\/\/www.salvador-dali.org\/en\/wp-json\/wp\/v2\/users\/3"}],"replies":[{"embeddable":true,"href":"https:\/\/www.salvador-dali.org\/en\/wp-json\/wp\/v2\/comments?post=7708"}],"version-history":[{"count":0,"href":"https:\/\/www.salvador-dali.org\/en\/wp-json\/wp\/v2\/pages\/7708\/revisions"}],"up":[{"embeddable":true,"href":"https:\/\/www.salvador-dali.org\/en\/wp-json\/wp\/v2\/pages\/7696"}],"wp:featuredmedia":[{"embeddable":true,"href":"https:\/\/www.salvador-dali.org\/en\/wp-json\/wp\/v2\/media\/3745"}],"wp:attachment":[{"href":"https:\/\/www.salvador-dali.org\/en\/wp-json\/wp\/v2\/media?parent=7708"}],"wp:term":[{"taxonomy":"category","embeddable":true,"href":"https:\/\/www.salvador-dali.org\/en\/wp-json\/wp\/v2\/categories?post=7708"},{"taxonomy":"post_tag","embeddable":true,"href":"https:\/\/www.salvador-dali.org\/en\/wp-json\/wp\/v2\/tags?post=7708"}],"curies":[{"name":"wp","href":"https:\/\/api.w.org\/{rel}","templated":true}]}}