{"id":10785,"date":"2025-05-15T17:25:59","date_gmt":"2025-05-15T15:25:59","guid":{"rendered":"https:\/\/www.salvador-dali.org\/obra\/ced\/criteris-artistics-protocols-i-avisos-dinteres\/"},"modified":"2026-04-01T11:17:48","modified_gmt":"2026-04-01T09:17:48","slug":"protocolos-y-avisos-de-interes","status":"publish","type":"page","link":"https:\/\/www.salvador-dali.org\/es\/obra\/ced\/protocolos-y-avisos-de-interes\/","title":{"rendered":"Protocolos y avisos de inter\u00e9s"},"content":{"rendered":"\n<div class=\"wp-block-columns col-text col-2 is-layout-flex wp-container-core-columns-is-layout-9d6595d7 wp-block-columns-is-layout-flex\">\n<div class=\"wp-block-column is-layout-flow wp-block-column-is-layout-flow\">\n<h4 class=\"wp-block-heading\" style=\"font-size:20px\"><strong>Protocolo de Defensa de la Escultura y Obra Tridimensional de Salvador Dal\u00ed<\/strong><\/h4>\n<\/div>\n\n\n\n<div class=\"wp-block-column is-layout-flow wp-block-column-is-layout-flow\">\n<p>La finalidad de este protocolo es dotar a la FGSD de un marco espec\u00edfico para la defensa de la obra escult\u00f3rica de Salvador Dal\u00ed. Uno de los objetivos principales es disponer de unas normas de actuaci\u00f3n para determinar, cuando sea necesario, la identificaci\u00f3n o la atribuci\u00f3n de la autor\u00eda de Dal\u00ed de obra escult\u00f3rica externa a la colecci\u00f3n de la FGSD. Tambi\u00e9n se quiere dotar al usuario con unas normas de actuaci\u00f3n claras, que proporcionen la absoluta transparencia del proceso.<br><a href=\"https:\/\/www.salvador-dali.org\/wp-content\/uploads\/2026\/03\/ESP_CRITERIOS-ARTISTICOS-DE-LA-FUNDACIO-GALA-SALVADOR-DALI_MAQ_VDEF.pdf\" target=\"_blank\" rel=\"noreferrer noopener\">Descargar el documento<\/a><\/p>\n<\/div>\n<\/div>\n\n\n\n<div class=\"wp-block-columns col-text col-2 is-layout-flex wp-container-core-columns-is-layout-9d6595d7 wp-block-columns-is-layout-flex\">\n<div class=\"wp-block-column is-layout-flow wp-block-column-is-layout-flow\">\n<h4 class=\"wp-block-heading\" style=\"font-size:20px\"><strong>Protocolo de Homologaci\u00f3n de Colecciones de Obra Gr\u00e1fica de Salvador Dal\u00ed<\/strong><\/h4>\n<\/div>\n\n\n\n<div class=\"wp-block-column is-layout-flow wp-block-column-is-layout-flow\">\n<p>En l\u00ednea con el&nbsp;<em>Protocolo para la defensa de la obra, la imagen y la herencia de Salvador Dal\u00ed<\/em>&nbsp;(proyecto en curso), en el que se explica de manera exhaustiva el funcionamiento te\u00f3rico de la organizaci\u00f3n interna de la Fundaci\u00f3n, este protocolo de homologaci\u00f3n de colecciones de obra gr\u00e1fica aspira a servir de modelo en cuanto a su aplicaci\u00f3n pr\u00e1ctica.<br>El protocolo de actuaci\u00f3n est\u00e1 pensado para una exposici\u00f3n de unas 100 obras, procedentes de un m\u00e1ximo de 20 series, y sobre la base de los recursos personales disponibles en la actualidad, que permiten una revisi\u00f3n anual de estas caracter\u00edsticas.<br><a href=\"https:\/\/www.salvador-dali.org\/wp-content\/uploads\/2025\/06\/Protocolo-de-Homologacion-de-Colecciones-de-Obra-Grafica-de-Salvador-Dali.pdf\" target=\"_blank\" rel=\"noreferrer noopener\">Descargar el documento<\/a><\/p>\n<\/div>\n<\/div>\n\n\n\n<div class=\"wp-block-columns col-text col-2 is-layout-flex wp-container-core-columns-is-layout-9d6595d7 wp-block-columns-is-layout-flex\">\n<div class=\"wp-block-column is-layout-flow wp-block-column-is-layout-flow\">\n<h4 class=\"wp-block-heading\" style=\"font-size:20px\"><strong>Aviso sobre obras relacionadas con las ilustraciones de la Autobiograf\u00eda de Benvenuto Cellini, los Ensayos de Michel de Montaigne y la edici\u00f3n inglesa de Quijote<\/strong><\/h4>\n<\/div>\n\n\n\n<div class=\"wp-block-column is-layout-flow wp-block-column-is-layout-flow\">\n<p>Los estudios llevados a cabo por la Comisi\u00f3n de Autenticaci\u00f3n y Catalogaci\u00f3n han permitido constatar que circulan en el mercado obras pretendidamente realizadas por Salvador Dal\u00ed, todas relacionadas con las ilustraciones de la Autobiograf\u00eda&nbsp;de Benvenuto Cellini, los&nbsp;Ensayos&nbsp;de Michel de Montaigne y la edici\u00f3n ingl\u00e9s del Quijote, los originales de las cuales pertenecen al fondo de la Fundaci\u00f3n Gala-Salvador Dal\u00ed.<br>En este art\u00edculo se muestran algunos ejemplos: <a href=\"https:\/\/www.salvador-dali.org\/wp-content\/uploads\/2025\/06\/Articles-i-avis-legals-cat.pdf\" target=\"_blank\" rel=\"noreferrer noopener\">The Autobiography of Benvenuto Cellini, Essays of Michael de Montaigne, i The First part of The Life and Achievements of the Renowned Don Quixote de la Mancha.<\/a><\/p>\n<\/div>\n<\/div>\n\n\n\n<div style=\"height:100px\" aria-hidden=\"true\" class=\"wp-block-spacer separador25 mb-0 mt-0\"><\/div>\n","protected":false},"excerpt":{"rendered":"<p>Protocolo de Defensa de la Escultura y Obra Tridimensional de Salvador Dal\u00ed La finalidad de este protocolo es dotar a la FGSD de un marco espec\u00edfico para la defensa de la obra escult\u00f3rica de Salvador Dal\u00ed. Uno de los objetivos principales es disponer de unas normas de actuaci\u00f3n para determinar, cuando sea necesario, la identificaci\u00f3n [&hellip;]<\/p>\n","protected":false},"author":3,"featured_media":10065,"parent":7660,"menu_order":3,"comment_status":"closed","ping_status":"closed","template":"","meta":{"_acf_changed":false,"_coblocks_attr":"","_coblocks_dimensions":"","_coblocks_responsive_height":"","_coblocks_accordion_ie_support":"","footnotes":""},"categories":[],"tags":[],"class_list":["post-10785","page","type-page","status-publish","has-post-thumbnail","hentry"],"acf":[],"yoast_head":"<!-- This site is optimized with the Yoast SEO plugin v27.3 - https:\/\/yoast.com\/product\/yoast-seo-wordpress\/ -->\n<title>Protocolos y avisos de inter\u00e9s - Fundaci\u00f3 Gala - Salvador Dal\u00ed<\/title>\n<meta name=\"robots\" content=\"index, follow, max-snippet:-1, max-image-preview:large, max-video-preview:-1\" \/>\n<link rel=\"canonical\" href=\"https:\/\/www.salvador-dali.org\/es\/obra\/ced\/protocolos-y-avisos-de-interes\/\" \/>\n<meta property=\"og:locale\" content=\"es_ES\" \/>\n<meta property=\"og:type\" content=\"article\" \/>\n<meta property=\"og:title\" content=\"Protocolos y avisos de inter\u00e9s - Fundaci\u00f3 Gala - Salvador Dal\u00ed\" \/>\n<meta property=\"og:description\" content=\"Protocolo de Defensa de la Escultura y Obra Tridimensional de Salvador Dal\u00ed La finalidad de este protocolo es dotar a la FGSD de un marco espec\u00edfico para la defensa de la obra escult\u00f3rica de Salvador Dal\u00ed. Uno de los objetivos principales es disponer de unas normas de actuaci\u00f3n para determinar, cuando sea necesario, la identificaci\u00f3n [&hellip;]\" \/>\n<meta property=\"og:url\" content=\"https:\/\/www.salvador-dali.org\/es\/obra\/ced\/protocolos-y-avisos-de-interes\/\" \/>\n<meta property=\"og:site_name\" content=\"Fundaci\u00f3 Gala - Salvador Dal\u00ed\" \/>\n<meta property=\"article:publisher\" content=\"https:\/\/www.facebook.com\/MuseusDali\" \/>\n<meta property=\"article:modified_time\" content=\"2026-04-01T09:17:48+00:00\" \/>\n<meta property=\"og:image\" content=\"https:\/\/www.salvador-dali.org\/wp-content\/uploads\/2025\/06\/9249_01.jpeg\" \/>\n\t<meta property=\"og:image:width\" content=\"747\" \/>\n\t<meta property=\"og:image:height\" content=\"1079\" \/>\n\t<meta property=\"og:image:type\" content=\"image\/jpeg\" \/>\n<meta name=\"twitter:card\" content=\"summary_large_image\" \/>\n<meta name=\"twitter:site\" content=\"@MuseuDali\" \/>\n<meta name=\"twitter:label1\" content=\"Tiempo de lectura\" \/>\n\t<meta name=\"twitter:data1\" content=\"4 minutos\" \/>\n<script type=\"application\/ld+json\" class=\"yoast-schema-graph\">{\"@context\":\"https:\\\/\\\/schema.org\",\"@graph\":[{\"@type\":\"WebPage\",\"@id\":\"https:\\\/\\\/www.salvador-dali.org\\\/es\\\/obra\\\/ced\\\/protocolos-y-avisos-de-interes\\\/\",\"url\":\"https:\\\/\\\/www.salvador-dali.org\\\/es\\\/obra\\\/ced\\\/protocolos-y-avisos-de-interes\\\/\",\"name\":\"Protocolos y avisos de inter\u00e9s - Fundaci\u00f3 Gala - Salvador Dal\u00ed\",\"isPartOf\":{\"@id\":\"https:\\\/\\\/www.salvador-dali.org\\\/es\\\/#website\"},\"primaryImageOfPage\":{\"@id\":\"https:\\\/\\\/www.salvador-dali.org\\\/es\\\/obra\\\/ced\\\/protocolos-y-avisos-de-interes\\\/#primaryimage\"},\"image\":{\"@id\":\"https:\\\/\\\/www.salvador-dali.org\\\/es\\\/obra\\\/ced\\\/protocolos-y-avisos-de-interes\\\/#primaryimage\"},\"thumbnailUrl\":\"https:\\\/\\\/www.salvador-dali.org\\\/wp-content\\\/uploads\\\/2025\\\/06\\\/9249_01.jpeg\",\"datePublished\":\"2025-05-15T15:25:59+00:00\",\"dateModified\":\"2026-04-01T09:17:48+00:00\",\"breadcrumb\":{\"@id\":\"https:\\\/\\\/www.salvador-dali.org\\\/es\\\/obra\\\/ced\\\/protocolos-y-avisos-de-interes\\\/#breadcrumb\"},\"inLanguage\":\"es\",\"potentialAction\":[{\"@type\":\"ReadAction\",\"target\":[\"https:\\\/\\\/www.salvador-dali.org\\\/es\\\/obra\\\/ced\\\/protocolos-y-avisos-de-interes\\\/\"]}]},{\"@type\":\"ImageObject\",\"inLanguage\":\"es\",\"@id\":\"https:\\\/\\\/www.salvador-dali.org\\\/es\\\/obra\\\/ced\\\/protocolos-y-avisos-de-interes\\\/#primaryimage\",\"url\":\"https:\\\/\\\/www.salvador-dali.org\\\/wp-content\\\/uploads\\\/2025\\\/06\\\/9249_01.jpeg\",\"contentUrl\":\"https:\\\/\\\/www.salvador-dali.org\\\/wp-content\\\/uploads\\\/2025\\\/06\\\/9249_01.jpeg\",\"width\":747,\"height\":1079},{\"@type\":\"BreadcrumbList\",\"@id\":\"https:\\\/\\\/www.salvador-dali.org\\\/es\\\/obra\\\/ced\\\/protocolos-y-avisos-de-interes\\\/#breadcrumb\",\"itemListElement\":[{\"@type\":\"ListItem\",\"position\":1,\"name\":\"Inici\",\"item\":\"https:\\\/\\\/www.salvador-dali.org\\\/es\\\/\"},{\"@type\":\"ListItem\",\"position\":2,\"name\":\"Protocolos y avisos de inter\u00e9s\"}]},{\"@type\":\"WebSite\",\"@id\":\"https:\\\/\\\/www.salvador-dali.org\\\/es\\\/#website\",\"url\":\"https:\\\/\\\/www.salvador-dali.org\\\/es\\\/\",\"name\":\"Fundaci\u00f3 Gala - Salvador Dal\u00ed\",\"description\":\"\",\"publisher\":{\"@id\":\"https:\\\/\\\/www.salvador-dali.org\\\/es\\\/#organization\"},\"potentialAction\":[{\"@type\":\"SearchAction\",\"target\":{\"@type\":\"EntryPoint\",\"urlTemplate\":\"https:\\\/\\\/www.salvador-dali.org\\\/es\\\/?s={search_term_string}\"},\"query-input\":{\"@type\":\"PropertyValueSpecification\",\"valueRequired\":true,\"valueName\":\"search_term_string\"}}],\"inLanguage\":\"es\"},{\"@type\":\"Organization\",\"@id\":\"https:\\\/\\\/www.salvador-dali.org\\\/es\\\/#organization\",\"name\":\"Fundaci\u00f3 Gala - Salvador Dal\u00ed\",\"url\":\"https:\\\/\\\/www.salvador-dali.org\\\/es\\\/\",\"logo\":{\"@type\":\"ImageObject\",\"inLanguage\":\"es\",\"@id\":\"https:\\\/\\\/www.salvador-dali.org\\\/es\\\/#\\\/schema\\\/logo\\\/image\\\/\",\"url\":\"https:\\\/\\\/www.salvador-dali.org\\\/wp-content\\\/uploads\\\/2025\\\/04\\\/fundacio-gala-salvador-dali.png\",\"contentUrl\":\"https:\\\/\\\/www.salvador-dali.org\\\/wp-content\\\/uploads\\\/2025\\\/04\\\/fundacio-gala-salvador-dali.png\",\"width\":240,\"height\":240,\"caption\":\"Fundaci\u00f3 Gala - Salvador Dal\u00ed\"},\"image\":{\"@id\":\"https:\\\/\\\/www.salvador-dali.org\\\/es\\\/#\\\/schema\\\/logo\\\/image\\\/\"},\"sameAs\":[\"https:\\\/\\\/www.facebook.com\\\/MuseusDali\",\"https:\\\/\\\/x.com\\\/MuseuDali\",\"https:\\\/\\\/www.youtube.com\\\/user\\\/FundacioDali\",\"https:\\\/\\\/www.flickr.com\\\/fundacio_dali\\\/\",\"https:\\\/\\\/instagram.com\\\/museudali\"]}]}<\/script>\n<!-- \/ Yoast SEO plugin. -->","yoast_head_json":{"title":"Protocolos y avisos de inter\u00e9s - Fundaci\u00f3 Gala - Salvador Dal\u00ed","robots":{"index":"index","follow":"follow","max-snippet":"max-snippet:-1","max-image-preview":"max-image-preview:large","max-video-preview":"max-video-preview:-1"},"canonical":"https:\/\/www.salvador-dali.org\/es\/obra\/ced\/protocolos-y-avisos-de-interes\/","og_locale":"es_ES","og_type":"article","og_title":"Protocolos y avisos de inter\u00e9s - Fundaci\u00f3 Gala - Salvador Dal\u00ed","og_description":"Protocolo de Defensa de la Escultura y Obra Tridimensional de Salvador Dal\u00ed La finalidad de este protocolo es dotar a la FGSD de un marco espec\u00edfico para la defensa de la obra escult\u00f3rica de Salvador Dal\u00ed. Uno de los objetivos principales es disponer de unas normas de actuaci\u00f3n para determinar, cuando sea necesario, la identificaci\u00f3n [&hellip;]","og_url":"https:\/\/www.salvador-dali.org\/es\/obra\/ced\/protocolos-y-avisos-de-interes\/","og_site_name":"Fundaci\u00f3 Gala - Salvador Dal\u00ed","article_publisher":"https:\/\/www.facebook.com\/MuseusDali","article_modified_time":"2026-04-01T09:17:48+00:00","og_image":[{"width":747,"height":1079,"url":"https:\/\/www.salvador-dali.org\/wp-content\/uploads\/2025\/06\/9249_01.jpeg","type":"image\/jpeg"}],"twitter_card":"summary_large_image","twitter_site":"@MuseuDali","twitter_misc":{"Tiempo de lectura":"4 minutos"},"schema":{"@context":"https:\/\/schema.org","@graph":[{"@type":"WebPage","@id":"https:\/\/www.salvador-dali.org\/es\/obra\/ced\/protocolos-y-avisos-de-interes\/","url":"https:\/\/www.salvador-dali.org\/es\/obra\/ced\/protocolos-y-avisos-de-interes\/","name":"Protocolos y avisos de inter\u00e9s - Fundaci\u00f3 Gala - Salvador Dal\u00ed","isPartOf":{"@id":"https:\/\/www.salvador-dali.org\/es\/#website"},"primaryImageOfPage":{"@id":"https:\/\/www.salvador-dali.org\/es\/obra\/ced\/protocolos-y-avisos-de-interes\/#primaryimage"},"image":{"@id":"https:\/\/www.salvador-dali.org\/es\/obra\/ced\/protocolos-y-avisos-de-interes\/#primaryimage"},"thumbnailUrl":"https:\/\/www.salvador-dali.org\/wp-content\/uploads\/2025\/06\/9249_01.jpeg","datePublished":"2025-05-15T15:25:59+00:00","dateModified":"2026-04-01T09:17:48+00:00","breadcrumb":{"@id":"https:\/\/www.salvador-dali.org\/es\/obra\/ced\/protocolos-y-avisos-de-interes\/#breadcrumb"},"inLanguage":"es","potentialAction":[{"@type":"ReadAction","target":["https:\/\/www.salvador-dali.org\/es\/obra\/ced\/protocolos-y-avisos-de-interes\/"]}]},{"@type":"ImageObject","inLanguage":"es","@id":"https:\/\/www.salvador-dali.org\/es\/obra\/ced\/protocolos-y-avisos-de-interes\/#primaryimage","url":"https:\/\/www.salvador-dali.org\/wp-content\/uploads\/2025\/06\/9249_01.jpeg","contentUrl":"https:\/\/www.salvador-dali.org\/wp-content\/uploads\/2025\/06\/9249_01.jpeg","width":747,"height":1079},{"@type":"BreadcrumbList","@id":"https:\/\/www.salvador-dali.org\/es\/obra\/ced\/protocolos-y-avisos-de-interes\/#breadcrumb","itemListElement":[{"@type":"ListItem","position":1,"name":"Inici","item":"https:\/\/www.salvador-dali.org\/es\/"},{"@type":"ListItem","position":2,"name":"Protocolos y avisos de inter\u00e9s"}]},{"@type":"WebSite","@id":"https:\/\/www.salvador-dali.org\/es\/#website","url":"https:\/\/www.salvador-dali.org\/es\/","name":"Fundaci\u00f3 Gala - Salvador Dal\u00ed","description":"","publisher":{"@id":"https:\/\/www.salvador-dali.org\/es\/#organization"},"potentialAction":[{"@type":"SearchAction","target":{"@type":"EntryPoint","urlTemplate":"https:\/\/www.salvador-dali.org\/es\/?s={search_term_string}"},"query-input":{"@type":"PropertyValueSpecification","valueRequired":true,"valueName":"search_term_string"}}],"inLanguage":"es"},{"@type":"Organization","@id":"https:\/\/www.salvador-dali.org\/es\/#organization","name":"Fundaci\u00f3 Gala - Salvador Dal\u00ed","url":"https:\/\/www.salvador-dali.org\/es\/","logo":{"@type":"ImageObject","inLanguage":"es","@id":"https:\/\/www.salvador-dali.org\/es\/#\/schema\/logo\/image\/","url":"https:\/\/www.salvador-dali.org\/wp-content\/uploads\/2025\/04\/fundacio-gala-salvador-dali.png","contentUrl":"https:\/\/www.salvador-dali.org\/wp-content\/uploads\/2025\/04\/fundacio-gala-salvador-dali.png","width":240,"height":240,"caption":"Fundaci\u00f3 Gala - Salvador Dal\u00ed"},"image":{"@id":"https:\/\/www.salvador-dali.org\/es\/#\/schema\/logo\/image\/"},"sameAs":["https:\/\/www.facebook.com\/MuseusDali","https:\/\/x.com\/MuseuDali","https:\/\/www.youtube.com\/user\/FundacioDali","https:\/\/www.flickr.com\/fundacio_dali\/","https:\/\/instagram.com\/museudali"]}]}},"_links":{"self":[{"href":"https:\/\/www.salvador-dali.org\/es\/wp-json\/wp\/v2\/pages\/10785","targetHints":{"allow":["GET"]}}],"collection":[{"href":"https:\/\/www.salvador-dali.org\/es\/wp-json\/wp\/v2\/pages"}],"about":[{"href":"https:\/\/www.salvador-dali.org\/es\/wp-json\/wp\/v2\/types\/page"}],"author":[{"embeddable":true,"href":"https:\/\/www.salvador-dali.org\/es\/wp-json\/wp\/v2\/users\/3"}],"replies":[{"embeddable":true,"href":"https:\/\/www.salvador-dali.org\/es\/wp-json\/wp\/v2\/comments?post=10785"}],"version-history":[{"count":3,"href":"https:\/\/www.salvador-dali.org\/es\/wp-json\/wp\/v2\/pages\/10785\/revisions"}],"predecessor-version":[{"id":15629,"href":"https:\/\/www.salvador-dali.org\/es\/wp-json\/wp\/v2\/pages\/10785\/revisions\/15629"}],"up":[{"embeddable":true,"href":"https:\/\/www.salvador-dali.org\/es\/wp-json\/wp\/v2\/pages\/7660"}],"wp:featuredmedia":[{"embeddable":true,"href":"https:\/\/www.salvador-dali.org\/es\/wp-json\/wp\/v2\/media\/10065"}],"wp:attachment":[{"href":"https:\/\/www.salvador-dali.org\/es\/wp-json\/wp\/v2\/media?parent=10785"}],"wp:term":[{"taxonomy":"category","embeddable":true,"href":"https:\/\/www.salvador-dali.org\/es\/wp-json\/wp\/v2\/categories?post=10785"},{"taxonomy":"post_tag","embeddable":true,"href":"https:\/\/www.salvador-dali.org\/es\/wp-json\/wp\/v2\/tags?post=10785"}],"curies":[{"name":"wp","href":"https:\/\/api.w.org\/{rel}","templated":true}]}}