{"id":12111,"date":"2025-05-12T08:27:07","date_gmt":"2025-05-12T06:27:07","guid":{"rendered":"https:\/\/www.salvador-dali.org\/politica-de-cookies\/"},"modified":"2025-07-01T22:07:40","modified_gmt":"2025-07-01T20:07:40","slug":"politica-de-cookies","status":"publish","type":"page","link":"https:\/\/www.salvador-dali.org\/es\/politica-de-cookies\/","title":{"rendered":"Pol\u00edtica de cookies"},"content":{"rendered":"\n<div class=\"wp-block-columns global-column is-layout-flex wp-container-core-columns-is-layout-9d6595d7 wp-block-columns-is-layout-flex\">\n<div class=\"wp-block-column is-layout-flow wp-block-column-is-layout-flow\">\n<h3 class=\"wp-block-heading\">1. Definici\u00f3n y funci\u00f3n de las cookies.<\/h3>\n\n\n\n<p>\u00bfQu\u00e9 son las cookies? Una cookie es un archivo que se descarga en su ordenador al acceder a determinadas p\u00e1ginas web. Las cookies permiten a una p\u00e1gina web, entre otras cosas, almacenar y recuperar informaci\u00f3n sobre los h\u00e1bitos de navegaci\u00f3n de un usuario o de su equipo y, dependiendo de la informaci\u00f3n que contengan y de la forma en que un usuario utilice su equipo, se pueden emplear para reconocer a dicho usuario.<\/p>\n\n\n\n<h3 class=\"wp-block-heading\">2. \u00bfQu\u00e9 tipos de cookies utiliza esta p\u00e1gina web?<\/h3>\n\n\n\n<p>A continuaci\u00f3n, se incluye una descripci\u00f3n de cada categor\u00eda de cookies que usamos:<\/p>\n\n\n\n<p><strong>Cookies propias<\/strong><\/p>\n\n\n\n<figure class=\"wp-block-table\"><table class=\"has-fixed-layout\"><tbody><tr><td><strong>Nombre<\/strong><\/td><td><strong>Prop\u00f3sito<\/strong><\/td><td><strong>Expiraci\u00f3n<\/strong><\/td><\/tr><tr><td>PHPSESSID<\/td><td>Guarda datos de sesi\u00f3n del usuario. Esencial para el funcionamiento de la web<\/td><td>Sesi\u00f3n<\/td><\/tr><tr><td>lang<\/td><td>Mantener y recordar el idioma en el que navega el usuario.<\/td><td>1 a\u00f1o<\/td><\/tr><tr><td>Cookies, cookiesNav<\/td><td>Identifica si el usuario ha aceptado el uso de cookies.<\/td><td>100 a\u00f1os<\/td><\/tr><tr><td>Css-loaded<\/td><td>Indica si se han cargado los css completos o s\u00f3lo los cr\u00edticos<\/td><td>3 meses<\/td><\/tr><\/tbody><\/table><\/figure>\n\n\n\n<p><strong>Estrictamente necesarias<\/strong><\/p>\n\n\n\n<p>Estas son las cookies que son esenciales para que las p\u00e1ginas del website realicen sus funciones b\u00e1sicas.&nbsp;Estas incluyen por ejemplo aquellas que sirven para permitir una correcta navegaci\u00f3n o aquellas que aseguran que el contenido de la p\u00e1gina web se carga eficazmente con prop\u00f3sitos de mantenimiento peri\u00f3dico, y en aras de garantizar el mejor servicio posible al usuario.<\/p>\n\n\n\n<p><strong>Funcionalidad<\/strong><\/p>\n\n\n\n<p>Estas cookies se utilizan para almacenar las preferencias establecidas por los usuarios, como el nombre de la cuenta, el idioma y la ubicaci\u00f3n.&nbsp;No se usan para rastrear visitantes en sitios que no est\u00e1n alojados en los servidores de la Fundaci\u00f3 Dal\u00ed.<\/p>\n\n\n\n<p>En cualquier momento puede cambiar su consentimiento desde la Configuraci\u00f3n de cookies en nuestro sitio web. <a href=\"https:\/\/www.salvador-dali.org\/es\/politica-de-cookies\/#\">Cambiar configuraci\u00f3n cookies<\/a><\/p>\n\n\n\n<p><strong>Actuaci\u00f3n<\/strong><\/p>\n\n\n\n<p>Las cookies de rendimiento recopilan informaci\u00f3n sobre c\u00f3mo los usuarios interact\u00faan con las webs de la Fundaci\u00f3 Dal\u00ed, incluyendo qu\u00e9 p\u00e1ginas son m\u00e1s visitadas, as\u00ed como otros datos anal\u00edticos.&nbsp;Estos detalles solo se usan para mejorar el funcionamiento de un sitio web.<\/p>\n\n\n\n<p><strong>Cookies de Terceros<\/strong><\/p>\n\n\n\n<figure class=\"wp-block-table\"><table class=\"has-fixed-layout\"><tbody><tr><td><strong>Cookie<\/strong><\/td><td><strong>Nombre<\/strong><\/td><td><strong>Prop\u00f3sito<\/strong><\/td><td><strong>Expiraci\u00f3n<\/strong><\/td><\/tr><tr><td>Google Analytics<\/td><td>_gid<\/td><td rowspan=\"3\">Estas cookies nos ayudan a entender y mejorar la experiencia de nuestros usuarios.<\/td><td>24 horas<\/td><\/tr><tr><td>Google Analytics<\/td><td>_ga<\/td><td>2 A\u00f1os<\/td><\/tr><tr><td>Google Analytics<\/td><td>_gat<\/td><td>1 minuto<\/td><\/tr><tr><td>Google Tag Manager<\/td><td>\u200bgtm_auth<br>gtm_debug gtm_preview<\/td><td>Soluci\u00f3n t\u00e9cnica para gestionar los c\u00f3digos de seguimiento de las p\u00e1ginas.<\/td><td>Al cerrar navegador<\/td><\/tr><tr><td>Facebook Pixel<\/td><td>&nbsp;<\/td><td>Seguimiento de conversiones y remarketing.<\/td><td>&nbsp;<\/td><\/tr><\/tbody><\/table><\/figure>\n\n\n\n<p><strong>Publicidad \/ Seguimiento<\/strong><\/p>\n\n\n\n<p>Estas cookies se utilizan para rastrear el volumen de visitantes, realizar un seguimiento de los detalles de los visitantes, como el n\u00famero de visitantes \u00fanicos, la cantidad de veces que se han mostrado determinados anuncios, la cantidad de clics que han recibido y tambi\u00e9n se utilizan para medir la efectividad de las campa\u00f1as publicitarias creando perfiles de usuarios.&nbsp;Estos son establecidos por redes de terceros autom\u00e1ticas y de confianza, y en general son de naturaleza persistente.<\/p>\n\n\n\n<p><strong>Contenido de terceros \/ incrustado<\/strong><\/p>\n\n\n\n<p>Las p\u00e1ginas de nuestro sitio web hacen uso de diferentes aplicaciones y servicios de terceros para mejorar la experiencia de los visitantes del sitio web.&nbsp;Estos incluyen plataformas de redes sociales como Facebook y Twitter (a trav\u00e9s del uso de botones para compartir), o contenido integrado de Youtube.&nbsp;Como resultado, las cookies pueden ser establecidas por estos terceros y utilizadas por ellos para rastrear su actividad en l\u00ednea.&nbsp;No tenemos control directo sobre la informaci\u00f3n recopilada por estas cookies.<\/p>\n\n\n\n<p>Usamos Google Analytics para analizar el uso de nuestro sitio web. Google Analytics recopila informaci\u00f3n de uso mediante cookies. La informaci\u00f3n recopilada se usa para crear informes sobre su uso.<\/p>\n\n\n\n<p>Pol\u00edtica de Privacidad de Google: <a href=\"https:\/\/www.google.com\/policies\/privacy\/\" target=\"_blank\" rel=\"noreferrer noopener\">https:\/\/www.google.com\/policies\/privacy\/<\/a>.<\/p>\n\n\n\n<p>Puedes ver, eliminar o a\u00f1adir categor\u00edas de inter\u00e9s asociadas con tu navegador en: <a href=\"https:\/\/adssettings.google.com\/\" target=\"_blank\" rel=\"noreferrer noopener\">https:\/\/adssettings.google.com<\/a>. Tambi\u00e9n puedes rechazar el uso (exclusi\u00f3n voluntaria) de cookies de los partners de Adsense aplicando dicha configuraci\u00f3n, o usando el mecanismo de exclusi\u00f3n m\u00faltiple del NAI (Network Advertising Initiative):&nbsp;<a href=\"http:\/\/optout.networkadvertising.org\/\" target=\"_blank\" rel=\"noreferrer noopener\">http:\/\/optout.networkadvertising.org<\/a>.<\/p>\n\n\n\n<h3 class=\"wp-block-heading\">3. Forma de desactivar o eliminar las cookies.<\/h3>\n\n\n\n<p>La informaci\u00f3n obtenida por las cookies es tratada por la FUNDACI\u00d3 GALA-SALVADOR DAL\u00cd y, en la parte que le corresponde de la web, por Distribucions d&#8217;Art Surrealista, S.A. Se ha contratado la prestaci\u00f3n del servicio de anal\u00edtica con Google Analytics, a cuyas condiciones legales podr\u00e1 acceder siguiendo este link: <a href=\"https:\/\/www.google.com\/policies\/privacy\/\" target=\"_blank\" rel=\"noreferrer noopener\">https:\/\/www.google.com\/policies\/privacy\/<\/a>.<\/p>\n\n\n\n<p>Tambi\u00e9n puede darse el caso de que existan complementos de otros proveedores, cuyas condiciones legales respecto a las cookies podr\u00e1 comprobar a trav\u00e9s de los siguientes links:<\/p>\n\n\n\n<p>Google: <a href=\"https:\/\/policies.google.com\/technologies\/cookies\" target=\"_blank\" rel=\"noreferrer noopener\">https:\/\/policies.google.com\/technologies\/cookies<\/a><\/p>\n\n\n\n<p>LinkedIn: <a href=\"https:\/\/www.linkedin.com\/legal\/cookie-policy\" target=\"_blank\" rel=\"noreferrer noopener\">https:\/\/www.linkedin.com\/legal\/cookie-policy<\/a><\/p>\n\n\n\n<p>Facebook: <a href=\"https:\/\/www.facebook.com\/policies\/cookies\/\" target=\"_blank\" rel=\"noreferrer noopener\">https:\/\/www.facebook.com\/policies\/cookies\/<\/a><\/p>\n\n\n\n<p>Youtube: <a href=\"https:\/\/www.youtube.com\/intl\/es\/yt\/about\/policies\" target=\"_blank\" rel=\"noreferrer noopener\">https:\/\/www.youtube.com\/intl\/es\/yt\/about\/policies<\/a><\/p>\n\n\n\n<h3 class=\"wp-block-heading\">4. <strong>Control de las cookies<\/strong><\/h3>\n\n\n\n<p>Los visitantes pueden desear restringir el uso de cookies o evitar que se establezcan por completo.&nbsp;La mayor\u00eda de los navegadores ofrecen formas de controlar el comportamiento de las cookies, como la cantidad de tiempo que est\u00e1n almacenadas, ya sea a trav\u00e9s de la funcionalidad integrada o mediante el uso de complementos de terceros.<\/p>\n\n\n\n<p>Usted puede permitir, bloquear o eliminar las cookies instaladas en su equipo mediante la configuraci\u00f3n de las opciones del navegador en su ordenador.<\/p>\n\n\n\n<p>Para m\u00e1s informaci\u00f3n sobre&nbsp;<strong>Internet Explorer<\/strong>,&nbsp;<a href=\"https:\/\/support.microsoft.com\/es-es\/help\/17442\/windows-internet-explorer-delete-manage-cookies\" target=\"_blank\" rel=\"noreferrer noopener\">haga clic aqu\u00ed<\/a>.<\/p>\n\n\n\n<p>Para m\u00e1s informaci\u00f3n sobre&nbsp;<strong>Chrome<\/strong>,&nbsp;<a href=\"https:\/\/support.google.com\/chrome\/answer\/95647?hl=es\" target=\"_blank\" rel=\"noreferrer noopener\">haga clic aqu\u00ed.<\/a><\/p>\n\n\n\n<p>Para m\u00e1s informaci\u00f3n sobre&nbsp;<strong>Safari<\/strong>,&nbsp;<a href=\"http:\/\/support.apple.com\/kb\/HT1677?viewlocale=es_ES&amp;locale=es_ES\" target=\"_blank\" rel=\"noreferrer noopener\">haga clic aqu\u00ed.<\/a><\/p>\n\n\n\n<p>Para m\u00e1s informaci\u00f3n sobre&nbsp;<strong>Firefox<\/strong>,&nbsp;<a href=\"https:\/\/support.mozilla.org\/es\/kb\/habilitar-y-deshabilitar-cookies-que-los-sitios-we\" target=\"_blank\" rel=\"noreferrer noopener\">haga clic aqu\u00ed.<\/a><\/p>\n\n\n\n<p>Para obtener m\u00e1s informaci\u00f3n sobre c\u00f3mo administrar y eliminar cookies, visite&nbsp;<a href=\"http:\/\/aboutcookies.org\/\" target=\"_blank\" rel=\"noreferrer noopener\">aboutcookies.org<\/a>&nbsp;.&nbsp;Para obtener m\u00e1s detalles sobre las cookies publicitarias y sobre c\u00f3mo administrarlas, visite&nbsp;<a href=\"http:\/\/www.youronlinechoices.eu\/\" target=\"_blank\" rel=\"noreferrer noopener\">youronlinechoices.eu<\/a>&nbsp;&nbsp;(en la UE) o&nbsp;<a href=\"http:\/\/www.aboutads.info\/choices\/\" target=\"_blank\" rel=\"noreferrer noopener\">aboutads.info<\/a>&nbsp;&nbsp;(en EE. UU.).<\/p>\n<\/div>\n<\/div>\n\n\n\n<p><\/p>\n","protected":false},"excerpt":{"rendered":"<p>1. Definici\u00f3n y funci\u00f3n de las cookies. \u00bfQu\u00e9 son las cookies? Una cookie es un archivo que se descarga en su ordenador al acceder a determinadas p\u00e1ginas web. Las cookies permiten a una p\u00e1gina web, entre otras cosas, almacenar y recuperar informaci\u00f3n sobre los h\u00e1bitos de navegaci\u00f3n de un usuario o de su equipo y, [&hellip;]<\/p>\n","protected":false},"author":1,"featured_media":0,"parent":0,"menu_order":11,"comment_status":"closed","ping_status":"closed","template":"","meta":{"_acf_changed":false,"_coblocks_attr":"","_coblocks_dimensions":"","_coblocks_responsive_height":"","_coblocks_accordion_ie_support":"","footnotes":""},"categories":[],"tags":[],"class_list":["post-12111","page","type-page","status-publish","hentry"],"acf":[],"yoast_head":"<!-- This site is optimized with the Yoast SEO plugin v27.4 - https:\/\/yoast.com\/product\/yoast-seo-wordpress\/ -->\n<title>Pol\u00edtica de cookies - Fundaci\u00f3 Gala - Salvador Dal\u00ed<\/title>\n<meta name=\"robots\" content=\"index, follow, max-snippet:-1, max-image-preview:large, max-video-preview:-1\" \/>\n<link rel=\"canonical\" href=\"https:\/\/www.salvador-dali.org\/es\/politica-de-cookies\/\" \/>\n<meta property=\"og:locale\" content=\"es_ES\" \/>\n<meta property=\"og:type\" content=\"article\" \/>\n<meta property=\"og:title\" content=\"Pol\u00edtica de cookies - Fundaci\u00f3 Gala - Salvador Dal\u00ed\" \/>\n<meta property=\"og:description\" content=\"1. Definici\u00f3n y funci\u00f3n de las cookies. \u00bfQu\u00e9 son las cookies? Una cookie es un archivo que se descarga en su ordenador al acceder a determinadas p\u00e1ginas web. Las cookies permiten a una p\u00e1gina web, entre otras cosas, almacenar y recuperar informaci\u00f3n sobre los h\u00e1bitos de navegaci\u00f3n de un usuario o de su equipo y, [&hellip;]\" \/>\n<meta property=\"og:url\" content=\"https:\/\/www.salvador-dali.org\/es\/politica-de-cookies\/\" \/>\n<meta property=\"og:site_name\" content=\"Fundaci\u00f3 Gala - Salvador Dal\u00ed\" \/>\n<meta property=\"article:publisher\" content=\"https:\/\/www.facebook.com\/MuseusDali\" \/>\n<meta property=\"article:modified_time\" content=\"2025-07-01T20:07:40+00:00\" \/>\n<meta name=\"twitter:card\" content=\"summary_large_image\" \/>\n<meta name=\"twitter:site\" content=\"@MuseuDali\" \/>\n<meta name=\"twitter:label1\" content=\"Tiempo de lectura\" \/>\n\t<meta name=\"twitter:data1\" content=\"5 minutos\" \/>\n<script type=\"application\/ld+json\" class=\"yoast-schema-graph\">{\"@context\":\"https:\\\/\\\/schema.org\",\"@graph\":[{\"@type\":\"WebPage\",\"@id\":\"https:\\\/\\\/www.salvador-dali.org\\\/es\\\/politica-de-cookies\\\/\",\"url\":\"https:\\\/\\\/www.salvador-dali.org\\\/es\\\/politica-de-cookies\\\/\",\"name\":\"Pol\u00edtica de cookies - Fundaci\u00f3 Gala - Salvador Dal\u00ed\",\"isPartOf\":{\"@id\":\"https:\\\/\\\/www.salvador-dali.org\\\/es\\\/#website\"},\"datePublished\":\"2025-05-12T06:27:07+00:00\",\"dateModified\":\"2025-07-01T20:07:40+00:00\",\"breadcrumb\":{\"@id\":\"https:\\\/\\\/www.salvador-dali.org\\\/es\\\/politica-de-cookies\\\/#breadcrumb\"},\"inLanguage\":\"es\",\"potentialAction\":[{\"@type\":\"ReadAction\",\"target\":[\"https:\\\/\\\/www.salvador-dali.org\\\/es\\\/politica-de-cookies\\\/\"]}]},{\"@type\":\"BreadcrumbList\",\"@id\":\"https:\\\/\\\/www.salvador-dali.org\\\/es\\\/politica-de-cookies\\\/#breadcrumb\",\"itemListElement\":[{\"@type\":\"ListItem\",\"position\":1,\"name\":\"Inici\",\"item\":\"https:\\\/\\\/www.salvador-dali.org\\\/es\\\/\"},{\"@type\":\"ListItem\",\"position\":2,\"name\":\"Pol\u00edtica de cookies\"}]},{\"@type\":\"WebSite\",\"@id\":\"https:\\\/\\\/www.salvador-dali.org\\\/es\\\/#website\",\"url\":\"https:\\\/\\\/www.salvador-dali.org\\\/es\\\/\",\"name\":\"Fundaci\u00f3 Gala - Salvador Dal\u00ed\",\"description\":\"\",\"publisher\":{\"@id\":\"https:\\\/\\\/www.salvador-dali.org\\\/es\\\/#organization\"},\"potentialAction\":[{\"@type\":\"SearchAction\",\"target\":{\"@type\":\"EntryPoint\",\"urlTemplate\":\"https:\\\/\\\/www.salvador-dali.org\\\/es\\\/?s={search_term_string}\"},\"query-input\":{\"@type\":\"PropertyValueSpecification\",\"valueRequired\":true,\"valueName\":\"search_term_string\"}}],\"inLanguage\":\"es\"},{\"@type\":\"Organization\",\"@id\":\"https:\\\/\\\/www.salvador-dali.org\\\/es\\\/#organization\",\"name\":\"Fundaci\u00f3 Gala - Salvador Dal\u00ed\",\"url\":\"https:\\\/\\\/www.salvador-dali.org\\\/es\\\/\",\"logo\":{\"@type\":\"ImageObject\",\"inLanguage\":\"es\",\"@id\":\"https:\\\/\\\/www.salvador-dali.org\\\/es\\\/#\\\/schema\\\/logo\\\/image\\\/\",\"url\":\"https:\\\/\\\/www.salvador-dali.org\\\/wp-content\\\/uploads\\\/2025\\\/04\\\/fundacio-gala-salvador-dali.png\",\"contentUrl\":\"https:\\\/\\\/www.salvador-dali.org\\\/wp-content\\\/uploads\\\/2025\\\/04\\\/fundacio-gala-salvador-dali.png\",\"width\":240,\"height\":240,\"caption\":\"Fundaci\u00f3 Gala - Salvador Dal\u00ed\"},\"image\":{\"@id\":\"https:\\\/\\\/www.salvador-dali.org\\\/es\\\/#\\\/schema\\\/logo\\\/image\\\/\"},\"sameAs\":[\"https:\\\/\\\/www.facebook.com\\\/MuseusDali\",\"https:\\\/\\\/x.com\\\/MuseuDali\",\"https:\\\/\\\/www.youtube.com\\\/user\\\/FundacioDali\",\"https:\\\/\\\/www.flickr.com\\\/fundacio_dali\\\/\",\"https:\\\/\\\/instagram.com\\\/museudali\"]}]}<\/script>\n<!-- \/ Yoast SEO plugin. -->","yoast_head_json":{"title":"Pol\u00edtica de cookies - Fundaci\u00f3 Gala - Salvador Dal\u00ed","robots":{"index":"index","follow":"follow","max-snippet":"max-snippet:-1","max-image-preview":"max-image-preview:large","max-video-preview":"max-video-preview:-1"},"canonical":"https:\/\/www.salvador-dali.org\/es\/politica-de-cookies\/","og_locale":"es_ES","og_type":"article","og_title":"Pol\u00edtica de cookies - Fundaci\u00f3 Gala - Salvador Dal\u00ed","og_description":"1. Definici\u00f3n y funci\u00f3n de las cookies. \u00bfQu\u00e9 son las cookies? Una cookie es un archivo que se descarga en su ordenador al acceder a determinadas p\u00e1ginas web. Las cookies permiten a una p\u00e1gina web, entre otras cosas, almacenar y recuperar informaci\u00f3n sobre los h\u00e1bitos de navegaci\u00f3n de un usuario o de su equipo y, [&hellip;]","og_url":"https:\/\/www.salvador-dali.org\/es\/politica-de-cookies\/","og_site_name":"Fundaci\u00f3 Gala - Salvador Dal\u00ed","article_publisher":"https:\/\/www.facebook.com\/MuseusDali","article_modified_time":"2025-07-01T20:07:40+00:00","twitter_card":"summary_large_image","twitter_site":"@MuseuDali","twitter_misc":{"Tiempo de lectura":"5 minutos"},"schema":{"@context":"https:\/\/schema.org","@graph":[{"@type":"WebPage","@id":"https:\/\/www.salvador-dali.org\/es\/politica-de-cookies\/","url":"https:\/\/www.salvador-dali.org\/es\/politica-de-cookies\/","name":"Pol\u00edtica de cookies - Fundaci\u00f3 Gala - Salvador Dal\u00ed","isPartOf":{"@id":"https:\/\/www.salvador-dali.org\/es\/#website"},"datePublished":"2025-05-12T06:27:07+00:00","dateModified":"2025-07-01T20:07:40+00:00","breadcrumb":{"@id":"https:\/\/www.salvador-dali.org\/es\/politica-de-cookies\/#breadcrumb"},"inLanguage":"es","potentialAction":[{"@type":"ReadAction","target":["https:\/\/www.salvador-dali.org\/es\/politica-de-cookies\/"]}]},{"@type":"BreadcrumbList","@id":"https:\/\/www.salvador-dali.org\/es\/politica-de-cookies\/#breadcrumb","itemListElement":[{"@type":"ListItem","position":1,"name":"Inici","item":"https:\/\/www.salvador-dali.org\/es\/"},{"@type":"ListItem","position":2,"name":"Pol\u00edtica de cookies"}]},{"@type":"WebSite","@id":"https:\/\/www.salvador-dali.org\/es\/#website","url":"https:\/\/www.salvador-dali.org\/es\/","name":"Fundaci\u00f3 Gala - Salvador Dal\u00ed","description":"","publisher":{"@id":"https:\/\/www.salvador-dali.org\/es\/#organization"},"potentialAction":[{"@type":"SearchAction","target":{"@type":"EntryPoint","urlTemplate":"https:\/\/www.salvador-dali.org\/es\/?s={search_term_string}"},"query-input":{"@type":"PropertyValueSpecification","valueRequired":true,"valueName":"search_term_string"}}],"inLanguage":"es"},{"@type":"Organization","@id":"https:\/\/www.salvador-dali.org\/es\/#organization","name":"Fundaci\u00f3 Gala - Salvador Dal\u00ed","url":"https:\/\/www.salvador-dali.org\/es\/","logo":{"@type":"ImageObject","inLanguage":"es","@id":"https:\/\/www.salvador-dali.org\/es\/#\/schema\/logo\/image\/","url":"https:\/\/www.salvador-dali.org\/wp-content\/uploads\/2025\/04\/fundacio-gala-salvador-dali.png","contentUrl":"https:\/\/www.salvador-dali.org\/wp-content\/uploads\/2025\/04\/fundacio-gala-salvador-dali.png","width":240,"height":240,"caption":"Fundaci\u00f3 Gala - Salvador Dal\u00ed"},"image":{"@id":"https:\/\/www.salvador-dali.org\/es\/#\/schema\/logo\/image\/"},"sameAs":["https:\/\/www.facebook.com\/MuseusDali","https:\/\/x.com\/MuseuDali","https:\/\/www.youtube.com\/user\/FundacioDali","https:\/\/www.flickr.com\/fundacio_dali\/","https:\/\/instagram.com\/museudali"]}]}},"_links":{"self":[{"href":"https:\/\/www.salvador-dali.org\/es\/wp-json\/wp\/v2\/pages\/12111","targetHints":{"allow":["GET"]}}],"collection":[{"href":"https:\/\/www.salvador-dali.org\/es\/wp-json\/wp\/v2\/pages"}],"about":[{"href":"https:\/\/www.salvador-dali.org\/es\/wp-json\/wp\/v2\/types\/page"}],"author":[{"embeddable":true,"href":"https:\/\/www.salvador-dali.org\/es\/wp-json\/wp\/v2\/users\/1"}],"replies":[{"embeddable":true,"href":"https:\/\/www.salvador-dali.org\/es\/wp-json\/wp\/v2\/comments?post=12111"}],"version-history":[{"count":0,"href":"https:\/\/www.salvador-dali.org\/es\/wp-json\/wp\/v2\/pages\/12111\/revisions"}],"wp:attachment":[{"href":"https:\/\/www.salvador-dali.org\/es\/wp-json\/wp\/v2\/media?parent=12111"}],"wp:term":[{"taxonomy":"category","embeddable":true,"href":"https:\/\/www.salvador-dali.org\/es\/wp-json\/wp\/v2\/categories?post=12111"},{"taxonomy":"post_tag","embeddable":true,"href":"https:\/\/www.salvador-dali.org\/es\/wp-json\/wp\/v2\/tags?post=12111"}],"curies":[{"name":"wp","href":"https:\/\/api.w.org\/{rel}","templated":true}]}}