{"id":12120,"date":"2024-12-18T16:43:06","date_gmt":"2024-12-18T14:43:06","guid":{"rendered":"https:\/\/www.salvador-dali.org\/privacitat\/"},"modified":"2025-11-13T13:22:58","modified_gmt":"2025-11-13T11:22:58","slug":"privacidad","status":"publish","type":"page","link":"https:\/\/www.salvador-dali.org\/es\/privacidad\/","title":{"rendered":"Pol\u00edtica de privacidad y protecci\u00f3n de datos"},"content":{"rendered":"\n<div class=\"wp-block-columns global-column is-layout-flex wp-container-core-columns-is-layout-9d6595d7 wp-block-columns-is-layout-flex\">\n<div class=\"wp-block-column is-layout-flow wp-block-column-is-layout-flow\">\n<p><strong>Introducci\u00f3n<\/strong>: Con la informaci\u00f3n que se le proporciona a continuaci\u00f3n, la FUNDACI\u00d3 GALA-SALVADOR DAL\u00cd (la Fundaci\u00f3n) quiere informarle sobre la pol\u00edtica de privacidad que aplica en lo que se refiere a sus datos personales.<\/p>\n\n\n\n<p><strong>Cumplimiento de la normativa de protecci\u00f3n de datos<\/strong>: la FUNDACI\u00d3 GALA-SALVADOR DAL\u00cd cumple todos los requisitos establecidos por la normativa vigente en materia de protecci\u00f3n de datos personales, y todos los datos bajo nuestra responsabilidad son tratados de acuerdo con las exigencias legales.<\/p>\n\n\n\n<p><strong>Medidas de seguridad<\/strong>: respecto a los datos que nos facilite, se adoptar\u00e1n las debidas medidas de seguridad tanto t\u00e9cnicas como organizativas a fin de garantizar su confidencialidad.<\/p>\n\n\n\n<p><strong>Finalidades<\/strong>: le informamos de que los datos personales que nos facilite as\u00ed como aquellos que se obtengan con motivo de su relaci\u00f3n con nosotros ser\u00e1n incorporados a un fichero o ficheros responsabilidad de la FUNDACI\u00d3 GALA-SALVADOR DAL\u00cd y se utilizar\u00e1n principalmente para los siguientes fines:<\/p>\n\n\n\n<ol class=\"wp-block-list\">\n<li>Gesti\u00f3n de administraci\u00f3n general, mantenimiento, cumplimiento, desarrollo, control y gesti\u00f3n de su relaci\u00f3n con nosotros as\u00ed como de cualquier servicio que podamos ofrecer.<\/li>\n\n\n\n<li>Contacto: para poder gestionar su contacto con nosotros y las peticiones o consultas que nos formule, por ejemplo, y sin car\u00e1cter exhaustivo, la petici\u00f3n de im\u00e1genes de obra y fotos de Dal\u00ed, la petici\u00f3n de visitas guiadas did\u00e1cticas, etc.<\/li>\n\n\n\n<li>Comercializar e informar de las actividades, los productos y\/o los servicios art\u00edsticos y\/o culturales propios o de terceros -por ejemplo, de Distribucions d&#8217;Art Surrealista- por cualquier medio, incluso por correo electr\u00f3nico o similar. En el caso de que no desee recibir informaciones publicitarias, marque la casilla de oposici\u00f3n a la remisi\u00f3n de env\u00edos informativos.<\/li>\n\n\n\n<li>Hacerse socio de Amics dels Museus Dal\u00ed.<\/li>\n\n\n\n<li>Solicitar peritajes de obra, de manera que la Comisi\u00f3n de Acreditaci\u00f3n y Catalogaci\u00f3n pueda analizar pinturas y dibujos a fin de determinar su autenticidad (es decir, garantizar que se trata de una obra de Salvador Dal\u00ed) y su valor de mercado.<\/li>\n\n\n\n<li>Cat\u00e1logo razonado. A trav\u00e9s del formulario de contacto habilitado en este apartado del sitio web, el usuario podr\u00e1 facilitar informaci\u00f3n de la propiedad de la obra de Salvador Dal\u00ed para que aparezca publicada en este sitio web. El propietario podr\u00e1 identificarse o recurrir al anonimato.<\/li>\n\n\n\n<li>Enviar su curr\u00edculum para poder ser incluido en los procesos de selecci\u00f3n de personal laboral o en pr\u00e1cticas de la Fundaci\u00f3n; estos datos se conservar\u00e1n durante un plazo m\u00e1ximo de dos a\u00f1os con la finalidad de ser tenidos en cuenta en los diferentes procesos de selecci\u00f3n que se vayan produciendo.<\/li>\n\n\n\n<li>Acceder y, en su caso, contratar los diversos productos o servicios que en cada momento sean ofrecidos o prestados por la Fundaci\u00f3n a trav\u00e9s de este sitio web, como la reserva y\/o venta de entradas de Museos, la solicitud de filmaci\u00f3n y de realizaci\u00f3n de reportajes fotogr\u00e1ficos o la compra de material fotogr\u00e1fico y la cesi\u00f3n de derechos de reproducci\u00f3n.<\/li>\n\n\n\n<li>Redes sociales: ponemos en su conocimiento que estamos presentes en diversas redes sociales. El tratamiento de los datos de las personas que se hagan seguidoras (y\/o establezcan cualquier v\u00ednculo o acci\u00f3n de conexi\u00f3n a trav\u00e9s de las redes sociales) de las p\u00e1ginas oficiales de la Fundaci\u00f3n en las redes sociales se regir\u00e1 por el presente Aviso Legal de la web de la Fundaci\u00f3n as\u00ed como por las condiciones de uso, pol\u00edticas de privacidad y otras normas de acceso y uso, o similares, que pertenezcan a la red social que corresponda. La Fundaci\u00f3n tratar\u00e1 sus datos con las finalidades de administrar correctamente su presencia en la red social en cuesti\u00f3n, informar de actividades, productos o servicios de la propia Fundaci\u00f3n o de terceros que pudieran estar relacionados con nuestra actividad, as\u00ed como para cualquier otra finalidad que las normativas de las redes sociales permitan.<\/li>\n\n\n\n<li>Registro: gestionar su registro, acceso y uso de la parte privada de la web.<\/li>\n\n\n\n<li>Le informamos de que sus datos personales no ser\u00e1n segmentados.<\/li>\n\n\n\n<li>No obstante, sus datos podr\u00e1n ser comunicados para el cumplimiento de las obligaciones legales y\/o contractuales que pudieran existir.<\/li>\n<\/ol>\n\n\n\n<p>Antes de facilitarnos datos personales de un tercero deber\u00e1 haber informado a dicho tercero y solicitado su consentimiento respecto a los puntos aqu\u00ed expuestos.<\/p>\n\n\n\n<p><strong>Cookies<\/strong>: en nuestra p\u00e1gina web no hay hiperv\u00ednculos que permitan la comunicaci\u00f3n de sus datos a otras p\u00e1ginas web. En relaci\u00f3n con las cookies nos remitimos al contenido del apartado \u00ab<a href=\"https:\/\/www.salvador-dali.org\/es\/politica-de-cookies\/\">Pol\u00edtica de cookies<\/a>\u00bb.<\/p>\n\n\n\n<p>Derechos de los afectados: en caso necesario, puede ejercer sus derechos de acceso, rectificaci\u00f3n, cancelaci\u00f3n y oposici\u00f3n dirigiendo un escrito, junto con una copia de un documento oficial que le identifique, a la FUNDACI\u00d3 GALA-SALVADOR DAL\u00cd, con domicilio en Torre Galatea, Pujada del Castell, 28, 17600 Figueres, o bien enviando un e-mail a&nbsp;<a href=\"mailto:comunicacio@fundaciodali.org\">comunicacio@fundaciodali.org<\/a>. En el sobre o en el asunto de estas comunicaciones deber\u00e1 incluir la menci\u00f3n: \u00abFUNDACI\u00d3 GALA-SALVADOR DAL\u00cd, Pol\u00edtica de Privacidad\u00bb.<\/p>\n\n\n\n<p>Al facilitarnos sus datos entendemos que nos autoriza expresamente a realizar el tratamiento de los mismos de conformidad con lo descrito m\u00e1s arriba.<\/p>\n<\/div>\n<\/div>\n","protected":false},"excerpt":{"rendered":"<p>Introducci\u00f3n: Con la informaci\u00f3n que se le proporciona a continuaci\u00f3n, la FUNDACI\u00d3 GALA-SALVADOR DAL\u00cd (la Fundaci\u00f3n) quiere informarle sobre la pol\u00edtica de privacidad que aplica en lo que se refiere a sus datos personales. Cumplimiento de la normativa de protecci\u00f3n de datos: la FUNDACI\u00d3 GALA-SALVADOR DAL\u00cd cumple todos los requisitos establecidos por la normativa vigente [&hellip;]<\/p>\n","protected":false},"author":1,"featured_media":0,"parent":0,"menu_order":12,"comment_status":"closed","ping_status":"open","template":"","meta":{"_acf_changed":false,"_coblocks_attr":"","_coblocks_dimensions":"","_coblocks_responsive_height":"","_coblocks_accordion_ie_support":"","footnotes":""},"categories":[],"tags":[],"class_list":["post-12120","page","type-page","status-publish","hentry"],"acf":[],"yoast_head":"<!-- This site is optimized with the Yoast SEO plugin v27.4 - https:\/\/yoast.com\/product\/yoast-seo-wordpress\/ -->\n<title>Pol\u00edtica de privacidad y protecci\u00f3n de datos - Fundaci\u00f3 Gala - Salvador Dal\u00ed<\/title>\n<meta name=\"robots\" content=\"index, follow, max-snippet:-1, max-image-preview:large, max-video-preview:-1\" \/>\n<link rel=\"canonical\" href=\"https:\/\/www.salvador-dali.org\/es\/privacidad\/\" \/>\n<meta property=\"og:locale\" content=\"es_ES\" \/>\n<meta property=\"og:type\" content=\"article\" \/>\n<meta property=\"og:title\" content=\"Pol\u00edtica de privacidad y protecci\u00f3n de datos - Fundaci\u00f3 Gala - Salvador Dal\u00ed\" \/>\n<meta property=\"og:description\" content=\"Introducci\u00f3n: Con la informaci\u00f3n que se le proporciona a continuaci\u00f3n, la FUNDACI\u00d3 GALA-SALVADOR DAL\u00cd (la Fundaci\u00f3n) quiere informarle sobre la pol\u00edtica de privacidad que aplica en lo que se refiere a sus datos personales. Cumplimiento de la normativa de protecci\u00f3n de datos: la FUNDACI\u00d3 GALA-SALVADOR DAL\u00cd cumple todos los requisitos establecidos por la normativa vigente [&hellip;]\" \/>\n<meta property=\"og:url\" content=\"https:\/\/www.salvador-dali.org\/es\/privacidad\/\" \/>\n<meta property=\"og:site_name\" content=\"Fundaci\u00f3 Gala - Salvador Dal\u00ed\" \/>\n<meta property=\"article:publisher\" content=\"https:\/\/www.facebook.com\/MuseusDali\" \/>\n<meta property=\"article:modified_time\" content=\"2025-11-13T11:22:58+00:00\" \/>\n<meta name=\"twitter:card\" content=\"summary_large_image\" \/>\n<meta name=\"twitter:site\" content=\"@MuseuDali\" \/>\n<meta name=\"twitter:label1\" content=\"Tiempo de lectura\" \/>\n\t<meta name=\"twitter:data1\" content=\"4 minutos\" \/>\n<script type=\"application\/ld+json\" class=\"yoast-schema-graph\">{\"@context\":\"https:\\\/\\\/schema.org\",\"@graph\":[{\"@type\":\"WebPage\",\"@id\":\"https:\\\/\\\/www.salvador-dali.org\\\/es\\\/privacidad\\\/\",\"url\":\"https:\\\/\\\/www.salvador-dali.org\\\/es\\\/privacidad\\\/\",\"name\":\"Pol\u00edtica de privacidad y protecci\u00f3n de datos - Fundaci\u00f3 Gala - Salvador Dal\u00ed\",\"isPartOf\":{\"@id\":\"https:\\\/\\\/www.salvador-dali.org\\\/es\\\/#website\"},\"datePublished\":\"2024-12-18T14:43:06+00:00\",\"dateModified\":\"2025-11-13T11:22:58+00:00\",\"breadcrumb\":{\"@id\":\"https:\\\/\\\/www.salvador-dali.org\\\/es\\\/privacidad\\\/#breadcrumb\"},\"inLanguage\":\"es\",\"potentialAction\":[{\"@type\":\"ReadAction\",\"target\":[\"https:\\\/\\\/www.salvador-dali.org\\\/es\\\/privacidad\\\/\"]}]},{\"@type\":\"BreadcrumbList\",\"@id\":\"https:\\\/\\\/www.salvador-dali.org\\\/es\\\/privacidad\\\/#breadcrumb\",\"itemListElement\":[{\"@type\":\"ListItem\",\"position\":1,\"name\":\"Inici\",\"item\":\"https:\\\/\\\/www.salvador-dali.org\\\/es\\\/\"},{\"@type\":\"ListItem\",\"position\":2,\"name\":\"Pol\u00edtica de privacidad y protecci\u00f3n de datos\"}]},{\"@type\":\"WebSite\",\"@id\":\"https:\\\/\\\/www.salvador-dali.org\\\/es\\\/#website\",\"url\":\"https:\\\/\\\/www.salvador-dali.org\\\/es\\\/\",\"name\":\"Fundaci\u00f3 Gala - Salvador Dal\u00ed\",\"description\":\"\",\"publisher\":{\"@id\":\"https:\\\/\\\/www.salvador-dali.org\\\/es\\\/#organization\"},\"potentialAction\":[{\"@type\":\"SearchAction\",\"target\":{\"@type\":\"EntryPoint\",\"urlTemplate\":\"https:\\\/\\\/www.salvador-dali.org\\\/es\\\/?s={search_term_string}\"},\"query-input\":{\"@type\":\"PropertyValueSpecification\",\"valueRequired\":true,\"valueName\":\"search_term_string\"}}],\"inLanguage\":\"es\"},{\"@type\":\"Organization\",\"@id\":\"https:\\\/\\\/www.salvador-dali.org\\\/es\\\/#organization\",\"name\":\"Fundaci\u00f3 Gala - Salvador Dal\u00ed\",\"url\":\"https:\\\/\\\/www.salvador-dali.org\\\/es\\\/\",\"logo\":{\"@type\":\"ImageObject\",\"inLanguage\":\"es\",\"@id\":\"https:\\\/\\\/www.salvador-dali.org\\\/es\\\/#\\\/schema\\\/logo\\\/image\\\/\",\"url\":\"https:\\\/\\\/www.salvador-dali.org\\\/wp-content\\\/uploads\\\/2025\\\/04\\\/fundacio-gala-salvador-dali.png\",\"contentUrl\":\"https:\\\/\\\/www.salvador-dali.org\\\/wp-content\\\/uploads\\\/2025\\\/04\\\/fundacio-gala-salvador-dali.png\",\"width\":240,\"height\":240,\"caption\":\"Fundaci\u00f3 Gala - Salvador Dal\u00ed\"},\"image\":{\"@id\":\"https:\\\/\\\/www.salvador-dali.org\\\/es\\\/#\\\/schema\\\/logo\\\/image\\\/\"},\"sameAs\":[\"https:\\\/\\\/www.facebook.com\\\/MuseusDali\",\"https:\\\/\\\/x.com\\\/MuseuDali\",\"https:\\\/\\\/www.youtube.com\\\/user\\\/FundacioDali\",\"https:\\\/\\\/www.flickr.com\\\/fundacio_dali\\\/\",\"https:\\\/\\\/instagram.com\\\/museudali\"]}]}<\/script>\n<!-- \/ Yoast SEO plugin. -->","yoast_head_json":{"title":"Pol\u00edtica de privacidad y protecci\u00f3n de datos - Fundaci\u00f3 Gala - Salvador Dal\u00ed","robots":{"index":"index","follow":"follow","max-snippet":"max-snippet:-1","max-image-preview":"max-image-preview:large","max-video-preview":"max-video-preview:-1"},"canonical":"https:\/\/www.salvador-dali.org\/es\/privacidad\/","og_locale":"es_ES","og_type":"article","og_title":"Pol\u00edtica de privacidad y protecci\u00f3n de datos - Fundaci\u00f3 Gala - Salvador Dal\u00ed","og_description":"Introducci\u00f3n: Con la informaci\u00f3n que se le proporciona a continuaci\u00f3n, la FUNDACI\u00d3 GALA-SALVADOR DAL\u00cd (la Fundaci\u00f3n) quiere informarle sobre la pol\u00edtica de privacidad que aplica en lo que se refiere a sus datos personales. Cumplimiento de la normativa de protecci\u00f3n de datos: la FUNDACI\u00d3 GALA-SALVADOR DAL\u00cd cumple todos los requisitos establecidos por la normativa vigente [&hellip;]","og_url":"https:\/\/www.salvador-dali.org\/es\/privacidad\/","og_site_name":"Fundaci\u00f3 Gala - Salvador Dal\u00ed","article_publisher":"https:\/\/www.facebook.com\/MuseusDali","article_modified_time":"2025-11-13T11:22:58+00:00","twitter_card":"summary_large_image","twitter_site":"@MuseuDali","twitter_misc":{"Tiempo de lectura":"4 minutos"},"schema":{"@context":"https:\/\/schema.org","@graph":[{"@type":"WebPage","@id":"https:\/\/www.salvador-dali.org\/es\/privacidad\/","url":"https:\/\/www.salvador-dali.org\/es\/privacidad\/","name":"Pol\u00edtica de privacidad y protecci\u00f3n de datos - Fundaci\u00f3 Gala - Salvador Dal\u00ed","isPartOf":{"@id":"https:\/\/www.salvador-dali.org\/es\/#website"},"datePublished":"2024-12-18T14:43:06+00:00","dateModified":"2025-11-13T11:22:58+00:00","breadcrumb":{"@id":"https:\/\/www.salvador-dali.org\/es\/privacidad\/#breadcrumb"},"inLanguage":"es","potentialAction":[{"@type":"ReadAction","target":["https:\/\/www.salvador-dali.org\/es\/privacidad\/"]}]},{"@type":"BreadcrumbList","@id":"https:\/\/www.salvador-dali.org\/es\/privacidad\/#breadcrumb","itemListElement":[{"@type":"ListItem","position":1,"name":"Inici","item":"https:\/\/www.salvador-dali.org\/es\/"},{"@type":"ListItem","position":2,"name":"Pol\u00edtica de privacidad y protecci\u00f3n de datos"}]},{"@type":"WebSite","@id":"https:\/\/www.salvador-dali.org\/es\/#website","url":"https:\/\/www.salvador-dali.org\/es\/","name":"Fundaci\u00f3 Gala - Salvador Dal\u00ed","description":"","publisher":{"@id":"https:\/\/www.salvador-dali.org\/es\/#organization"},"potentialAction":[{"@type":"SearchAction","target":{"@type":"EntryPoint","urlTemplate":"https:\/\/www.salvador-dali.org\/es\/?s={search_term_string}"},"query-input":{"@type":"PropertyValueSpecification","valueRequired":true,"valueName":"search_term_string"}}],"inLanguage":"es"},{"@type":"Organization","@id":"https:\/\/www.salvador-dali.org\/es\/#organization","name":"Fundaci\u00f3 Gala - Salvador Dal\u00ed","url":"https:\/\/www.salvador-dali.org\/es\/","logo":{"@type":"ImageObject","inLanguage":"es","@id":"https:\/\/www.salvador-dali.org\/es\/#\/schema\/logo\/image\/","url":"https:\/\/www.salvador-dali.org\/wp-content\/uploads\/2025\/04\/fundacio-gala-salvador-dali.png","contentUrl":"https:\/\/www.salvador-dali.org\/wp-content\/uploads\/2025\/04\/fundacio-gala-salvador-dali.png","width":240,"height":240,"caption":"Fundaci\u00f3 Gala - Salvador Dal\u00ed"},"image":{"@id":"https:\/\/www.salvador-dali.org\/es\/#\/schema\/logo\/image\/"},"sameAs":["https:\/\/www.facebook.com\/MuseusDali","https:\/\/x.com\/MuseuDali","https:\/\/www.youtube.com\/user\/FundacioDali","https:\/\/www.flickr.com\/fundacio_dali\/","https:\/\/instagram.com\/museudali"]}]}},"_links":{"self":[{"href":"https:\/\/www.salvador-dali.org\/es\/wp-json\/wp\/v2\/pages\/12120","targetHints":{"allow":["GET"]}}],"collection":[{"href":"https:\/\/www.salvador-dali.org\/es\/wp-json\/wp\/v2\/pages"}],"about":[{"href":"https:\/\/www.salvador-dali.org\/es\/wp-json\/wp\/v2\/types\/page"}],"author":[{"embeddable":true,"href":"https:\/\/www.salvador-dali.org\/es\/wp-json\/wp\/v2\/users\/1"}],"replies":[{"embeddable":true,"href":"https:\/\/www.salvador-dali.org\/es\/wp-json\/wp\/v2\/comments?post=12120"}],"version-history":[{"count":1,"href":"https:\/\/www.salvador-dali.org\/es\/wp-json\/wp\/v2\/pages\/12120\/revisions"}],"predecessor-version":[{"id":14331,"href":"https:\/\/www.salvador-dali.org\/es\/wp-json\/wp\/v2\/pages\/12120\/revisions\/14331"}],"wp:attachment":[{"href":"https:\/\/www.salvador-dali.org\/es\/wp-json\/wp\/v2\/media?parent=12120"}],"wp:term":[{"taxonomy":"category","embeddable":true,"href":"https:\/\/www.salvador-dali.org\/es\/wp-json\/wp\/v2\/categories?post=12120"},{"taxonomy":"post_tag","embeddable":true,"href":"https:\/\/www.salvador-dali.org\/es\/wp-json\/wp\/v2\/tags?post=12120"}],"curies":[{"name":"wp","href":"https:\/\/api.w.org\/{rel}","templated":true}]}}