{"id":14291,"date":"2025-12-10T08:55:00","date_gmt":"2025-12-10T07:55:00","guid":{"rendered":"https:\/\/www.salvador-dali.org\/?page_id=14291"},"modified":"2026-03-26T10:13:13","modified_gmt":"2026-03-26T09:13:13","slug":"dali-fellowship-programme","status":"publish","type":"page","link":"https:\/\/www.salvador-dali.org\/es\/fundacion-dali\/becas\/dali-fellowship-programme\/","title":{"rendered":"Dal\u00ed Fellowship Programme"},"content":{"rendered":"\n<div class=\"wp-block-columns col-text col-2 is-layout-flex wp-container-core-columns-is-layout-9d6595d7 wp-block-columns-is-layout-flex\">\n<div class=\"wp-block-column is-layout-flow wp-block-column-is-layout-flow\">\n<h2 class=\"wp-block-heading\">El programa<\/h2>\n<\/div>\n\n\n\n<div class=\"wp-block-column is-layout-flow wp-block-column-is-layout-flow\">\n<p>La Fundaci\u00f3 Gala-Salvador Dal\u00ed (FGSD) ha creado el Dal\u00ed Fellowship Programme, que tiene entre otros objetivos la promoci\u00f3n de la investigaci\u00f3n de la obra y el pensamiento de Salvador Dal\u00ed, el fomento de alianzas con universidades e instituciones reconocidas y la contribuci\u00f3n al intercambio de conocimientos entre investigadores y estudiosos del artista.<\/p>\n\n\n\n<p>Este 2026 se ha abierto la primera convocatoria de este programa de becas a trav\u00e9s de la concesi\u00f3n de dos becas individuales a investigadores y estudiosos destinadas a la elaboraci\u00f3n de proyectos de investigaci\u00f3n, preferentemente en los campos tem\u00e1ticos siguientes:<\/p>\n\n\n\n<ul class=\"wp-block-list\">\n<li>Dal\u00ed, la arquitectura y la escenograf\u00eda<\/li>\n\n\n\n<li>Dal\u00ed performativo<\/li>\n\n\n\n<li>Dal\u00ed y la ciencia<\/li>\n\n\n\n<li>Dal\u00ed y la cultura material<\/li>\n\n\n\n<li>Dal\u00ed y la moda<\/li>\n\n\n\n<li>Influencias de Dal\u00ed en el arte contempor\u00e1neo<\/li>\n<\/ul>\n\n\n\n<p>El programa de becas ofrece a las personas seleccionadas la oportunidad de llevar a cabo su investigaci\u00f3n en la sede de la FGSD en Figueres, que se halla al lado del Teatro-Museo Dal\u00ed. Las personas beneficiarias tendr\u00e1n, entre otras ventajas, acceso especial al uso de los recursos y bases de datos documentales, bibliogr\u00e1ficos y digitales de la FGSD, as\u00ed como un seguimiento tutorizado por parte de una persona especializada de la FGSD cercana a la tem\u00e1tica del proyecto, un espacio de trabajo en la sede de la FGSD y facilidades de alojamiento.<\/p>\n\n\n\n<p><strong><a href=\"https:\/\/www.salvador-dali.org\/wp-content\/uploads\/2025\/12\/ES_DFP_Convocatoria_2026.pdf\">Descarga las bases de la convocatoria 2026 (PDF)<\/a><\/strong><\/p>\n<\/div>\n<\/div>\n\n\n\n<div class=\"wp-block-columns col-text col-2 is-layout-flex wp-container-core-columns-is-layout-9d6595d7 wp-block-columns-is-layout-flex\">\n<div class=\"wp-block-column is-layout-flow wp-block-column-is-layout-flow\">\n<h2 class=\"wp-block-heading\">Resoluci\u00f3n de la convocatoria 2026<\/h2>\n<\/div>\n\n\n\n<div class=\"wp-block-column is-layout-flow wp-block-column-is-layout-flow\">\n<p>La Fundaci\u00f3 Gala-Salvador Dal\u00ed resuelve la convocatoria 2026 del Dal\u00ed Fellowship Programme.<\/p>\n\n\n\n<p><strong><a href=\"https:\/\/www.salvador-dali.org\/wp-content\/uploads\/2026\/03\/Resolucion_Convocatoria_2026_DFP_ES-1.pdf\">Descarga la resoluci\u00f3n de la convocatoria 2026 (PDF)<\/a><\/strong><\/p>\n<\/div>\n<\/div>\n","protected":false},"excerpt":{"rendered":"<p>El programa La Fundaci\u00f3 Gala-Salvador Dal\u00ed (FGSD) ha creado el Dal\u00ed Fellowship Programme, que tiene entre otros objetivos la promoci\u00f3n de la investigaci\u00f3n de la obra y el pensamiento de Salvador Dal\u00ed, el fomento de alianzas con universidades e instituciones reconocidas y la contribuci\u00f3n al intercambio de conocimientos entre investigadores y estudiosos del artista. Este [&hellip;]<\/p>\n","protected":false},"author":3,"featured_media":1386,"parent":14285,"menu_order":0,"comment_status":"closed","ping_status":"closed","template":"","meta":{"_acf_changed":false,"_coblocks_attr":"","_coblocks_dimensions":"","_coblocks_responsive_height":"","_coblocks_accordion_ie_support":"","footnotes":""},"categories":[],"tags":[],"class_list":["post-14291","page","type-page","status-publish","has-post-thumbnail","hentry"],"acf":[],"yoast_head":"<!-- This site is optimized with the Yoast SEO plugin v27.3 - https:\/\/yoast.com\/product\/yoast-seo-wordpress\/ -->\n<title>Dal\u00ed Fellowship Programme - Fundaci\u00f3 Gala - Salvador Dal\u00ed<\/title>\n<meta name=\"robots\" content=\"index, follow, max-snippet:-1, max-image-preview:large, max-video-preview:-1\" \/>\n<link rel=\"canonical\" href=\"https:\/\/www.salvador-dali.org\/es\/fundacion-dali\/becas\/dali-fellowship-programme\/\" \/>\n<meta property=\"og:locale\" content=\"es_ES\" \/>\n<meta property=\"og:type\" content=\"article\" \/>\n<meta property=\"og:title\" content=\"Dal\u00ed Fellowship Programme - Fundaci\u00f3 Gala - Salvador Dal\u00ed\" \/>\n<meta property=\"og:description\" content=\"El programa La Fundaci\u00f3 Gala-Salvador Dal\u00ed (FGSD) ha creado el Dal\u00ed Fellowship Programme, que tiene entre otros objetivos la promoci\u00f3n de la investigaci\u00f3n de la obra y el pensamiento de Salvador Dal\u00ed, el fomento de alianzas con universidades e instituciones reconocidas y la contribuci\u00f3n al intercambio de conocimientos entre investigadores y estudiosos del artista. Este [&hellip;]\" \/>\n<meta property=\"og:url\" content=\"https:\/\/www.salvador-dali.org\/es\/fundacion-dali\/becas\/dali-fellowship-programme\/\" \/>\n<meta property=\"og:site_name\" content=\"Fundaci\u00f3 Gala - Salvador Dal\u00ed\" \/>\n<meta property=\"article:publisher\" content=\"https:\/\/www.facebook.com\/MuseusDali\" \/>\n<meta property=\"article:modified_time\" content=\"2026-03-26T09:13:13+00:00\" \/>\n<meta property=\"og:image\" content=\"https:\/\/www.salvador-dali.org\/wp-content\/uploads\/2025\/02\/5068-e1747042033255.jpg\" \/>\n\t<meta property=\"og:image:width\" content=\"768\" \/>\n\t<meta property=\"og:image:height\" content=\"977\" \/>\n\t<meta property=\"og:image:type\" content=\"image\/jpeg\" \/>\n<meta name=\"twitter:card\" content=\"summary_large_image\" \/>\n<meta name=\"twitter:site\" content=\"@MuseuDali\" \/>\n<meta name=\"twitter:label1\" content=\"Tiempo de lectura\" \/>\n\t<meta name=\"twitter:data1\" content=\"2 minutos\" \/>\n<script type=\"application\/ld+json\" class=\"yoast-schema-graph\">{\"@context\":\"https:\\\/\\\/schema.org\",\"@graph\":[{\"@type\":\"WebPage\",\"@id\":\"https:\\\/\\\/www.salvador-dali.org\\\/es\\\/fundacion-dali\\\/becas\\\/dali-fellowship-programme\\\/\",\"url\":\"https:\\\/\\\/www.salvador-dali.org\\\/es\\\/fundacion-dali\\\/becas\\\/dali-fellowship-programme\\\/\",\"name\":\"Dal\u00ed Fellowship Programme - Fundaci\u00f3 Gala - Salvador Dal\u00ed\",\"isPartOf\":{\"@id\":\"https:\\\/\\\/www.salvador-dali.org\\\/es\\\/#website\"},\"primaryImageOfPage\":{\"@id\":\"https:\\\/\\\/www.salvador-dali.org\\\/es\\\/fundacion-dali\\\/becas\\\/dali-fellowship-programme\\\/#primaryimage\"},\"image\":{\"@id\":\"https:\\\/\\\/www.salvador-dali.org\\\/es\\\/fundacion-dali\\\/becas\\\/dali-fellowship-programme\\\/#primaryimage\"},\"thumbnailUrl\":\"https:\\\/\\\/www.salvador-dali.org\\\/wp-content\\\/uploads\\\/2025\\\/02\\\/5068-e1747042033255.jpg\",\"datePublished\":\"2025-12-10T07:55:00+00:00\",\"dateModified\":\"2026-03-26T09:13:13+00:00\",\"breadcrumb\":{\"@id\":\"https:\\\/\\\/www.salvador-dali.org\\\/es\\\/fundacion-dali\\\/becas\\\/dali-fellowship-programme\\\/#breadcrumb\"},\"inLanguage\":\"es\",\"potentialAction\":[{\"@type\":\"ReadAction\",\"target\":[\"https:\\\/\\\/www.salvador-dali.org\\\/es\\\/fundacion-dali\\\/becas\\\/dali-fellowship-programme\\\/\"]}]},{\"@type\":\"ImageObject\",\"inLanguage\":\"es\",\"@id\":\"https:\\\/\\\/www.salvador-dali.org\\\/es\\\/fundacion-dali\\\/becas\\\/dali-fellowship-programme\\\/#primaryimage\",\"url\":\"https:\\\/\\\/www.salvador-dali.org\\\/wp-content\\\/uploads\\\/2025\\\/02\\\/5068-e1747042033255.jpg\",\"contentUrl\":\"https:\\\/\\\/www.salvador-dali.org\\\/wp-content\\\/uploads\\\/2025\\\/02\\\/5068-e1747042033255.jpg\",\"width\":768,\"height\":977,\"caption\":\"Salvador Dal\u00ed escrivint La vida secreta de Salvador Dal\u00ed a Hampton Manor, Virginia, 1941. Eric Schaal \u00a9 Derechos de imagen de Salvador Dal\u00ed reservados. Fundaci\u00f3n Gala-Salvador Dal\u00ed, Figueras, 2025\"},{\"@type\":\"BreadcrumbList\",\"@id\":\"https:\\\/\\\/www.salvador-dali.org\\\/es\\\/fundacion-dali\\\/becas\\\/dali-fellowship-programme\\\/#breadcrumb\",\"itemListElement\":[{\"@type\":\"ListItem\",\"position\":1,\"name\":\"Inici\",\"item\":\"https:\\\/\\\/www.salvador-dali.org\\\/es\\\/\"},{\"@type\":\"ListItem\",\"position\":2,\"name\":\"Dal\u00ed Fellowship Programme\"}]},{\"@type\":\"WebSite\",\"@id\":\"https:\\\/\\\/www.salvador-dali.org\\\/es\\\/#website\",\"url\":\"https:\\\/\\\/www.salvador-dali.org\\\/es\\\/\",\"name\":\"Fundaci\u00f3 Gala - Salvador Dal\u00ed\",\"description\":\"\",\"publisher\":{\"@id\":\"https:\\\/\\\/www.salvador-dali.org\\\/es\\\/#organization\"},\"potentialAction\":[{\"@type\":\"SearchAction\",\"target\":{\"@type\":\"EntryPoint\",\"urlTemplate\":\"https:\\\/\\\/www.salvador-dali.org\\\/es\\\/?s={search_term_string}\"},\"query-input\":{\"@type\":\"PropertyValueSpecification\",\"valueRequired\":true,\"valueName\":\"search_term_string\"}}],\"inLanguage\":\"es\"},{\"@type\":\"Organization\",\"@id\":\"https:\\\/\\\/www.salvador-dali.org\\\/es\\\/#organization\",\"name\":\"Fundaci\u00f3 Gala - Salvador Dal\u00ed\",\"url\":\"https:\\\/\\\/www.salvador-dali.org\\\/es\\\/\",\"logo\":{\"@type\":\"ImageObject\",\"inLanguage\":\"es\",\"@id\":\"https:\\\/\\\/www.salvador-dali.org\\\/es\\\/#\\\/schema\\\/logo\\\/image\\\/\",\"url\":\"https:\\\/\\\/www.salvador-dali.org\\\/wp-content\\\/uploads\\\/2025\\\/04\\\/fundacio-gala-salvador-dali.png\",\"contentUrl\":\"https:\\\/\\\/www.salvador-dali.org\\\/wp-content\\\/uploads\\\/2025\\\/04\\\/fundacio-gala-salvador-dali.png\",\"width\":240,\"height\":240,\"caption\":\"Fundaci\u00f3 Gala - Salvador Dal\u00ed\"},\"image\":{\"@id\":\"https:\\\/\\\/www.salvador-dali.org\\\/es\\\/#\\\/schema\\\/logo\\\/image\\\/\"},\"sameAs\":[\"https:\\\/\\\/www.facebook.com\\\/MuseusDali\",\"https:\\\/\\\/x.com\\\/MuseuDali\",\"https:\\\/\\\/www.youtube.com\\\/user\\\/FundacioDali\",\"https:\\\/\\\/www.flickr.com\\\/fundacio_dali\\\/\",\"https:\\\/\\\/instagram.com\\\/museudali\"]}]}<\/script>\n<!-- \/ Yoast SEO plugin. -->","yoast_head_json":{"title":"Dal\u00ed Fellowship Programme - Fundaci\u00f3 Gala - Salvador Dal\u00ed","robots":{"index":"index","follow":"follow","max-snippet":"max-snippet:-1","max-image-preview":"max-image-preview:large","max-video-preview":"max-video-preview:-1"},"canonical":"https:\/\/www.salvador-dali.org\/es\/fundacion-dali\/becas\/dali-fellowship-programme\/","og_locale":"es_ES","og_type":"article","og_title":"Dal\u00ed Fellowship Programme - Fundaci\u00f3 Gala - Salvador Dal\u00ed","og_description":"El programa La Fundaci\u00f3 Gala-Salvador Dal\u00ed (FGSD) ha creado el Dal\u00ed Fellowship Programme, que tiene entre otros objetivos la promoci\u00f3n de la investigaci\u00f3n de la obra y el pensamiento de Salvador Dal\u00ed, el fomento de alianzas con universidades e instituciones reconocidas y la contribuci\u00f3n al intercambio de conocimientos entre investigadores y estudiosos del artista. Este [&hellip;]","og_url":"https:\/\/www.salvador-dali.org\/es\/fundacion-dali\/becas\/dali-fellowship-programme\/","og_site_name":"Fundaci\u00f3 Gala - Salvador Dal\u00ed","article_publisher":"https:\/\/www.facebook.com\/MuseusDali","article_modified_time":"2026-03-26T09:13:13+00:00","og_image":[{"width":768,"height":977,"url":"https:\/\/www.salvador-dali.org\/wp-content\/uploads\/2025\/02\/5068-e1747042033255.jpg","type":"image\/jpeg"}],"twitter_card":"summary_large_image","twitter_site":"@MuseuDali","twitter_misc":{"Tiempo de lectura":"2 minutos"},"schema":{"@context":"https:\/\/schema.org","@graph":[{"@type":"WebPage","@id":"https:\/\/www.salvador-dali.org\/es\/fundacion-dali\/becas\/dali-fellowship-programme\/","url":"https:\/\/www.salvador-dali.org\/es\/fundacion-dali\/becas\/dali-fellowship-programme\/","name":"Dal\u00ed Fellowship Programme - Fundaci\u00f3 Gala - Salvador Dal\u00ed","isPartOf":{"@id":"https:\/\/www.salvador-dali.org\/es\/#website"},"primaryImageOfPage":{"@id":"https:\/\/www.salvador-dali.org\/es\/fundacion-dali\/becas\/dali-fellowship-programme\/#primaryimage"},"image":{"@id":"https:\/\/www.salvador-dali.org\/es\/fundacion-dali\/becas\/dali-fellowship-programme\/#primaryimage"},"thumbnailUrl":"https:\/\/www.salvador-dali.org\/wp-content\/uploads\/2025\/02\/5068-e1747042033255.jpg","datePublished":"2025-12-10T07:55:00+00:00","dateModified":"2026-03-26T09:13:13+00:00","breadcrumb":{"@id":"https:\/\/www.salvador-dali.org\/es\/fundacion-dali\/becas\/dali-fellowship-programme\/#breadcrumb"},"inLanguage":"es","potentialAction":[{"@type":"ReadAction","target":["https:\/\/www.salvador-dali.org\/es\/fundacion-dali\/becas\/dali-fellowship-programme\/"]}]},{"@type":"ImageObject","inLanguage":"es","@id":"https:\/\/www.salvador-dali.org\/es\/fundacion-dali\/becas\/dali-fellowship-programme\/#primaryimage","url":"https:\/\/www.salvador-dali.org\/wp-content\/uploads\/2025\/02\/5068-e1747042033255.jpg","contentUrl":"https:\/\/www.salvador-dali.org\/wp-content\/uploads\/2025\/02\/5068-e1747042033255.jpg","width":768,"height":977,"caption":"Salvador Dal\u00ed escrivint La vida secreta de Salvador Dal\u00ed a Hampton Manor, Virginia, 1941. Eric Schaal \u00a9 Derechos de imagen de Salvador Dal\u00ed reservados. Fundaci\u00f3n Gala-Salvador Dal\u00ed, Figueras, 2025"},{"@type":"BreadcrumbList","@id":"https:\/\/www.salvador-dali.org\/es\/fundacion-dali\/becas\/dali-fellowship-programme\/#breadcrumb","itemListElement":[{"@type":"ListItem","position":1,"name":"Inici","item":"https:\/\/www.salvador-dali.org\/es\/"},{"@type":"ListItem","position":2,"name":"Dal\u00ed Fellowship Programme"}]},{"@type":"WebSite","@id":"https:\/\/www.salvador-dali.org\/es\/#website","url":"https:\/\/www.salvador-dali.org\/es\/","name":"Fundaci\u00f3 Gala - Salvador Dal\u00ed","description":"","publisher":{"@id":"https:\/\/www.salvador-dali.org\/es\/#organization"},"potentialAction":[{"@type":"SearchAction","target":{"@type":"EntryPoint","urlTemplate":"https:\/\/www.salvador-dali.org\/es\/?s={search_term_string}"},"query-input":{"@type":"PropertyValueSpecification","valueRequired":true,"valueName":"search_term_string"}}],"inLanguage":"es"},{"@type":"Organization","@id":"https:\/\/www.salvador-dali.org\/es\/#organization","name":"Fundaci\u00f3 Gala - Salvador Dal\u00ed","url":"https:\/\/www.salvador-dali.org\/es\/","logo":{"@type":"ImageObject","inLanguage":"es","@id":"https:\/\/www.salvador-dali.org\/es\/#\/schema\/logo\/image\/","url":"https:\/\/www.salvador-dali.org\/wp-content\/uploads\/2025\/04\/fundacio-gala-salvador-dali.png","contentUrl":"https:\/\/www.salvador-dali.org\/wp-content\/uploads\/2025\/04\/fundacio-gala-salvador-dali.png","width":240,"height":240,"caption":"Fundaci\u00f3 Gala - Salvador Dal\u00ed"},"image":{"@id":"https:\/\/www.salvador-dali.org\/es\/#\/schema\/logo\/image\/"},"sameAs":["https:\/\/www.facebook.com\/MuseusDali","https:\/\/x.com\/MuseuDali","https:\/\/www.youtube.com\/user\/FundacioDali","https:\/\/www.flickr.com\/fundacio_dali\/","https:\/\/instagram.com\/museudali"]}]}},"_links":{"self":[{"href":"https:\/\/www.salvador-dali.org\/es\/wp-json\/wp\/v2\/pages\/14291","targetHints":{"allow":["GET"]}}],"collection":[{"href":"https:\/\/www.salvador-dali.org\/es\/wp-json\/wp\/v2\/pages"}],"about":[{"href":"https:\/\/www.salvador-dali.org\/es\/wp-json\/wp\/v2\/types\/page"}],"author":[{"embeddable":true,"href":"https:\/\/www.salvador-dali.org\/es\/wp-json\/wp\/v2\/users\/3"}],"replies":[{"embeddable":true,"href":"https:\/\/www.salvador-dali.org\/es\/wp-json\/wp\/v2\/comments?post=14291"}],"version-history":[{"count":17,"href":"https:\/\/www.salvador-dali.org\/es\/wp-json\/wp\/v2\/pages\/14291\/revisions"}],"predecessor-version":[{"id":15560,"href":"https:\/\/www.salvador-dali.org\/es\/wp-json\/wp\/v2\/pages\/14291\/revisions\/15560"}],"up":[{"embeddable":true,"href":"https:\/\/www.salvador-dali.org\/es\/wp-json\/wp\/v2\/pages\/14285"}],"wp:featuredmedia":[{"embeddable":true,"href":"https:\/\/www.salvador-dali.org\/es\/wp-json\/wp\/v2\/media\/1386"}],"wp:attachment":[{"href":"https:\/\/www.salvador-dali.org\/es\/wp-json\/wp\/v2\/media?parent=14291"}],"wp:term":[{"taxonomy":"category","embeddable":true,"href":"https:\/\/www.salvador-dali.org\/es\/wp-json\/wp\/v2\/categories?post=14291"},{"taxonomy":"post_tag","embeddable":true,"href":"https:\/\/www.salvador-dali.org\/es\/wp-json\/wp\/v2\/tags?post=14291"}],"curies":[{"name":"wp","href":"https:\/\/api.w.org\/{rel}","templated":true}]}}