{"id":228,"date":"2024-12-18T18:25:29","date_gmt":"2024-12-18T17:25:29","guid":{"rendered":"https:\/\/www.salvador-dali.org\/inici\/"},"modified":"2026-03-15T11:32:53","modified_gmt":"2026-03-15T10:32:53","slug":"inicio","status":"publish","type":"page","link":"https:\/\/www.salvador-dali.org\/es\/","title":{"rendered":"inicio"},"content":{"rendered":"\n\n<div  class=\"wp-block-columns swiper-column   bloc-home-seus \" style=\"background-image: linear-gradient(to right, white, white)\">\n    <div class=\"wp-block-column\">\n        <h2 class=\"visually-hidden\">Museos<\/h2>\n        \n        <div id=\"swiper-69d4e081d6127\" class=\"swiper home-seus dues\" >\n            <div class=\"swiper-wrapper\">\n\n                \n\n                        <div class=\"swiper-slide\">\n                                                        <div class=\"banner\" style=\"background-image: url(https:\/\/www.salvador-dali.org\/wp-content\/uploads\/2024\/12\/FotoxPag20_21-1024x626.webp)\">\n\n                                <h3 class=\"titol\">Teatro-Museo Dal\u00ed <span class=\"geo\">Figueres<\/span><\/h3>\n\n                                <div class=\"context\">\n                                    <div class=\"context__item\">El objeto surrealista m\u00e1s grande del mundo<\/div>\n                                <\/div>\n                                <div class=\"button visita\"><a href=\"https:\/\/www.salvador-dali.org\/es\/visita\/teatro-museo-dali\/\">Visita<\/a><\/div>\n\n                                <div class=\"button segonboto entrades\"><a href=\"https:\/\/tickets.salvador-dali.org\/es\/\">entradas<\/a><\/div>\n                        \n                            <\/div>\n                        <\/div>\n\n                        \n\n                        <div class=\"swiper-slide\">\n                                                        <div class=\"banner\" style=\"background-image: url(https:\/\/www.salvador-dali.org\/wp-content\/uploads\/2025\/05\/Port_Lligat-117-1024x683.jpg)\">\n\n                                <h3 class=\"titol\">Casa Salvador Dal\u00ed<span class=\"geo\">Portlligat<\/span><\/h3>\n\n                                <div class=\"context\">\n                                    <div class=\"context__item\">El taller m\u00e1s inmortal<\/div>\n                                <\/div>\n                                <div class=\"button visita\"><a href=\"https:\/\/www.salvador-dali.org\/es\/visita\/casa-salvador-dali\/\">Visita<\/a><\/div>\n\n                                <div class=\"button segonboto entrades\"><a href=\"https:\/\/tickets.salvador-dali.org\/es\/990-casa-salvador-dali\">entradas<\/a><\/div>\n                        \n                            <\/div>\n                        <\/div>\n\n                        \n\n                        <div class=\"swiper-slide\">\n                                                        <div class=\"banner\" style=\"background-image: url(https:\/\/www.salvador-dali.org\/wp-content\/uploads\/2025\/05\/Pubol-30-1024x683.jpg)\">\n\n                                <h3 class=\"titol\">Castillo Gala Dal\u00ed<span class=\"geo\">P\u00fabol<\/span><\/h3>\n\n                                <div class=\"context\">\n                                    <div class=\"context__item\">El refugio de la mujer visible<\/div>\n                                <\/div>\n                                <div class=\"button visita\"><a href=\"https:\/\/www.salvador-dali.org\/es\/visita\/castillo-gala-dali-pubol\/\">Visita<\/a><\/div>\n\n                                <div class=\"button segonboto entrades\"><a href=\"https:\/\/tickets.salvador-dali.org\/es\/989-castillo-gala-dali\">entradas<\/a><\/div>\n                        \n                            <\/div>\n                        <\/div>\n\n                        \n            <\/div>\n\n        <\/div>\n    <\/div>\n<\/div>\n\n\n\n<!-- Swiper JS -->\n<script src=\"https:\/\/cdn.jsdelivr.net\/npm\/swiper@11\/swiper-bundle.min.js\"><\/script>\n\n<!-- Initialize Swiper -->\n<script>\n\njQuery( document ).ready(function() {      \n\n    updateSpaceBetween();\n    spaceBetweenInicial = 60;\n    \n\n    var swiper = new Swiper(\"#swiper-69d4e081d6127\", {\n        slidesPerView: \"3\",\n        spaceBetween: spaceBetweenInicial,\n      \tfreeMode: true,\n\t  \tbreakpoints: {\n\t        \/\/ Quan l'amplada de la pantalla sigui major a 1024px\n\t        1024: {\n\t            spaceBetween: spaceBetweenValue,\n\t        },\n\t    },\n\n        mousewheel: {\n            releaseOnEdges: true,\n            forceToAxis: true,\n            sensitivity:    1,\n        },\n    });\n\n})\n<\/script>\n\n\n\n\n<div class=\"wp-block-columns  desdtacats-home is-layout-flex wp-container-core-columns-is-layout-9d6595d7 wp-block-columns-is-layout-flex\">\n<div class=\"wp-block-column is-layout-flow wp-block-column-is-layout-flow\">\n<h2 class=\"wp-block-heading\">Para empezar<\/h2>\n\n\n\n<p>Empieza tu viaje al universo daliniano, donde la realidad se funde con el sue\u00f1o y cada detalle esconde una sorpresa.<\/p>\n<\/div>\n\n\n\n<div class=\"wp-block-column is-layout-flow wp-block-column-is-layout-flow\">    <ul class=\"opcions-destacades\">\n                    <li><a href=\"https:\/\/tickets.salvador-dali.org\">Reserva <strong>tus entradas<\/strong> <br\/>al Teatro-Museo Dal\u00ed<\/a><\/li>             \n                    <li><a href=\"\/ca\/visita\/teatre-museu-dali\/#horaris\"><strong>Horarios de visita<\/strong> <br\/>al Teatro-Museo Dal\u00ed<\/a><\/li>             \n                    <li><a href=\"\/ca\/visita\/preguntes-frequents\/#com-arribar\"><strong>\u00bfComo llegar<\/strong> a los museos?<\/a><\/li>             \n                    <li><a href=\"https:\/\/www.salvador-dali.org\/es\/visita\/preguntas-frecuentes\/\"><strong>Preguntas frecuentes<\/strong> <br\/>sobre los Museos Dal\u00ed<\/a><\/li>             \n                    <li><a href=\"https:\/\/www.salvador-dali.org\/es\/educacion-y-actividades\/\">Explora las <strong>Actividades <br\/>y el Servicio Educativo<\/strong><\/a><\/li>             \n                    <li><a href=\"https:\/\/www.salvador-dali.org\/es\/obra\/\">Descubre todo lo que <br\/>rodea la <strong>Obra de Dal\u00ed<\/strong><\/a><\/li>             \n            <\/ul>\n\n\n\n\n<\/div>\n<\/div>\n\n\n    <div  class=\"wp-block-columns swiper-column   destacat bloc-destacats \" style=\"background-image: linear-gradient(to right, white, white)\">\n        <div class=\"wp-block-column\">\n            <div id=\"swiper-69d4e081dae61\" class=\"swiper destacats dues\" >\n                <div class=\"swiper-wrapper\">\n\n                                            <div class=\"swiper-slide intro\">\n                            <h2>Un museo abierto a todo el mundo<\/h2>\n                            <div class=\"descripcio\"><p>Un espacio vivo donde el arte desborda las paredes e invita a todos a mirar el mundo con ojos nuevos y curiosidad infinita.<\/p>\n<\/div>\n                        <\/div>\n                    \n\n                    \n                        \n                        <div class=\"swiper-slide\">\n                                                            <div class=\"banner\" style=\"background-image: url(https:\/\/www.salvador-dali.org\/wp-content\/uploads\/2026\/03\/2603_resized-Personalizado-e1772784410135-674x1024.jpg)\">\n                                                                            <ul class=\"context\">\n                                            <li class=\"context__item\" aria-label=\"hidden\">Castillo Gala Dal\u00ed de P\u00fabol                                            <\/li>\n                                        <\/ul>\n                                    \n                                    <h3 class=\"titol\">Exposici\u00f3n temporal: Dal\u00ed\/Horst. Miradas cruzadas<\/h3>\n                                        \n                                    <div class=\"button fletxa\"><a href=\"https:\/\/horst.salvador-dali.org\/es\">M\u00e1s informaci\u00f3n<\/a><\/div>\n\n                                    \n                                <\/div>\n                                                    <\/div>\n\n                    \n                        \n                        <div class=\"swiper-slide\">\n                                                            <div class=\"banner\" style=\"background-image: url(https:\/\/www.salvador-dali.org\/wp-content\/uploads\/2025\/02\/Triangle-Dalinia_exemple.jpg)\">\n                                                                            <ul class=\"context\">\n                                            <li class=\"context__item\" aria-label=\"hidden\">                                            <\/li>\n                                        <\/ul>\n                                    \n                                    <h3 class=\"titol\">El Tri\u00e1ngulo Daliniano<\/h3>\n                                        \n                                    <div class=\"button fletxa\"><a href=\"https:\/\/www.salvador-dali.org\/es\/visita\/el-triangulo-daliniano\/\">M\u00e1s informaci\u00f3n<\/a><\/div>\n\n                                    \n                                <\/div>\n                                                    <\/div>\n\n                    \n                        \n                        <div class=\"swiper-slide\">\n                                                            <div class=\"banner\" style=\"background-image: url(https:\/\/www.salvador-dali.org\/wp-content\/uploads\/2025\/04\/Activitats-2-683x1024.jpg)\">\n                                                                            <ul class=\"context\">\n                                            <li class=\"context__item\" aria-label=\"hidden\">                                            <\/li>\n                                        <\/ul>\n                                    \n                                    <h3 class=\"titol\">Actividades<\/h3>\n                                        \n                                    <div class=\"button fletxa\"><a href=\"https:\/\/www.salvador-dali.org\/es\/educacion-y-actividades\/actividades\/\">M\u00e1s informaci\u00f3n<\/a><\/div>\n\n                                    \n                                <\/div>\n                                                    <\/div>\n\n                    \n                        \n                        <div class=\"swiper-slide\">\n                                                            <div class=\"banner\" style=\"background-image: url(https:\/\/www.salvador-dali.org\/wp-content\/uploads\/2025\/05\/Sense-titol-588x1024.jpg)\">\n                                                                            <ul class=\"context\">\n                                            <li class=\"context__item\" aria-label=\"hidden\">                                            <\/li>\n                                        <\/ul>\n                                    \n                                    <h3 class=\"titol\">Noticias<\/h3>\n                                        \n                                    <div class=\"button fletxa\"><a href=\"https:\/\/www.salvador-dali.org\/es\/fundacion-dali\/noticias\/\">M\u00e1s informaci\u00f3n<\/a><\/div>\n\n                                    \n                                <\/div>\n                                                    <\/div>\n\n                    \n                        \n                        <div class=\"swiper-slide\">\n                                                            <div class=\"banner\" style=\"background-image: url(https:\/\/www.salvador-dali.org\/wp-content\/uploads\/2025\/04\/default-3-619x1024.jpg)\">\n                                                                            <ul class=\"context\">\n                                            <li class=\"context__item\" aria-label=\"hidden\">                                            <\/li>\n                                        <\/ul>\n                                    \n                                    <h3 class=\"titol\">Accesibilidad<\/h3>\n                                        \n                                    <div class=\"button fletxa\"><a href=\"https:\/\/www.salvador-dali.org\/es\/visita\/accesibilidad\/\">M\u00e1s informaci\u00f3n<\/a><\/div>\n\n                                    \n                                <\/div>\n                                                    <\/div>\n\n                    \n                        \n                        <div class=\"swiper-slide\">\n                                                            <div class=\"banner\" style=\"background-image: url(https:\/\/www.salvador-dali.org\/wp-content\/uploads\/2025\/05\/venuscalaixosfigueres_retallada_166680149677_1024-723x1024.jpg)\">\n                                                                            <ul class=\"context\">\n                                            <li class=\"context__item\" aria-label=\"hidden\">                                            <\/li>\n                                        <\/ul>\n                                    \n                                    <h3 class=\"titol\">Obra escult\u00f3rica<\/h3>\n                                        \n                                    <div class=\"button fletxa\"><a href=\"https:\/\/www.salvador-dali.org\/es\/obra\/ced\/obra-escultorica\/\">M\u00e1s informaci\u00f3n<\/a><\/div>\n\n                                    \n                                <\/div>\n                                                    <\/div>\n\n                                    <\/div>\n                <!-- Swiper navigation buttons -->\n                <div class=\"swiper-button-prev\">\n                    <span class=\"screen-reader-text\">Diapositiva anterior<\/span>\n                <\/div>\n                <div class=\"swiper-button-next\">\n                    <span class=\"screen-reader-text\">Diapositiva siguiente<\/span>\n                <\/div>\n            <\/div>\n        <\/div>\n    <\/div>\n\n\n\n<!-- Swiper JS -->\n<script src=\"https:\/\/cdn.jsdelivr.net\/npm\/swiper@11\/swiper-bundle.min.js\"><\/script>\n\n<!-- Initialize Swiper -->\n<script>\n\njQuery( document ).ready(function() {      \n\n    Tipus = 'destacat';\n\n    updateSpaceBetween();\n    spaceBetweenInicial = 60;\n    \n    if (Tipus=='intro-images' ) {\n    \/\/    spaceBetweenValueModul = 0;\n    }\n\n\n\n    console.log(\"spaceBetweenValueModul\",spaceBetweenValueModul);\n\n    var swiper = new Swiper(\"#swiper-69d4e081dae61\", {\n      slidesPerView: \"auto\",\n      spaceBetween: spaceBetweenInicial,\n      \tfreeMode: true,\n\t  \tbreakpoints: {\n\t        \/\/ Quan l'amplada de la pantalla sigui major a 1024px\n\t        1024: {\n\t            spaceBetween: spaceBetweenValue,\n\t        },\n\t    },\n        \/\/ Navigation arrows\n        navigation: {\n            nextEl: '.swiper-button-next',\n            prevEl: '.swiper-button-prev',\n        },\n        mousewheel: {\n            releaseOnEdges: true,\n            forceToAxis: true,\n            sensitivity:    1,\n        },\n        a11y: {\n            prevSlideMessage: 'Diapositiva anterior',\n            nextSlideMessage: 'Diapositiva siguiente',\n        },\n    });\n\n\n \n\n\n    \/*\n    jQuery('.bloc-destacats').each(function() {\n        const nextDiv = jQuery(this).next('div');\n        if (nextDiv.hasClass('contingut-ampliat')) {\n            console.log('T\u00e9 .contingut-ampliat despr\u00e9s');\n            \/\/ Aqu\u00ed pots fer accions, per exemple:\n            \/\/ $nextDiv.addClass('marcat'); o $(this).append($nextDiv);\n        }\n    });\n    *\/\n})\n<\/script>\n\n","protected":false},"excerpt":{"rendered":"<p>Para empezar Empieza tu viaje al universo daliniano, donde la realidad se funde con el sue\u00f1o y cada detalle esconde una sorpresa.<\/p>\n","protected":false},"author":1,"featured_media":158,"parent":0,"menu_order":9,"comment_status":"closed","ping_status":"closed","template":"","meta":{"_acf_changed":false,"_coblocks_attr":"","_coblocks_dimensions":"","_coblocks_responsive_height":"","_coblocks_accordion_ie_support":"","footnotes":""},"categories":[],"tags":[],"class_list":["post-228","page","type-page","status-publish","has-post-thumbnail","hentry"],"acf":[],"yoast_head":"<!-- This site is optimized with the Yoast SEO plugin v27.3 - https:\/\/yoast.com\/product\/yoast-seo-wordpress\/ -->\n<title>Fundaci\u00f3n Gala - Salvador Dal\u00ed | Museos Dal\u00ed y compra de entradas<\/title>\n<meta name=\"description\" content=\"Visita los Museos Dal\u00ed, compra entradas y explora la vida, obra y legado art\u00edstico del genio del surrealismo.\" \/>\n<meta name=\"robots\" content=\"index, follow, max-snippet:-1, max-image-preview:large, max-video-preview:-1\" \/>\n<link rel=\"canonical\" href=\"https:\/\/www.salvador-dali.org\/es\/\" \/>\n<meta property=\"og:locale\" content=\"es_ES\" \/>\n<meta property=\"og:type\" content=\"article\" \/>\n<meta property=\"og:title\" content=\"Fundaci\u00f3n Gala - Salvador Dal\u00ed | Museos Dal\u00ed y compra de entradas\" \/>\n<meta property=\"og:description\" content=\"Visita los Museos Dal\u00ed, compra entradas y explora la vida, obra y legado art\u00edstico del genio del surrealismo.\" \/>\n<meta property=\"og:url\" content=\"https:\/\/www.salvador-dali.org\/es\/\" \/>\n<meta property=\"og:site_name\" content=\"Fundaci\u00f3 Gala - Salvador Dal\u00ed\" \/>\n<meta property=\"article:publisher\" content=\"https:\/\/www.facebook.com\/MuseusDali\" \/>\n<meta property=\"article:modified_time\" content=\"2026-03-15T10:32:53+00:00\" \/>\n<meta property=\"og:image\" content=\"https:\/\/www.salvador-dali.org\/wp-content\/uploads\/2024\/12\/FotoxPag20_21.webp\" \/>\n\t<meta property=\"og:image:width\" content=\"2000\" \/>\n\t<meta property=\"og:image:height\" content=\"1222\" \/>\n\t<meta property=\"og:image:type\" content=\"image\/webp\" \/>\n<meta name=\"twitter:card\" content=\"summary_large_image\" \/>\n<meta name=\"twitter:site\" content=\"@MuseuDali\" \/>\n<meta name=\"twitter:label1\" content=\"Tiempo de lectura\" \/>\n\t<meta name=\"twitter:data1\" content=\"1 minuto\" \/>\n<script type=\"application\/ld+json\" class=\"yoast-schema-graph\">{\"@context\":\"https:\\\/\\\/schema.org\",\"@graph\":[{\"@type\":\"WebPage\",\"@id\":\"https:\\\/\\\/www.salvador-dali.org\\\/es\\\/\",\"url\":\"https:\\\/\\\/www.salvador-dali.org\\\/es\\\/\",\"name\":\"Fundaci\u00f3n Gala - Salvador Dal\u00ed | Museos Dal\u00ed y compra de entradas\",\"isPartOf\":{\"@id\":\"https:\\\/\\\/www.salvador-dali.org\\\/es\\\/#website\"},\"primaryImageOfPage\":{\"@id\":\"https:\\\/\\\/www.salvador-dali.org\\\/es\\\/#primaryimage\"},\"image\":{\"@id\":\"https:\\\/\\\/www.salvador-dali.org\\\/es\\\/#primaryimage\"},\"thumbnailUrl\":\"https:\\\/\\\/www.salvador-dali.org\\\/wp-content\\\/uploads\\\/2024\\\/12\\\/FotoxPag20_21.webp\",\"datePublished\":\"2024-12-18T17:25:29+00:00\",\"dateModified\":\"2026-03-15T10:32:53+00:00\",\"description\":\"Visita los Museos Dal\u00ed, compra entradas y explora la vida, obra y legado art\u00edstico del genio del surrealismo.\",\"breadcrumb\":{\"@id\":\"https:\\\/\\\/www.salvador-dali.org\\\/es\\\/#breadcrumb\"},\"inLanguage\":\"es\",\"potentialAction\":[{\"@type\":\"ReadAction\",\"target\":[\"https:\\\/\\\/www.salvador-dali.org\\\/es\\\/\"]}]},{\"@type\":\"ImageObject\",\"inLanguage\":\"es\",\"@id\":\"https:\\\/\\\/www.salvador-dali.org\\\/es\\\/#primaryimage\",\"url\":\"https:\\\/\\\/www.salvador-dali.org\\\/wp-content\\\/uploads\\\/2024\\\/12\\\/FotoxPag20_21.webp\",\"contentUrl\":\"https:\\\/\\\/www.salvador-dali.org\\\/wp-content\\\/uploads\\\/2024\\\/12\\\/FotoxPag20_21.webp\",\"width\":2000,\"height\":1222},{\"@type\":\"BreadcrumbList\",\"@id\":\"https:\\\/\\\/www.salvador-dali.org\\\/es\\\/#breadcrumb\",\"itemListElement\":[{\"@type\":\"ListItem\",\"position\":1,\"name\":\"Inici\",\"item\":\"https:\\\/\\\/www.salvador-dali.org\\\/es\\\/\"},{\"@type\":\"ListItem\",\"position\":2,\"name\":\"inicio\"}]},{\"@type\":\"WebSite\",\"@id\":\"https:\\\/\\\/www.salvador-dali.org\\\/es\\\/#website\",\"url\":\"https:\\\/\\\/www.salvador-dali.org\\\/es\\\/\",\"name\":\"Fundaci\u00f3 Gala - Salvador Dal\u00ed\",\"description\":\"\",\"publisher\":{\"@id\":\"https:\\\/\\\/www.salvador-dali.org\\\/es\\\/#organization\"},\"potentialAction\":[{\"@type\":\"SearchAction\",\"target\":{\"@type\":\"EntryPoint\",\"urlTemplate\":\"https:\\\/\\\/www.salvador-dali.org\\\/es\\\/?s={search_term_string}\"},\"query-input\":{\"@type\":\"PropertyValueSpecification\",\"valueRequired\":true,\"valueName\":\"search_term_string\"}}],\"inLanguage\":\"es\"},{\"@type\":\"Organization\",\"@id\":\"https:\\\/\\\/www.salvador-dali.org\\\/es\\\/#organization\",\"name\":\"Fundaci\u00f3 Gala - Salvador Dal\u00ed\",\"url\":\"https:\\\/\\\/www.salvador-dali.org\\\/es\\\/\",\"logo\":{\"@type\":\"ImageObject\",\"inLanguage\":\"es\",\"@id\":\"https:\\\/\\\/www.salvador-dali.org\\\/es\\\/#\\\/schema\\\/logo\\\/image\\\/\",\"url\":\"https:\\\/\\\/www.salvador-dali.org\\\/wp-content\\\/uploads\\\/2025\\\/04\\\/fundacio-gala-salvador-dali.png\",\"contentUrl\":\"https:\\\/\\\/www.salvador-dali.org\\\/wp-content\\\/uploads\\\/2025\\\/04\\\/fundacio-gala-salvador-dali.png\",\"width\":240,\"height\":240,\"caption\":\"Fundaci\u00f3 Gala - Salvador Dal\u00ed\"},\"image\":{\"@id\":\"https:\\\/\\\/www.salvador-dali.org\\\/es\\\/#\\\/schema\\\/logo\\\/image\\\/\"},\"sameAs\":[\"https:\\\/\\\/www.facebook.com\\\/MuseusDali\",\"https:\\\/\\\/x.com\\\/MuseuDali\",\"https:\\\/\\\/www.youtube.com\\\/user\\\/FundacioDali\",\"https:\\\/\\\/www.flickr.com\\\/fundacio_dali\\\/\",\"https:\\\/\\\/instagram.com\\\/museudali\"]}]}<\/script>\n<!-- \/ Yoast SEO plugin. -->","yoast_head_json":{"title":"Fundaci\u00f3n Gala - Salvador Dal\u00ed | Museos Dal\u00ed y compra de entradas","description":"Visita los Museos Dal\u00ed, compra entradas y explora la vida, obra y legado art\u00edstico del genio del surrealismo.","robots":{"index":"index","follow":"follow","max-snippet":"max-snippet:-1","max-image-preview":"max-image-preview:large","max-video-preview":"max-video-preview:-1"},"canonical":"https:\/\/www.salvador-dali.org\/es\/","og_locale":"es_ES","og_type":"article","og_title":"Fundaci\u00f3n Gala - Salvador Dal\u00ed | Museos Dal\u00ed y compra de entradas","og_description":"Visita los Museos Dal\u00ed, compra entradas y explora la vida, obra y legado art\u00edstico del genio del surrealismo.","og_url":"https:\/\/www.salvador-dali.org\/es\/","og_site_name":"Fundaci\u00f3 Gala - Salvador Dal\u00ed","article_publisher":"https:\/\/www.facebook.com\/MuseusDali","article_modified_time":"2026-03-15T10:32:53+00:00","og_image":[{"width":2000,"height":1222,"url":"https:\/\/www.salvador-dali.org\/wp-content\/uploads\/2024\/12\/FotoxPag20_21.webp","type":"image\/webp"}],"twitter_card":"summary_large_image","twitter_site":"@MuseuDali","twitter_misc":{"Tiempo de lectura":"1 minuto"},"schema":{"@context":"https:\/\/schema.org","@graph":[{"@type":"WebPage","@id":"https:\/\/www.salvador-dali.org\/es\/","url":"https:\/\/www.salvador-dali.org\/es\/","name":"Fundaci\u00f3n Gala - Salvador Dal\u00ed | Museos Dal\u00ed y compra de entradas","isPartOf":{"@id":"https:\/\/www.salvador-dali.org\/es\/#website"},"primaryImageOfPage":{"@id":"https:\/\/www.salvador-dali.org\/es\/#primaryimage"},"image":{"@id":"https:\/\/www.salvador-dali.org\/es\/#primaryimage"},"thumbnailUrl":"https:\/\/www.salvador-dali.org\/wp-content\/uploads\/2024\/12\/FotoxPag20_21.webp","datePublished":"2024-12-18T17:25:29+00:00","dateModified":"2026-03-15T10:32:53+00:00","description":"Visita los Museos Dal\u00ed, compra entradas y explora la vida, obra y legado art\u00edstico del genio del surrealismo.","breadcrumb":{"@id":"https:\/\/www.salvador-dali.org\/es\/#breadcrumb"},"inLanguage":"es","potentialAction":[{"@type":"ReadAction","target":["https:\/\/www.salvador-dali.org\/es\/"]}]},{"@type":"ImageObject","inLanguage":"es","@id":"https:\/\/www.salvador-dali.org\/es\/#primaryimage","url":"https:\/\/www.salvador-dali.org\/wp-content\/uploads\/2024\/12\/FotoxPag20_21.webp","contentUrl":"https:\/\/www.salvador-dali.org\/wp-content\/uploads\/2024\/12\/FotoxPag20_21.webp","width":2000,"height":1222},{"@type":"BreadcrumbList","@id":"https:\/\/www.salvador-dali.org\/es\/#breadcrumb","itemListElement":[{"@type":"ListItem","position":1,"name":"Inici","item":"https:\/\/www.salvador-dali.org\/es\/"},{"@type":"ListItem","position":2,"name":"inicio"}]},{"@type":"WebSite","@id":"https:\/\/www.salvador-dali.org\/es\/#website","url":"https:\/\/www.salvador-dali.org\/es\/","name":"Fundaci\u00f3 Gala - Salvador Dal\u00ed","description":"","publisher":{"@id":"https:\/\/www.salvador-dali.org\/es\/#organization"},"potentialAction":[{"@type":"SearchAction","target":{"@type":"EntryPoint","urlTemplate":"https:\/\/www.salvador-dali.org\/es\/?s={search_term_string}"},"query-input":{"@type":"PropertyValueSpecification","valueRequired":true,"valueName":"search_term_string"}}],"inLanguage":"es"},{"@type":"Organization","@id":"https:\/\/www.salvador-dali.org\/es\/#organization","name":"Fundaci\u00f3 Gala - Salvador Dal\u00ed","url":"https:\/\/www.salvador-dali.org\/es\/","logo":{"@type":"ImageObject","inLanguage":"es","@id":"https:\/\/www.salvador-dali.org\/es\/#\/schema\/logo\/image\/","url":"https:\/\/www.salvador-dali.org\/wp-content\/uploads\/2025\/04\/fundacio-gala-salvador-dali.png","contentUrl":"https:\/\/www.salvador-dali.org\/wp-content\/uploads\/2025\/04\/fundacio-gala-salvador-dali.png","width":240,"height":240,"caption":"Fundaci\u00f3 Gala - Salvador Dal\u00ed"},"image":{"@id":"https:\/\/www.salvador-dali.org\/es\/#\/schema\/logo\/image\/"},"sameAs":["https:\/\/www.facebook.com\/MuseusDali","https:\/\/x.com\/MuseuDali","https:\/\/www.youtube.com\/user\/FundacioDali","https:\/\/www.flickr.com\/fundacio_dali\/","https:\/\/instagram.com\/museudali"]}]}},"_links":{"self":[{"href":"https:\/\/www.salvador-dali.org\/es\/wp-json\/wp\/v2\/pages\/228","targetHints":{"allow":["GET"]}}],"collection":[{"href":"https:\/\/www.salvador-dali.org\/es\/wp-json\/wp\/v2\/pages"}],"about":[{"href":"https:\/\/www.salvador-dali.org\/es\/wp-json\/wp\/v2\/types\/page"}],"author":[{"embeddable":true,"href":"https:\/\/www.salvador-dali.org\/es\/wp-json\/wp\/v2\/users\/1"}],"replies":[{"embeddable":true,"href":"https:\/\/www.salvador-dali.org\/es\/wp-json\/wp\/v2\/comments?post=228"}],"version-history":[{"count":7,"href":"https:\/\/www.salvador-dali.org\/es\/wp-json\/wp\/v2\/pages\/228\/revisions"}],"predecessor-version":[{"id":15421,"href":"https:\/\/www.salvador-dali.org\/es\/wp-json\/wp\/v2\/pages\/228\/revisions\/15421"}],"wp:featuredmedia":[{"embeddable":true,"href":"https:\/\/www.salvador-dali.org\/es\/wp-json\/wp\/v2\/media\/158"}],"wp:attachment":[{"href":"https:\/\/www.salvador-dali.org\/es\/wp-json\/wp\/v2\/media?parent=228"}],"wp:term":[{"taxonomy":"category","embeddable":true,"href":"https:\/\/www.salvador-dali.org\/es\/wp-json\/wp\/v2\/categories?post=228"},{"taxonomy":"post_tag","embeddable":true,"href":"https:\/\/www.salvador-dali.org\/es\/wp-json\/wp\/v2\/tags?post=228"}],"curies":[{"name":"wp","href":"https:\/\/api.w.org\/{rel}","templated":true}]}}