{"id":6522,"date":"2025-02-18T10:17:35","date_gmt":"2025-02-18T08:17:35","guid":{"rendered":"https:\/\/www.salvador-dali.org\/visita\/accessibilitat\/"},"modified":"2025-06-26T19:24:19","modified_gmt":"2025-06-26T17:24:19","slug":"accesibilidad","status":"publish","type":"page","link":"https:\/\/www.salvador-dali.org\/es\/visita\/accesibilidad\/","title":{"rendered":"Accesibilidad"},"content":{"rendered":"\n<div class=\"wp-block-columns col-2 is-layout-flex wp-container-core-columns-is-layout-9d6595d7 wp-block-columns-is-layout-flex\">\n<div class=\"wp-block-column is-layout-flow wp-block-column-is-layout-flow\">\n<h2 class=\"wp-block-heading\">Teatro-Museo Dal\u00ed<\/h2>\n\n\n\n<p>El acceso para personas con movilidad reducida se encuentra en la plaza Gala-Dal\u00ed, cerca de la escultura de Wolf Vostell <em>Obelisco de la televisi\u00f3n<\/em>. Hay que avisar previamente al personal de acceso del Museo.<\/p>\n\n\n\n<div class=\"wp-block-group is-vertical is-layout-flex wp-container-core-group-is-layout-8cf370e7 wp-block-group-is-layout-flex\">\n<p><\/p>\n<\/div>\n<\/div>\n\n\n\n<div class=\"wp-block-column is-layout-flow wp-block-column-is-layout-flow\">\n<div class=\"wp-block-coblocks-accordion acordio\">\n<div class=\"wp-block-coblocks-accordion-item\"><details><summary class=\"wp-block-coblocks-accordion-item__title\">Zonas de aparcamiento cercanas para personas con movilidad reducida o con discapacidad<\/summary><div class=\"wp-block-coblocks-accordion-item__content\">\n<p>La mayor\u00eda de los aparcamientos privados del centro de Figueres disponen de plazas reservadas a personas con movilidad reducida o con discapacidad.<\/p>\n\n\n\n<p> Cons\u00faltalas en el <a href=\"https:\/\/www.google.com\/maps\/search\/aparcament+figueres\/@42.2669765,2.9675582,3284m\/data=!3m2!1e3!4b1?authuser=0&amp;entry=ttu&amp;g_ep=EgoyMDI1MDEwOC4wIKXMDSoJLDEwMjExMjM0SAFQAw%3D%3D\">mapa<\/a>.<\/p>\n<\/div><\/details><\/div>\n\n\n\n<div class=\"wp-block-coblocks-accordion-item\"><details><summary class=\"wp-block-coblocks-accordion-item__title\">Espacios adaptados para personas con movilidad reducida<\/summary><div class=\"wp-block-coblocks-accordion-item__content\">\n<p>El Teatro-Museo Dal\u00ed se erige sobre las ruinas de un antiguo teatro. Esto hace que el acceso a algunas partes del museo resulte dif\u00edcil para personas con movilidad reducida. Los espacios que pueden visitarse en silla de ruedas son:<\/p>\n\n\n\n<p>-El patio central, con el montaje del <em>Cadillac lluvioso<\/em> (sala 2).<\/p>\n\n\n\n<p>-El escenario, donde se puede disfrutar del espacio bajo la c\u00fapula (sala 3).<\/p>\n\n\n\n<p>-La planta baja y la zona bajo el escenario, donde se halla la cripta del pintor, que contiene dibujos, grabados, etc., as\u00ed como la Sala de las Pescader\u00edas, donde puede verse una exposici\u00f3n de pinturas representativas de diversos per\u00edodos de Salvador Dal\u00ed (salas 5, 6, 7, 8 y 9).<\/p>\n\n\n\n<p>-Los espacios de Dal\u00ed-Joyas disponen de ascensor.<\/p>\n<\/div><\/details><\/div>\n\n\n\n<div class=\"wp-block-coblocks-accordion-item\"><details><summary class=\"wp-block-coblocks-accordion-item__title\">Tarifas especiales<\/summary><div class=\"wp-block-coblocks-accordion-item__content\">\n<p><strong>1. Entrada gratuita (discapacidad del 50 % o m\u00e1s):<\/strong><\/p>\n\n\n\n<p>La entrada al Teatro-Museo Dal\u00ed es gratuita para las personas con una discapacidad del 50 % o superior (con acreditaci\u00f3n).<\/p>\n\n\n\n<p>La persona acompa\u00f1ante tambi\u00e9n tiene entrada gratuita.<\/p>\n\n\n\n<p><strong>2. <strong>Entrada gratuita (movilidad reducida o uso de silla de ruedas):<\/strong><\/strong><\/p>\n\n\n\n<p>La entrada al Teatro-Museo Dal\u00ed es gratuita para las personas con movilidad reducida o que necesitan silla de ruedas. <\/p>\n\n\n\n<p>En este caso, no importa el porcentaje de discapacidad.<\/p>\n\n\n\n<p>La persona acompa\u00f1ante tambi\u00e9n tiene entrada gratuita.<\/p>\n\n\n\n<p><strong>3. Entrada reducida (discapacidad inferior al 50 %):<\/strong><\/p>\n\n\n\n<p>Las personas con discapacidad inferior al 50 % (con acreditaci\u00f3n) tienen entrada reducida.<\/p>\n\n\n\n<p>La persona acompa\u00f1ante tambi\u00e9n tiene descuento.<\/p>\n<\/div><\/details><\/div>\n\n\n\n<div class=\"wp-block-coblocks-accordion-item\"><details><summary class=\"wp-block-coblocks-accordion-item__title\">Visitas de grupos con necesidades especiales<\/summary><div class=\"wp-block-coblocks-accordion-item__content\">\n<p>\u00bfQuieres visitar el Teatro-Museo Dal\u00ed con un grupo con necesidades especiales? Los Museos Dal\u00ed est\u00e1n adheridos a la red Apropa Cultura. Si no formas parte, inscr\u00edbete en el registro de entidades y disfruta de numerosas ventajas. <\/p>\n<\/div><\/details><\/div>\n\n\n\n<div class=\"wp-block-coblocks-accordion-item\"><details><summary class=\"wp-block-coblocks-accordion-item__title\">Cesi\u00f3n de sillas<\/summary><div class=\"wp-block-coblocks-accordion-item__content\">\n<p>La consigna del Teatro-Museo Dal\u00ed dispone de silla de ruedas a disposici\u00f3n de los visitantes. Consulta su disponibilidad al personal del Museo.<\/p>\n<\/div><\/details><\/div>\n\n\n\n<div class=\"wp-block-coblocks-accordion-item\"><details><summary class=\"wp-block-coblocks-accordion-item__title\">Guardarropa y consigna<\/summary><div class=\"wp-block-coblocks-accordion-item__content\">\n<p>La consigna para el dep\u00f3sito de objetos se halla en el vest\u00edbulo del Teatro-Museo Dal\u00ed. Los objetos y las pertenencias depositadas en ella se recoger\u00e1n a la salida, en la zona de las tiendas. El Museo no se hace responsable en ning\u00fan caso de los objetos depositados en la consigna.<\/p>\n<\/div><\/details><\/div>\n\n\n\n<div class=\"wp-block-coblocks-accordion-item\"><details><summary class=\"wp-block-coblocks-accordion-item__title\">Aseos<\/summary><div class=\"wp-block-coblocks-accordion-item__content\">\n<p>El Museo dispone de aseos adaptados para personas con movilidad reducida. Tambi\u00e9n dispone de un espacio con cambiador para beb\u00e9s.<\/p>\n<\/div><\/details><\/div>\n\n\n\n<div class=\"wp-block-coblocks-accordion-item\"><details><summary class=\"wp-block-coblocks-accordion-item__title\">Perros Lazarillo<\/summary><div class=\"wp-block-coblocks-accordion-item__content\">\n<p>Se permite la entrada de perros lazarillo debidamente acreditados en el interior de los Museos Dal\u00ed.<\/p>\n<\/div><\/details><\/div>\n<\/div>\n<\/div>\n<\/div>\n\n\n\n<div class=\"wp-block-columns col-2 is-layout-flex wp-container-core-columns-is-layout-9d6595d7 wp-block-columns-is-layout-flex\">\n<div class=\"wp-block-column is-layout-flow wp-block-column-is-layout-flow\">\n<h2 class=\"wp-block-heading\">Casa Salvador Dal\u00ed<\/h2>\n\n\n\n<p>La estructura de la Casa Salvador Dal\u00ed tiene su origen en las antiguas barracas de pescadores de Portlligat y la distribuci\u00f3n interior est\u00e1 formada por escaleras estrechas e irregulares. El entorno natural del cabo de Creus, donde se ubica la casa, dificulta el acceso al edificio a personas con movilidad reducida.<\/p>\n\n\n\n<p>Lamentablemente, por las mismas razones, no es posible acceder a la Casa Salvador Dal\u00ed en silla de ruedas.<\/p>\n<\/div>\n\n\n\n<div class=\"wp-block-column is-layout-flow wp-block-column-is-layout-flow\">\n<div class=\"wp-block-coblocks-accordion acordio\">\n<div class=\"wp-block-coblocks-accordion-item\"><details><summary class=\"wp-block-coblocks-accordion-item__title\">Consigna<\/summary><div class=\"wp-block-coblocks-accordion-item__content\">\n<p>La consigna se ubica en el edificio que hay delante de la Casa Salvador Dal\u00ed. El museo no se hace responsable en ning\u00fan caso de los objetos depositados en la consigna.<\/p>\n<\/div><\/details><\/div>\n\n\n\n<div class=\"wp-block-coblocks-accordion-item\"><details><summary class=\"wp-block-coblocks-accordion-item__title\">Tarifas especiales<\/summary><div class=\"wp-block-coblocks-accordion-item__content\">\n<p><strong>1. Entrada gratuita (discapacidad del 50% o m\u00e1s):<\/strong><\/p>\n\n\n\n<p>La entrada a la Casa Salvador Dal\u00ed es gratuita para personas con una discapacidad del 50 % o superior (con acreditaci\u00f3n).<\/p>\n\n\n\n<p>Una persona acompa\u00f1ante tambi\u00e9n tiene entrada gratuita.<\/p>\n\n\n\n<p><strong>2. Entrada gratuita (movilidad reducida):<\/strong><\/p>\n\n\n\n<p>La entrada es gratuita para personas con movilidad reducida.<\/p>\n\n\n\n<p>En este caso, no importa el porcentaje de discapacidad.<\/p>\n\n\n\n<p>Una persona acompa\u00f1ante tambi\u00e9n tiene entrada gratuita.<\/p>\n\n\n\n<p><strong>3.<\/strong> <strong>Entrada reducida (discapacidad inferior al 50%):<\/strong><\/p>\n\n\n\n<p>Las personas con discapacidad inferior al 50 % (con acreditaci\u00f3n) tienen entrada reducida.<\/p>\n\n\n\n<p>Una persona acompa\u00f1ante tambi\u00e9n tiene descuento.<\/p>\n<\/div><\/details><\/div>\n\n\n\n<div class=\"wp-block-coblocks-accordion-item\"><details><summary class=\"wp-block-coblocks-accordion-item__title\">Aseos<\/summary><div class=\"wp-block-coblocks-accordion-item__content\">\n<p>La Casa Salvador Dal\u00ed dispone de un espacio con cambiador para beb\u00e9s.<\/p>\n<\/div><\/details><\/div>\n\n\n\n<div class=\"wp-block-coblocks-accordion-item\"><details><summary class=\"wp-block-coblocks-accordion-item__title\">Perros Lazarillo<\/summary><div class=\"wp-block-coblocks-accordion-item__content\">\n<p>Se permite la entrada de perros lazarillo debidamente acreditados en el interior de los Museos Dal\u00ed.<\/p>\n<\/div><\/details><\/div>\n<\/div>\n<\/div>\n<\/div>\n\n\n\n<div class=\"wp-block-columns col-2 is-layout-flex wp-container-core-columns-is-layout-9d6595d7 wp-block-columns-is-layout-flex\">\n<div class=\"wp-block-column is-layout-flow wp-block-column-is-layout-flow\">\n<h2 class=\"wp-block-heading\">Castillo Gala Salvador Dal\u00ed<\/h2>\n\n\n\n<p>El acceso para personas en silla de ruedas se realiza por el portal de la calle Fora Muralla, s\/n, que se encuentra detr\u00e1s de la iglesia. Desde el portal se puede avisar al personal del museo por interfono.<\/p>\n<\/div>\n\n\n\n<div class=\"wp-block-column is-layout-flow wp-block-column-is-layout-flow\">\n<div class=\"wp-block-coblocks-accordion acordio\">\n<div class=\"wp-block-coblocks-accordion-item\"><details><summary class=\"wp-block-coblocks-accordion-item__title\">Espacios adaptados para personas con movilidad reducida<\/summary><div class=\"wp-block-coblocks-accordion-item__content\">\n<p>Las caracter\u00edsticas arquitect\u00f3nicas del Castillo Gala Dal\u00ed de P\u00fabol, un castillo medieval del siglo XIV-XV, dificultan el acceso al edificio a las personas con movilidad reducida.<\/p>\n\n\n\n<p>No obstante, los espacios y estancias del Castillo de Gala Dal\u00ed est\u00e1n adaptados para personas con movilidad reducida, con la excepci\u00f3n del ba\u00f1o de Gala (sala 4), el espacio de la exposici\u00f3n temporal (sala 7) y la cripta (sala 12).<\/p>\n<\/div><\/details><\/div>\n\n\n\n<div class=\"wp-block-coblocks-accordion-item\"><details><summary class=\"wp-block-coblocks-accordion-item__title\">Cesi\u00f3n de sillas<\/summary><div class=\"wp-block-coblocks-accordion-item__content\">\n<p>La consigna del Castillo Gala Dal\u00ed dispone de silla de ruedas a disposici\u00f3n de los visitantes. Consulta su disponibilidad al personal del museo.<\/p>\n<\/div><\/details><\/div>\n\n\n\n<div class=\"wp-block-coblocks-accordion-item\"><details><summary class=\"wp-block-coblocks-accordion-item__title\">Guardarropa y consigna<\/summary><div class=\"wp-block-coblocks-accordion-item__content\">\n<p>La consigna se ubica en la entrada, junto al punto de informaci\u00f3n de la visita. El personal autorizado del Castillo Gala Salvador Dal\u00ed puede obligar a depositar en ella cualquier objeto que considere un riesgo para la seguridad del museo. El centro no se hace responsable en ning\u00fan caso de los objetos depositados en la consigna.<\/p>\n<\/div><\/details><\/div>\n\n\n\n<div class=\"wp-block-coblocks-accordion-item\"><details><summary class=\"wp-block-coblocks-accordion-item__title\">Tarifas especiales<\/summary><div class=\"wp-block-coblocks-accordion-item__content\">\n<p><strong>1. Entrada gratuita (discapacidad del 50% o m\u00e1s):<\/strong><\/p>\n\n\n\n<p>La entrada al Castillo Gala Dal\u00ed es gratuita para personas con una discapacidad del 50 % o superior (con acreditaci\u00f3n).<\/p>\n\n\n\n<p>Una persona acompa\u00f1ante tambi\u00e9n tiene entrada gratuita.<\/p>\n\n\n\n<p><strong>2. Entrada gratuita (movilidad reducida o uso de silla de ruedas):<\/strong><\/p>\n\n\n\n<p>La entrada es gratuita para personas con movilidad reducida o que necesiten silla de ruedas.<\/p>\n\n\n\n<p>En este caso, no importa el porcentaje de discapacidad.<\/p>\n\n\n\n<p>Una persona acompa\u00f1ante tambi\u00e9n tiene entrada gratuita.<\/p>\n\n\n\n<p><strong>3. Entrada reducida (discapacidad inferior al 50 %):<\/strong><\/p>\n\n\n\n<p>Las personas con discapacidad inferior al 50 % (con acreditaci\u00f3n) tienen entrada reducida.<\/p>\n\n\n\n<p>Una persona acompa\u00f1ante tambi\u00e9n tiene descuento.<\/p>\n<\/div><\/details><\/div>\n\n\n\n<div class=\"wp-block-coblocks-accordion-item\"><details><summary class=\"wp-block-coblocks-accordion-item__title\">Ascensores<\/summary><div class=\"wp-block-coblocks-accordion-item__content\">\n<p>El Castillo Gala Dal\u00ed dispone de ascensor hasta el primer piso. El Castillo Gala Dal\u00ed puede visitarse con silla de ruedas, salvo el ba\u00f1o de Gala (sala 4), la sala de la exposici\u00f3n temporal (sala 7) y la cripta (sala 12).<\/p>\n<\/div><\/details><\/div>\n\n\n\n<div class=\"wp-block-coblocks-accordion-item\"><details><summary class=\"wp-block-coblocks-accordion-item__title\">Aseos<\/summary><div class=\"wp-block-coblocks-accordion-item__content\">\n<p>El Castillo Gala Dal\u00ed dispone de aseos adaptados para personas con movilidad reducida.<\/p>\n<\/div><\/details><\/div>\n\n\n\n<div class=\"wp-block-coblocks-accordion-item\"><details><summary class=\"wp-block-coblocks-accordion-item__title\">Perros Lazarillo<\/summary><div class=\"wp-block-coblocks-accordion-item__content\">\n<p>Se permite la entrada de perros lazarillo debidamente acreditados en el interior de los Museos Dal\u00ed.<\/p>\n<\/div><\/details><\/div>\n\n\n\n<div class=\"wp-block-coblocks-accordion-item\"><details><summary class=\"wp-block-coblocks-accordion-item__title\">Visitas de grupos con necesidades especiales<\/summary><div class=\"wp-block-coblocks-accordion-item__content\">\n<p>\u00bfQuieres visitar el Castillo Gala Dal\u00ed con un grupo con necesidades especiales? Los Museos Dal\u00ed est\u00e1n adheridos a la red Apropa Cultura. Si no formas parte, inscr\u00edbete en el registro de entidades y disfruta de numerosas ventajas.<\/p>\n<\/div><\/details><\/div>\n<\/div>\n<\/div>\n<\/div>\n\n\n\n<p><\/p>\n","protected":false},"excerpt":{"rendered":"<p>Teatro-Museo Dal\u00ed El acceso para personas con movilidad reducida se encuentra en la plaza Gala-Dal\u00ed, cerca de la escultura de Wolf Vostell Obelisco de la televisi\u00f3n. Hay que avisar previamente al personal de acceso del Museo. Casa Salvador Dal\u00ed La estructura de la Casa Salvador Dal\u00ed tiene su origen en las antiguas barracas de pescadores [&hellip;]<\/p>\n","protected":false},"author":3,"featured_media":3064,"parent":6507,"menu_order":4,"comment_status":"closed","ping_status":"closed","template":"","meta":{"_acf_changed":false,"_coblocks_attr":"","_coblocks_dimensions":"","_coblocks_responsive_height":"","_coblocks_accordion_ie_support":"","footnotes":""},"categories":[],"tags":[],"class_list":["post-6522","page","type-page","status-publish","has-post-thumbnail","hentry"],"acf":[],"yoast_head":"<!-- This site is optimized with the Yoast SEO plugin v27.4 - https:\/\/yoast.com\/product\/yoast-seo-wordpress\/ -->\n<title>Accesibilidad - Fundaci\u00f3 Gala - Salvador Dal\u00ed<\/title>\n<meta name=\"robots\" content=\"index, follow, max-snippet:-1, max-image-preview:large, max-video-preview:-1\" \/>\n<link rel=\"canonical\" href=\"https:\/\/www.salvador-dali.org\/es\/visita\/accesibilidad\/\" \/>\n<meta property=\"og:locale\" content=\"es_ES\" \/>\n<meta property=\"og:type\" content=\"article\" \/>\n<meta property=\"og:title\" content=\"Accesibilidad - Fundaci\u00f3 Gala - Salvador Dal\u00ed\" \/>\n<meta property=\"og:description\" content=\"Teatro-Museo Dal\u00ed El acceso para personas con movilidad reducida se encuentra en la plaza Gala-Dal\u00ed, cerca de la escultura de Wolf Vostell Obelisco de la televisi\u00f3n. Hay que avisar previamente al personal de acceso del Museo. Casa Salvador Dal\u00ed La estructura de la Casa Salvador Dal\u00ed tiene su origen en las antiguas barracas de pescadores [&hellip;]\" \/>\n<meta property=\"og:url\" content=\"https:\/\/www.salvador-dali.org\/es\/visita\/accesibilidad\/\" \/>\n<meta property=\"og:site_name\" content=\"Fundaci\u00f3 Gala - Salvador Dal\u00ed\" \/>\n<meta property=\"article:publisher\" content=\"https:\/\/www.facebook.com\/MuseusDali\" \/>\n<meta property=\"article:modified_time\" content=\"2025-06-26T17:24:19+00:00\" \/>\n<meta property=\"og:image\" content=\"https:\/\/www.salvador-dali.org\/wp-content\/uploads\/2025\/04\/default-3.jpg\" \/>\n\t<meta property=\"og:image:width\" content=\"864\" \/>\n\t<meta property=\"og:image:height\" content=\"1430\" \/>\n\t<meta property=\"og:image:type\" content=\"image\/jpeg\" \/>\n<meta name=\"twitter:card\" content=\"summary_large_image\" \/>\n<meta name=\"twitter:site\" content=\"@MuseuDali\" \/>\n<meta name=\"twitter:label1\" content=\"Tiempo de lectura\" \/>\n\t<meta name=\"twitter:data1\" content=\"6 minutos\" \/>\n<script type=\"application\/ld+json\" class=\"yoast-schema-graph\">{\"@context\":\"https:\\\/\\\/schema.org\",\"@graph\":[{\"@type\":\"WebPage\",\"@id\":\"https:\\\/\\\/www.salvador-dali.org\\\/es\\\/visita\\\/accesibilidad\\\/\",\"url\":\"https:\\\/\\\/www.salvador-dali.org\\\/es\\\/visita\\\/accesibilidad\\\/\",\"name\":\"Accesibilidad - Fundaci\u00f3 Gala - Salvador Dal\u00ed\",\"isPartOf\":{\"@id\":\"https:\\\/\\\/www.salvador-dali.org\\\/es\\\/#website\"},\"primaryImageOfPage\":{\"@id\":\"https:\\\/\\\/www.salvador-dali.org\\\/es\\\/visita\\\/accesibilidad\\\/#primaryimage\"},\"image\":{\"@id\":\"https:\\\/\\\/www.salvador-dali.org\\\/es\\\/visita\\\/accesibilidad\\\/#primaryimage\"},\"thumbnailUrl\":\"https:\\\/\\\/www.salvador-dali.org\\\/wp-content\\\/uploads\\\/2025\\\/04\\\/default-3.jpg\",\"datePublished\":\"2025-02-18T08:17:35+00:00\",\"dateModified\":\"2025-06-26T17:24:19+00:00\",\"breadcrumb\":{\"@id\":\"https:\\\/\\\/www.salvador-dali.org\\\/es\\\/visita\\\/accesibilidad\\\/#breadcrumb\"},\"inLanguage\":\"es\",\"potentialAction\":[{\"@type\":\"ReadAction\",\"target\":[\"https:\\\/\\\/www.salvador-dali.org\\\/es\\\/visita\\\/accesibilidad\\\/\"]}]},{\"@type\":\"ImageObject\",\"inLanguage\":\"es\",\"@id\":\"https:\\\/\\\/www.salvador-dali.org\\\/es\\\/visita\\\/accesibilidad\\\/#primaryimage\",\"url\":\"https:\\\/\\\/www.salvador-dali.org\\\/wp-content\\\/uploads\\\/2025\\\/04\\\/default-3.jpg\",\"contentUrl\":\"https:\\\/\\\/www.salvador-dali.org\\\/wp-content\\\/uploads\\\/2025\\\/04\\\/default-3.jpg\",\"width\":864,\"height\":1430},{\"@type\":\"BreadcrumbList\",\"@id\":\"https:\\\/\\\/www.salvador-dali.org\\\/es\\\/visita\\\/accesibilidad\\\/#breadcrumb\",\"itemListElement\":[{\"@type\":\"ListItem\",\"position\":1,\"name\":\"Inici\",\"item\":\"https:\\\/\\\/www.salvador-dali.org\\\/es\\\/\"},{\"@type\":\"ListItem\",\"position\":2,\"name\":\"Accesibilidad\"}]},{\"@type\":\"WebSite\",\"@id\":\"https:\\\/\\\/www.salvador-dali.org\\\/es\\\/#website\",\"url\":\"https:\\\/\\\/www.salvador-dali.org\\\/es\\\/\",\"name\":\"Fundaci\u00f3 Gala - Salvador Dal\u00ed\",\"description\":\"\",\"publisher\":{\"@id\":\"https:\\\/\\\/www.salvador-dali.org\\\/es\\\/#organization\"},\"potentialAction\":[{\"@type\":\"SearchAction\",\"target\":{\"@type\":\"EntryPoint\",\"urlTemplate\":\"https:\\\/\\\/www.salvador-dali.org\\\/es\\\/?s={search_term_string}\"},\"query-input\":{\"@type\":\"PropertyValueSpecification\",\"valueRequired\":true,\"valueName\":\"search_term_string\"}}],\"inLanguage\":\"es\"},{\"@type\":\"Organization\",\"@id\":\"https:\\\/\\\/www.salvador-dali.org\\\/es\\\/#organization\",\"name\":\"Fundaci\u00f3 Gala - Salvador Dal\u00ed\",\"url\":\"https:\\\/\\\/www.salvador-dali.org\\\/es\\\/\",\"logo\":{\"@type\":\"ImageObject\",\"inLanguage\":\"es\",\"@id\":\"https:\\\/\\\/www.salvador-dali.org\\\/es\\\/#\\\/schema\\\/logo\\\/image\\\/\",\"url\":\"https:\\\/\\\/www.salvador-dali.org\\\/wp-content\\\/uploads\\\/2025\\\/04\\\/fundacio-gala-salvador-dali.png\",\"contentUrl\":\"https:\\\/\\\/www.salvador-dali.org\\\/wp-content\\\/uploads\\\/2025\\\/04\\\/fundacio-gala-salvador-dali.png\",\"width\":240,\"height\":240,\"caption\":\"Fundaci\u00f3 Gala - Salvador Dal\u00ed\"},\"image\":{\"@id\":\"https:\\\/\\\/www.salvador-dali.org\\\/es\\\/#\\\/schema\\\/logo\\\/image\\\/\"},\"sameAs\":[\"https:\\\/\\\/www.facebook.com\\\/MuseusDali\",\"https:\\\/\\\/x.com\\\/MuseuDali\",\"https:\\\/\\\/www.youtube.com\\\/user\\\/FundacioDali\",\"https:\\\/\\\/www.flickr.com\\\/fundacio_dali\\\/\",\"https:\\\/\\\/instagram.com\\\/museudali\"]}]}<\/script>\n<!-- \/ Yoast SEO plugin. -->","yoast_head_json":{"title":"Accesibilidad - Fundaci\u00f3 Gala - Salvador Dal\u00ed","robots":{"index":"index","follow":"follow","max-snippet":"max-snippet:-1","max-image-preview":"max-image-preview:large","max-video-preview":"max-video-preview:-1"},"canonical":"https:\/\/www.salvador-dali.org\/es\/visita\/accesibilidad\/","og_locale":"es_ES","og_type":"article","og_title":"Accesibilidad - Fundaci\u00f3 Gala - Salvador Dal\u00ed","og_description":"Teatro-Museo Dal\u00ed El acceso para personas con movilidad reducida se encuentra en la plaza Gala-Dal\u00ed, cerca de la escultura de Wolf Vostell Obelisco de la televisi\u00f3n. Hay que avisar previamente al personal de acceso del Museo. Casa Salvador Dal\u00ed La estructura de la Casa Salvador Dal\u00ed tiene su origen en las antiguas barracas de pescadores [&hellip;]","og_url":"https:\/\/www.salvador-dali.org\/es\/visita\/accesibilidad\/","og_site_name":"Fundaci\u00f3 Gala - Salvador Dal\u00ed","article_publisher":"https:\/\/www.facebook.com\/MuseusDali","article_modified_time":"2025-06-26T17:24:19+00:00","og_image":[{"width":864,"height":1430,"url":"https:\/\/www.salvador-dali.org\/wp-content\/uploads\/2025\/04\/default-3.jpg","type":"image\/jpeg"}],"twitter_card":"summary_large_image","twitter_site":"@MuseuDali","twitter_misc":{"Tiempo de lectura":"6 minutos"},"schema":{"@context":"https:\/\/schema.org","@graph":[{"@type":"WebPage","@id":"https:\/\/www.salvador-dali.org\/es\/visita\/accesibilidad\/","url":"https:\/\/www.salvador-dali.org\/es\/visita\/accesibilidad\/","name":"Accesibilidad - Fundaci\u00f3 Gala - Salvador Dal\u00ed","isPartOf":{"@id":"https:\/\/www.salvador-dali.org\/es\/#website"},"primaryImageOfPage":{"@id":"https:\/\/www.salvador-dali.org\/es\/visita\/accesibilidad\/#primaryimage"},"image":{"@id":"https:\/\/www.salvador-dali.org\/es\/visita\/accesibilidad\/#primaryimage"},"thumbnailUrl":"https:\/\/www.salvador-dali.org\/wp-content\/uploads\/2025\/04\/default-3.jpg","datePublished":"2025-02-18T08:17:35+00:00","dateModified":"2025-06-26T17:24:19+00:00","breadcrumb":{"@id":"https:\/\/www.salvador-dali.org\/es\/visita\/accesibilidad\/#breadcrumb"},"inLanguage":"es","potentialAction":[{"@type":"ReadAction","target":["https:\/\/www.salvador-dali.org\/es\/visita\/accesibilidad\/"]}]},{"@type":"ImageObject","inLanguage":"es","@id":"https:\/\/www.salvador-dali.org\/es\/visita\/accesibilidad\/#primaryimage","url":"https:\/\/www.salvador-dali.org\/wp-content\/uploads\/2025\/04\/default-3.jpg","contentUrl":"https:\/\/www.salvador-dali.org\/wp-content\/uploads\/2025\/04\/default-3.jpg","width":864,"height":1430},{"@type":"BreadcrumbList","@id":"https:\/\/www.salvador-dali.org\/es\/visita\/accesibilidad\/#breadcrumb","itemListElement":[{"@type":"ListItem","position":1,"name":"Inici","item":"https:\/\/www.salvador-dali.org\/es\/"},{"@type":"ListItem","position":2,"name":"Accesibilidad"}]},{"@type":"WebSite","@id":"https:\/\/www.salvador-dali.org\/es\/#website","url":"https:\/\/www.salvador-dali.org\/es\/","name":"Fundaci\u00f3 Gala - Salvador Dal\u00ed","description":"","publisher":{"@id":"https:\/\/www.salvador-dali.org\/es\/#organization"},"potentialAction":[{"@type":"SearchAction","target":{"@type":"EntryPoint","urlTemplate":"https:\/\/www.salvador-dali.org\/es\/?s={search_term_string}"},"query-input":{"@type":"PropertyValueSpecification","valueRequired":true,"valueName":"search_term_string"}}],"inLanguage":"es"},{"@type":"Organization","@id":"https:\/\/www.salvador-dali.org\/es\/#organization","name":"Fundaci\u00f3 Gala - Salvador Dal\u00ed","url":"https:\/\/www.salvador-dali.org\/es\/","logo":{"@type":"ImageObject","inLanguage":"es","@id":"https:\/\/www.salvador-dali.org\/es\/#\/schema\/logo\/image\/","url":"https:\/\/www.salvador-dali.org\/wp-content\/uploads\/2025\/04\/fundacio-gala-salvador-dali.png","contentUrl":"https:\/\/www.salvador-dali.org\/wp-content\/uploads\/2025\/04\/fundacio-gala-salvador-dali.png","width":240,"height":240,"caption":"Fundaci\u00f3 Gala - Salvador Dal\u00ed"},"image":{"@id":"https:\/\/www.salvador-dali.org\/es\/#\/schema\/logo\/image\/"},"sameAs":["https:\/\/www.facebook.com\/MuseusDali","https:\/\/x.com\/MuseuDali","https:\/\/www.youtube.com\/user\/FundacioDali","https:\/\/www.flickr.com\/fundacio_dali\/","https:\/\/instagram.com\/museudali"]}]}},"_links":{"self":[{"href":"https:\/\/www.salvador-dali.org\/es\/wp-json\/wp\/v2\/pages\/6522","targetHints":{"allow":["GET"]}}],"collection":[{"href":"https:\/\/www.salvador-dali.org\/es\/wp-json\/wp\/v2\/pages"}],"about":[{"href":"https:\/\/www.salvador-dali.org\/es\/wp-json\/wp\/v2\/types\/page"}],"author":[{"embeddable":true,"href":"https:\/\/www.salvador-dali.org\/es\/wp-json\/wp\/v2\/users\/3"}],"replies":[{"embeddable":true,"href":"https:\/\/www.salvador-dali.org\/es\/wp-json\/wp\/v2\/comments?post=6522"}],"version-history":[{"count":0,"href":"https:\/\/www.salvador-dali.org\/es\/wp-json\/wp\/v2\/pages\/6522\/revisions"}],"up":[{"embeddable":true,"href":"https:\/\/www.salvador-dali.org\/es\/wp-json\/wp\/v2\/pages\/6507"}],"wp:featuredmedia":[{"embeddable":true,"href":"https:\/\/www.salvador-dali.org\/es\/wp-json\/wp\/v2\/media\/3064"}],"wp:attachment":[{"href":"https:\/\/www.salvador-dali.org\/es\/wp-json\/wp\/v2\/media?parent=6522"}],"wp:term":[{"taxonomy":"category","embeddable":true,"href":"https:\/\/www.salvador-dali.org\/es\/wp-json\/wp\/v2\/categories?post=6522"},{"taxonomy":"post_tag","embeddable":true,"href":"https:\/\/www.salvador-dali.org\/es\/wp-json\/wp\/v2\/tags?post=6522"}],"curies":[{"name":"wp","href":"https:\/\/api.w.org\/{rel}","templated":true}]}}