{"id":7597,"date":"2025-03-17T14:06:31","date_gmt":"2025-03-17T12:06:31","guid":{"rendered":"https:\/\/www.salvador-dali.org\/obra\/colleccio\/"},"modified":"2025-07-10T13:33:20","modified_gmt":"2025-07-10T11:33:20","slug":"coleccion","status":"publish","type":"page","link":"https:\/\/www.salvador-dali.org\/es\/obra\/coleccion\/","title":{"rendered":"Colecci\u00f3n"},"content":{"rendered":"\n<div class=\"wp-block-columns global-column is-layout-flex wp-container-core-columns-is-layout-9d6595d7 wp-block-columns-is-layout-flex\">\n<div class=\"wp-block-column is-layout-flow wp-block-column-is-layout-flow\">\n<p class=\"entradeta\">Las obras de la colecci\u00f3n son de Salvador Dal\u00ed, pero tambi\u00e9n las hay de otros artistas que \u00e9l coleccion\u00f3 o eligi\u00f3 para formar parte de sus museos. Estas obras pueden verse preferentemente en el Teatro-Museo Dal\u00ed de Figueres, si bien algunas se conservan o forman parte intr\u00ednseca de las casas-museo de&nbsp;Portlligat&nbsp;y&nbsp;P\u00fabol.<\/p>\n\n\n\n<p>Las obras provienen de la colecci\u00f3n personal que el artista don\u00f3 para la creaci\u00f3n del Teatro-Museo Dal\u00ed, inaugurado el 28 de septiembre de 1974. Entre ellas, destacan pinturas tan ic\u00f3nicas como <em>Autorretrato con cuello rafaelesco<\/em> (<em>c<\/em>.\u202f1921), <em>El espectro del&nbsp;sex-appeal<\/em>&nbsp;(1934),&nbsp;<em>Galarina<\/em>&nbsp;y <em>La cesta de pan<\/em> (1945) o <em>Gala&nbsp;Placidia<\/em>&nbsp;(1952). Algunas instalaciones como el <em>Taxi lluvioso<\/em> fueron creadas expresamente por Salvador Dal\u00ed y forman parte inherente de su proyecto museogr\u00e1fico.<\/p>\n\n\n\n<p>Tambi\u00e9n pueden verse obras de artistas allegados a \u00e9l como Antoni&nbsp;Pitxot&nbsp;y&nbsp;Evarist&nbsp;Vall\u00e8s, mientras que en la sala de obras maestras se encuentran obras de El\u202fGreco, Marcel&nbsp;Duchamp, Ernest&nbsp;Meissonier, William Adolf&nbsp;Bouguereau, Mari\u00e0 Fortuny, Modesto Urgell o Gerard&nbsp;Dou, todos ellos importantes referentes del artista.<\/p>\n\n\n\n<p>Adicionalmente, y desde el a\u00f1o 1991, la Fundaci\u00f3n Gala-Salvador Dal\u00ed est\u00e1 llevando a cabo una intensa pol\u00edtica de adquisiciones de obra de Dal\u00ed destinada a enriquecer la colecci\u00f3n, cuyo objetivo es favorecer la comprensi\u00f3n de la trayectoria art\u00edstica, el pensamiento y la vida del artista. Una de las m\u00e1s destacadas es la adquisici\u00f3n de su colecci\u00f3n de joyas en el a\u00f1o 2000, resultado de la colaboraci\u00f3n con los joyeros americanos Alemany &amp;\u202fErtman.<\/p>\n\n\n\n<p>Mientras que, entre las adquisiciones m\u00e1s recientes, destacan algunas obras del periodo surrealista que permiten explorar la aut\u00e9ntica aportaci\u00f3n de Dal\u00ed al movimiento que lo proyect\u00f3 a escala internacional.<\/p>\n\n\n\n    <div class=\"button fletxa\"><a  href=\"https:\/\/www.salvador-dali.org\/es\/obra\/coleccion\/coleccion-en-linea\/\">Consulta<\/a><\/div>\n\n\n\n    \n\n\n\n\n\n<\/div>\n<\/div>\n\n\n    <div  class=\"wp-block-columns swiper-column   destacat bloc-destacats \" style=\"background-image: linear-gradient(to right, white, white)\">\n        <div class=\"wp-block-column\">\n            <div id=\"swiper-69e45d77886ce\" class=\"swiper destacats dues\" >\n                <div class=\"swiper-wrapper\">\n\n                                            <div class=\"swiper-slide intro\">\n                            <h2>Descubre la diversidad de medios de expresi\u00f3n presentes en la colecci\u00f3n<\/h2>\n                            <div class=\"descripcio\"><p>Pinturas ic\u00f3nicas, esculturas, dibujos, obra gr\u00e1fica, joyas \u00fanicas, mobiliario, fotograf\u00edas y mucho m\u00e1s forman parte de una colecci\u00f3n excepcional y variada en la que conviven creaciones de Dal\u00ed con obras que seleccion\u00f3 personalmente para sus museos.<\/p>\n<\/div>\n                                                    <\/div>\n                    \n\n                    \n                        \n                        <div class=\"swiper-slide\">\n                                                            <div class=\"banner\" style=\"background-image: url(https:\/\/www.salvador-dali.org\/wp-content\/uploads\/2025\/06\/default-6-634x1024.jpg)\">\n                                                                            <ul class=\"context\">\n                                            <li class=\"context__item\" aria-label=\"hidden\">                                            <\/li>\n                                        <\/ul>\n                                    \n                                    <h3 class=\"titol\">Indumentaria<\/h3>\n                                        \n                                    <div class=\"button fletxa\"><a href=\"https:\/\/www.salvador-dali.org\/es\/obra\/coleccion\/coleccion-en-linea\/?properties=objectNames&#038;values=%2Fcoeli%2FFGSD%2FSKOSConcept%2F5423999e-c179-092e-96fb-e74783b127b0&#038;labels=Indument%C3%A0ria\">M\u00e1s informaci\u00f3n<\/a><\/div>\n\n                                    \n                                <\/div>\n                                                    <\/div>\n\n                    \n                        \n                        <div class=\"swiper-slide\">\n                                                            <div class=\"banner\" style=\"background-image: url(https:\/\/www.salvador-dali.org\/wp-content\/uploads\/2025\/06\/default-5-806x1024.jpg)\">\n                                                                            <ul class=\"context\">\n                                            <li class=\"context__item\" aria-label=\"hidden\">                                            <\/li>\n                                        <\/ul>\n                                    \n                                    <h3 class=\"titol\">Obra gr\u00e1fica<\/h3>\n                                        \n                                    <div class=\"button fletxa\"><a href=\"https:\/\/www.salvador-dali.org\/es\/obra\/coleccion\/coleccion-en-linea\/?properties=objectNames&#038;values=%2Fcoeli%2FFGSD%2FSKOSConcept%2F0c242af0-d536-7f01-e9d1-b68456b7fe7a&#038;labels=Obra%20gr%C3%A0fica&#038;offset=15&#038;limit=15\">M\u00e1s informaci\u00f3n<\/a><\/div>\n\n                                    \n                                <\/div>\n                                                    <\/div>\n\n                    \n                        \n                        <div class=\"swiper-slide\">\n                                                            <div class=\"banner\" style=\"background-image: url(https:\/\/www.salvador-dali.org\/wp-content\/uploads\/2025\/06\/default-4-815x1024.jpg)\">\n                                                                            <ul class=\"context\">\n                                            <li class=\"context__item\" aria-label=\"hidden\">                                            <\/li>\n                                        <\/ul>\n                                    \n                                    <h3 class=\"titol\">Escultura<\/h3>\n                                        \n                                    <div class=\"button fletxa\"><a href=\"https:\/\/www.salvador-dali.org\/es\/obra\/coleccion\/coleccion-en-linea\/?properties=objectNames&#038;values=%2Fcoeli%2FFGSD%2FSKOSConcept%2Fee6a120f-9cf1-8573-8e61-2085f72a3dbf&#038;labels=Escultura\">M\u00e1s informaci\u00f3n<\/a><\/div>\n\n                                    \n                                <\/div>\n                                                    <\/div>\n\n                    \n                        \n                        <div class=\"swiper-slide\">\n                                                            <div class=\"banner\" style=\"background-image: url(https:\/\/www.salvador-dali.org\/wp-content\/uploads\/2025\/06\/default-2-700x1024.jpg)\">\n                                                                            <ul class=\"context\">\n                                            <li class=\"context__item\" aria-label=\"hidden\">                                            <\/li>\n                                        <\/ul>\n                                    \n                                    <h3 class=\"titol\">Dibujo<\/h3>\n                                        \n                                    <div class=\"button fletxa\"><a href=\"https:\/\/www.salvador-dali.org\/es\/obra\/coleccion\/coleccion-en-linea\/?properties=objectNames&#038;values=%2Fcoeli%2FFGSD%2FSKOSConcept%2F901ca039-9293-4b37-ab7a-7fbc8085aa7e&#038;labels=Dibuix\">M\u00e1s informaci\u00f3n<\/a><\/div>\n\n                                    \n                                <\/div>\n                                                    <\/div>\n\n                    \n                        \n                        <div class=\"swiper-slide\">\n                                                            <div class=\"banner\" style=\"background-image: url(https:\/\/www.salvador-dali.org\/wp-content\/uploads\/2025\/06\/default-1-614x1024.jpg)\">\n                                                                            <ul class=\"context\">\n                                            <li class=\"context__item\" aria-label=\"hidden\">                                            <\/li>\n                                        <\/ul>\n                                    \n                                    <h3 class=\"titol\">Pintura<\/h3>\n                                        \n                                    <div class=\"button fletxa\"><a href=\"https:\/\/www.salvador-dali.org\/es\/obra\/coleccion\/coleccion-en-linea\/?properties=objectNames&#038;values=%2Fcoeli%2FFGSD%2FSKOSConcept%2Fe3d45eae-0ae3-5583-83bb-410974234506&#038;labels=Pintura\">M\u00e1s informaci\u00f3n<\/a><\/div>\n\n                                    \n                                <\/div>\n                                                    <\/div>\n\n                    \n                        \n                        <div class=\"swiper-slide\">\n                                                            <div class=\"banner\" style=\"background-image: url(https:\/\/www.salvador-dali.org\/wp-content\/uploads\/2025\/06\/default-759x1024.jpg)\">\n                                                                            <ul class=\"context\">\n                                            <li class=\"context__item\" aria-label=\"hidden\">                                            <\/li>\n                                        <\/ul>\n                                    \n                                    <h3 class=\"titol\">Joyas<\/h3>\n                                        \n                                    <div class=\"button fletxa\"><a href=\"https:\/\/www.salvador-dali.org\/es\/obra\/coleccion\/coleccion-en-linea\/?properties=objectNames&#038;values=%2Fcoeli%2FFGSD%2FSKOSConcept%2F0a187ff3-7dca-4dd4-8a39-31fedba95e76&#038;labels=Joies\">M\u00e1s informaci\u00f3n<\/a><\/div>\n\n                                    \n                                <\/div>\n                                                    <\/div>\n\n                                    <\/div>\n                <!-- Swiper navigation buttons -->\n                <div class=\"swiper-button-prev\">\n                    <span class=\"screen-reader-text\">Diapositiva anterior<\/span>\n                <\/div>\n                <div class=\"swiper-button-next\">\n                    <span class=\"screen-reader-text\">Diapositiva siguiente<\/span>\n                <\/div>\n            <\/div>\n        <\/div>\n    <\/div>\n\n\n\n<!-- Swiper JS -->\n<script src=\"https:\/\/cdn.jsdelivr.net\/npm\/swiper@11\/swiper-bundle.min.js\"><\/script>\n\n<!-- Initialize Swiper -->\n<script>\n\njQuery( document ).ready(function() {      \n\n    Tipus = 'destacat';\n\n    updateSpaceBetween();\n    spaceBetweenInicial = 60;\n    \n    if (Tipus=='intro-images' ) {\n    \/\/    spaceBetweenValueModul = 0;\n    }\n\n\n\n    console.log(\"spaceBetweenValueModul\",spaceBetweenValueModul);\n\n    var swiper = new Swiper(\"#swiper-69e45d77886ce\", {\n      slidesPerView: \"auto\",\n      spaceBetween: spaceBetweenInicial,\n      \tfreeMode: true,\n\t  \tbreakpoints: {\n\t        \/\/ Quan l'amplada de la pantalla sigui major a 1024px\n\t        1024: {\n\t            spaceBetween: spaceBetweenValue,\n\t        },\n\t    },\n        \/\/ Navigation arrows\n        navigation: {\n            nextEl: '.swiper-button-next',\n            prevEl: '.swiper-button-prev',\n        },\n        mousewheel: {\n            releaseOnEdges: true,\n            forceToAxis: true,\n            sensitivity:    1,\n        },\n        a11y: {\n            prevSlideMessage: 'Diapositiva anterior',\n            nextSlideMessage: 'Diapositiva siguiente',\n        },\n    });\n\n\n \n\n\n    \/*\n    jQuery('.bloc-destacats').each(function() {\n        const nextDiv = jQuery(this).next('div');\n        if (nextDiv.hasClass('contingut-ampliat')) {\n            console.log('T\u00e9 .contingut-ampliat despr\u00e9s');\n            \/\/ Aqu\u00ed pots fer accions, per exemple:\n            \/\/ $nextDiv.addClass('marcat'); o $(this).append($nextDiv);\n        }\n    });\n    *\/\n})\n<\/script>\n\n","protected":false},"excerpt":{"rendered":"<p>Las obras de la colecci\u00f3n son de Salvador Dal\u00ed, pero tambi\u00e9n las hay de otros artistas que \u00e9l coleccion\u00f3 o eligi\u00f3 para formar parte de sus museos. Estas obras pueden verse preferentemente en el Teatro-Museo Dal\u00ed de Figueres, si bien algunas se conservan o forman parte intr\u00ednseca de las casas-museo de&nbsp;Portlligat&nbsp;y&nbsp;P\u00fabol. Las obras provienen de [&hellip;]<\/p>\n","protected":false},"author":3,"featured_media":2545,"parent":7585,"menu_order":1,"comment_status":"closed","ping_status":"closed","template":"","meta":{"_acf_changed":false,"_coblocks_attr":"","_coblocks_dimensions":"","_coblocks_responsive_height":"","_coblocks_accordion_ie_support":"","footnotes":""},"categories":[],"tags":[],"class_list":["post-7597","page","type-page","status-publish","has-post-thumbnail","hentry"],"acf":[],"yoast_head":"<!-- This site is optimized with the Yoast SEO plugin v27.4 - https:\/\/yoast.com\/product\/yoast-seo-wordpress\/ -->\n<title>Colecci\u00f3n - Fundaci\u00f3 Gala - Salvador Dal\u00ed<\/title>\n<meta name=\"robots\" content=\"index, follow, max-snippet:-1, max-image-preview:large, max-video-preview:-1\" \/>\n<link rel=\"canonical\" href=\"https:\/\/www.salvador-dali.org\/es\/obra\/coleccion\/\" \/>\n<meta property=\"og:locale\" content=\"es_ES\" \/>\n<meta property=\"og:type\" content=\"article\" \/>\n<meta property=\"og:title\" content=\"Colecci\u00f3n - Fundaci\u00f3 Gala - Salvador Dal\u00ed\" \/>\n<meta property=\"og:description\" content=\"Las obras de la colecci\u00f3n son de Salvador Dal\u00ed, pero tambi\u00e9n las hay de otros artistas que \u00e9l coleccion\u00f3 o eligi\u00f3 para formar parte de sus museos. Estas obras pueden verse preferentemente en el Teatro-Museo Dal\u00ed de Figueres, si bien algunas se conservan o forman parte intr\u00ednseca de las casas-museo de&nbsp;Portlligat&nbsp;y&nbsp;P\u00fabol. Las obras provienen de [&hellip;]\" \/>\n<meta property=\"og:url\" content=\"https:\/\/www.salvador-dali.org\/es\/obra\/coleccion\/\" \/>\n<meta property=\"og:site_name\" content=\"Fundaci\u00f3 Gala - Salvador Dal\u00ed\" \/>\n<meta property=\"article:publisher\" content=\"https:\/\/www.facebook.com\/MuseusDali\" \/>\n<meta property=\"article:modified_time\" content=\"2025-07-10T11:33:20+00:00\" \/>\n<meta property=\"og:image\" content=\"https:\/\/www.salvador-dali.org\/wp-content\/uploads\/2025\/04\/coleccio.jpg\" \/>\n\t<meta property=\"og:image:width\" content=\"800\" \/>\n\t<meta property=\"og:image:height\" content=\"1023\" \/>\n\t<meta property=\"og:image:type\" content=\"image\/jpeg\" \/>\n<meta name=\"twitter:card\" content=\"summary_large_image\" \/>\n<meta name=\"twitter:site\" content=\"@MuseuDali\" \/>\n<meta name=\"twitter:label1\" content=\"Tiempo de lectura\" \/>\n\t<meta name=\"twitter:data1\" content=\"2 minutos\" \/>\n<script type=\"application\/ld+json\" class=\"yoast-schema-graph\">{\"@context\":\"https:\\\/\\\/schema.org\",\"@graph\":[{\"@type\":\"WebPage\",\"@id\":\"https:\\\/\\\/www.salvador-dali.org\\\/es\\\/obra\\\/coleccion\\\/\",\"url\":\"https:\\\/\\\/www.salvador-dali.org\\\/es\\\/obra\\\/coleccion\\\/\",\"name\":\"Colecci\u00f3n - Fundaci\u00f3 Gala - Salvador Dal\u00ed\",\"isPartOf\":{\"@id\":\"https:\\\/\\\/www.salvador-dali.org\\\/es\\\/#website\"},\"primaryImageOfPage\":{\"@id\":\"https:\\\/\\\/www.salvador-dali.org\\\/es\\\/obra\\\/coleccion\\\/#primaryimage\"},\"image\":{\"@id\":\"https:\\\/\\\/www.salvador-dali.org\\\/es\\\/obra\\\/coleccion\\\/#primaryimage\"},\"thumbnailUrl\":\"https:\\\/\\\/www.salvador-dali.org\\\/wp-content\\\/uploads\\\/2025\\\/04\\\/coleccio.jpg\",\"datePublished\":\"2025-03-17T12:06:31+00:00\",\"dateModified\":\"2025-07-10T11:33:20+00:00\",\"breadcrumb\":{\"@id\":\"https:\\\/\\\/www.salvador-dali.org\\\/es\\\/obra\\\/coleccion\\\/#breadcrumb\"},\"inLanguage\":\"es\",\"potentialAction\":[{\"@type\":\"ReadAction\",\"target\":[\"https:\\\/\\\/www.salvador-dali.org\\\/es\\\/obra\\\/coleccion\\\/\"]}]},{\"@type\":\"ImageObject\",\"inLanguage\":\"es\",\"@id\":\"https:\\\/\\\/www.salvador-dali.org\\\/es\\\/obra\\\/coleccion\\\/#primaryimage\",\"url\":\"https:\\\/\\\/www.salvador-dali.org\\\/wp-content\\\/uploads\\\/2025\\\/04\\\/coleccio.jpg\",\"contentUrl\":\"https:\\\/\\\/www.salvador-dali.org\\\/wp-content\\\/uploads\\\/2025\\\/04\\\/coleccio.jpg\",\"width\":800,\"height\":1023},{\"@type\":\"BreadcrumbList\",\"@id\":\"https:\\\/\\\/www.salvador-dali.org\\\/es\\\/obra\\\/coleccion\\\/#breadcrumb\",\"itemListElement\":[{\"@type\":\"ListItem\",\"position\":1,\"name\":\"Inici\",\"item\":\"https:\\\/\\\/www.salvador-dali.org\\\/es\\\/\"},{\"@type\":\"ListItem\",\"position\":2,\"name\":\"Colecci\u00f3n\"}]},{\"@type\":\"WebSite\",\"@id\":\"https:\\\/\\\/www.salvador-dali.org\\\/es\\\/#website\",\"url\":\"https:\\\/\\\/www.salvador-dali.org\\\/es\\\/\",\"name\":\"Fundaci\u00f3 Gala - Salvador Dal\u00ed\",\"description\":\"\",\"publisher\":{\"@id\":\"https:\\\/\\\/www.salvador-dali.org\\\/es\\\/#organization\"},\"potentialAction\":[{\"@type\":\"SearchAction\",\"target\":{\"@type\":\"EntryPoint\",\"urlTemplate\":\"https:\\\/\\\/www.salvador-dali.org\\\/es\\\/?s={search_term_string}\"},\"query-input\":{\"@type\":\"PropertyValueSpecification\",\"valueRequired\":true,\"valueName\":\"search_term_string\"}}],\"inLanguage\":\"es\"},{\"@type\":\"Organization\",\"@id\":\"https:\\\/\\\/www.salvador-dali.org\\\/es\\\/#organization\",\"name\":\"Fundaci\u00f3 Gala - Salvador Dal\u00ed\",\"url\":\"https:\\\/\\\/www.salvador-dali.org\\\/es\\\/\",\"logo\":{\"@type\":\"ImageObject\",\"inLanguage\":\"es\",\"@id\":\"https:\\\/\\\/www.salvador-dali.org\\\/es\\\/#\\\/schema\\\/logo\\\/image\\\/\",\"url\":\"https:\\\/\\\/www.salvador-dali.org\\\/wp-content\\\/uploads\\\/2025\\\/04\\\/fundacio-gala-salvador-dali.png\",\"contentUrl\":\"https:\\\/\\\/www.salvador-dali.org\\\/wp-content\\\/uploads\\\/2025\\\/04\\\/fundacio-gala-salvador-dali.png\",\"width\":240,\"height\":240,\"caption\":\"Fundaci\u00f3 Gala - Salvador Dal\u00ed\"},\"image\":{\"@id\":\"https:\\\/\\\/www.salvador-dali.org\\\/es\\\/#\\\/schema\\\/logo\\\/image\\\/\"},\"sameAs\":[\"https:\\\/\\\/www.facebook.com\\\/MuseusDali\",\"https:\\\/\\\/x.com\\\/MuseuDali\",\"https:\\\/\\\/www.youtube.com\\\/user\\\/FundacioDali\",\"https:\\\/\\\/www.flickr.com\\\/fundacio_dali\\\/\",\"https:\\\/\\\/instagram.com\\\/museudali\"]}]}<\/script>\n<!-- \/ Yoast SEO plugin. -->","yoast_head_json":{"title":"Colecci\u00f3n - Fundaci\u00f3 Gala - Salvador Dal\u00ed","robots":{"index":"index","follow":"follow","max-snippet":"max-snippet:-1","max-image-preview":"max-image-preview:large","max-video-preview":"max-video-preview:-1"},"canonical":"https:\/\/www.salvador-dali.org\/es\/obra\/coleccion\/","og_locale":"es_ES","og_type":"article","og_title":"Colecci\u00f3n - Fundaci\u00f3 Gala - Salvador Dal\u00ed","og_description":"Las obras de la colecci\u00f3n son de Salvador Dal\u00ed, pero tambi\u00e9n las hay de otros artistas que \u00e9l coleccion\u00f3 o eligi\u00f3 para formar parte de sus museos. Estas obras pueden verse preferentemente en el Teatro-Museo Dal\u00ed de Figueres, si bien algunas se conservan o forman parte intr\u00ednseca de las casas-museo de&nbsp;Portlligat&nbsp;y&nbsp;P\u00fabol. Las obras provienen de [&hellip;]","og_url":"https:\/\/www.salvador-dali.org\/es\/obra\/coleccion\/","og_site_name":"Fundaci\u00f3 Gala - Salvador Dal\u00ed","article_publisher":"https:\/\/www.facebook.com\/MuseusDali","article_modified_time":"2025-07-10T11:33:20+00:00","og_image":[{"width":800,"height":1023,"url":"https:\/\/www.salvador-dali.org\/wp-content\/uploads\/2025\/04\/coleccio.jpg","type":"image\/jpeg"}],"twitter_card":"summary_large_image","twitter_site":"@MuseuDali","twitter_misc":{"Tiempo de lectura":"2 minutos"},"schema":{"@context":"https:\/\/schema.org","@graph":[{"@type":"WebPage","@id":"https:\/\/www.salvador-dali.org\/es\/obra\/coleccion\/","url":"https:\/\/www.salvador-dali.org\/es\/obra\/coleccion\/","name":"Colecci\u00f3n - Fundaci\u00f3 Gala - Salvador Dal\u00ed","isPartOf":{"@id":"https:\/\/www.salvador-dali.org\/es\/#website"},"primaryImageOfPage":{"@id":"https:\/\/www.salvador-dali.org\/es\/obra\/coleccion\/#primaryimage"},"image":{"@id":"https:\/\/www.salvador-dali.org\/es\/obra\/coleccion\/#primaryimage"},"thumbnailUrl":"https:\/\/www.salvador-dali.org\/wp-content\/uploads\/2025\/04\/coleccio.jpg","datePublished":"2025-03-17T12:06:31+00:00","dateModified":"2025-07-10T11:33:20+00:00","breadcrumb":{"@id":"https:\/\/www.salvador-dali.org\/es\/obra\/coleccion\/#breadcrumb"},"inLanguage":"es","potentialAction":[{"@type":"ReadAction","target":["https:\/\/www.salvador-dali.org\/es\/obra\/coleccion\/"]}]},{"@type":"ImageObject","inLanguage":"es","@id":"https:\/\/www.salvador-dali.org\/es\/obra\/coleccion\/#primaryimage","url":"https:\/\/www.salvador-dali.org\/wp-content\/uploads\/2025\/04\/coleccio.jpg","contentUrl":"https:\/\/www.salvador-dali.org\/wp-content\/uploads\/2025\/04\/coleccio.jpg","width":800,"height":1023},{"@type":"BreadcrumbList","@id":"https:\/\/www.salvador-dali.org\/es\/obra\/coleccion\/#breadcrumb","itemListElement":[{"@type":"ListItem","position":1,"name":"Inici","item":"https:\/\/www.salvador-dali.org\/es\/"},{"@type":"ListItem","position":2,"name":"Colecci\u00f3n"}]},{"@type":"WebSite","@id":"https:\/\/www.salvador-dali.org\/es\/#website","url":"https:\/\/www.salvador-dali.org\/es\/","name":"Fundaci\u00f3 Gala - Salvador Dal\u00ed","description":"","publisher":{"@id":"https:\/\/www.salvador-dali.org\/es\/#organization"},"potentialAction":[{"@type":"SearchAction","target":{"@type":"EntryPoint","urlTemplate":"https:\/\/www.salvador-dali.org\/es\/?s={search_term_string}"},"query-input":{"@type":"PropertyValueSpecification","valueRequired":true,"valueName":"search_term_string"}}],"inLanguage":"es"},{"@type":"Organization","@id":"https:\/\/www.salvador-dali.org\/es\/#organization","name":"Fundaci\u00f3 Gala - Salvador Dal\u00ed","url":"https:\/\/www.salvador-dali.org\/es\/","logo":{"@type":"ImageObject","inLanguage":"es","@id":"https:\/\/www.salvador-dali.org\/es\/#\/schema\/logo\/image\/","url":"https:\/\/www.salvador-dali.org\/wp-content\/uploads\/2025\/04\/fundacio-gala-salvador-dali.png","contentUrl":"https:\/\/www.salvador-dali.org\/wp-content\/uploads\/2025\/04\/fundacio-gala-salvador-dali.png","width":240,"height":240,"caption":"Fundaci\u00f3 Gala - Salvador Dal\u00ed"},"image":{"@id":"https:\/\/www.salvador-dali.org\/es\/#\/schema\/logo\/image\/"},"sameAs":["https:\/\/www.facebook.com\/MuseusDali","https:\/\/x.com\/MuseuDali","https:\/\/www.youtube.com\/user\/FundacioDali","https:\/\/www.flickr.com\/fundacio_dali\/","https:\/\/instagram.com\/museudali"]}]}},"_links":{"self":[{"href":"https:\/\/www.salvador-dali.org\/es\/wp-json\/wp\/v2\/pages\/7597","targetHints":{"allow":["GET"]}}],"collection":[{"href":"https:\/\/www.salvador-dali.org\/es\/wp-json\/wp\/v2\/pages"}],"about":[{"href":"https:\/\/www.salvador-dali.org\/es\/wp-json\/wp\/v2\/types\/page"}],"author":[{"embeddable":true,"href":"https:\/\/www.salvador-dali.org\/es\/wp-json\/wp\/v2\/users\/3"}],"replies":[{"embeddable":true,"href":"https:\/\/www.salvador-dali.org\/es\/wp-json\/wp\/v2\/comments?post=7597"}],"version-history":[{"count":1,"href":"https:\/\/www.salvador-dali.org\/es\/wp-json\/wp\/v2\/pages\/7597\/revisions"}],"predecessor-version":[{"id":12801,"href":"https:\/\/www.salvador-dali.org\/es\/wp-json\/wp\/v2\/pages\/7597\/revisions\/12801"}],"up":[{"embeddable":true,"href":"https:\/\/www.salvador-dali.org\/es\/wp-json\/wp\/v2\/pages\/7585"}],"wp:featuredmedia":[{"embeddable":true,"href":"https:\/\/www.salvador-dali.org\/es\/wp-json\/wp\/v2\/media\/2545"}],"wp:attachment":[{"href":"https:\/\/www.salvador-dali.org\/es\/wp-json\/wp\/v2\/media?parent=7597"}],"wp:term":[{"taxonomy":"category","embeddable":true,"href":"https:\/\/www.salvador-dali.org\/es\/wp-json\/wp\/v2\/categories?post=7597"},{"taxonomy":"post_tag","embeddable":true,"href":"https:\/\/www.salvador-dali.org\/es\/wp-json\/wp\/v2\/tags?post=7597"}],"curies":[{"name":"wp","href":"https:\/\/api.w.org\/{rel}","templated":true}]}}