{"id":7630,"date":"2025-03-14T15:01:27","date_gmt":"2025-03-14T13:01:27","guid":{"rendered":"https:\/\/www.salvador-dali.org\/obra\/conservacio-i-restauracio\/projecte-de-recerca-de-lobra-grafica\/"},"modified":"2025-08-21T12:35:31","modified_gmt":"2025-08-21T10:35:31","slug":"proyecto-de-investigacion-de-la-obra-grafica","status":"publish","type":"page","link":"https:\/\/www.salvador-dali.org\/es\/obra\/conservacion-y-restauracion\/proyecto-de-investigacion-de-la-obra-grafica\/","title":{"rendered":"Proyecto de investigaci\u00f3n de la obra gr\u00e1fica"},"content":{"rendered":"\n<div class=\"wp-block-columns global-column is-layout-flex wp-container-core-columns-is-layout-9d6595d7 wp-block-columns-is-layout-flex\">\n<div class=\"wp-block-column is-layout-flow wp-block-column-is-layout-flow\">\n<p class=\"entradeta\">La obra gr\u00e1fica de Salvador Dal\u00ed refleja su larga trayectoria. Consta de una producci\u00f3n extensa y muy variada, con diferentes procesos y t\u00e9cnicas, que evidencian la amplitud de la visi\u00f3n del artista y su creatividad, incluida su colaboraci\u00f3n con editores e impresores del mundo de la imprenta.<\/p>\n<\/div>\n<\/div>\n\n\n    <div  class=\"wp-block-columns swiper-column  intro intro-images bloc-destacats imatges\" style=\"background-image: linear-gradient(to right, white, white)\">\n        <div class=\"wp-block-column\">\n            <div id=\"swiper-69da0b6550ad9\" class=\"swiper destacats dues\" >\n                <div class=\"swiper-wrapper\">\n\n                                            <div class=\"swiper-slide intro\">\n                            <span class=\"image-background\" style=\"background-image:url(https:\/\/www.salvador-dali.org\/wp-content\/uploads\/2025\/03\/dsc_8178_editora_77_10_7_800.jpg)\"><\/span>\n                            \n                        <\/div>\n                        <div class=\"swiper-slide\">\n                           <div class=\"descripcio\">\n                            <h2>Investigaci\u00f3n para un nuevo cat\u00e1logo razonado<\/h2>\n                            <p>Desde hace m\u00e1s de veinte a\u00f1os, se investiga la obra gr\u00e1fica del artista. Entre los a\u00f1os 2002 y 2016, las estampas del Teatro-Museo Dal\u00ed, junto con la colecci\u00f3n de Dal\u00ed procedente de su legado y depositada en la Fundaci\u00f3n Gala-Salvador Dal\u00ed, se estudiaron de manera exhaustiva, en colaboraci\u00f3n con el Departamento de Artes y Conservaci\u00f3n-Restauraci\u00f3n y el Departamento de Artes Visuales y Dise\u00f1o de la Universidad de Barcelona, dentro del proyecto Estudio, Documentaci\u00f3n y Caracterizaci\u00f3n de los Materiales y T\u00e9cnicas de la Obra Gr\u00e1fica de Salvador Dal\u00ed, tal y como consta en las memorias de la Fundaci\u00f3n. El proyecto de investigaci\u00f3n ha ido continuando hasta la actualidad, con el prop\u00f3sito de realizar el \u00abCat\u00e1logo Razonado de Obra Gr\u00e1fica de Salvador Dal\u00ed\u00bb. El cat\u00e1logo reflejar\u00e1 el trabajo de largos a\u00f1os de investigaci\u00f3n y permitir\u00e1 establecer las directrices fundamentales para la identificaci\u00f3n de las caracter\u00edsticas materiales y t\u00e9cnicas de la obra gr\u00e1fica. Uno de los objetivos de la difusi\u00f3n de los resultados ser\u00e1 la clarificaci\u00f3n y divulgaci\u00f3n del trabajo de Dal\u00ed en esta disciplina. La publicaci\u00f3n en l\u00ednea del cat\u00e1logo, que se realizar\u00e1 por tramos cronol\u00f3gicos, est\u00e1 prevista para finales de 2025.<\/p>\n                            <\/div>\n\n                                                    <\/div>\n                    \n\n                    \n                        \n                        <div class=\"swiper-slide\">\n                                                            <figure>\n                                    <a data-fancybox=\"gallery-69da0b6550ad9\" data-src=\"https:\/\/www.salvador-dali.org\/wp-content\/uploads\/2025\/03\/dsc_8178_editora_77_10_7_800.jpg\" data-caption=\"Observaci\u00f3n con lupa binocular para la identificaci\u00f3n t\u00e9cnica de la obra &lt;em&gt;Rhinoc\u00e9ros&lt;\/em&gt; (1968) \u00a9 Salvador Dal\u00ed, Fundaci\u00f3n Gala-Salvador Dal\u00ed, Figueres, 2025\">\n                                        <img decoding=\"async\" src=\"https:\/\/www.salvador-dali.org\/wp-content\/uploads\/2025\/03\/dsc_8178_editora_77_10_7_800.jpg\" alt=\"Observaci\u00f3n con lupa binocular para la identificaci\u00f3n t\u00e9cnica de la obra Rhinoc\u00e9ros (1968) \u00a9 Salvador Dal\u00ed, Fundaci\u00f3n Gala-Salvador Dal\u00ed, Figueres, 2025\"> \n\t\t\t\t          \t\t\t<\/a>\n                                                                        <figcaption class=\"custom-caption\">Observaci\u00f3n con lupa binocular para la identificaci\u00f3n t\u00e9cnica de la obra &lt;em&gt;Rhinoc\u00e9ros&lt;\/em&gt; (1968) \u00a9 Salvador Dal\u00ed, Fundaci\u00f3n Gala-Salvador Dal\u00ed, Figueres, 2025<\/figcaption>\n                                <\/figure>\n                                                    <\/div>\n\n                    \n                        \n                        <div class=\"swiper-slide\">\n                                                            <figure>\n                                    <a data-fancybox=\"gallery-69da0b6550ad9\" data-src=\"https:\/\/www.salvador-dali.org\/wp-content\/uploads\/2025\/06\/recerca-obra-grafica-1.jpg\" data-caption=\"\">\n                                        <img decoding=\"async\" src=\"https:\/\/www.salvador-dali.org\/wp-content\/uploads\/2025\/06\/recerca-obra-grafica-1.jpg\" alt=\"\"> \n\t\t\t\t          \t\t\t<\/a>\n                                                                        <figcaption class=\"custom-caption\"><\/figcaption>\n                                <\/figure>\n                                                    <\/div>\n\n                    \n                        \n                        <div class=\"swiper-slide\">\n                                                            <figure>\n                                    <a data-fancybox=\"gallery-69da0b6550ad9\" data-src=\"https:\/\/www.salvador-dali.org\/wp-content\/uploads\/2025\/06\/recerca-obra-grafica-2.jpg\" data-caption=\"\">\n                                        <img decoding=\"async\" src=\"https:\/\/www.salvador-dali.org\/wp-content\/uploads\/2025\/06\/recerca-obra-grafica-2.jpg\" alt=\"\"> \n\t\t\t\t          \t\t\t<\/a>\n                                                                        <figcaption class=\"custom-caption\"><\/figcaption>\n                                <\/figure>\n                                                    <\/div>\n\n                    \n                        \n                        <div class=\"swiper-slide\">\n                                                            <figure>\n                                    <a data-fancybox=\"gallery-69da0b6550ad9\" data-src=\"https:\/\/www.salvador-dali.org\/wp-content\/uploads\/2025\/06\/recerca-obra-grafica-3.jpg\" data-caption=\"\">\n                                        <img decoding=\"async\" src=\"https:\/\/www.salvador-dali.org\/wp-content\/uploads\/2025\/06\/recerca-obra-grafica-3.jpg\" alt=\"\"> \n\t\t\t\t          \t\t\t<\/a>\n                                                                        <figcaption class=\"custom-caption\"><\/figcaption>\n                                <\/figure>\n                                                    <\/div>\n\n                    \n                        \n                        <div class=\"swiper-slide\">\n                                                            <figure>\n                                    <a data-fancybox=\"gallery-69da0b6550ad9\" data-src=\"https:\/\/www.salvador-dali.org\/wp-content\/uploads\/2025\/07\/05_SurrealisticFlowergirl_ZICRosa10x_FotolitoOffset_Lito_Gravat.jpg\" data-caption=\"Detalle con lupa binocular de \u2018Surrealistic flower girl\u2019 del conjunto &lt;em&gt;Memories of Surrealism&lt;\/em&gt; de 1971 \u00a9 Salvador Dal\u00ed, Fundaci\u00f3n Gala-Salvador Dal\u00ed, Figueres, 2025\">\n                                        <img decoding=\"async\" src=\"https:\/\/www.salvador-dali.org\/wp-content\/uploads\/2025\/07\/05_SurrealisticFlowergirl_ZICRosa10x_FotolitoOffset_Lito_Gravat-1024x760.jpg\" alt=\"Detalle con lupa binocular de \u2018Surrealistic flower girl\u2019 del conjunto Memories of Surrealism de 1971 \u00a9 Salvador Dal\u00ed, Fundaci\u00f3n Gala-Salvador Dal\u00ed, Figueres, 2025\"> \n\t\t\t\t          \t\t\t<\/a>\n                                                                        <figcaption class=\"custom-caption\">Detalle con lupa binocular de \u2018Surrealistic flower girl\u2019 del conjunto &lt;em&gt;Memories of Surrealism&lt;\/em&gt; de 1971 \u00a9 Salvador Dal\u00ed, Fundaci\u00f3n Gala-Salvador Dal\u00ed, Figueres, 2025<\/figcaption>\n                                <\/figure>\n                                                    <\/div>\n\n                                    <\/div>\n                <!-- Swiper navigation buttons -->\n                <div class=\"swiper-button-prev\">\n                    <span class=\"screen-reader-text\">Diapositiva anterior<\/span>\n                <\/div>\n                <div class=\"swiper-button-next\">\n                    <span class=\"screen-reader-text\">Diapositiva siguiente<\/span>\n                <\/div>\n            <\/div>\n        <\/div>\n    <\/div>\n\n\n\n<!-- Swiper JS -->\n<script src=\"https:\/\/cdn.jsdelivr.net\/npm\/swiper@11\/swiper-bundle.min.js\"><\/script>\n\n<!-- Initialize Swiper -->\n<script>\n\njQuery( document ).ready(function() {      \n\n    Tipus = 'intro-images';\n\n    updateSpaceBetween();\n    spaceBetweenInicial = 60;\n    \n    if (Tipus=='intro-images' ) {\n    \/\/    spaceBetweenValueModul = 0;\n    }\n\n\n\n    console.log(\"spaceBetweenValueModul\",spaceBetweenValueModul);\n\n    var swiper = new Swiper(\"#swiper-69da0b6550ad9\", {\n      slidesPerView: \"auto\",\n      spaceBetween: spaceBetweenInicial,\n      \tfreeMode: true,\n\t  \tbreakpoints: {\n\t        \/\/ Quan l'amplada de la pantalla sigui major a 1024px\n\t        1024: {\n\t            spaceBetween: spaceBetweenValue,\n\t        },\n\t    },\n        \/\/ Navigation arrows\n        navigation: {\n            nextEl: '.swiper-button-next',\n            prevEl: '.swiper-button-prev',\n        },\n        mousewheel: {\n            releaseOnEdges: true,\n            forceToAxis: true,\n            sensitivity:    1,\n        },\n        a11y: {\n            prevSlideMessage: 'Diapositiva anterior',\n            nextSlideMessage: 'Diapositiva siguiente',\n        },\n    });\n\n\n \n\n\n    \/*\n    jQuery('.bloc-destacats').each(function() {\n        const nextDiv = jQuery(this).next('div');\n        if (nextDiv.hasClass('contingut-ampliat')) {\n            console.log('T\u00e9 .contingut-ampliat despr\u00e9s');\n            \/\/ Aqu\u00ed pots fer accions, per exemple:\n            \/\/ $nextDiv.addClass('marcat'); o $(this).append($nextDiv);\n        }\n    });\n    *\/\n})\n<\/script>\n\n","protected":false},"excerpt":{"rendered":"<p>La obra gr\u00e1fica de Salvador Dal\u00ed refleja su larga trayectoria. Consta de una producci\u00f3n extensa y muy variada, con diferentes procesos y t\u00e9cnicas, que evidencian la amplitud de la visi\u00f3n del artista y su creatividad, incluida su colaboraci\u00f3n con editores e impresores del mundo de la imprenta.<\/p>\n","protected":false},"author":3,"featured_media":2117,"parent":7624,"menu_order":1,"comment_status":"closed","ping_status":"closed","template":"","meta":{"_acf_changed":false,"_coblocks_attr":"","_coblocks_dimensions":"","_coblocks_responsive_height":"","_coblocks_accordion_ie_support":"","footnotes":""},"categories":[],"tags":[],"class_list":["post-7630","page","type-page","status-publish","has-post-thumbnail","hentry"],"acf":[],"yoast_head":"<!-- This site is optimized with the Yoast SEO plugin v27.3 - https:\/\/yoast.com\/product\/yoast-seo-wordpress\/ -->\n<title>Proyecto de investigaci\u00f3n de la obra gr\u00e1fica - Fundaci\u00f3 Gala - Salvador Dal\u00ed<\/title>\n<meta name=\"robots\" content=\"index, follow, max-snippet:-1, max-image-preview:large, max-video-preview:-1\" \/>\n<link rel=\"canonical\" href=\"https:\/\/www.salvador-dali.org\/es\/obra\/conservacion-y-restauracion\/proyecto-de-investigacion-de-la-obra-grafica\/\" \/>\n<meta property=\"og:locale\" content=\"es_ES\" \/>\n<meta property=\"og:type\" content=\"article\" \/>\n<meta property=\"og:title\" content=\"Proyecto de investigaci\u00f3n de la obra gr\u00e1fica - Fundaci\u00f3 Gala - Salvador Dal\u00ed\" \/>\n<meta property=\"og:description\" content=\"La obra gr\u00e1fica de Salvador Dal\u00ed refleja su larga trayectoria. Consta de una producci\u00f3n extensa y muy variada, con diferentes procesos y t\u00e9cnicas, que evidencian la amplitud de la visi\u00f3n del artista y su creatividad, incluida su colaboraci\u00f3n con editores e impresores del mundo de la imprenta.\" \/>\n<meta property=\"og:url\" content=\"https:\/\/www.salvador-dali.org\/es\/obra\/conservacion-y-restauracion\/proyecto-de-investigacion-de-la-obra-grafica\/\" \/>\n<meta property=\"og:site_name\" content=\"Fundaci\u00f3 Gala - Salvador Dal\u00ed\" \/>\n<meta property=\"article:publisher\" content=\"https:\/\/www.facebook.com\/MuseusDali\" \/>\n<meta property=\"article:modified_time\" content=\"2025-08-21T10:35:31+00:00\" \/>\n<meta property=\"og:image\" content=\"https:\/\/www.salvador-dali.org\/wp-content\/uploads\/2025\/03\/dsc_8178_editora_77_10_7_800.jpg\" \/>\n\t<meta property=\"og:image:width\" content=\"800\" \/>\n\t<meta property=\"og:image:height\" content=\"675\" \/>\n\t<meta property=\"og:image:type\" content=\"image\/jpeg\" \/>\n<meta name=\"twitter:card\" content=\"summary_large_image\" \/>\n<meta name=\"twitter:site\" content=\"@MuseuDali\" \/>\n<meta name=\"twitter:label1\" content=\"Tiempo de lectura\" \/>\n\t<meta name=\"twitter:data1\" content=\"1 minuto\" \/>\n<script type=\"application\/ld+json\" class=\"yoast-schema-graph\">{\"@context\":\"https:\\\/\\\/schema.org\",\"@graph\":[{\"@type\":\"WebPage\",\"@id\":\"https:\\\/\\\/www.salvador-dali.org\\\/es\\\/obra\\\/conservacion-y-restauracion\\\/proyecto-de-investigacion-de-la-obra-grafica\\\/\",\"url\":\"https:\\\/\\\/www.salvador-dali.org\\\/es\\\/obra\\\/conservacion-y-restauracion\\\/proyecto-de-investigacion-de-la-obra-grafica\\\/\",\"name\":\"Proyecto de investigaci\u00f3n de la obra gr\u00e1fica - Fundaci\u00f3 Gala - Salvador Dal\u00ed\",\"isPartOf\":{\"@id\":\"https:\\\/\\\/www.salvador-dali.org\\\/es\\\/#website\"},\"primaryImageOfPage\":{\"@id\":\"https:\\\/\\\/www.salvador-dali.org\\\/es\\\/obra\\\/conservacion-y-restauracion\\\/proyecto-de-investigacion-de-la-obra-grafica\\\/#primaryimage\"},\"image\":{\"@id\":\"https:\\\/\\\/www.salvador-dali.org\\\/es\\\/obra\\\/conservacion-y-restauracion\\\/proyecto-de-investigacion-de-la-obra-grafica\\\/#primaryimage\"},\"thumbnailUrl\":\"https:\\\/\\\/www.salvador-dali.org\\\/wp-content\\\/uploads\\\/2025\\\/03\\\/dsc_8178_editora_77_10_7_800.jpg\",\"datePublished\":\"2025-03-14T13:01:27+00:00\",\"dateModified\":\"2025-08-21T10:35:31+00:00\",\"breadcrumb\":{\"@id\":\"https:\\\/\\\/www.salvador-dali.org\\\/es\\\/obra\\\/conservacion-y-restauracion\\\/proyecto-de-investigacion-de-la-obra-grafica\\\/#breadcrumb\"},\"inLanguage\":\"es\",\"potentialAction\":[{\"@type\":\"ReadAction\",\"target\":[\"https:\\\/\\\/www.salvador-dali.org\\\/es\\\/obra\\\/conservacion-y-restauracion\\\/proyecto-de-investigacion-de-la-obra-grafica\\\/\"]}]},{\"@type\":\"ImageObject\",\"inLanguage\":\"es\",\"@id\":\"https:\\\/\\\/www.salvador-dali.org\\\/es\\\/obra\\\/conservacion-y-restauracion\\\/proyecto-de-investigacion-de-la-obra-grafica\\\/#primaryimage\",\"url\":\"https:\\\/\\\/www.salvador-dali.org\\\/wp-content\\\/uploads\\\/2025\\\/03\\\/dsc_8178_editora_77_10_7_800.jpg\",\"contentUrl\":\"https:\\\/\\\/www.salvador-dali.org\\\/wp-content\\\/uploads\\\/2025\\\/03\\\/dsc_8178_editora_77_10_7_800.jpg\",\"width\":800,\"height\":675,\"caption\":\"Observaci\u00f3n con lupa binocular para la identificaci\u00f3n t\u00e9cnica de la obra Rhinoc\u00e9ros (1968) \u00a9 Salvador Dal\u00ed, Fundaci\u00f3n Gala-Salvador Dal\u00ed, Figueres, 2025\"},{\"@type\":\"BreadcrumbList\",\"@id\":\"https:\\\/\\\/www.salvador-dali.org\\\/es\\\/obra\\\/conservacion-y-restauracion\\\/proyecto-de-investigacion-de-la-obra-grafica\\\/#breadcrumb\",\"itemListElement\":[{\"@type\":\"ListItem\",\"position\":1,\"name\":\"Inici\",\"item\":\"https:\\\/\\\/www.salvador-dali.org\\\/es\\\/\"},{\"@type\":\"ListItem\",\"position\":2,\"name\":\"Proyecto de investigaci\u00f3n de la obra gr\u00e1fica\"}]},{\"@type\":\"WebSite\",\"@id\":\"https:\\\/\\\/www.salvador-dali.org\\\/es\\\/#website\",\"url\":\"https:\\\/\\\/www.salvador-dali.org\\\/es\\\/\",\"name\":\"Fundaci\u00f3 Gala - Salvador Dal\u00ed\",\"description\":\"\",\"publisher\":{\"@id\":\"https:\\\/\\\/www.salvador-dali.org\\\/es\\\/#organization\"},\"potentialAction\":[{\"@type\":\"SearchAction\",\"target\":{\"@type\":\"EntryPoint\",\"urlTemplate\":\"https:\\\/\\\/www.salvador-dali.org\\\/es\\\/?s={search_term_string}\"},\"query-input\":{\"@type\":\"PropertyValueSpecification\",\"valueRequired\":true,\"valueName\":\"search_term_string\"}}],\"inLanguage\":\"es\"},{\"@type\":\"Organization\",\"@id\":\"https:\\\/\\\/www.salvador-dali.org\\\/es\\\/#organization\",\"name\":\"Fundaci\u00f3 Gala - Salvador Dal\u00ed\",\"url\":\"https:\\\/\\\/www.salvador-dali.org\\\/es\\\/\",\"logo\":{\"@type\":\"ImageObject\",\"inLanguage\":\"es\",\"@id\":\"https:\\\/\\\/www.salvador-dali.org\\\/es\\\/#\\\/schema\\\/logo\\\/image\\\/\",\"url\":\"https:\\\/\\\/www.salvador-dali.org\\\/wp-content\\\/uploads\\\/2025\\\/04\\\/fundacio-gala-salvador-dali.png\",\"contentUrl\":\"https:\\\/\\\/www.salvador-dali.org\\\/wp-content\\\/uploads\\\/2025\\\/04\\\/fundacio-gala-salvador-dali.png\",\"width\":240,\"height\":240,\"caption\":\"Fundaci\u00f3 Gala - Salvador Dal\u00ed\"},\"image\":{\"@id\":\"https:\\\/\\\/www.salvador-dali.org\\\/es\\\/#\\\/schema\\\/logo\\\/image\\\/\"},\"sameAs\":[\"https:\\\/\\\/www.facebook.com\\\/MuseusDali\",\"https:\\\/\\\/x.com\\\/MuseuDali\",\"https:\\\/\\\/www.youtube.com\\\/user\\\/FundacioDali\",\"https:\\\/\\\/www.flickr.com\\\/fundacio_dali\\\/\",\"https:\\\/\\\/instagram.com\\\/museudali\"]}]}<\/script>\n<!-- \/ Yoast SEO plugin. -->","yoast_head_json":{"title":"Proyecto de investigaci\u00f3n de la obra gr\u00e1fica - Fundaci\u00f3 Gala - Salvador Dal\u00ed","robots":{"index":"index","follow":"follow","max-snippet":"max-snippet:-1","max-image-preview":"max-image-preview:large","max-video-preview":"max-video-preview:-1"},"canonical":"https:\/\/www.salvador-dali.org\/es\/obra\/conservacion-y-restauracion\/proyecto-de-investigacion-de-la-obra-grafica\/","og_locale":"es_ES","og_type":"article","og_title":"Proyecto de investigaci\u00f3n de la obra gr\u00e1fica - Fundaci\u00f3 Gala - Salvador Dal\u00ed","og_description":"La obra gr\u00e1fica de Salvador Dal\u00ed refleja su larga trayectoria. Consta de una producci\u00f3n extensa y muy variada, con diferentes procesos y t\u00e9cnicas, que evidencian la amplitud de la visi\u00f3n del artista y su creatividad, incluida su colaboraci\u00f3n con editores e impresores del mundo de la imprenta.","og_url":"https:\/\/www.salvador-dali.org\/es\/obra\/conservacion-y-restauracion\/proyecto-de-investigacion-de-la-obra-grafica\/","og_site_name":"Fundaci\u00f3 Gala - Salvador Dal\u00ed","article_publisher":"https:\/\/www.facebook.com\/MuseusDali","article_modified_time":"2025-08-21T10:35:31+00:00","og_image":[{"width":800,"height":675,"url":"https:\/\/www.salvador-dali.org\/wp-content\/uploads\/2025\/03\/dsc_8178_editora_77_10_7_800.jpg","type":"image\/jpeg"}],"twitter_card":"summary_large_image","twitter_site":"@MuseuDali","twitter_misc":{"Tiempo de lectura":"1 minuto"},"schema":{"@context":"https:\/\/schema.org","@graph":[{"@type":"WebPage","@id":"https:\/\/www.salvador-dali.org\/es\/obra\/conservacion-y-restauracion\/proyecto-de-investigacion-de-la-obra-grafica\/","url":"https:\/\/www.salvador-dali.org\/es\/obra\/conservacion-y-restauracion\/proyecto-de-investigacion-de-la-obra-grafica\/","name":"Proyecto de investigaci\u00f3n de la obra gr\u00e1fica - Fundaci\u00f3 Gala - Salvador Dal\u00ed","isPartOf":{"@id":"https:\/\/www.salvador-dali.org\/es\/#website"},"primaryImageOfPage":{"@id":"https:\/\/www.salvador-dali.org\/es\/obra\/conservacion-y-restauracion\/proyecto-de-investigacion-de-la-obra-grafica\/#primaryimage"},"image":{"@id":"https:\/\/www.salvador-dali.org\/es\/obra\/conservacion-y-restauracion\/proyecto-de-investigacion-de-la-obra-grafica\/#primaryimage"},"thumbnailUrl":"https:\/\/www.salvador-dali.org\/wp-content\/uploads\/2025\/03\/dsc_8178_editora_77_10_7_800.jpg","datePublished":"2025-03-14T13:01:27+00:00","dateModified":"2025-08-21T10:35:31+00:00","breadcrumb":{"@id":"https:\/\/www.salvador-dali.org\/es\/obra\/conservacion-y-restauracion\/proyecto-de-investigacion-de-la-obra-grafica\/#breadcrumb"},"inLanguage":"es","potentialAction":[{"@type":"ReadAction","target":["https:\/\/www.salvador-dali.org\/es\/obra\/conservacion-y-restauracion\/proyecto-de-investigacion-de-la-obra-grafica\/"]}]},{"@type":"ImageObject","inLanguage":"es","@id":"https:\/\/www.salvador-dali.org\/es\/obra\/conservacion-y-restauracion\/proyecto-de-investigacion-de-la-obra-grafica\/#primaryimage","url":"https:\/\/www.salvador-dali.org\/wp-content\/uploads\/2025\/03\/dsc_8178_editora_77_10_7_800.jpg","contentUrl":"https:\/\/www.salvador-dali.org\/wp-content\/uploads\/2025\/03\/dsc_8178_editora_77_10_7_800.jpg","width":800,"height":675,"caption":"Observaci\u00f3n con lupa binocular para la identificaci\u00f3n t\u00e9cnica de la obra Rhinoc\u00e9ros (1968) \u00a9 Salvador Dal\u00ed, Fundaci\u00f3n Gala-Salvador Dal\u00ed, Figueres, 2025"},{"@type":"BreadcrumbList","@id":"https:\/\/www.salvador-dali.org\/es\/obra\/conservacion-y-restauracion\/proyecto-de-investigacion-de-la-obra-grafica\/#breadcrumb","itemListElement":[{"@type":"ListItem","position":1,"name":"Inici","item":"https:\/\/www.salvador-dali.org\/es\/"},{"@type":"ListItem","position":2,"name":"Proyecto de investigaci\u00f3n de la obra gr\u00e1fica"}]},{"@type":"WebSite","@id":"https:\/\/www.salvador-dali.org\/es\/#website","url":"https:\/\/www.salvador-dali.org\/es\/","name":"Fundaci\u00f3 Gala - Salvador Dal\u00ed","description":"","publisher":{"@id":"https:\/\/www.salvador-dali.org\/es\/#organization"},"potentialAction":[{"@type":"SearchAction","target":{"@type":"EntryPoint","urlTemplate":"https:\/\/www.salvador-dali.org\/es\/?s={search_term_string}"},"query-input":{"@type":"PropertyValueSpecification","valueRequired":true,"valueName":"search_term_string"}}],"inLanguage":"es"},{"@type":"Organization","@id":"https:\/\/www.salvador-dali.org\/es\/#organization","name":"Fundaci\u00f3 Gala - Salvador Dal\u00ed","url":"https:\/\/www.salvador-dali.org\/es\/","logo":{"@type":"ImageObject","inLanguage":"es","@id":"https:\/\/www.salvador-dali.org\/es\/#\/schema\/logo\/image\/","url":"https:\/\/www.salvador-dali.org\/wp-content\/uploads\/2025\/04\/fundacio-gala-salvador-dali.png","contentUrl":"https:\/\/www.salvador-dali.org\/wp-content\/uploads\/2025\/04\/fundacio-gala-salvador-dali.png","width":240,"height":240,"caption":"Fundaci\u00f3 Gala - Salvador Dal\u00ed"},"image":{"@id":"https:\/\/www.salvador-dali.org\/es\/#\/schema\/logo\/image\/"},"sameAs":["https:\/\/www.facebook.com\/MuseusDali","https:\/\/x.com\/MuseuDali","https:\/\/www.youtube.com\/user\/FundacioDali","https:\/\/www.flickr.com\/fundacio_dali\/","https:\/\/instagram.com\/museudali"]}]}},"_links":{"self":[{"href":"https:\/\/www.salvador-dali.org\/es\/wp-json\/wp\/v2\/pages\/7630","targetHints":{"allow":["GET"]}}],"collection":[{"href":"https:\/\/www.salvador-dali.org\/es\/wp-json\/wp\/v2\/pages"}],"about":[{"href":"https:\/\/www.salvador-dali.org\/es\/wp-json\/wp\/v2\/types\/page"}],"author":[{"embeddable":true,"href":"https:\/\/www.salvador-dali.org\/es\/wp-json\/wp\/v2\/users\/3"}],"replies":[{"embeddable":true,"href":"https:\/\/www.salvador-dali.org\/es\/wp-json\/wp\/v2\/comments?post=7630"}],"version-history":[{"count":1,"href":"https:\/\/www.salvador-dali.org\/es\/wp-json\/wp\/v2\/pages\/7630\/revisions"}],"predecessor-version":[{"id":14029,"href":"https:\/\/www.salvador-dali.org\/es\/wp-json\/wp\/v2\/pages\/7630\/revisions\/14029"}],"up":[{"embeddable":true,"href":"https:\/\/www.salvador-dali.org\/es\/wp-json\/wp\/v2\/pages\/7624"}],"wp:featuredmedia":[{"embeddable":true,"href":"https:\/\/www.salvador-dali.org\/es\/wp-json\/wp\/v2\/media\/2117"}],"wp:attachment":[{"href":"https:\/\/www.salvador-dali.org\/es\/wp-json\/wp\/v2\/media?parent=7630"}],"wp:term":[{"taxonomy":"category","embeddable":true,"href":"https:\/\/www.salvador-dali.org\/es\/wp-json\/wp\/v2\/categories?post=7630"},{"taxonomy":"post_tag","embeddable":true,"href":"https:\/\/www.salvador-dali.org\/es\/wp-json\/wp\/v2\/tags?post=7630"}],"curies":[{"name":"wp","href":"https:\/\/api.w.org\/{rel}","templated":true}]}}