{"id":7633,"date":"2025-03-14T15:00:23","date_gmt":"2025-03-14T13:00:23","guid":{"rendered":"https:\/\/www.salvador-dali.org\/obra\/conservacio-i-restauracio\/documentacio-de-la-tecnica-pictorica\/"},"modified":"2025-07-03T14:49:30","modified_gmt":"2025-07-03T12:49:30","slug":"documentacion-de-la-tecnica-pictorica","status":"publish","type":"page","link":"https:\/\/www.salvador-dali.org\/es\/obra\/conservacion-y-restauracion\/documentacion-de-la-tecnica-pictorica\/","title":{"rendered":"Documentaci\u00f3n de la t\u00e9cnica pict\u00f3rica"},"content":{"rendered":"\n<div class=\"wp-block-columns global-column is-layout-flex wp-container-core-columns-is-layout-9d6595d7 wp-block-columns-is-layout-flex\">\n<div class=\"wp-block-column is-layout-flow wp-block-column-is-layout-flow\">\n<p class=\"wp-block-custom-entradeta entradeta\">Las pinturas de la colecci\u00f3n se estudian exhaustivamente con el fin de identificar sus caracter\u00edsticas t\u00e9cnicas y materiales, establecer su estado de conservaci\u00f3n y dise\u00f1ar la estrategia adecuada que garantice su preservaci\u00f3n.<\/p>\n<\/div>\n<\/div>\n\n\n    <div  class=\"wp-block-columns swiper-column  intro intro-images bloc-destacats imatges\" style=\"background-image: linear-gradient(to right, white, white)\">\n        <div class=\"wp-block-column\">\n            <div id=\"swiper-69da0b402863e\" class=\"swiper destacats dues\" >\n                <div class=\"swiper-wrapper\">\n\n                                            <div class=\"swiper-slide intro\">\n                            <span class=\"image-background\" style=\"background-image:url(https:\/\/www.salvador-dali.org\/wp-content\/uploads\/2025\/06\/Documentacio-obres-pictoriques-1.jpg)\"><\/span>\n                            \n                        <\/div>\n                        <div class=\"swiper-slide\">\n                           <div class=\"descripcio\">\n                            <h2>El espectro de la luz como medio<\/h2>\n                            <p>El estudio de las capas pict\u00f3ricas se inicia con una inspecci\u00f3n a fondo de la pieza con diferentes tipos de luz \u2014luz natural, luz reflejada, luz rasante, luz ultravioleta, luz infrarroja\u2014 y con la toma de fotograf\u00edas y macrofotograf\u00edas de detalles. Con la ayuda de la lupa binocular, estos ex\u00e1menes nos permiten observar diferentes caracter\u00edsticas t\u00e9cnicas y de procedimiento de la pintura y comprender aspectos de los materiales. Por ejemplo, la luz visible, con sus variantes reflejada, rasante y transmitida, nos da informaci\u00f3n sobre el trazo del artista, la textura pict\u00f3rica, la pincelada y el tipo de pinceles utilizados, etc. La luz ultravioleta nos permite identificar retoques posteriores y, si lo hay, el tipo de barniz utilizado por el artista, seg\u00fan la diferente respuesta fluorescente que dan los materiales presentes en la obra. La reflectograf\u00eda de infrarrojo permite observar dibujos subyacentes preparatorios y si hay alg\u00fan <em>pentimento<\/em> (alteraci\u00f3n en un cuadro por un cambio de idea del artista). Las radiograf\u00edas de las pinturas proporcionan informaci\u00f3n acerca del soporte de tela o madera y sobre algunos tipos de pigmentos. Finalmente, los estudios anal\u00edticos de los pigmentos y aglutinantes de las pinturas nos permiten identificar los materiales y complementan la informaci\u00f3n sobre la t\u00e9cnica pict\u00f3rica de Dal\u00ed.<\/p>\n                            <\/div>\n\n                                                    <\/div>\n                    \n\n                    \n                        \n                        <div class=\"swiper-slide\">\n                                                            <figure>\n                                    <a data-fancybox=\"gallery-69da0b402863e\" data-src=\"https:\/\/www.salvador-dali.org\/wp-content\/uploads\/2025\/06\/Documentacio-obres-pictoriques-2.jpg\" data-caption=\"Comienzo autom\u00e1tico de un retrato de Gala, c.1933 (El estudio t\u00e9cnico de las capas pict\u00f3ricas comienza con una inspecci\u00f3n de la pieza)\">\n                                        <img decoding=\"async\" src=\"https:\/\/www.salvador-dali.org\/wp-content\/uploads\/2025\/06\/Documentacio-obres-pictoriques-2.jpg\" alt=\"Comienzo autom\u00e1tico de un retrato de Gala, c.1933 (El estudio t\u00e9cnico de las capas pict\u00f3ricas comienza con una inspecci\u00f3n de la pieza)\"> \n\t\t\t\t          \t\t\t<\/a>\n                                                                        <figcaption class=\"custom-caption\">Comienzo autom\u00e1tico de un retrato de Gala, c.1933 (El estudio t\u00e9cnico de las capas pict\u00f3ricas comienza con una inspecci\u00f3n de la pieza)<\/figcaption>\n                                <\/figure>\n                                                    <\/div>\n\n                    \n                        \n                        <div class=\"swiper-slide\">\n                                                            <figure>\n                                    <a data-fancybox=\"gallery-69da0b402863e\" data-src=\"https:\/\/www.salvador-dali.org\/wp-content\/uploads\/2025\/06\/Documentacio-obres-pictoriques-3.jpg\" data-caption=\"Comienzo autom\u00e1tico de un retrato de Gala (La lupa binocular nos permite acercarnos y ver el trazo del grafito preparatorio), c.1933 \u00a9 Salvador Dal\u00ed, Fundaci\u00f3n Gala-Salvador Dal\u00ed, Figueres, 2025\">\n                                        <img decoding=\"async\" src=\"https:\/\/www.salvador-dali.org\/wp-content\/uploads\/2025\/06\/Documentacio-obres-pictoriques-3.jpg\" alt=\"Comienzo autom\u00e1tico de un retrato de Gala (La lupa binocular nos permite acercarnos y ver el trazo del grafito preparatorio), c.1933 \u00a9 Salvador Dal\u00ed, Fundaci\u00f3n Gala-Salvador Dal\u00ed, Figueres, 2025\"> \n\t\t\t\t          \t\t\t<\/a>\n                                                                        <figcaption class=\"custom-caption\">Comienzo autom\u00e1tico de un retrato de Gala (La lupa binocular nos permite acercarnos y ver el trazo del grafito preparatorio), c.1933 \u00a9 Salvador Dal\u00ed, Fundaci\u00f3n Gala-Salvador Dal\u00ed, Figueres, 2025<\/figcaption>\n                                <\/figure>\n                                                    <\/div>\n\n                    \n                        \n                        <div class=\"swiper-slide\">\n                                                            <figure>\n                                    <a data-fancybox=\"gallery-69da0b402863e\" data-src=\"https:\/\/www.salvador-dali.org\/wp-content\/uploads\/2025\/06\/Documentacio-obres-pictoriques-4.jpg\" data-caption=\"Comienzo autom\u00e1tico de un retrato de Gala (Observamos los grumos de barniz sobre las capas pict\u00f3ricas, macrofotograf\u00eda), c.1933 \u00a9 Salvador Dal\u00ed, Fundaci\u00f3n Gala-Salvador Dal\u00ed, Figueres, 2025\">\n                                        <img decoding=\"async\" src=\"https:\/\/www.salvador-dali.org\/wp-content\/uploads\/2025\/06\/Documentacio-obres-pictoriques-4.jpg\" alt=\"Comienzo autom\u00e1tico de un retrato de Gala (Observamos los grumos de barniz sobre las capas pict\u00f3ricas, macrofotograf\u00eda), c.1933 \u00a9 Salvador Dal\u00ed, Fundaci\u00f3n Gala-Salvador Dal\u00ed, Figueres, 2025\"> \n\t\t\t\t          \t\t\t<\/a>\n                                                                        <figcaption class=\"custom-caption\">Comienzo autom\u00e1tico de un retrato de Gala (Observamos los grumos de barniz sobre las capas pict\u00f3ricas, macrofotograf\u00eda), c.1933 \u00a9 Salvador Dal\u00ed, Fundaci\u00f3n Gala-Salvador Dal\u00ed, Figueres, 2025<\/figcaption>\n                                <\/figure>\n                                                    <\/div>\n\n                    \n                        \n                        <div class=\"swiper-slide\">\n                                                            <figure>\n                                    <a data-fancybox=\"gallery-69da0b402863e\" data-src=\"https:\/\/www.salvador-dali.org\/wp-content\/uploads\/2025\/06\/Documentacio-obres-pictoriques-5.jpg\" data-caption=\"El \u00f3leo &lt;em&gt;Cap&lt;\/em&gt;, de 1926, foto con luz rasante visible \u00a9 Salvador Dal\u00ed, Fundaci\u00f3n Gala-Salvador Dal\u00ed, Figueres, 2025\">\n                                        <img decoding=\"async\" src=\"https:\/\/www.salvador-dali.org\/wp-content\/uploads\/2025\/06\/Documentacio-obres-pictoriques-5.jpg\" alt=\"El \u00f3leo Cap, de 1926, foto con luz rasante visible \u00a9 Salvador Dal\u00ed, Fundaci\u00f3n Gala-Salvador Dal\u00ed, Figueres, 2025\"> \n\t\t\t\t          \t\t\t<\/a>\n                                                                        <figcaption class=\"custom-caption\">El \u00f3leo &lt;em&gt;Cap&lt;\/em&gt;, de 1926, foto con luz rasante visible \u00a9 Salvador Dal\u00ed, Fundaci\u00f3n Gala-Salvador Dal\u00ed, Figueres, 2025<\/figcaption>\n                                <\/figure>\n                                                    <\/div>\n\n                    \n                        \n                        <div class=\"swiper-slide\">\n                                                            <figure>\n                                    <a data-fancybox=\"gallery-69da0b402863e\" data-src=\"https:\/\/www.salvador-dali.org\/wp-content\/uploads\/2025\/06\/Documentacio-obres-pictoriques-6.jpg\" data-caption=\"El \u00f3leo &lt;em&gt;Cap&lt;\/em&gt;, de 1926, foto con luz ultravioleta \u00a9 Salvador Dal\u00ed, Fundaci\u00f3n Gala-Salvador Dal\u00ed, Figueres, 2025\">\n                                        <img decoding=\"async\" src=\"https:\/\/www.salvador-dali.org\/wp-content\/uploads\/2025\/06\/Documentacio-obres-pictoriques-6.jpg\" alt=\"El \u00f3leo Cap, de 1926, foto con luz ultravioleta \u00a9 Salvador Dal\u00ed, Fundaci\u00f3n Gala-Salvador Dal\u00ed, Figueres, 2025\"> \n\t\t\t\t          \t\t\t<\/a>\n                                                                        <figcaption class=\"custom-caption\">El \u00f3leo &lt;em&gt;Cap&lt;\/em&gt;, de 1926, foto con luz ultravioleta \u00a9 Salvador Dal\u00ed, Fundaci\u00f3n Gala-Salvador Dal\u00ed, Figueres, 2025<\/figcaption>\n                                <\/figure>\n                                                    <\/div>\n\n                    \n                        \n                        <div class=\"swiper-slide\">\n                                                            <figure>\n                                    <a data-fancybox=\"gallery-69da0b402863e\" data-src=\"https:\/\/www.salvador-dali.org\/wp-content\/uploads\/2025\/07\/Cap-IR-Gasull2012.jpg\" data-caption=\"El \u00f3leo &lt;em&gt;Cap&lt;\/em&gt;, de 1926, foto con reflectograf\u00eda de infrarrojos \u00a9 Salvador Dal\u00ed, Fundaci\u00f3n Gala-Salvador Dal\u00ed, Figueres, 2025\">\n                                        <img decoding=\"async\" src=\"https:\/\/www.salvador-dali.org\/wp-content\/uploads\/2025\/07\/Cap-IR-Gasull2012-1024x1014.jpg\" alt=\"El \u00f3leo Cap, de 1926, foto con reflectograf\u00eda de infrarrojos \u00a9 Salvador Dal\u00ed, Fundaci\u00f3n Gala-Salvador Dal\u00ed, Figueres, 2025\"> \n\t\t\t\t          \t\t\t<\/a>\n                                                                        <figcaption class=\"custom-caption\">El \u00f3leo &lt;em&gt;Cap&lt;\/em&gt;, de 1926, foto con reflectograf\u00eda de infrarrojos \u00a9 Salvador Dal\u00ed, Fundaci\u00f3n Gala-Salvador Dal\u00ed, Figueres, 2025<\/figcaption>\n                                <\/figure>\n                                                    <\/div>\n\n                                    <\/div>\n                <!-- Swiper navigation buttons -->\n                <div class=\"swiper-button-prev\">\n                    <span class=\"screen-reader-text\">Diapositiva anterior<\/span>\n                <\/div>\n                <div class=\"swiper-button-next\">\n                    <span class=\"screen-reader-text\">Diapositiva siguiente<\/span>\n                <\/div>\n            <\/div>\n        <\/div>\n    <\/div>\n\n\n\n<!-- Swiper JS -->\n<script src=\"https:\/\/cdn.jsdelivr.net\/npm\/swiper@11\/swiper-bundle.min.js\"><\/script>\n\n<!-- Initialize Swiper -->\n<script>\n\njQuery( document ).ready(function() {      \n\n    Tipus = 'intro-images';\n\n    updateSpaceBetween();\n    spaceBetweenInicial = 60;\n    \n    if (Tipus=='intro-images' ) {\n    \/\/    spaceBetweenValueModul = 0;\n    }\n\n\n\n    console.log(\"spaceBetweenValueModul\",spaceBetweenValueModul);\n\n    var swiper = new Swiper(\"#swiper-69da0b402863e\", {\n      slidesPerView: \"auto\",\n      spaceBetween: spaceBetweenInicial,\n      \tfreeMode: true,\n\t  \tbreakpoints: {\n\t        \/\/ Quan l'amplada de la pantalla sigui major a 1024px\n\t        1024: {\n\t            spaceBetween: spaceBetweenValue,\n\t        },\n\t    },\n        \/\/ Navigation arrows\n        navigation: {\n            nextEl: '.swiper-button-next',\n            prevEl: '.swiper-button-prev',\n        },\n        mousewheel: {\n            releaseOnEdges: true,\n            forceToAxis: true,\n            sensitivity:    1,\n        },\n        a11y: {\n            prevSlideMessage: 'Diapositiva anterior',\n            nextSlideMessage: 'Diapositiva siguiente',\n        },\n    });\n\n\n \n\n\n    \/*\n    jQuery('.bloc-destacats').each(function() {\n        const nextDiv = jQuery(this).next('div');\n        if (nextDiv.hasClass('contingut-ampliat')) {\n            console.log('T\u00e9 .contingut-ampliat despr\u00e9s');\n            \/\/ Aqu\u00ed pots fer accions, per exemple:\n            \/\/ $nextDiv.addClass('marcat'); o $(this).append($nextDiv);\n        }\n    });\n    *\/\n})\n<\/script>\n\n","protected":false},"excerpt":{"rendered":"","protected":false},"author":3,"featured_media":2111,"parent":7624,"menu_order":2,"comment_status":"closed","ping_status":"closed","template":"","meta":{"_acf_changed":false,"_coblocks_attr":"","_coblocks_dimensions":"","_coblocks_responsive_height":"","_coblocks_accordion_ie_support":"","footnotes":""},"categories":[],"tags":[],"class_list":["post-7633","page","type-page","status-publish","has-post-thumbnail","hentry"],"acf":[],"yoast_head":"<!-- This site is optimized with the Yoast SEO plugin v27.3 - https:\/\/yoast.com\/product\/yoast-seo-wordpress\/ -->\n<title>Documentaci\u00f3n de la t\u00e9cnica pict\u00f3rica - Fundaci\u00f3 Gala - Salvador Dal\u00ed<\/title>\n<meta name=\"robots\" content=\"index, follow, max-snippet:-1, max-image-preview:large, max-video-preview:-1\" \/>\n<link rel=\"canonical\" href=\"https:\/\/www.salvador-dali.org\/es\/obra\/conservacion-y-restauracion\/documentacion-de-la-tecnica-pictorica\/\" \/>\n<meta property=\"og:locale\" content=\"es_ES\" \/>\n<meta property=\"og:type\" content=\"article\" \/>\n<meta property=\"og:title\" content=\"Documentaci\u00f3n de la t\u00e9cnica pict\u00f3rica - Fundaci\u00f3 Gala - Salvador Dal\u00ed\" \/>\n<meta property=\"og:url\" content=\"https:\/\/www.salvador-dali.org\/es\/obra\/conservacion-y-restauracion\/documentacion-de-la-tecnica-pictorica\/\" \/>\n<meta property=\"og:site_name\" content=\"Fundaci\u00f3 Gala - Salvador Dal\u00ed\" \/>\n<meta property=\"article:publisher\" content=\"https:\/\/www.facebook.com\/MuseusDali\" \/>\n<meta property=\"article:modified_time\" content=\"2025-07-03T12:49:30+00:00\" \/>\n<meta property=\"og:image\" content=\"https:\/\/www.salvador-dali.org\/wp-content\/uploads\/2025\/03\/dscn0620_editora_77_9_10_800.jpg\" \/>\n\t<meta property=\"og:image:width\" content=\"800\" \/>\n\t<meta property=\"og:image:height\" content=\"477\" \/>\n\t<meta property=\"og:image:type\" content=\"image\/jpeg\" \/>\n<meta name=\"twitter:card\" content=\"summary_large_image\" \/>\n<meta name=\"twitter:site\" content=\"@MuseuDali\" \/>\n<meta name=\"twitter:label1\" content=\"Tiempo de lectura\" \/>\n\t<meta name=\"twitter:data1\" content=\"1 minuto\" \/>\n<script type=\"application\/ld+json\" class=\"yoast-schema-graph\">{\"@context\":\"https:\\\/\\\/schema.org\",\"@graph\":[{\"@type\":\"WebPage\",\"@id\":\"https:\\\/\\\/www.salvador-dali.org\\\/es\\\/obra\\\/conservacion-y-restauracion\\\/documentacion-de-la-tecnica-pictorica\\\/\",\"url\":\"https:\\\/\\\/www.salvador-dali.org\\\/es\\\/obra\\\/conservacion-y-restauracion\\\/documentacion-de-la-tecnica-pictorica\\\/\",\"name\":\"Documentaci\u00f3n de la t\u00e9cnica pict\u00f3rica - Fundaci\u00f3 Gala - Salvador Dal\u00ed\",\"isPartOf\":{\"@id\":\"https:\\\/\\\/www.salvador-dali.org\\\/es\\\/#website\"},\"primaryImageOfPage\":{\"@id\":\"https:\\\/\\\/www.salvador-dali.org\\\/es\\\/obra\\\/conservacion-y-restauracion\\\/documentacion-de-la-tecnica-pictorica\\\/#primaryimage\"},\"image\":{\"@id\":\"https:\\\/\\\/www.salvador-dali.org\\\/es\\\/obra\\\/conservacion-y-restauracion\\\/documentacion-de-la-tecnica-pictorica\\\/#primaryimage\"},\"thumbnailUrl\":\"https:\\\/\\\/www.salvador-dali.org\\\/wp-content\\\/uploads\\\/2025\\\/03\\\/dscn0620_editora_77_9_10_800.jpg\",\"datePublished\":\"2025-03-14T13:00:23+00:00\",\"dateModified\":\"2025-07-03T12:49:30+00:00\",\"breadcrumb\":{\"@id\":\"https:\\\/\\\/www.salvador-dali.org\\\/es\\\/obra\\\/conservacion-y-restauracion\\\/documentacion-de-la-tecnica-pictorica\\\/#breadcrumb\"},\"inLanguage\":\"es\",\"potentialAction\":[{\"@type\":\"ReadAction\",\"target\":[\"https:\\\/\\\/www.salvador-dali.org\\\/es\\\/obra\\\/conservacion-y-restauracion\\\/documentacion-de-la-tecnica-pictorica\\\/\"]}]},{\"@type\":\"ImageObject\",\"inLanguage\":\"es\",\"@id\":\"https:\\\/\\\/www.salvador-dali.org\\\/es\\\/obra\\\/conservacion-y-restauracion\\\/documentacion-de-la-tecnica-pictorica\\\/#primaryimage\",\"url\":\"https:\\\/\\\/www.salvador-dali.org\\\/wp-content\\\/uploads\\\/2025\\\/03\\\/dscn0620_editora_77_9_10_800.jpg\",\"contentUrl\":\"https:\\\/\\\/www.salvador-dali.org\\\/wp-content\\\/uploads\\\/2025\\\/03\\\/dscn0620_editora_77_9_10_800.jpg\",\"width\":800,\"height\":477},{\"@type\":\"BreadcrumbList\",\"@id\":\"https:\\\/\\\/www.salvador-dali.org\\\/es\\\/obra\\\/conservacion-y-restauracion\\\/documentacion-de-la-tecnica-pictorica\\\/#breadcrumb\",\"itemListElement\":[{\"@type\":\"ListItem\",\"position\":1,\"name\":\"Inici\",\"item\":\"https:\\\/\\\/www.salvador-dali.org\\\/es\\\/\"},{\"@type\":\"ListItem\",\"position\":2,\"name\":\"Documentaci\u00f3n de la t\u00e9cnica pict\u00f3rica\"}]},{\"@type\":\"WebSite\",\"@id\":\"https:\\\/\\\/www.salvador-dali.org\\\/es\\\/#website\",\"url\":\"https:\\\/\\\/www.salvador-dali.org\\\/es\\\/\",\"name\":\"Fundaci\u00f3 Gala - Salvador Dal\u00ed\",\"description\":\"\",\"publisher\":{\"@id\":\"https:\\\/\\\/www.salvador-dali.org\\\/es\\\/#organization\"},\"potentialAction\":[{\"@type\":\"SearchAction\",\"target\":{\"@type\":\"EntryPoint\",\"urlTemplate\":\"https:\\\/\\\/www.salvador-dali.org\\\/es\\\/?s={search_term_string}\"},\"query-input\":{\"@type\":\"PropertyValueSpecification\",\"valueRequired\":true,\"valueName\":\"search_term_string\"}}],\"inLanguage\":\"es\"},{\"@type\":\"Organization\",\"@id\":\"https:\\\/\\\/www.salvador-dali.org\\\/es\\\/#organization\",\"name\":\"Fundaci\u00f3 Gala - Salvador Dal\u00ed\",\"url\":\"https:\\\/\\\/www.salvador-dali.org\\\/es\\\/\",\"logo\":{\"@type\":\"ImageObject\",\"inLanguage\":\"es\",\"@id\":\"https:\\\/\\\/www.salvador-dali.org\\\/es\\\/#\\\/schema\\\/logo\\\/image\\\/\",\"url\":\"https:\\\/\\\/www.salvador-dali.org\\\/wp-content\\\/uploads\\\/2025\\\/04\\\/fundacio-gala-salvador-dali.png\",\"contentUrl\":\"https:\\\/\\\/www.salvador-dali.org\\\/wp-content\\\/uploads\\\/2025\\\/04\\\/fundacio-gala-salvador-dali.png\",\"width\":240,\"height\":240,\"caption\":\"Fundaci\u00f3 Gala - Salvador Dal\u00ed\"},\"image\":{\"@id\":\"https:\\\/\\\/www.salvador-dali.org\\\/es\\\/#\\\/schema\\\/logo\\\/image\\\/\"},\"sameAs\":[\"https:\\\/\\\/www.facebook.com\\\/MuseusDali\",\"https:\\\/\\\/x.com\\\/MuseuDali\",\"https:\\\/\\\/www.youtube.com\\\/user\\\/FundacioDali\",\"https:\\\/\\\/www.flickr.com\\\/fundacio_dali\\\/\",\"https:\\\/\\\/instagram.com\\\/museudali\"]}]}<\/script>\n<!-- \/ Yoast SEO plugin. -->","yoast_head_json":{"title":"Documentaci\u00f3n de la t\u00e9cnica pict\u00f3rica - Fundaci\u00f3 Gala - Salvador Dal\u00ed","robots":{"index":"index","follow":"follow","max-snippet":"max-snippet:-1","max-image-preview":"max-image-preview:large","max-video-preview":"max-video-preview:-1"},"canonical":"https:\/\/www.salvador-dali.org\/es\/obra\/conservacion-y-restauracion\/documentacion-de-la-tecnica-pictorica\/","og_locale":"es_ES","og_type":"article","og_title":"Documentaci\u00f3n de la t\u00e9cnica pict\u00f3rica - Fundaci\u00f3 Gala - Salvador Dal\u00ed","og_url":"https:\/\/www.salvador-dali.org\/es\/obra\/conservacion-y-restauracion\/documentacion-de-la-tecnica-pictorica\/","og_site_name":"Fundaci\u00f3 Gala - Salvador Dal\u00ed","article_publisher":"https:\/\/www.facebook.com\/MuseusDali","article_modified_time":"2025-07-03T12:49:30+00:00","og_image":[{"width":800,"height":477,"url":"https:\/\/www.salvador-dali.org\/wp-content\/uploads\/2025\/03\/dscn0620_editora_77_9_10_800.jpg","type":"image\/jpeg"}],"twitter_card":"summary_large_image","twitter_site":"@MuseuDali","twitter_misc":{"Tiempo de lectura":"1 minuto"},"schema":{"@context":"https:\/\/schema.org","@graph":[{"@type":"WebPage","@id":"https:\/\/www.salvador-dali.org\/es\/obra\/conservacion-y-restauracion\/documentacion-de-la-tecnica-pictorica\/","url":"https:\/\/www.salvador-dali.org\/es\/obra\/conservacion-y-restauracion\/documentacion-de-la-tecnica-pictorica\/","name":"Documentaci\u00f3n de la t\u00e9cnica pict\u00f3rica - Fundaci\u00f3 Gala - Salvador Dal\u00ed","isPartOf":{"@id":"https:\/\/www.salvador-dali.org\/es\/#website"},"primaryImageOfPage":{"@id":"https:\/\/www.salvador-dali.org\/es\/obra\/conservacion-y-restauracion\/documentacion-de-la-tecnica-pictorica\/#primaryimage"},"image":{"@id":"https:\/\/www.salvador-dali.org\/es\/obra\/conservacion-y-restauracion\/documentacion-de-la-tecnica-pictorica\/#primaryimage"},"thumbnailUrl":"https:\/\/www.salvador-dali.org\/wp-content\/uploads\/2025\/03\/dscn0620_editora_77_9_10_800.jpg","datePublished":"2025-03-14T13:00:23+00:00","dateModified":"2025-07-03T12:49:30+00:00","breadcrumb":{"@id":"https:\/\/www.salvador-dali.org\/es\/obra\/conservacion-y-restauracion\/documentacion-de-la-tecnica-pictorica\/#breadcrumb"},"inLanguage":"es","potentialAction":[{"@type":"ReadAction","target":["https:\/\/www.salvador-dali.org\/es\/obra\/conservacion-y-restauracion\/documentacion-de-la-tecnica-pictorica\/"]}]},{"@type":"ImageObject","inLanguage":"es","@id":"https:\/\/www.salvador-dali.org\/es\/obra\/conservacion-y-restauracion\/documentacion-de-la-tecnica-pictorica\/#primaryimage","url":"https:\/\/www.salvador-dali.org\/wp-content\/uploads\/2025\/03\/dscn0620_editora_77_9_10_800.jpg","contentUrl":"https:\/\/www.salvador-dali.org\/wp-content\/uploads\/2025\/03\/dscn0620_editora_77_9_10_800.jpg","width":800,"height":477},{"@type":"BreadcrumbList","@id":"https:\/\/www.salvador-dali.org\/es\/obra\/conservacion-y-restauracion\/documentacion-de-la-tecnica-pictorica\/#breadcrumb","itemListElement":[{"@type":"ListItem","position":1,"name":"Inici","item":"https:\/\/www.salvador-dali.org\/es\/"},{"@type":"ListItem","position":2,"name":"Documentaci\u00f3n de la t\u00e9cnica pict\u00f3rica"}]},{"@type":"WebSite","@id":"https:\/\/www.salvador-dali.org\/es\/#website","url":"https:\/\/www.salvador-dali.org\/es\/","name":"Fundaci\u00f3 Gala - Salvador Dal\u00ed","description":"","publisher":{"@id":"https:\/\/www.salvador-dali.org\/es\/#organization"},"potentialAction":[{"@type":"SearchAction","target":{"@type":"EntryPoint","urlTemplate":"https:\/\/www.salvador-dali.org\/es\/?s={search_term_string}"},"query-input":{"@type":"PropertyValueSpecification","valueRequired":true,"valueName":"search_term_string"}}],"inLanguage":"es"},{"@type":"Organization","@id":"https:\/\/www.salvador-dali.org\/es\/#organization","name":"Fundaci\u00f3 Gala - Salvador Dal\u00ed","url":"https:\/\/www.salvador-dali.org\/es\/","logo":{"@type":"ImageObject","inLanguage":"es","@id":"https:\/\/www.salvador-dali.org\/es\/#\/schema\/logo\/image\/","url":"https:\/\/www.salvador-dali.org\/wp-content\/uploads\/2025\/04\/fundacio-gala-salvador-dali.png","contentUrl":"https:\/\/www.salvador-dali.org\/wp-content\/uploads\/2025\/04\/fundacio-gala-salvador-dali.png","width":240,"height":240,"caption":"Fundaci\u00f3 Gala - Salvador Dal\u00ed"},"image":{"@id":"https:\/\/www.salvador-dali.org\/es\/#\/schema\/logo\/image\/"},"sameAs":["https:\/\/www.facebook.com\/MuseusDali","https:\/\/x.com\/MuseuDali","https:\/\/www.youtube.com\/user\/FundacioDali","https:\/\/www.flickr.com\/fundacio_dali\/","https:\/\/instagram.com\/museudali"]}]}},"_links":{"self":[{"href":"https:\/\/www.salvador-dali.org\/es\/wp-json\/wp\/v2\/pages\/7633","targetHints":{"allow":["GET"]}}],"collection":[{"href":"https:\/\/www.salvador-dali.org\/es\/wp-json\/wp\/v2\/pages"}],"about":[{"href":"https:\/\/www.salvador-dali.org\/es\/wp-json\/wp\/v2\/types\/page"}],"author":[{"embeddable":true,"href":"https:\/\/www.salvador-dali.org\/es\/wp-json\/wp\/v2\/users\/3"}],"replies":[{"embeddable":true,"href":"https:\/\/www.salvador-dali.org\/es\/wp-json\/wp\/v2\/comments?post=7633"}],"version-history":[{"count":0,"href":"https:\/\/www.salvador-dali.org\/es\/wp-json\/wp\/v2\/pages\/7633\/revisions"}],"up":[{"embeddable":true,"href":"https:\/\/www.salvador-dali.org\/es\/wp-json\/wp\/v2\/pages\/7624"}],"wp:featuredmedia":[{"embeddable":true,"href":"https:\/\/www.salvador-dali.org\/es\/wp-json\/wp\/v2\/media\/2111"}],"wp:attachment":[{"href":"https:\/\/www.salvador-dali.org\/es\/wp-json\/wp\/v2\/media?parent=7633"}],"wp:term":[{"taxonomy":"category","embeddable":true,"href":"https:\/\/www.salvador-dali.org\/es\/wp-json\/wp\/v2\/categories?post=7633"},{"taxonomy":"post_tag","embeddable":true,"href":"https:\/\/www.salvador-dali.org\/es\/wp-json\/wp\/v2\/tags?post=7633"}],"curies":[{"name":"wp","href":"https:\/\/api.w.org\/{rel}","templated":true}]}}