{"id":7639,"date":"2025-03-14T14:51:00","date_gmt":"2025-03-14T12:51:00","guid":{"rendered":"https:\/\/www.salvador-dali.org\/obra\/conservacio-i-restauracio\/intervencions-en-obres-pictoriques\/"},"modified":"2025-07-03T14:52:15","modified_gmt":"2025-07-03T12:52:15","slug":"intervenciones-en-obras-pictoricas","status":"publish","type":"page","link":"https:\/\/www.salvador-dali.org\/es\/obra\/conservacion-y-restauracion\/intervenciones-en-obras-pictoricas\/","title":{"rendered":"Intervenciones en obras pict\u00f3ricas"},"content":{"rendered":"\n<div class=\"wp-block-columns global-column is-layout-flex wp-container-core-columns-is-layout-9d6595d7 wp-block-columns-is-layout-flex\">\n<div class=\"wp-block-column is-layout-flow wp-block-column-is-layout-flow\">\n<p class=\"wp-block-custom-entradeta entradeta\"><em>Mesa delante del mar. Homenaje a Erik Satie <\/em>es una obra de primera \u00e9poca pintada en 1926. Se trata de un cuadro de 150 \u00d7 90 cm que, como en otras ocasiones en este per\u00edodo, Dal\u00ed pint\u00f3 al \u00f3leo directamente sobre la tela y dej\u00f3 la preparaci\u00f3n industrial en el reverso. Este procedimiento realza la textura de la tela y le permite jugar tambi\u00e9n con el color del soporte textil en las zonas ocres.<\/p>\n<\/div>\n<\/div>\n\n\n    <div  class=\"wp-block-columns swiper-column  intro intro-images bloc-destacats imatges\" style=\"background-image: linear-gradient(to right, white, white)\">\n        <div class=\"wp-block-column\">\n            <div id=\"swiper-69da0b62708b1\" class=\"swiper destacats dues\" >\n                <div class=\"swiper-wrapper\">\n\n                                            <div class=\"swiper-slide intro\">\n                            <span class=\"image-background\" style=\"background-image:url(https:\/\/www.salvador-dali.org\/wp-content\/uploads\/2025\/03\/eric_satie__entrada_editora_77_8_1_800.jpg)\"><\/span>\n                            \n                        <\/div>\n                        <div class=\"swiper-slide\">\n                           <div class=\"descripcio\">\n                            <h2>Restaurar una obra restaurada<\/h2>\n                            <p>La obra estaba almacenada en las reservas de la Fundaci\u00f3n y desde hac\u00eda a\u00f1os presentaba un gran desgarr\u00f3n en la parte superior central de la tela, junto a la cabeza del personaje pintado. En una restauraci\u00f3n muy anterior se consolid\u00f3 el corte aplicando un pedazo de tela por el reverso, pero los resultados no fueron satisfactorios: el pedazo se despegaba y provocaba deformaciones en la tela. Adem\u00e1s, se colocaron bandas en el per\u00edmetro de la obra para reforzar los laterales de la pintura y tensarlos en el bastidor. Los m\u00e1rgenes presentaban restos de cola y de papel adheridos a la pintura, probablemente provenientes de alguna cinta de papel autoadhesivo del enmarque, y en los cuatro \u00e1ngulos la tela estaba despegada y deshilachada. Tambi\u00e9n se observaban peque\u00f1as p\u00e9rdidas puntuales en la capa pict\u00f3rica en el rostro y en la pierna roja del personaje.<\/p>\n<p>Tras el examen de la obra con varios tipos de luz, el proceso de conservaci\u00f3n y restauraci\u00f3n se inici\u00f3 con la limpieza superficial general y la eliminaci\u00f3n del pedazo de tela medio desencolado. Acto seguido, se allanaron las deformaciones de la zona del desgarro con humedad y peso controlados y se recolocaron, uniendo hilo por hilo con un adhesivo adecuado, todas las fibras textiles deshilachadas del corte para consolidarlas.<\/p>\n<p>Los m\u00e1rgenes de la pintura se consolidaron y limpiaron, de modo que se eliminaron los restos de cola y de papel. Por \u00faltimo, se estucaron y reintegraron crom\u00e1ticamente las peque\u00f1as p\u00e9rdidas de capa pict\u00f3rica tanto de la zona rasgada como de los m\u00e1rgenes, para conseguir la unidad est\u00e9tica de la obra.<\/p>\n                            <\/div>\n\n                                                    <\/div>\n                    \n\n                    \n                        \n                        <div class=\"swiper-slide\">\n                                                            <figure>\n                                    <a data-fancybox=\"gallery-69da0b62708b1\" data-src=\"https:\/\/www.salvador-dali.org\/wp-content\/uploads\/2025\/03\/eric_satie__entrada_editora_77_8_1_800.jpg\" data-caption=\"Durante el proceso de retoque crom\u00e1tico de las peque\u00f1as p\u00e9rdidas pict\u00f3ricas\">\n                                        <img decoding=\"async\" src=\"https:\/\/www.salvador-dali.org\/wp-content\/uploads\/2025\/03\/eric_satie__entrada_editora_77_8_1_800.jpg\" alt=\"Durante el proceso de retoque crom\u00e1tico de las peque\u00f1as p\u00e9rdidas pict\u00f3ricas\"> \n\t\t\t\t          \t\t\t<\/a>\n                                                                        <figcaption class=\"custom-caption\">Durante el proceso de retoque crom\u00e1tico de las peque\u00f1as p\u00e9rdidas pict\u00f3ricas<\/figcaption>\n                                <\/figure>\n                                                    <\/div>\n\n                    \n                        \n                        <div class=\"swiper-slide\">\n                                                            <figure>\n                                    <a data-fancybox=\"gallery-69da0b62708b1\" data-src=\"https:\/\/www.salvador-dali.org\/wp-content\/uploads\/2025\/06\/Intervencio-obres-pictoriques-1.jpg\" data-caption=\"&lt;em&gt;Mesa frente al mar. Homenaje a Erik Satie&lt;\/em&gt; El desgarro era muy visible por estar situado junto a la cabeza del personaje, 1926 \u00a9 Salvador Dal\u00ed, Fundaci\u00f3n Gala-Salvador Dal\u00ed, Figueres, 2025\">\n                                        <img decoding=\"async\" src=\"https:\/\/www.salvador-dali.org\/wp-content\/uploads\/2025\/06\/Intervencio-obres-pictoriques-1.jpg\" alt=\"Mesa frente al mar. Homenaje a Erik Satie El desgarro era muy visible por estar situado junto a la cabeza del personaje, 1926 \u00a9 Salvador Dal\u00ed, Fundaci\u00f3n Gala-Salvador Dal\u00ed, Figueres, 2025\"> \n\t\t\t\t          \t\t\t<\/a>\n                                                                        <figcaption class=\"custom-caption\">&lt;em&gt;Mesa frente al mar. Homenaje a Erik Satie&lt;\/em&gt; El desgarro era muy visible por estar situado junto a la cabeza del personaje, 1926 \u00a9 Salvador Dal\u00ed, Fundaci\u00f3n Gala-Salvador Dal\u00ed, Figueres, 2025<\/figcaption>\n                                <\/figure>\n                                                    <\/div>\n\n                    \n                        \n                        <div class=\"swiper-slide\">\n                                                            <figure>\n                                    <a data-fancybox=\"gallery-69da0b62708b1\" data-src=\"https:\/\/www.salvador-dali.org\/wp-content\/uploads\/2025\/06\/Intervencio-obres-pictoriques-2.jpg\" data-caption=\"&lt;em&gt;Mesa frente al mar. Homenaje a Erik Satie&lt;\/em&gt;, 1926 \u00a9 Salvador Dal\u00ed, Fundaci\u00f3n Gala-Salvador Dal\u00ed, Figueres, 2025\">\n                                        <img decoding=\"async\" src=\"https:\/\/www.salvador-dali.org\/wp-content\/uploads\/2025\/06\/Intervencio-obres-pictoriques-2.jpg\" alt=\"Mesa frente al mar. Homenaje a Erik Satie, 1926 \u00a9 Salvador Dal\u00ed, Fundaci\u00f3n Gala-Salvador Dal\u00ed, Figueres, 2025\"> \n\t\t\t\t          \t\t\t<\/a>\n                                                                        <figcaption class=\"custom-caption\">&lt;em&gt;Mesa frente al mar. Homenaje a Erik Satie&lt;\/em&gt;, 1926 \u00a9 Salvador Dal\u00ed, Fundaci\u00f3n Gala-Salvador Dal\u00ed, Figueres, 2025<\/figcaption>\n                                <\/figure>\n                                                    <\/div>\n\n                    \n                        \n                        <div class=\"swiper-slide\">\n                                                            <figure>\n                                    <a data-fancybox=\"gallery-69da0b62708b1\" data-src=\"https:\/\/www.salvador-dali.org\/wp-content\/uploads\/2025\/07\/0022__38_tall.jpg\" data-caption=\"&lt;em&gt;Mesa frente al mar. Homenaje a Erik Satie&lt;\/em&gt; (Alteraci\u00f3n de la pintura causada por un desgarro en la tela, antes de su restauraci\u00f3n), 1926 \u00a9 Salvador Dal\u00ed, Fundaci\u00f3n Gala-Salvador Dal\u00ed, Figueres, 2025\">\n                                        <img decoding=\"async\" src=\"https:\/\/www.salvador-dali.org\/wp-content\/uploads\/2025\/07\/0022__38_tall-1024x768.jpg\" alt=\"Mesa frente al mar. Homenaje a Erik Satie (Alteraci\u00f3n de la pintura causada por un desgarro en la tela, antes de su restauraci\u00f3n), 1926 \u00a9 Salvador Dal\u00ed, Fundaci\u00f3n Gala-Salvador Dal\u00ed, Figueres, 2025\"> \n\t\t\t\t          \t\t\t<\/a>\n                                                                        <figcaption class=\"custom-caption\">&lt;em&gt;Mesa frente al mar. Homenaje a Erik Satie&lt;\/em&gt; (Alteraci\u00f3n de la pintura causada por un desgarro en la tela, antes de su restauraci\u00f3n), 1926 \u00a9 Salvador Dal\u00ed, Fundaci\u00f3n Gala-Salvador Dal\u00ed, Figueres, 2025<\/figcaption>\n                                <\/figure>\n                                                    <\/div>\n\n                    \n                        \n                        <div class=\"swiper-slide\">\n                                                            <figure>\n                                    <a data-fancybox=\"gallery-69da0b62708b1\" data-src=\"https:\/\/www.salvador-dali.org\/wp-content\/uploads\/2025\/07\/0022__40_tallrestaurat2.jpg\" data-caption=\"&lt;em&gt;Mesa frente al mar. Homenaje a Erik Satie&lt;\/em&gt; (Despu\u00e9s de la restauraci\u00f3n, el desgarro queda consolidado e integrado est\u00e9ticamente), 1926 \u00a9 Salvador Dal\u00ed, Fundaci\u00f3n Gala-Salvador Dal\u00ed, Figueres, 2025\">\n                                        <img decoding=\"async\" src=\"https:\/\/www.salvador-dali.org\/wp-content\/uploads\/2025\/07\/0022__40_tallrestaurat2-1024x768.jpg\" alt=\"Mesa frente al mar. Homenaje a Erik Satie (Despu\u00e9s de la restauraci\u00f3n, el desgarro queda consolidado e integrado est\u00e9ticamente), 1926 \u00a9 Salvador Dal\u00ed, Fundaci\u00f3n Gala-Salvador Dal\u00ed, Figueres, 2025\"> \n\t\t\t\t          \t\t\t<\/a>\n                                                                        <figcaption class=\"custom-caption\">&lt;em&gt;Mesa frente al mar. Homenaje a Erik Satie&lt;\/em&gt; (Despu\u00e9s de la restauraci\u00f3n, el desgarro queda consolidado e integrado est\u00e9ticamente), 1926 \u00a9 Salvador Dal\u00ed, Fundaci\u00f3n Gala-Salvador Dal\u00ed, Figueres, 2025<\/figcaption>\n                                <\/figure>\n                                                    <\/div>\n\n                                    <\/div>\n                <!-- Swiper navigation buttons -->\n                <div class=\"swiper-button-prev\">\n                    <span class=\"screen-reader-text\">Diapositiva anterior<\/span>\n                <\/div>\n                <div class=\"swiper-button-next\">\n                    <span class=\"screen-reader-text\">Diapositiva siguiente<\/span>\n                <\/div>\n            <\/div>\n        <\/div>\n    <\/div>\n\n\n\n<!-- Swiper JS -->\n<script src=\"https:\/\/cdn.jsdelivr.net\/npm\/swiper@11\/swiper-bundle.min.js\"><\/script>\n\n<!-- Initialize Swiper -->\n<script>\n\njQuery( document ).ready(function() {      \n\n    Tipus = 'intro-images';\n\n    updateSpaceBetween();\n    spaceBetweenInicial = 60;\n    \n    if (Tipus=='intro-images' ) {\n    \/\/    spaceBetweenValueModul = 0;\n    }\n\n\n\n    console.log(\"spaceBetweenValueModul\",spaceBetweenValueModul);\n\n    var swiper = new Swiper(\"#swiper-69da0b62708b1\", {\n      slidesPerView: \"auto\",\n      spaceBetween: spaceBetweenInicial,\n      \tfreeMode: true,\n\t  \tbreakpoints: {\n\t        \/\/ Quan l'amplada de la pantalla sigui major a 1024px\n\t        1024: {\n\t            spaceBetween: spaceBetweenValue,\n\t        },\n\t    },\n        \/\/ Navigation arrows\n        navigation: {\n            nextEl: '.swiper-button-next',\n            prevEl: '.swiper-button-prev',\n        },\n        mousewheel: {\n            releaseOnEdges: true,\n            forceToAxis: true,\n            sensitivity:    1,\n        },\n        a11y: {\n            prevSlideMessage: 'Diapositiva anterior',\n            nextSlideMessage: 'Diapositiva siguiente',\n        },\n    });\n\n\n \n\n\n    \/*\n    jQuery('.bloc-destacats').each(function() {\n        const nextDiv = jQuery(this).next('div');\n        if (nextDiv.hasClass('contingut-ampliat')) {\n            console.log('T\u00e9 .contingut-ampliat despr\u00e9s');\n            \/\/ Aqu\u00ed pots fer accions, per exemple:\n            \/\/ $nextDiv.addClass('marcat'); o $(this).append($nextDiv);\n        }\n    });\n    *\/\n})\n<\/script>\n\n","protected":false},"excerpt":{"rendered":"","protected":false},"author":3,"featured_media":2099,"parent":7624,"menu_order":4,"comment_status":"closed","ping_status":"closed","template":"","meta":{"_acf_changed":false,"_coblocks_attr":"","_coblocks_dimensions":"","_coblocks_responsive_height":"","_coblocks_accordion_ie_support":"","footnotes":""},"categories":[],"tags":[],"class_list":["post-7639","page","type-page","status-publish","has-post-thumbnail","hentry"],"acf":[],"yoast_head":"<!-- This site is optimized with the Yoast SEO plugin v27.3 - https:\/\/yoast.com\/product\/yoast-seo-wordpress\/ -->\n<title>Intervenciones en obras pict\u00f3ricas - Fundaci\u00f3 Gala - Salvador Dal\u00ed<\/title>\n<meta name=\"robots\" content=\"index, follow, max-snippet:-1, max-image-preview:large, max-video-preview:-1\" \/>\n<link rel=\"canonical\" href=\"https:\/\/www.salvador-dali.org\/es\/obra\/conservacion-y-restauracion\/intervenciones-en-obras-pictoricas\/\" \/>\n<meta property=\"og:locale\" content=\"es_ES\" \/>\n<meta property=\"og:type\" content=\"article\" \/>\n<meta property=\"og:title\" content=\"Intervenciones en obras pict\u00f3ricas - Fundaci\u00f3 Gala - Salvador Dal\u00ed\" \/>\n<meta property=\"og:url\" content=\"https:\/\/www.salvador-dali.org\/es\/obra\/conservacion-y-restauracion\/intervenciones-en-obras-pictoricas\/\" \/>\n<meta property=\"og:site_name\" content=\"Fundaci\u00f3 Gala - Salvador Dal\u00ed\" \/>\n<meta property=\"article:publisher\" content=\"https:\/\/www.facebook.com\/MuseusDali\" \/>\n<meta property=\"article:modified_time\" content=\"2025-07-03T12:52:15+00:00\" \/>\n<meta property=\"og:image\" content=\"https:\/\/www.salvador-dali.org\/wp-content\/uploads\/2025\/03\/eric_satie__entrada_editora_77_8_1_800.jpg\" \/>\n\t<meta property=\"og:image:width\" content=\"800\" \/>\n\t<meta property=\"og:image:height\" content=\"600\" \/>\n\t<meta property=\"og:image:type\" content=\"image\/jpeg\" \/>\n<meta name=\"twitter:card\" content=\"summary_large_image\" \/>\n<meta name=\"twitter:site\" content=\"@MuseuDali\" \/>\n<meta name=\"twitter:label1\" content=\"Tiempo de lectura\" \/>\n\t<meta name=\"twitter:data1\" content=\"1 minuto\" \/>\n<script type=\"application\/ld+json\" class=\"yoast-schema-graph\">{\"@context\":\"https:\\\/\\\/schema.org\",\"@graph\":[{\"@type\":\"WebPage\",\"@id\":\"https:\\\/\\\/www.salvador-dali.org\\\/es\\\/obra\\\/conservacion-y-restauracion\\\/intervenciones-en-obras-pictoricas\\\/\",\"url\":\"https:\\\/\\\/www.salvador-dali.org\\\/es\\\/obra\\\/conservacion-y-restauracion\\\/intervenciones-en-obras-pictoricas\\\/\",\"name\":\"Intervenciones en obras pict\u00f3ricas - Fundaci\u00f3 Gala - Salvador Dal\u00ed\",\"isPartOf\":{\"@id\":\"https:\\\/\\\/www.salvador-dali.org\\\/es\\\/#website\"},\"primaryImageOfPage\":{\"@id\":\"https:\\\/\\\/www.salvador-dali.org\\\/es\\\/obra\\\/conservacion-y-restauracion\\\/intervenciones-en-obras-pictoricas\\\/#primaryimage\"},\"image\":{\"@id\":\"https:\\\/\\\/www.salvador-dali.org\\\/es\\\/obra\\\/conservacion-y-restauracion\\\/intervenciones-en-obras-pictoricas\\\/#primaryimage\"},\"thumbnailUrl\":\"https:\\\/\\\/www.salvador-dali.org\\\/wp-content\\\/uploads\\\/2025\\\/03\\\/eric_satie__entrada_editora_77_8_1_800.jpg\",\"datePublished\":\"2025-03-14T12:51:00+00:00\",\"dateModified\":\"2025-07-03T12:52:15+00:00\",\"breadcrumb\":{\"@id\":\"https:\\\/\\\/www.salvador-dali.org\\\/es\\\/obra\\\/conservacion-y-restauracion\\\/intervenciones-en-obras-pictoricas\\\/#breadcrumb\"},\"inLanguage\":\"es\",\"potentialAction\":[{\"@type\":\"ReadAction\",\"target\":[\"https:\\\/\\\/www.salvador-dali.org\\\/es\\\/obra\\\/conservacion-y-restauracion\\\/intervenciones-en-obras-pictoricas\\\/\"]}]},{\"@type\":\"ImageObject\",\"inLanguage\":\"es\",\"@id\":\"https:\\\/\\\/www.salvador-dali.org\\\/es\\\/obra\\\/conservacion-y-restauracion\\\/intervenciones-en-obras-pictoricas\\\/#primaryimage\",\"url\":\"https:\\\/\\\/www.salvador-dali.org\\\/wp-content\\\/uploads\\\/2025\\\/03\\\/eric_satie__entrada_editora_77_8_1_800.jpg\",\"contentUrl\":\"https:\\\/\\\/www.salvador-dali.org\\\/wp-content\\\/uploads\\\/2025\\\/03\\\/eric_satie__entrada_editora_77_8_1_800.jpg\",\"width\":800,\"height\":600,\"caption\":\"Durante el proceso de retoque crom\u00e1tico de las peque\u00f1as p\u00e9rdidas pict\u00f3ricas\"},{\"@type\":\"BreadcrumbList\",\"@id\":\"https:\\\/\\\/www.salvador-dali.org\\\/es\\\/obra\\\/conservacion-y-restauracion\\\/intervenciones-en-obras-pictoricas\\\/#breadcrumb\",\"itemListElement\":[{\"@type\":\"ListItem\",\"position\":1,\"name\":\"Inici\",\"item\":\"https:\\\/\\\/www.salvador-dali.org\\\/es\\\/\"},{\"@type\":\"ListItem\",\"position\":2,\"name\":\"Intervenciones en obras pict\u00f3ricas\"}]},{\"@type\":\"WebSite\",\"@id\":\"https:\\\/\\\/www.salvador-dali.org\\\/es\\\/#website\",\"url\":\"https:\\\/\\\/www.salvador-dali.org\\\/es\\\/\",\"name\":\"Fundaci\u00f3 Gala - Salvador Dal\u00ed\",\"description\":\"\",\"publisher\":{\"@id\":\"https:\\\/\\\/www.salvador-dali.org\\\/es\\\/#organization\"},\"potentialAction\":[{\"@type\":\"SearchAction\",\"target\":{\"@type\":\"EntryPoint\",\"urlTemplate\":\"https:\\\/\\\/www.salvador-dali.org\\\/es\\\/?s={search_term_string}\"},\"query-input\":{\"@type\":\"PropertyValueSpecification\",\"valueRequired\":true,\"valueName\":\"search_term_string\"}}],\"inLanguage\":\"es\"},{\"@type\":\"Organization\",\"@id\":\"https:\\\/\\\/www.salvador-dali.org\\\/es\\\/#organization\",\"name\":\"Fundaci\u00f3 Gala - Salvador Dal\u00ed\",\"url\":\"https:\\\/\\\/www.salvador-dali.org\\\/es\\\/\",\"logo\":{\"@type\":\"ImageObject\",\"inLanguage\":\"es\",\"@id\":\"https:\\\/\\\/www.salvador-dali.org\\\/es\\\/#\\\/schema\\\/logo\\\/image\\\/\",\"url\":\"https:\\\/\\\/www.salvador-dali.org\\\/wp-content\\\/uploads\\\/2025\\\/04\\\/fundacio-gala-salvador-dali.png\",\"contentUrl\":\"https:\\\/\\\/www.salvador-dali.org\\\/wp-content\\\/uploads\\\/2025\\\/04\\\/fundacio-gala-salvador-dali.png\",\"width\":240,\"height\":240,\"caption\":\"Fundaci\u00f3 Gala - Salvador Dal\u00ed\"},\"image\":{\"@id\":\"https:\\\/\\\/www.salvador-dali.org\\\/es\\\/#\\\/schema\\\/logo\\\/image\\\/\"},\"sameAs\":[\"https:\\\/\\\/www.facebook.com\\\/MuseusDali\",\"https:\\\/\\\/x.com\\\/MuseuDali\",\"https:\\\/\\\/www.youtube.com\\\/user\\\/FundacioDali\",\"https:\\\/\\\/www.flickr.com\\\/fundacio_dali\\\/\",\"https:\\\/\\\/instagram.com\\\/museudali\"]}]}<\/script>\n<!-- \/ Yoast SEO plugin. -->","yoast_head_json":{"title":"Intervenciones en obras pict\u00f3ricas - Fundaci\u00f3 Gala - Salvador Dal\u00ed","robots":{"index":"index","follow":"follow","max-snippet":"max-snippet:-1","max-image-preview":"max-image-preview:large","max-video-preview":"max-video-preview:-1"},"canonical":"https:\/\/www.salvador-dali.org\/es\/obra\/conservacion-y-restauracion\/intervenciones-en-obras-pictoricas\/","og_locale":"es_ES","og_type":"article","og_title":"Intervenciones en obras pict\u00f3ricas - Fundaci\u00f3 Gala - Salvador Dal\u00ed","og_url":"https:\/\/www.salvador-dali.org\/es\/obra\/conservacion-y-restauracion\/intervenciones-en-obras-pictoricas\/","og_site_name":"Fundaci\u00f3 Gala - Salvador Dal\u00ed","article_publisher":"https:\/\/www.facebook.com\/MuseusDali","article_modified_time":"2025-07-03T12:52:15+00:00","og_image":[{"width":800,"height":600,"url":"https:\/\/www.salvador-dali.org\/wp-content\/uploads\/2025\/03\/eric_satie__entrada_editora_77_8_1_800.jpg","type":"image\/jpeg"}],"twitter_card":"summary_large_image","twitter_site":"@MuseuDali","twitter_misc":{"Tiempo de lectura":"1 minuto"},"schema":{"@context":"https:\/\/schema.org","@graph":[{"@type":"WebPage","@id":"https:\/\/www.salvador-dali.org\/es\/obra\/conservacion-y-restauracion\/intervenciones-en-obras-pictoricas\/","url":"https:\/\/www.salvador-dali.org\/es\/obra\/conservacion-y-restauracion\/intervenciones-en-obras-pictoricas\/","name":"Intervenciones en obras pict\u00f3ricas - Fundaci\u00f3 Gala - Salvador Dal\u00ed","isPartOf":{"@id":"https:\/\/www.salvador-dali.org\/es\/#website"},"primaryImageOfPage":{"@id":"https:\/\/www.salvador-dali.org\/es\/obra\/conservacion-y-restauracion\/intervenciones-en-obras-pictoricas\/#primaryimage"},"image":{"@id":"https:\/\/www.salvador-dali.org\/es\/obra\/conservacion-y-restauracion\/intervenciones-en-obras-pictoricas\/#primaryimage"},"thumbnailUrl":"https:\/\/www.salvador-dali.org\/wp-content\/uploads\/2025\/03\/eric_satie__entrada_editora_77_8_1_800.jpg","datePublished":"2025-03-14T12:51:00+00:00","dateModified":"2025-07-03T12:52:15+00:00","breadcrumb":{"@id":"https:\/\/www.salvador-dali.org\/es\/obra\/conservacion-y-restauracion\/intervenciones-en-obras-pictoricas\/#breadcrumb"},"inLanguage":"es","potentialAction":[{"@type":"ReadAction","target":["https:\/\/www.salvador-dali.org\/es\/obra\/conservacion-y-restauracion\/intervenciones-en-obras-pictoricas\/"]}]},{"@type":"ImageObject","inLanguage":"es","@id":"https:\/\/www.salvador-dali.org\/es\/obra\/conservacion-y-restauracion\/intervenciones-en-obras-pictoricas\/#primaryimage","url":"https:\/\/www.salvador-dali.org\/wp-content\/uploads\/2025\/03\/eric_satie__entrada_editora_77_8_1_800.jpg","contentUrl":"https:\/\/www.salvador-dali.org\/wp-content\/uploads\/2025\/03\/eric_satie__entrada_editora_77_8_1_800.jpg","width":800,"height":600,"caption":"Durante el proceso de retoque crom\u00e1tico de las peque\u00f1as p\u00e9rdidas pict\u00f3ricas"},{"@type":"BreadcrumbList","@id":"https:\/\/www.salvador-dali.org\/es\/obra\/conservacion-y-restauracion\/intervenciones-en-obras-pictoricas\/#breadcrumb","itemListElement":[{"@type":"ListItem","position":1,"name":"Inici","item":"https:\/\/www.salvador-dali.org\/es\/"},{"@type":"ListItem","position":2,"name":"Intervenciones en obras pict\u00f3ricas"}]},{"@type":"WebSite","@id":"https:\/\/www.salvador-dali.org\/es\/#website","url":"https:\/\/www.salvador-dali.org\/es\/","name":"Fundaci\u00f3 Gala - Salvador Dal\u00ed","description":"","publisher":{"@id":"https:\/\/www.salvador-dali.org\/es\/#organization"},"potentialAction":[{"@type":"SearchAction","target":{"@type":"EntryPoint","urlTemplate":"https:\/\/www.salvador-dali.org\/es\/?s={search_term_string}"},"query-input":{"@type":"PropertyValueSpecification","valueRequired":true,"valueName":"search_term_string"}}],"inLanguage":"es"},{"@type":"Organization","@id":"https:\/\/www.salvador-dali.org\/es\/#organization","name":"Fundaci\u00f3 Gala - Salvador Dal\u00ed","url":"https:\/\/www.salvador-dali.org\/es\/","logo":{"@type":"ImageObject","inLanguage":"es","@id":"https:\/\/www.salvador-dali.org\/es\/#\/schema\/logo\/image\/","url":"https:\/\/www.salvador-dali.org\/wp-content\/uploads\/2025\/04\/fundacio-gala-salvador-dali.png","contentUrl":"https:\/\/www.salvador-dali.org\/wp-content\/uploads\/2025\/04\/fundacio-gala-salvador-dali.png","width":240,"height":240,"caption":"Fundaci\u00f3 Gala - Salvador Dal\u00ed"},"image":{"@id":"https:\/\/www.salvador-dali.org\/es\/#\/schema\/logo\/image\/"},"sameAs":["https:\/\/www.facebook.com\/MuseusDali","https:\/\/x.com\/MuseuDali","https:\/\/www.youtube.com\/user\/FundacioDali","https:\/\/www.flickr.com\/fundacio_dali\/","https:\/\/instagram.com\/museudali"]}]}},"_links":{"self":[{"href":"https:\/\/www.salvador-dali.org\/es\/wp-json\/wp\/v2\/pages\/7639","targetHints":{"allow":["GET"]}}],"collection":[{"href":"https:\/\/www.salvador-dali.org\/es\/wp-json\/wp\/v2\/pages"}],"about":[{"href":"https:\/\/www.salvador-dali.org\/es\/wp-json\/wp\/v2\/types\/page"}],"author":[{"embeddable":true,"href":"https:\/\/www.salvador-dali.org\/es\/wp-json\/wp\/v2\/users\/3"}],"replies":[{"embeddable":true,"href":"https:\/\/www.salvador-dali.org\/es\/wp-json\/wp\/v2\/comments?post=7639"}],"version-history":[{"count":0,"href":"https:\/\/www.salvador-dali.org\/es\/wp-json\/wp\/v2\/pages\/7639\/revisions"}],"up":[{"embeddable":true,"href":"https:\/\/www.salvador-dali.org\/es\/wp-json\/wp\/v2\/pages\/7624"}],"wp:featuredmedia":[{"embeddable":true,"href":"https:\/\/www.salvador-dali.org\/es\/wp-json\/wp\/v2\/media\/2099"}],"wp:attachment":[{"href":"https:\/\/www.salvador-dali.org\/es\/wp-json\/wp\/v2\/media?parent=7639"}],"wp:term":[{"taxonomy":"category","embeddable":true,"href":"https:\/\/www.salvador-dali.org\/es\/wp-json\/wp\/v2\/categories?post=7639"},{"taxonomy":"post_tag","embeddable":true,"href":"https:\/\/www.salvador-dali.org\/es\/wp-json\/wp\/v2\/tags?post=7639"}],"curies":[{"name":"wp","href":"https:\/\/api.w.org\/{rel}","templated":true}]}}