{"id":7651,"date":"2025-03-12T14:51:08","date_gmt":"2025-03-12T12:51:08","guid":{"rendered":"https:\/\/www.salvador-dali.org\/obra\/conservacio-i-restauracio\/obres-que-viatgen\/"},"modified":"2025-06-29T10:31:51","modified_gmt":"2025-06-29T08:31:51","slug":"obras-que-viajan","status":"publish","type":"page","link":"https:\/\/www.salvador-dali.org\/es\/obra\/conservacion-y-restauracion\/obras-que-viajan\/","title":{"rendered":"Obras que viajan"},"content":{"rendered":"\n<div class=\"wp-block-columns global-column is-layout-flex wp-container-core-columns-is-layout-9d6595d7 wp-block-columns-is-layout-flex\">\n<div class=\"wp-block-column is-layout-flow wp-block-column-is-layout-flow\">\n<p class=\"entradeta\">El departamento se responsabiliza de los aspectos de la conservaci\u00f3n de las obras durante los pr\u00e9stamos y las exposiciones, con el fin de minimizar los factores de riesgo que conlleva todo movimiento de obras de arte.<\/p>\n\n\n\n<p>En la preparaci\u00f3n de las obras que se prestan, se realizan diversos procesos que garantizan las mejores condiciones de conservaci\u00f3n. Antes de dejar una pieza en pr\u00e9stamo, se hace una revisi\u00f3n y valoraci\u00f3n del estado de conservaci\u00f3n de la misma. Una vez aprobado, se inicia el proceso de preparaci\u00f3n en el departamento de Conservaci\u00f3n y Restauraci\u00f3n hasta su salida. Este consiste en la revisi\u00f3n del estado de conservaci\u00f3n de las obras prestadas, la elaboraci\u00f3n de informes de las condiciones \u2014que incluyen un mapeo digital de afectaciones de la pintura\u2014 y la revisi\u00f3n del estado del marco que protege la obra.<\/p>\n<\/div>\n<\/div>\n\n\n    <div  class=\"wp-block-columns swiper-column  intro intro-images bloc-destacats imatges\" style=\"background-image: linear-gradient(to right, white, white)\">\n        <div class=\"wp-block-column\">\n            <div id=\"swiper-69da0d981ec12\" class=\"swiper destacats dues\" >\n                <div class=\"swiper-wrapper\">\n\n                                            <div class=\"swiper-slide intro\">\n                            <span class=\"image-background\" style=\"background-image:url(https:\/\/www.salvador-dali.org\/wp-content\/uploads\/2025\/03\/03_CorreuMapfre-1024x768.jpg)\"><\/span>\n                            \n                        <\/div>\n                        <div class=\"swiper-slide\">\n                           <div class=\"descripcio\">\n                            <h2>La prevenci\u00f3n como prioridad<\/h2>\n                            <p>Para garantizar la seguridad y la conservaci\u00f3n de estas piezas en el lugar de destino, una persona del equipo de restauraci\u00f3n viaja como correo al lugar de la exposici\u00f3n. Su tarea es supervisar la llegada de las obras prestadas, revisar su estado y asegurar su correcta ubicaci\u00f3n en el espacio expositivo, tanto en las paredes como en las vitrinas, a fin de garantizar que todo el proceso se desarrolle sin incidencias.<\/p>\n                            <\/div>\n\n                                                    <\/div>\n                    \n\n                    \n                        \n                        <div class=\"swiper-slide\">\n                                                            <figure>\n                                    <a data-fancybox=\"gallery-69da0d981ec12\" data-src=\"https:\/\/www.salvador-dali.org\/wp-content\/uploads\/2025\/03\/00_RevisioPrestecPompidou-scaled.jpg\" data-caption=\"Revisi\u00f3n del estado de conservaci\u00f3n y realizaci\u00f3n del informe de condici\u00f3n de viaje\">\n                                        <img decoding=\"async\" src=\"https:\/\/www.salvador-dali.org\/wp-content\/uploads\/2025\/03\/00_RevisioPrestecPompidou-1024x768.jpg\" alt=\"Revisi\u00f3n del estado de conservaci\u00f3n y realizaci\u00f3n del informe de condici\u00f3n de viaje\"> \n\t\t\t\t          \t\t\t<\/a>\n                                                                        <figcaption class=\"custom-caption\">Revisi\u00f3n del estado de conservaci\u00f3n y realizaci\u00f3n del informe de condici\u00f3n de viaje<\/figcaption>\n                                <\/figure>\n                                                    <\/div>\n\n                    \n                        \n                        <div class=\"swiper-slide\">\n                                                            <figure>\n                                    <a data-fancybox=\"gallery-69da0d981ec12\" data-src=\"https:\/\/www.salvador-dali.org\/wp-content\/uploads\/2025\/03\/2012_exporoma_36_c_523baixa_editora_77_11_4_800.jpg\" data-caption=\"Durante el pr\u00e9stamo, los grabados viajan en cajas especiales\">\n                                        <img decoding=\"async\" src=\"https:\/\/www.salvador-dali.org\/wp-content\/uploads\/2025\/03\/2012_exporoma_36_c_523baixa_editora_77_11_4_800-678x1024.jpg\" alt=\"Durante el pr\u00e9stamo, los grabados viajan en cajas especiales\"> \n\t\t\t\t          \t\t\t<\/a>\n                                                                        <figcaption class=\"custom-caption\">Durante el pr\u00e9stamo, los grabados viajan en cajas especiales<\/figcaption>\n                                <\/figure>\n                                                    <\/div>\n\n                    \n                        \n                        <div class=\"swiper-slide\">\n                                                            <figure>\n                                    <a data-fancybox=\"gallery-69da0d981ec12\" data-src=\"https:\/\/www.salvador-dali.org\/wp-content\/uploads\/2025\/03\/img_1951baixa_editora_77_11_5_800.jpg\" data-caption=\"El correo supervisa la instalaci\u00f3n de Busto de mujer retrospectivo en Roma\">\n                                        <img decoding=\"async\" src=\"https:\/\/www.salvador-dali.org\/wp-content\/uploads\/2025\/03\/img_1951baixa_editora_77_11_5_800.jpg\" alt=\"El correo supervisa la instalaci\u00f3n de Busto de mujer retrospectivo en Roma\"> \n\t\t\t\t          \t\t\t<\/a>\n                                                                        <figcaption class=\"custom-caption\">El correo supervisa la instalaci\u00f3n de Busto de mujer retrospectivo en Roma<\/figcaption>\n                                <\/figure>\n                                                    <\/div>\n\n                    \n                        \n                        <div class=\"swiper-slide\">\n                                                            <figure>\n                                    <a data-fancybox=\"gallery-69da0d981ec12\" data-src=\"https:\/\/www.salvador-dali.org\/wp-content\/uploads\/2025\/03\/img_8005baixa_editora_77_11_6_800.jpg\" data-caption=\"El correo comprueba el estado de condici\u00f3n de la pintura con el informe de viaje.\">\n                                        <img decoding=\"async\" src=\"https:\/\/www.salvador-dali.org\/wp-content\/uploads\/2025\/03\/img_8005baixa_editora_77_11_6_800.jpg\" alt=\"El correo comprueba el estado de condici\u00f3n de la pintura con el informe de viaje.\"> \n\t\t\t\t          \t\t\t<\/a>\n                                                                        <figcaption class=\"custom-caption\">El correo comprueba el estado de condici\u00f3n de la pintura con el informe de viaje.<\/figcaption>\n                                <\/figure>\n                                                    <\/div>\n\n                    \n                        \n                        <div class=\"swiper-slide\">\n                                                            <figure>\n                                    <a data-fancybox=\"gallery-69da0d981ec12\" data-src=\"https:\/\/www.salvador-dali.org\/wp-content\/uploads\/2025\/03\/img_5036_editora_77_11_1_800.jpg\" data-caption=\"Antes del pr\u00e9stamo se realizan mejoras en los marcos.\">\n                                        <img decoding=\"async\" src=\"https:\/\/www.salvador-dali.org\/wp-content\/uploads\/2025\/03\/img_5036_editora_77_11_1_800.jpg\" alt=\"Antes del pr\u00e9stamo se realizan mejoras en los marcos.\"> \n\t\t\t\t          \t\t\t<\/a>\n                                                                        <figcaption class=\"custom-caption\">Antes del pr\u00e9stamo se realizan mejoras en los marcos.<\/figcaption>\n                                <\/figure>\n                                                    <\/div>\n\n                                    <\/div>\n                <!-- Swiper navigation buttons -->\n                <div class=\"swiper-button-prev\">\n                    <span class=\"screen-reader-text\">Diapositiva anterior<\/span>\n                <\/div>\n                <div class=\"swiper-button-next\">\n                    <span class=\"screen-reader-text\">Diapositiva siguiente<\/span>\n                <\/div>\n            <\/div>\n        <\/div>\n    <\/div>\n\n\n\n<!-- Swiper JS -->\n<script src=\"https:\/\/cdn.jsdelivr.net\/npm\/swiper@11\/swiper-bundle.min.js\"><\/script>\n\n<!-- Initialize Swiper -->\n<script>\n\njQuery( document ).ready(function() {      \n\n    Tipus = 'intro-images';\n\n    updateSpaceBetween();\n    spaceBetweenInicial = 60;\n    \n    if (Tipus=='intro-images' ) {\n    \/\/    spaceBetweenValueModul = 0;\n    }\n\n\n\n    console.log(\"spaceBetweenValueModul\",spaceBetweenValueModul);\n\n    var swiper = new Swiper(\"#swiper-69da0d981ec12\", {\n      slidesPerView: \"auto\",\n      spaceBetween: spaceBetweenInicial,\n      \tfreeMode: true,\n\t  \tbreakpoints: {\n\t        \/\/ Quan l'amplada de la pantalla sigui major a 1024px\n\t        1024: {\n\t            spaceBetween: spaceBetweenValue,\n\t        },\n\t    },\n        \/\/ Navigation arrows\n        navigation: {\n            nextEl: '.swiper-button-next',\n            prevEl: '.swiper-button-prev',\n        },\n        mousewheel: {\n            releaseOnEdges: true,\n            forceToAxis: true,\n            sensitivity:    1,\n        },\n        a11y: {\n            prevSlideMessage: 'Diapositiva anterior',\n            nextSlideMessage: 'Diapositiva siguiente',\n        },\n    });\n\n\n \n\n\n    \/*\n    jQuery('.bloc-destacats').each(function() {\n        const nextDiv = jQuery(this).next('div');\n        if (nextDiv.hasClass('contingut-ampliat')) {\n            console.log('T\u00e9 .contingut-ampliat despr\u00e9s');\n            \/\/ Aqu\u00ed pots fer accions, per exemple:\n            \/\/ $nextDiv.addClass('marcat'); o $(this).append($nextDiv);\n        }\n    });\n    *\/\n})\n<\/script>\n\n","protected":false},"excerpt":{"rendered":"<p>El departamento se responsabiliza de los aspectos de la conservaci\u00f3n de las obras durante los pr\u00e9stamos y las exposiciones, con el fin de minimizar los factores de riesgo que conlleva todo movimiento de obras de arte. En la preparaci\u00f3n de las obras que se prestan, se realizan diversos procesos que garantizan las mejores condiciones de [&hellip;]<\/p>\n","protected":false},"author":3,"featured_media":2361,"parent":7624,"menu_order":8,"comment_status":"closed","ping_status":"closed","template":"","meta":{"_acf_changed":false,"_coblocks_attr":"","_coblocks_dimensions":"","_coblocks_responsive_height":"","_coblocks_accordion_ie_support":"","footnotes":""},"categories":[],"tags":[],"class_list":["post-7651","page","type-page","status-publish","has-post-thumbnail","hentry"],"acf":[],"yoast_head":"<!-- This site is optimized with the Yoast SEO plugin v27.3 - https:\/\/yoast.com\/product\/yoast-seo-wordpress\/ -->\n<title>Obras que viajan - Fundaci\u00f3 Gala - Salvador Dal\u00ed<\/title>\n<meta name=\"robots\" content=\"index, follow, max-snippet:-1, max-image-preview:large, max-video-preview:-1\" \/>\n<link rel=\"canonical\" href=\"https:\/\/www.salvador-dali.org\/es\/obra\/conservacion-y-restauracion\/obras-que-viajan\/\" \/>\n<meta property=\"og:locale\" content=\"es_ES\" \/>\n<meta property=\"og:type\" content=\"article\" \/>\n<meta property=\"og:title\" content=\"Obras que viajan - Fundaci\u00f3 Gala - Salvador Dal\u00ed\" \/>\n<meta property=\"og:description\" content=\"El departamento se responsabiliza de los aspectos de la conservaci\u00f3n de las obras durante los pr\u00e9stamos y las exposiciones, con el fin de minimizar los factores de riesgo que conlleva todo movimiento de obras de arte. En la preparaci\u00f3n de las obras que se prestan, se realizan diversos procesos que garantizan las mejores condiciones de [&hellip;]\" \/>\n<meta property=\"og:url\" content=\"https:\/\/www.salvador-dali.org\/es\/obra\/conservacion-y-restauracion\/obras-que-viajan\/\" \/>\n<meta property=\"og:site_name\" content=\"Fundaci\u00f3 Gala - Salvador Dal\u00ed\" \/>\n<meta property=\"article:publisher\" content=\"https:\/\/www.facebook.com\/MuseusDali\" \/>\n<meta property=\"article:modified_time\" content=\"2025-06-29T08:31:51+00:00\" \/>\n<meta property=\"og:image\" content=\"https:\/\/www.salvador-dali.org\/wp-content\/uploads\/2025\/03\/2012_exporoma_30_c_574baixa_editora_77_11_3_800.jpg\" \/>\n\t<meta property=\"og:image:width\" content=\"800\" \/>\n\t<meta property=\"og:image:height\" content=\"530\" \/>\n\t<meta property=\"og:image:type\" content=\"image\/jpeg\" \/>\n<meta name=\"twitter:card\" content=\"summary_large_image\" \/>\n<meta name=\"twitter:site\" content=\"@MuseuDali\" \/>\n<meta name=\"twitter:label1\" content=\"Tiempo de lectura\" \/>\n\t<meta name=\"twitter:data1\" content=\"1 minuto\" \/>\n<script type=\"application\/ld+json\" class=\"yoast-schema-graph\">{\"@context\":\"https:\\\/\\\/schema.org\",\"@graph\":[{\"@type\":\"WebPage\",\"@id\":\"https:\\\/\\\/www.salvador-dali.org\\\/es\\\/obra\\\/conservacion-y-restauracion\\\/obras-que-viajan\\\/\",\"url\":\"https:\\\/\\\/www.salvador-dali.org\\\/es\\\/obra\\\/conservacion-y-restauracion\\\/obras-que-viajan\\\/\",\"name\":\"Obras que viajan - Fundaci\u00f3 Gala - Salvador Dal\u00ed\",\"isPartOf\":{\"@id\":\"https:\\\/\\\/www.salvador-dali.org\\\/es\\\/#website\"},\"primaryImageOfPage\":{\"@id\":\"https:\\\/\\\/www.salvador-dali.org\\\/es\\\/obra\\\/conservacion-y-restauracion\\\/obras-que-viajan\\\/#primaryimage\"},\"image\":{\"@id\":\"https:\\\/\\\/www.salvador-dali.org\\\/es\\\/obra\\\/conservacion-y-restauracion\\\/obras-que-viajan\\\/#primaryimage\"},\"thumbnailUrl\":\"https:\\\/\\\/www.salvador-dali.org\\\/wp-content\\\/uploads\\\/2025\\\/03\\\/2012_exporoma_30_c_574baixa_editora_77_11_3_800.jpg\",\"datePublished\":\"2025-03-12T12:51:08+00:00\",\"dateModified\":\"2025-06-29T08:31:51+00:00\",\"breadcrumb\":{\"@id\":\"https:\\\/\\\/www.salvador-dali.org\\\/es\\\/obra\\\/conservacion-y-restauracion\\\/obras-que-viajan\\\/#breadcrumb\"},\"inLanguage\":\"es\",\"potentialAction\":[{\"@type\":\"ReadAction\",\"target\":[\"https:\\\/\\\/www.salvador-dali.org\\\/es\\\/obra\\\/conservacion-y-restauracion\\\/obras-que-viajan\\\/\"]}]},{\"@type\":\"ImageObject\",\"inLanguage\":\"es\",\"@id\":\"https:\\\/\\\/www.salvador-dali.org\\\/es\\\/obra\\\/conservacion-y-restauracion\\\/obras-que-viajan\\\/#primaryimage\",\"url\":\"https:\\\/\\\/www.salvador-dali.org\\\/wp-content\\\/uploads\\\/2025\\\/03\\\/2012_exporoma_30_c_574baixa_editora_77_11_3_800.jpg\",\"contentUrl\":\"https:\\\/\\\/www.salvador-dali.org\\\/wp-content\\\/uploads\\\/2025\\\/03\\\/2012_exporoma_30_c_574baixa_editora_77_11_3_800.jpg\",\"width\":800,\"height\":530},{\"@type\":\"BreadcrumbList\",\"@id\":\"https:\\\/\\\/www.salvador-dali.org\\\/es\\\/obra\\\/conservacion-y-restauracion\\\/obras-que-viajan\\\/#breadcrumb\",\"itemListElement\":[{\"@type\":\"ListItem\",\"position\":1,\"name\":\"Inici\",\"item\":\"https:\\\/\\\/www.salvador-dali.org\\\/es\\\/\"},{\"@type\":\"ListItem\",\"position\":2,\"name\":\"Obras que viajan\"}]},{\"@type\":\"WebSite\",\"@id\":\"https:\\\/\\\/www.salvador-dali.org\\\/es\\\/#website\",\"url\":\"https:\\\/\\\/www.salvador-dali.org\\\/es\\\/\",\"name\":\"Fundaci\u00f3 Gala - Salvador Dal\u00ed\",\"description\":\"\",\"publisher\":{\"@id\":\"https:\\\/\\\/www.salvador-dali.org\\\/es\\\/#organization\"},\"potentialAction\":[{\"@type\":\"SearchAction\",\"target\":{\"@type\":\"EntryPoint\",\"urlTemplate\":\"https:\\\/\\\/www.salvador-dali.org\\\/es\\\/?s={search_term_string}\"},\"query-input\":{\"@type\":\"PropertyValueSpecification\",\"valueRequired\":true,\"valueName\":\"search_term_string\"}}],\"inLanguage\":\"es\"},{\"@type\":\"Organization\",\"@id\":\"https:\\\/\\\/www.salvador-dali.org\\\/es\\\/#organization\",\"name\":\"Fundaci\u00f3 Gala - Salvador Dal\u00ed\",\"url\":\"https:\\\/\\\/www.salvador-dali.org\\\/es\\\/\",\"logo\":{\"@type\":\"ImageObject\",\"inLanguage\":\"es\",\"@id\":\"https:\\\/\\\/www.salvador-dali.org\\\/es\\\/#\\\/schema\\\/logo\\\/image\\\/\",\"url\":\"https:\\\/\\\/www.salvador-dali.org\\\/wp-content\\\/uploads\\\/2025\\\/04\\\/fundacio-gala-salvador-dali.png\",\"contentUrl\":\"https:\\\/\\\/www.salvador-dali.org\\\/wp-content\\\/uploads\\\/2025\\\/04\\\/fundacio-gala-salvador-dali.png\",\"width\":240,\"height\":240,\"caption\":\"Fundaci\u00f3 Gala - Salvador Dal\u00ed\"},\"image\":{\"@id\":\"https:\\\/\\\/www.salvador-dali.org\\\/es\\\/#\\\/schema\\\/logo\\\/image\\\/\"},\"sameAs\":[\"https:\\\/\\\/www.facebook.com\\\/MuseusDali\",\"https:\\\/\\\/x.com\\\/MuseuDali\",\"https:\\\/\\\/www.youtube.com\\\/user\\\/FundacioDali\",\"https:\\\/\\\/www.flickr.com\\\/fundacio_dali\\\/\",\"https:\\\/\\\/instagram.com\\\/museudali\"]}]}<\/script>\n<!-- \/ Yoast SEO plugin. -->","yoast_head_json":{"title":"Obras que viajan - Fundaci\u00f3 Gala - Salvador Dal\u00ed","robots":{"index":"index","follow":"follow","max-snippet":"max-snippet:-1","max-image-preview":"max-image-preview:large","max-video-preview":"max-video-preview:-1"},"canonical":"https:\/\/www.salvador-dali.org\/es\/obra\/conservacion-y-restauracion\/obras-que-viajan\/","og_locale":"es_ES","og_type":"article","og_title":"Obras que viajan - Fundaci\u00f3 Gala - Salvador Dal\u00ed","og_description":"El departamento se responsabiliza de los aspectos de la conservaci\u00f3n de las obras durante los pr\u00e9stamos y las exposiciones, con el fin de minimizar los factores de riesgo que conlleva todo movimiento de obras de arte. En la preparaci\u00f3n de las obras que se prestan, se realizan diversos procesos que garantizan las mejores condiciones de [&hellip;]","og_url":"https:\/\/www.salvador-dali.org\/es\/obra\/conservacion-y-restauracion\/obras-que-viajan\/","og_site_name":"Fundaci\u00f3 Gala - Salvador Dal\u00ed","article_publisher":"https:\/\/www.facebook.com\/MuseusDali","article_modified_time":"2025-06-29T08:31:51+00:00","og_image":[{"width":800,"height":530,"url":"https:\/\/www.salvador-dali.org\/wp-content\/uploads\/2025\/03\/2012_exporoma_30_c_574baixa_editora_77_11_3_800.jpg","type":"image\/jpeg"}],"twitter_card":"summary_large_image","twitter_site":"@MuseuDali","twitter_misc":{"Tiempo de lectura":"1 minuto"},"schema":{"@context":"https:\/\/schema.org","@graph":[{"@type":"WebPage","@id":"https:\/\/www.salvador-dali.org\/es\/obra\/conservacion-y-restauracion\/obras-que-viajan\/","url":"https:\/\/www.salvador-dali.org\/es\/obra\/conservacion-y-restauracion\/obras-que-viajan\/","name":"Obras que viajan - Fundaci\u00f3 Gala - Salvador Dal\u00ed","isPartOf":{"@id":"https:\/\/www.salvador-dali.org\/es\/#website"},"primaryImageOfPage":{"@id":"https:\/\/www.salvador-dali.org\/es\/obra\/conservacion-y-restauracion\/obras-que-viajan\/#primaryimage"},"image":{"@id":"https:\/\/www.salvador-dali.org\/es\/obra\/conservacion-y-restauracion\/obras-que-viajan\/#primaryimage"},"thumbnailUrl":"https:\/\/www.salvador-dali.org\/wp-content\/uploads\/2025\/03\/2012_exporoma_30_c_574baixa_editora_77_11_3_800.jpg","datePublished":"2025-03-12T12:51:08+00:00","dateModified":"2025-06-29T08:31:51+00:00","breadcrumb":{"@id":"https:\/\/www.salvador-dali.org\/es\/obra\/conservacion-y-restauracion\/obras-que-viajan\/#breadcrumb"},"inLanguage":"es","potentialAction":[{"@type":"ReadAction","target":["https:\/\/www.salvador-dali.org\/es\/obra\/conservacion-y-restauracion\/obras-que-viajan\/"]}]},{"@type":"ImageObject","inLanguage":"es","@id":"https:\/\/www.salvador-dali.org\/es\/obra\/conservacion-y-restauracion\/obras-que-viajan\/#primaryimage","url":"https:\/\/www.salvador-dali.org\/wp-content\/uploads\/2025\/03\/2012_exporoma_30_c_574baixa_editora_77_11_3_800.jpg","contentUrl":"https:\/\/www.salvador-dali.org\/wp-content\/uploads\/2025\/03\/2012_exporoma_30_c_574baixa_editora_77_11_3_800.jpg","width":800,"height":530},{"@type":"BreadcrumbList","@id":"https:\/\/www.salvador-dali.org\/es\/obra\/conservacion-y-restauracion\/obras-que-viajan\/#breadcrumb","itemListElement":[{"@type":"ListItem","position":1,"name":"Inici","item":"https:\/\/www.salvador-dali.org\/es\/"},{"@type":"ListItem","position":2,"name":"Obras que viajan"}]},{"@type":"WebSite","@id":"https:\/\/www.salvador-dali.org\/es\/#website","url":"https:\/\/www.salvador-dali.org\/es\/","name":"Fundaci\u00f3 Gala - Salvador Dal\u00ed","description":"","publisher":{"@id":"https:\/\/www.salvador-dali.org\/es\/#organization"},"potentialAction":[{"@type":"SearchAction","target":{"@type":"EntryPoint","urlTemplate":"https:\/\/www.salvador-dali.org\/es\/?s={search_term_string}"},"query-input":{"@type":"PropertyValueSpecification","valueRequired":true,"valueName":"search_term_string"}}],"inLanguage":"es"},{"@type":"Organization","@id":"https:\/\/www.salvador-dali.org\/es\/#organization","name":"Fundaci\u00f3 Gala - Salvador Dal\u00ed","url":"https:\/\/www.salvador-dali.org\/es\/","logo":{"@type":"ImageObject","inLanguage":"es","@id":"https:\/\/www.salvador-dali.org\/es\/#\/schema\/logo\/image\/","url":"https:\/\/www.salvador-dali.org\/wp-content\/uploads\/2025\/04\/fundacio-gala-salvador-dali.png","contentUrl":"https:\/\/www.salvador-dali.org\/wp-content\/uploads\/2025\/04\/fundacio-gala-salvador-dali.png","width":240,"height":240,"caption":"Fundaci\u00f3 Gala - Salvador Dal\u00ed"},"image":{"@id":"https:\/\/www.salvador-dali.org\/es\/#\/schema\/logo\/image\/"},"sameAs":["https:\/\/www.facebook.com\/MuseusDali","https:\/\/x.com\/MuseuDali","https:\/\/www.youtube.com\/user\/FundacioDali","https:\/\/www.flickr.com\/fundacio_dali\/","https:\/\/instagram.com\/museudali"]}]}},"_links":{"self":[{"href":"https:\/\/www.salvador-dali.org\/es\/wp-json\/wp\/v2\/pages\/7651","targetHints":{"allow":["GET"]}}],"collection":[{"href":"https:\/\/www.salvador-dali.org\/es\/wp-json\/wp\/v2\/pages"}],"about":[{"href":"https:\/\/www.salvador-dali.org\/es\/wp-json\/wp\/v2\/types\/page"}],"author":[{"embeddable":true,"href":"https:\/\/www.salvador-dali.org\/es\/wp-json\/wp\/v2\/users\/3"}],"replies":[{"embeddable":true,"href":"https:\/\/www.salvador-dali.org\/es\/wp-json\/wp\/v2\/comments?post=7651"}],"version-history":[{"count":0,"href":"https:\/\/www.salvador-dali.org\/es\/wp-json\/wp\/v2\/pages\/7651\/revisions"}],"up":[{"embeddable":true,"href":"https:\/\/www.salvador-dali.org\/es\/wp-json\/wp\/v2\/pages\/7624"}],"wp:featuredmedia":[{"embeddable":true,"href":"https:\/\/www.salvador-dali.org\/es\/wp-json\/wp\/v2\/media\/2361"}],"wp:attachment":[{"href":"https:\/\/www.salvador-dali.org\/es\/wp-json\/wp\/v2\/media?parent=7651"}],"wp:term":[{"taxonomy":"category","embeddable":true,"href":"https:\/\/www.salvador-dali.org\/es\/wp-json\/wp\/v2\/categories?post=7651"},{"taxonomy":"post_tag","embeddable":true,"href":"https:\/\/www.salvador-dali.org\/es\/wp-json\/wp\/v2\/tags?post=7651"}],"curies":[{"name":"wp","href":"https:\/\/api.w.org\/{rel}","templated":true}]}}