{"id":7713,"date":"2025-02-26T16:53:46","date_gmt":"2025-02-26T14:53:46","guid":{"rendered":"https:\/\/www.salvador-dali.org\/dali-i-gala\/dali-artista-total\/escriptura\/"},"modified":"2025-07-01T11:01:19","modified_gmt":"2025-07-01T09:01:19","slug":"obra-escrita","status":"publish","type":"page","link":"https:\/\/www.salvador-dali.org\/es\/dali-y-gala\/dali-artista-total\/obra-escrita\/","title":{"rendered":"Obra escrita"},"content":{"rendered":"\n<div class=\"wp-block-columns global-column is-layout-flex wp-container-core-columns-is-layout-9d6595d7 wp-block-columns-is-layout-flex\">\n<div class=\"wp-block-column is-layout-flow wp-block-column-is-layout-flow\">\n<p class=\"entradeta\">Esta faceta de Salvador Dal\u00ed es, quiz\u00e1, a\u00fan m\u00e1s desconocida. Destacan los textos autobiogr\u00e1ficos, desde sus primeros diarios, fechados hacia 1919, su \u00abautobiograf\u00eda\u00bb <em>La vida secreta de Salvador Dal\u00ed<\/em>, publicada en 1942, y <em>Diario de un genio<\/em>,de 1964, hasta las <em>Confesiones inconfesables<\/em>, de 1973. Sus ensayos, especialmente prol\u00edficos desde finales de los a\u00f1os veinte y durante la d\u00e9cada de los treinta, representan un corpus te\u00f3rico de primer nivel para entender su obra y su pensamiento, as\u00ed como su manera de entender la creaci\u00f3n art\u00edstica y la historia del arte. Sus colaboraciones con la prensa escrita tambi\u00e9n son muy relevantes y experimentan un auge significativo a partir de su etapa americana. En 1945 funda el <em>Dal\u00ed News<\/em>, un diario para promocionar su obra y tambi\u00e9n su personaje.<\/p>\n\n\n\n\n<script>var is_masonry=false;<\/script>\t\t\t\t\t<div class=\"swiper coeli-swiper-heritageobject coeli-swiper-agrupacions coeli-swiper-7537\" \t\t\t\tid=\"coeli-swiper-7537\">\n\t\t\t\t<!-- Additional required wrapper -->\n\t\t\t\t<ul class=\"swiper-wrapper coeli-result-list\" id=\"coeli-ul-agrupacio-7537\">\n\t\t\t\t\t<!-- Slides -->\n\t\t\t\t\t\t\t\t\t\t\t<li id=\"15478\"\n\t\t\t\t\t\t\tclass=\"swiper-slide s-3 t-1 m-3\"><a href=\"https:\/\/www.salvador-dali.org\/heritageobject\/15478\/\"><figure class=\"image portraitmedia-medium\"><img decoding=\"async\" alt=\"\" src=\"https:\/\/d1i5r06pd82mff.cloudfront.net\/public\/DigitalAsset\/201705ff-509d-8341-99d5-3418b4056897\/6ab502f69c4cbcdda290db49842c6dba\/full\/medium\/0\/default.jpg\"><\/figure><p class=\"coeli-title\">The Secret Life of Salvador Dal\u00ed<\/p><p class=\"coeli-production-actorsinrole-actors\">Dal\u00ed, Salvador<\/p><p class=\"coeli-production-date\">1942<\/p><\/a><\/li>\n\t\t\t\t\t\t\t\t\t\t\t<li id=\"3619\"\n\t\t\t\t\t\t\tclass=\"swiper-slide s-3 t-1 m-3\"><a href=\"https:\/\/www.salvador-dali.org\/heritageobject\/3619\/\"><figure class=\"image portraitmedia-medium\"><img decoding=\"async\" alt=\"\" src=\"https:\/\/d1i5r06pd82mff.cloudfront.net\/public\/DigitalAsset\/c8559782-10c1-7778-d16d-1055511864b6\/5d382cf7cca4e0911bffa47b923d2dd0\/full\/medium\/0\/default.jpg\"><\/figure><p class=\"coeli-title\">Ilustraci\u00f3n para la sobrecubierta del libro \u00abHidden Faces\u00bb<\/p><p class=\"coeli-production-actorsinrole-actors\">Dal\u00ed i Dom\u00e8nech, Salvador<\/p><p class=\"coeli-production-date\">1944<\/p><\/a><\/li>\n\t\t\t\t\t\t\t\t\t<\/ul>\n\t\t\t\t\t\t\t\t\t\t\t\t\t<!-- If we need navigation buttons -->\n\t\t\t\t\t<div class=\"swiper-button-prev coeli-swiper-prev-7537\"><\/div>\n\t\t\t\t\t<div class=\"swiper-button-next coeli-swiper-next-7537\"><\/div>\n\t\t\t\t\t\t\t<\/div>\n\t\t\t<script>\n\t\t\t\tvar slider_args_7537= {\n\t\t\t\t\t\/\/ Optional parameters\n\t\t\t\t\tdirection: 'horizontal',\n\t\t\t\t\tbreakpoints: {\n\t\t\t\t\t\t640: {\n\t\t\t\t\t\t\tslidesPerView: 1,\n\t\t\t\t\t\t\tspaceBetween: 0,\n\t\t\t\t\t\t},\n\t\t\t\t\t\t768: {\n\t\t\t\t\t\t\tslidesPerView: 1,\n\t\t\t\t\t\t\tspaceBetween: 0,\n\t\t\t\t\t\t},\n\t\t\t\t\t\t1024: {\n\t\t\t\t\t\t\tslidesPerView: 3,\n\t\t\t\t\t\t\tspaceBetween: 0,\n\t\t\t\t\t\t},\n\t\t\t\t\t},\n\t\t\t\t\t\t\t\t\t\tautoplay: {\n\t\t\t\t\t\tdelay: 300000000,\n\t\t\t\t\t\tdisableOnInteraction: false,\n\t\t\t\t\t},\n\t\t\t\t\t\t\t\t\t\t\t\t\t\t\t\t\t\t\t\tspeed: 300,\n\t\t\t\t\t\t\t\t\t\tloop: false,\n\t\t\t\t\t\/\/ If we need pagination\n\t\t\t\t\tpagination: {\n\t\t\t\t\t\tel: '.swiper-pagination-7537',\n\t\t\t\t\t},\n\t\t\t\t\t\/\/ Navigation arrows\n\t\t\t\t\tnavigation: {\n\t\t\t\t\t\tnextEl: '.coeli-swiper-next-7537',\n\t\t\t\t\t\tprevEl: '.coeli-swiper-prev-7537',\n\t\t\t\t\t}\n\t\t\t\t}\n\t\t\t<\/script>\n\t\t<\/div>\n<\/div>\n\n\n    <div  class=\"wp-block-columns swiper-column   destacat bloc-destacats \" style=\"background-image: linear-gradient(to right, white, white)\">\n        <div class=\"wp-block-column\">\n            <div id=\"swiper-69dc5b3d76929\" class=\"swiper destacats dues\" >\n                <div class=\"swiper-wrapper\">\n\n                                            <div class=\"swiper-slide intro\">\n                            <h2>M\u00e1s sobre el artista total<\/h2>\n                            <div class=\"descripcio\"><p>Sigue descubriendo todas las facetas del genio. Pintura, obra gr\u00e1fica, escultura y obra tridimensional, dibujo, escritura, cine y moda: Salvador Dal\u00ed convirti\u00f3 cada disciplina en una v\u00eda de expresi\u00f3n singular. Con una creatividad desbordante, expandi\u00f3 los l\u00edmites del arte y del pensamiento. Explora c\u00f3mo se manifiesta su universo \u00fanico en cada lenguaje que hizo suyo.<\/p>\n<\/div>\n                        <\/div>\n                    \n\n                    \n                        \n                        <div class=\"swiper-slide\">\n                                                            <div class=\"banner\" style=\"background-image: url(https:\/\/www.salvador-dali.org\/wp-content\/uploads\/2025\/02\/2642-1024x785.jpg)\">\n                                                                            <ul class=\"context\">\n                                            <li class=\"context__item\" aria-label=\"hidden\">                                            <\/li>\n                                        <\/ul>\n                                    \n                                    <h3 class=\"titol\">Pintura<\/h3>\n                                        \n                                    <div class=\"button fletxa\"><a href=\"https:\/\/www.salvador-dali.org\/es\/dali-y-gala\/dali-artista-total\/pintura\/\">M\u00e1s informaci\u00f3n<\/a><\/div>\n\n                                    \n                                <\/div>\n                                                    <\/div>\n\n                    \n                        \n                        <div class=\"swiper-slide\">\n                                                            <div class=\"banner\" style=\"background-image: url(https:\/\/www.salvador-dali.org\/wp-content\/uploads\/2025\/03\/A-DEMANAR-A-GETTY-1024x675.jpg)\">\n                                                                            <ul class=\"context\">\n                                            <li class=\"context__item\" aria-label=\"hidden\">                                            <\/li>\n                                        <\/ul>\n                                    \n                                    <h3 class=\"titol\">Escultura y obra tridimensional<\/h3>\n                                        \n                                    <div class=\"button fletxa\"><a href=\"https:\/\/www.salvador-dali.org\/es\/dali-y-gala\/dali-artista-total\/escultura\/\">M\u00e1s informaci\u00f3n<\/a><\/div>\n\n                                    \n                                <\/div>\n                                                    <\/div>\n\n                    \n                        \n                        <div class=\"swiper-slide\">\n                                                            <div class=\"banner\" style=\"background-image: url(https:\/\/www.salvador-dali.org\/wp-content\/uploads\/2025\/05\/47835-1024x931.jpg)\">\n                                                                            <ul class=\"context\">\n                                            <li class=\"context__item\" aria-label=\"hidden\">                                            <\/li>\n                                        <\/ul>\n                                    \n                                    <h3 class=\"titol\">Moda<\/h3>\n                                        \n                                    <div class=\"button fletxa\"><a href=\"https:\/\/www.salvador-dali.org\/es\/dali-y-gala\/dali-artista-total\/moda\/\">M\u00e1s informaci\u00f3n<\/a><\/div>\n\n                                    \n                                <\/div>\n                                                    <\/div>\n\n                    \n                        \n                        <div class=\"swiper-slide\">\n                                                            <div class=\"banner\" style=\"background-image: url(https:\/\/www.salvador-dali.org\/wp-content\/uploads\/2025\/02\/65089-779x1024.jpg)\">\n                                                                            <ul class=\"context\">\n                                            <li class=\"context__item\" aria-label=\"hidden\">                                            <\/li>\n                                        <\/ul>\n                                    \n                                    <h3 class=\"titol\">Dibujo<\/h3>\n                                        \n                                    <div class=\"button fletxa\"><a href=\"https:\/\/www.salvador-dali.org\/es\/dali-y-gala\/dali-artista-total\/dibujo\/\">M\u00e1s informaci\u00f3n<\/a><\/div>\n\n                                    \n                                <\/div>\n                                                    <\/div>\n\n                    \n                        \n                        <div class=\"swiper-slide\">\n                                                            <div class=\"banner\" style=\"background-image: url(https:\/\/www.salvador-dali.org\/wp-content\/uploads\/2025\/05\/3-1-1024x819.jpg)\">\n                                                                            <ul class=\"context\">\n                                            <li class=\"context__item\" aria-label=\"hidden\">                                            <\/li>\n                                        <\/ul>\n                                    \n                                    <h3 class=\"titol\">Cine<\/h3>\n                                        \n                                    <div class=\"button fletxa\"><a href=\"https:\/\/www.salvador-dali.org\/es\/dali-y-gala\/dali-artista-total\/cine\/\">M\u00e1s informaci\u00f3n<\/a><\/div>\n\n                                    \n                                <\/div>\n                                                    <\/div>\n\n                                    <\/div>\n                <!-- Swiper navigation buttons -->\n                <div class=\"swiper-button-prev\">\n                    <span class=\"screen-reader-text\">Diapositiva anterior<\/span>\n                <\/div>\n                <div class=\"swiper-button-next\">\n                    <span class=\"screen-reader-text\">Diapositiva siguiente<\/span>\n                <\/div>\n            <\/div>\n        <\/div>\n    <\/div>\n\n\n\n<!-- Swiper JS -->\n<script src=\"https:\/\/cdn.jsdelivr.net\/npm\/swiper@11\/swiper-bundle.min.js\"><\/script>\n\n<!-- Initialize Swiper -->\n<script>\n\njQuery( document ).ready(function() {      \n\n    Tipus = 'destacat';\n\n    updateSpaceBetween();\n    spaceBetweenInicial = 60;\n    \n    if (Tipus=='intro-images' ) {\n    \/\/    spaceBetweenValueModul = 0;\n    }\n\n\n\n    console.log(\"spaceBetweenValueModul\",spaceBetweenValueModul);\n\n    var swiper = new Swiper(\"#swiper-69dc5b3d76929\", {\n      slidesPerView: \"auto\",\n      spaceBetween: spaceBetweenInicial,\n      \tfreeMode: true,\n\t  \tbreakpoints: {\n\t        \/\/ Quan l'amplada de la pantalla sigui major a 1024px\n\t        1024: {\n\t            spaceBetween: spaceBetweenValue,\n\t        },\n\t    },\n        \/\/ Navigation arrows\n        navigation: {\n            nextEl: '.swiper-button-next',\n            prevEl: '.swiper-button-prev',\n        },\n        mousewheel: {\n            releaseOnEdges: true,\n            forceToAxis: true,\n            sensitivity:    1,\n        },\n        a11y: {\n            prevSlideMessage: 'Diapositiva anterior',\n            nextSlideMessage: 'Diapositiva siguiente',\n        },\n    });\n\n\n \n\n\n    \/*\n    jQuery('.bloc-destacats').each(function() {\n        const nextDiv = jQuery(this).next('div');\n        if (nextDiv.hasClass('contingut-ampliat')) {\n            console.log('T\u00e9 .contingut-ampliat despr\u00e9s');\n            \/\/ Aqu\u00ed pots fer accions, per exemple:\n            \/\/ $nextDiv.addClass('marcat'); o $(this).append($nextDiv);\n        }\n    });\n    *\/\n})\n<\/script>\n\n","protected":false},"excerpt":{"rendered":"<p>Esta faceta de Salvador Dal\u00ed es, quiz\u00e1, a\u00fan m\u00e1s desconocida. Destacan los textos autobiogr\u00e1ficos, desde sus primeros diarios, fechados hacia 1919, su \u00abautobiograf\u00eda\u00bb La vida secreta de Salvador Dal\u00ed, publicada en 1942, y Diario de un genio,de 1964, hasta las Confesiones inconfesables, de 1973. Sus ensayos, especialmente prol\u00edficos desde finales de los a\u00f1os veinte y [&hellip;]<\/p>\n","protected":false},"author":3,"featured_media":1386,"parent":7698,"menu_order":4,"comment_status":"closed","ping_status":"closed","template":"","meta":{"_acf_changed":false,"_coblocks_attr":"","_coblocks_dimensions":"","_coblocks_responsive_height":"","_coblocks_accordion_ie_support":"","footnotes":""},"categories":[],"tags":[],"class_list":["post-7713","page","type-page","status-publish","has-post-thumbnail","hentry"],"acf":[],"yoast_head":"<!-- This site is optimized with the Yoast SEO plugin v27.3 - https:\/\/yoast.com\/product\/yoast-seo-wordpress\/ -->\n<title>Obra escrita - Fundaci\u00f3 Gala - Salvador Dal\u00ed<\/title>\n<meta name=\"robots\" content=\"index, follow, max-snippet:-1, max-image-preview:large, max-video-preview:-1\" \/>\n<link rel=\"canonical\" href=\"https:\/\/www.salvador-dali.org\/es\/dali-y-gala\/dali-artista-total\/obra-escrita\/\" \/>\n<meta property=\"og:locale\" content=\"es_ES\" \/>\n<meta property=\"og:type\" content=\"article\" \/>\n<meta property=\"og:title\" content=\"Obra escrita - Fundaci\u00f3 Gala - Salvador Dal\u00ed\" \/>\n<meta property=\"og:description\" content=\"Esta faceta de Salvador Dal\u00ed es, quiz\u00e1, a\u00fan m\u00e1s desconocida. Destacan los textos autobiogr\u00e1ficos, desde sus primeros diarios, fechados hacia 1919, su \u00abautobiograf\u00eda\u00bb La vida secreta de Salvador Dal\u00ed, publicada en 1942, y Diario de un genio,de 1964, hasta las Confesiones inconfesables, de 1973. Sus ensayos, especialmente prol\u00edficos desde finales de los a\u00f1os veinte y [&hellip;]\" \/>\n<meta property=\"og:url\" content=\"https:\/\/www.salvador-dali.org\/es\/dali-y-gala\/dali-artista-total\/obra-escrita\/\" \/>\n<meta property=\"og:site_name\" content=\"Fundaci\u00f3 Gala - Salvador Dal\u00ed\" \/>\n<meta property=\"article:publisher\" content=\"https:\/\/www.facebook.com\/MuseusDali\" \/>\n<meta property=\"article:modified_time\" content=\"2025-07-01T09:01:19+00:00\" \/>\n<meta property=\"og:image\" content=\"https:\/\/www.salvador-dali.org\/wp-content\/uploads\/2025\/02\/5068-e1747042033255.jpg\" \/>\n\t<meta property=\"og:image:width\" content=\"768\" \/>\n\t<meta property=\"og:image:height\" content=\"977\" \/>\n\t<meta property=\"og:image:type\" content=\"image\/jpeg\" \/>\n<meta name=\"twitter:card\" content=\"summary_large_image\" \/>\n<meta name=\"twitter:site\" content=\"@MuseuDali\" \/>\n<meta name=\"twitter:label1\" content=\"Tiempo de lectura\" \/>\n\t<meta name=\"twitter:data1\" content=\"1 minuto\" \/>\n<script type=\"application\/ld+json\" class=\"yoast-schema-graph\">{\"@context\":\"https:\\\/\\\/schema.org\",\"@graph\":[{\"@type\":\"WebPage\",\"@id\":\"https:\\\/\\\/www.salvador-dali.org\\\/es\\\/dali-y-gala\\\/dali-artista-total\\\/obra-escrita\\\/\",\"url\":\"https:\\\/\\\/www.salvador-dali.org\\\/es\\\/dali-y-gala\\\/dali-artista-total\\\/obra-escrita\\\/\",\"name\":\"Obra escrita - Fundaci\u00f3 Gala - Salvador Dal\u00ed\",\"isPartOf\":{\"@id\":\"https:\\\/\\\/www.salvador-dali.org\\\/es\\\/#website\"},\"primaryImageOfPage\":{\"@id\":\"https:\\\/\\\/www.salvador-dali.org\\\/es\\\/dali-y-gala\\\/dali-artista-total\\\/obra-escrita\\\/#primaryimage\"},\"image\":{\"@id\":\"https:\\\/\\\/www.salvador-dali.org\\\/es\\\/dali-y-gala\\\/dali-artista-total\\\/obra-escrita\\\/#primaryimage\"},\"thumbnailUrl\":\"https:\\\/\\\/www.salvador-dali.org\\\/wp-content\\\/uploads\\\/2025\\\/02\\\/5068-e1747042033255.jpg\",\"datePublished\":\"2025-02-26T14:53:46+00:00\",\"dateModified\":\"2025-07-01T09:01:19+00:00\",\"breadcrumb\":{\"@id\":\"https:\\\/\\\/www.salvador-dali.org\\\/es\\\/dali-y-gala\\\/dali-artista-total\\\/obra-escrita\\\/#breadcrumb\"},\"inLanguage\":\"es\",\"potentialAction\":[{\"@type\":\"ReadAction\",\"target\":[\"https:\\\/\\\/www.salvador-dali.org\\\/es\\\/dali-y-gala\\\/dali-artista-total\\\/obra-escrita\\\/\"]}]},{\"@type\":\"ImageObject\",\"inLanguage\":\"es\",\"@id\":\"https:\\\/\\\/www.salvador-dali.org\\\/es\\\/dali-y-gala\\\/dali-artista-total\\\/obra-escrita\\\/#primaryimage\",\"url\":\"https:\\\/\\\/www.salvador-dali.org\\\/wp-content\\\/uploads\\\/2025\\\/02\\\/5068-e1747042033255.jpg\",\"contentUrl\":\"https:\\\/\\\/www.salvador-dali.org\\\/wp-content\\\/uploads\\\/2025\\\/02\\\/5068-e1747042033255.jpg\",\"width\":768,\"height\":977,\"caption\":\"Salvador Dal\u00ed escrivint La vida secreta de Salvador Dal\u00ed a Hampton Manor, Virginia, 1941. Eric Schaal \u00a9 Derechos de imagen de Salvador Dal\u00ed reservados. Fundaci\u00f3n Gala-Salvador Dal\u00ed, Figueras, 2025\"},{\"@type\":\"BreadcrumbList\",\"@id\":\"https:\\\/\\\/www.salvador-dali.org\\\/es\\\/dali-y-gala\\\/dali-artista-total\\\/obra-escrita\\\/#breadcrumb\",\"itemListElement\":[{\"@type\":\"ListItem\",\"position\":1,\"name\":\"Inici\",\"item\":\"https:\\\/\\\/www.salvador-dali.org\\\/es\\\/\"},{\"@type\":\"ListItem\",\"position\":2,\"name\":\"Obra escrita\"}]},{\"@type\":\"WebSite\",\"@id\":\"https:\\\/\\\/www.salvador-dali.org\\\/es\\\/#website\",\"url\":\"https:\\\/\\\/www.salvador-dali.org\\\/es\\\/\",\"name\":\"Fundaci\u00f3 Gala - Salvador Dal\u00ed\",\"description\":\"\",\"publisher\":{\"@id\":\"https:\\\/\\\/www.salvador-dali.org\\\/es\\\/#organization\"},\"potentialAction\":[{\"@type\":\"SearchAction\",\"target\":{\"@type\":\"EntryPoint\",\"urlTemplate\":\"https:\\\/\\\/www.salvador-dali.org\\\/es\\\/?s={search_term_string}\"},\"query-input\":{\"@type\":\"PropertyValueSpecification\",\"valueRequired\":true,\"valueName\":\"search_term_string\"}}],\"inLanguage\":\"es\"},{\"@type\":\"Organization\",\"@id\":\"https:\\\/\\\/www.salvador-dali.org\\\/es\\\/#organization\",\"name\":\"Fundaci\u00f3 Gala - Salvador Dal\u00ed\",\"url\":\"https:\\\/\\\/www.salvador-dali.org\\\/es\\\/\",\"logo\":{\"@type\":\"ImageObject\",\"inLanguage\":\"es\",\"@id\":\"https:\\\/\\\/www.salvador-dali.org\\\/es\\\/#\\\/schema\\\/logo\\\/image\\\/\",\"url\":\"https:\\\/\\\/www.salvador-dali.org\\\/wp-content\\\/uploads\\\/2025\\\/04\\\/fundacio-gala-salvador-dali.png\",\"contentUrl\":\"https:\\\/\\\/www.salvador-dali.org\\\/wp-content\\\/uploads\\\/2025\\\/04\\\/fundacio-gala-salvador-dali.png\",\"width\":240,\"height\":240,\"caption\":\"Fundaci\u00f3 Gala - Salvador Dal\u00ed\"},\"image\":{\"@id\":\"https:\\\/\\\/www.salvador-dali.org\\\/es\\\/#\\\/schema\\\/logo\\\/image\\\/\"},\"sameAs\":[\"https:\\\/\\\/www.facebook.com\\\/MuseusDali\",\"https:\\\/\\\/x.com\\\/MuseuDali\",\"https:\\\/\\\/www.youtube.com\\\/user\\\/FundacioDali\",\"https:\\\/\\\/www.flickr.com\\\/fundacio_dali\\\/\",\"https:\\\/\\\/instagram.com\\\/museudali\"]}]}<\/script>\n<!-- \/ Yoast SEO plugin. -->","yoast_head_json":{"title":"Obra escrita - Fundaci\u00f3 Gala - Salvador Dal\u00ed","robots":{"index":"index","follow":"follow","max-snippet":"max-snippet:-1","max-image-preview":"max-image-preview:large","max-video-preview":"max-video-preview:-1"},"canonical":"https:\/\/www.salvador-dali.org\/es\/dali-y-gala\/dali-artista-total\/obra-escrita\/","og_locale":"es_ES","og_type":"article","og_title":"Obra escrita - Fundaci\u00f3 Gala - Salvador Dal\u00ed","og_description":"Esta faceta de Salvador Dal\u00ed es, quiz\u00e1, a\u00fan m\u00e1s desconocida. Destacan los textos autobiogr\u00e1ficos, desde sus primeros diarios, fechados hacia 1919, su \u00abautobiograf\u00eda\u00bb La vida secreta de Salvador Dal\u00ed, publicada en 1942, y Diario de un genio,de 1964, hasta las Confesiones inconfesables, de 1973. Sus ensayos, especialmente prol\u00edficos desde finales de los a\u00f1os veinte y [&hellip;]","og_url":"https:\/\/www.salvador-dali.org\/es\/dali-y-gala\/dali-artista-total\/obra-escrita\/","og_site_name":"Fundaci\u00f3 Gala - Salvador Dal\u00ed","article_publisher":"https:\/\/www.facebook.com\/MuseusDali","article_modified_time":"2025-07-01T09:01:19+00:00","og_image":[{"width":768,"height":977,"url":"https:\/\/www.salvador-dali.org\/wp-content\/uploads\/2025\/02\/5068-e1747042033255.jpg","type":"image\/jpeg"}],"twitter_card":"summary_large_image","twitter_site":"@MuseuDali","twitter_misc":{"Tiempo de lectura":"1 minuto"},"schema":{"@context":"https:\/\/schema.org","@graph":[{"@type":"WebPage","@id":"https:\/\/www.salvador-dali.org\/es\/dali-y-gala\/dali-artista-total\/obra-escrita\/","url":"https:\/\/www.salvador-dali.org\/es\/dali-y-gala\/dali-artista-total\/obra-escrita\/","name":"Obra escrita - Fundaci\u00f3 Gala - Salvador Dal\u00ed","isPartOf":{"@id":"https:\/\/www.salvador-dali.org\/es\/#website"},"primaryImageOfPage":{"@id":"https:\/\/www.salvador-dali.org\/es\/dali-y-gala\/dali-artista-total\/obra-escrita\/#primaryimage"},"image":{"@id":"https:\/\/www.salvador-dali.org\/es\/dali-y-gala\/dali-artista-total\/obra-escrita\/#primaryimage"},"thumbnailUrl":"https:\/\/www.salvador-dali.org\/wp-content\/uploads\/2025\/02\/5068-e1747042033255.jpg","datePublished":"2025-02-26T14:53:46+00:00","dateModified":"2025-07-01T09:01:19+00:00","breadcrumb":{"@id":"https:\/\/www.salvador-dali.org\/es\/dali-y-gala\/dali-artista-total\/obra-escrita\/#breadcrumb"},"inLanguage":"es","potentialAction":[{"@type":"ReadAction","target":["https:\/\/www.salvador-dali.org\/es\/dali-y-gala\/dali-artista-total\/obra-escrita\/"]}]},{"@type":"ImageObject","inLanguage":"es","@id":"https:\/\/www.salvador-dali.org\/es\/dali-y-gala\/dali-artista-total\/obra-escrita\/#primaryimage","url":"https:\/\/www.salvador-dali.org\/wp-content\/uploads\/2025\/02\/5068-e1747042033255.jpg","contentUrl":"https:\/\/www.salvador-dali.org\/wp-content\/uploads\/2025\/02\/5068-e1747042033255.jpg","width":768,"height":977,"caption":"Salvador Dal\u00ed escrivint La vida secreta de Salvador Dal\u00ed a Hampton Manor, Virginia, 1941. Eric Schaal \u00a9 Derechos de imagen de Salvador Dal\u00ed reservados. Fundaci\u00f3n Gala-Salvador Dal\u00ed, Figueras, 2025"},{"@type":"BreadcrumbList","@id":"https:\/\/www.salvador-dali.org\/es\/dali-y-gala\/dali-artista-total\/obra-escrita\/#breadcrumb","itemListElement":[{"@type":"ListItem","position":1,"name":"Inici","item":"https:\/\/www.salvador-dali.org\/es\/"},{"@type":"ListItem","position":2,"name":"Obra escrita"}]},{"@type":"WebSite","@id":"https:\/\/www.salvador-dali.org\/es\/#website","url":"https:\/\/www.salvador-dali.org\/es\/","name":"Fundaci\u00f3 Gala - Salvador Dal\u00ed","description":"","publisher":{"@id":"https:\/\/www.salvador-dali.org\/es\/#organization"},"potentialAction":[{"@type":"SearchAction","target":{"@type":"EntryPoint","urlTemplate":"https:\/\/www.salvador-dali.org\/es\/?s={search_term_string}"},"query-input":{"@type":"PropertyValueSpecification","valueRequired":true,"valueName":"search_term_string"}}],"inLanguage":"es"},{"@type":"Organization","@id":"https:\/\/www.salvador-dali.org\/es\/#organization","name":"Fundaci\u00f3 Gala - Salvador Dal\u00ed","url":"https:\/\/www.salvador-dali.org\/es\/","logo":{"@type":"ImageObject","inLanguage":"es","@id":"https:\/\/www.salvador-dali.org\/es\/#\/schema\/logo\/image\/","url":"https:\/\/www.salvador-dali.org\/wp-content\/uploads\/2025\/04\/fundacio-gala-salvador-dali.png","contentUrl":"https:\/\/www.salvador-dali.org\/wp-content\/uploads\/2025\/04\/fundacio-gala-salvador-dali.png","width":240,"height":240,"caption":"Fundaci\u00f3 Gala - Salvador Dal\u00ed"},"image":{"@id":"https:\/\/www.salvador-dali.org\/es\/#\/schema\/logo\/image\/"},"sameAs":["https:\/\/www.facebook.com\/MuseusDali","https:\/\/x.com\/MuseuDali","https:\/\/www.youtube.com\/user\/FundacioDali","https:\/\/www.flickr.com\/fundacio_dali\/","https:\/\/instagram.com\/museudali"]}]}},"_links":{"self":[{"href":"https:\/\/www.salvador-dali.org\/es\/wp-json\/wp\/v2\/pages\/7713","targetHints":{"allow":["GET"]}}],"collection":[{"href":"https:\/\/www.salvador-dali.org\/es\/wp-json\/wp\/v2\/pages"}],"about":[{"href":"https:\/\/www.salvador-dali.org\/es\/wp-json\/wp\/v2\/types\/page"}],"author":[{"embeddable":true,"href":"https:\/\/www.salvador-dali.org\/es\/wp-json\/wp\/v2\/users\/3"}],"replies":[{"embeddable":true,"href":"https:\/\/www.salvador-dali.org\/es\/wp-json\/wp\/v2\/comments?post=7713"}],"version-history":[{"count":0,"href":"https:\/\/www.salvador-dali.org\/es\/wp-json\/wp\/v2\/pages\/7713\/revisions"}],"up":[{"embeddable":true,"href":"https:\/\/www.salvador-dali.org\/es\/wp-json\/wp\/v2\/pages\/7698"}],"wp:featuredmedia":[{"embeddable":true,"href":"https:\/\/www.salvador-dali.org\/es\/wp-json\/wp\/v2\/media\/1386"}],"wp:attachment":[{"href":"https:\/\/www.salvador-dali.org\/es\/wp-json\/wp\/v2\/media?parent=7713"}],"wp:term":[{"taxonomy":"category","embeddable":true,"href":"https:\/\/www.salvador-dali.org\/es\/wp-json\/wp\/v2\/categories?post=7713"},{"taxonomy":"post_tag","embeddable":true,"href":"https:\/\/www.salvador-dali.org\/es\/wp-json\/wp\/v2\/tags?post=7713"}],"curies":[{"name":"wp","href":"https:\/\/api.w.org\/{rel}","templated":true}]}}