{"id":10761,"date":"2025-03-12T14:16:52","date_gmt":"2025-03-12T12:16:52","guid":{"rendered":"https:\/\/www.salvador-dali.org\/obra\/ced\/fons-documental\/"},"modified":"2025-07-01T09:58:20","modified_gmt":"2025-07-01T07:58:20","slug":"fonds-documentaire","status":"publish","type":"page","link":"https:\/\/www.salvador-dali.org\/fr\/oeuvre\/ced\/fonds-documentaire\/","title":{"rendered":"Fonds documentaire"},"content":{"rendered":"    <div  class=\"wp-block-columns swiper-column   destacat bloc-destacats \" style=\"background-image: linear-gradient(to right, white, white)\">\n        <div class=\"wp-block-column\">\n            <div id=\"swiper-69e0c3b28a353\" class=\"swiper destacats dues\" >\n                <div class=\"swiper-wrapper\">\n\n                                            <div class=\"swiper-slide intro\">\n                            <h2>Le fonds documentaire<\/h2>\n                            <div class=\"descripcio\"><p>C\u2019est l\u2019un des centres de documentation les plus importants au niveau international sur l\u2019\u0153uvre de Dal\u00ed, le Surr\u00e9alisme et les avant-gardes en g\u00e9n\u00e9ral. La richesse de son fonds ne se mesure pas seulement au nombre de documents, mais aussi \u00e0 leur importance et \u00e0 leur vari\u00e9t\u00e9. Il se compose de 11\u202f711 livres, 696 manuscrits, 10\u202f412 lettres, cartes postales, t\u00e9l\u00e9grammes et autres documents \u00e9pistolaires, 23\u202f798 photographies, 965 documents audiovisuels et sonores, 7\u202f696 revues, 73\u202f368 articles de presse nationaux et internationaux, 8\u202f046 documents \u00e9ph\u00e9m\u00e8res, 1\u202f739 cartes postales et 732 affiches.<\/p>\n<\/div>\n                                                    <\/div>\n                    \n\n                    \n                        \n                        <div class=\"swiper-slide\">\n                                                            <div class=\"banner\" style=\"background-image: url(https:\/\/www.salvador-dali.org\/wp-content\/uploads\/2025\/03\/527___3_editora_50_3_1_10201020.jpg)\">\n                                                                            <ul class=\"context\">\n                                            <li class=\"context__item\" aria-label=\"hidden\">                                            <\/li>\n                                        <\/ul>\n                                    \n                                    <h3 class=\"titol\">Documents audiovisuels et sonores<\/h3>\n                                        \n                                    <div class=\"button fletxa\"><a href=\"https:\/\/www.salvador-dali.org\/fr\/oeuvre\/ced\/fonds-documentaire\/documents-audiovisuels-et-sonores\/\">En savoir plus<\/a><\/div>\n\n                                    \n                                <\/div>\n                                                    <\/div>\n\n                    \n                        \n                        <div class=\"swiper-slide\">\n                                                            <div class=\"banner\" style=\"background-image: url(https:\/\/www.salvador-dali.org\/wp-content\/uploads\/2025\/03\/6_editora_49_6_1_10201020.jpg)\">\n                                                                            <ul class=\"context\">\n                                            <li class=\"context__item\" aria-label=\"hidden\">                                            <\/li>\n                                        <\/ul>\n                                    \n                                    <h3 class=\"titol\">Photographies<\/h3>\n                                        \n                                    <div class=\"button fletxa\"><a href=\"https:\/\/www.salvador-dali.org\/fr\/oeuvre\/ced\/fonds-documentaire\/photographies\/\">En savoir plus<\/a><\/div>\n\n                                    \n                                <\/div>\n                                                    <\/div>\n\n                    \n                        \n                        <div class=\"swiper-slide\">\n                                                            <div class=\"banner\" style=\"background-image: url(https:\/\/www.salvador-dali.org\/wp-content\/uploads\/2025\/03\/5_manifiesto_editora_48_5_1_10201020.jpg)\">\n                                                                            <ul class=\"context\">\n                                            <li class=\"context__item\" aria-label=\"hidden\">                                            <\/li>\n                                        <\/ul>\n                                    \n                                    <h3 class=\"titol\">Documents \u00e9ph\u00e9m\u00e8res<\/h3>\n                                        \n                                    <div class=\"button fletxa\"><a href=\"https:\/\/www.salvador-dali.org\/fr\/oeuvre\/ced\/fonds-documentaire\/documents-ephemeres\/\">En savoir plus<\/a><\/div>\n\n                                    \n                                <\/div>\n                                                    <\/div>\n\n                    \n                        \n                        <div class=\"swiper-slide\">\n                                                            <div class=\"banner\" style=\"background-image: url(https:\/\/www.salvador-dali.org\/wp-content\/uploads\/2025\/03\/523___5_ghyka_editora_46_6_1_10201020.jpg)\">\n                                                                            <ul class=\"context\">\n                                            <li class=\"context__item\" aria-label=\"hidden\">                                            <\/li>\n                                        <\/ul>\n                                    \n                                    <h3 class=\"titol\">Correspondance<\/h3>\n                                        \n                                    <div class=\"button fletxa\"><a href=\"https:\/\/www.salvador-dali.org\/fr\/oeuvre\/ced\/fonds-documentaire\/correspondance\/\">En savoir plus<\/a><\/div>\n\n                                    \n                                <\/div>\n                                                    <\/div>\n\n                    \n                        \n                        <div class=\"swiper-slide\">\n                                                            <div class=\"banner\" style=\"background-image: url(https:\/\/www.salvador-dali.org\/wp-content\/uploads\/2025\/03\/4_disney_editora_45_4_1_10201020.jpg)\">\n                                                                            <ul class=\"context\">\n                                            <li class=\"context__item\" aria-label=\"hidden\">                                            <\/li>\n                                        <\/ul>\n                                    \n                                    <h3 class=\"titol\">Manuscrits<\/h3>\n                                        \n                                    <div class=\"button fletxa\"><a href=\"https:\/\/www.salvador-dali.org\/fr\/oeuvre\/ced\/fonds-documentaire\/manuscrits\/\">En savoir plus<\/a><\/div>\n\n                                    \n                                <\/div>\n                                                    <\/div>\n\n                    \n                        \n                        <div class=\"swiper-slide\">\n                                                            <div class=\"banner\" style=\"background-image: url(https:\/\/www.salvador-dali.org\/wp-content\/uploads\/2025\/03\/Provisional_Capcalera-fons-documental.jpg)\">\n                                                                            <ul class=\"context\">\n                                            <li class=\"context__item\" aria-label=\"hidden\">                                            <\/li>\n                                        <\/ul>\n                                    \n                                    <h3 class=\"titol\">Fonds de la biblioth\u00e8que personnelle de Dal\u00ed<\/h3>\n                                        \n                                    <div class=\"button fletxa\"><a href=\"https:\/\/www.salvador-dali.org\/fr\/oeuvre\/ced\/fonds-documentaire\/fonds-de-la-biblioteque-personnelle-de-dali\/\">En savoir plus<\/a><\/div>\n\n                                    \n                                <\/div>\n                                                    <\/div>\n\n                                    <\/div>\n                <!-- Swiper navigation buttons -->\n                <div class=\"swiper-button-prev\">\n                    <span class=\"screen-reader-text\">Diapositive pr\u00e9c\u00e9dente<\/span>\n                <\/div>\n                <div class=\"swiper-button-next\">\n                    <span class=\"screen-reader-text\">Diapositiva seg\u00fcent<\/span>\n                <\/div>\n            <\/div>\n        <\/div>\n    <\/div>\n\n\n\n<!-- Swiper JS -->\n<script src=\"https:\/\/cdn.jsdelivr.net\/npm\/swiper@11\/swiper-bundle.min.js\"><\/script>\n\n<!-- Initialize Swiper -->\n<script>\n\njQuery( document ).ready(function() {      \n\n    Tipus = 'destacat';\n\n    updateSpaceBetween();\n    spaceBetweenInicial = 60;\n    \n    if (Tipus=='intro-images' ) {\n    \/\/    spaceBetweenValueModul = 0;\n    }\n\n\n\n    console.log(\"spaceBetweenValueModul\",spaceBetweenValueModul);\n\n    var swiper = new Swiper(\"#swiper-69e0c3b28a353\", {\n      slidesPerView: \"auto\",\n      spaceBetween: spaceBetweenInicial,\n      \tfreeMode: true,\n\t  \tbreakpoints: {\n\t        \/\/ Quan l'amplada de la pantalla sigui major a 1024px\n\t        1024: {\n\t            spaceBetween: spaceBetweenValue,\n\t        },\n\t    },\n        \/\/ Navigation arrows\n        navigation: {\n            nextEl: '.swiper-button-next',\n            prevEl: '.swiper-button-prev',\n        },\n        mousewheel: {\n            releaseOnEdges: true,\n            forceToAxis: true,\n            sensitivity:    1,\n        },\n        a11y: {\n            prevSlideMessage: 'Diapositive pr\u00e9c\u00e9dente',\n            nextSlideMessage: 'Diapositiva seg\u00fcent',\n        },\n    });\n\n\n \n\n\n    \/*\n    jQuery('.bloc-destacats').each(function() {\n        const nextDiv = jQuery(this).next('div');\n        if (nextDiv.hasClass('contingut-ampliat')) {\n            console.log('T\u00e9 .contingut-ampliat despr\u00e9s');\n            \/\/ Aqu\u00ed pots fer accions, per exemple:\n            \/\/ $nextDiv.addClass('marcat'); o $(this).append($nextDiv);\n        }\n    });\n    *\/\n})\n<\/script>\n\n","protected":false},"excerpt":{"rendered":"","protected":false},"author":3,"featured_media":2167,"parent":7659,"menu_order":2,"comment_status":"closed","ping_status":"closed","template":"","meta":{"_acf_changed":false,"_coblocks_attr":"","_coblocks_dimensions":"","_coblocks_responsive_height":"","_coblocks_accordion_ie_support":"","footnotes":""},"categories":[],"tags":[],"class_list":["post-10761","page","type-page","status-publish","has-post-thumbnail","hentry"],"acf":[],"yoast_head":"<!-- This site is optimized with the Yoast SEO plugin v27.4 - https:\/\/yoast.com\/product\/yoast-seo-wordpress\/ -->\n<title>Fonds documentaire - Fundaci\u00f3 Gala - Salvador Dal\u00ed<\/title>\n<meta name=\"robots\" content=\"index, follow, max-snippet:-1, max-image-preview:large, max-video-preview:-1\" \/>\n<link rel=\"canonical\" href=\"https:\/\/www.salvador-dali.org\/fr\/oeuvre\/ced\/fonds-documentaire\/\" \/>\n<meta property=\"og:locale\" content=\"fr_FR\" \/>\n<meta property=\"og:type\" content=\"article\" \/>\n<meta property=\"og:title\" content=\"Fonds documentaire - Fundaci\u00f3 Gala - Salvador Dal\u00ed\" \/>\n<meta property=\"og:url\" content=\"https:\/\/www.salvador-dali.org\/fr\/oeuvre\/ced\/fonds-documentaire\/\" \/>\n<meta property=\"og:site_name\" content=\"Fundaci\u00f3 Gala - Salvador Dal\u00ed\" \/>\n<meta property=\"article:publisher\" content=\"https:\/\/www.facebook.com\/MuseusDali\" \/>\n<meta property=\"article:modified_time\" content=\"2025-07-01T07:58:20+00:00\" \/>\n<meta property=\"og:image\" content=\"https:\/\/www.salvador-dali.org\/wp-content\/uploads\/2025\/03\/Provisional_Capcalera-fons-documental.jpg\" \/>\n\t<meta property=\"og:image:width\" content=\"556\" \/>\n\t<meta property=\"og:image:height\" content=\"768\" \/>\n\t<meta property=\"og:image:type\" content=\"image\/jpeg\" \/>\n<meta name=\"twitter:card\" content=\"summary_large_image\" \/>\n<meta name=\"twitter:site\" content=\"@MuseuDali\" \/>\n<meta name=\"twitter:label1\" content=\"Dur\u00e9e de lecture estim\u00e9e\" \/>\n\t<meta name=\"twitter:data1\" content=\"1 minute\" \/>\n<script type=\"application\/ld+json\" class=\"yoast-schema-graph\">{\"@context\":\"https:\\\/\\\/schema.org\",\"@graph\":[{\"@type\":\"WebPage\",\"@id\":\"https:\\\/\\\/www.salvador-dali.org\\\/fr\\\/oeuvre\\\/ced\\\/fonds-documentaire\\\/\",\"url\":\"https:\\\/\\\/www.salvador-dali.org\\\/fr\\\/oeuvre\\\/ced\\\/fonds-documentaire\\\/\",\"name\":\"Fonds documentaire - Fundaci\u00f3 Gala - Salvador Dal\u00ed\",\"isPartOf\":{\"@id\":\"https:\\\/\\\/www.salvador-dali.org\\\/fr\\\/#website\"},\"primaryImageOfPage\":{\"@id\":\"https:\\\/\\\/www.salvador-dali.org\\\/fr\\\/oeuvre\\\/ced\\\/fonds-documentaire\\\/#primaryimage\"},\"image\":{\"@id\":\"https:\\\/\\\/www.salvador-dali.org\\\/fr\\\/oeuvre\\\/ced\\\/fonds-documentaire\\\/#primaryimage\"},\"thumbnailUrl\":\"https:\\\/\\\/www.salvador-dali.org\\\/wp-content\\\/uploads\\\/2025\\\/03\\\/Provisional_Capcalera-fons-documental.jpg\",\"datePublished\":\"2025-03-12T12:16:52+00:00\",\"dateModified\":\"2025-07-01T07:58:20+00:00\",\"breadcrumb\":{\"@id\":\"https:\\\/\\\/www.salvador-dali.org\\\/fr\\\/oeuvre\\\/ced\\\/fonds-documentaire\\\/#breadcrumb\"},\"inLanguage\":\"fr-FR\",\"potentialAction\":[{\"@type\":\"ReadAction\",\"target\":[\"https:\\\/\\\/www.salvador-dali.org\\\/fr\\\/oeuvre\\\/ced\\\/fonds-documentaire\\\/\"]}]},{\"@type\":\"ImageObject\",\"inLanguage\":\"fr-FR\",\"@id\":\"https:\\\/\\\/www.salvador-dali.org\\\/fr\\\/oeuvre\\\/ced\\\/fonds-documentaire\\\/#primaryimage\",\"url\":\"https:\\\/\\\/www.salvador-dali.org\\\/wp-content\\\/uploads\\\/2025\\\/03\\\/Provisional_Capcalera-fons-documental.jpg\",\"contentUrl\":\"https:\\\/\\\/www.salvador-dali.org\\\/wp-content\\\/uploads\\\/2025\\\/03\\\/Provisional_Capcalera-fons-documental.jpg\",\"width\":556,\"height\":768},{\"@type\":\"BreadcrumbList\",\"@id\":\"https:\\\/\\\/www.salvador-dali.org\\\/fr\\\/oeuvre\\\/ced\\\/fonds-documentaire\\\/#breadcrumb\",\"itemListElement\":[{\"@type\":\"ListItem\",\"position\":1,\"name\":\"Inici\",\"item\":\"https:\\\/\\\/www.salvador-dali.org\\\/fr\\\/\"},{\"@type\":\"ListItem\",\"position\":2,\"name\":\"Fonds documentaire\"}]},{\"@type\":\"WebSite\",\"@id\":\"https:\\\/\\\/www.salvador-dali.org\\\/fr\\\/#website\",\"url\":\"https:\\\/\\\/www.salvador-dali.org\\\/fr\\\/\",\"name\":\"Fundaci\u00f3 Gala - Salvador Dal\u00ed\",\"description\":\"\",\"publisher\":{\"@id\":\"https:\\\/\\\/www.salvador-dali.org\\\/fr\\\/#organization\"},\"potentialAction\":[{\"@type\":\"SearchAction\",\"target\":{\"@type\":\"EntryPoint\",\"urlTemplate\":\"https:\\\/\\\/www.salvador-dali.org\\\/fr\\\/?s={search_term_string}\"},\"query-input\":{\"@type\":\"PropertyValueSpecification\",\"valueRequired\":true,\"valueName\":\"search_term_string\"}}],\"inLanguage\":\"fr-FR\"},{\"@type\":\"Organization\",\"@id\":\"https:\\\/\\\/www.salvador-dali.org\\\/fr\\\/#organization\",\"name\":\"Fundaci\u00f3 Gala - Salvador Dal\u00ed\",\"url\":\"https:\\\/\\\/www.salvador-dali.org\\\/fr\\\/\",\"logo\":{\"@type\":\"ImageObject\",\"inLanguage\":\"fr-FR\",\"@id\":\"https:\\\/\\\/www.salvador-dali.org\\\/fr\\\/#\\\/schema\\\/logo\\\/image\\\/\",\"url\":\"https:\\\/\\\/www.salvador-dali.org\\\/wp-content\\\/uploads\\\/2025\\\/04\\\/fundacio-gala-salvador-dali.png\",\"contentUrl\":\"https:\\\/\\\/www.salvador-dali.org\\\/wp-content\\\/uploads\\\/2025\\\/04\\\/fundacio-gala-salvador-dali.png\",\"width\":240,\"height\":240,\"caption\":\"Fundaci\u00f3 Gala - Salvador Dal\u00ed\"},\"image\":{\"@id\":\"https:\\\/\\\/www.salvador-dali.org\\\/fr\\\/#\\\/schema\\\/logo\\\/image\\\/\"},\"sameAs\":[\"https:\\\/\\\/www.facebook.com\\\/MuseusDali\",\"https:\\\/\\\/x.com\\\/MuseuDali\",\"https:\\\/\\\/www.youtube.com\\\/user\\\/FundacioDali\",\"https:\\\/\\\/www.flickr.com\\\/fundacio_dali\\\/\",\"https:\\\/\\\/instagram.com\\\/museudali\"]}]}<\/script>\n<!-- \/ Yoast SEO plugin. -->","yoast_head_json":{"title":"Fonds documentaire - Fundaci\u00f3 Gala - Salvador Dal\u00ed","robots":{"index":"index","follow":"follow","max-snippet":"max-snippet:-1","max-image-preview":"max-image-preview:large","max-video-preview":"max-video-preview:-1"},"canonical":"https:\/\/www.salvador-dali.org\/fr\/oeuvre\/ced\/fonds-documentaire\/","og_locale":"fr_FR","og_type":"article","og_title":"Fonds documentaire - Fundaci\u00f3 Gala - Salvador Dal\u00ed","og_url":"https:\/\/www.salvador-dali.org\/fr\/oeuvre\/ced\/fonds-documentaire\/","og_site_name":"Fundaci\u00f3 Gala - Salvador Dal\u00ed","article_publisher":"https:\/\/www.facebook.com\/MuseusDali","article_modified_time":"2025-07-01T07:58:20+00:00","og_image":[{"width":556,"height":768,"url":"https:\/\/www.salvador-dali.org\/wp-content\/uploads\/2025\/03\/Provisional_Capcalera-fons-documental.jpg","type":"image\/jpeg"}],"twitter_card":"summary_large_image","twitter_site":"@MuseuDali","twitter_misc":{"Dur\u00e9e de lecture estim\u00e9e":"1 minute"},"schema":{"@context":"https:\/\/schema.org","@graph":[{"@type":"WebPage","@id":"https:\/\/www.salvador-dali.org\/fr\/oeuvre\/ced\/fonds-documentaire\/","url":"https:\/\/www.salvador-dali.org\/fr\/oeuvre\/ced\/fonds-documentaire\/","name":"Fonds documentaire - Fundaci\u00f3 Gala - Salvador Dal\u00ed","isPartOf":{"@id":"https:\/\/www.salvador-dali.org\/fr\/#website"},"primaryImageOfPage":{"@id":"https:\/\/www.salvador-dali.org\/fr\/oeuvre\/ced\/fonds-documentaire\/#primaryimage"},"image":{"@id":"https:\/\/www.salvador-dali.org\/fr\/oeuvre\/ced\/fonds-documentaire\/#primaryimage"},"thumbnailUrl":"https:\/\/www.salvador-dali.org\/wp-content\/uploads\/2025\/03\/Provisional_Capcalera-fons-documental.jpg","datePublished":"2025-03-12T12:16:52+00:00","dateModified":"2025-07-01T07:58:20+00:00","breadcrumb":{"@id":"https:\/\/www.salvador-dali.org\/fr\/oeuvre\/ced\/fonds-documentaire\/#breadcrumb"},"inLanguage":"fr-FR","potentialAction":[{"@type":"ReadAction","target":["https:\/\/www.salvador-dali.org\/fr\/oeuvre\/ced\/fonds-documentaire\/"]}]},{"@type":"ImageObject","inLanguage":"fr-FR","@id":"https:\/\/www.salvador-dali.org\/fr\/oeuvre\/ced\/fonds-documentaire\/#primaryimage","url":"https:\/\/www.salvador-dali.org\/wp-content\/uploads\/2025\/03\/Provisional_Capcalera-fons-documental.jpg","contentUrl":"https:\/\/www.salvador-dali.org\/wp-content\/uploads\/2025\/03\/Provisional_Capcalera-fons-documental.jpg","width":556,"height":768},{"@type":"BreadcrumbList","@id":"https:\/\/www.salvador-dali.org\/fr\/oeuvre\/ced\/fonds-documentaire\/#breadcrumb","itemListElement":[{"@type":"ListItem","position":1,"name":"Inici","item":"https:\/\/www.salvador-dali.org\/fr\/"},{"@type":"ListItem","position":2,"name":"Fonds documentaire"}]},{"@type":"WebSite","@id":"https:\/\/www.salvador-dali.org\/fr\/#website","url":"https:\/\/www.salvador-dali.org\/fr\/","name":"Fundaci\u00f3 Gala - Salvador Dal\u00ed","description":"","publisher":{"@id":"https:\/\/www.salvador-dali.org\/fr\/#organization"},"potentialAction":[{"@type":"SearchAction","target":{"@type":"EntryPoint","urlTemplate":"https:\/\/www.salvador-dali.org\/fr\/?s={search_term_string}"},"query-input":{"@type":"PropertyValueSpecification","valueRequired":true,"valueName":"search_term_string"}}],"inLanguage":"fr-FR"},{"@type":"Organization","@id":"https:\/\/www.salvador-dali.org\/fr\/#organization","name":"Fundaci\u00f3 Gala - Salvador Dal\u00ed","url":"https:\/\/www.salvador-dali.org\/fr\/","logo":{"@type":"ImageObject","inLanguage":"fr-FR","@id":"https:\/\/www.salvador-dali.org\/fr\/#\/schema\/logo\/image\/","url":"https:\/\/www.salvador-dali.org\/wp-content\/uploads\/2025\/04\/fundacio-gala-salvador-dali.png","contentUrl":"https:\/\/www.salvador-dali.org\/wp-content\/uploads\/2025\/04\/fundacio-gala-salvador-dali.png","width":240,"height":240,"caption":"Fundaci\u00f3 Gala - Salvador Dal\u00ed"},"image":{"@id":"https:\/\/www.salvador-dali.org\/fr\/#\/schema\/logo\/image\/"},"sameAs":["https:\/\/www.facebook.com\/MuseusDali","https:\/\/x.com\/MuseuDali","https:\/\/www.youtube.com\/user\/FundacioDali","https:\/\/www.flickr.com\/fundacio_dali\/","https:\/\/instagram.com\/museudali"]}]}},"_links":{"self":[{"href":"https:\/\/www.salvador-dali.org\/fr\/wp-json\/wp\/v2\/pages\/10761","targetHints":{"allow":["GET"]}}],"collection":[{"href":"https:\/\/www.salvador-dali.org\/fr\/wp-json\/wp\/v2\/pages"}],"about":[{"href":"https:\/\/www.salvador-dali.org\/fr\/wp-json\/wp\/v2\/types\/page"}],"author":[{"embeddable":true,"href":"https:\/\/www.salvador-dali.org\/fr\/wp-json\/wp\/v2\/users\/3"}],"replies":[{"embeddable":true,"href":"https:\/\/www.salvador-dali.org\/fr\/wp-json\/wp\/v2\/comments?post=10761"}],"version-history":[{"count":0,"href":"https:\/\/www.salvador-dali.org\/fr\/wp-json\/wp\/v2\/pages\/10761\/revisions"}],"up":[{"embeddable":true,"href":"https:\/\/www.salvador-dali.org\/fr\/wp-json\/wp\/v2\/pages\/7659"}],"wp:featuredmedia":[{"embeddable":true,"href":"https:\/\/www.salvador-dali.org\/fr\/wp-json\/wp\/v2\/media\/2167"}],"wp:attachment":[{"href":"https:\/\/www.salvador-dali.org\/fr\/wp-json\/wp\/v2\/media?parent=10761"}],"wp:term":[{"taxonomy":"category","embeddable":true,"href":"https:\/\/www.salvador-dali.org\/fr\/wp-json\/wp\/v2\/categories?post=10761"},{"taxonomy":"post_tag","embeddable":true,"href":"https:\/\/www.salvador-dali.org\/fr\/wp-json\/wp\/v2\/tags?post=10761"}],"curies":[{"name":"wp","href":"https:\/\/api.w.org\/{rel}","templated":true}]}}