{"id":10784,"date":"2025-05-15T17:25:59","date_gmt":"2025-05-15T15:25:59","guid":{"rendered":"https:\/\/www.salvador-dali.org\/obra\/ced\/criteris-artistics-protocols-i-avisos-dinteres\/"},"modified":"2026-04-01T11:18:47","modified_gmt":"2026-04-01T09:18:47","slug":"avis-et-protocoles-dinteret","status":"publish","type":"page","link":"https:\/\/www.salvador-dali.org\/fr\/oeuvre\/ced\/avis-et-protocoles-dinteret\/","title":{"rendered":"Avis et protocoles d\u2019int\u00e9r\u00eat"},"content":{"rendered":"\n<div class=\"wp-block-columns col-text col-2 is-layout-flex wp-container-core-columns-is-layout-9d6595d7 wp-block-columns-is-layout-flex\">\n<div class=\"wp-block-column is-layout-flow wp-block-column-is-layout-flow\">\n<h4 class=\"wp-block-heading\" style=\"font-size:20px\"><strong>Protocole de D\u00e9fense de la Sculpture et de l\u2019\u0152uvre Tridimensionnelle de Salvador Dal\u00ed<br><\/strong><\/h4>\n<\/div>\n\n\n\n<div class=\"wp-block-column is-layout-flow wp-block-column-is-layout-flow\">\n<p>L\u2019objectif de ce protocole est de fournir \u00e0 la FGSD un cadre sp\u00e9cifique pour la d\u00e9fense de l\u2019\u0153uvre sculpturale de Salvador Dal\u00ed. L\u2019un des objectifs principaux est de disposer de r\u00e8gles d\u2019action permettant, lorsque n\u00e9cessaire, de d\u00e9terminer l\u2019identification ou l\u2019attribution \u00e0 Dal\u00ed d\u2019\u0153uvres sculpturales ext\u00e9rieures \u00e0 la collection de la FGSD. Il vise \u00e9galement \u00e0 doter l\u2019utilisateur de r\u00e8gles claires garantissant une transparence totale du processus.<br><a href=\"https:\/\/www.salvador-dali.org\/wp-content\/uploads\/2026\/03\/FRA_CRITERES-ARTISTIQUES-DE-LA-FUNDACIO-GALA-SALVADOR-DALI_MAQ_VDEF.pdf\" target=\"_blank\" rel=\"noreferrer noopener\">T\u00e9l\u00e9charger le document <\/a><\/p>\n<\/div>\n<\/div>\n\n\n\n<div class=\"wp-block-columns col-text col-2 is-layout-flex wp-container-core-columns-is-layout-9d6595d7 wp-block-columns-is-layout-flex\">\n<div class=\"wp-block-column is-layout-flow wp-block-column-is-layout-flow\">\n<h4 class=\"wp-block-heading\" style=\"font-size:20px\"><strong>Protocole d\u2019Homologation des Collections d\u2019\u0152uvres Graphiques de Salvador Dal\u00ed<br><br><br><\/strong><\/h4>\n<\/div>\n\n\n\n<div class=\"wp-block-column is-layout-flow wp-block-column-is-layout-flow\">\n<p>En lien avec le Protocole de d\u00e9fense de l\u2019\u0153uvre, de l\u2019image et de l\u2019h\u00e9ritage de Salvador Dal\u00ed (projet en cours), qui explique de mani\u00e8re exhaustive le fonctionnement th\u00e9orique de l\u2019organisation interne de la Fondation, ce protocole d\u2019homologation des collections d\u2019\u0153uvres graphiques vise \u00e0 servir de mod\u00e8le quant \u00e0 son application pratique aux collections priv\u00e9es de tiers. Le protocole d\u2019action est con\u00e7u pour une exposition d\u2019environ 100 \u0153uvres, provenant d\u2019un maximum de 20 s\u00e9ries, et bas\u00e9 sur les ressources humaines actuellement disponibles, ce qui permet une r\u00e9vision annuelle de ces caract\u00e9ristiques.<\/p>\n\n\n\n<p><a href=\"https:\/\/www.salvador-dali.org\/wp-content\/uploads\/2025\/06\/Protocolo-de-Homologacion-de-Colecciones-de-Obra-Grafica-de-Salvador-Dali.pdf\" target=\"_blank\" rel=\"noreferrer noopener\">T\u00e9l\u00e9charger le document <\/a>&nbsp;(disponible en espagnol)<\/p>\n<\/div>\n<\/div>\n\n\n\n<div class=\"wp-block-columns col-text col-2 is-layout-flex wp-container-core-columns-is-layout-9d6595d7 wp-block-columns-is-layout-flex\">\n<div class=\"wp-block-column is-layout-flow wp-block-column-is-layout-flow\">\n<h4 class=\"wp-block-heading\" style=\"font-size:20px\"><strong>Avis concernant des \u0153uvres li\u00e9es aux illustrations de l\u2019Autobiographie de Benvenuto Cellini, des Essais de Michel de Montaigne et de l\u2019\u00e9dition anglaise du Quichotte<\/strong><\/h4>\n<\/div>\n\n\n\n<div class=\"wp-block-column is-layout-flow wp-block-column-is-layout-flow\">\n<p>Les \u00e9tudes men\u00e9es par la Commission d\u2019Accr\u00e9ditation et de Catalogage ont permis de constater que circulent sur le march\u00e9 des \u0153uvres pr\u00e9tendument r\u00e9alis\u00e9es par Salvador Dal\u00ed, toutes li\u00e9es aux illustrations de l\u2019Autobiographie de Benvenuto Cellini, des Essais de Michel de Montaigne et de l\u2019\u00e9dition anglaise du Quichotte, dont les originaux appartiennent aux fonds de la Fondation Gala-Salvador Dal\u00ed.<br>Dans cet article, vous pourrez voir &nbsp;quelques exemples:&nbsp;&nbsp;<a href=\"https:\/\/www.salvador-dali.org\/wp-content\/uploads\/2025\/06\/Articles-i-avis-legals-cat.pdf\" target=\"_blank\" rel=\"noreferrer noopener\">The Autobiography of Benvenuto Cellini, Essays of Michael de Montaigne, i The First part of The Life and Achievements of the Renowned Don Quixote de la Mancha.<\/a><\/p>\n<\/div>\n<\/div>\n\n\n\n<div style=\"height:100px\" aria-hidden=\"true\" class=\"wp-block-spacer separador25 mb-0 mt-0\"><\/div>\n\n\n\n<p><\/p>\n","protected":false},"excerpt":{"rendered":"<p>Protocole de D\u00e9fense de la Sculpture et de l\u2019\u0152uvre Tridimensionnelle de Salvador Dal\u00ed L\u2019objectif de ce protocole est de fournir \u00e0 la FGSD un cadre sp\u00e9cifique pour la d\u00e9fense de l\u2019\u0153uvre sculpturale de Salvador Dal\u00ed. L\u2019un des objectifs principaux est de disposer de r\u00e8gles d\u2019action permettant, lorsque n\u00e9cessaire, de d\u00e9terminer l\u2019identification ou l\u2019attribution \u00e0 Dal\u00ed [&hellip;]<\/p>\n","protected":false},"author":3,"featured_media":10064,"parent":7659,"menu_order":3,"comment_status":"closed","ping_status":"closed","template":"","meta":{"_acf_changed":false,"_coblocks_attr":"","_coblocks_dimensions":"","_coblocks_responsive_height":"","_coblocks_accordion_ie_support":"","footnotes":""},"categories":[],"tags":[],"class_list":["post-10784","page","type-page","status-publish","has-post-thumbnail","hentry"],"acf":[],"yoast_head":"<!-- This site is optimized with the Yoast SEO plugin v27.3 - https:\/\/yoast.com\/product\/yoast-seo-wordpress\/ -->\n<title>Avis et protocoles d\u2019int\u00e9r\u00eat - Fundaci\u00f3 Gala - Salvador Dal\u00ed<\/title>\n<meta name=\"robots\" content=\"index, follow, max-snippet:-1, max-image-preview:large, max-video-preview:-1\" \/>\n<link rel=\"canonical\" href=\"https:\/\/www.salvador-dali.org\/fr\/oeuvre\/ced\/avis-et-protocoles-dinteret\/\" \/>\n<meta property=\"og:locale\" content=\"fr_FR\" \/>\n<meta property=\"og:type\" content=\"article\" \/>\n<meta property=\"og:title\" content=\"Avis et protocoles d\u2019int\u00e9r\u00eat - Fundaci\u00f3 Gala - Salvador Dal\u00ed\" \/>\n<meta property=\"og:description\" content=\"Protocole de D\u00e9fense de la Sculpture et de l\u2019\u0152uvre Tridimensionnelle de Salvador Dal\u00ed L\u2019objectif de ce protocole est de fournir \u00e0 la FGSD un cadre sp\u00e9cifique pour la d\u00e9fense de l\u2019\u0153uvre sculpturale de Salvador Dal\u00ed. L\u2019un des objectifs principaux est de disposer de r\u00e8gles d\u2019action permettant, lorsque n\u00e9cessaire, de d\u00e9terminer l\u2019identification ou l\u2019attribution \u00e0 Dal\u00ed [&hellip;]\" \/>\n<meta property=\"og:url\" content=\"https:\/\/www.salvador-dali.org\/fr\/oeuvre\/ced\/avis-et-protocoles-dinteret\/\" \/>\n<meta property=\"og:site_name\" content=\"Fundaci\u00f3 Gala - Salvador Dal\u00ed\" \/>\n<meta property=\"article:publisher\" content=\"https:\/\/www.facebook.com\/MuseusDali\" \/>\n<meta property=\"article:modified_time\" content=\"2026-04-01T09:18:47+00:00\" \/>\n<meta property=\"og:image\" content=\"https:\/\/www.salvador-dali.org\/wp-content\/uploads\/2025\/06\/9249_01.jpeg\" \/>\n\t<meta property=\"og:image:width\" content=\"747\" \/>\n\t<meta property=\"og:image:height\" content=\"1079\" \/>\n\t<meta property=\"og:image:type\" content=\"image\/jpeg\" \/>\n<meta name=\"twitter:card\" content=\"summary_large_image\" \/>\n<meta name=\"twitter:site\" content=\"@MuseuDali\" \/>\n<meta name=\"twitter:label1\" content=\"Dur\u00e9e de lecture estim\u00e9e\" \/>\n\t<meta name=\"twitter:data1\" content=\"2 minutes\" \/>\n<script type=\"application\/ld+json\" class=\"yoast-schema-graph\">{\"@context\":\"https:\\\/\\\/schema.org\",\"@graph\":[{\"@type\":\"WebPage\",\"@id\":\"https:\\\/\\\/www.salvador-dali.org\\\/fr\\\/oeuvre\\\/ced\\\/avis-et-protocoles-dinteret\\\/\",\"url\":\"https:\\\/\\\/www.salvador-dali.org\\\/fr\\\/oeuvre\\\/ced\\\/avis-et-protocoles-dinteret\\\/\",\"name\":\"Avis et protocoles d\u2019int\u00e9r\u00eat - Fundaci\u00f3 Gala - Salvador Dal\u00ed\",\"isPartOf\":{\"@id\":\"https:\\\/\\\/www.salvador-dali.org\\\/fr\\\/#website\"},\"primaryImageOfPage\":{\"@id\":\"https:\\\/\\\/www.salvador-dali.org\\\/fr\\\/oeuvre\\\/ced\\\/avis-et-protocoles-dinteret\\\/#primaryimage\"},\"image\":{\"@id\":\"https:\\\/\\\/www.salvador-dali.org\\\/fr\\\/oeuvre\\\/ced\\\/avis-et-protocoles-dinteret\\\/#primaryimage\"},\"thumbnailUrl\":\"https:\\\/\\\/www.salvador-dali.org\\\/wp-content\\\/uploads\\\/2025\\\/06\\\/9249_01.jpeg\",\"datePublished\":\"2025-05-15T15:25:59+00:00\",\"dateModified\":\"2026-04-01T09:18:47+00:00\",\"breadcrumb\":{\"@id\":\"https:\\\/\\\/www.salvador-dali.org\\\/fr\\\/oeuvre\\\/ced\\\/avis-et-protocoles-dinteret\\\/#breadcrumb\"},\"inLanguage\":\"fr-FR\",\"potentialAction\":[{\"@type\":\"ReadAction\",\"target\":[\"https:\\\/\\\/www.salvador-dali.org\\\/fr\\\/oeuvre\\\/ced\\\/avis-et-protocoles-dinteret\\\/\"]}]},{\"@type\":\"ImageObject\",\"inLanguage\":\"fr-FR\",\"@id\":\"https:\\\/\\\/www.salvador-dali.org\\\/fr\\\/oeuvre\\\/ced\\\/avis-et-protocoles-dinteret\\\/#primaryimage\",\"url\":\"https:\\\/\\\/www.salvador-dali.org\\\/wp-content\\\/uploads\\\/2025\\\/06\\\/9249_01.jpeg\",\"contentUrl\":\"https:\\\/\\\/www.salvador-dali.org\\\/wp-content\\\/uploads\\\/2025\\\/06\\\/9249_01.jpeg\",\"width\":747,\"height\":1079},{\"@type\":\"BreadcrumbList\",\"@id\":\"https:\\\/\\\/www.salvador-dali.org\\\/fr\\\/oeuvre\\\/ced\\\/avis-et-protocoles-dinteret\\\/#breadcrumb\",\"itemListElement\":[{\"@type\":\"ListItem\",\"position\":1,\"name\":\"Inici\",\"item\":\"https:\\\/\\\/www.salvador-dali.org\\\/fr\\\/\"},{\"@type\":\"ListItem\",\"position\":2,\"name\":\"Avis et protocoles d\u2019int\u00e9r\u00eat\"}]},{\"@type\":\"WebSite\",\"@id\":\"https:\\\/\\\/www.salvador-dali.org\\\/fr\\\/#website\",\"url\":\"https:\\\/\\\/www.salvador-dali.org\\\/fr\\\/\",\"name\":\"Fundaci\u00f3 Gala - Salvador Dal\u00ed\",\"description\":\"\",\"publisher\":{\"@id\":\"https:\\\/\\\/www.salvador-dali.org\\\/fr\\\/#organization\"},\"potentialAction\":[{\"@type\":\"SearchAction\",\"target\":{\"@type\":\"EntryPoint\",\"urlTemplate\":\"https:\\\/\\\/www.salvador-dali.org\\\/fr\\\/?s={search_term_string}\"},\"query-input\":{\"@type\":\"PropertyValueSpecification\",\"valueRequired\":true,\"valueName\":\"search_term_string\"}}],\"inLanguage\":\"fr-FR\"},{\"@type\":\"Organization\",\"@id\":\"https:\\\/\\\/www.salvador-dali.org\\\/fr\\\/#organization\",\"name\":\"Fundaci\u00f3 Gala - Salvador Dal\u00ed\",\"url\":\"https:\\\/\\\/www.salvador-dali.org\\\/fr\\\/\",\"logo\":{\"@type\":\"ImageObject\",\"inLanguage\":\"fr-FR\",\"@id\":\"https:\\\/\\\/www.salvador-dali.org\\\/fr\\\/#\\\/schema\\\/logo\\\/image\\\/\",\"url\":\"https:\\\/\\\/www.salvador-dali.org\\\/wp-content\\\/uploads\\\/2025\\\/04\\\/fundacio-gala-salvador-dali.png\",\"contentUrl\":\"https:\\\/\\\/www.salvador-dali.org\\\/wp-content\\\/uploads\\\/2025\\\/04\\\/fundacio-gala-salvador-dali.png\",\"width\":240,\"height\":240,\"caption\":\"Fundaci\u00f3 Gala - Salvador Dal\u00ed\"},\"image\":{\"@id\":\"https:\\\/\\\/www.salvador-dali.org\\\/fr\\\/#\\\/schema\\\/logo\\\/image\\\/\"},\"sameAs\":[\"https:\\\/\\\/www.facebook.com\\\/MuseusDali\",\"https:\\\/\\\/x.com\\\/MuseuDali\",\"https:\\\/\\\/www.youtube.com\\\/user\\\/FundacioDali\",\"https:\\\/\\\/www.flickr.com\\\/fundacio_dali\\\/\",\"https:\\\/\\\/instagram.com\\\/museudali\"]}]}<\/script>\n<!-- \/ Yoast SEO plugin. -->","yoast_head_json":{"title":"Avis et protocoles d\u2019int\u00e9r\u00eat - Fundaci\u00f3 Gala - Salvador Dal\u00ed","robots":{"index":"index","follow":"follow","max-snippet":"max-snippet:-1","max-image-preview":"max-image-preview:large","max-video-preview":"max-video-preview:-1"},"canonical":"https:\/\/www.salvador-dali.org\/fr\/oeuvre\/ced\/avis-et-protocoles-dinteret\/","og_locale":"fr_FR","og_type":"article","og_title":"Avis et protocoles d\u2019int\u00e9r\u00eat - Fundaci\u00f3 Gala - Salvador Dal\u00ed","og_description":"Protocole de D\u00e9fense de la Sculpture et de l\u2019\u0152uvre Tridimensionnelle de Salvador Dal\u00ed L\u2019objectif de ce protocole est de fournir \u00e0 la FGSD un cadre sp\u00e9cifique pour la d\u00e9fense de l\u2019\u0153uvre sculpturale de Salvador Dal\u00ed. L\u2019un des objectifs principaux est de disposer de r\u00e8gles d\u2019action permettant, lorsque n\u00e9cessaire, de d\u00e9terminer l\u2019identification ou l\u2019attribution \u00e0 Dal\u00ed [&hellip;]","og_url":"https:\/\/www.salvador-dali.org\/fr\/oeuvre\/ced\/avis-et-protocoles-dinteret\/","og_site_name":"Fundaci\u00f3 Gala - Salvador Dal\u00ed","article_publisher":"https:\/\/www.facebook.com\/MuseusDali","article_modified_time":"2026-04-01T09:18:47+00:00","og_image":[{"width":747,"height":1079,"url":"https:\/\/www.salvador-dali.org\/wp-content\/uploads\/2025\/06\/9249_01.jpeg","type":"image\/jpeg"}],"twitter_card":"summary_large_image","twitter_site":"@MuseuDali","twitter_misc":{"Dur\u00e9e de lecture estim\u00e9e":"2 minutes"},"schema":{"@context":"https:\/\/schema.org","@graph":[{"@type":"WebPage","@id":"https:\/\/www.salvador-dali.org\/fr\/oeuvre\/ced\/avis-et-protocoles-dinteret\/","url":"https:\/\/www.salvador-dali.org\/fr\/oeuvre\/ced\/avis-et-protocoles-dinteret\/","name":"Avis et protocoles d\u2019int\u00e9r\u00eat - Fundaci\u00f3 Gala - Salvador Dal\u00ed","isPartOf":{"@id":"https:\/\/www.salvador-dali.org\/fr\/#website"},"primaryImageOfPage":{"@id":"https:\/\/www.salvador-dali.org\/fr\/oeuvre\/ced\/avis-et-protocoles-dinteret\/#primaryimage"},"image":{"@id":"https:\/\/www.salvador-dali.org\/fr\/oeuvre\/ced\/avis-et-protocoles-dinteret\/#primaryimage"},"thumbnailUrl":"https:\/\/www.salvador-dali.org\/wp-content\/uploads\/2025\/06\/9249_01.jpeg","datePublished":"2025-05-15T15:25:59+00:00","dateModified":"2026-04-01T09:18:47+00:00","breadcrumb":{"@id":"https:\/\/www.salvador-dali.org\/fr\/oeuvre\/ced\/avis-et-protocoles-dinteret\/#breadcrumb"},"inLanguage":"fr-FR","potentialAction":[{"@type":"ReadAction","target":["https:\/\/www.salvador-dali.org\/fr\/oeuvre\/ced\/avis-et-protocoles-dinteret\/"]}]},{"@type":"ImageObject","inLanguage":"fr-FR","@id":"https:\/\/www.salvador-dali.org\/fr\/oeuvre\/ced\/avis-et-protocoles-dinteret\/#primaryimage","url":"https:\/\/www.salvador-dali.org\/wp-content\/uploads\/2025\/06\/9249_01.jpeg","contentUrl":"https:\/\/www.salvador-dali.org\/wp-content\/uploads\/2025\/06\/9249_01.jpeg","width":747,"height":1079},{"@type":"BreadcrumbList","@id":"https:\/\/www.salvador-dali.org\/fr\/oeuvre\/ced\/avis-et-protocoles-dinteret\/#breadcrumb","itemListElement":[{"@type":"ListItem","position":1,"name":"Inici","item":"https:\/\/www.salvador-dali.org\/fr\/"},{"@type":"ListItem","position":2,"name":"Avis et protocoles d\u2019int\u00e9r\u00eat"}]},{"@type":"WebSite","@id":"https:\/\/www.salvador-dali.org\/fr\/#website","url":"https:\/\/www.salvador-dali.org\/fr\/","name":"Fundaci\u00f3 Gala - Salvador Dal\u00ed","description":"","publisher":{"@id":"https:\/\/www.salvador-dali.org\/fr\/#organization"},"potentialAction":[{"@type":"SearchAction","target":{"@type":"EntryPoint","urlTemplate":"https:\/\/www.salvador-dali.org\/fr\/?s={search_term_string}"},"query-input":{"@type":"PropertyValueSpecification","valueRequired":true,"valueName":"search_term_string"}}],"inLanguage":"fr-FR"},{"@type":"Organization","@id":"https:\/\/www.salvador-dali.org\/fr\/#organization","name":"Fundaci\u00f3 Gala - Salvador Dal\u00ed","url":"https:\/\/www.salvador-dali.org\/fr\/","logo":{"@type":"ImageObject","inLanguage":"fr-FR","@id":"https:\/\/www.salvador-dali.org\/fr\/#\/schema\/logo\/image\/","url":"https:\/\/www.salvador-dali.org\/wp-content\/uploads\/2025\/04\/fundacio-gala-salvador-dali.png","contentUrl":"https:\/\/www.salvador-dali.org\/wp-content\/uploads\/2025\/04\/fundacio-gala-salvador-dali.png","width":240,"height":240,"caption":"Fundaci\u00f3 Gala - Salvador Dal\u00ed"},"image":{"@id":"https:\/\/www.salvador-dali.org\/fr\/#\/schema\/logo\/image\/"},"sameAs":["https:\/\/www.facebook.com\/MuseusDali","https:\/\/x.com\/MuseuDali","https:\/\/www.youtube.com\/user\/FundacioDali","https:\/\/www.flickr.com\/fundacio_dali\/","https:\/\/instagram.com\/museudali"]}]}},"_links":{"self":[{"href":"https:\/\/www.salvador-dali.org\/fr\/wp-json\/wp\/v2\/pages\/10784","targetHints":{"allow":["GET"]}}],"collection":[{"href":"https:\/\/www.salvador-dali.org\/fr\/wp-json\/wp\/v2\/pages"}],"about":[{"href":"https:\/\/www.salvador-dali.org\/fr\/wp-json\/wp\/v2\/types\/page"}],"author":[{"embeddable":true,"href":"https:\/\/www.salvador-dali.org\/fr\/wp-json\/wp\/v2\/users\/3"}],"replies":[{"embeddable":true,"href":"https:\/\/www.salvador-dali.org\/fr\/wp-json\/wp\/v2\/comments?post=10784"}],"version-history":[{"count":4,"href":"https:\/\/www.salvador-dali.org\/fr\/wp-json\/wp\/v2\/pages\/10784\/revisions"}],"predecessor-version":[{"id":15631,"href":"https:\/\/www.salvador-dali.org\/fr\/wp-json\/wp\/v2\/pages\/10784\/revisions\/15631"}],"up":[{"embeddable":true,"href":"https:\/\/www.salvador-dali.org\/fr\/wp-json\/wp\/v2\/pages\/7659"}],"wp:featuredmedia":[{"embeddable":true,"href":"https:\/\/www.salvador-dali.org\/fr\/wp-json\/wp\/v2\/media\/10064"}],"wp:attachment":[{"href":"https:\/\/www.salvador-dali.org\/fr\/wp-json\/wp\/v2\/media?parent=10784"}],"wp:term":[{"taxonomy":"category","embeddable":true,"href":"https:\/\/www.salvador-dali.org\/fr\/wp-json\/wp\/v2\/categories?post=10784"},{"taxonomy":"post_tag","embeddable":true,"href":"https:\/\/www.salvador-dali.org\/fr\/wp-json\/wp\/v2\/tags?post=10784"}],"curies":[{"name":"wp","href":"https:\/\/api.w.org\/{rel}","templated":true}]}}