{"id":12110,"date":"2025-05-12T08:27:07","date_gmt":"2025-05-12T06:27:07","guid":{"rendered":"https:\/\/www.salvador-dali.org\/politica-de-cookies\/"},"modified":"2025-11-17T11:38:02","modified_gmt":"2025-11-17T09:38:02","slug":"politique-de-cookies","status":"publish","type":"page","link":"https:\/\/www.salvador-dali.org\/fr\/politique-de-cookies\/","title":{"rendered":"Politique de cookies"},"content":{"rendered":"\n<div class=\"wp-block-columns global-column is-layout-flex wp-container-core-columns-is-layout-9d6595d7 wp-block-columns-is-layout-flex\">\n<div class=\"wp-block-column is-layout-flow wp-block-column-is-layout-flow\">\n<h3 class=\"wp-block-heading\">1. D\u00e9finition et fonction des cookies.<\/h3>\n\n\n\n<p>Qu&rsquo;est-ce qu&rsquo;un cookie ? Un cookie est un fichier qui s&rsquo;installe sur votre ordinateur lorsque vous acc\u00e9dez \u00e0 certains sites Internet. Les cookies permettent notamment au site Internet de stocker et de r\u00e9cup\u00e9rer des informations sur les habitudes de navigation d&rsquo;un utilisateur ou de son terminal et, selon l&rsquo;information qu&rsquo;ils contiennent et la fa\u00e7on d&rsquo;utiliser l&rsquo;ordinateur de l&rsquo;utilisateur, ils peuvent servir \u00e0 reconna\u00eetre ledit utilisateur.<\/p>\n\n\n\n<h3 class=\"wp-block-heading\">2. <strong>Quels types de cookies sont-ils utilis\u00e9s sur ce site Internet&nbsp;?<\/strong><\/h3>\n\n\n\n<p>Description de chaque cat\u00e9gorie de cookies que nous utilisons&nbsp;:<\/p>\n\n\n\n<p><strong>Cookies internes<\/strong><\/p>\n\n\n\n<figure class=\"wp-block-table\"><table class=\"has-fixed-layout\"><tbody><tr><td><strong>Nom<\/strong><\/td><td><strong>Objectif<\/strong><\/td><td><strong>Expiration<\/strong><\/td><\/tr><tr><td>PHPSESSID<\/td><td>Sauvegarder les donn\u00e9es de session de l&rsquo;utilisateur. Essentiel pour le fonctionnement du site Internet<\/td><td>Session<\/td><\/tr><tr><td>lang<\/td><td>Maintenir et rappeler la langue de navigation de l&rsquo;utilisateur.<\/td><td>1 an<\/td><\/tr><tr><td>Cookies, cookiesNav<\/td><td>Identifie si l&rsquo;utilisateur a accept\u00e9 l&rsquo;utilisation de cookies.<\/td><td>100 ans<\/td><\/tr><tr><td>Css-loaded<\/td><td>Indique si les CSS complets ont \u00e9t\u00e9 charg\u00e9s ou seulement les CSS critiques<\/td><td>3 mois<\/td><\/tr><\/tbody><\/table><\/figure>\n\n\n\n<p><strong>Strictement n\u00e9cessaires<\/strong><\/p>\n\n\n\n<p>Ces cookies sont essentiels pour que les pages du site Internet r\u00e9alisent leurs fonctions principales. Ces derni\u00e8res incluent par exemple les fonctions permettant une navigation correcte, ou celles qui garantissent que le contenu du site Internet est t\u00e9l\u00e9charg\u00e9 de mani\u00e8re efficace pour une maintenance r\u00e9guli\u00e8re, et pour assurer le meilleur service possible \u00e0 l&rsquo;utilisateur.<\/p>\n\n\n\n<p><strong>Fonctionnalit\u00e9<\/strong><\/p>\n\n\n\n<p>Ces cookies sont utilis\u00e9s pour stocker les pr\u00e9f\u00e9rences \u00e9tablies par les utilisateurs, telles que le nom du compte, la langue et la situation g\u00e9ographique. Ils ne sont pas utilis\u00e9s pour suivre les visiteurs sur des sites qui ne sont pas h\u00e9berg\u00e9s dans les serveurs de la Fondation Dali.<\/p>\n\n\n\n<p>Vous pouvez modifier votre consentement \u00e0 tout moment \u00e0 partir des param\u00e8tres des cookies sur notre site Web. <a href=\"https:\/\/www.salvador-dali.org\/fr\/politique-de-cookies\/#\">Modifier les param\u00e8tres des cookies<\/a><\/p>\n\n\n\n<p><strong>Action<\/strong><\/p>\n\n\n\n<p>Les cookies de rendement collectent l&rsquo;information sur la mani\u00e8re selon laquelle les utilisateurs interagissent sur les sites Internet de la Fondation Dali, en incluant les pages les plus visit\u00e9es, ainsi que d&rsquo;autres donn\u00e9es analytiques. Ces indications sont utilis\u00e9es pour am\u00e9liorer le fonctionnement d&rsquo;un site Internet exclusivement.<\/p>\n\n\n\n<p><strong>Cookies tiers.<\/strong><\/p>\n\n\n\n<figure class=\"wp-block-table\"><table class=\"has-fixed-layout\"><tbody><tr><td><strong>Cookies<\/strong><\/td><td><strong>Nom<\/strong><\/td><td><strong>Objectif<\/strong><\/td><td><strong>Expiration<\/strong><\/td><\/tr><tr><td>Google Analytics<\/td><td>_gid<\/td><td rowspan=\"3\">Ces cookies nous aident \u00e0 comprendre et \u00e0 am\u00e9liorer l&rsquo;exp\u00e9rience de nos utilisateurs.<\/td><td>24 h<\/td><\/tr><tr><td>Google Analytics<\/td><td>_ga<\/td><td>2 ans<\/td><\/tr><tr><td>Google Analytics<\/td><td>_gat<\/td><td>1 minute<\/td><\/tr><tr><td>Google Tag Manager<\/td><td>\u200bgtm_auth<br>gtm_debug gtm_preview<\/td><td>Solution technique pour g\u00e9rer les codes de suivi des pages.<\/td><td>Lors de la fermeture du navigateur<\/td><\/tr><tr><td>Facebook Pixel<\/td><td>&nbsp;<\/td><td>Suivi de conversations et remarketing.<\/td><td>&nbsp;<\/td><\/tr><\/tbody><\/table><\/figure>\n\n\n\n<p><strong>Publicit\u00e9 \/ Suivi<\/strong><\/p>\n\n\n\n<p>Ces cookies sont utilis\u00e9s pour suivre le volume de visites, r\u00e9aliser un suivi des d\u00e9tails des visiteurs, tels que le nombre de visiteurs uniques, le nombre d&rsquo;affichages de certaines publicit\u00e9s ou la quantit\u00e9 de clics qu&rsquo;elles ont re\u00e7us. Ils sont \u00e9galement utilis\u00e9s pour mesurer l&rsquo;effectivit\u00e9 des campagnes publicitaires en cr\u00e9ant des profils d&rsquo;utilisateurs. Ces derniers sont \u00e9tablis par des r\u00e9seaux de tiers automatiques et de confiance, en g\u00e9n\u00e9ral de nature persistante.<\/p>\n\n\n\n<p><strong>Contenu de tiers \/ incrust\u00e9<\/strong><\/p>\n\n\n\n<p>Les pages de notre site Internet utilisent diff\u00e9rentes applications et services de tiers aux fins d&rsquo;am\u00e9liorer l&rsquo;exp\u00e9rience des visiteurs du site Internet. Ils incluent des plates-formes de r\u00e9seaux sociaux tels que Facebook et Twitter (au travers de l&rsquo;utilisation de boutons pour partager), ou des contenus int\u00e9gr\u00e9s de YouTube. Il en r\u00e9sulte que les cookies peuvent \u00eatre \u00e9tablis par ces tiers et utilis\u00e9s pour suivre leur activit\u00e9 en ligne. Nous n&rsquo;avons pas de contr\u00f4le direct sur l&rsquo;information collect\u00e9e par ces cookies.<\/p>\n\n\n\n<p>Nous utilisons Google Analytics pour analyser l&rsquo;utilisation de notre site Internet. Google Analytics collecte l&rsquo;information d&rsquo;utilisation au moyen de cookies. L&rsquo;information collect\u00e9e est utilis\u00e9e pour cr\u00e9er des rapports sur son utilisation.<\/p>\n\n\n\n<p>Politique de confidentialit\u00e9 de Google&nbsp;: <a href=\"https:\/\/www.google.com\/policies\/privacy\/\" target=\"_blank\" rel=\"noreferrer noopener\">https:\/\/www.google.com\/policies\/privacy\/<\/a>.<\/p>\n\n\n\n<p>Vous pouvez voir, \u00e9liminer ou ajouter des cat\u00e9gories qui vous int\u00e9ressent associ\u00e9es \u00e0 votre navigateur avec&nbsp;: <a href=\"https:\/\/adssettings.google.com\/\" target=\"_blank\" rel=\"noreferrer noopener\">https:\/\/adssettings.google.com<\/a>. Vous pouvez \u00e9galement refuser l&rsquo;utilisation (exclusion volontaire) de cookies des partenaires d&rsquo;AdSense en appliquant la configuration suivante, ou en utilisant le m\u00e9canisme de l&rsquo;exclusion multiple de NAI (Network Advertising Initiative)&nbsp;: <a href=\"http:\/\/optout.networkadvertising.org\/\" target=\"_blank\" rel=\"noreferrer noopener\">http:\/\/optout.networkadvertising.org<\/a>.<\/p>\n\n\n\n<h3 class=\"wp-block-heading\">3. <strong>Information sur l&rsquo;identification de l&rsquo;utilisateur des cookies<\/strong><\/h3>\n\n\n\n<p>L&rsquo;information obtenue par les cookies est trait\u00e9e par la FUNDACI\u00d3 GALA-SALVADOR DAL\u00cd et par Distribucions d&rsquo;Art Surrealista, S.A. pour la partie du site Internet qui lui correspond. Le service analytique de Google Analytics est activ\u00e9, et les conditions l\u00e9gales le concernant peuvent \u00eatre consult\u00e9es en cliquant sur ce lien&nbsp;: <a href=\"https:\/\/www.google.com\/policies\/privacy\/\" target=\"_blank\" rel=\"noreferrer noopener\">https:\/\/www.google.com\/policies\/privacy\/<\/a>.<\/p>\n\n\n\n<p>Des compl\u00e9ments d&rsquo;autres fournisseurs peuvent \u00eatre \u00e9galement pr\u00e9sents. Leurs conditions l\u00e9gales concernant les cookies peuvent \u00eatre consult\u00e9es en cliquant sur les liens suivants&nbsp;:<\/p>\n\n\n\n<p>Google : <a href=\"https:\/\/policies.google.com\/technologies\/cookies\" target=\"_blank\" rel=\"noreferrer noopener\">https:\/\/policies.google.com\/technologies\/cookies<\/a><\/p>\n\n\n\n<p>LinkedIn : <a href=\"https:\/\/www.linkedin.com\/legal\/cookie-policy\" target=\"_blank\" rel=\"noreferrer noopener\">https:\/\/www.linkedin.com\/legal\/cookie-policy<\/a><\/p>\n\n\n\n<p>Facebook : <a href=\"https:\/\/www.facebook.com\/policies\/cookies\/\" target=\"_blank\" rel=\"noreferrer noopener\">https:\/\/www.facebook.com\/policies\/cookies\/<\/a><\/p>\n\n\n\n<p>YouTube : <a href=\"https:\/\/www.youtube.com\/intl\/es\/yt\/about\/policies\" target=\"_blank\" rel=\"noreferrer noopener\">https:\/\/www.youtube.com\/intl\/es\/yt\/about\/policies<\/a><\/p>\n\n\n\n<h3 class=\"wp-block-heading\">4. <strong>Contr\u00f4le des cookies<\/strong><\/h3>\n\n\n\n<p>Les visiteurs peuvent limiter l&rsquo;utilisation de cookies ou les bloquer totalement s&rsquo;ils le souhaitent. La plupart des navigateurs offrent des formes de contr\u00f4ler le comportement des cookies, notamment leur temps de stockage, au travers de la fonctionnalit\u00e9 int\u00e9gr\u00e9e ou par l&rsquo;utilisation de compl\u00e9ments de tiers.<\/p>\n\n\n\n<p>Vous pouvez autoriser, bloquer ou \u00e9liminer les cookies install\u00e9s sur votre terminal en param\u00e9trant la configuration des options du navigateur de votre ordinateur.<\/p>\n\n\n\n<p>Pour de plus amples informations sur <strong>Internet Explorer<\/strong>, <a href=\"https:\/\/support.microsoft.com\/es-es\/help\/17442\/windows-internet-explorer-delete-manage-cookies\" target=\"_blank\" rel=\"noreferrer noopener\">cliquez ici<\/a>.<\/p>\n\n\n\n<p>Pour de plus amples informations sur <strong>Chrome<\/strong>, <a href=\"https:\/\/support.google.com\/chrome\/answer\/95647?hl=es\" target=\"_blank\" rel=\"noreferrer noopener\">cliquez ici<\/a>.<\/p>\n\n\n\n<p>Pour de plus amples informations sur <strong>Safari<\/strong>, <a href=\"http:\/\/support.apple.com\/kb\/HT1677?viewlocale=es_ES&amp;locale=es_ES\" target=\"_blank\" rel=\"noreferrer noopener\">cliquez ici<\/a>.<\/p>\n\n\n\n<p>Pour de plus amples informations sur <strong>Firefox<\/strong>, <a href=\"https:\/\/support.mozilla.org\/es\/kb\/habilitar-y-deshabilitar-cookies-que-los-sitios-we\" target=\"_blank\" rel=\"noreferrer noopener\">cliquez ici<\/a>.<\/p>\n\n\n\n<p>Pour obtenir plus d&rsquo;informations sur la gestion et l&rsquo;\u00e9limination des cookies, visitez <a href=\"http:\/\/aboutcookies.org\/\" target=\"_blank\" rel=\"noreferrer noopener\">aboutcookies.org<\/a>. Pour obtenir des informations suppl\u00e9mentaires sur les cookies publicitaires et sur la mani\u00e8re de les g\u00e9rer, visitez <a href=\"http:\/\/www.youronlinechoices.eu\/\" target=\"_blank\" rel=\"noreferrer noopener\">youronlinechoices.eu<\/a> (dans l&rsquo;UE) ou <a href=\"http:\/\/www.aboutads.info\/choices\/\" target=\"_blank\" rel=\"noreferrer noopener\">aboutads.info<\/a> (aux \u00c9tats-Unis).<\/p>\n<\/div>\n<\/div>\n\n\n\n<p><\/p>\n","protected":false},"excerpt":{"rendered":"<p>1. D\u00e9finition et fonction des cookies. Qu&rsquo;est-ce qu&rsquo;un cookie ? Un cookie est un fichier qui s&rsquo;installe sur votre ordinateur lorsque vous acc\u00e9dez \u00e0 certains sites Internet. Les cookies permettent notamment au site Internet de stocker et de r\u00e9cup\u00e9rer des informations sur les habitudes de navigation d&rsquo;un utilisateur ou de son terminal et, selon l&rsquo;information [&hellip;]<\/p>\n","protected":false},"author":1,"featured_media":0,"parent":0,"menu_order":11,"comment_status":"closed","ping_status":"closed","template":"","meta":{"_acf_changed":false,"_coblocks_attr":"","_coblocks_dimensions":"","_coblocks_responsive_height":"","_coblocks_accordion_ie_support":"","footnotes":""},"categories":[],"tags":[],"class_list":["post-12110","page","type-page","status-publish","hentry"],"acf":[],"yoast_head":"<!-- This site is optimized with the Yoast SEO plugin v27.3 - https:\/\/yoast.com\/product\/yoast-seo-wordpress\/ -->\n<title>Politique de cookies - Fundaci\u00f3 Gala - Salvador Dal\u00ed<\/title>\n<meta name=\"robots\" content=\"index, follow, max-snippet:-1, max-image-preview:large, max-video-preview:-1\" \/>\n<link rel=\"canonical\" href=\"https:\/\/www.salvador-dali.org\/fr\/politique-de-cookies\/\" \/>\n<meta property=\"og:locale\" content=\"fr_FR\" \/>\n<meta property=\"og:type\" content=\"article\" \/>\n<meta property=\"og:title\" content=\"Politique de cookies - Fundaci\u00f3 Gala - Salvador Dal\u00ed\" \/>\n<meta property=\"og:description\" content=\"1. D\u00e9finition et fonction des cookies. Qu&rsquo;est-ce qu&rsquo;un cookie ? Un cookie est un fichier qui s&rsquo;installe sur votre ordinateur lorsque vous acc\u00e9dez \u00e0 certains sites Internet. Les cookies permettent notamment au site Internet de stocker et de r\u00e9cup\u00e9rer des informations sur les habitudes de navigation d&rsquo;un utilisateur ou de son terminal et, selon l&rsquo;information [&hellip;]\" \/>\n<meta property=\"og:url\" content=\"https:\/\/www.salvador-dali.org\/fr\/politique-de-cookies\/\" \/>\n<meta property=\"og:site_name\" content=\"Fundaci\u00f3 Gala - Salvador Dal\u00ed\" \/>\n<meta property=\"article:publisher\" content=\"https:\/\/www.facebook.com\/MuseusDali\" \/>\n<meta property=\"article:modified_time\" content=\"2025-11-17T09:38:02+00:00\" \/>\n<meta name=\"twitter:card\" content=\"summary_large_image\" \/>\n<meta name=\"twitter:site\" content=\"@MuseuDali\" \/>\n<meta name=\"twitter:label1\" content=\"Dur\u00e9e de lecture estim\u00e9e\" \/>\n\t<meta name=\"twitter:data1\" content=\"5 minutes\" \/>\n<script type=\"application\/ld+json\" class=\"yoast-schema-graph\">{\"@context\":\"https:\\\/\\\/schema.org\",\"@graph\":[{\"@type\":\"WebPage\",\"@id\":\"https:\\\/\\\/www.salvador-dali.org\\\/fr\\\/politique-de-cookies\\\/\",\"url\":\"https:\\\/\\\/www.salvador-dali.org\\\/fr\\\/politique-de-cookies\\\/\",\"name\":\"Politique de cookies - Fundaci\u00f3 Gala - Salvador Dal\u00ed\",\"isPartOf\":{\"@id\":\"https:\\\/\\\/www.salvador-dali.org\\\/fr\\\/#website\"},\"datePublished\":\"2025-05-12T06:27:07+00:00\",\"dateModified\":\"2025-11-17T09:38:02+00:00\",\"breadcrumb\":{\"@id\":\"https:\\\/\\\/www.salvador-dali.org\\\/fr\\\/politique-de-cookies\\\/#breadcrumb\"},\"inLanguage\":\"fr-FR\",\"potentialAction\":[{\"@type\":\"ReadAction\",\"target\":[\"https:\\\/\\\/www.salvador-dali.org\\\/fr\\\/politique-de-cookies\\\/\"]}]},{\"@type\":\"BreadcrumbList\",\"@id\":\"https:\\\/\\\/www.salvador-dali.org\\\/fr\\\/politique-de-cookies\\\/#breadcrumb\",\"itemListElement\":[{\"@type\":\"ListItem\",\"position\":1,\"name\":\"Inici\",\"item\":\"https:\\\/\\\/www.salvador-dali.org\\\/fr\\\/\"},{\"@type\":\"ListItem\",\"position\":2,\"name\":\"Politique de cookies\"}]},{\"@type\":\"WebSite\",\"@id\":\"https:\\\/\\\/www.salvador-dali.org\\\/fr\\\/#website\",\"url\":\"https:\\\/\\\/www.salvador-dali.org\\\/fr\\\/\",\"name\":\"Fundaci\u00f3 Gala - Salvador Dal\u00ed\",\"description\":\"\",\"publisher\":{\"@id\":\"https:\\\/\\\/www.salvador-dali.org\\\/fr\\\/#organization\"},\"potentialAction\":[{\"@type\":\"SearchAction\",\"target\":{\"@type\":\"EntryPoint\",\"urlTemplate\":\"https:\\\/\\\/www.salvador-dali.org\\\/fr\\\/?s={search_term_string}\"},\"query-input\":{\"@type\":\"PropertyValueSpecification\",\"valueRequired\":true,\"valueName\":\"search_term_string\"}}],\"inLanguage\":\"fr-FR\"},{\"@type\":\"Organization\",\"@id\":\"https:\\\/\\\/www.salvador-dali.org\\\/fr\\\/#organization\",\"name\":\"Fundaci\u00f3 Gala - Salvador Dal\u00ed\",\"url\":\"https:\\\/\\\/www.salvador-dali.org\\\/fr\\\/\",\"logo\":{\"@type\":\"ImageObject\",\"inLanguage\":\"fr-FR\",\"@id\":\"https:\\\/\\\/www.salvador-dali.org\\\/fr\\\/#\\\/schema\\\/logo\\\/image\\\/\",\"url\":\"https:\\\/\\\/www.salvador-dali.org\\\/wp-content\\\/uploads\\\/2025\\\/04\\\/fundacio-gala-salvador-dali.png\",\"contentUrl\":\"https:\\\/\\\/www.salvador-dali.org\\\/wp-content\\\/uploads\\\/2025\\\/04\\\/fundacio-gala-salvador-dali.png\",\"width\":240,\"height\":240,\"caption\":\"Fundaci\u00f3 Gala - Salvador Dal\u00ed\"},\"image\":{\"@id\":\"https:\\\/\\\/www.salvador-dali.org\\\/fr\\\/#\\\/schema\\\/logo\\\/image\\\/\"},\"sameAs\":[\"https:\\\/\\\/www.facebook.com\\\/MuseusDali\",\"https:\\\/\\\/x.com\\\/MuseuDali\",\"https:\\\/\\\/www.youtube.com\\\/user\\\/FundacioDali\",\"https:\\\/\\\/www.flickr.com\\\/fundacio_dali\\\/\",\"https:\\\/\\\/instagram.com\\\/museudali\"]}]}<\/script>\n<!-- \/ Yoast SEO plugin. -->","yoast_head_json":{"title":"Politique de cookies - Fundaci\u00f3 Gala - Salvador Dal\u00ed","robots":{"index":"index","follow":"follow","max-snippet":"max-snippet:-1","max-image-preview":"max-image-preview:large","max-video-preview":"max-video-preview:-1"},"canonical":"https:\/\/www.salvador-dali.org\/fr\/politique-de-cookies\/","og_locale":"fr_FR","og_type":"article","og_title":"Politique de cookies - Fundaci\u00f3 Gala - Salvador Dal\u00ed","og_description":"1. D\u00e9finition et fonction des cookies. Qu&rsquo;est-ce qu&rsquo;un cookie ? Un cookie est un fichier qui s&rsquo;installe sur votre ordinateur lorsque vous acc\u00e9dez \u00e0 certains sites Internet. Les cookies permettent notamment au site Internet de stocker et de r\u00e9cup\u00e9rer des informations sur les habitudes de navigation d&rsquo;un utilisateur ou de son terminal et, selon l&rsquo;information [&hellip;]","og_url":"https:\/\/www.salvador-dali.org\/fr\/politique-de-cookies\/","og_site_name":"Fundaci\u00f3 Gala - Salvador Dal\u00ed","article_publisher":"https:\/\/www.facebook.com\/MuseusDali","article_modified_time":"2025-11-17T09:38:02+00:00","twitter_card":"summary_large_image","twitter_site":"@MuseuDali","twitter_misc":{"Dur\u00e9e de lecture estim\u00e9e":"5 minutes"},"schema":{"@context":"https:\/\/schema.org","@graph":[{"@type":"WebPage","@id":"https:\/\/www.salvador-dali.org\/fr\/politique-de-cookies\/","url":"https:\/\/www.salvador-dali.org\/fr\/politique-de-cookies\/","name":"Politique de cookies - Fundaci\u00f3 Gala - Salvador Dal\u00ed","isPartOf":{"@id":"https:\/\/www.salvador-dali.org\/fr\/#website"},"datePublished":"2025-05-12T06:27:07+00:00","dateModified":"2025-11-17T09:38:02+00:00","breadcrumb":{"@id":"https:\/\/www.salvador-dali.org\/fr\/politique-de-cookies\/#breadcrumb"},"inLanguage":"fr-FR","potentialAction":[{"@type":"ReadAction","target":["https:\/\/www.salvador-dali.org\/fr\/politique-de-cookies\/"]}]},{"@type":"BreadcrumbList","@id":"https:\/\/www.salvador-dali.org\/fr\/politique-de-cookies\/#breadcrumb","itemListElement":[{"@type":"ListItem","position":1,"name":"Inici","item":"https:\/\/www.salvador-dali.org\/fr\/"},{"@type":"ListItem","position":2,"name":"Politique de cookies"}]},{"@type":"WebSite","@id":"https:\/\/www.salvador-dali.org\/fr\/#website","url":"https:\/\/www.salvador-dali.org\/fr\/","name":"Fundaci\u00f3 Gala - Salvador Dal\u00ed","description":"","publisher":{"@id":"https:\/\/www.salvador-dali.org\/fr\/#organization"},"potentialAction":[{"@type":"SearchAction","target":{"@type":"EntryPoint","urlTemplate":"https:\/\/www.salvador-dali.org\/fr\/?s={search_term_string}"},"query-input":{"@type":"PropertyValueSpecification","valueRequired":true,"valueName":"search_term_string"}}],"inLanguage":"fr-FR"},{"@type":"Organization","@id":"https:\/\/www.salvador-dali.org\/fr\/#organization","name":"Fundaci\u00f3 Gala - Salvador Dal\u00ed","url":"https:\/\/www.salvador-dali.org\/fr\/","logo":{"@type":"ImageObject","inLanguage":"fr-FR","@id":"https:\/\/www.salvador-dali.org\/fr\/#\/schema\/logo\/image\/","url":"https:\/\/www.salvador-dali.org\/wp-content\/uploads\/2025\/04\/fundacio-gala-salvador-dali.png","contentUrl":"https:\/\/www.salvador-dali.org\/wp-content\/uploads\/2025\/04\/fundacio-gala-salvador-dali.png","width":240,"height":240,"caption":"Fundaci\u00f3 Gala - Salvador Dal\u00ed"},"image":{"@id":"https:\/\/www.salvador-dali.org\/fr\/#\/schema\/logo\/image\/"},"sameAs":["https:\/\/www.facebook.com\/MuseusDali","https:\/\/x.com\/MuseuDali","https:\/\/www.youtube.com\/user\/FundacioDali","https:\/\/www.flickr.com\/fundacio_dali\/","https:\/\/instagram.com\/museudali"]}]}},"_links":{"self":[{"href":"https:\/\/www.salvador-dali.org\/fr\/wp-json\/wp\/v2\/pages\/12110","targetHints":{"allow":["GET"]}}],"collection":[{"href":"https:\/\/www.salvador-dali.org\/fr\/wp-json\/wp\/v2\/pages"}],"about":[{"href":"https:\/\/www.salvador-dali.org\/fr\/wp-json\/wp\/v2\/types\/page"}],"author":[{"embeddable":true,"href":"https:\/\/www.salvador-dali.org\/fr\/wp-json\/wp\/v2\/users\/1"}],"replies":[{"embeddable":true,"href":"https:\/\/www.salvador-dali.org\/fr\/wp-json\/wp\/v2\/comments?post=12110"}],"version-history":[{"count":7,"href":"https:\/\/www.salvador-dali.org\/fr\/wp-json\/wp\/v2\/pages\/12110\/revisions"}],"predecessor-version":[{"id":14350,"href":"https:\/\/www.salvador-dali.org\/fr\/wp-json\/wp\/v2\/pages\/12110\/revisions\/14350"}],"wp:attachment":[{"href":"https:\/\/www.salvador-dali.org\/fr\/wp-json\/wp\/v2\/media?parent=12110"}],"wp:term":[{"taxonomy":"category","embeddable":true,"href":"https:\/\/www.salvador-dali.org\/fr\/wp-json\/wp\/v2\/categories?post=12110"},{"taxonomy":"post_tag","embeddable":true,"href":"https:\/\/www.salvador-dali.org\/fr\/wp-json\/wp\/v2\/tags?post=12110"}],"curies":[{"name":"wp","href":"https:\/\/api.w.org\/{rel}","templated":true}]}}