{"id":12119,"date":"2024-12-18T16:43:06","date_gmt":"2024-12-18T14:43:06","guid":{"rendered":"https:\/\/www.salvador-dali.org\/privacitat\/"},"modified":"2025-11-13T13:15:43","modified_gmt":"2025-11-13T11:15:43","slug":"confidentialite","status":"publish","type":"page","link":"https:\/\/www.salvador-dali.org\/fr\/confidentialite\/","title":{"rendered":"Politique de confidentialit\u00e9 et de protection des donn\u00e9es"},"content":{"rendered":"\n<div class=\"wp-block-columns global-column is-layout-flex wp-container-core-columns-is-layout-9d6595d7 wp-block-columns-is-layout-flex\">\n<div class=\"wp-block-column is-layout-flow wp-block-column-is-layout-flow\">\n<p><strong>Introduction<\/strong>&nbsp;: Les informations qui vous sont fournies ci-dessous par la FUNDACI\u00d3 GALA-SALVADOR DAL\u00cd (la Fondation) visent \u00e0 ce que vous puissiez conna\u00eetre la politique de confidentialit\u00e9 appliqu\u00e9e quant \u00e0 vos renseignements personnels.<\/p>\n\n\n\n<p><strong>Respect des normes applicables en mati\u00e8re de protection des donn\u00e9es<\/strong>&nbsp;: La FUNDACI\u00d3 GALA-SALVADOR DAL\u00cd r\u00e9pond \u00e0 toutes les conditions requises et pr\u00e9vues par les normes en vigueur en mati\u00e8re de protection des donn\u00e9es personnelles et tous les renseignements qui se trouvent sous notre responsabilit\u00e9 sont trait\u00e9s en application des conditions l\u00e9gales requises.<\/p>\n\n\n\n<p><strong>Mesures de s\u00e9curit\u00e9<\/strong>&nbsp;: En ce qui concerne les renseignements que vous nous fournissez, la Fondation prend les mesures de s\u00e9curit\u00e9 requises, aussi bien techniques qu&rsquo;organisationnelles, aux fins d&rsquo;en garantir la confidentialit\u00e9.<\/p>\n\n\n\n<p><strong>Finalit\u00e9s<\/strong>&nbsp;: Nous vous informons que les renseignements personnels que vous nous fournissez et ceux obtenus des relations que nous entretenons seront incorpor\u00e9s dans un ou des fichiers plac\u00e9s sous la responsabilit\u00e9 de la FUNDACI\u00d3 GALA-SALVADOR DAL\u00cd et seront essentiellement destin\u00e9s aux fins suivantes&nbsp;:<\/p>\n\n\n\n<ol class=\"wp-block-list\">\n<li>Gestion d&rsquo;administration g\u00e9n\u00e9rale, maintenance, ex\u00e9cution, mise en \u0153uvre et d\u00e9veloppement, contr\u00f4le et gestion de vos relations avec nous et de tout service que nous pourrions offrir.<\/li>\n\n\n\n<li>Contact&nbsp;: pour pouvoir administrer votre contact avec nous, vos requ\u00eates ou vos questions, par exemple, sans caract\u00e8re limitatif, la demande d&rsquo;images de l&rsquo;\u0153uvre et de photos de Dal\u00ed, la demande de visites guid\u00e9es didactiques, etc.<\/li>\n\n\n\n<li>Commercialiser les activit\u00e9s, les produits et\/ou les services artistiques et\/ou culturels propres ou de tiers comme par exemple de Distribucions d&rsquo;Art Surrealista, et informer sur lesdits produits et\/ou services par tout moyen, y compris par courrier \u00e9lectronique ou moyen de communication similaire. Dans le cas o\u00f9 vous ne voudriez pas recevoir d&rsquo;informations publicitaires, veuillez cocher la case d&rsquo;opposition \u00e0 l&rsquo;envoi d&rsquo;informations.<\/li>\n\n\n\n<li>Devenir membre des Amis des mus\u00e9es Dal\u00ed.<\/li>\n\n\n\n<li>Demander des expertises d&rsquo;\u0153uvres, de sorte que la commission Accr\u00e9ditation et Catalogage puisse analyser des peintures et des dessins afin d&rsquo;en \u00e9tablir l&rsquo;authenticit\u00e9 (c&rsquo;est-\u00e0-dire, garantir qu&rsquo;il s&rsquo;agit d&rsquo;une \u0153uvre de Salvador Dal\u00ed) et la valeur de march\u00e9.<\/li>\n\n\n\n<li>Catalogue raisonn\u00e9. \u00c0 travers le formulaire de contact mis \u00e0 disposition dans cette rubrique du site web, l&rsquo;utilisateur pourra fournir des informations sur la propri\u00e9t\u00e9 de l&rsquo;\u0153uvre de Salvador Dal\u00ed pour qu&rsquo;elles soient publi\u00e9es sur ce site web. Le propri\u00e9taire pourra s&rsquo;identifier ou garder son anonymat.<\/li>\n\n\n\n<li>Envoyer votre curriculum vit\u00e6 afin d&rsquo;entrer dans les processus de s\u00e9lection de personnel salari\u00e9 ou stagiaire de la Fondation. Dans ce cas, les CV ne seront conserv\u00e9s que pendant deux ans au plus, afin que les candidats puissent \u00eatre retenus dans le cadre des diff\u00e9rents processus de s\u00e9lection.<\/li>\n\n\n\n<li>Acc\u00e9der et, le cas \u00e9ch\u00e9ant, acqu\u00e9rir les diff\u00e9rents produits ou services offerts ou fournis \u00e0 chaque instant par la Fondation \u00e0 travers le pr\u00e9sent site web, tels que la r\u00e9servation et\/ou la vente d&rsquo;entr\u00e9es aux mus\u00e9es, la demande de tournages et de reportages photographiques, ou l&rsquo;achat de mat\u00e9riel photographique et la cession de droits de reproduction.<\/li>\n\n\n\n<li>R\u00e9seaux sociaux&nbsp;: nous vous informons que nous sommes pr\u00e9sents dans les r\u00e9seaux sociaux. Le traitement des informations effectu\u00e9 concernant les personnes qui se rendent suiveurs (et\/ou qui \u00e9tablissent tout lien ou effectuent toute action de connexion \u00e0 travers les r\u00e9seaux sociaux) des sites officiels de la Fondation, sur les r\u00e9seaux sociaux, sera r\u00e9gi par les dispositions du pr\u00e9sent paragraphe, par les Mentions l\u00e9gales sur le site web de la Fondation, ainsi que par les conditions d&rsquo;utilisation, les politiques de confidentialit\u00e9 et les autres normes d&rsquo;acc\u00e8s, d&rsquo;utilisation et normes similaires applicables au r\u00e9seau social dont il s&rsquo;agit. La Fondation traitera vos renseignements dans la finalit\u00e9 d&rsquo;administrer correctement sa pr\u00e9sence dans le r\u00e9seau social dont il s&rsquo;agit, dans celle d&rsquo;informer sur les activit\u00e9s, les produits ou les services de la Fondation ou de tiers qui pourraient avoir un lien avec notre activit\u00e9, ainsi que dans toute autre finalit\u00e9 que les normes applicables aux r\u00e9seaux sociaux pourraient admettre.<\/li>\n\n\n\n<li>Inscription&nbsp;: g\u00e9rer votre inscription, ainsi que l&rsquo;acc\u00e8s et l&rsquo;utilisation de la partie priv\u00e9e du site web.<\/li>\n\n\n\n<li>Nous vous informons que vos donn\u00e9es personnelles ne seront pas segment\u00e9es.<\/li>\n\n\n\n<li>Cependant, vos renseignements personnels pourront \u00eatre communiqu\u00e9s en vue du respect ou de l&rsquo;ex\u00e9cution d&rsquo;obligations l\u00e9gales et\/ou contractuelles qui pourraient exister.<\/li>\n<\/ol>\n\n\n\n<p>Si vous nous avez fourni des renseignements personnels d&rsquo;un tiers, vous devrez l&rsquo;avoir pr\u00e9alablement inform\u00e9 des dispositions qui pr\u00e9c\u00e8dent et avoir recueilli son consentement et l&rsquo;approbation des termes ici expos\u00e9s.<\/p>\n\n\n\n<p><strong>Cookies<\/strong>\u00a0: Notre site web est d\u00e9nu\u00e9 de tout lien hypertexte permettant la communication de vos renseignements \u00e0 d&rsquo;autres sites web. En ce qui concerne les cookies, nous renvoyons au contenu du paragraphe intitul\u00e9\u00a0:\u00a0<a href=\"https:\/\/www.salvador-dali.org\/fr\/politique-des-cookies\/\">Politique de cookies<\/a>.<\/p>\n\n\n\n<p><strong>Droits des int\u00e9ress\u00e9s<\/strong>&nbsp;: En cas de besoin, vous pouvez exercer vos droits d&rsquo;acc\u00e8s, de rectification, d&rsquo;annulation et d&rsquo;opposition en adressant un courrier \u00e9crit, auquel vous devrez joindre une copie de la pi\u00e8ce d&rsquo;identit\u00e9 officielle vous identifiant, \u00e0 la FUNDACI\u00d3 GALA-SALVADOR DAL\u00cd, dont le si\u00e8ge est sis Torre Galatea, Pujada del Castell, 28, 17600 Figueres, ou en envoyant un courrier \u00e9lectronique \u00e0 l&rsquo;adresse suivante&nbsp;:&nbsp;<a href=\"mailto:comunicacio@fundaciodali.org\">comunicacio@fundaciodali.org<\/a>, en indiquant, sur l&rsquo;enveloppe ou dans l&rsquo;objet du message, \u00ab&nbsp;FUNDACI\u00d3 GALA-SALVADOR DAL\u00cd Politique de confidentialit\u00e9&nbsp;\u00bb.<\/p>\n\n\n\n<p>Nous estimons que d\u00e8s lors que vous nous fournissez vos renseignements, vous nous autorisez express\u00e9ment \u00e0 les traiter conform\u00e9ment aux dispositions pr\u00e9vues ci-dessus.<\/p>\n<\/div>\n<\/div>\n","protected":false},"excerpt":{"rendered":"<p>Introduction&nbsp;: Les informations qui vous sont fournies ci-dessous par la FUNDACI\u00d3 GALA-SALVADOR DAL\u00cd (la Fondation) visent \u00e0 ce que vous puissiez conna\u00eetre la politique de confidentialit\u00e9 appliqu\u00e9e quant \u00e0 vos renseignements personnels. Respect des normes applicables en mati\u00e8re de protection des donn\u00e9es&nbsp;: La FUNDACI\u00d3 GALA-SALVADOR DAL\u00cd r\u00e9pond \u00e0 toutes les conditions requises et pr\u00e9vues par [&hellip;]<\/p>\n","protected":false},"author":1,"featured_media":0,"parent":0,"menu_order":12,"comment_status":"closed","ping_status":"open","template":"","meta":{"_acf_changed":false,"_coblocks_attr":"","_coblocks_dimensions":"","_coblocks_responsive_height":"","_coblocks_accordion_ie_support":"","footnotes":""},"categories":[],"tags":[],"class_list":["post-12119","page","type-page","status-publish","hentry"],"acf":[],"yoast_head":"<!-- This site is optimized with the Yoast SEO plugin v27.4 - https:\/\/yoast.com\/product\/yoast-seo-wordpress\/ -->\n<title>Politique de confidentialit\u00e9 et de protection des donn\u00e9es - Fundaci\u00f3 Gala - Salvador Dal\u00ed<\/title>\n<meta name=\"robots\" content=\"index, follow, max-snippet:-1, max-image-preview:large, max-video-preview:-1\" \/>\n<link rel=\"canonical\" href=\"https:\/\/www.salvador-dali.org\/fr\/confidentialite\/\" \/>\n<meta property=\"og:locale\" content=\"fr_FR\" \/>\n<meta property=\"og:type\" content=\"article\" \/>\n<meta property=\"og:title\" content=\"Politique de confidentialit\u00e9 et de protection des donn\u00e9es - Fundaci\u00f3 Gala - Salvador Dal\u00ed\" \/>\n<meta property=\"og:description\" content=\"Introduction&nbsp;: Les informations qui vous sont fournies ci-dessous par la FUNDACI\u00d3 GALA-SALVADOR DAL\u00cd (la Fondation) visent \u00e0 ce que vous puissiez conna\u00eetre la politique de confidentialit\u00e9 appliqu\u00e9e quant \u00e0 vos renseignements personnels. Respect des normes applicables en mati\u00e8re de protection des donn\u00e9es&nbsp;: La FUNDACI\u00d3 GALA-SALVADOR DAL\u00cd r\u00e9pond \u00e0 toutes les conditions requises et pr\u00e9vues par [&hellip;]\" \/>\n<meta property=\"og:url\" content=\"https:\/\/www.salvador-dali.org\/fr\/confidentialite\/\" \/>\n<meta property=\"og:site_name\" content=\"Fundaci\u00f3 Gala - Salvador Dal\u00ed\" \/>\n<meta property=\"article:publisher\" content=\"https:\/\/www.facebook.com\/MuseusDali\" \/>\n<meta property=\"article:modified_time\" content=\"2025-11-13T11:15:43+00:00\" \/>\n<meta name=\"twitter:card\" content=\"summary_large_image\" \/>\n<meta name=\"twitter:site\" content=\"@MuseuDali\" \/>\n<meta name=\"twitter:label1\" content=\"Dur\u00e9e de lecture estim\u00e9e\" \/>\n\t<meta name=\"twitter:data1\" content=\"5 minutes\" \/>\n<script type=\"application\/ld+json\" class=\"yoast-schema-graph\">{\"@context\":\"https:\\\/\\\/schema.org\",\"@graph\":[{\"@type\":\"WebPage\",\"@id\":\"https:\\\/\\\/www.salvador-dali.org\\\/fr\\\/confidentialite\\\/\",\"url\":\"https:\\\/\\\/www.salvador-dali.org\\\/fr\\\/confidentialite\\\/\",\"name\":\"Politique de confidentialit\u00e9 et de protection des donn\u00e9es - Fundaci\u00f3 Gala - Salvador Dal\u00ed\",\"isPartOf\":{\"@id\":\"https:\\\/\\\/www.salvador-dali.org\\\/fr\\\/#website\"},\"datePublished\":\"2024-12-18T14:43:06+00:00\",\"dateModified\":\"2025-11-13T11:15:43+00:00\",\"breadcrumb\":{\"@id\":\"https:\\\/\\\/www.salvador-dali.org\\\/fr\\\/confidentialite\\\/#breadcrumb\"},\"inLanguage\":\"fr-FR\",\"potentialAction\":[{\"@type\":\"ReadAction\",\"target\":[\"https:\\\/\\\/www.salvador-dali.org\\\/fr\\\/confidentialite\\\/\"]}]},{\"@type\":\"BreadcrumbList\",\"@id\":\"https:\\\/\\\/www.salvador-dali.org\\\/fr\\\/confidentialite\\\/#breadcrumb\",\"itemListElement\":[{\"@type\":\"ListItem\",\"position\":1,\"name\":\"Inici\",\"item\":\"https:\\\/\\\/www.salvador-dali.org\\\/fr\\\/\"},{\"@type\":\"ListItem\",\"position\":2,\"name\":\"Politique de confidentialit\u00e9 et de protection des donn\u00e9es\"}]},{\"@type\":\"WebSite\",\"@id\":\"https:\\\/\\\/www.salvador-dali.org\\\/fr\\\/#website\",\"url\":\"https:\\\/\\\/www.salvador-dali.org\\\/fr\\\/\",\"name\":\"Fundaci\u00f3 Gala - Salvador Dal\u00ed\",\"description\":\"\",\"publisher\":{\"@id\":\"https:\\\/\\\/www.salvador-dali.org\\\/fr\\\/#organization\"},\"potentialAction\":[{\"@type\":\"SearchAction\",\"target\":{\"@type\":\"EntryPoint\",\"urlTemplate\":\"https:\\\/\\\/www.salvador-dali.org\\\/fr\\\/?s={search_term_string}\"},\"query-input\":{\"@type\":\"PropertyValueSpecification\",\"valueRequired\":true,\"valueName\":\"search_term_string\"}}],\"inLanguage\":\"fr-FR\"},{\"@type\":\"Organization\",\"@id\":\"https:\\\/\\\/www.salvador-dali.org\\\/fr\\\/#organization\",\"name\":\"Fundaci\u00f3 Gala - Salvador Dal\u00ed\",\"url\":\"https:\\\/\\\/www.salvador-dali.org\\\/fr\\\/\",\"logo\":{\"@type\":\"ImageObject\",\"inLanguage\":\"fr-FR\",\"@id\":\"https:\\\/\\\/www.salvador-dali.org\\\/fr\\\/#\\\/schema\\\/logo\\\/image\\\/\",\"url\":\"https:\\\/\\\/www.salvador-dali.org\\\/wp-content\\\/uploads\\\/2025\\\/04\\\/fundacio-gala-salvador-dali.png\",\"contentUrl\":\"https:\\\/\\\/www.salvador-dali.org\\\/wp-content\\\/uploads\\\/2025\\\/04\\\/fundacio-gala-salvador-dali.png\",\"width\":240,\"height\":240,\"caption\":\"Fundaci\u00f3 Gala - Salvador Dal\u00ed\"},\"image\":{\"@id\":\"https:\\\/\\\/www.salvador-dali.org\\\/fr\\\/#\\\/schema\\\/logo\\\/image\\\/\"},\"sameAs\":[\"https:\\\/\\\/www.facebook.com\\\/MuseusDali\",\"https:\\\/\\\/x.com\\\/MuseuDali\",\"https:\\\/\\\/www.youtube.com\\\/user\\\/FundacioDali\",\"https:\\\/\\\/www.flickr.com\\\/fundacio_dali\\\/\",\"https:\\\/\\\/instagram.com\\\/museudali\"]}]}<\/script>\n<!-- \/ Yoast SEO plugin. -->","yoast_head_json":{"title":"Politique de confidentialit\u00e9 et de protection des donn\u00e9es - Fundaci\u00f3 Gala - Salvador Dal\u00ed","robots":{"index":"index","follow":"follow","max-snippet":"max-snippet:-1","max-image-preview":"max-image-preview:large","max-video-preview":"max-video-preview:-1"},"canonical":"https:\/\/www.salvador-dali.org\/fr\/confidentialite\/","og_locale":"fr_FR","og_type":"article","og_title":"Politique de confidentialit\u00e9 et de protection des donn\u00e9es - Fundaci\u00f3 Gala - Salvador Dal\u00ed","og_description":"Introduction&nbsp;: Les informations qui vous sont fournies ci-dessous par la FUNDACI\u00d3 GALA-SALVADOR DAL\u00cd (la Fondation) visent \u00e0 ce que vous puissiez conna\u00eetre la politique de confidentialit\u00e9 appliqu\u00e9e quant \u00e0 vos renseignements personnels. Respect des normes applicables en mati\u00e8re de protection des donn\u00e9es&nbsp;: La FUNDACI\u00d3 GALA-SALVADOR DAL\u00cd r\u00e9pond \u00e0 toutes les conditions requises et pr\u00e9vues par [&hellip;]","og_url":"https:\/\/www.salvador-dali.org\/fr\/confidentialite\/","og_site_name":"Fundaci\u00f3 Gala - Salvador Dal\u00ed","article_publisher":"https:\/\/www.facebook.com\/MuseusDali","article_modified_time":"2025-11-13T11:15:43+00:00","twitter_card":"summary_large_image","twitter_site":"@MuseuDali","twitter_misc":{"Dur\u00e9e de lecture estim\u00e9e":"5 minutes"},"schema":{"@context":"https:\/\/schema.org","@graph":[{"@type":"WebPage","@id":"https:\/\/www.salvador-dali.org\/fr\/confidentialite\/","url":"https:\/\/www.salvador-dali.org\/fr\/confidentialite\/","name":"Politique de confidentialit\u00e9 et de protection des donn\u00e9es - Fundaci\u00f3 Gala - Salvador Dal\u00ed","isPartOf":{"@id":"https:\/\/www.salvador-dali.org\/fr\/#website"},"datePublished":"2024-12-18T14:43:06+00:00","dateModified":"2025-11-13T11:15:43+00:00","breadcrumb":{"@id":"https:\/\/www.salvador-dali.org\/fr\/confidentialite\/#breadcrumb"},"inLanguage":"fr-FR","potentialAction":[{"@type":"ReadAction","target":["https:\/\/www.salvador-dali.org\/fr\/confidentialite\/"]}]},{"@type":"BreadcrumbList","@id":"https:\/\/www.salvador-dali.org\/fr\/confidentialite\/#breadcrumb","itemListElement":[{"@type":"ListItem","position":1,"name":"Inici","item":"https:\/\/www.salvador-dali.org\/fr\/"},{"@type":"ListItem","position":2,"name":"Politique de confidentialit\u00e9 et de protection des donn\u00e9es"}]},{"@type":"WebSite","@id":"https:\/\/www.salvador-dali.org\/fr\/#website","url":"https:\/\/www.salvador-dali.org\/fr\/","name":"Fundaci\u00f3 Gala - Salvador Dal\u00ed","description":"","publisher":{"@id":"https:\/\/www.salvador-dali.org\/fr\/#organization"},"potentialAction":[{"@type":"SearchAction","target":{"@type":"EntryPoint","urlTemplate":"https:\/\/www.salvador-dali.org\/fr\/?s={search_term_string}"},"query-input":{"@type":"PropertyValueSpecification","valueRequired":true,"valueName":"search_term_string"}}],"inLanguage":"fr-FR"},{"@type":"Organization","@id":"https:\/\/www.salvador-dali.org\/fr\/#organization","name":"Fundaci\u00f3 Gala - Salvador Dal\u00ed","url":"https:\/\/www.salvador-dali.org\/fr\/","logo":{"@type":"ImageObject","inLanguage":"fr-FR","@id":"https:\/\/www.salvador-dali.org\/fr\/#\/schema\/logo\/image\/","url":"https:\/\/www.salvador-dali.org\/wp-content\/uploads\/2025\/04\/fundacio-gala-salvador-dali.png","contentUrl":"https:\/\/www.salvador-dali.org\/wp-content\/uploads\/2025\/04\/fundacio-gala-salvador-dali.png","width":240,"height":240,"caption":"Fundaci\u00f3 Gala - Salvador Dal\u00ed"},"image":{"@id":"https:\/\/www.salvador-dali.org\/fr\/#\/schema\/logo\/image\/"},"sameAs":["https:\/\/www.facebook.com\/MuseusDali","https:\/\/x.com\/MuseuDali","https:\/\/www.youtube.com\/user\/FundacioDali","https:\/\/www.flickr.com\/fundacio_dali\/","https:\/\/instagram.com\/museudali"]}]}},"_links":{"self":[{"href":"https:\/\/www.salvador-dali.org\/fr\/wp-json\/wp\/v2\/pages\/12119","targetHints":{"allow":["GET"]}}],"collection":[{"href":"https:\/\/www.salvador-dali.org\/fr\/wp-json\/wp\/v2\/pages"}],"about":[{"href":"https:\/\/www.salvador-dali.org\/fr\/wp-json\/wp\/v2\/types\/page"}],"author":[{"embeddable":true,"href":"https:\/\/www.salvador-dali.org\/fr\/wp-json\/wp\/v2\/users\/1"}],"replies":[{"embeddable":true,"href":"https:\/\/www.salvador-dali.org\/fr\/wp-json\/wp\/v2\/comments?post=12119"}],"version-history":[{"count":1,"href":"https:\/\/www.salvador-dali.org\/fr\/wp-json\/wp\/v2\/pages\/12119\/revisions"}],"predecessor-version":[{"id":14328,"href":"https:\/\/www.salvador-dali.org\/fr\/wp-json\/wp\/v2\/pages\/12119\/revisions\/14328"}],"wp:attachment":[{"href":"https:\/\/www.salvador-dali.org\/fr\/wp-json\/wp\/v2\/media?parent=12119"}],"wp:term":[{"taxonomy":"category","embeddable":true,"href":"https:\/\/www.salvador-dali.org\/fr\/wp-json\/wp\/v2\/categories?post=12119"},{"taxonomy":"post_tag","embeddable":true,"href":"https:\/\/www.salvador-dali.org\/fr\/wp-json\/wp\/v2\/tags?post=12119"}],"curies":[{"name":"wp","href":"https:\/\/api.w.org\/{rel}","templated":true}]}}