{"id":14290,"date":"2025-12-10T08:55:00","date_gmt":"2025-12-10T07:55:00","guid":{"rendered":"https:\/\/www.salvador-dali.org\/?page_id=14290"},"modified":"2026-03-26T10:13:46","modified_gmt":"2026-03-26T09:13:46","slug":"dali-fellowship-programme","status":"publish","type":"page","link":"https:\/\/www.salvador-dali.org\/fr\/fondation-dali\/bourses\/dali-fellowship-programme\/","title":{"rendered":"Dal\u00ed Fellowship Programme"},"content":{"rendered":"\n<div class=\"wp-block-columns col-text col-2 is-layout-flex wp-container-core-columns-is-layout-9d6595d7 wp-block-columns-is-layout-flex\">\n<div class=\"wp-block-column is-layout-flow wp-block-column-is-layout-flow\">\n<h2 class=\"wp-block-heading\"><strong>Le programme<\/strong><\/h2>\n<\/div>\n\n\n\n<div class=\"wp-block-column is-layout-flow wp-block-column-is-layout-flow\">\n<p>La Fundaci\u00f3 Gala-Salvador Dal\u00ed (FGSD) a cr\u00e9\u00e9 le programme de bourses et de recherche \u201c<strong>Dal\u00ed Fellowship Programme\u201d<\/strong>, qui a pour objectifs, entre autres, de promouvoir la recherche sur l&rsquo;\u0153uvre et la pens\u00e9e de Salvador Dal\u00ed, de g\u00e9n\u00e9rer des partenariats avec des universit\u00e9s et des institutions reconnues, et de favoriser l&rsquo;\u00e9change de connaissances \u00e0 travers des chercheurs et des sp\u00e9cialistes de l&rsquo;artiste.<\/p>\n\n\n\n<p>En 2026, la premi\u00e8re \u00e9dition de la bourse \u201c<strong>Dal\u00ed Fellowship Programme<\/strong>\u201d a offert deux bourses individuelles \u00e0 des chercheurs et universitaires pour la r\u00e9alisation de projets de recherche dans les domaines suivants :<\/p>\n\n\n\n<ul class=\"wp-block-list\">\n<li>Dal\u00ed, l&rsquo;architecture et la sc\u00e9nographie.<\/li>\n\n\n\n<li>Dal\u00ed performatif.<\/li>\n\n\n\n<li>Dal\u00ed et la science.<\/li>\n\n\n\n<li>Dal\u00ed et la culture mat\u00e9rielle.<\/li>\n\n\n\n<li>Dal\u00ed et la mode.<\/li>\n\n\n\n<li>L&rsquo;influence de Dal\u00ed sur l&rsquo;art contemporain.<\/li>\n<\/ul>\n\n\n\n<p>Le programme offre aux laur\u00e9ats l&rsquo;opportunit\u00e9 de mener leurs recherches au si\u00e8ge de la FGSD \u00e0 Figueres, \u00e0 c\u00f4t\u00e9 du Th\u00e9\u00e2tre-Mus\u00e9e Dal\u00ed. Les b\u00e9n\u00e9ficiaires disposeront, entre autres avantages, d&rsquo;un acc\u00e8s privil\u00e9gi\u00e9 aux ressources et bases de donn\u00e9es documentaires, bibliographiques et num\u00e9riques de la FGSD, d&rsquo;un suivi tutori\u00e9 par un sp\u00e9cialiste de la FGSD dans leur domaine de recherche, d&rsquo;un espace de travail au si\u00e8ge de la FGSD, ainsi que de facilit\u00e9s d&rsquo;h\u00e9bergement.<\/p>\n\n\n\n<p><strong><a href=\"https:\/\/www.salvador-dali.org\/wp-content\/uploads\/2025\/12\/FR_ProjetdAppel_2026.pdf\">T\u00e9l\u00e9charger les bases de l&rsquo;appel \u00e0 candidatures 2026 (PDF)<\/a><\/strong><\/p>\n<\/div>\n<\/div>\n\n\n\n<div class=\"wp-block-columns col-text col-2 is-layout-flex wp-container-core-columns-is-layout-9d6595d7 wp-block-columns-is-layout-flex\">\n<div class=\"wp-block-column is-layout-flow wp-block-column-is-layout-flow\">\n<h2 class=\"wp-block-heading\">R\u00e9solution de l&rsquo;appel \u00e0 candidature 2026<\/h2>\n<\/div>\n\n\n\n<div class=\"wp-block-column is-layout-flow wp-block-column-is-layout-flow\">\n<p>La Fundaci\u00f3 Gala-Salvador Dal\u00ed a rendu publique la d\u00e9cision relative \u00e0 l\u2019\u00e9dition 2026 du Dal\u00ed Fellowship Programme.<\/p>\n\n\n\n<p><a href=\"https:\/\/www.salvador-dali.org\/wp-content\/uploads\/2026\/03\/Resolution_de_lappel_a_candidature_2026_DFP_2026_FR.pdf\"><strong>T\u00e9l\u00e9charger la R\u00e9solution de l&rsquo;appel \u00e0 candidature<\/strong><\/a> <a href=\"https:\/\/www.salvador-dali.org\/wp-content\/uploads\/2026\/03\/Resolution_de_lappel_a_candidature_2026_DFP_2026_FR.pdf\"><strong>2026 (PDF)<\/strong><\/a><\/p>\n<\/div>\n<\/div>\n","protected":false},"excerpt":{"rendered":"<p>Le programme La Fundaci\u00f3 Gala-Salvador Dal\u00ed (FGSD) a cr\u00e9\u00e9 le programme de bourses et de recherche \u201cDal\u00ed Fellowship Programme\u201d, qui a pour objectifs, entre autres, de promouvoir la recherche sur l&rsquo;\u0153uvre et la pens\u00e9e de Salvador Dal\u00ed, de g\u00e9n\u00e9rer des partenariats avec des universit\u00e9s et des institutions reconnues, et de favoriser l&rsquo;\u00e9change de connaissances \u00e0 [&hellip;]<\/p>\n","protected":false},"author":3,"featured_media":1385,"parent":14284,"menu_order":0,"comment_status":"closed","ping_status":"closed","template":"","meta":{"_acf_changed":false,"_coblocks_attr":"","_coblocks_dimensions":"","_coblocks_responsive_height":"","_coblocks_accordion_ie_support":"","footnotes":""},"categories":[],"tags":[],"class_list":["post-14290","page","type-page","status-publish","has-post-thumbnail","hentry"],"acf":[],"yoast_head":"<!-- This site is optimized with the Yoast SEO plugin v27.3 - https:\/\/yoast.com\/product\/yoast-seo-wordpress\/ -->\n<title>Dal\u00ed Fellowship Programme - Fundaci\u00f3 Gala - Salvador Dal\u00ed<\/title>\n<meta name=\"robots\" content=\"index, follow, max-snippet:-1, max-image-preview:large, max-video-preview:-1\" \/>\n<link rel=\"canonical\" href=\"https:\/\/www.salvador-dali.org\/fr\/fondation-dali\/bourses\/dali-fellowship-programme\/\" \/>\n<meta property=\"og:locale\" content=\"fr_FR\" \/>\n<meta property=\"og:type\" content=\"article\" \/>\n<meta property=\"og:title\" content=\"Dal\u00ed Fellowship Programme - Fundaci\u00f3 Gala - Salvador Dal\u00ed\" \/>\n<meta property=\"og:description\" content=\"Le programme La Fundaci\u00f3 Gala-Salvador Dal\u00ed (FGSD) a cr\u00e9\u00e9 le programme de bourses et de recherche \u201cDal\u00ed Fellowship Programme\u201d, qui a pour objectifs, entre autres, de promouvoir la recherche sur l&rsquo;\u0153uvre et la pens\u00e9e de Salvador Dal\u00ed, de g\u00e9n\u00e9rer des partenariats avec des universit\u00e9s et des institutions reconnues, et de favoriser l&rsquo;\u00e9change de connaissances \u00e0 [&hellip;]\" \/>\n<meta property=\"og:url\" content=\"https:\/\/www.salvador-dali.org\/fr\/fondation-dali\/bourses\/dali-fellowship-programme\/\" \/>\n<meta property=\"og:site_name\" content=\"Fundaci\u00f3 Gala - Salvador Dal\u00ed\" \/>\n<meta property=\"article:publisher\" content=\"https:\/\/www.facebook.com\/MuseusDali\" \/>\n<meta property=\"article:modified_time\" content=\"2026-03-26T09:13:46+00:00\" \/>\n<meta property=\"og:image\" content=\"https:\/\/www.salvador-dali.org\/wp-content\/uploads\/2025\/02\/5068-e1747042033255.jpg\" \/>\n\t<meta property=\"og:image:width\" content=\"768\" \/>\n\t<meta property=\"og:image:height\" content=\"977\" \/>\n\t<meta property=\"og:image:type\" content=\"image\/jpeg\" \/>\n<meta name=\"twitter:card\" content=\"summary_large_image\" \/>\n<meta name=\"twitter:site\" content=\"@MuseuDali\" \/>\n<meta name=\"twitter:label1\" content=\"Dur\u00e9e de lecture estim\u00e9e\" \/>\n\t<meta name=\"twitter:data1\" content=\"2 minutes\" \/>\n<script type=\"application\/ld+json\" class=\"yoast-schema-graph\">{\"@context\":\"https:\\\/\\\/schema.org\",\"@graph\":[{\"@type\":\"WebPage\",\"@id\":\"https:\\\/\\\/www.salvador-dali.org\\\/fr\\\/fondation-dali\\\/bourses\\\/dali-fellowship-programme\\\/\",\"url\":\"https:\\\/\\\/www.salvador-dali.org\\\/fr\\\/fondation-dali\\\/bourses\\\/dali-fellowship-programme\\\/\",\"name\":\"Dal\u00ed Fellowship Programme - Fundaci\u00f3 Gala - Salvador Dal\u00ed\",\"isPartOf\":{\"@id\":\"https:\\\/\\\/www.salvador-dali.org\\\/fr\\\/#website\"},\"primaryImageOfPage\":{\"@id\":\"https:\\\/\\\/www.salvador-dali.org\\\/fr\\\/fondation-dali\\\/bourses\\\/dali-fellowship-programme\\\/#primaryimage\"},\"image\":{\"@id\":\"https:\\\/\\\/www.salvador-dali.org\\\/fr\\\/fondation-dali\\\/bourses\\\/dali-fellowship-programme\\\/#primaryimage\"},\"thumbnailUrl\":\"https:\\\/\\\/www.salvador-dali.org\\\/wp-content\\\/uploads\\\/2025\\\/02\\\/5068-e1747042033255.jpg\",\"datePublished\":\"2025-12-10T07:55:00+00:00\",\"dateModified\":\"2026-03-26T09:13:46+00:00\",\"breadcrumb\":{\"@id\":\"https:\\\/\\\/www.salvador-dali.org\\\/fr\\\/fondation-dali\\\/bourses\\\/dali-fellowship-programme\\\/#breadcrumb\"},\"inLanguage\":\"fr-FR\",\"potentialAction\":[{\"@type\":\"ReadAction\",\"target\":[\"https:\\\/\\\/www.salvador-dali.org\\\/fr\\\/fondation-dali\\\/bourses\\\/dali-fellowship-programme\\\/\"]}]},{\"@type\":\"ImageObject\",\"inLanguage\":\"fr-FR\",\"@id\":\"https:\\\/\\\/www.salvador-dali.org\\\/fr\\\/fondation-dali\\\/bourses\\\/dali-fellowship-programme\\\/#primaryimage\",\"url\":\"https:\\\/\\\/www.salvador-dali.org\\\/wp-content\\\/uploads\\\/2025\\\/02\\\/5068-e1747042033255.jpg\",\"contentUrl\":\"https:\\\/\\\/www.salvador-dali.org\\\/wp-content\\\/uploads\\\/2025\\\/02\\\/5068-e1747042033255.jpg\",\"width\":768,\"height\":977,\"caption\":\"Salvador Dal\u00ed \u00e9crivant La vie secr\u00e8te de Salvador Dal\u00ed \u00e0 Hampton Manor, Virginie, 1941. Eric Schaal \u00a9 Salvador Dal\u00ed \u00e9crivant La vie secr\u00e8te de Salvador Dal\u00ed \u00e0 Hampton Manor, Virginie, 1941. Eric Schaal\"},{\"@type\":\"BreadcrumbList\",\"@id\":\"https:\\\/\\\/www.salvador-dali.org\\\/fr\\\/fondation-dali\\\/bourses\\\/dali-fellowship-programme\\\/#breadcrumb\",\"itemListElement\":[{\"@type\":\"ListItem\",\"position\":1,\"name\":\"Inici\",\"item\":\"https:\\\/\\\/www.salvador-dali.org\\\/fr\\\/\"},{\"@type\":\"ListItem\",\"position\":2,\"name\":\"Dal\u00ed Fellowship Programme\"}]},{\"@type\":\"WebSite\",\"@id\":\"https:\\\/\\\/www.salvador-dali.org\\\/fr\\\/#website\",\"url\":\"https:\\\/\\\/www.salvador-dali.org\\\/fr\\\/\",\"name\":\"Fundaci\u00f3 Gala - Salvador Dal\u00ed\",\"description\":\"\",\"publisher\":{\"@id\":\"https:\\\/\\\/www.salvador-dali.org\\\/fr\\\/#organization\"},\"potentialAction\":[{\"@type\":\"SearchAction\",\"target\":{\"@type\":\"EntryPoint\",\"urlTemplate\":\"https:\\\/\\\/www.salvador-dali.org\\\/fr\\\/?s={search_term_string}\"},\"query-input\":{\"@type\":\"PropertyValueSpecification\",\"valueRequired\":true,\"valueName\":\"search_term_string\"}}],\"inLanguage\":\"fr-FR\"},{\"@type\":\"Organization\",\"@id\":\"https:\\\/\\\/www.salvador-dali.org\\\/fr\\\/#organization\",\"name\":\"Fundaci\u00f3 Gala - Salvador Dal\u00ed\",\"url\":\"https:\\\/\\\/www.salvador-dali.org\\\/fr\\\/\",\"logo\":{\"@type\":\"ImageObject\",\"inLanguage\":\"fr-FR\",\"@id\":\"https:\\\/\\\/www.salvador-dali.org\\\/fr\\\/#\\\/schema\\\/logo\\\/image\\\/\",\"url\":\"https:\\\/\\\/www.salvador-dali.org\\\/wp-content\\\/uploads\\\/2025\\\/04\\\/fundacio-gala-salvador-dali.png\",\"contentUrl\":\"https:\\\/\\\/www.salvador-dali.org\\\/wp-content\\\/uploads\\\/2025\\\/04\\\/fundacio-gala-salvador-dali.png\",\"width\":240,\"height\":240,\"caption\":\"Fundaci\u00f3 Gala - Salvador Dal\u00ed\"},\"image\":{\"@id\":\"https:\\\/\\\/www.salvador-dali.org\\\/fr\\\/#\\\/schema\\\/logo\\\/image\\\/\"},\"sameAs\":[\"https:\\\/\\\/www.facebook.com\\\/MuseusDali\",\"https:\\\/\\\/x.com\\\/MuseuDali\",\"https:\\\/\\\/www.youtube.com\\\/user\\\/FundacioDali\",\"https:\\\/\\\/www.flickr.com\\\/fundacio_dali\\\/\",\"https:\\\/\\\/instagram.com\\\/museudali\"]}]}<\/script>\n<!-- \/ Yoast SEO plugin. -->","yoast_head_json":{"title":"Dal\u00ed Fellowship Programme - Fundaci\u00f3 Gala - Salvador Dal\u00ed","robots":{"index":"index","follow":"follow","max-snippet":"max-snippet:-1","max-image-preview":"max-image-preview:large","max-video-preview":"max-video-preview:-1"},"canonical":"https:\/\/www.salvador-dali.org\/fr\/fondation-dali\/bourses\/dali-fellowship-programme\/","og_locale":"fr_FR","og_type":"article","og_title":"Dal\u00ed Fellowship Programme - Fundaci\u00f3 Gala - Salvador Dal\u00ed","og_description":"Le programme La Fundaci\u00f3 Gala-Salvador Dal\u00ed (FGSD) a cr\u00e9\u00e9 le programme de bourses et de recherche \u201cDal\u00ed Fellowship Programme\u201d, qui a pour objectifs, entre autres, de promouvoir la recherche sur l&rsquo;\u0153uvre et la pens\u00e9e de Salvador Dal\u00ed, de g\u00e9n\u00e9rer des partenariats avec des universit\u00e9s et des institutions reconnues, et de favoriser l&rsquo;\u00e9change de connaissances \u00e0 [&hellip;]","og_url":"https:\/\/www.salvador-dali.org\/fr\/fondation-dali\/bourses\/dali-fellowship-programme\/","og_site_name":"Fundaci\u00f3 Gala - Salvador Dal\u00ed","article_publisher":"https:\/\/www.facebook.com\/MuseusDali","article_modified_time":"2026-03-26T09:13:46+00:00","og_image":[{"width":768,"height":977,"url":"https:\/\/www.salvador-dali.org\/wp-content\/uploads\/2025\/02\/5068-e1747042033255.jpg","type":"image\/jpeg"}],"twitter_card":"summary_large_image","twitter_site":"@MuseuDali","twitter_misc":{"Dur\u00e9e de lecture estim\u00e9e":"2 minutes"},"schema":{"@context":"https:\/\/schema.org","@graph":[{"@type":"WebPage","@id":"https:\/\/www.salvador-dali.org\/fr\/fondation-dali\/bourses\/dali-fellowship-programme\/","url":"https:\/\/www.salvador-dali.org\/fr\/fondation-dali\/bourses\/dali-fellowship-programme\/","name":"Dal\u00ed Fellowship Programme - Fundaci\u00f3 Gala - Salvador Dal\u00ed","isPartOf":{"@id":"https:\/\/www.salvador-dali.org\/fr\/#website"},"primaryImageOfPage":{"@id":"https:\/\/www.salvador-dali.org\/fr\/fondation-dali\/bourses\/dali-fellowship-programme\/#primaryimage"},"image":{"@id":"https:\/\/www.salvador-dali.org\/fr\/fondation-dali\/bourses\/dali-fellowship-programme\/#primaryimage"},"thumbnailUrl":"https:\/\/www.salvador-dali.org\/wp-content\/uploads\/2025\/02\/5068-e1747042033255.jpg","datePublished":"2025-12-10T07:55:00+00:00","dateModified":"2026-03-26T09:13:46+00:00","breadcrumb":{"@id":"https:\/\/www.salvador-dali.org\/fr\/fondation-dali\/bourses\/dali-fellowship-programme\/#breadcrumb"},"inLanguage":"fr-FR","potentialAction":[{"@type":"ReadAction","target":["https:\/\/www.salvador-dali.org\/fr\/fondation-dali\/bourses\/dali-fellowship-programme\/"]}]},{"@type":"ImageObject","inLanguage":"fr-FR","@id":"https:\/\/www.salvador-dali.org\/fr\/fondation-dali\/bourses\/dali-fellowship-programme\/#primaryimage","url":"https:\/\/www.salvador-dali.org\/wp-content\/uploads\/2025\/02\/5068-e1747042033255.jpg","contentUrl":"https:\/\/www.salvador-dali.org\/wp-content\/uploads\/2025\/02\/5068-e1747042033255.jpg","width":768,"height":977,"caption":"Salvador Dal\u00ed \u00e9crivant La vie secr\u00e8te de Salvador Dal\u00ed \u00e0 Hampton Manor, Virginie, 1941. Eric Schaal \u00a9 Salvador Dal\u00ed \u00e9crivant La vie secr\u00e8te de Salvador Dal\u00ed \u00e0 Hampton Manor, Virginie, 1941. Eric Schaal"},{"@type":"BreadcrumbList","@id":"https:\/\/www.salvador-dali.org\/fr\/fondation-dali\/bourses\/dali-fellowship-programme\/#breadcrumb","itemListElement":[{"@type":"ListItem","position":1,"name":"Inici","item":"https:\/\/www.salvador-dali.org\/fr\/"},{"@type":"ListItem","position":2,"name":"Dal\u00ed Fellowship Programme"}]},{"@type":"WebSite","@id":"https:\/\/www.salvador-dali.org\/fr\/#website","url":"https:\/\/www.salvador-dali.org\/fr\/","name":"Fundaci\u00f3 Gala - Salvador Dal\u00ed","description":"","publisher":{"@id":"https:\/\/www.salvador-dali.org\/fr\/#organization"},"potentialAction":[{"@type":"SearchAction","target":{"@type":"EntryPoint","urlTemplate":"https:\/\/www.salvador-dali.org\/fr\/?s={search_term_string}"},"query-input":{"@type":"PropertyValueSpecification","valueRequired":true,"valueName":"search_term_string"}}],"inLanguage":"fr-FR"},{"@type":"Organization","@id":"https:\/\/www.salvador-dali.org\/fr\/#organization","name":"Fundaci\u00f3 Gala - Salvador Dal\u00ed","url":"https:\/\/www.salvador-dali.org\/fr\/","logo":{"@type":"ImageObject","inLanguage":"fr-FR","@id":"https:\/\/www.salvador-dali.org\/fr\/#\/schema\/logo\/image\/","url":"https:\/\/www.salvador-dali.org\/wp-content\/uploads\/2025\/04\/fundacio-gala-salvador-dali.png","contentUrl":"https:\/\/www.salvador-dali.org\/wp-content\/uploads\/2025\/04\/fundacio-gala-salvador-dali.png","width":240,"height":240,"caption":"Fundaci\u00f3 Gala - Salvador Dal\u00ed"},"image":{"@id":"https:\/\/www.salvador-dali.org\/fr\/#\/schema\/logo\/image\/"},"sameAs":["https:\/\/www.facebook.com\/MuseusDali","https:\/\/x.com\/MuseuDali","https:\/\/www.youtube.com\/user\/FundacioDali","https:\/\/www.flickr.com\/fundacio_dali\/","https:\/\/instagram.com\/museudali"]}]}},"_links":{"self":[{"href":"https:\/\/www.salvador-dali.org\/fr\/wp-json\/wp\/v2\/pages\/14290","targetHints":{"allow":["GET"]}}],"collection":[{"href":"https:\/\/www.salvador-dali.org\/fr\/wp-json\/wp\/v2\/pages"}],"about":[{"href":"https:\/\/www.salvador-dali.org\/fr\/wp-json\/wp\/v2\/types\/page"}],"author":[{"embeddable":true,"href":"https:\/\/www.salvador-dali.org\/fr\/wp-json\/wp\/v2\/users\/3"}],"replies":[{"embeddable":true,"href":"https:\/\/www.salvador-dali.org\/fr\/wp-json\/wp\/v2\/comments?post=14290"}],"version-history":[{"count":12,"href":"https:\/\/www.salvador-dali.org\/fr\/wp-json\/wp\/v2\/pages\/14290\/revisions"}],"predecessor-version":[{"id":15561,"href":"https:\/\/www.salvador-dali.org\/fr\/wp-json\/wp\/v2\/pages\/14290\/revisions\/15561"}],"up":[{"embeddable":true,"href":"https:\/\/www.salvador-dali.org\/fr\/wp-json\/wp\/v2\/pages\/14284"}],"wp:featuredmedia":[{"embeddable":true,"href":"https:\/\/www.salvador-dali.org\/fr\/wp-json\/wp\/v2\/media\/1385"}],"wp:attachment":[{"href":"https:\/\/www.salvador-dali.org\/fr\/wp-json\/wp\/v2\/media?parent=14290"}],"wp:term":[{"taxonomy":"category","embeddable":true,"href":"https:\/\/www.salvador-dali.org\/fr\/wp-json\/wp\/v2\/categories?post=14290"},{"taxonomy":"post_tag","embeddable":true,"href":"https:\/\/www.salvador-dali.org\/fr\/wp-json\/wp\/v2\/tags?post=14290"}],"curies":[{"name":"wp","href":"https:\/\/api.w.org\/{rel}","templated":true}]}}