{"id":7629,"date":"2025-03-14T15:01:27","date_gmt":"2025-03-14T13:01:27","guid":{"rendered":"https:\/\/www.salvador-dali.org\/obra\/conservacio-i-restauracio\/projecte-de-recerca-de-lobra-grafica\/"},"modified":"2025-07-03T14:46:01","modified_gmt":"2025-07-03T12:46:01","slug":"projet-de-recherche-sur-loeuvre-graphique","status":"publish","type":"page","link":"https:\/\/www.salvador-dali.org\/fr\/oeuvre\/conservation-et-restauration\/projet-de-recherche-sur-loeuvre-graphique\/","title":{"rendered":"Projet de recherche sur l&rsquo;\u0153uvre graphique"},"content":{"rendered":"\n<div class=\"wp-block-columns global-column is-layout-flex wp-container-core-columns-is-layout-9d6595d7 wp-block-columns-is-layout-flex\">\n<div class=\"wp-block-column is-layout-flow wp-block-column-is-layout-flow\">\n<p class=\"entradeta\">L\u2019\u0153uvre graphique de Salvador Dal\u00ed refl\u00e8te sa longue trajectoire artistique. Elle se compose d\u2019une production vaste et tr\u00e8s vari\u00e9e, r\u00e9alis\u00e9e selon diff\u00e9rentes techniques et proc\u00e9d\u00e9s, qui t\u00e9moignent de l\u2019\u00e9tendue de la vision de l\u2019artiste, de sa cr\u00e9ativit\u00e9, ainsi que de sa collaboration avec des \u00e9diteurs et imprimeurs issus du monde de l\u2019estampe.<\/p>\n<\/div>\n<\/div>\n\n\n    <div  class=\"wp-block-columns swiper-column  intro intro-images bloc-destacats imatges\" style=\"background-image: linear-gradient(to right, white, white)\">\n        <div class=\"wp-block-column\">\n            <div id=\"swiper-69da234a20b0b\" class=\"swiper destacats dues\" >\n                <div class=\"swiper-wrapper\">\n\n                                            <div class=\"swiper-slide intro\">\n                            <span class=\"image-background\" style=\"background-image:url(https:\/\/www.salvador-dali.org\/wp-content\/uploads\/2025\/03\/dsc_8178_editora_77_10_7_800.jpg)\"><\/span>\n                            \n                        <\/div>\n                        <div class=\"swiper-slide\">\n                           <div class=\"descripcio\">\n                            <h2>Recherche pour un nouveau catalogue raisonn\u00e9\u202f<\/h2>\n                            <p>Depuis plus de vingt ans, l\u2019\u0153uvre graphique de l\u2019artiste fait l\u2019objet d\u2019\u00e9tudes et de recherches approfondies. Entre 2002 et 2016, les estampes du Th\u00e9\u00e2tre-Mus\u00e9e Dal\u00ed, ainsi que la collection provenant de son legs et d\u00e9pos\u00e9e \u00e0 la Fondation Gala-Salvador Dal\u00ed, ont \u00e9t\u00e9 \u00e9tudi\u00e9es de mani\u00e8re exhaustive, en collaboration avec le D\u00e9partement des Arts et de Conservation-Restauration et le D\u00e9partement des Arts Visuels et du Design de l\u2019Universit\u00e9 de Barcelone, dans le cadre du projet \u00c9tude, documentation et caract\u00e9risation des mat\u00e9riaux et techniques de l\u2019\u0153uvre graphique de Salvador Dal\u00ed, comme en t\u00e9moignent les rapports d\u2019activit\u00e9 de la Fondation.<\/p>\n<p>Le projet de recherche s\u2019est poursuivi ces derni\u00e8res ann\u00e9es et se poursuit encore aujourd\u2019hui, avec pour objectif la r\u00e9alisation du Catalogue Raisonn\u00e9 de l\u2019\u0152uvre Graphique de Salvador Dal\u00ed. Ce catalogue refl\u00e9tera de nombreuses ann\u00e9es de travail de recherche et permettra d\u2019\u00e9tablir les principales lignes directrices pour l\u2019identification des caract\u00e9ristiques mat\u00e9rielles et techniques de l\u2019\u0153uvre graphique.<\/p>\n<p>L\u2019un des objectifs de la diffusion des r\u00e9sultats est de clarifier et de faire conna\u00eetre le travail de Dal\u00ed dans cette discipline. La publication en ligne du catalogue, qui se fera par tranches chronologiques, est pr\u00e9vue pour la fin de l\u2019ann\u00e9e 2025.<\/p>\n                            <\/div>\n\n                                                    <\/div>\n                    \n\n                    \n                        \n                        <div class=\"swiper-slide\">\n                                                            <figure>\n                                    <a data-fancybox=\"gallery-69da234a20b0b\" data-src=\"https:\/\/www.salvador-dali.org\/wp-content\/uploads\/2025\/03\/dsc_8178_editora_77_10_7_800.jpg\" data-caption=\"Observation \u00e0 la loupe binoculaire pour l\u2019identification technique de l\u2019\u0153uvre &lt;em&gt;Rhinoc\u00e9ros&lt;\/em&gt; (1968) \u00a9 Salvador Dal\u00ed, Fondation Gala-Salvador Dal\u00ed, Figueres, 2025\">\n                                        <img decoding=\"async\" src=\"https:\/\/www.salvador-dali.org\/wp-content\/uploads\/2025\/03\/dsc_8178_editora_77_10_7_800.jpg\" alt=\"Observation \u00e0 la loupe binoculaire pour l\u2019identification technique de l\u2019\u0153uvre Rhinoc\u00e9ros (1968) \u00a9 Salvador Dal\u00ed, Fondation Gala-Salvador Dal\u00ed, Figueres, 2025\"> \n\t\t\t\t          \t\t\t<\/a>\n                                                                        <figcaption class=\"custom-caption\">Observation \u00e0 la loupe binoculaire pour l\u2019identification technique de l\u2019\u0153uvre &lt;em&gt;Rhinoc\u00e9ros&lt;\/em&gt; (1968) \u00a9 Salvador Dal\u00ed, Fondation Gala-Salvador Dal\u00ed, Figueres, 2025<\/figcaption>\n                                <\/figure>\n                                                    <\/div>\n\n                    \n                        \n                        <div class=\"swiper-slide\">\n                                                            <figure>\n                                    <a data-fancybox=\"gallery-69da234a20b0b\" data-src=\"https:\/\/www.salvador-dali.org\/wp-content\/uploads\/2025\/06\/recerca-obra-grafica-1.jpg\" data-caption=\"\">\n                                        <img decoding=\"async\" src=\"https:\/\/www.salvador-dali.org\/wp-content\/uploads\/2025\/06\/recerca-obra-grafica-1.jpg\" alt=\"\"> \n\t\t\t\t          \t\t\t<\/a>\n                                                                        <figcaption class=\"custom-caption\"><\/figcaption>\n                                <\/figure>\n                                                    <\/div>\n\n                    \n                        \n                        <div class=\"swiper-slide\">\n                                                            <figure>\n                                    <a data-fancybox=\"gallery-69da234a20b0b\" data-src=\"https:\/\/www.salvador-dali.org\/wp-content\/uploads\/2025\/06\/recerca-obra-grafica-2.jpg\" data-caption=\"\">\n                                        <img decoding=\"async\" src=\"https:\/\/www.salvador-dali.org\/wp-content\/uploads\/2025\/06\/recerca-obra-grafica-2.jpg\" alt=\"\"> \n\t\t\t\t          \t\t\t<\/a>\n                                                                        <figcaption class=\"custom-caption\"><\/figcaption>\n                                <\/figure>\n                                                    <\/div>\n\n                    \n                        \n                        <div class=\"swiper-slide\">\n                                                            <figure>\n                                    <a data-fancybox=\"gallery-69da234a20b0b\" data-src=\"https:\/\/www.salvador-dali.org\/wp-content\/uploads\/2025\/06\/recerca-obra-grafica-3.jpg\" data-caption=\"\">\n                                        <img decoding=\"async\" src=\"https:\/\/www.salvador-dali.org\/wp-content\/uploads\/2025\/06\/recerca-obra-grafica-3.jpg\" alt=\"\"> \n\t\t\t\t          \t\t\t<\/a>\n                                                                        <figcaption class=\"custom-caption\"><\/figcaption>\n                                <\/figure>\n                                                    <\/div>\n\n                    \n                        \n                        <div class=\"swiper-slide\">\n                                                            <figure>\n                                    <a data-fancybox=\"gallery-69da234a20b0b\" data-src=\"https:\/\/www.salvador-dali.org\/wp-content\/uploads\/2025\/07\/05_SurrealisticFlowergirl_ZICRosa10x_FotolitoOffset_Lito_Gravat.jpg\" data-caption=\"D\u00e9tail \u00e0 la loupe binoculaire de \u2018Surrealistic flower girl\u2019 de l\u2019ensemble &lt;em&gt;Memories of Surrealism&lt;\/em&gt;, 1971 \u00a9 Salvador Dal\u00ed, Fondation Gala-Salvador Dal\u00ed, Figueres, 2025\">\n                                        <img decoding=\"async\" src=\"https:\/\/www.salvador-dali.org\/wp-content\/uploads\/2025\/07\/05_SurrealisticFlowergirl_ZICRosa10x_FotolitoOffset_Lito_Gravat-1024x760.jpg\" alt=\"D\u00e9tail \u00e0 la loupe binoculaire de \u2018Surrealistic flower girl\u2019 de l\u2019ensemble Memories of Surrealism, 1971 \u00a9 Salvador Dal\u00ed, Fondation Gala-Salvador Dal\u00ed, Figueres, 2025\"> \n\t\t\t\t          \t\t\t<\/a>\n                                                                        <figcaption class=\"custom-caption\">D\u00e9tail \u00e0 la loupe binoculaire de \u2018Surrealistic flower girl\u2019 de l\u2019ensemble &lt;em&gt;Memories of Surrealism&lt;\/em&gt;, 1971 \u00a9 Salvador Dal\u00ed, Fondation Gala-Salvador Dal\u00ed, Figueres, 2025<\/figcaption>\n                                <\/figure>\n                                                    <\/div>\n\n                                    <\/div>\n                <!-- Swiper navigation buttons -->\n                <div class=\"swiper-button-prev\">\n                    <span class=\"screen-reader-text\">Diapositive pr\u00e9c\u00e9dente<\/span>\n                <\/div>\n                <div class=\"swiper-button-next\">\n                    <span class=\"screen-reader-text\">Diapositiva seg\u00fcent<\/span>\n                <\/div>\n            <\/div>\n        <\/div>\n    <\/div>\n\n\n\n<!-- Swiper JS -->\n<script src=\"https:\/\/cdn.jsdelivr.net\/npm\/swiper@11\/swiper-bundle.min.js\"><\/script>\n\n<!-- Initialize Swiper -->\n<script>\n\njQuery( document ).ready(function() {      \n\n    Tipus = 'intro-images';\n\n    updateSpaceBetween();\n    spaceBetweenInicial = 60;\n    \n    if (Tipus=='intro-images' ) {\n    \/\/    spaceBetweenValueModul = 0;\n    }\n\n\n\n    console.log(\"spaceBetweenValueModul\",spaceBetweenValueModul);\n\n    var swiper = new Swiper(\"#swiper-69da234a20b0b\", {\n      slidesPerView: \"auto\",\n      spaceBetween: spaceBetweenInicial,\n      \tfreeMode: true,\n\t  \tbreakpoints: {\n\t        \/\/ Quan l'amplada de la pantalla sigui major a 1024px\n\t        1024: {\n\t            spaceBetween: spaceBetweenValue,\n\t        },\n\t    },\n        \/\/ Navigation arrows\n        navigation: {\n            nextEl: '.swiper-button-next',\n            prevEl: '.swiper-button-prev',\n        },\n        mousewheel: {\n            releaseOnEdges: true,\n            forceToAxis: true,\n            sensitivity:    1,\n        },\n        a11y: {\n            prevSlideMessage: 'Diapositive pr\u00e9c\u00e9dente',\n            nextSlideMessage: 'Diapositiva seg\u00fcent',\n        },\n    });\n\n\n \n\n\n    \/*\n    jQuery('.bloc-destacats').each(function() {\n        const nextDiv = jQuery(this).next('div');\n        if (nextDiv.hasClass('contingut-ampliat')) {\n            console.log('T\u00e9 .contingut-ampliat despr\u00e9s');\n            \/\/ Aqu\u00ed pots fer accions, per exemple:\n            \/\/ $nextDiv.addClass('marcat'); o $(this).append($nextDiv);\n        }\n    });\n    *\/\n})\n<\/script>\n\n","protected":false},"excerpt":{"rendered":"<p>L\u2019\u0153uvre graphique de Salvador Dal\u00ed refl\u00e8te sa longue trajectoire artistique. Elle se compose d\u2019une production vaste et tr\u00e8s vari\u00e9e, r\u00e9alis\u00e9e selon diff\u00e9rentes techniques et proc\u00e9d\u00e9s, qui t\u00e9moignent de l\u2019\u00e9tendue de la vision de l\u2019artiste, de sa cr\u00e9ativit\u00e9, ainsi que de sa collaboration avec des \u00e9diteurs et imprimeurs issus du monde de l\u2019estampe.<\/p>\n","protected":false},"author":3,"featured_media":2116,"parent":7623,"menu_order":1,"comment_status":"closed","ping_status":"closed","template":"","meta":{"_acf_changed":false,"_coblocks_attr":"","_coblocks_dimensions":"","_coblocks_responsive_height":"","_coblocks_accordion_ie_support":"","footnotes":""},"categories":[],"tags":[],"class_list":["post-7629","page","type-page","status-publish","has-post-thumbnail","hentry"],"acf":[],"yoast_head":"<!-- This site is optimized with the Yoast SEO plugin v27.3 - https:\/\/yoast.com\/product\/yoast-seo-wordpress\/ -->\n<title>Projet de recherche sur l&#039;\u0153uvre graphique - Fundaci\u00f3 Gala - Salvador Dal\u00ed<\/title>\n<meta name=\"robots\" content=\"index, follow, max-snippet:-1, max-image-preview:large, max-video-preview:-1\" \/>\n<link rel=\"canonical\" href=\"https:\/\/www.salvador-dali.org\/fr\/oeuvre\/conservation-et-restauration\/projet-de-recherche-sur-loeuvre-graphique\/\" \/>\n<meta property=\"og:locale\" content=\"fr_FR\" \/>\n<meta property=\"og:type\" content=\"article\" \/>\n<meta property=\"og:title\" content=\"Projet de recherche sur l&#039;\u0153uvre graphique - Fundaci\u00f3 Gala - Salvador Dal\u00ed\" \/>\n<meta property=\"og:description\" content=\"L\u2019\u0153uvre graphique de Salvador Dal\u00ed refl\u00e8te sa longue trajectoire artistique. Elle se compose d\u2019une production vaste et tr\u00e8s vari\u00e9e, r\u00e9alis\u00e9e selon diff\u00e9rentes techniques et proc\u00e9d\u00e9s, qui t\u00e9moignent de l\u2019\u00e9tendue de la vision de l\u2019artiste, de sa cr\u00e9ativit\u00e9, ainsi que de sa collaboration avec des \u00e9diteurs et imprimeurs issus du monde de l\u2019estampe.\" \/>\n<meta property=\"og:url\" content=\"https:\/\/www.salvador-dali.org\/fr\/oeuvre\/conservation-et-restauration\/projet-de-recherche-sur-loeuvre-graphique\/\" \/>\n<meta property=\"og:site_name\" content=\"Fundaci\u00f3 Gala - Salvador Dal\u00ed\" \/>\n<meta property=\"article:publisher\" content=\"https:\/\/www.facebook.com\/MuseusDali\" \/>\n<meta property=\"article:modified_time\" content=\"2025-07-03T12:46:01+00:00\" \/>\n<meta property=\"og:image\" content=\"https:\/\/www.salvador-dali.org\/wp-content\/uploads\/2025\/03\/dsc_8178_editora_77_10_7_800.jpg\" \/>\n\t<meta property=\"og:image:width\" content=\"800\" \/>\n\t<meta property=\"og:image:height\" content=\"675\" \/>\n\t<meta property=\"og:image:type\" content=\"image\/jpeg\" \/>\n<meta name=\"twitter:card\" content=\"summary_large_image\" \/>\n<meta name=\"twitter:site\" content=\"@MuseuDali\" \/>\n<meta name=\"twitter:label1\" content=\"Dur\u00e9e de lecture estim\u00e9e\" \/>\n\t<meta name=\"twitter:data1\" content=\"1 minute\" \/>\n<script type=\"application\/ld+json\" class=\"yoast-schema-graph\">{\"@context\":\"https:\\\/\\\/schema.org\",\"@graph\":[{\"@type\":\"WebPage\",\"@id\":\"https:\\\/\\\/www.salvador-dali.org\\\/fr\\\/oeuvre\\\/conservation-et-restauration\\\/projet-de-recherche-sur-loeuvre-graphique\\\/\",\"url\":\"https:\\\/\\\/www.salvador-dali.org\\\/fr\\\/oeuvre\\\/conservation-et-restauration\\\/projet-de-recherche-sur-loeuvre-graphique\\\/\",\"name\":\"Projet de recherche sur l'\u0153uvre graphique - Fundaci\u00f3 Gala - Salvador Dal\u00ed\",\"isPartOf\":{\"@id\":\"https:\\\/\\\/www.salvador-dali.org\\\/fr\\\/#website\"},\"primaryImageOfPage\":{\"@id\":\"https:\\\/\\\/www.salvador-dali.org\\\/fr\\\/oeuvre\\\/conservation-et-restauration\\\/projet-de-recherche-sur-loeuvre-graphique\\\/#primaryimage\"},\"image\":{\"@id\":\"https:\\\/\\\/www.salvador-dali.org\\\/fr\\\/oeuvre\\\/conservation-et-restauration\\\/projet-de-recherche-sur-loeuvre-graphique\\\/#primaryimage\"},\"thumbnailUrl\":\"https:\\\/\\\/www.salvador-dali.org\\\/wp-content\\\/uploads\\\/2025\\\/03\\\/dsc_8178_editora_77_10_7_800.jpg\",\"datePublished\":\"2025-03-14T13:01:27+00:00\",\"dateModified\":\"2025-07-03T12:46:01+00:00\",\"breadcrumb\":{\"@id\":\"https:\\\/\\\/www.salvador-dali.org\\\/fr\\\/oeuvre\\\/conservation-et-restauration\\\/projet-de-recherche-sur-loeuvre-graphique\\\/#breadcrumb\"},\"inLanguage\":\"fr-FR\",\"potentialAction\":[{\"@type\":\"ReadAction\",\"target\":[\"https:\\\/\\\/www.salvador-dali.org\\\/fr\\\/oeuvre\\\/conservation-et-restauration\\\/projet-de-recherche-sur-loeuvre-graphique\\\/\"]}]},{\"@type\":\"ImageObject\",\"inLanguage\":\"fr-FR\",\"@id\":\"https:\\\/\\\/www.salvador-dali.org\\\/fr\\\/oeuvre\\\/conservation-et-restauration\\\/projet-de-recherche-sur-loeuvre-graphique\\\/#primaryimage\",\"url\":\"https:\\\/\\\/www.salvador-dali.org\\\/wp-content\\\/uploads\\\/2025\\\/03\\\/dsc_8178_editora_77_10_7_800.jpg\",\"contentUrl\":\"https:\\\/\\\/www.salvador-dali.org\\\/wp-content\\\/uploads\\\/2025\\\/03\\\/dsc_8178_editora_77_10_7_800.jpg\",\"width\":800,\"height\":675,\"caption\":\"Observation \u00e0 la loupe binoculaire pour l\u2019identification technique de l\u2019\u0153uvre Rhinoc\u00e9ros (1968) \u00a9 Salvador Dal\u00ed, Fondation Gala-Salvador Dal\u00ed, Figueres, 2025\"},{\"@type\":\"BreadcrumbList\",\"@id\":\"https:\\\/\\\/www.salvador-dali.org\\\/fr\\\/oeuvre\\\/conservation-et-restauration\\\/projet-de-recherche-sur-loeuvre-graphique\\\/#breadcrumb\",\"itemListElement\":[{\"@type\":\"ListItem\",\"position\":1,\"name\":\"Inici\",\"item\":\"https:\\\/\\\/www.salvador-dali.org\\\/fr\\\/\"},{\"@type\":\"ListItem\",\"position\":2,\"name\":\"Projet de recherche sur l&rsquo;\u0153uvre graphique\"}]},{\"@type\":\"WebSite\",\"@id\":\"https:\\\/\\\/www.salvador-dali.org\\\/fr\\\/#website\",\"url\":\"https:\\\/\\\/www.salvador-dali.org\\\/fr\\\/\",\"name\":\"Fundaci\u00f3 Gala - Salvador Dal\u00ed\",\"description\":\"\",\"publisher\":{\"@id\":\"https:\\\/\\\/www.salvador-dali.org\\\/fr\\\/#organization\"},\"potentialAction\":[{\"@type\":\"SearchAction\",\"target\":{\"@type\":\"EntryPoint\",\"urlTemplate\":\"https:\\\/\\\/www.salvador-dali.org\\\/fr\\\/?s={search_term_string}\"},\"query-input\":{\"@type\":\"PropertyValueSpecification\",\"valueRequired\":true,\"valueName\":\"search_term_string\"}}],\"inLanguage\":\"fr-FR\"},{\"@type\":\"Organization\",\"@id\":\"https:\\\/\\\/www.salvador-dali.org\\\/fr\\\/#organization\",\"name\":\"Fundaci\u00f3 Gala - Salvador Dal\u00ed\",\"url\":\"https:\\\/\\\/www.salvador-dali.org\\\/fr\\\/\",\"logo\":{\"@type\":\"ImageObject\",\"inLanguage\":\"fr-FR\",\"@id\":\"https:\\\/\\\/www.salvador-dali.org\\\/fr\\\/#\\\/schema\\\/logo\\\/image\\\/\",\"url\":\"https:\\\/\\\/www.salvador-dali.org\\\/wp-content\\\/uploads\\\/2025\\\/04\\\/fundacio-gala-salvador-dali.png\",\"contentUrl\":\"https:\\\/\\\/www.salvador-dali.org\\\/wp-content\\\/uploads\\\/2025\\\/04\\\/fundacio-gala-salvador-dali.png\",\"width\":240,\"height\":240,\"caption\":\"Fundaci\u00f3 Gala - Salvador Dal\u00ed\"},\"image\":{\"@id\":\"https:\\\/\\\/www.salvador-dali.org\\\/fr\\\/#\\\/schema\\\/logo\\\/image\\\/\"},\"sameAs\":[\"https:\\\/\\\/www.facebook.com\\\/MuseusDali\",\"https:\\\/\\\/x.com\\\/MuseuDali\",\"https:\\\/\\\/www.youtube.com\\\/user\\\/FundacioDali\",\"https:\\\/\\\/www.flickr.com\\\/fundacio_dali\\\/\",\"https:\\\/\\\/instagram.com\\\/museudali\"]}]}<\/script>\n<!-- \/ Yoast SEO plugin. -->","yoast_head_json":{"title":"Projet de recherche sur l'\u0153uvre graphique - Fundaci\u00f3 Gala - Salvador Dal\u00ed","robots":{"index":"index","follow":"follow","max-snippet":"max-snippet:-1","max-image-preview":"max-image-preview:large","max-video-preview":"max-video-preview:-1"},"canonical":"https:\/\/www.salvador-dali.org\/fr\/oeuvre\/conservation-et-restauration\/projet-de-recherche-sur-loeuvre-graphique\/","og_locale":"fr_FR","og_type":"article","og_title":"Projet de recherche sur l'\u0153uvre graphique - Fundaci\u00f3 Gala - Salvador Dal\u00ed","og_description":"L\u2019\u0153uvre graphique de Salvador Dal\u00ed refl\u00e8te sa longue trajectoire artistique. Elle se compose d\u2019une production vaste et tr\u00e8s vari\u00e9e, r\u00e9alis\u00e9e selon diff\u00e9rentes techniques et proc\u00e9d\u00e9s, qui t\u00e9moignent de l\u2019\u00e9tendue de la vision de l\u2019artiste, de sa cr\u00e9ativit\u00e9, ainsi que de sa collaboration avec des \u00e9diteurs et imprimeurs issus du monde de l\u2019estampe.","og_url":"https:\/\/www.salvador-dali.org\/fr\/oeuvre\/conservation-et-restauration\/projet-de-recherche-sur-loeuvre-graphique\/","og_site_name":"Fundaci\u00f3 Gala - Salvador Dal\u00ed","article_publisher":"https:\/\/www.facebook.com\/MuseusDali","article_modified_time":"2025-07-03T12:46:01+00:00","og_image":[{"width":800,"height":675,"url":"https:\/\/www.salvador-dali.org\/wp-content\/uploads\/2025\/03\/dsc_8178_editora_77_10_7_800.jpg","type":"image\/jpeg"}],"twitter_card":"summary_large_image","twitter_site":"@MuseuDali","twitter_misc":{"Dur\u00e9e de lecture estim\u00e9e":"1 minute"},"schema":{"@context":"https:\/\/schema.org","@graph":[{"@type":"WebPage","@id":"https:\/\/www.salvador-dali.org\/fr\/oeuvre\/conservation-et-restauration\/projet-de-recherche-sur-loeuvre-graphique\/","url":"https:\/\/www.salvador-dali.org\/fr\/oeuvre\/conservation-et-restauration\/projet-de-recherche-sur-loeuvre-graphique\/","name":"Projet de recherche sur l'\u0153uvre graphique - Fundaci\u00f3 Gala - Salvador Dal\u00ed","isPartOf":{"@id":"https:\/\/www.salvador-dali.org\/fr\/#website"},"primaryImageOfPage":{"@id":"https:\/\/www.salvador-dali.org\/fr\/oeuvre\/conservation-et-restauration\/projet-de-recherche-sur-loeuvre-graphique\/#primaryimage"},"image":{"@id":"https:\/\/www.salvador-dali.org\/fr\/oeuvre\/conservation-et-restauration\/projet-de-recherche-sur-loeuvre-graphique\/#primaryimage"},"thumbnailUrl":"https:\/\/www.salvador-dali.org\/wp-content\/uploads\/2025\/03\/dsc_8178_editora_77_10_7_800.jpg","datePublished":"2025-03-14T13:01:27+00:00","dateModified":"2025-07-03T12:46:01+00:00","breadcrumb":{"@id":"https:\/\/www.salvador-dali.org\/fr\/oeuvre\/conservation-et-restauration\/projet-de-recherche-sur-loeuvre-graphique\/#breadcrumb"},"inLanguage":"fr-FR","potentialAction":[{"@type":"ReadAction","target":["https:\/\/www.salvador-dali.org\/fr\/oeuvre\/conservation-et-restauration\/projet-de-recherche-sur-loeuvre-graphique\/"]}]},{"@type":"ImageObject","inLanguage":"fr-FR","@id":"https:\/\/www.salvador-dali.org\/fr\/oeuvre\/conservation-et-restauration\/projet-de-recherche-sur-loeuvre-graphique\/#primaryimage","url":"https:\/\/www.salvador-dali.org\/wp-content\/uploads\/2025\/03\/dsc_8178_editora_77_10_7_800.jpg","contentUrl":"https:\/\/www.salvador-dali.org\/wp-content\/uploads\/2025\/03\/dsc_8178_editora_77_10_7_800.jpg","width":800,"height":675,"caption":"Observation \u00e0 la loupe binoculaire pour l\u2019identification technique de l\u2019\u0153uvre Rhinoc\u00e9ros (1968) \u00a9 Salvador Dal\u00ed, Fondation Gala-Salvador Dal\u00ed, Figueres, 2025"},{"@type":"BreadcrumbList","@id":"https:\/\/www.salvador-dali.org\/fr\/oeuvre\/conservation-et-restauration\/projet-de-recherche-sur-loeuvre-graphique\/#breadcrumb","itemListElement":[{"@type":"ListItem","position":1,"name":"Inici","item":"https:\/\/www.salvador-dali.org\/fr\/"},{"@type":"ListItem","position":2,"name":"Projet de recherche sur l&rsquo;\u0153uvre graphique"}]},{"@type":"WebSite","@id":"https:\/\/www.salvador-dali.org\/fr\/#website","url":"https:\/\/www.salvador-dali.org\/fr\/","name":"Fundaci\u00f3 Gala - Salvador Dal\u00ed","description":"","publisher":{"@id":"https:\/\/www.salvador-dali.org\/fr\/#organization"},"potentialAction":[{"@type":"SearchAction","target":{"@type":"EntryPoint","urlTemplate":"https:\/\/www.salvador-dali.org\/fr\/?s={search_term_string}"},"query-input":{"@type":"PropertyValueSpecification","valueRequired":true,"valueName":"search_term_string"}}],"inLanguage":"fr-FR"},{"@type":"Organization","@id":"https:\/\/www.salvador-dali.org\/fr\/#organization","name":"Fundaci\u00f3 Gala - Salvador Dal\u00ed","url":"https:\/\/www.salvador-dali.org\/fr\/","logo":{"@type":"ImageObject","inLanguage":"fr-FR","@id":"https:\/\/www.salvador-dali.org\/fr\/#\/schema\/logo\/image\/","url":"https:\/\/www.salvador-dali.org\/wp-content\/uploads\/2025\/04\/fundacio-gala-salvador-dali.png","contentUrl":"https:\/\/www.salvador-dali.org\/wp-content\/uploads\/2025\/04\/fundacio-gala-salvador-dali.png","width":240,"height":240,"caption":"Fundaci\u00f3 Gala - Salvador Dal\u00ed"},"image":{"@id":"https:\/\/www.salvador-dali.org\/fr\/#\/schema\/logo\/image\/"},"sameAs":["https:\/\/www.facebook.com\/MuseusDali","https:\/\/x.com\/MuseuDali","https:\/\/www.youtube.com\/user\/FundacioDali","https:\/\/www.flickr.com\/fundacio_dali\/","https:\/\/instagram.com\/museudali"]}]}},"_links":{"self":[{"href":"https:\/\/www.salvador-dali.org\/fr\/wp-json\/wp\/v2\/pages\/7629","targetHints":{"allow":["GET"]}}],"collection":[{"href":"https:\/\/www.salvador-dali.org\/fr\/wp-json\/wp\/v2\/pages"}],"about":[{"href":"https:\/\/www.salvador-dali.org\/fr\/wp-json\/wp\/v2\/types\/page"}],"author":[{"embeddable":true,"href":"https:\/\/www.salvador-dali.org\/fr\/wp-json\/wp\/v2\/users\/3"}],"replies":[{"embeddable":true,"href":"https:\/\/www.salvador-dali.org\/fr\/wp-json\/wp\/v2\/comments?post=7629"}],"version-history":[{"count":0,"href":"https:\/\/www.salvador-dali.org\/fr\/wp-json\/wp\/v2\/pages\/7629\/revisions"}],"up":[{"embeddable":true,"href":"https:\/\/www.salvador-dali.org\/fr\/wp-json\/wp\/v2\/pages\/7623"}],"wp:featuredmedia":[{"embeddable":true,"href":"https:\/\/www.salvador-dali.org\/fr\/wp-json\/wp\/v2\/media\/2116"}],"wp:attachment":[{"href":"https:\/\/www.salvador-dali.org\/fr\/wp-json\/wp\/v2\/media?parent=7629"}],"wp:term":[{"taxonomy":"category","embeddable":true,"href":"https:\/\/www.salvador-dali.org\/fr\/wp-json\/wp\/v2\/categories?post=7629"},{"taxonomy":"post_tag","embeddable":true,"href":"https:\/\/www.salvador-dali.org\/fr\/wp-json\/wp\/v2\/tags?post=7629"}],"curies":[{"name":"wp","href":"https:\/\/api.w.org\/{rel}","templated":true}]}}