{"id":7632,"date":"2025-03-14T15:00:23","date_gmt":"2025-03-14T13:00:23","guid":{"rendered":"https:\/\/www.salvador-dali.org\/obra\/conservacio-i-restauracio\/documentacio-de-la-tecnica-pictorica\/"},"modified":"2025-07-03T14:50:28","modified_gmt":"2025-07-03T12:50:28","slug":"documentation-de-la-technique-picturale","status":"publish","type":"page","link":"https:\/\/www.salvador-dali.org\/fr\/oeuvre\/conservation-et-restauration\/documentation-de-la-technique-picturale\/","title":{"rendered":"Documentation de la technique picturale"},"content":{"rendered":"\n<div class=\"wp-block-columns global-column is-layout-flex wp-container-core-columns-is-layout-9d6595d7 wp-block-columns-is-layout-flex\">\n<div class=\"wp-block-column is-layout-flow wp-block-column-is-layout-flow\">\n<p class=\"wp-block-custom-entradeta entradeta\">Les peintures de la Collection font l\u2019objet d\u2019\u00e9tudes approfondies afin d\u2019en identifier les caract\u00e9ristiques techniques et mat\u00e9rielles, d\u2019\u00e9tablir leur \u00e9tat de conservation et de concevoir la strat\u00e9gie la plus adapt\u00e9e pour en garantir la pr\u00e9servation. <\/p>\n<\/div>\n<\/div>\n\n\n    <div  class=\"wp-block-columns swiper-column  intro intro-images bloc-destacats imatges\" style=\"background-image: linear-gradient(to right, white, white)\">\n        <div class=\"wp-block-column\">\n            <div id=\"swiper-69da22693320f\" class=\"swiper destacats dues\" >\n                <div class=\"swiper-wrapper\">\n\n                                            <div class=\"swiper-slide intro\">\n                            <span class=\"image-background\" style=\"background-image:url(https:\/\/www.salvador-dali.org\/wp-content\/uploads\/2025\/06\/Documentacio-obres-pictoriques-1.jpg)\"><\/span>\n                            \n                        <\/div>\n                        <div class=\"swiper-slide\">\n                           <div class=\"descripcio\">\n                            <h2>Le spectre de la lumi\u00e8re comme m\u00e9dium<\/h2>\n                            <p>L\u2019\u00e9tude des couches picturales commence par une inspection approfondie de l\u2019\u0153uvre \u00e0 l\u2019aide de diff\u00e9rents types de lumi\u00e8re \u2014 lumi\u00e8re naturelle, lumi\u00e8re r\u00e9fl\u00e9chie, lumi\u00e8re rasante, lumi\u00e8re ultraviolette, lumi\u00e8re infrarouge \u2014 ainsi que par la prise de photographies et de macrophotographies de d\u00e9tails. L\u2019utilisation d\u2019une loupe binoculaire permet d\u2019observer diverses caract\u00e9ristiques techniques et proc\u00e9durales de la peinture et de mieux comprendre les mat\u00e9riaux employ\u00e9s.<\/p>\n<p>Par exemple, la lumi\u00e8re visible, sous ses diff\u00e9rentes formes (r\u00e9fl\u00e9chie, rasante ou transmise), fournit des informations sur le geste de l\u2019artiste, la texture picturale, la touche ou encore le type de pinceaux utilis\u00e9s. La lumi\u00e8re ultraviolette permet d\u2019identifier des retouches post\u00e9rieures et de d\u00e9terminer si l\u2019artiste a appliqu\u00e9 un vernis ou non, en fonction de la r\u00e9ponse fluorescente des mat\u00e9riaux pr\u00e9sents. La r\u00e9flectographie infrarouge r\u00e9v\u00e8le les dessins sous-jacents pr\u00e9paratoires ainsi que d\u2019\u00e9ventuels <em>pentimenti<\/em>. Les radiographies des peintures, quant \u00e0 elles, apportent des donn\u00e9es sur le support \u2014 toile ou bois \u2014 et sur certains types de pigments<\/p>\n<p>Enfin, les analyses des pigments et des liants pr\u00e9sents dans les peintures permettent d\u2019identifier les mat\u00e9riaux et compl\u00e8tent les informations relatives \u00e0 la technique picturale de Dal\u00ed.<\/p>\n                            <\/div>\n\n                                                    <\/div>\n                    \n\n                    \n                        \n                        <div class=\"swiper-slide\">\n                                                            <figure>\n                                    <a data-fancybox=\"gallery-69da22693320f\" data-src=\"https:\/\/www.salvador-dali.org\/wp-content\/uploads\/2025\/06\/Documentacio-obres-pictoriques-2.jpg\" data-caption=\"D\u00e9but automatique d\u2019un portrait de Gala, v.1933 (L\u2019\u00e9tude technique des couches picturales commence par une inspection de la pi\u00e8ce)\">\n                                        <img decoding=\"async\" src=\"https:\/\/www.salvador-dali.org\/wp-content\/uploads\/2025\/06\/Documentacio-obres-pictoriques-2.jpg\" alt=\"D\u00e9but automatique d\u2019un portrait de Gala, v.1933 (L\u2019\u00e9tude technique des couches picturales commence par une inspection de la pi\u00e8ce)\"> \n\t\t\t\t          \t\t\t<\/a>\n                                                                        <figcaption class=\"custom-caption\">D\u00e9but automatique d\u2019un portrait de Gala, v.1933 (L\u2019\u00e9tude technique des couches picturales commence par une inspection de la pi\u00e8ce)<\/figcaption>\n                                <\/figure>\n                                                    <\/div>\n\n                    \n                        \n                        <div class=\"swiper-slide\">\n                                                            <figure>\n                                    <a data-fancybox=\"gallery-69da22693320f\" data-src=\"https:\/\/www.salvador-dali.org\/wp-content\/uploads\/2025\/06\/Documentacio-obres-pictoriques-3.jpg\" data-caption=\"D\u00e9but automatique d\u2019un portrait de Gala (La loupe binoculaire nous permet d\u2019observer de pr\u00e8s le trait du graphite pr\u00e9paratoire), v.1933 \u00a9 Salvador Dal\u00ed, Fondation Gala-Salvador Dal\u00ed, Figueres, 2025\">\n                                        <img decoding=\"async\" src=\"https:\/\/www.salvador-dali.org\/wp-content\/uploads\/2025\/06\/Documentacio-obres-pictoriques-3.jpg\" alt=\"D\u00e9but automatique d\u2019un portrait de Gala (La loupe binoculaire nous permet d\u2019observer de pr\u00e8s le trait du graphite pr\u00e9paratoire), v.1933 \u00a9 Salvador Dal\u00ed, Fondation Gala-Salvador Dal\u00ed, Figueres, 2025\"> \n\t\t\t\t          \t\t\t<\/a>\n                                                                        <figcaption class=\"custom-caption\">D\u00e9but automatique d\u2019un portrait de Gala (La loupe binoculaire nous permet d\u2019observer de pr\u00e8s le trait du graphite pr\u00e9paratoire), v.1933 \u00a9 Salvador Dal\u00ed, Fondation Gala-Salvador Dal\u00ed, Figueres, 2025<\/figcaption>\n                                <\/figure>\n                                                    <\/div>\n\n                    \n                        \n                        <div class=\"swiper-slide\">\n                                                            <figure>\n                                    <a data-fancybox=\"gallery-69da22693320f\" data-src=\"https:\/\/www.salvador-dali.org\/wp-content\/uploads\/2025\/06\/Documentacio-obres-pictoriques-4.jpg\" data-caption=\"D\u00e9but automatique d\u2019un portrait de Gala (Nous observons les amas de vernis sur les couches picturales, macrophotographie), v.1933 \u00a9 Salvador Dal\u00ed, Fondation Gala-Salvador Dal\u00ed, Figueres, 2025\">\n                                        <img decoding=\"async\" src=\"https:\/\/www.salvador-dali.org\/wp-content\/uploads\/2025\/06\/Documentacio-obres-pictoriques-4.jpg\" alt=\"D\u00e9but automatique d\u2019un portrait de Gala (Nous observons les amas de vernis sur les couches picturales, macrophotographie), v.1933 \u00a9 Salvador Dal\u00ed, Fondation Gala-Salvador Dal\u00ed, Figueres, 2025\"> \n\t\t\t\t          \t\t\t<\/a>\n                                                                        <figcaption class=\"custom-caption\">D\u00e9but automatique d\u2019un portrait de Gala (Nous observons les amas de vernis sur les couches picturales, macrophotographie), v.1933 \u00a9 Salvador Dal\u00ed, Fondation Gala-Salvador Dal\u00ed, Figueres, 2025<\/figcaption>\n                                <\/figure>\n                                                    <\/div>\n\n                    \n                        \n                        <div class=\"swiper-slide\">\n                                                            <figure>\n                                    <a data-fancybox=\"gallery-69da22693320f\" data-src=\"https:\/\/www.salvador-dali.org\/wp-content\/uploads\/2025\/06\/Documentacio-obres-pictoriques-5.jpg\" data-caption=\"L\u2019huile &lt;em&gt;Cap&lt;\/em&gt;, de 1926, photo en lumi\u00e8re rasante visible \u00a9 Salvador Dal\u00ed, Fondation Gala-Salvador Dal\u00ed, Figueres, 2025\">\n                                        <img decoding=\"async\" src=\"https:\/\/www.salvador-dali.org\/wp-content\/uploads\/2025\/06\/Documentacio-obres-pictoriques-5.jpg\" alt=\"L\u2019huile Cap, de 1926, photo en lumi\u00e8re rasante visible \u00a9 Salvador Dal\u00ed, Fondation Gala-Salvador Dal\u00ed, Figueres, 2025\"> \n\t\t\t\t          \t\t\t<\/a>\n                                                                        <figcaption class=\"custom-caption\">L\u2019huile &lt;em&gt;Cap&lt;\/em&gt;, de 1926, photo en lumi\u00e8re rasante visible \u00a9 Salvador Dal\u00ed, Fondation Gala-Salvador Dal\u00ed, Figueres, 2025<\/figcaption>\n                                <\/figure>\n                                                    <\/div>\n\n                    \n                        \n                        <div class=\"swiper-slide\">\n                                                            <figure>\n                                    <a data-fancybox=\"gallery-69da22693320f\" data-src=\"https:\/\/www.salvador-dali.org\/wp-content\/uploads\/2025\/06\/Documentacio-obres-pictoriques-6.jpg\" data-caption=\"L\u2019huile &lt;em&gt;Cap&lt;\/em&gt;, de 1926, photo en lumi\u00e8re ultraviolette \u00a9 Salvador Dal\u00ed, Fondation Gala-Salvador Dal\u00ed, Figueres, 2025\">\n                                        <img decoding=\"async\" src=\"https:\/\/www.salvador-dali.org\/wp-content\/uploads\/2025\/06\/Documentacio-obres-pictoriques-6.jpg\" alt=\"L\u2019huile Cap, de 1926, photo en lumi\u00e8re ultraviolette \u00a9 Salvador Dal\u00ed, Fondation Gala-Salvador Dal\u00ed, Figueres, 2025\"> \n\t\t\t\t          \t\t\t<\/a>\n                                                                        <figcaption class=\"custom-caption\">L\u2019huile &lt;em&gt;Cap&lt;\/em&gt;, de 1926, photo en lumi\u00e8re ultraviolette \u00a9 Salvador Dal\u00ed, Fondation Gala-Salvador Dal\u00ed, Figueres, 2025<\/figcaption>\n                                <\/figure>\n                                                    <\/div>\n\n                    \n                        \n                        <div class=\"swiper-slide\">\n                                                            <figure>\n                                    <a data-fancybox=\"gallery-69da22693320f\" data-src=\"https:\/\/www.salvador-dali.org\/wp-content\/uploads\/2025\/07\/Cap-IR-Gasull2012.jpg\" data-caption=\"L\u2019huile &lt;em&gt;Cap&lt;\/em&gt;, de 1926, photo en r\u00e9flectographie infrarouge \u00a9 Salvador Dal\u00ed, Fondation Gala-Salvador Dal\u00ed, Figueres, 2025\">\n                                        <img decoding=\"async\" src=\"https:\/\/www.salvador-dali.org\/wp-content\/uploads\/2025\/07\/Cap-IR-Gasull2012-1024x1014.jpg\" alt=\"L\u2019huile Cap, de 1926, photo en r\u00e9flectographie infrarouge \u00a9 Salvador Dal\u00ed, Fondation Gala-Salvador Dal\u00ed, Figueres, 2025\"> \n\t\t\t\t          \t\t\t<\/a>\n                                                                        <figcaption class=\"custom-caption\">L\u2019huile &lt;em&gt;Cap&lt;\/em&gt;, de 1926, photo en r\u00e9flectographie infrarouge \u00a9 Salvador Dal\u00ed, Fondation Gala-Salvador Dal\u00ed, Figueres, 2025<\/figcaption>\n                                <\/figure>\n                                                    <\/div>\n\n                                    <\/div>\n                <!-- Swiper navigation buttons -->\n                <div class=\"swiper-button-prev\">\n                    <span class=\"screen-reader-text\">Diapositive pr\u00e9c\u00e9dente<\/span>\n                <\/div>\n                <div class=\"swiper-button-next\">\n                    <span class=\"screen-reader-text\">Diapositiva seg\u00fcent<\/span>\n                <\/div>\n            <\/div>\n        <\/div>\n    <\/div>\n\n\n\n<!-- Swiper JS -->\n<script src=\"https:\/\/cdn.jsdelivr.net\/npm\/swiper@11\/swiper-bundle.min.js\"><\/script>\n\n<!-- Initialize Swiper -->\n<script>\n\njQuery( document ).ready(function() {      \n\n    Tipus = 'intro-images';\n\n    updateSpaceBetween();\n    spaceBetweenInicial = 60;\n    \n    if (Tipus=='intro-images' ) {\n    \/\/    spaceBetweenValueModul = 0;\n    }\n\n\n\n    console.log(\"spaceBetweenValueModul\",spaceBetweenValueModul);\n\n    var swiper = new Swiper(\"#swiper-69da22693320f\", {\n      slidesPerView: \"auto\",\n      spaceBetween: spaceBetweenInicial,\n      \tfreeMode: true,\n\t  \tbreakpoints: {\n\t        \/\/ Quan l'amplada de la pantalla sigui major a 1024px\n\t        1024: {\n\t            spaceBetween: spaceBetweenValue,\n\t        },\n\t    },\n        \/\/ Navigation arrows\n        navigation: {\n            nextEl: '.swiper-button-next',\n            prevEl: '.swiper-button-prev',\n        },\n        mousewheel: {\n            releaseOnEdges: true,\n            forceToAxis: true,\n            sensitivity:    1,\n        },\n        a11y: {\n            prevSlideMessage: 'Diapositive pr\u00e9c\u00e9dente',\n            nextSlideMessage: 'Diapositiva seg\u00fcent',\n        },\n    });\n\n\n \n\n\n    \/*\n    jQuery('.bloc-destacats').each(function() {\n        const nextDiv = jQuery(this).next('div');\n        if (nextDiv.hasClass('contingut-ampliat')) {\n            console.log('T\u00e9 .contingut-ampliat despr\u00e9s');\n            \/\/ Aqu\u00ed pots fer accions, per exemple:\n            \/\/ $nextDiv.addClass('marcat'); o $(this).append($nextDiv);\n        }\n    });\n    *\/\n})\n<\/script>\n\n","protected":false},"excerpt":{"rendered":"","protected":false},"author":3,"featured_media":2110,"parent":7623,"menu_order":2,"comment_status":"closed","ping_status":"closed","template":"","meta":{"_acf_changed":false,"_coblocks_attr":"","_coblocks_dimensions":"","_coblocks_responsive_height":"","_coblocks_accordion_ie_support":"","footnotes":""},"categories":[],"tags":[],"class_list":["post-7632","page","type-page","status-publish","has-post-thumbnail","hentry"],"acf":[],"yoast_head":"<!-- This site is optimized with the Yoast SEO plugin v27.3 - https:\/\/yoast.com\/product\/yoast-seo-wordpress\/ -->\n<title>Documentation de la technique picturale - Fundaci\u00f3 Gala - Salvador Dal\u00ed<\/title>\n<meta name=\"robots\" content=\"index, follow, max-snippet:-1, max-image-preview:large, max-video-preview:-1\" \/>\n<link rel=\"canonical\" href=\"https:\/\/www.salvador-dali.org\/fr\/oeuvre\/conservation-et-restauration\/documentation-de-la-technique-picturale\/\" \/>\n<meta property=\"og:locale\" content=\"fr_FR\" \/>\n<meta property=\"og:type\" content=\"article\" \/>\n<meta property=\"og:title\" content=\"Documentation de la technique picturale - Fundaci\u00f3 Gala - Salvador Dal\u00ed\" \/>\n<meta property=\"og:url\" content=\"https:\/\/www.salvador-dali.org\/fr\/oeuvre\/conservation-et-restauration\/documentation-de-la-technique-picturale\/\" \/>\n<meta property=\"og:site_name\" content=\"Fundaci\u00f3 Gala - Salvador Dal\u00ed\" \/>\n<meta property=\"article:publisher\" content=\"https:\/\/www.facebook.com\/MuseusDali\" \/>\n<meta property=\"article:modified_time\" content=\"2025-07-03T12:50:28+00:00\" \/>\n<meta property=\"og:image\" content=\"https:\/\/www.salvador-dali.org\/wp-content\/uploads\/2025\/03\/dscn0620_editora_77_9_10_800.jpg\" \/>\n\t<meta property=\"og:image:width\" content=\"800\" \/>\n\t<meta property=\"og:image:height\" content=\"477\" \/>\n\t<meta property=\"og:image:type\" content=\"image\/jpeg\" \/>\n<meta name=\"twitter:card\" content=\"summary_large_image\" \/>\n<meta name=\"twitter:site\" content=\"@MuseuDali\" \/>\n<meta name=\"twitter:label1\" content=\"Dur\u00e9e de lecture estim\u00e9e\" \/>\n\t<meta name=\"twitter:data1\" content=\"1 minute\" \/>\n<script type=\"application\/ld+json\" class=\"yoast-schema-graph\">{\"@context\":\"https:\\\/\\\/schema.org\",\"@graph\":[{\"@type\":\"WebPage\",\"@id\":\"https:\\\/\\\/www.salvador-dali.org\\\/fr\\\/oeuvre\\\/conservation-et-restauration\\\/documentation-de-la-technique-picturale\\\/\",\"url\":\"https:\\\/\\\/www.salvador-dali.org\\\/fr\\\/oeuvre\\\/conservation-et-restauration\\\/documentation-de-la-technique-picturale\\\/\",\"name\":\"Documentation de la technique picturale - Fundaci\u00f3 Gala - Salvador Dal\u00ed\",\"isPartOf\":{\"@id\":\"https:\\\/\\\/www.salvador-dali.org\\\/fr\\\/#website\"},\"primaryImageOfPage\":{\"@id\":\"https:\\\/\\\/www.salvador-dali.org\\\/fr\\\/oeuvre\\\/conservation-et-restauration\\\/documentation-de-la-technique-picturale\\\/#primaryimage\"},\"image\":{\"@id\":\"https:\\\/\\\/www.salvador-dali.org\\\/fr\\\/oeuvre\\\/conservation-et-restauration\\\/documentation-de-la-technique-picturale\\\/#primaryimage\"},\"thumbnailUrl\":\"https:\\\/\\\/www.salvador-dali.org\\\/wp-content\\\/uploads\\\/2025\\\/03\\\/dscn0620_editora_77_9_10_800.jpg\",\"datePublished\":\"2025-03-14T13:00:23+00:00\",\"dateModified\":\"2025-07-03T12:50:28+00:00\",\"breadcrumb\":{\"@id\":\"https:\\\/\\\/www.salvador-dali.org\\\/fr\\\/oeuvre\\\/conservation-et-restauration\\\/documentation-de-la-technique-picturale\\\/#breadcrumb\"},\"inLanguage\":\"fr-FR\",\"potentialAction\":[{\"@type\":\"ReadAction\",\"target\":[\"https:\\\/\\\/www.salvador-dali.org\\\/fr\\\/oeuvre\\\/conservation-et-restauration\\\/documentation-de-la-technique-picturale\\\/\"]}]},{\"@type\":\"ImageObject\",\"inLanguage\":\"fr-FR\",\"@id\":\"https:\\\/\\\/www.salvador-dali.org\\\/fr\\\/oeuvre\\\/conservation-et-restauration\\\/documentation-de-la-technique-picturale\\\/#primaryimage\",\"url\":\"https:\\\/\\\/www.salvador-dali.org\\\/wp-content\\\/uploads\\\/2025\\\/03\\\/dscn0620_editora_77_9_10_800.jpg\",\"contentUrl\":\"https:\\\/\\\/www.salvador-dali.org\\\/wp-content\\\/uploads\\\/2025\\\/03\\\/dscn0620_editora_77_9_10_800.jpg\",\"width\":800,\"height\":477},{\"@type\":\"BreadcrumbList\",\"@id\":\"https:\\\/\\\/www.salvador-dali.org\\\/fr\\\/oeuvre\\\/conservation-et-restauration\\\/documentation-de-la-technique-picturale\\\/#breadcrumb\",\"itemListElement\":[{\"@type\":\"ListItem\",\"position\":1,\"name\":\"Inici\",\"item\":\"https:\\\/\\\/www.salvador-dali.org\\\/fr\\\/\"},{\"@type\":\"ListItem\",\"position\":2,\"name\":\"Documentation de la technique picturale\"}]},{\"@type\":\"WebSite\",\"@id\":\"https:\\\/\\\/www.salvador-dali.org\\\/fr\\\/#website\",\"url\":\"https:\\\/\\\/www.salvador-dali.org\\\/fr\\\/\",\"name\":\"Fundaci\u00f3 Gala - Salvador Dal\u00ed\",\"description\":\"\",\"publisher\":{\"@id\":\"https:\\\/\\\/www.salvador-dali.org\\\/fr\\\/#organization\"},\"potentialAction\":[{\"@type\":\"SearchAction\",\"target\":{\"@type\":\"EntryPoint\",\"urlTemplate\":\"https:\\\/\\\/www.salvador-dali.org\\\/fr\\\/?s={search_term_string}\"},\"query-input\":{\"@type\":\"PropertyValueSpecification\",\"valueRequired\":true,\"valueName\":\"search_term_string\"}}],\"inLanguage\":\"fr-FR\"},{\"@type\":\"Organization\",\"@id\":\"https:\\\/\\\/www.salvador-dali.org\\\/fr\\\/#organization\",\"name\":\"Fundaci\u00f3 Gala - Salvador Dal\u00ed\",\"url\":\"https:\\\/\\\/www.salvador-dali.org\\\/fr\\\/\",\"logo\":{\"@type\":\"ImageObject\",\"inLanguage\":\"fr-FR\",\"@id\":\"https:\\\/\\\/www.salvador-dali.org\\\/fr\\\/#\\\/schema\\\/logo\\\/image\\\/\",\"url\":\"https:\\\/\\\/www.salvador-dali.org\\\/wp-content\\\/uploads\\\/2025\\\/04\\\/fundacio-gala-salvador-dali.png\",\"contentUrl\":\"https:\\\/\\\/www.salvador-dali.org\\\/wp-content\\\/uploads\\\/2025\\\/04\\\/fundacio-gala-salvador-dali.png\",\"width\":240,\"height\":240,\"caption\":\"Fundaci\u00f3 Gala - Salvador Dal\u00ed\"},\"image\":{\"@id\":\"https:\\\/\\\/www.salvador-dali.org\\\/fr\\\/#\\\/schema\\\/logo\\\/image\\\/\"},\"sameAs\":[\"https:\\\/\\\/www.facebook.com\\\/MuseusDali\",\"https:\\\/\\\/x.com\\\/MuseuDali\",\"https:\\\/\\\/www.youtube.com\\\/user\\\/FundacioDali\",\"https:\\\/\\\/www.flickr.com\\\/fundacio_dali\\\/\",\"https:\\\/\\\/instagram.com\\\/museudali\"]}]}<\/script>\n<!-- \/ Yoast SEO plugin. -->","yoast_head_json":{"title":"Documentation de la technique picturale - Fundaci\u00f3 Gala - Salvador Dal\u00ed","robots":{"index":"index","follow":"follow","max-snippet":"max-snippet:-1","max-image-preview":"max-image-preview:large","max-video-preview":"max-video-preview:-1"},"canonical":"https:\/\/www.salvador-dali.org\/fr\/oeuvre\/conservation-et-restauration\/documentation-de-la-technique-picturale\/","og_locale":"fr_FR","og_type":"article","og_title":"Documentation de la technique picturale - Fundaci\u00f3 Gala - Salvador Dal\u00ed","og_url":"https:\/\/www.salvador-dali.org\/fr\/oeuvre\/conservation-et-restauration\/documentation-de-la-technique-picturale\/","og_site_name":"Fundaci\u00f3 Gala - Salvador Dal\u00ed","article_publisher":"https:\/\/www.facebook.com\/MuseusDali","article_modified_time":"2025-07-03T12:50:28+00:00","og_image":[{"width":800,"height":477,"url":"https:\/\/www.salvador-dali.org\/wp-content\/uploads\/2025\/03\/dscn0620_editora_77_9_10_800.jpg","type":"image\/jpeg"}],"twitter_card":"summary_large_image","twitter_site":"@MuseuDali","twitter_misc":{"Dur\u00e9e de lecture estim\u00e9e":"1 minute"},"schema":{"@context":"https:\/\/schema.org","@graph":[{"@type":"WebPage","@id":"https:\/\/www.salvador-dali.org\/fr\/oeuvre\/conservation-et-restauration\/documentation-de-la-technique-picturale\/","url":"https:\/\/www.salvador-dali.org\/fr\/oeuvre\/conservation-et-restauration\/documentation-de-la-technique-picturale\/","name":"Documentation de la technique picturale - Fundaci\u00f3 Gala - Salvador Dal\u00ed","isPartOf":{"@id":"https:\/\/www.salvador-dali.org\/fr\/#website"},"primaryImageOfPage":{"@id":"https:\/\/www.salvador-dali.org\/fr\/oeuvre\/conservation-et-restauration\/documentation-de-la-technique-picturale\/#primaryimage"},"image":{"@id":"https:\/\/www.salvador-dali.org\/fr\/oeuvre\/conservation-et-restauration\/documentation-de-la-technique-picturale\/#primaryimage"},"thumbnailUrl":"https:\/\/www.salvador-dali.org\/wp-content\/uploads\/2025\/03\/dscn0620_editora_77_9_10_800.jpg","datePublished":"2025-03-14T13:00:23+00:00","dateModified":"2025-07-03T12:50:28+00:00","breadcrumb":{"@id":"https:\/\/www.salvador-dali.org\/fr\/oeuvre\/conservation-et-restauration\/documentation-de-la-technique-picturale\/#breadcrumb"},"inLanguage":"fr-FR","potentialAction":[{"@type":"ReadAction","target":["https:\/\/www.salvador-dali.org\/fr\/oeuvre\/conservation-et-restauration\/documentation-de-la-technique-picturale\/"]}]},{"@type":"ImageObject","inLanguage":"fr-FR","@id":"https:\/\/www.salvador-dali.org\/fr\/oeuvre\/conservation-et-restauration\/documentation-de-la-technique-picturale\/#primaryimage","url":"https:\/\/www.salvador-dali.org\/wp-content\/uploads\/2025\/03\/dscn0620_editora_77_9_10_800.jpg","contentUrl":"https:\/\/www.salvador-dali.org\/wp-content\/uploads\/2025\/03\/dscn0620_editora_77_9_10_800.jpg","width":800,"height":477},{"@type":"BreadcrumbList","@id":"https:\/\/www.salvador-dali.org\/fr\/oeuvre\/conservation-et-restauration\/documentation-de-la-technique-picturale\/#breadcrumb","itemListElement":[{"@type":"ListItem","position":1,"name":"Inici","item":"https:\/\/www.salvador-dali.org\/fr\/"},{"@type":"ListItem","position":2,"name":"Documentation de la technique picturale"}]},{"@type":"WebSite","@id":"https:\/\/www.salvador-dali.org\/fr\/#website","url":"https:\/\/www.salvador-dali.org\/fr\/","name":"Fundaci\u00f3 Gala - Salvador Dal\u00ed","description":"","publisher":{"@id":"https:\/\/www.salvador-dali.org\/fr\/#organization"},"potentialAction":[{"@type":"SearchAction","target":{"@type":"EntryPoint","urlTemplate":"https:\/\/www.salvador-dali.org\/fr\/?s={search_term_string}"},"query-input":{"@type":"PropertyValueSpecification","valueRequired":true,"valueName":"search_term_string"}}],"inLanguage":"fr-FR"},{"@type":"Organization","@id":"https:\/\/www.salvador-dali.org\/fr\/#organization","name":"Fundaci\u00f3 Gala - Salvador Dal\u00ed","url":"https:\/\/www.salvador-dali.org\/fr\/","logo":{"@type":"ImageObject","inLanguage":"fr-FR","@id":"https:\/\/www.salvador-dali.org\/fr\/#\/schema\/logo\/image\/","url":"https:\/\/www.salvador-dali.org\/wp-content\/uploads\/2025\/04\/fundacio-gala-salvador-dali.png","contentUrl":"https:\/\/www.salvador-dali.org\/wp-content\/uploads\/2025\/04\/fundacio-gala-salvador-dali.png","width":240,"height":240,"caption":"Fundaci\u00f3 Gala - Salvador Dal\u00ed"},"image":{"@id":"https:\/\/www.salvador-dali.org\/fr\/#\/schema\/logo\/image\/"},"sameAs":["https:\/\/www.facebook.com\/MuseusDali","https:\/\/x.com\/MuseuDali","https:\/\/www.youtube.com\/user\/FundacioDali","https:\/\/www.flickr.com\/fundacio_dali\/","https:\/\/instagram.com\/museudali"]}]}},"_links":{"self":[{"href":"https:\/\/www.salvador-dali.org\/fr\/wp-json\/wp\/v2\/pages\/7632","targetHints":{"allow":["GET"]}}],"collection":[{"href":"https:\/\/www.salvador-dali.org\/fr\/wp-json\/wp\/v2\/pages"}],"about":[{"href":"https:\/\/www.salvador-dali.org\/fr\/wp-json\/wp\/v2\/types\/page"}],"author":[{"embeddable":true,"href":"https:\/\/www.salvador-dali.org\/fr\/wp-json\/wp\/v2\/users\/3"}],"replies":[{"embeddable":true,"href":"https:\/\/www.salvador-dali.org\/fr\/wp-json\/wp\/v2\/comments?post=7632"}],"version-history":[{"count":0,"href":"https:\/\/www.salvador-dali.org\/fr\/wp-json\/wp\/v2\/pages\/7632\/revisions"}],"up":[{"embeddable":true,"href":"https:\/\/www.salvador-dali.org\/fr\/wp-json\/wp\/v2\/pages\/7623"}],"wp:featuredmedia":[{"embeddable":true,"href":"https:\/\/www.salvador-dali.org\/fr\/wp-json\/wp\/v2\/media\/2110"}],"wp:attachment":[{"href":"https:\/\/www.salvador-dali.org\/fr\/wp-json\/wp\/v2\/media?parent=7632"}],"wp:term":[{"taxonomy":"category","embeddable":true,"href":"https:\/\/www.salvador-dali.org\/fr\/wp-json\/wp\/v2\/categories?post=7632"},{"taxonomy":"post_tag","embeddable":true,"href":"https:\/\/www.salvador-dali.org\/fr\/wp-json\/wp\/v2\/tags?post=7632"}],"curies":[{"name":"wp","href":"https:\/\/api.w.org\/{rel}","templated":true}]}}