{"id":7638,"date":"2025-03-14T14:51:00","date_gmt":"2025-03-14T12:51:00","guid":{"rendered":"https:\/\/www.salvador-dali.org\/obra\/conservacio-i-restauracio\/intervencions-en-obres-pictoriques\/"},"modified":"2025-07-03T14:53:11","modified_gmt":"2025-07-03T12:53:11","slug":"interventions-sur-des-oeuvres-picturales","status":"publish","type":"page","link":"https:\/\/www.salvador-dali.org\/fr\/oeuvre\/conservation-et-restauration\/interventions-sur-des-oeuvres-picturales\/","title":{"rendered":"Interventions sur des \u0153uvres picturales"},"content":{"rendered":"\n<div class=\"wp-block-columns global-column is-layout-flex wp-container-core-columns-is-layout-9d6595d7 wp-block-columns-is-layout-flex\">\n<div class=\"wp-block-column is-layout-flow wp-block-column-is-layout-flow\">\n<p class=\"wp-block-custom-entradeta entradeta\"><em>Table devant la mer : Hommage \u00e0 \u00c9ric Satie<\/em> est une \u0153uvre de jeunesse peinte en 1926. Il s\u2019agit d\u2019un tableau de 150 x 90 cm que, comme dans d\u2019autres cas durant cette p\u00e9riode, Dal\u00ed a peint \u00e0 l\u2019huile directement sur la toile, laissant au revers la pr\u00e9paration industrielle visible. Cette technique met en valeur la texture de la toile et lui permet \u00e9galement de jouer avec la couleur du support textile dans les zones ocre.<\/p>\n<\/div>\n<\/div>\n\n\n    <div  class=\"wp-block-columns swiper-column  intro intro-images bloc-destacats imatges\" style=\"background-image: linear-gradient(to right, white, white)\">\n        <div class=\"wp-block-column\">\n            <div id=\"swiper-69da1fb1b075b\" class=\"swiper destacats dues\" >\n                <div class=\"swiper-wrapper\">\n\n                                            <div class=\"swiper-slide intro\">\n                            <span class=\"image-background\" style=\"background-image:url(https:\/\/www.salvador-dali.org\/wp-content\/uploads\/2025\/03\/eric_satie__entrada_editora_77_8_1_800.jpg)\"><\/span>\n                            \n                        <\/div>\n                        <div class=\"swiper-slide\">\n                           <div class=\"descripcio\">\n                            <h2>Restaurer une \u0153uvre d\u00e9j\u00e0 restaur\u00e9e<\/h2>\n                            <p>L\u2019\u0153uvre \u00e9tait conserv\u00e9e dans les r\u00e9serves de la Fondation et pr\u00e9sentait, depuis plusieurs ann\u00e9es, une grande d\u00e9chirure dans la partie sup\u00e9rieure centrale de la toile, \u00e0 c\u00f4t\u00e9 de la t\u00eate du personnage peint. Lors d\u2019une restauration ant\u00e9rieure, cette d\u00e9chirure avait \u00e9t\u00e9 consolid\u00e9e par la pose d\u2019une pi\u00e8ce de toile au revers, mais les r\u00e9sultats n\u2019avaient pas \u00e9t\u00e9 satisfaisants : le patch se d\u00e9collait et provoquait des d\u00e9formations de la toile. Des bandes avaient \u00e9galement \u00e9t\u00e9 fix\u00e9es sur le p\u00e9rim\u00e8tre de l\u2019\u0153uvre pour renforcer les bords de la peinture et les retendre sur le ch\u00e2ssis. Les marges pr\u00e9sentaient des r\u00e9sidus de colle et de papier adh\u00e9rant \u00e0 la peinture, probablement issus d\u2019un ruban adh\u00e9sif utilis\u00e9 lors d\u2019un encadrement ant\u00e9rieur, et aux quatre coins, la toile \u00e9tait d\u00e9coll\u00e9e et effiloch\u00e9e. De petites pertes localis\u00e9es de la couche picturale \u00e9taient \u00e9galement visibles sur le visage et sur la jambe rouge du personnage.<\/p>\n<p>Apr\u00e8s un examen de l\u2019\u0153uvre sous diff\u00e9rents types d\u2019\u00e9clairage, le processus de conservation-restauration a commenc\u00e9 par un nettoyage de surface g\u00e9n\u00e9ral, suivi du retrait du patch de toile partiellement d\u00e9coll\u00e9. Ensuite, les d\u00e9formations dans la zone de la d\u00e9chirure ont \u00e9t\u00e9 aplanies \u00e0 l\u2019aide d\u2019humidit\u00e9 et de poids contr\u00f4l\u00e9s, et toutes les fibres textiles effiloch\u00e9es ont \u00e9t\u00e9 repositionn\u00e9es et consolid\u00e9es une \u00e0 une, fil par fil, \u00e0 l\u2019aide d\u2019un adh\u00e9sif appropri\u00e9.<\/p>\n<p>Les bords de la peinture ont \u00e9t\u00e9 consolid\u00e9s et nettoy\u00e9s, ce qui a permis d\u2019\u00e9liminer les r\u00e9sidus de colle et de papier. Enfin, les petites pertes de couche picturale, tant dans la zone de la d\u00e9chirure que sur les marges, ont \u00e9t\u00e9 mastic\u00e9es et retouch\u00e9es chromatiquement afin de restituer l\u2019unit\u00e9 esth\u00e9tique de l\u2019\u0153uvre.<\/p>\n                            <\/div>\n\n                                                    <\/div>\n                    \n\n                    \n                        \n                        <div class=\"swiper-slide\">\n                                                            <figure>\n                                    <a data-fancybox=\"gallery-69da1fb1b075b\" data-src=\"https:\/\/www.salvador-dali.org\/wp-content\/uploads\/2025\/03\/eric_satie__entrada_editora_77_8_1_800.jpg\" data-caption=\"Pendant le processus de retouche chromatique des petites pertes picturales\">\n                                        <img decoding=\"async\" src=\"https:\/\/www.salvador-dali.org\/wp-content\/uploads\/2025\/03\/eric_satie__entrada_editora_77_8_1_800.jpg\" alt=\"Pendant le processus de retouche chromatique des petites pertes picturales\"> \n\t\t\t\t          \t\t\t<\/a>\n                                                                        <figcaption class=\"custom-caption\">Pendant le processus de retouche chromatique des petites pertes picturales<\/figcaption>\n                                <\/figure>\n                                                    <\/div>\n\n                    \n                        \n                        <div class=\"swiper-slide\">\n                                                            <figure>\n                                    <a data-fancybox=\"gallery-69da1fb1b075b\" data-src=\"https:\/\/www.salvador-dali.org\/wp-content\/uploads\/2025\/06\/Intervencio-obres-pictoriques-1.jpg\" data-caption=\"&lt;em&gt;Table devant la mer. Hommage \u00e0 Erik Satie&lt;\/em&gt; La d\u00e9chirure \u00e9tait tr\u00e8s visible car situ\u00e9e \u00e0 c\u00f4t\u00e9 de la t\u00eate du personnage, 1926 \u00a9 Salvador Dal\u00ed, Fondation Gala-Salvador Dal\u00ed, Figueres, 2025\">\n                                        <img decoding=\"async\" src=\"https:\/\/www.salvador-dali.org\/wp-content\/uploads\/2025\/06\/Intervencio-obres-pictoriques-1.jpg\" alt=\"Table devant la mer. Hommage \u00e0 Erik Satie La d\u00e9chirure \u00e9tait tr\u00e8s visible car situ\u00e9e \u00e0 c\u00f4t\u00e9 de la t\u00eate du personnage, 1926 \u00a9 Salvador Dal\u00ed, Fondation Gala-Salvador Dal\u00ed, Figueres, 2025\"> \n\t\t\t\t          \t\t\t<\/a>\n                                                                        <figcaption class=\"custom-caption\">&lt;em&gt;Table devant la mer. Hommage \u00e0 Erik Satie&lt;\/em&gt; La d\u00e9chirure \u00e9tait tr\u00e8s visible car situ\u00e9e \u00e0 c\u00f4t\u00e9 de la t\u00eate du personnage, 1926 \u00a9 Salvador Dal\u00ed, Fondation Gala-Salvador Dal\u00ed, Figueres, 2025<\/figcaption>\n                                <\/figure>\n                                                    <\/div>\n\n                    \n                        \n                        <div class=\"swiper-slide\">\n                                                            <figure>\n                                    <a data-fancybox=\"gallery-69da1fb1b075b\" data-src=\"https:\/\/www.salvador-dali.org\/wp-content\/uploads\/2025\/06\/Intervencio-obres-pictoriques-2.jpg\" data-caption=\"&lt;em&gt;Table devant la mer. Hommage \u00e0 Erik Satie&lt;\/em&gt;, 1926 \u00a9 Salvador Dal\u00ed, Fondation Gala-Salvador Dal\u00ed, Figueres, 2025\">\n                                        <img decoding=\"async\" src=\"https:\/\/www.salvador-dali.org\/wp-content\/uploads\/2025\/06\/Intervencio-obres-pictoriques-2.jpg\" alt=\"Table devant la mer. Hommage \u00e0 Erik Satie, 1926 \u00a9 Salvador Dal\u00ed, Fondation Gala-Salvador Dal\u00ed, Figueres, 2025\"> \n\t\t\t\t          \t\t\t<\/a>\n                                                                        <figcaption class=\"custom-caption\">&lt;em&gt;Table devant la mer. Hommage \u00e0 Erik Satie&lt;\/em&gt;, 1926 \u00a9 Salvador Dal\u00ed, Fondation Gala-Salvador Dal\u00ed, Figueres, 2025<\/figcaption>\n                                <\/figure>\n                                                    <\/div>\n\n                    \n                        \n                        <div class=\"swiper-slide\">\n                                                            <figure>\n                                    <a data-fancybox=\"gallery-69da1fb1b075b\" data-src=\"https:\/\/www.salvador-dali.org\/wp-content\/uploads\/2025\/07\/0022__38_tall.jpg\" data-caption=\"&lt;em&gt;Table devant la mer. Hommage \u00e0 Erik Satie&lt;\/em&gt; (Alt\u00e9ration de la peinture caus\u00e9e par une d\u00e9chirure de la toile, avant restauration), 1926 \u00a9 Salvador Dal\u00ed, Fondation Gala-Salvador Dal\u00ed, Figueres, 2025\">\n                                        <img decoding=\"async\" src=\"https:\/\/www.salvador-dali.org\/wp-content\/uploads\/2025\/07\/0022__38_tall-1024x768.jpg\" alt=\"Table devant la mer. Hommage \u00e0 Erik Satie (Alt\u00e9ration de la peinture caus\u00e9e par une d\u00e9chirure de la toile, avant restauration), 1926 \u00a9 Salvador Dal\u00ed, Fondation Gala-Salvador Dal\u00ed, Figueres, 2025\"> \n\t\t\t\t          \t\t\t<\/a>\n                                                                        <figcaption class=\"custom-caption\">&lt;em&gt;Table devant la mer. Hommage \u00e0 Erik Satie&lt;\/em&gt; (Alt\u00e9ration de la peinture caus\u00e9e par une d\u00e9chirure de la toile, avant restauration), 1926 \u00a9 Salvador Dal\u00ed, Fondation Gala-Salvador Dal\u00ed, Figueres, 2025<\/figcaption>\n                                <\/figure>\n                                                    <\/div>\n\n                    \n                        \n                        <div class=\"swiper-slide\">\n                                                            <figure>\n                                    <a data-fancybox=\"gallery-69da1fb1b075b\" data-src=\"https:\/\/www.salvador-dali.org\/wp-content\/uploads\/2025\/07\/0022__40_tallrestaurat2.jpg\" data-caption=\"&lt;em&gt;Table devant la mer. Hommage \u00e0 Erik Satie&lt;\/em&gt; (Apr\u00e8s restauration, la d\u00e9chirure est consolid\u00e9e et r\u00e9int\u00e9gr\u00e9e esth\u00e9tiquement), 1926 \u00a9 Salvador Dal\u00ed, Fondation Gala-Salvador Dal\u00ed, Figueres, 2025\">\n                                        <img decoding=\"async\" src=\"https:\/\/www.salvador-dali.org\/wp-content\/uploads\/2025\/07\/0022__40_tallrestaurat2-1024x768.jpg\" alt=\"Table devant la mer. Hommage \u00e0 Erik Satie (Apr\u00e8s restauration, la d\u00e9chirure est consolid\u00e9e et r\u00e9int\u00e9gr\u00e9e esth\u00e9tiquement), 1926 \u00a9 Salvador Dal\u00ed, Fondation Gala-Salvador Dal\u00ed, Figueres, 2025\"> \n\t\t\t\t          \t\t\t<\/a>\n                                                                        <figcaption class=\"custom-caption\">&lt;em&gt;Table devant la mer. Hommage \u00e0 Erik Satie&lt;\/em&gt; (Apr\u00e8s restauration, la d\u00e9chirure est consolid\u00e9e et r\u00e9int\u00e9gr\u00e9e esth\u00e9tiquement), 1926 \u00a9 Salvador Dal\u00ed, Fondation Gala-Salvador Dal\u00ed, Figueres, 2025<\/figcaption>\n                                <\/figure>\n                                                    <\/div>\n\n                                    <\/div>\n                <!-- Swiper navigation buttons -->\n                <div class=\"swiper-button-prev\">\n                    <span class=\"screen-reader-text\">Diapositive pr\u00e9c\u00e9dente<\/span>\n                <\/div>\n                <div class=\"swiper-button-next\">\n                    <span class=\"screen-reader-text\">Diapositiva seg\u00fcent<\/span>\n                <\/div>\n            <\/div>\n        <\/div>\n    <\/div>\n\n\n\n<!-- Swiper JS -->\n<script src=\"https:\/\/cdn.jsdelivr.net\/npm\/swiper@11\/swiper-bundle.min.js\"><\/script>\n\n<!-- Initialize Swiper -->\n<script>\n\njQuery( document ).ready(function() {      \n\n    Tipus = 'intro-images';\n\n    updateSpaceBetween();\n    spaceBetweenInicial = 60;\n    \n    if (Tipus=='intro-images' ) {\n    \/\/    spaceBetweenValueModul = 0;\n    }\n\n\n\n    console.log(\"spaceBetweenValueModul\",spaceBetweenValueModul);\n\n    var swiper = new Swiper(\"#swiper-69da1fb1b075b\", {\n      slidesPerView: \"auto\",\n      spaceBetween: spaceBetweenInicial,\n      \tfreeMode: true,\n\t  \tbreakpoints: {\n\t        \/\/ Quan l'amplada de la pantalla sigui major a 1024px\n\t        1024: {\n\t            spaceBetween: spaceBetweenValue,\n\t        },\n\t    },\n        \/\/ Navigation arrows\n        navigation: {\n            nextEl: '.swiper-button-next',\n            prevEl: '.swiper-button-prev',\n        },\n        mousewheel: {\n            releaseOnEdges: true,\n            forceToAxis: true,\n            sensitivity:    1,\n        },\n        a11y: {\n            prevSlideMessage: 'Diapositive pr\u00e9c\u00e9dente',\n            nextSlideMessage: 'Diapositiva seg\u00fcent',\n        },\n    });\n\n\n \n\n\n    \/*\n    jQuery('.bloc-destacats').each(function() {\n        const nextDiv = jQuery(this).next('div');\n        if (nextDiv.hasClass('contingut-ampliat')) {\n            console.log('T\u00e9 .contingut-ampliat despr\u00e9s');\n            \/\/ Aqu\u00ed pots fer accions, per exemple:\n            \/\/ $nextDiv.addClass('marcat'); o $(this).append($nextDiv);\n        }\n    });\n    *\/\n})\n<\/script>\n\n","protected":false},"excerpt":{"rendered":"","protected":false},"author":3,"featured_media":2098,"parent":7623,"menu_order":4,"comment_status":"closed","ping_status":"closed","template":"","meta":{"_acf_changed":false,"_coblocks_attr":"","_coblocks_dimensions":"","_coblocks_responsive_height":"","_coblocks_accordion_ie_support":"","footnotes":""},"categories":[],"tags":[],"class_list":["post-7638","page","type-page","status-publish","has-post-thumbnail","hentry"],"acf":[],"yoast_head":"<!-- This site is optimized with the Yoast SEO plugin v27.3 - https:\/\/yoast.com\/product\/yoast-seo-wordpress\/ -->\n<title>Interventions sur des \u0153uvres picturales - Fundaci\u00f3 Gala - Salvador Dal\u00ed<\/title>\n<meta name=\"robots\" content=\"index, follow, max-snippet:-1, max-image-preview:large, max-video-preview:-1\" \/>\n<link rel=\"canonical\" href=\"https:\/\/www.salvador-dali.org\/fr\/oeuvre\/conservation-et-restauration\/interventions-sur-des-oeuvres-picturales\/\" \/>\n<meta property=\"og:locale\" content=\"fr_FR\" \/>\n<meta property=\"og:type\" content=\"article\" \/>\n<meta property=\"og:title\" content=\"Interventions sur des \u0153uvres picturales - Fundaci\u00f3 Gala - Salvador Dal\u00ed\" \/>\n<meta property=\"og:url\" content=\"https:\/\/www.salvador-dali.org\/fr\/oeuvre\/conservation-et-restauration\/interventions-sur-des-oeuvres-picturales\/\" \/>\n<meta property=\"og:site_name\" content=\"Fundaci\u00f3 Gala - Salvador Dal\u00ed\" \/>\n<meta property=\"article:publisher\" content=\"https:\/\/www.facebook.com\/MuseusDali\" \/>\n<meta property=\"article:modified_time\" content=\"2025-07-03T12:53:11+00:00\" \/>\n<meta property=\"og:image\" content=\"https:\/\/www.salvador-dali.org\/wp-content\/uploads\/2025\/03\/eric_satie__entrada_editora_77_8_1_800.jpg\" \/>\n\t<meta property=\"og:image:width\" content=\"800\" \/>\n\t<meta property=\"og:image:height\" content=\"600\" \/>\n\t<meta property=\"og:image:type\" content=\"image\/jpeg\" \/>\n<meta name=\"twitter:card\" content=\"summary_large_image\" \/>\n<meta name=\"twitter:site\" content=\"@MuseuDali\" \/>\n<meta name=\"twitter:label1\" content=\"Dur\u00e9e de lecture estim\u00e9e\" \/>\n\t<meta name=\"twitter:data1\" content=\"1 minute\" \/>\n<script type=\"application\/ld+json\" class=\"yoast-schema-graph\">{\"@context\":\"https:\\\/\\\/schema.org\",\"@graph\":[{\"@type\":\"WebPage\",\"@id\":\"https:\\\/\\\/www.salvador-dali.org\\\/fr\\\/oeuvre\\\/conservation-et-restauration\\\/interventions-sur-des-oeuvres-picturales\\\/\",\"url\":\"https:\\\/\\\/www.salvador-dali.org\\\/fr\\\/oeuvre\\\/conservation-et-restauration\\\/interventions-sur-des-oeuvres-picturales\\\/\",\"name\":\"Interventions sur des \u0153uvres picturales - Fundaci\u00f3 Gala - Salvador Dal\u00ed\",\"isPartOf\":{\"@id\":\"https:\\\/\\\/www.salvador-dali.org\\\/fr\\\/#website\"},\"primaryImageOfPage\":{\"@id\":\"https:\\\/\\\/www.salvador-dali.org\\\/fr\\\/oeuvre\\\/conservation-et-restauration\\\/interventions-sur-des-oeuvres-picturales\\\/#primaryimage\"},\"image\":{\"@id\":\"https:\\\/\\\/www.salvador-dali.org\\\/fr\\\/oeuvre\\\/conservation-et-restauration\\\/interventions-sur-des-oeuvres-picturales\\\/#primaryimage\"},\"thumbnailUrl\":\"https:\\\/\\\/www.salvador-dali.org\\\/wp-content\\\/uploads\\\/2025\\\/03\\\/eric_satie__entrada_editora_77_8_1_800.jpg\",\"datePublished\":\"2025-03-14T12:51:00+00:00\",\"dateModified\":\"2025-07-03T12:53:11+00:00\",\"breadcrumb\":{\"@id\":\"https:\\\/\\\/www.salvador-dali.org\\\/fr\\\/oeuvre\\\/conservation-et-restauration\\\/interventions-sur-des-oeuvres-picturales\\\/#breadcrumb\"},\"inLanguage\":\"fr-FR\",\"potentialAction\":[{\"@type\":\"ReadAction\",\"target\":[\"https:\\\/\\\/www.salvador-dali.org\\\/fr\\\/oeuvre\\\/conservation-et-restauration\\\/interventions-sur-des-oeuvres-picturales\\\/\"]}]},{\"@type\":\"ImageObject\",\"inLanguage\":\"fr-FR\",\"@id\":\"https:\\\/\\\/www.salvador-dali.org\\\/fr\\\/oeuvre\\\/conservation-et-restauration\\\/interventions-sur-des-oeuvres-picturales\\\/#primaryimage\",\"url\":\"https:\\\/\\\/www.salvador-dali.org\\\/wp-content\\\/uploads\\\/2025\\\/03\\\/eric_satie__entrada_editora_77_8_1_800.jpg\",\"contentUrl\":\"https:\\\/\\\/www.salvador-dali.org\\\/wp-content\\\/uploads\\\/2025\\\/03\\\/eric_satie__entrada_editora_77_8_1_800.jpg\",\"width\":800,\"height\":600,\"caption\":\"Pendant le processus de retouche chromatique des petites pertes picturales\"},{\"@type\":\"BreadcrumbList\",\"@id\":\"https:\\\/\\\/www.salvador-dali.org\\\/fr\\\/oeuvre\\\/conservation-et-restauration\\\/interventions-sur-des-oeuvres-picturales\\\/#breadcrumb\",\"itemListElement\":[{\"@type\":\"ListItem\",\"position\":1,\"name\":\"Inici\",\"item\":\"https:\\\/\\\/www.salvador-dali.org\\\/fr\\\/\"},{\"@type\":\"ListItem\",\"position\":2,\"name\":\"Interventions sur des \u0153uvres picturales\"}]},{\"@type\":\"WebSite\",\"@id\":\"https:\\\/\\\/www.salvador-dali.org\\\/fr\\\/#website\",\"url\":\"https:\\\/\\\/www.salvador-dali.org\\\/fr\\\/\",\"name\":\"Fundaci\u00f3 Gala - Salvador Dal\u00ed\",\"description\":\"\",\"publisher\":{\"@id\":\"https:\\\/\\\/www.salvador-dali.org\\\/fr\\\/#organization\"},\"potentialAction\":[{\"@type\":\"SearchAction\",\"target\":{\"@type\":\"EntryPoint\",\"urlTemplate\":\"https:\\\/\\\/www.salvador-dali.org\\\/fr\\\/?s={search_term_string}\"},\"query-input\":{\"@type\":\"PropertyValueSpecification\",\"valueRequired\":true,\"valueName\":\"search_term_string\"}}],\"inLanguage\":\"fr-FR\"},{\"@type\":\"Organization\",\"@id\":\"https:\\\/\\\/www.salvador-dali.org\\\/fr\\\/#organization\",\"name\":\"Fundaci\u00f3 Gala - Salvador Dal\u00ed\",\"url\":\"https:\\\/\\\/www.salvador-dali.org\\\/fr\\\/\",\"logo\":{\"@type\":\"ImageObject\",\"inLanguage\":\"fr-FR\",\"@id\":\"https:\\\/\\\/www.salvador-dali.org\\\/fr\\\/#\\\/schema\\\/logo\\\/image\\\/\",\"url\":\"https:\\\/\\\/www.salvador-dali.org\\\/wp-content\\\/uploads\\\/2025\\\/04\\\/fundacio-gala-salvador-dali.png\",\"contentUrl\":\"https:\\\/\\\/www.salvador-dali.org\\\/wp-content\\\/uploads\\\/2025\\\/04\\\/fundacio-gala-salvador-dali.png\",\"width\":240,\"height\":240,\"caption\":\"Fundaci\u00f3 Gala - Salvador Dal\u00ed\"},\"image\":{\"@id\":\"https:\\\/\\\/www.salvador-dali.org\\\/fr\\\/#\\\/schema\\\/logo\\\/image\\\/\"},\"sameAs\":[\"https:\\\/\\\/www.facebook.com\\\/MuseusDali\",\"https:\\\/\\\/x.com\\\/MuseuDali\",\"https:\\\/\\\/www.youtube.com\\\/user\\\/FundacioDali\",\"https:\\\/\\\/www.flickr.com\\\/fundacio_dali\\\/\",\"https:\\\/\\\/instagram.com\\\/museudali\"]}]}<\/script>\n<!-- \/ Yoast SEO plugin. -->","yoast_head_json":{"title":"Interventions sur des \u0153uvres picturales - Fundaci\u00f3 Gala - Salvador Dal\u00ed","robots":{"index":"index","follow":"follow","max-snippet":"max-snippet:-1","max-image-preview":"max-image-preview:large","max-video-preview":"max-video-preview:-1"},"canonical":"https:\/\/www.salvador-dali.org\/fr\/oeuvre\/conservation-et-restauration\/interventions-sur-des-oeuvres-picturales\/","og_locale":"fr_FR","og_type":"article","og_title":"Interventions sur des \u0153uvres picturales - Fundaci\u00f3 Gala - Salvador Dal\u00ed","og_url":"https:\/\/www.salvador-dali.org\/fr\/oeuvre\/conservation-et-restauration\/interventions-sur-des-oeuvres-picturales\/","og_site_name":"Fundaci\u00f3 Gala - Salvador Dal\u00ed","article_publisher":"https:\/\/www.facebook.com\/MuseusDali","article_modified_time":"2025-07-03T12:53:11+00:00","og_image":[{"width":800,"height":600,"url":"https:\/\/www.salvador-dali.org\/wp-content\/uploads\/2025\/03\/eric_satie__entrada_editora_77_8_1_800.jpg","type":"image\/jpeg"}],"twitter_card":"summary_large_image","twitter_site":"@MuseuDali","twitter_misc":{"Dur\u00e9e de lecture estim\u00e9e":"1 minute"},"schema":{"@context":"https:\/\/schema.org","@graph":[{"@type":"WebPage","@id":"https:\/\/www.salvador-dali.org\/fr\/oeuvre\/conservation-et-restauration\/interventions-sur-des-oeuvres-picturales\/","url":"https:\/\/www.salvador-dali.org\/fr\/oeuvre\/conservation-et-restauration\/interventions-sur-des-oeuvres-picturales\/","name":"Interventions sur des \u0153uvres picturales - Fundaci\u00f3 Gala - Salvador Dal\u00ed","isPartOf":{"@id":"https:\/\/www.salvador-dali.org\/fr\/#website"},"primaryImageOfPage":{"@id":"https:\/\/www.salvador-dali.org\/fr\/oeuvre\/conservation-et-restauration\/interventions-sur-des-oeuvres-picturales\/#primaryimage"},"image":{"@id":"https:\/\/www.salvador-dali.org\/fr\/oeuvre\/conservation-et-restauration\/interventions-sur-des-oeuvres-picturales\/#primaryimage"},"thumbnailUrl":"https:\/\/www.salvador-dali.org\/wp-content\/uploads\/2025\/03\/eric_satie__entrada_editora_77_8_1_800.jpg","datePublished":"2025-03-14T12:51:00+00:00","dateModified":"2025-07-03T12:53:11+00:00","breadcrumb":{"@id":"https:\/\/www.salvador-dali.org\/fr\/oeuvre\/conservation-et-restauration\/interventions-sur-des-oeuvres-picturales\/#breadcrumb"},"inLanguage":"fr-FR","potentialAction":[{"@type":"ReadAction","target":["https:\/\/www.salvador-dali.org\/fr\/oeuvre\/conservation-et-restauration\/interventions-sur-des-oeuvres-picturales\/"]}]},{"@type":"ImageObject","inLanguage":"fr-FR","@id":"https:\/\/www.salvador-dali.org\/fr\/oeuvre\/conservation-et-restauration\/interventions-sur-des-oeuvres-picturales\/#primaryimage","url":"https:\/\/www.salvador-dali.org\/wp-content\/uploads\/2025\/03\/eric_satie__entrada_editora_77_8_1_800.jpg","contentUrl":"https:\/\/www.salvador-dali.org\/wp-content\/uploads\/2025\/03\/eric_satie__entrada_editora_77_8_1_800.jpg","width":800,"height":600,"caption":"Pendant le processus de retouche chromatique des petites pertes picturales"},{"@type":"BreadcrumbList","@id":"https:\/\/www.salvador-dali.org\/fr\/oeuvre\/conservation-et-restauration\/interventions-sur-des-oeuvres-picturales\/#breadcrumb","itemListElement":[{"@type":"ListItem","position":1,"name":"Inici","item":"https:\/\/www.salvador-dali.org\/fr\/"},{"@type":"ListItem","position":2,"name":"Interventions sur des \u0153uvres picturales"}]},{"@type":"WebSite","@id":"https:\/\/www.salvador-dali.org\/fr\/#website","url":"https:\/\/www.salvador-dali.org\/fr\/","name":"Fundaci\u00f3 Gala - Salvador Dal\u00ed","description":"","publisher":{"@id":"https:\/\/www.salvador-dali.org\/fr\/#organization"},"potentialAction":[{"@type":"SearchAction","target":{"@type":"EntryPoint","urlTemplate":"https:\/\/www.salvador-dali.org\/fr\/?s={search_term_string}"},"query-input":{"@type":"PropertyValueSpecification","valueRequired":true,"valueName":"search_term_string"}}],"inLanguage":"fr-FR"},{"@type":"Organization","@id":"https:\/\/www.salvador-dali.org\/fr\/#organization","name":"Fundaci\u00f3 Gala - Salvador Dal\u00ed","url":"https:\/\/www.salvador-dali.org\/fr\/","logo":{"@type":"ImageObject","inLanguage":"fr-FR","@id":"https:\/\/www.salvador-dali.org\/fr\/#\/schema\/logo\/image\/","url":"https:\/\/www.salvador-dali.org\/wp-content\/uploads\/2025\/04\/fundacio-gala-salvador-dali.png","contentUrl":"https:\/\/www.salvador-dali.org\/wp-content\/uploads\/2025\/04\/fundacio-gala-salvador-dali.png","width":240,"height":240,"caption":"Fundaci\u00f3 Gala - Salvador Dal\u00ed"},"image":{"@id":"https:\/\/www.salvador-dali.org\/fr\/#\/schema\/logo\/image\/"},"sameAs":["https:\/\/www.facebook.com\/MuseusDali","https:\/\/x.com\/MuseuDali","https:\/\/www.youtube.com\/user\/FundacioDali","https:\/\/www.flickr.com\/fundacio_dali\/","https:\/\/instagram.com\/museudali"]}]}},"_links":{"self":[{"href":"https:\/\/www.salvador-dali.org\/fr\/wp-json\/wp\/v2\/pages\/7638","targetHints":{"allow":["GET"]}}],"collection":[{"href":"https:\/\/www.salvador-dali.org\/fr\/wp-json\/wp\/v2\/pages"}],"about":[{"href":"https:\/\/www.salvador-dali.org\/fr\/wp-json\/wp\/v2\/types\/page"}],"author":[{"embeddable":true,"href":"https:\/\/www.salvador-dali.org\/fr\/wp-json\/wp\/v2\/users\/3"}],"replies":[{"embeddable":true,"href":"https:\/\/www.salvador-dali.org\/fr\/wp-json\/wp\/v2\/comments?post=7638"}],"version-history":[{"count":0,"href":"https:\/\/www.salvador-dali.org\/fr\/wp-json\/wp\/v2\/pages\/7638\/revisions"}],"up":[{"embeddable":true,"href":"https:\/\/www.salvador-dali.org\/fr\/wp-json\/wp\/v2\/pages\/7623"}],"wp:featuredmedia":[{"embeddable":true,"href":"https:\/\/www.salvador-dali.org\/fr\/wp-json\/wp\/v2\/media\/2098"}],"wp:attachment":[{"href":"https:\/\/www.salvador-dali.org\/fr\/wp-json\/wp\/v2\/media?parent=7638"}],"wp:term":[{"taxonomy":"category","embeddable":true,"href":"https:\/\/www.salvador-dali.org\/fr\/wp-json\/wp\/v2\/categories?post=7638"},{"taxonomy":"post_tag","embeddable":true,"href":"https:\/\/www.salvador-dali.org\/fr\/wp-json\/wp\/v2\/tags?post=7638"}],"curies":[{"name":"wp","href":"https:\/\/api.w.org\/{rel}","templated":true}]}}