{"id":7650,"date":"2025-03-12T14:51:08","date_gmt":"2025-03-12T12:51:08","guid":{"rendered":"https:\/\/www.salvador-dali.org\/obra\/conservacio-i-restauracio\/obres-que-viatgen\/"},"modified":"2025-06-29T21:18:11","modified_gmt":"2025-06-29T19:18:11","slug":"des-oeuvres-qui-voyagent","status":"publish","type":"page","link":"https:\/\/www.salvador-dali.org\/fr\/oeuvre\/conservation-et-restauration\/des-oeuvres-qui-voyagent\/","title":{"rendered":"Des \u0153uvres qui voyagent"},"content":{"rendered":"\n<div class=\"wp-block-columns global-column is-layout-flex wp-container-core-columns-is-layout-9d6595d7 wp-block-columns-is-layout-flex\">\n<div class=\"wp-block-column is-layout-flow wp-block-column-is-layout-flow\">\n<p class=\"entradeta\">Le D\u00e9partement est responsable des aspects li\u00e9s \u00e0 la conservation des \u0153uvres durant les pr\u00eats et les expositions, afin de minimiser les facteurs de risque inh\u00e9rents \u00e0 tout d\u00e9placement d\u2019\u0153uvres d\u2019art.<\/p>\n\n\n\n<p>Lors de la pr\u00e9paration des \u0153uvres pr\u00eat\u00e9es, plusieurs proc\u00e9dures sont mises en place afin de garantir les meilleures conditions de conservation. Avant qu\u2019une pi\u00e8ce ne soit c\u00e9d\u00e9e en pr\u00eat, son \u00e9tat de conservation est examin\u00e9 et \u00e9valu\u00e9. Une fois cette \u00e9tape valid\u00e9e, le processus de pr\u00e9paration est lanc\u00e9 au sein du D\u00e9partement de Conservation et Restauration, jusqu\u2019au moment de son d\u00e9part.<\/p>\n\n\n\n<p>Ce processus comprend la v\u00e9rification de l\u2019\u00e9tat de conservation, la r\u00e9daction de rapports de condition des \u0153uvres pr\u00eat\u00e9es \u2014 incluant une cartographie num\u00e9rique des alt\u00e9rations picturales \u2014, ainsi que l\u2019examen de l\u2019\u00e9tat du cadre qui prot\u00e8ge l\u2019\u0153uvre.<\/p>\n<\/div>\n<\/div>\n\n\n    <div  class=\"wp-block-columns swiper-column  intro intro-images bloc-destacats imatges\" style=\"background-image: linear-gradient(to right, white, white)\">\n        <div class=\"wp-block-column\">\n            <div id=\"swiper-69da1fb28c3b0\" class=\"swiper destacats dues\" >\n                <div class=\"swiper-wrapper\">\n\n                                            <div class=\"swiper-slide intro\">\n                            <span class=\"image-background\" style=\"background-image:url(https:\/\/www.salvador-dali.org\/wp-content\/uploads\/2025\/03\/03_CorreuMapfre-1024x768.jpg)\"><\/span>\n                            \n                        <\/div>\n                        <div class=\"swiper-slide\">\n                           <div class=\"descripcio\">\n                            <h2>La pr\u00e9vention comme priorit\u00e9<\/h2>\n                            <p>Pour garantir la s\u00e9curit\u00e9 et la bonne conservation des pi\u00e8ces sur le lieu de destination, un\u00b7e restaurateur\u00b7rice accompagne le transport en tant que courrier jusqu\u2019au lieu d\u2019exposition. Sa mission consiste \u00e0 superviser l\u2019arriv\u00e9e des \u0153uvres pr\u00eat\u00e9es, \u00e0 en v\u00e9rifier l\u2019\u00e9tat et \u00e0 s\u2019assurer de leur correcte installation dans l\u2019espace d\u2019exposition, que ce soit sur les murs ou dans les vitrines, afin que tout le processus se d\u00e9roule sans incident.<\/p>\n                            <\/div>\n\n                                                    <\/div>\n                    \n\n                    \n                        \n                        <div class=\"swiper-slide\">\n                                                            <figure>\n                                    <a data-fancybox=\"gallery-69da1fb28c3b0\" data-src=\"https:\/\/www.salvador-dali.org\/wp-content\/uploads\/2025\/03\/00_RevisioPrestecPompidou-scaled.jpg\" data-caption=\"Examen de l\u2019\u00e9tat de conservation et pr\u00e9paration du rapport sur les conditions de d\u00e9placement\">\n                                        <img decoding=\"async\" src=\"https:\/\/www.salvador-dali.org\/wp-content\/uploads\/2025\/03\/00_RevisioPrestecPompidou-1024x768.jpg\" alt=\"Examen de l\u2019\u00e9tat de conservation et pr\u00e9paration du rapport sur les conditions de d\u00e9placement\"> \n\t\t\t\t          \t\t\t<\/a>\n                                                                        <figcaption class=\"custom-caption\">Examen de l\u2019\u00e9tat de conservation et pr\u00e9paration du rapport sur les conditions de d\u00e9placement<\/figcaption>\n                                <\/figure>\n                                                    <\/div>\n\n                    \n                        \n                        <div class=\"swiper-slide\">\n                                                            <figure>\n                                    <a data-fancybox=\"gallery-69da1fb28c3b0\" data-src=\"https:\/\/www.salvador-dali.org\/wp-content\/uploads\/2025\/03\/2012_exporoma_36_c_523baixa_editora_77_11_4_800.jpg\" data-caption=\"Pendant la dur\u00e9e du pr\u00eat, les gravures voyagent dans des bo\u00eetes sp\u00e9ciales\">\n                                        <img decoding=\"async\" src=\"https:\/\/www.salvador-dali.org\/wp-content\/uploads\/2025\/03\/2012_exporoma_36_c_523baixa_editora_77_11_4_800-678x1024.jpg\" alt=\"Pendant la dur\u00e9e du pr\u00eat, les gravures voyagent dans des bo\u00eetes sp\u00e9ciales\"> \n\t\t\t\t          \t\t\t<\/a>\n                                                                        <figcaption class=\"custom-caption\">Pendant la dur\u00e9e du pr\u00eat, les gravures voyagent dans des bo\u00eetes sp\u00e9ciales<\/figcaption>\n                                <\/figure>\n                                                    <\/div>\n\n                    \n                        \n                        <div class=\"swiper-slide\">\n                                                            <figure>\n                                    <a data-fancybox=\"gallery-69da1fb28c3b0\" data-src=\"https:\/\/www.salvador-dali.org\/wp-content\/uploads\/2025\/03\/img_1951baixa_editora_77_11_5_800.jpg\" data-caption=\"Mail supervise l\u2019installation de la r\u00e9trospective Buste de femme \u00e0 Rome\">\n                                        <img decoding=\"async\" src=\"https:\/\/www.salvador-dali.org\/wp-content\/uploads\/2025\/03\/img_1951baixa_editora_77_11_5_800.jpg\" alt=\"Mail supervise l\u2019installation de la r\u00e9trospective Buste de femme \u00e0 Rome\"> \n\t\t\t\t          \t\t\t<\/a>\n                                                                        <figcaption class=\"custom-caption\">Mail supervise l\u2019installation de la r\u00e9trospective Buste de femme \u00e0 Rome<\/figcaption>\n                                <\/figure>\n                                                    <\/div>\n\n                    \n                        \n                        <div class=\"swiper-slide\">\n                                                            <figure>\n                                    <a data-fancybox=\"gallery-69da1fb28c3b0\" data-src=\"https:\/\/www.salvador-dali.org\/wp-content\/uploads\/2025\/03\/img_8005baixa_editora_77_11_6_800.jpg\" data-caption=\"Le courrier v\u00e9rifie l\u2019\u00e9tat de la peinture avec le rapport de voyage.\">\n                                        <img decoding=\"async\" src=\"https:\/\/www.salvador-dali.org\/wp-content\/uploads\/2025\/03\/img_8005baixa_editora_77_11_6_800.jpg\" alt=\"Le courrier v\u00e9rifie l\u2019\u00e9tat de la peinture avec le rapport de voyage.\"> \n\t\t\t\t          \t\t\t<\/a>\n                                                                        <figcaption class=\"custom-caption\">Le courrier v\u00e9rifie l\u2019\u00e9tat de la peinture avec le rapport de voyage.<\/figcaption>\n                                <\/figure>\n                                                    <\/div>\n\n                    \n                        \n                        <div class=\"swiper-slide\">\n                                                            <figure>\n                                    <a data-fancybox=\"gallery-69da1fb28c3b0\" data-src=\"https:\/\/www.salvador-dali.org\/wp-content\/uploads\/2025\/03\/img_5036_editora_77_11_1_800.jpg\" data-caption=\"Avant le pr\u00eat, des am\u00e9liorations sont apport\u00e9es aux cadres.\">\n                                        <img decoding=\"async\" src=\"https:\/\/www.salvador-dali.org\/wp-content\/uploads\/2025\/03\/img_5036_editora_77_11_1_800.jpg\" alt=\"Avant le pr\u00eat, des am\u00e9liorations sont apport\u00e9es aux cadres.\"> \n\t\t\t\t          \t\t\t<\/a>\n                                                                        <figcaption class=\"custom-caption\">Avant le pr\u00eat, des am\u00e9liorations sont apport\u00e9es aux cadres.<\/figcaption>\n                                <\/figure>\n                                                    <\/div>\n\n                                    <\/div>\n                <!-- Swiper navigation buttons -->\n                <div class=\"swiper-button-prev\">\n                    <span class=\"screen-reader-text\">Diapositive pr\u00e9c\u00e9dente<\/span>\n                <\/div>\n                <div class=\"swiper-button-next\">\n                    <span class=\"screen-reader-text\">Diapositiva seg\u00fcent<\/span>\n                <\/div>\n            <\/div>\n        <\/div>\n    <\/div>\n\n\n\n<!-- Swiper JS -->\n<script src=\"https:\/\/cdn.jsdelivr.net\/npm\/swiper@11\/swiper-bundle.min.js\"><\/script>\n\n<!-- Initialize Swiper -->\n<script>\n\njQuery( document ).ready(function() {      \n\n    Tipus = 'intro-images';\n\n    updateSpaceBetween();\n    spaceBetweenInicial = 60;\n    \n    if (Tipus=='intro-images' ) {\n    \/\/    spaceBetweenValueModul = 0;\n    }\n\n\n\n    console.log(\"spaceBetweenValueModul\",spaceBetweenValueModul);\n\n    var swiper = new Swiper(\"#swiper-69da1fb28c3b0\", {\n      slidesPerView: \"auto\",\n      spaceBetween: spaceBetweenInicial,\n      \tfreeMode: true,\n\t  \tbreakpoints: {\n\t        \/\/ Quan l'amplada de la pantalla sigui major a 1024px\n\t        1024: {\n\t            spaceBetween: spaceBetweenValue,\n\t        },\n\t    },\n        \/\/ Navigation arrows\n        navigation: {\n            nextEl: '.swiper-button-next',\n            prevEl: '.swiper-button-prev',\n        },\n        mousewheel: {\n            releaseOnEdges: true,\n            forceToAxis: true,\n            sensitivity:    1,\n        },\n        a11y: {\n            prevSlideMessage: 'Diapositive pr\u00e9c\u00e9dente',\n            nextSlideMessage: 'Diapositiva seg\u00fcent',\n        },\n    });\n\n\n \n\n\n    \/*\n    jQuery('.bloc-destacats').each(function() {\n        const nextDiv = jQuery(this).next('div');\n        if (nextDiv.hasClass('contingut-ampliat')) {\n            console.log('T\u00e9 .contingut-ampliat despr\u00e9s');\n            \/\/ Aqu\u00ed pots fer accions, per exemple:\n            \/\/ $nextDiv.addClass('marcat'); o $(this).append($nextDiv);\n        }\n    });\n    *\/\n})\n<\/script>\n\n","protected":false},"excerpt":{"rendered":"<p>Le D\u00e9partement est responsable des aspects li\u00e9s \u00e0 la conservation des \u0153uvres durant les pr\u00eats et les expositions, afin de minimiser les facteurs de risque inh\u00e9rents \u00e0 tout d\u00e9placement d\u2019\u0153uvres d\u2019art. Lors de la pr\u00e9paration des \u0153uvres pr\u00eat\u00e9es, plusieurs proc\u00e9dures sont mises en place afin de garantir les meilleures conditions de conservation. Avant qu\u2019une pi\u00e8ce [&hellip;]<\/p>\n","protected":false},"author":3,"featured_media":2360,"parent":7623,"menu_order":8,"comment_status":"closed","ping_status":"closed","template":"","meta":{"_acf_changed":false,"_coblocks_attr":"","_coblocks_dimensions":"","_coblocks_responsive_height":"","_coblocks_accordion_ie_support":"","footnotes":""},"categories":[],"tags":[],"class_list":["post-7650","page","type-page","status-publish","has-post-thumbnail","hentry"],"acf":[],"yoast_head":"<!-- This site is optimized with the Yoast SEO plugin v27.3 - https:\/\/yoast.com\/product\/yoast-seo-wordpress\/ -->\n<title>Des \u0153uvres qui voyagent - Fundaci\u00f3 Gala - Salvador Dal\u00ed<\/title>\n<meta name=\"robots\" content=\"index, follow, max-snippet:-1, max-image-preview:large, max-video-preview:-1\" \/>\n<link rel=\"canonical\" href=\"https:\/\/www.salvador-dali.org\/fr\/oeuvre\/conservation-et-restauration\/des-oeuvres-qui-voyagent\/\" \/>\n<meta property=\"og:locale\" content=\"fr_FR\" \/>\n<meta property=\"og:type\" content=\"article\" \/>\n<meta property=\"og:title\" content=\"Des \u0153uvres qui voyagent - Fundaci\u00f3 Gala - Salvador Dal\u00ed\" \/>\n<meta property=\"og:description\" content=\"Le D\u00e9partement est responsable des aspects li\u00e9s \u00e0 la conservation des \u0153uvres durant les pr\u00eats et les expositions, afin de minimiser les facteurs de risque inh\u00e9rents \u00e0 tout d\u00e9placement d\u2019\u0153uvres d\u2019art. Lors de la pr\u00e9paration des \u0153uvres pr\u00eat\u00e9es, plusieurs proc\u00e9dures sont mises en place afin de garantir les meilleures conditions de conservation. Avant qu\u2019une pi\u00e8ce [&hellip;]\" \/>\n<meta property=\"og:url\" content=\"https:\/\/www.salvador-dali.org\/fr\/oeuvre\/conservation-et-restauration\/des-oeuvres-qui-voyagent\/\" \/>\n<meta property=\"og:site_name\" content=\"Fundaci\u00f3 Gala - Salvador Dal\u00ed\" \/>\n<meta property=\"article:publisher\" content=\"https:\/\/www.facebook.com\/MuseusDali\" \/>\n<meta property=\"article:modified_time\" content=\"2025-06-29T19:18:11+00:00\" \/>\n<meta property=\"og:image\" content=\"https:\/\/www.salvador-dali.org\/wp-content\/uploads\/2025\/03\/2012_exporoma_30_c_574baixa_editora_77_11_3_800.jpg\" \/>\n\t<meta property=\"og:image:width\" content=\"800\" \/>\n\t<meta property=\"og:image:height\" content=\"530\" \/>\n\t<meta property=\"og:image:type\" content=\"image\/jpeg\" \/>\n<meta name=\"twitter:card\" content=\"summary_large_image\" \/>\n<meta name=\"twitter:site\" content=\"@MuseuDali\" \/>\n<meta name=\"twitter:label1\" content=\"Dur\u00e9e de lecture estim\u00e9e\" \/>\n\t<meta name=\"twitter:data1\" content=\"1 minute\" \/>\n<script type=\"application\/ld+json\" class=\"yoast-schema-graph\">{\"@context\":\"https:\\\/\\\/schema.org\",\"@graph\":[{\"@type\":\"WebPage\",\"@id\":\"https:\\\/\\\/www.salvador-dali.org\\\/fr\\\/oeuvre\\\/conservation-et-restauration\\\/des-oeuvres-qui-voyagent\\\/\",\"url\":\"https:\\\/\\\/www.salvador-dali.org\\\/fr\\\/oeuvre\\\/conservation-et-restauration\\\/des-oeuvres-qui-voyagent\\\/\",\"name\":\"Des \u0153uvres qui voyagent - Fundaci\u00f3 Gala - Salvador Dal\u00ed\",\"isPartOf\":{\"@id\":\"https:\\\/\\\/www.salvador-dali.org\\\/fr\\\/#website\"},\"primaryImageOfPage\":{\"@id\":\"https:\\\/\\\/www.salvador-dali.org\\\/fr\\\/oeuvre\\\/conservation-et-restauration\\\/des-oeuvres-qui-voyagent\\\/#primaryimage\"},\"image\":{\"@id\":\"https:\\\/\\\/www.salvador-dali.org\\\/fr\\\/oeuvre\\\/conservation-et-restauration\\\/des-oeuvres-qui-voyagent\\\/#primaryimage\"},\"thumbnailUrl\":\"https:\\\/\\\/www.salvador-dali.org\\\/wp-content\\\/uploads\\\/2025\\\/03\\\/2012_exporoma_30_c_574baixa_editora_77_11_3_800.jpg\",\"datePublished\":\"2025-03-12T12:51:08+00:00\",\"dateModified\":\"2025-06-29T19:18:11+00:00\",\"breadcrumb\":{\"@id\":\"https:\\\/\\\/www.salvador-dali.org\\\/fr\\\/oeuvre\\\/conservation-et-restauration\\\/des-oeuvres-qui-voyagent\\\/#breadcrumb\"},\"inLanguage\":\"fr-FR\",\"potentialAction\":[{\"@type\":\"ReadAction\",\"target\":[\"https:\\\/\\\/www.salvador-dali.org\\\/fr\\\/oeuvre\\\/conservation-et-restauration\\\/des-oeuvres-qui-voyagent\\\/\"]}]},{\"@type\":\"ImageObject\",\"inLanguage\":\"fr-FR\",\"@id\":\"https:\\\/\\\/www.salvador-dali.org\\\/fr\\\/oeuvre\\\/conservation-et-restauration\\\/des-oeuvres-qui-voyagent\\\/#primaryimage\",\"url\":\"https:\\\/\\\/www.salvador-dali.org\\\/wp-content\\\/uploads\\\/2025\\\/03\\\/2012_exporoma_30_c_574baixa_editora_77_11_3_800.jpg\",\"contentUrl\":\"https:\\\/\\\/www.salvador-dali.org\\\/wp-content\\\/uploads\\\/2025\\\/03\\\/2012_exporoma_30_c_574baixa_editora_77_11_3_800.jpg\",\"width\":800,\"height\":530},{\"@type\":\"BreadcrumbList\",\"@id\":\"https:\\\/\\\/www.salvador-dali.org\\\/fr\\\/oeuvre\\\/conservation-et-restauration\\\/des-oeuvres-qui-voyagent\\\/#breadcrumb\",\"itemListElement\":[{\"@type\":\"ListItem\",\"position\":1,\"name\":\"Inici\",\"item\":\"https:\\\/\\\/www.salvador-dali.org\\\/fr\\\/\"},{\"@type\":\"ListItem\",\"position\":2,\"name\":\"Des \u0153uvres qui voyagent\"}]},{\"@type\":\"WebSite\",\"@id\":\"https:\\\/\\\/www.salvador-dali.org\\\/fr\\\/#website\",\"url\":\"https:\\\/\\\/www.salvador-dali.org\\\/fr\\\/\",\"name\":\"Fundaci\u00f3 Gala - Salvador Dal\u00ed\",\"description\":\"\",\"publisher\":{\"@id\":\"https:\\\/\\\/www.salvador-dali.org\\\/fr\\\/#organization\"},\"potentialAction\":[{\"@type\":\"SearchAction\",\"target\":{\"@type\":\"EntryPoint\",\"urlTemplate\":\"https:\\\/\\\/www.salvador-dali.org\\\/fr\\\/?s={search_term_string}\"},\"query-input\":{\"@type\":\"PropertyValueSpecification\",\"valueRequired\":true,\"valueName\":\"search_term_string\"}}],\"inLanguage\":\"fr-FR\"},{\"@type\":\"Organization\",\"@id\":\"https:\\\/\\\/www.salvador-dali.org\\\/fr\\\/#organization\",\"name\":\"Fundaci\u00f3 Gala - Salvador Dal\u00ed\",\"url\":\"https:\\\/\\\/www.salvador-dali.org\\\/fr\\\/\",\"logo\":{\"@type\":\"ImageObject\",\"inLanguage\":\"fr-FR\",\"@id\":\"https:\\\/\\\/www.salvador-dali.org\\\/fr\\\/#\\\/schema\\\/logo\\\/image\\\/\",\"url\":\"https:\\\/\\\/www.salvador-dali.org\\\/wp-content\\\/uploads\\\/2025\\\/04\\\/fundacio-gala-salvador-dali.png\",\"contentUrl\":\"https:\\\/\\\/www.salvador-dali.org\\\/wp-content\\\/uploads\\\/2025\\\/04\\\/fundacio-gala-salvador-dali.png\",\"width\":240,\"height\":240,\"caption\":\"Fundaci\u00f3 Gala - Salvador Dal\u00ed\"},\"image\":{\"@id\":\"https:\\\/\\\/www.salvador-dali.org\\\/fr\\\/#\\\/schema\\\/logo\\\/image\\\/\"},\"sameAs\":[\"https:\\\/\\\/www.facebook.com\\\/MuseusDali\",\"https:\\\/\\\/x.com\\\/MuseuDali\",\"https:\\\/\\\/www.youtube.com\\\/user\\\/FundacioDali\",\"https:\\\/\\\/www.flickr.com\\\/fundacio_dali\\\/\",\"https:\\\/\\\/instagram.com\\\/museudali\"]}]}<\/script>\n<!-- \/ Yoast SEO plugin. -->","yoast_head_json":{"title":"Des \u0153uvres qui voyagent - Fundaci\u00f3 Gala - Salvador Dal\u00ed","robots":{"index":"index","follow":"follow","max-snippet":"max-snippet:-1","max-image-preview":"max-image-preview:large","max-video-preview":"max-video-preview:-1"},"canonical":"https:\/\/www.salvador-dali.org\/fr\/oeuvre\/conservation-et-restauration\/des-oeuvres-qui-voyagent\/","og_locale":"fr_FR","og_type":"article","og_title":"Des \u0153uvres qui voyagent - Fundaci\u00f3 Gala - Salvador Dal\u00ed","og_description":"Le D\u00e9partement est responsable des aspects li\u00e9s \u00e0 la conservation des \u0153uvres durant les pr\u00eats et les expositions, afin de minimiser les facteurs de risque inh\u00e9rents \u00e0 tout d\u00e9placement d\u2019\u0153uvres d\u2019art. Lors de la pr\u00e9paration des \u0153uvres pr\u00eat\u00e9es, plusieurs proc\u00e9dures sont mises en place afin de garantir les meilleures conditions de conservation. Avant qu\u2019une pi\u00e8ce [&hellip;]","og_url":"https:\/\/www.salvador-dali.org\/fr\/oeuvre\/conservation-et-restauration\/des-oeuvres-qui-voyagent\/","og_site_name":"Fundaci\u00f3 Gala - Salvador Dal\u00ed","article_publisher":"https:\/\/www.facebook.com\/MuseusDali","article_modified_time":"2025-06-29T19:18:11+00:00","og_image":[{"width":800,"height":530,"url":"https:\/\/www.salvador-dali.org\/wp-content\/uploads\/2025\/03\/2012_exporoma_30_c_574baixa_editora_77_11_3_800.jpg","type":"image\/jpeg"}],"twitter_card":"summary_large_image","twitter_site":"@MuseuDali","twitter_misc":{"Dur\u00e9e de lecture estim\u00e9e":"1 minute"},"schema":{"@context":"https:\/\/schema.org","@graph":[{"@type":"WebPage","@id":"https:\/\/www.salvador-dali.org\/fr\/oeuvre\/conservation-et-restauration\/des-oeuvres-qui-voyagent\/","url":"https:\/\/www.salvador-dali.org\/fr\/oeuvre\/conservation-et-restauration\/des-oeuvres-qui-voyagent\/","name":"Des \u0153uvres qui voyagent - Fundaci\u00f3 Gala - Salvador Dal\u00ed","isPartOf":{"@id":"https:\/\/www.salvador-dali.org\/fr\/#website"},"primaryImageOfPage":{"@id":"https:\/\/www.salvador-dali.org\/fr\/oeuvre\/conservation-et-restauration\/des-oeuvres-qui-voyagent\/#primaryimage"},"image":{"@id":"https:\/\/www.salvador-dali.org\/fr\/oeuvre\/conservation-et-restauration\/des-oeuvres-qui-voyagent\/#primaryimage"},"thumbnailUrl":"https:\/\/www.salvador-dali.org\/wp-content\/uploads\/2025\/03\/2012_exporoma_30_c_574baixa_editora_77_11_3_800.jpg","datePublished":"2025-03-12T12:51:08+00:00","dateModified":"2025-06-29T19:18:11+00:00","breadcrumb":{"@id":"https:\/\/www.salvador-dali.org\/fr\/oeuvre\/conservation-et-restauration\/des-oeuvres-qui-voyagent\/#breadcrumb"},"inLanguage":"fr-FR","potentialAction":[{"@type":"ReadAction","target":["https:\/\/www.salvador-dali.org\/fr\/oeuvre\/conservation-et-restauration\/des-oeuvres-qui-voyagent\/"]}]},{"@type":"ImageObject","inLanguage":"fr-FR","@id":"https:\/\/www.salvador-dali.org\/fr\/oeuvre\/conservation-et-restauration\/des-oeuvres-qui-voyagent\/#primaryimage","url":"https:\/\/www.salvador-dali.org\/wp-content\/uploads\/2025\/03\/2012_exporoma_30_c_574baixa_editora_77_11_3_800.jpg","contentUrl":"https:\/\/www.salvador-dali.org\/wp-content\/uploads\/2025\/03\/2012_exporoma_30_c_574baixa_editora_77_11_3_800.jpg","width":800,"height":530},{"@type":"BreadcrumbList","@id":"https:\/\/www.salvador-dali.org\/fr\/oeuvre\/conservation-et-restauration\/des-oeuvres-qui-voyagent\/#breadcrumb","itemListElement":[{"@type":"ListItem","position":1,"name":"Inici","item":"https:\/\/www.salvador-dali.org\/fr\/"},{"@type":"ListItem","position":2,"name":"Des \u0153uvres qui voyagent"}]},{"@type":"WebSite","@id":"https:\/\/www.salvador-dali.org\/fr\/#website","url":"https:\/\/www.salvador-dali.org\/fr\/","name":"Fundaci\u00f3 Gala - Salvador Dal\u00ed","description":"","publisher":{"@id":"https:\/\/www.salvador-dali.org\/fr\/#organization"},"potentialAction":[{"@type":"SearchAction","target":{"@type":"EntryPoint","urlTemplate":"https:\/\/www.salvador-dali.org\/fr\/?s={search_term_string}"},"query-input":{"@type":"PropertyValueSpecification","valueRequired":true,"valueName":"search_term_string"}}],"inLanguage":"fr-FR"},{"@type":"Organization","@id":"https:\/\/www.salvador-dali.org\/fr\/#organization","name":"Fundaci\u00f3 Gala - Salvador Dal\u00ed","url":"https:\/\/www.salvador-dali.org\/fr\/","logo":{"@type":"ImageObject","inLanguage":"fr-FR","@id":"https:\/\/www.salvador-dali.org\/fr\/#\/schema\/logo\/image\/","url":"https:\/\/www.salvador-dali.org\/wp-content\/uploads\/2025\/04\/fundacio-gala-salvador-dali.png","contentUrl":"https:\/\/www.salvador-dali.org\/wp-content\/uploads\/2025\/04\/fundacio-gala-salvador-dali.png","width":240,"height":240,"caption":"Fundaci\u00f3 Gala - Salvador Dal\u00ed"},"image":{"@id":"https:\/\/www.salvador-dali.org\/fr\/#\/schema\/logo\/image\/"},"sameAs":["https:\/\/www.facebook.com\/MuseusDali","https:\/\/x.com\/MuseuDali","https:\/\/www.youtube.com\/user\/FundacioDali","https:\/\/www.flickr.com\/fundacio_dali\/","https:\/\/instagram.com\/museudali"]}]}},"_links":{"self":[{"href":"https:\/\/www.salvador-dali.org\/fr\/wp-json\/wp\/v2\/pages\/7650","targetHints":{"allow":["GET"]}}],"collection":[{"href":"https:\/\/www.salvador-dali.org\/fr\/wp-json\/wp\/v2\/pages"}],"about":[{"href":"https:\/\/www.salvador-dali.org\/fr\/wp-json\/wp\/v2\/types\/page"}],"author":[{"embeddable":true,"href":"https:\/\/www.salvador-dali.org\/fr\/wp-json\/wp\/v2\/users\/3"}],"replies":[{"embeddable":true,"href":"https:\/\/www.salvador-dali.org\/fr\/wp-json\/wp\/v2\/comments?post=7650"}],"version-history":[{"count":0,"href":"https:\/\/www.salvador-dali.org\/fr\/wp-json\/wp\/v2\/pages\/7650\/revisions"}],"up":[{"embeddable":true,"href":"https:\/\/www.salvador-dali.org\/fr\/wp-json\/wp\/v2\/pages\/7623"}],"wp:featuredmedia":[{"embeddable":true,"href":"https:\/\/www.salvador-dali.org\/fr\/wp-json\/wp\/v2\/media\/2360"}],"wp:attachment":[{"href":"https:\/\/www.salvador-dali.org\/fr\/wp-json\/wp\/v2\/media?parent=7650"}],"wp:term":[{"taxonomy":"category","embeddable":true,"href":"https:\/\/www.salvador-dali.org\/fr\/wp-json\/wp\/v2\/categories?post=7650"},{"taxonomy":"post_tag","embeddable":true,"href":"https:\/\/www.salvador-dali.org\/fr\/wp-json\/wp\/v2\/tags?post=7650"}],"curies":[{"name":"wp","href":"https:\/\/api.w.org\/{rel}","templated":true}]}}